{"id":1054,"date":"2020-11-02T18:58:28","date_gmt":"2020-11-02T11:58:28","guid":{"rendered":"https:\/\/cungtenhanoi.com\/?post_type=product&#038;p=1054"},"modified":"2020-11-02T18:58:28","modified_gmt":"2020-11-02T11:58:28","slug":"thuoc-ngam-decut-basha","status":"publish","type":"product","link":"https:\/\/cungtenhanoi.com\/?product=thuoc-ngam-decut-basha","title":{"rendered":"Th\u01b0\u1edbc ng\u1eafm Decut-Basha"},"content":{"rendered":"<p style=\"text-align: center;\">1 trong nh\u1eefng th\u01b0\u01a1ng hi\u1ec7u h\u00e0ng \u0111\u1ea7u v\u1ec1 ph\u1ee5 ki\u1ec7n<br \/>\nDecut Basha l\u00e0\u00a0 th\u01b0\u1edbc ng\u1eafm gi\u00e1 r\u1ebb, ph\u00f9 h\u1ee3p cho ng\u01b0\u1eddi m\u1edbi b\u1eaft \u0111\u1ea7u v\u1edbi recurve target<br \/>\nK\u00edch th\u01b0\u1edbc :\u00a0272.5*140*38.5mm<br \/>\nTr\u1ecdng l\u01b0\u1ee3ng : 230g<br \/>\nCh\u1ea5t li\u1ec7u: H\u1ee3p kim nh\u00f4m c\u1eaft CNC<img loading=\"lazy\" class=\"aligncenter size-full wp-image-1057\" src=\"https:\/\/cungtenhanoi.com\/wp-content\/uploads\/2020\/11\/TB2eU8Ed1ySBuNjy1zdXXXPxFXa_2476335107.jpg\" alt=\"\" width=\"750\" height=\"781\" srcset=\"https:\/\/cungtenhanoi.com\/wp-content\/uploads\/2020\/11\/TB2eU8Ed1ySBuNjy1zdXXXPxFXa_2476335107.jpg 750w, https:\/\/cungtenhanoi.com\/wp-content\/uploads\/2020\/11\/TB2eU8Ed1ySBuNjy1zdXXXPxFXa_2476335107-600x625.jpg 600w, https:\/\/cungtenhanoi.com\/wp-content\/uploads\/2020\/11\/TB2eU8Ed1ySBuNjy1zdXXXPxFXa_2476335107-64x67.jpg 64w\" sizes=\"(max-width: 750px) 100vw, 750px\" \/><br \/>\n<img loading=\"lazy\" class=\"aligncenter size-full wp-image-1055\" src=\"https:\/\/cungtenhanoi.com\/wp-content\/uploads\/2020\/11\/TB2.qRidYGYBuNjy0FoXXciBFXa_2476335107.jpg\" alt=\"\" width=\"750\" height=\"787\" srcset=\"https:\/\/cungtenhanoi.com\/wp-content\/uploads\/2020\/11\/TB2.qRidYGYBuNjy0FoXXciBFXa_2476335107.jpg 750w, https:\/\/cungtenhanoi.com\/wp-content\/uploads\/2020\/11\/TB2.qRidYGYBuNjy0FoXXciBFXa_2476335107-600x630.jpg 600w, https:\/\/cungtenhanoi.com\/wp-content\/uploads\/2020\/11\/TB2.qRidYGYBuNjy0FoXXciBFXa_2476335107-64x67.jpg 64w, https:\/\/cungtenhanoi.com\/wp-content\/uploads\/2020\/11\/TB2.qRidYGYBuNjy0FoXXciBFXa_2476335107-286x300.jpg 286w\" sizes=\"(max-width: 750px) 100vw, 750px\" \/> <img loading=\"lazy\" class=\"aligncenter size-full wp-image-1056\" src=\"https:\/\/cungtenhanoi.com\/wp-content\/uploads\/2020\/11\/TB2atJaaZyYBuNkSnfoXXcWgVXa_2476335107.jpg\" alt=\"\" width=\"749\" height=\"805\" srcset=\"https:\/\/cungtenhanoi.com\/wp-content\/uploads\/2020\/11\/TB2atJaaZyYBuNkSnfoXXcWgVXa_2476335107.jpg 749w, https:\/\/cungtenhanoi.com\/wp-content\/uploads\/2020\/11\/TB2atJaaZyYBuNkSnfoXXcWgVXa_2476335107-600x645.jpg 600w, https:\/\/cungtenhanoi.com\/wp-content\/uploads\/2020\/11\/TB2atJaaZyYBuNkSnfoXXcWgVXa_2476335107-64x69.jpg 64w\" sizes=\"(max-width: 749px) 100vw, 749px\" \/> <img loading=\"lazy\" class=\"aligncenter size-full wp-image-1059\" src=\"https:\/\/cungtenhanoi.com\/wp-content\/uploads\/2020\/11\/TB2Mak_aQomBKNjSZFqXXXtqVXa_2476335107.jpg\" alt=\"\" width=\"750\" height=\"764\" srcset=\"https:\/\/cungtenhanoi.com\/wp-content\/uploads\/2020\/11\/TB2Mak_aQomBKNjSZFqXXXtqVXa_2476335107.jpg 750w, https:\/\/cungtenhanoi.com\/wp-content\/uploads\/2020\/11\/TB2Mak_aQomBKNjSZFqXXXtqVXa_2476335107-600x611.jpg 600w, https:\/\/cungtenhanoi.com\/wp-content\/uploads\/2020\/11\/TB2Mak_aQomBKNjSZFqXXXtqVXa_2476335107-64x65.jpg 64w, https:\/\/cungtenhanoi.com\/wp-content\/uploads\/2020\/11\/TB2Mak_aQomBKNjSZFqXXXtqVXa_2476335107-295x300.jpg 295w, https:\/\/cungtenhanoi.com\/wp-content\/uploads\/2020\/11\/TB2Mak_aQomBKNjSZFqXXXtqVXa_2476335107-45x45.jpg 45w\" sizes=\"(max-width: 750px) 100vw, 750px\" \/> <img loading=\"lazy\" class=\"aligncenter size-full wp-image-1060\" src=\"https:\/\/cungtenhanoi.com\/wp-content\/uploads\/2020\/11\/TB2TnG5d9tYBeNjSspkXXbU8VXa_2476335107.jpg\" alt=\"\" width=\"750\" height=\"787\" srcset=\"https:\/\/cungtenhanoi.com\/wp-content\/uploads\/2020\/11\/TB2TnG5d9tYBeNjSspkXXbU8VXa_2476335107.jpg 750w, https:\/\/cungtenhanoi.com\/wp-content\/uploads\/2020\/11\/TB2TnG5d9tYBeNjSspkXXbU8VXa_2476335107-600x630.jpg 600w, https:\/\/cungtenhanoi.com\/wp-content\/uploads\/2020\/11\/TB2TnG5d9tYBeNjSspkXXbU8VXa_2476335107-64x67.jpg 64w, https:\/\/cungtenhanoi.com\/wp-content\/uploads\/2020\/11\/TB2TnG5d9tYBeNjSspkXXbU8VXa_2476335107-286x300.jpg 286w\" sizes=\"(max-width: 750px) 100vw, 750px\" \/><br \/>\n<img loading=\"lazy\" class=\"aligncenter size-full wp-image-1061\" src=\"https:\/\/cungtenhanoi.com\/wp-content\/uploads\/2020\/11\/TB2Dbtbd7KWBuNjy1zjXXcOypXa_2476335107.jpg\" alt=\"\" width=\"750\" height=\"797\" srcset=\"https:\/\/cungtenhanoi.com\/wp-content\/uploads\/2020\/11\/TB2Dbtbd7KWBuNjy1zjXXcOypXa_2476335107.jpg 750w, https:\/\/cungtenhanoi.com\/wp-content\/uploads\/2020\/11\/TB2Dbtbd7KWBuNjy1zjXXcOypXa_2476335107-600x638.jpg 600w, https:\/\/cungtenhanoi.com\/wp-content\/uploads\/2020\/11\/TB2Dbtbd7KWBuNjy1zjXXcOypXa_2476335107-64x68.jpg 64w, https:\/\/cungtenhanoi.com\/wp-content\/uploads\/2020\/11\/TB2Dbtbd7KWBuNjy1zjXXcOypXa_2476335107-282x300.jpg 282w\" sizes=\"(max-width: 750px) 100vw, 750px\" \/> <img loading=\"lazy\" class=\"aligncenter size-full wp-image-1062\" src=\"https:\/\/cungtenhanoi.com\/wp-content\/uploads\/2020\/11\/TB2Gbhwd1SSBuNjy0FlXXbBpVXa_2476335107-1.jpg\" alt=\"\" width=\"750\" height=\"757\" srcset=\"https:\/\/cungtenhanoi.com\/wp-content\/uploads\/2020\/11\/TB2Gbhwd1SSBuNjy0FlXXbBpVXa_2476335107-1.jpg 750w, https:\/\/cungtenhanoi.com\/wp-content\/uploads\/2020\/11\/TB2Gbhwd1SSBuNjy0FlXXbBpVXa_2476335107-1-100x100.jpg 100w, https:\/\/cungtenhanoi.com\/wp-content\/uploads\/2020\/11\/TB2Gbhwd1SSBuNjy0FlXXbBpVXa_2476335107-1-600x606.jpg 600w, https:\/\/cungtenhanoi.com\/wp-content\/uploads\/2020\/11\/TB2Gbhwd1SSBuNjy0FlXXbBpVXa_2476335107-1-64x65.jpg 64w, https:\/\/cungtenhanoi.com\/wp-content\/uploads\/2020\/11\/TB2Gbhwd1SSBuNjy0FlXXbBpVXa_2476335107-1-150x150.jpg 150w, https:\/\/cungtenhanoi.com\/wp-content\/uploads\/2020\/11\/TB2Gbhwd1SSBuNjy0FlXXbBpVXa_2476335107-1-297x300.jpg 297w, https:\/\/cungtenhanoi.com\/wp-content\/uploads\/2020\/11\/TB2Gbhwd1SSBuNjy0FlXXbBpVXa_2476335107-1-45x45.jpg 45w\" sizes=\"(max-width: 750px) 100vw, 750px\" \/> <img loading=\"lazy\" class=\"aligncenter size-full wp-image-1063\" src=\"https:\/\/cungtenhanoi.com\/wp-content\/uploads\/2020\/11\/TB2wIo_aQomBKNjSZFqXXXtqVXa_2476335107.jpg\" alt=\"\" width=\"750\" height=\"761\" srcset=\"https:\/\/cungtenhanoi.com\/wp-content\/uploads\/2020\/11\/TB2wIo_aQomBKNjSZFqXXXtqVXa_2476335107.jpg 750w, https:\/\/cungtenhanoi.com\/wp-content\/uploads\/2020\/11\/TB2wIo_aQomBKNjSZFqXXXtqVXa_2476335107-100x100.jpg 100w, https:\/\/cungtenhanoi.com\/wp-content\/uploads\/2020\/11\/TB2wIo_aQomBKNjSZFqXXXtqVXa_2476335107-600x609.jpg 600w, https:\/\/cungtenhanoi.com\/wp-content\/uploads\/2020\/11\/TB2wIo_aQomBKNjSZFqXXXtqVXa_2476335107-64x65.jpg 64w, https:\/\/cungtenhanoi.com\/wp-content\/uploads\/2020\/11\/TB2wIo_aQomBKNjSZFqXXXtqVXa_2476335107-296x300.jpg 296w, https:\/\/cungtenhanoi.com\/wp-content\/uploads\/2020\/11\/TB2wIo_aQomBKNjSZFqXXXtqVXa_2476335107-45x45.jpg 45w\" sizes=\"(max-width: 750px) 100vw, 750px\" \/> <img loading=\"lazy\" class=\"aligncenter size-full wp-image-1064\" src=\"https:\/\/cungtenhanoi.com\/wp-content\/uploads\/2020\/11\/TB27vg9aOMnBKNjSZFzXXc_qVXa_2476335107.jpg\" alt=\"\" width=\"750\" height=\"809\" srcset=\"https:\/\/cungtenhanoi.com\/wp-content\/uploads\/2020\/11\/TB27vg9aOMnBKNjSZFzXXc_qVXa_2476335107.jpg 750w, https:\/\/cungtenhanoi.com\/wp-content\/uploads\/2020\/11\/TB27vg9aOMnBKNjSZFzXXc_qVXa_2476335107-600x647.jpg 600w, https:\/\/cungtenhanoi.com\/wp-content\/uploads\/2020\/11\/TB27vg9aOMnBKNjSZFzXXc_qVXa_2476335107-64x69.jpg 64w, https:\/\/cungtenhanoi.com\/wp-content\/uploads\/2020\/11\/TB27vg9aOMnBKNjSZFzXXc_qVXa_2476335107-278x300.jpg 278w\" sizes=\"(max-width: 750px) 100vw, 750px\" \/><\/p>\n","protected":false},"excerpt":{"rendered":"<p>1 trong nh\u1eefng th\u01b0\u01a1ng hi\u1ec7u h\u00e0ng \u0111\u1ea7u v\u1ec1 ph\u1ee5 ki\u1ec7n Decut Basha l\u00e0\u00a0 th\u01b0\u1edbc ng\u1eafm gi\u00e1 r\u1ebb, ph\u00f9 h\u1ee3p cho ng\u01b0\u1eddi m\u1edbi b\u1eaft \u0111\u1ea7u v\u1edbi recurve target K\u00edch th\u01b0\u1edbc :\u00a0272.5*140*38.5mm Tr\u1ecdng l\u01b0\u1ee3ng : 230g Ch\u1ea5t li\u1ec7u: H\u1ee3p kim nh\u00f4m c\u1eaft CNC<\/p>\n","protected":false},"featured_media":1057,"comment_status":"open","ping_status":"closed","template":"","meta":[],"product_cat":[20],"product_tag":[94,168,197,72,223,225,224],"acf":[],"yoast_head":"<!-- This site is optimized with the Yoast SEO plugin v19.8 - https:\/\/yoast.com\/wordpress\/plugins\/seo\/ -->\n<title>Th\u01b0\u1edbc ng\u1eafm Decut-Basha - Cung T\u00ean H\u00e0 N\u1ed9i<\/title>\n<meta name=\"description\" content=\"mua cung t\u00ean th\u1ec3 thao, mua cung t\u00ean t\u1ea1i h\u00e0 n\u1ed9i, cung tr\u1ee3 l\u1ef1c, cung compound, cung t\u00ean ch\u00ednh h\u00e3ng, cung t\u00ean m\u1ea1nh,cung t\u00ean h\u00e0 n\u1ed9i, cung t\u00ean , mua cung t\u00ean S\u00e0i g\u00f2n , mua m\u0169i t\u00ean b\u1eafn cung , cung b\u1eafn bi s\u1eaft , cung t\u00ean mini\" \/>\n<meta name=\"robots\" content=\"index, follow, max-snippet:-1, max-image-preview:large, max-video-preview:-1\" \/>\n<link rel=\"canonical\" href=\"https:\/\/cungtenhanoi.com\/?product=thuoc-ngam-decut-basha\" \/>\n<meta property=\"og:locale\" content=\"vi_VN\" \/>\n<meta property=\"og:type\" content=\"article\" \/>\n<meta property=\"og:title\" content=\"Th\u01b0\u1edbc ng\u1eafm Decut-Basha - Cung T\u00ean H\u00e0 N\u1ed9i\" \/>\n<meta property=\"og:description\" content=\"mua cung t\u00ean th\u1ec3 thao, mua cung t\u00ean t\u1ea1i h\u00e0 n\u1ed9i, cung tr\u1ee3 l\u1ef1c, cung compound, cung t\u00ean ch\u00ednh h\u00e3ng, cung t\u00ean m\u1ea1nh,cung t\u00ean h\u00e0 n\u1ed9i, cung t\u00ean , mua cung t\u00ean S\u00e0i g\u00f2n , mua m\u0169i t\u00ean b\u1eafn cung , cung b\u1eafn bi s\u1eaft , cung t\u00ean mini\" \/>\n<meta property=\"og:url\" content=\"https:\/\/cungtenhanoi.com\/?product=thuoc-ngam-decut-basha\" \/>\n<meta property=\"og:site_name\" content=\"Cung T\u00ean H\u00e0 N\u1ed9i\" \/>\n<meta property=\"og:image\" content=\"https:\/\/cungtenhanoi.com\/wp-content\/uploads\/2020\/11\/TB2eU8Ed1ySBuNjy1zdXXXPxFXa_2476335107.jpg\" \/>\n\t<meta property=\"og:image:width\" content=\"750\" \/>\n\t<meta property=\"og:image:height\" content=\"781\" \/>\n\t<meta property=\"og:image:type\" content=\"image\/jpeg\" \/>\n<meta name=\"twitter:card\" content=\"summary_large_image\" \/>\n<script type=\"application\/ld+json\" class=\"yoast-schema-graph\">{\"@context\":\"https:\/\/schema.org\",\"@graph\":[{\"@type\":\"WebPage\",\"@id\":\"https:\/\/cungtenhanoi.com\/?product=thuoc-ngam-decut-basha\",\"url\":\"https:\/\/cungtenhanoi.com\/?product=thuoc-ngam-decut-basha\",\"name\":\"Th\u01b0\u1edbc ng\u1eafm Decut-Basha - Cung T\u00ean H\u00e0 N\u1ed9i\",\"isPartOf\":{\"@id\":\"https:\/\/cungtenhanoi.com\/#website\"},\"datePublished\":\"2020-11-02T11:58:28+00:00\",\"dateModified\":\"2020-11-02T11:58:28+00:00\",\"description\":\"mua cung t\u00ean th\u1ec3 thao, mua cung t\u00ean t\u1ea1i h\u00e0 n\u1ed9i, cung tr\u1ee3 l\u1ef1c, cung compound, cung t\u00ean ch\u00ednh h\u00e3ng, cung t\u00ean m\u1ea1nh,cung t\u00ean h\u00e0 n\u1ed9i, cung t\u00ean , mua cung t\u00ean S\u00e0i g\u00f2n , mua m\u0169i t\u00ean b\u1eafn cung , cung b\u1eafn bi s\u1eaft , cung t\u00ean mini\",\"breadcrumb\":{\"@id\":\"https:\/\/cungtenhanoi.com\/?product=thuoc-ngam-decut-basha#breadcrumb\"},\"inLanguage\":\"vi\",\"potentialAction\":[{\"@type\":\"ReadAction\",\"target\":[\"https:\/\/cungtenhanoi.com\/?product=thuoc-ngam-decut-basha\"]}]},{\"@type\":\"BreadcrumbList\",\"@id\":\"https:\/\/cungtenhanoi.com\/?product=thuoc-ngam-decut-basha#breadcrumb\",\"itemListElement\":[{\"@type\":\"ListItem\",\"position\":1,\"name\":\"Trang ch\u1ee7\",\"item\":\"https:\/\/cungtenhanoi.com\/\"},{\"@type\":\"ListItem\",\"position\":2,\"name\":\"Shop\",\"item\":\"https:\/\/cungtenhanoi.com\/?page_id=6\"},{\"@type\":\"ListItem\",\"position\":3,\"name\":\"Ph\u1ee5 ki\u1ec7n\",\"item\":\"https:\/\/cungtenhanoi.com\/danh-muc\/phu-kien\/\"},{\"@type\":\"ListItem\",\"position\":4,\"name\":\"Th\u01b0\u1edbc ng\u1eafm Decut-Basha\"}]},{\"@type\":\"WebSite\",\"@id\":\"https:\/\/cungtenhanoi.com\/#website\",\"url\":\"https:\/\/cungtenhanoi.com\/\",\"name\":\"Cung T\u00ean H\u00e0 N\u1ed9i\",\"description\":\"Cung c\u1ea5p c\u00e1c lo\u1ea1i cung t\u00ean th\u1ec3 thao s\u1ed1 1 Vi\u1ec7t Nam\",\"publisher\":{\"@id\":\"https:\/\/cungtenhanoi.com\/#organization\"},\"potentialAction\":[{\"@type\":\"SearchAction\",\"target\":{\"@type\":\"EntryPoint\",\"urlTemplate\":\"https:\/\/cungtenhanoi.com\/?s={search_term_string}\"},\"query-input\":\"required name=search_term_string\"}],\"inLanguage\":\"vi\"},{\"@type\":\"Organization\",\"@id\":\"https:\/\/cungtenhanoi.com\/#organization\",\"name\":\"Cung T\u00ean H\u00e0 N\u1ed9i\",\"url\":\"https:\/\/cungtenhanoi.com\/\",\"sameAs\":[],\"logo\":{\"@type\":\"ImageObject\",\"inLanguage\":\"vi\",\"@id\":\"https:\/\/cungtenhanoi.com\/#\/schema\/logo\/image\/\",\"url\":\"https:\/\/cungtenhanoi.com\/wp-content\/uploads\/2025\/05\/logo-den-trang.jpg\",\"contentUrl\":\"https:\/\/cungtenhanoi.com\/wp-content\/uploads\/2025\/05\/logo-den-trang.jpg\",\"width\":450,\"height\":450,\"caption\":\"Cung T\u00ean H\u00e0 N\u1ed9i\"},\"image\":{\"@id\":\"https:\/\/cungtenhanoi.com\/#\/schema\/logo\/image\/\"}}]}<\/script>\n<!-- \/ Yoast SEO plugin. -->","yoast_head_json":{"title":"Th\u01b0\u1edbc ng\u1eafm Decut-Basha - Cung T\u00ean H\u00e0 N\u1ed9i","description":"mua cung t\u00ean th\u1ec3 thao, mua cung t\u00ean t\u1ea1i h\u00e0 n\u1ed9i, cung tr\u1ee3 l\u1ef1c, cung compound, cung t\u00ean ch\u00ednh h\u00e3ng, cung t\u00ean m\u1ea1nh,cung t\u00ean h\u00e0 n\u1ed9i, cung t\u00ean , mua cung t\u00ean S\u00e0i g\u00f2n , mua m\u0169i t\u00ean b\u1eafn cung , cung b\u1eafn bi s\u1eaft , cung t\u00ean mini","robots":{"index":"index","follow":"follow","max-snippet":"max-snippet:-1","max-image-preview":"max-image-preview:large","max-video-preview":"max-video-preview:-1"},"canonical":"https:\/\/cungtenhanoi.com\/?product=thuoc-ngam-decut-basha","og_locale":"vi_VN","og_type":"article","og_title":"Th\u01b0\u1edbc ng\u1eafm Decut-Basha - Cung T\u00ean H\u00e0 N\u1ed9i","og_description":"mua cung t\u00ean th\u1ec3 thao, mua cung t\u00ean t\u1ea1i h\u00e0 n\u1ed9i, cung tr\u1ee3 l\u1ef1c, cung compound, cung t\u00ean ch\u00ednh h\u00e3ng, cung t\u00ean m\u1ea1nh,cung t\u00ean h\u00e0 n\u1ed9i, cung t\u00ean , mua cung t\u00ean S\u00e0i g\u00f2n , mua m\u0169i t\u00ean b\u1eafn cung , cung b\u1eafn bi s\u1eaft , cung t\u00ean mini","og_url":"https:\/\/cungtenhanoi.com\/?product=thuoc-ngam-decut-basha","og_site_name":"Cung T\u00ean H\u00e0 N\u1ed9i","og_image":[{"width":750,"height":781,"url":"https:\/\/cungtenhanoi.com\/wp-content\/uploads\/2020\/11\/TB2eU8Ed1ySBuNjy1zdXXXPxFXa_2476335107.jpg","type":"image\/jpeg"}],"twitter_card":"summary_large_image","schema":{"@context":"https:\/\/schema.org","@graph":[{"@type":"WebPage","@id":"https:\/\/cungtenhanoi.com\/?product=thuoc-ngam-decut-basha","url":"https:\/\/cungtenhanoi.com\/?product=thuoc-ngam-decut-basha","name":"Th\u01b0\u1edbc ng\u1eafm Decut-Basha - Cung T\u00ean H\u00e0 N\u1ed9i","isPartOf":{"@id":"https:\/\/cungtenhanoi.com\/#website"},"datePublished":"2020-11-02T11:58:28+00:00","dateModified":"2020-11-02T11:58:28+00:00","description":"mua cung t\u00ean th\u1ec3 thao, mua cung t\u00ean t\u1ea1i h\u00e0 n\u1ed9i, cung tr\u1ee3 l\u1ef1c, cung compound, cung t\u00ean ch\u00ednh h\u00e3ng, cung t\u00ean m\u1ea1nh,cung t\u00ean h\u00e0 n\u1ed9i, cung t\u00ean , mua cung t\u00ean S\u00e0i g\u00f2n , mua m\u0169i t\u00ean b\u1eafn cung , cung b\u1eafn bi s\u1eaft , cung t\u00ean mini","breadcrumb":{"@id":"https:\/\/cungtenhanoi.com\/?product=thuoc-ngam-decut-basha#breadcrumb"},"inLanguage":"vi","potentialAction":[{"@type":"ReadAction","target":["https:\/\/cungtenhanoi.com\/?product=thuoc-ngam-decut-basha"]}]},{"@type":"BreadcrumbList","@id":"https:\/\/cungtenhanoi.com\/?product=thuoc-ngam-decut-basha#breadcrumb","itemListElement":[{"@type":"ListItem","position":1,"name":"Trang ch\u1ee7","item":"https:\/\/cungtenhanoi.com\/"},{"@type":"ListItem","position":2,"name":"Shop","item":"https:\/\/cungtenhanoi.com\/?page_id=6"},{"@type":"ListItem","position":3,"name":"Ph\u1ee5 ki\u1ec7n","item":"https:\/\/cungtenhanoi.com\/danh-muc\/phu-kien\/"},{"@type":"ListItem","position":4,"name":"Th\u01b0\u1edbc ng\u1eafm Decut-Basha"}]},{"@type":"WebSite","@id":"https:\/\/cungtenhanoi.com\/#website","url":"https:\/\/cungtenhanoi.com\/","name":"Cung T\u00ean H\u00e0 N\u1ed9i","description":"Cung c\u1ea5p c\u00e1c lo\u1ea1i cung t\u00ean th\u1ec3 thao s\u1ed1 1 Vi\u1ec7t Nam","publisher":{"@id":"https:\/\/cungtenhanoi.com\/#organization"},"potentialAction":[{"@type":"SearchAction","target":{"@type":"EntryPoint","urlTemplate":"https:\/\/cungtenhanoi.com\/?s={search_term_string}"},"query-input":"required name=search_term_string"}],"inLanguage":"vi"},{"@type":"Organization","@id":"https:\/\/cungtenhanoi.com\/#organization","name":"Cung T\u00ean H\u00e0 N\u1ed9i","url":"https:\/\/cungtenhanoi.com\/","sameAs":[],"logo":{"@type":"ImageObject","inLanguage":"vi","@id":"https:\/\/cungtenhanoi.com\/#\/schema\/logo\/image\/","url":"https:\/\/cungtenhanoi.com\/wp-content\/uploads\/2025\/05\/logo-den-trang.jpg","contentUrl":"https:\/\/cungtenhanoi.com\/wp-content\/uploads\/2025\/05\/logo-den-trang.jpg","width":450,"height":450,"caption":"Cung T\u00ean H\u00e0 N\u1ed9i"},"image":{"@id":"https:\/\/cungtenhanoi.com\/#\/schema\/logo\/image\/"}}]}},"_links":{"self":[{"href":"https:\/\/cungtenhanoi.com\/index.php?rest_route=\/wp\/v2\/product\/1054"}],"collection":[{"href":"https:\/\/cungtenhanoi.com\/index.php?rest_route=\/wp\/v2\/product"}],"about":[{"href":"https:\/\/cungtenhanoi.com\/index.php?rest_route=\/wp\/v2\/types\/product"}],"replies":[{"embeddable":true,"href":"https:\/\/cungtenhanoi.com\/index.php?rest_route=%2Fwp%2Fv2%2Fcomments&post=1054"}],"wp:featuredmedia":[{"embeddable":true,"href":"https:\/\/cungtenhanoi.com\/index.php?rest_route=\/wp\/v2\/media\/1057"}],"wp:attachment":[{"href":"https:\/\/cungtenhanoi.com\/index.php?rest_route=%2Fwp%2Fv2%2Fmedia&parent=1054"}],"wp:term":[{"taxonomy":"product_cat","embeddable":true,"href":"https:\/\/cungtenhanoi.com\/index.php?rest_route=%2Fwp%2Fv2%2Fproduct_cat&post=1054"},{"taxonomy":"product_tag","embeddable":true,"href":"https:\/\/cungtenhanoi.com\/index.php?rest_route=%2Fwp%2Fv2%2Fproduct_tag&post=1054"}],"curies":[{"name":"wp","href":"https:\/\/api.w.org\/{rel}","templated":true}]}}