{"id":1065,"date":"2020-11-02T19:07:30","date_gmt":"2020-11-02T12:07:30","guid":{"rendered":"https:\/\/cungtenhanoi.com\/?post_type=product&#038;p=1065"},"modified":"2020-11-02T19:08:48","modified_gmt":"2020-11-02T12:08:48","slug":"thuoc-ngam-decut-dc-re","status":"publish","type":"product","link":"https:\/\/cungtenhanoi.com\/?product=thuoc-ngam-decut-dc-re","title":{"rendered":"Th\u01b0\u1edbc ng\u1eafm Decut DC-RE"},"content":{"rendered":"<p style=\"text-align: center;\">1 trong nh\u1eefng th\u01b0\u01a1ng hi\u1ec7u h\u00e0ng \u0111\u1ea7u v\u1ec1 ph\u1ee5 ki\u1ec7n<br \/>\nDecut DC-RE l\u00e0\u00a0 th\u01b0\u1edbc ng\u1eafm gi\u00e1 r\u1ebb, ch\u1ea5t l\u01b0\u1ee3ng cao ph\u00f9 h\u1ee3p cho ng\u01b0\u1eddi m\u1edbi b\u1eaft \u0111\u1ea7u v\u1edbi recurve target<br \/>\nK\u00edch th\u01b0\u1edbc : 310*158*76.5mm<br \/>\nTr\u1ecdng l\u01b0\u1ee3ng : 276g<br \/>\nCh\u1ea5t li\u1ec7u: H\u1ee3p kim nh\u00f4m c\u1eaft CNC<br \/>\n<img loading=\"lazy\" class=\"aligncenter size-full wp-image-1067\" src=\"https:\/\/cungtenhanoi.com\/wp-content\/uploads\/2020\/11\/TB2EaPsB9tYBeNjSspkXXbU8VXa_2477928602.jpg\" alt=\"\" width=\"750\" height=\"612\" srcset=\"https:\/\/cungtenhanoi.com\/wp-content\/uploads\/2020\/11\/TB2EaPsB9tYBeNjSspkXXbU8VXa_2477928602.jpg 750w, https:\/\/cungtenhanoi.com\/wp-content\/uploads\/2020\/11\/TB2EaPsB9tYBeNjSspkXXbU8VXa_2477928602-600x490.jpg 600w, https:\/\/cungtenhanoi.com\/wp-content\/uploads\/2020\/11\/TB2EaPsB9tYBeNjSspkXXbU8VXa_2477928602-64x52.jpg 64w\" sizes=\"(max-width: 750px) 100vw, 750px\" \/> <img loading=\"lazy\" class=\"aligncenter size-full wp-image-1068\" src=\"https:\/\/cungtenhanoi.com\/wp-content\/uploads\/2020\/11\/TB2giwjj8smBKNjSZFsXXaXSVXa_2477928602.jpg\" alt=\"\" width=\"750\" height=\"500\" srcset=\"https:\/\/cungtenhanoi.com\/wp-content\/uploads\/2020\/11\/TB2giwjj8smBKNjSZFsXXaXSVXa_2477928602.jpg 750w, https:\/\/cungtenhanoi.com\/wp-content\/uploads\/2020\/11\/TB2giwjj8smBKNjSZFsXXaXSVXa_2477928602-600x400.jpg 600w, https:\/\/cungtenhanoi.com\/wp-content\/uploads\/2020\/11\/TB2giwjj8smBKNjSZFsXXaXSVXa_2477928602-64x43.jpg 64w, https:\/\/cungtenhanoi.com\/wp-content\/uploads\/2020\/11\/TB2giwjj8smBKNjSZFsXXaXSVXa_2477928602-300x200.jpg 300w\" sizes=\"(max-width: 750px) 100vw, 750px\" \/> <img loading=\"lazy\" class=\"aligncenter size-full wp-image-1069\" src=\"https:\/\/cungtenhanoi.com\/wp-content\/uploads\/2020\/11\/TB2MpoHj9cqBKNjSZFgXXX_kXXa_2477928602.jpg\" alt=\"\" width=\"750\" height=\"500\" srcset=\"https:\/\/cungtenhanoi.com\/wp-content\/uploads\/2020\/11\/TB2MpoHj9cqBKNjSZFgXXX_kXXa_2477928602.jpg 750w, https:\/\/cungtenhanoi.com\/wp-content\/uploads\/2020\/11\/TB2MpoHj9cqBKNjSZFgXXX_kXXa_2477928602-600x400.jpg 600w, https:\/\/cungtenhanoi.com\/wp-content\/uploads\/2020\/11\/TB2MpoHj9cqBKNjSZFgXXX_kXXa_2477928602-64x43.jpg 64w\" sizes=\"(max-width: 750px) 100vw, 750px\" \/>Ti\u1ec7n l\u1ee3i d\u1ec5 s\u1eed d\u1ee5ng<br \/>\n<img loading=\"lazy\" class=\"aligncenter size-full wp-image-1070\" src=\"https:\/\/cungtenhanoi.com\/wp-content\/uploads\/2020\/11\/TB2n0QatyCYBuNkSnaVXXcMsVXa_2477928602.jpg\" alt=\"\" width=\"750\" height=\"500\" srcset=\"https:\/\/cungtenhanoi.com\/wp-content\/uploads\/2020\/11\/TB2n0QatyCYBuNkSnaVXXcMsVXa_2477928602.jpg 750w, https:\/\/cungtenhanoi.com\/wp-content\/uploads\/2020\/11\/TB2n0QatyCYBuNkSnaVXXcMsVXa_2477928602-600x400.jpg 600w, https:\/\/cungtenhanoi.com\/wp-content\/uploads\/2020\/11\/TB2n0QatyCYBuNkSnaVXXcMsVXa_2477928602-64x43.jpg 64w, https:\/\/cungtenhanoi.com\/wp-content\/uploads\/2020\/11\/TB2n0QatyCYBuNkSnaVXXcMsVXa_2477928602-300x200.jpg 300w\" sizes=\"(max-width: 750px) 100vw, 750px\" \/> <img loading=\"lazy\" class=\"aligncenter size-full wp-image-1071\" src=\"https:\/\/cungtenhanoi.com\/wp-content\/uploads\/2020\/11\/TB2PKlmB1GSBuNjSspbXXciipXa_2477928602.jpg\" alt=\"\" width=\"750\" height=\"500\" srcset=\"https:\/\/cungtenhanoi.com\/wp-content\/uploads\/2020\/11\/TB2PKlmB1GSBuNjSspbXXciipXa_2477928602.jpg 750w, https:\/\/cungtenhanoi.com\/wp-content\/uploads\/2020\/11\/TB2PKlmB1GSBuNjSspbXXciipXa_2477928602-600x400.jpg 600w, https:\/\/cungtenhanoi.com\/wp-content\/uploads\/2020\/11\/TB2PKlmB1GSBuNjSspbXXciipXa_2477928602-64x43.jpg 64w, https:\/\/cungtenhanoi.com\/wp-content\/uploads\/2020\/11\/TB2PKlmB1GSBuNjSspbXXciipXa_2477928602-300x200.jpg 300w\" sizes=\"(max-width: 750px) 100vw, 750px\" \/> <img loading=\"lazy\" class=\"aligncenter size-full wp-image-1072\" src=\"https:\/\/cungtenhanoi.com\/wp-content\/uploads\/2020\/11\/TB2quioB1ySBuNjy1zdXXXPxFXa_2477928602.jpg\" alt=\"\" width=\"750\" height=\"500\" srcset=\"https:\/\/cungtenhanoi.com\/wp-content\/uploads\/2020\/11\/TB2quioB1ySBuNjy1zdXXXPxFXa_2477928602.jpg 750w, https:\/\/cungtenhanoi.com\/wp-content\/uploads\/2020\/11\/TB2quioB1ySBuNjy1zdXXXPxFXa_2477928602-600x400.jpg 600w, https:\/\/cungtenhanoi.com\/wp-content\/uploads\/2020\/11\/TB2quioB1ySBuNjy1zdXXXPxFXa_2477928602-64x43.jpg 64w, https:\/\/cungtenhanoi.com\/wp-content\/uploads\/2020\/11\/TB2quioB1ySBuNjy1zdXXXPxFXa_2477928602-300x200.jpg 300w\" sizes=\"(max-width: 750px) 100vw, 750px\" \/><br \/>\nD\u1ec5 d\u00e0ng ch\u1ec9nh ngang v\u1edbi ch\u1ec9 nh\u1eefng l\u1ea7n xoay\u00a0<img loading=\"lazy\" class=\"aligncenter size-full wp-image-1073\" src=\"https:\/\/cungtenhanoi.com\/wp-content\/uploads\/2020\/11\/TB25Vwnj7UmBKNjSZFOXXab2XXa_2477928602.jpg\" alt=\"\" width=\"750\" height=\"500\" srcset=\"https:\/\/cungtenhanoi.com\/wp-content\/uploads\/2020\/11\/TB25Vwnj7UmBKNjSZFOXXab2XXa_2477928602.jpg 750w, https:\/\/cungtenhanoi.com\/wp-content\/uploads\/2020\/11\/TB25Vwnj7UmBKNjSZFOXXab2XXa_2477928602-600x400.jpg 600w, https:\/\/cungtenhanoi.com\/wp-content\/uploads\/2020\/11\/TB25Vwnj7UmBKNjSZFOXXab2XXa_2477928602-64x43.jpg 64w, https:\/\/cungtenhanoi.com\/wp-content\/uploads\/2020\/11\/TB25Vwnj7UmBKNjSZFOXXab2XXa_2477928602-300x200.jpg 300w\" sizes=\"(max-width: 750px) 100vw, 750px\" \/> <img loading=\"lazy\" class=\"aligncenter size-full wp-image-1074\" src=\"https:\/\/cungtenhanoi.com\/wp-content\/uploads\/2020\/11\/TB27d8jB25TBuNjSspcXXbnGFXa_2477928602.jpg\" alt=\"\" width=\"750\" height=\"500\" srcset=\"https:\/\/cungtenhanoi.com\/wp-content\/uploads\/2020\/11\/TB27d8jB25TBuNjSspcXXbnGFXa_2477928602.jpg 750w, https:\/\/cungtenhanoi.com\/wp-content\/uploads\/2020\/11\/TB27d8jB25TBuNjSspcXXbnGFXa_2477928602-600x400.jpg 600w, https:\/\/cungtenhanoi.com\/wp-content\/uploads\/2020\/11\/TB27d8jB25TBuNjSspcXXbnGFXa_2477928602-64x43.jpg 64w, https:\/\/cungtenhanoi.com\/wp-content\/uploads\/2020\/11\/TB27d8jB25TBuNjSspcXXbnGFXa_2477928602-300x200.jpg 300w\" sizes=\"(max-width: 750px) 100vw, 750px\" \/> <img loading=\"lazy\" class=\"aligncenter size-full wp-image-1075\" src=\"https:\/\/cungtenhanoi.com\/wp-content\/uploads\/2020\/11\/TB26779BMmTBuNjy1XbXXaMrVXa_2477928602.jpg\" alt=\"\" width=\"750\" height=\"500\" srcset=\"https:\/\/cungtenhanoi.com\/wp-content\/uploads\/2020\/11\/TB26779BMmTBuNjy1XbXXaMrVXa_2477928602.jpg 750w, https:\/\/cungtenhanoi.com\/wp-content\/uploads\/2020\/11\/TB26779BMmTBuNjy1XbXXaMrVXa_2477928602-600x400.jpg 600w, https:\/\/cungtenhanoi.com\/wp-content\/uploads\/2020\/11\/TB26779BMmTBuNjy1XbXXaMrVXa_2477928602-64x43.jpg 64w, https:\/\/cungtenhanoi.com\/wp-content\/uploads\/2020\/11\/TB26779BMmTBuNjy1XbXXaMrVXa_2477928602-300x200.jpg 300w\" sizes=\"(max-width: 750px) 100vw, 750px\" \/>\u0110\u00e1nh d\u1ea5u \u0111\u01b0\u1ee3c v\u1ecb tr\u00ed nh\u1edb cho kho\u1ea3ng c\u00e1ch nh\u1ea5t \u0111\u1ecbnh<\/p>\n","protected":false},"excerpt":{"rendered":"<p>1 trong nh\u1eefng th\u01b0\u01a1ng hi\u1ec7u h\u00e0ng \u0111\u1ea7u v\u1ec1 ph\u1ee5 ki\u1ec7n Decut DC-RE l\u00e0\u00a0 th\u01b0\u1edbc ng\u1eafm gi\u00e1 r\u1ebb, ch\u1ea5t l\u01b0\u1ee3ng cao ph\u00f9 h\u1ee3p cho ng\u01b0\u1eddi m\u1edbi b\u1eaft \u0111\u1ea7u v\u1edbi recurve target K\u00edch th\u01b0\u1edbc : 310*158*76.5mm Tr\u1ecdng l\u01b0\u1ee3ng : 276g Ch\u1ea5t li\u1ec7u: H\u1ee3p kim nh\u00f4m c\u1eaft CNC Ti\u1ec7n l\u1ee3i d\u1ec5 s\u1eed d\u1ee5ng D\u1ec5 d\u00e0ng ch\u1ec9nh ngang v\u1edbi<\/p>\n","protected":false},"featured_media":1067,"comment_status":"open","ping_status":"closed","template":"","meta":[],"product_cat":[20],"product_tag":[200,94,168,197,226,72,225,224],"acf":[],"yoast_head":"<!-- This site is optimized with the Yoast SEO plugin v19.8 - https:\/\/yoast.com\/wordpress\/plugins\/seo\/ -->\n<title>Th\u01b0\u1edbc ng\u1eafm Decut DC-RE - Cung T\u00ean H\u00e0 N\u1ed9i<\/title>\n<meta name=\"description\" content=\"mua cung t\u00ean th\u1ec3 thao, mua cung t\u00ean t\u1ea1i h\u00e0 n\u1ed9i, cung tr\u1ee3 l\u1ef1c, cung compound, cung t\u00ean ch\u00ednh h\u00e3ng, cung t\u00ean m\u1ea1nh,cung t\u00ean h\u00e0 n\u1ed9i, cung t\u00ean , mua cung t\u00ean S\u00e0i g\u00f2n , mua m\u0169i t\u00ean b\u1eafn cung , cung b\u1eafn bi s\u1eaft , cung t\u00ean mini\" \/>\n<meta name=\"robots\" content=\"index, follow, max-snippet:-1, max-image-preview:large, max-video-preview:-1\" \/>\n<link rel=\"canonical\" href=\"https:\/\/cungtenhanoi.com\/?product=thuoc-ngam-decut-dc-re\" \/>\n<meta property=\"og:locale\" content=\"vi_VN\" \/>\n<meta property=\"og:type\" content=\"article\" \/>\n<meta property=\"og:title\" content=\"Th\u01b0\u1edbc ng\u1eafm Decut DC-RE - Cung T\u00ean H\u00e0 N\u1ed9i\" \/>\n<meta property=\"og:description\" content=\"mua cung t\u00ean th\u1ec3 thao, mua cung t\u00ean t\u1ea1i h\u00e0 n\u1ed9i, cung tr\u1ee3 l\u1ef1c, cung compound, cung t\u00ean ch\u00ednh h\u00e3ng, cung t\u00ean m\u1ea1nh,cung t\u00ean h\u00e0 n\u1ed9i, cung t\u00ean , mua cung t\u00ean S\u00e0i g\u00f2n , mua m\u0169i t\u00ean b\u1eafn cung , cung b\u1eafn bi s\u1eaft , cung t\u00ean mini\" \/>\n<meta property=\"og:url\" content=\"https:\/\/cungtenhanoi.com\/?product=thuoc-ngam-decut-dc-re\" \/>\n<meta property=\"og:site_name\" content=\"Cung T\u00ean H\u00e0 N\u1ed9i\" \/>\n<meta property=\"article:modified_time\" content=\"2020-11-02T12:08:48+00:00\" \/>\n<meta property=\"og:image\" content=\"https:\/\/cungtenhanoi.com\/wp-content\/uploads\/2020\/11\/TB2EaPsB9tYBeNjSspkXXbU8VXa_2477928602.jpg\" \/>\n\t<meta property=\"og:image:width\" content=\"750\" \/>\n\t<meta property=\"og:image:height\" content=\"612\" \/>\n\t<meta property=\"og:image:type\" content=\"image\/jpeg\" \/>\n<meta name=\"twitter:card\" content=\"summary_large_image\" \/>\n<meta name=\"twitter:label1\" content=\"\u01af\u1edbc t\u00ednh th\u1eddi gian \u0111\u1ecdc\" \/>\n\t<meta name=\"twitter:data1\" content=\"1 ph\u00fat\" \/>\n<script type=\"application\/ld+json\" class=\"yoast-schema-graph\">{\"@context\":\"https:\/\/schema.org\",\"@graph\":[{\"@type\":\"WebPage\",\"@id\":\"https:\/\/cungtenhanoi.com\/?product=thuoc-ngam-decut-dc-re\",\"url\":\"https:\/\/cungtenhanoi.com\/?product=thuoc-ngam-decut-dc-re\",\"name\":\"Th\u01b0\u1edbc ng\u1eafm Decut DC-RE - Cung T\u00ean H\u00e0 N\u1ed9i\",\"isPartOf\":{\"@id\":\"https:\/\/cungtenhanoi.com\/#website\"},\"datePublished\":\"2020-11-02T12:07:30+00:00\",\"dateModified\":\"2020-11-02T12:08:48+00:00\",\"description\":\"mua cung t\u00ean th\u1ec3 thao, mua cung t\u00ean t\u1ea1i h\u00e0 n\u1ed9i, cung tr\u1ee3 l\u1ef1c, cung compound, cung t\u00ean ch\u00ednh h\u00e3ng, cung t\u00ean m\u1ea1nh,cung t\u00ean h\u00e0 n\u1ed9i, cung t\u00ean , mua cung t\u00ean S\u00e0i g\u00f2n , mua m\u0169i t\u00ean b\u1eafn cung , cung b\u1eafn bi s\u1eaft , cung t\u00ean mini\",\"breadcrumb\":{\"@id\":\"https:\/\/cungtenhanoi.com\/?product=thuoc-ngam-decut-dc-re#breadcrumb\"},\"inLanguage\":\"vi\",\"potentialAction\":[{\"@type\":\"ReadAction\",\"target\":[\"https:\/\/cungtenhanoi.com\/?product=thuoc-ngam-decut-dc-re\"]}]},{\"@type\":\"BreadcrumbList\",\"@id\":\"https:\/\/cungtenhanoi.com\/?product=thuoc-ngam-decut-dc-re#breadcrumb\",\"itemListElement\":[{\"@type\":\"ListItem\",\"position\":1,\"name\":\"Trang ch\u1ee7\",\"item\":\"https:\/\/cungtenhanoi.com\/\"},{\"@type\":\"ListItem\",\"position\":2,\"name\":\"Shop\",\"item\":\"https:\/\/cungtenhanoi.com\/?page_id=6\"},{\"@type\":\"ListItem\",\"position\":3,\"name\":\"Ph\u1ee5 ki\u1ec7n\",\"item\":\"https:\/\/cungtenhanoi.com\/danh-muc\/phu-kien\/\"},{\"@type\":\"ListItem\",\"position\":4,\"name\":\"Th\u01b0\u1edbc ng\u1eafm Decut DC-RE\"}]},{\"@type\":\"WebSite\",\"@id\":\"https:\/\/cungtenhanoi.com\/#website\",\"url\":\"https:\/\/cungtenhanoi.com\/\",\"name\":\"Cung T\u00ean H\u00e0 N\u1ed9i\",\"description\":\"Cung c\u1ea5p c\u00e1c lo\u1ea1i cung t\u00ean th\u1ec3 thao s\u1ed1 1 Vi\u1ec7t Nam\",\"publisher\":{\"@id\":\"https:\/\/cungtenhanoi.com\/#organization\"},\"potentialAction\":[{\"@type\":\"SearchAction\",\"target\":{\"@type\":\"EntryPoint\",\"urlTemplate\":\"https:\/\/cungtenhanoi.com\/?s={search_term_string}\"},\"query-input\":\"required name=search_term_string\"}],\"inLanguage\":\"vi\"},{\"@type\":\"Organization\",\"@id\":\"https:\/\/cungtenhanoi.com\/#organization\",\"name\":\"Cung T\u00ean H\u00e0 N\u1ed9i\",\"url\":\"https:\/\/cungtenhanoi.com\/\",\"sameAs\":[],\"logo\":{\"@type\":\"ImageObject\",\"inLanguage\":\"vi\",\"@id\":\"https:\/\/cungtenhanoi.com\/#\/schema\/logo\/image\/\",\"url\":\"https:\/\/cungtenhanoi.com\/wp-content\/uploads\/2025\/05\/logo-den-trang.jpg\",\"contentUrl\":\"https:\/\/cungtenhanoi.com\/wp-content\/uploads\/2025\/05\/logo-den-trang.jpg\",\"width\":450,\"height\":450,\"caption\":\"Cung T\u00ean H\u00e0 N\u1ed9i\"},\"image\":{\"@id\":\"https:\/\/cungtenhanoi.com\/#\/schema\/logo\/image\/\"}}]}<\/script>\n<!-- \/ Yoast SEO plugin. -->","yoast_head_json":{"title":"Th\u01b0\u1edbc ng\u1eafm Decut DC-RE - Cung T\u00ean H\u00e0 N\u1ed9i","description":"mua cung t\u00ean th\u1ec3 thao, mua cung t\u00ean t\u1ea1i h\u00e0 n\u1ed9i, cung tr\u1ee3 l\u1ef1c, cung compound, cung t\u00ean ch\u00ednh h\u00e3ng, cung t\u00ean m\u1ea1nh,cung t\u00ean h\u00e0 n\u1ed9i, cung t\u00ean , mua cung t\u00ean S\u00e0i g\u00f2n , mua m\u0169i t\u00ean b\u1eafn cung , cung b\u1eafn bi s\u1eaft , cung t\u00ean mini","robots":{"index":"index","follow":"follow","max-snippet":"max-snippet:-1","max-image-preview":"max-image-preview:large","max-video-preview":"max-video-preview:-1"},"canonical":"https:\/\/cungtenhanoi.com\/?product=thuoc-ngam-decut-dc-re","og_locale":"vi_VN","og_type":"article","og_title":"Th\u01b0\u1edbc ng\u1eafm Decut DC-RE - Cung T\u00ean H\u00e0 N\u1ed9i","og_description":"mua cung t\u00ean th\u1ec3 thao, mua cung t\u00ean t\u1ea1i h\u00e0 n\u1ed9i, cung tr\u1ee3 l\u1ef1c, cung compound, cung t\u00ean ch\u00ednh h\u00e3ng, cung t\u00ean m\u1ea1nh,cung t\u00ean h\u00e0 n\u1ed9i, cung t\u00ean , mua cung t\u00ean S\u00e0i g\u00f2n , mua m\u0169i t\u00ean b\u1eafn cung , cung b\u1eafn bi s\u1eaft , cung t\u00ean mini","og_url":"https:\/\/cungtenhanoi.com\/?product=thuoc-ngam-decut-dc-re","og_site_name":"Cung T\u00ean H\u00e0 N\u1ed9i","article_modified_time":"2020-11-02T12:08:48+00:00","og_image":[{"width":750,"height":612,"url":"https:\/\/cungtenhanoi.com\/wp-content\/uploads\/2020\/11\/TB2EaPsB9tYBeNjSspkXXbU8VXa_2477928602.jpg","type":"image\/jpeg"}],"twitter_card":"summary_large_image","twitter_misc":{"\u01af\u1edbc t\u00ednh th\u1eddi gian \u0111\u1ecdc":"1 ph\u00fat"},"schema":{"@context":"https:\/\/schema.org","@graph":[{"@type":"WebPage","@id":"https:\/\/cungtenhanoi.com\/?product=thuoc-ngam-decut-dc-re","url":"https:\/\/cungtenhanoi.com\/?product=thuoc-ngam-decut-dc-re","name":"Th\u01b0\u1edbc ng\u1eafm Decut DC-RE - Cung T\u00ean H\u00e0 N\u1ed9i","isPartOf":{"@id":"https:\/\/cungtenhanoi.com\/#website"},"datePublished":"2020-11-02T12:07:30+00:00","dateModified":"2020-11-02T12:08:48+00:00","description":"mua cung t\u00ean th\u1ec3 thao, mua cung t\u00ean t\u1ea1i h\u00e0 n\u1ed9i, cung tr\u1ee3 l\u1ef1c, cung compound, cung t\u00ean ch\u00ednh h\u00e3ng, cung t\u00ean m\u1ea1nh,cung t\u00ean h\u00e0 n\u1ed9i, cung t\u00ean , mua cung t\u00ean S\u00e0i g\u00f2n , mua m\u0169i t\u00ean b\u1eafn cung , cung b\u1eafn bi s\u1eaft , cung t\u00ean mini","breadcrumb":{"@id":"https:\/\/cungtenhanoi.com\/?product=thuoc-ngam-decut-dc-re#breadcrumb"},"inLanguage":"vi","potentialAction":[{"@type":"ReadAction","target":["https:\/\/cungtenhanoi.com\/?product=thuoc-ngam-decut-dc-re"]}]},{"@type":"BreadcrumbList","@id":"https:\/\/cungtenhanoi.com\/?product=thuoc-ngam-decut-dc-re#breadcrumb","itemListElement":[{"@type":"ListItem","position":1,"name":"Trang ch\u1ee7","item":"https:\/\/cungtenhanoi.com\/"},{"@type":"ListItem","position":2,"name":"Shop","item":"https:\/\/cungtenhanoi.com\/?page_id=6"},{"@type":"ListItem","position":3,"name":"Ph\u1ee5 ki\u1ec7n","item":"https:\/\/cungtenhanoi.com\/danh-muc\/phu-kien\/"},{"@type":"ListItem","position":4,"name":"Th\u01b0\u1edbc ng\u1eafm Decut DC-RE"}]},{"@type":"WebSite","@id":"https:\/\/cungtenhanoi.com\/#website","url":"https:\/\/cungtenhanoi.com\/","name":"Cung T\u00ean H\u00e0 N\u1ed9i","description":"Cung c\u1ea5p c\u00e1c lo\u1ea1i cung t\u00ean th\u1ec3 thao s\u1ed1 1 Vi\u1ec7t Nam","publisher":{"@id":"https:\/\/cungtenhanoi.com\/#organization"},"potentialAction":[{"@type":"SearchAction","target":{"@type":"EntryPoint","urlTemplate":"https:\/\/cungtenhanoi.com\/?s={search_term_string}"},"query-input":"required name=search_term_string"}],"inLanguage":"vi"},{"@type":"Organization","@id":"https:\/\/cungtenhanoi.com\/#organization","name":"Cung T\u00ean H\u00e0 N\u1ed9i","url":"https:\/\/cungtenhanoi.com\/","sameAs":[],"logo":{"@type":"ImageObject","inLanguage":"vi","@id":"https:\/\/cungtenhanoi.com\/#\/schema\/logo\/image\/","url":"https:\/\/cungtenhanoi.com\/wp-content\/uploads\/2025\/05\/logo-den-trang.jpg","contentUrl":"https:\/\/cungtenhanoi.com\/wp-content\/uploads\/2025\/05\/logo-den-trang.jpg","width":450,"height":450,"caption":"Cung T\u00ean H\u00e0 N\u1ed9i"},"image":{"@id":"https:\/\/cungtenhanoi.com\/#\/schema\/logo\/image\/"}}]}},"_links":{"self":[{"href":"https:\/\/cungtenhanoi.com\/index.php?rest_route=\/wp\/v2\/product\/1065"}],"collection":[{"href":"https:\/\/cungtenhanoi.com\/index.php?rest_route=\/wp\/v2\/product"}],"about":[{"href":"https:\/\/cungtenhanoi.com\/index.php?rest_route=\/wp\/v2\/types\/product"}],"replies":[{"embeddable":true,"href":"https:\/\/cungtenhanoi.com\/index.php?rest_route=%2Fwp%2Fv2%2Fcomments&post=1065"}],"wp:featuredmedia":[{"embeddable":true,"href":"https:\/\/cungtenhanoi.com\/index.php?rest_route=\/wp\/v2\/media\/1067"}],"wp:attachment":[{"href":"https:\/\/cungtenhanoi.com\/index.php?rest_route=%2Fwp%2Fv2%2Fmedia&parent=1065"}],"wp:term":[{"taxonomy":"product_cat","embeddable":true,"href":"https:\/\/cungtenhanoi.com\/index.php?rest_route=%2Fwp%2Fv2%2Fproduct_cat&post=1065"},{"taxonomy":"product_tag","embeddable":true,"href":"https:\/\/cungtenhanoi.com\/index.php?rest_route=%2Fwp%2Fv2%2Fproduct_tag&post=1065"}],"curies":[{"name":"wp","href":"https:\/\/api.w.org\/{rel}","templated":true}]}}