{"id":1096,"date":"2020-12-08T13:29:55","date_gmt":"2020-12-08T06:29:55","guid":{"rendered":"https:\/\/cungtenhanoi.com\/?post_type=product&#038;p=1096"},"modified":"2024-04-26T15:44:22","modified_gmt":"2024-04-26T08:44:22","slug":"hoyt-invicta-40","status":"publish","type":"product","link":"https:\/\/cungtenhanoi.com\/?product=hoyt-invicta-40","title":{"rendered":"Hoyt Invicta 40 2020"},"content":{"rendered":"<p style=\"text-align: center;\">Gi\u00e1 mang t\u00ednh tham kh\u1ea3o t\u00f9y th\u1eddi \u0111i\u1ec3m kh\u00e1ch h\u00e0ng li\u00ean h\u1ec7 hotline 0911 682 663 \u0111\u1ec3 nh\u1eadn b\u00e1o gi\u00e1 ch\u00ednh x\u00e1c nh\u1ea5t<br \/>\n325 FPS (ATA)<br \/>\n40<span class=\"frac\">\u00bc<\/span>&#8221; Axle-to-Axle<br \/>\n7<span class=\"frac\">\u00bc<\/span>&#8221; Brace Height<br \/>\n4.9 lbs<br \/>\nCompound target top 1 world<br \/>\nThe all-new INVICTA signals a major advancement in compound competition bows. Built with our longest, most stable riser platform, our fastest, smoothest limb and cam combinations, an all-new, patent-pending modular grip system for customized grip angle and draw length adjustments, an adjustable cable guard bar, StealthShot, and dual-locking rest holes, the INVICTA is built to win. And, with nearly 50% less vibration and noise, victory never felt so good. Choose either 37 or 40 inch axle-to-axle with your choice of the all-new DCX cam or the tournament proven SVX cam. The all-new INVICTA. Like nothing you\u2019ve ever experienced before.<\/p>\n<p style=\"text-align: center;\"><img loading=\"lazy\" class=\"aligncenter size-full wp-image-1099\" src=\"https:\/\/cungtenhanoi.com\/wp-content\/uploads\/2020\/12\/O1CN01EhTC3Y1C326VHFX1l_1096200024.jpg\" alt=\"\" width=\"800\" height=\"400\" srcset=\"https:\/\/cungtenhanoi.com\/wp-content\/uploads\/2020\/12\/O1CN01EhTC3Y1C326VHFX1l_1096200024.jpg 800w, https:\/\/cungtenhanoi.com\/wp-content\/uploads\/2020\/12\/O1CN01EhTC3Y1C326VHFX1l_1096200024-600x300.jpg 600w, https:\/\/cungtenhanoi.com\/wp-content\/uploads\/2020\/12\/O1CN01EhTC3Y1C326VHFX1l_1096200024-64x32.jpg 64w\" sizes=\"(max-width: 800px) 100vw, 800px\" \/><br \/>\n<img loading=\"lazy\" class=\"aligncenter size-full wp-image-1108\" src=\"https:\/\/cungtenhanoi.com\/wp-content\/uploads\/2020\/12\/O1CN01VT57Ie1C326ShMzTP_1096200024.jpg\" alt=\"\" width=\"800\" height=\"800\" srcset=\"https:\/\/cungtenhanoi.com\/wp-content\/uploads\/2020\/12\/O1CN01VT57Ie1C326ShMzTP_1096200024.jpg 800w, https:\/\/cungtenhanoi.com\/wp-content\/uploads\/2020\/12\/O1CN01VT57Ie1C326ShMzTP_1096200024-300x300.jpg 300w, https:\/\/cungtenhanoi.com\/wp-content\/uploads\/2020\/12\/O1CN01VT57Ie1C326ShMzTP_1096200024-100x100.jpg 100w, https:\/\/cungtenhanoi.com\/wp-content\/uploads\/2020\/12\/O1CN01VT57Ie1C326ShMzTP_1096200024-600x600.jpg 600w, https:\/\/cungtenhanoi.com\/wp-content\/uploads\/2020\/12\/O1CN01VT57Ie1C326ShMzTP_1096200024-64x64.jpg 64w, https:\/\/cungtenhanoi.com\/wp-content\/uploads\/2020\/12\/O1CN01VT57Ie1C326ShMzTP_1096200024-150x150.jpg 150w, https:\/\/cungtenhanoi.com\/wp-content\/uploads\/2020\/12\/O1CN01VT57Ie1C326ShMzTP_1096200024-768x768.jpg 768w, https:\/\/cungtenhanoi.com\/wp-content\/uploads\/2020\/12\/O1CN01VT57Ie1C326ShMzTP_1096200024-180x180.jpg 180w, https:\/\/cungtenhanoi.com\/wp-content\/uploads\/2020\/12\/O1CN01VT57Ie1C326ShMzTP_1096200024-45x45.jpg 45w\" sizes=\"(max-width: 800px) 100vw, 800px\" \/>|<img loading=\"lazy\" class=\"aligncenter size-full wp-image-1109\" src=\"https:\/\/cungtenhanoi.com\/wp-content\/uploads\/2020\/12\/O1CN01A5WjbM1C326QFLVKo_1096200024.jpg\" alt=\"\" width=\"800\" height=\"800\" srcset=\"https:\/\/cungtenhanoi.com\/wp-content\/uploads\/2020\/12\/O1CN01A5WjbM1C326QFLVKo_1096200024.jpg 800w, https:\/\/cungtenhanoi.com\/wp-content\/uploads\/2020\/12\/O1CN01A5WjbM1C326QFLVKo_1096200024-300x300.jpg 300w, https:\/\/cungtenhanoi.com\/wp-content\/uploads\/2020\/12\/O1CN01A5WjbM1C326QFLVKo_1096200024-100x100.jpg 100w, https:\/\/cungtenhanoi.com\/wp-content\/uploads\/2020\/12\/O1CN01A5WjbM1C326QFLVKo_1096200024-600x600.jpg 600w, https:\/\/cungtenhanoi.com\/wp-content\/uploads\/2020\/12\/O1CN01A5WjbM1C326QFLVKo_1096200024-64x64.jpg 64w, https:\/\/cungtenhanoi.com\/wp-content\/uploads\/2020\/12\/O1CN01A5WjbM1C326QFLVKo_1096200024-150x150.jpg 150w, https:\/\/cungtenhanoi.com\/wp-content\/uploads\/2020\/12\/O1CN01A5WjbM1C326QFLVKo_1096200024-768x768.jpg 768w, https:\/\/cungtenhanoi.com\/wp-content\/uploads\/2020\/12\/O1CN01A5WjbM1C326QFLVKo_1096200024-180x180.jpg 180w, https:\/\/cungtenhanoi.com\/wp-content\/uploads\/2020\/12\/O1CN01A5WjbM1C326QFLVKo_1096200024-45x45.jpg 45w\" sizes=\"(max-width: 800px) 100vw, 800px\" \/><br \/>\n<img loading=\"lazy\" class=\"aligncenter size-full wp-image-1112\" src=\"https:\/\/cungtenhanoi.com\/wp-content\/uploads\/2020\/12\/O1CN01BZhiwA2DH41FbmaBV_252888583-2.jpg\" alt=\"\" width=\"1200\" height=\"900\" srcset=\"https:\/\/cungtenhanoi.com\/wp-content\/uploads\/2020\/12\/O1CN01BZhiwA2DH41FbmaBV_252888583-2.jpg 1200w, https:\/\/cungtenhanoi.com\/wp-content\/uploads\/2020\/12\/O1CN01BZhiwA2DH41FbmaBV_252888583-2-600x450.jpg 600w, https:\/\/cungtenhanoi.com\/wp-content\/uploads\/2020\/12\/O1CN01BZhiwA2DH41FbmaBV_252888583-2-64x48.jpg 64w, https:\/\/cungtenhanoi.com\/wp-content\/uploads\/2020\/12\/O1CN01BZhiwA2DH41FbmaBV_252888583-2-300x225.jpg 300w, https:\/\/cungtenhanoi.com\/wp-content\/uploads\/2020\/12\/O1CN01BZhiwA2DH41FbmaBV_252888583-2-768x576.jpg 768w, https:\/\/cungtenhanoi.com\/wp-content\/uploads\/2020\/12\/O1CN01BZhiwA2DH41FbmaBV_252888583-2-1024x768.jpg 1024w, https:\/\/cungtenhanoi.com\/wp-content\/uploads\/2020\/12\/O1CN01BZhiwA2DH41FbmaBV_252888583-2-480x360.jpg 480w\" sizes=\"(max-width: 1200px) 100vw, 1200px\" \/><img loading=\"lazy\" class=\"aligncenter size-full wp-image-1111\" src=\"https:\/\/cungtenhanoi.com\/wp-content\/uploads\/2020\/12\/O1CN01f9tT2m2DH413anXY0_252888583-2.jpg\" alt=\"\" width=\"745\" height=\"554\" srcset=\"https:\/\/cungtenhanoi.com\/wp-content\/uploads\/2020\/12\/O1CN01f9tT2m2DH413anXY0_252888583-2.jpg 745w, https:\/\/cungtenhanoi.com\/wp-content\/uploads\/2020\/12\/O1CN01f9tT2m2DH413anXY0_252888583-2-600x446.jpg 600w, https:\/\/cungtenhanoi.com\/wp-content\/uploads\/2020\/12\/O1CN01f9tT2m2DH413anXY0_252888583-2-64x48.jpg 64w, https:\/\/cungtenhanoi.com\/wp-content\/uploads\/2020\/12\/O1CN01f9tT2m2DH413anXY0_252888583-2-300x223.jpg 300w\" sizes=\"(max-width: 745px) 100vw, 745px\" \/><br \/>\n<img loading=\"lazy\" class=\"aligncenter size-full wp-image-1113\" src=\"https:\/\/cungtenhanoi.com\/wp-content\/uploads\/2020\/12\/O1CN019g95782DH41FlbU1k_252888583-1.jpg\" alt=\"\" width=\"892\" height=\"1130\" srcset=\"https:\/\/cungtenhanoi.com\/wp-content\/uploads\/2020\/12\/O1CN019g95782DH41FlbU1k_252888583-1.jpg 892w, https:\/\/cungtenhanoi.com\/wp-content\/uploads\/2020\/12\/O1CN019g95782DH41FlbU1k_252888583-1-600x760.jpg 600w, https:\/\/cungtenhanoi.com\/wp-content\/uploads\/2020\/12\/O1CN019g95782DH41FlbU1k_252888583-1-64x81.jpg 64w, https:\/\/cungtenhanoi.com\/wp-content\/uploads\/2020\/12\/O1CN019g95782DH41FlbU1k_252888583-1-237x300.jpg 237w, https:\/\/cungtenhanoi.com\/wp-content\/uploads\/2020\/12\/O1CN019g95782DH41FlbU1k_252888583-1-768x973.jpg 768w, https:\/\/cungtenhanoi.com\/wp-content\/uploads\/2020\/12\/O1CN019g95782DH41FlbU1k_252888583-1-808x1024.jpg 808w\" sizes=\"(max-width: 892px) 100vw, 892px\" \/><img loading=\"lazy\" class=\"aligncenter size-full wp-image-1114\" src=\"https:\/\/cungtenhanoi.com\/wp-content\/uploads\/2020\/12\/O1CN01iTZJPL2DH41Flb0vl_252888583-1.jpg\" alt=\"\" width=\"900\" height=\"1200\" srcset=\"https:\/\/cungtenhanoi.com\/wp-content\/uploads\/2020\/12\/O1CN01iTZJPL2DH41Flb0vl_252888583-1.jpg 900w, https:\/\/cungtenhanoi.com\/wp-content\/uploads\/2020\/12\/O1CN01iTZJPL2DH41Flb0vl_252888583-1-600x800.jpg 600w, https:\/\/cungtenhanoi.com\/wp-content\/uploads\/2020\/12\/O1CN01iTZJPL2DH41Flb0vl_252888583-1-64x85.jpg 64w, https:\/\/cungtenhanoi.com\/wp-content\/uploads\/2020\/12\/O1CN01iTZJPL2DH41Flb0vl_252888583-1-225x300.jpg 225w, https:\/\/cungtenhanoi.com\/wp-content\/uploads\/2020\/12\/O1CN01iTZJPL2DH41Flb0vl_252888583-1-768x1024.jpg 768w\" sizes=\"(max-width: 900px) 100vw, 900px\" \/><img loading=\"lazy\" class=\"aligncenter size-full wp-image-1115\" src=\"https:\/\/cungtenhanoi.com\/wp-content\/uploads\/2020\/12\/O1CN01f9tT2m2DH413anXY0_252888583-1.jpg\" alt=\"\" width=\"740\" height=\"996\" srcset=\"https:\/\/cungtenhanoi.com\/wp-content\/uploads\/2020\/12\/O1CN01f9tT2m2DH413anXY0_252888583-1.jpg 740w, https:\/\/cungtenhanoi.com\/wp-content\/uploads\/2020\/12\/O1CN01f9tT2m2DH413anXY0_252888583-1-600x808.jpg 600w, https:\/\/cungtenhanoi.com\/wp-content\/uploads\/2020\/12\/O1CN01f9tT2m2DH413anXY0_252888583-1-64x86.jpg 64w, https:\/\/cungtenhanoi.com\/wp-content\/uploads\/2020\/12\/O1CN01f9tT2m2DH413anXY0_252888583-1-223x300.jpg 223w\" sizes=\"(max-width: 740px) 100vw, 740px\" \/><img loading=\"lazy\" class=\"aligncenter size-full wp-image-1116\" src=\"https:\/\/cungtenhanoi.com\/wp-content\/uploads\/2020\/12\/O1CN01bSXfxQ2DH417r9h3Z_252888583-1.jpg\" alt=\"\" width=\"900\" height=\"1200\" srcset=\"https:\/\/cungtenhanoi.com\/wp-content\/uploads\/2020\/12\/O1CN01bSXfxQ2DH417r9h3Z_252888583-1.jpg 900w, https:\/\/cungtenhanoi.com\/wp-content\/uploads\/2020\/12\/O1CN01bSXfxQ2DH417r9h3Z_252888583-1-600x800.jpg 600w, https:\/\/cungtenhanoi.com\/wp-content\/uploads\/2020\/12\/O1CN01bSXfxQ2DH417r9h3Z_252888583-1-64x85.jpg 64w, https:\/\/cungtenhanoi.com\/wp-content\/uploads\/2020\/12\/O1CN01bSXfxQ2DH417r9h3Z_252888583-1-225x300.jpg 225w, https:\/\/cungtenhanoi.com\/wp-content\/uploads\/2020\/12\/O1CN01bSXfxQ2DH417r9h3Z_252888583-1-768x1024.jpg 768w\" sizes=\"(max-width: 900px) 100vw, 900px\" \/><img loading=\"lazy\" class=\"aligncenter size-full wp-image-1117\" src=\"https:\/\/cungtenhanoi.com\/wp-content\/uploads\/2020\/12\/O1CN01Vhxmoq2DH4102Z7cI_252888583-1-1.jpg\" alt=\"\" width=\"737\" height=\"971\" srcset=\"https:\/\/cungtenhanoi.com\/wp-content\/uploads\/2020\/12\/O1CN01Vhxmoq2DH4102Z7cI_252888583-1-1.jpg 737w, https:\/\/cungtenhanoi.com\/wp-content\/uploads\/2020\/12\/O1CN01Vhxmoq2DH4102Z7cI_252888583-1-1-600x791.jpg 600w, https:\/\/cungtenhanoi.com\/wp-content\/uploads\/2020\/12\/O1CN01Vhxmoq2DH4102Z7cI_252888583-1-1-64x84.jpg 64w, https:\/\/cungtenhanoi.com\/wp-content\/uploads\/2020\/12\/O1CN01Vhxmoq2DH4102Z7cI_252888583-1-1-228x300.jpg 228w\" sizes=\"(max-width: 737px) 100vw, 737px\" \/><\/p>\n<p style=\"text-align: center;\"><img loading=\"lazy\" class=\"aligncenter size-full wp-image-1105\" src=\"https:\/\/cungtenhanoi.com\/wp-content\/uploads\/2020\/12\/O1CN018G9P152DH416dutQA_252888583.jpg\" alt=\"\" width=\"1334\" height=\"1000\" srcset=\"https:\/\/cungtenhanoi.com\/wp-content\/uploads\/2020\/12\/O1CN018G9P152DH416dutQA_252888583.jpg 1334w, https:\/\/cungtenhanoi.com\/wp-content\/uploads\/2020\/12\/O1CN018G9P152DH416dutQA_252888583-600x450.jpg 600w, https:\/\/cungtenhanoi.com\/wp-content\/uploads\/2020\/12\/O1CN018G9P152DH416dutQA_252888583-64x48.jpg 64w, https:\/\/cungtenhanoi.com\/wp-content\/uploads\/2020\/12\/O1CN018G9P152DH416dutQA_252888583-300x225.jpg 300w, https:\/\/cungtenhanoi.com\/wp-content\/uploads\/2020\/12\/O1CN018G9P152DH416dutQA_252888583-768x576.jpg 768w, https:\/\/cungtenhanoi.com\/wp-content\/uploads\/2020\/12\/O1CN018G9P152DH416dutQA_252888583-1024x768.jpg 1024w, https:\/\/cungtenhanoi.com\/wp-content\/uploads\/2020\/12\/O1CN018G9P152DH416dutQA_252888583-480x360.jpg 480w\" sizes=\"(max-width: 1334px) 100vw, 1334px\" \/> <img loading=\"lazy\" class=\"aligncenter size-full wp-image-1104\" src=\"https:\/\/cungtenhanoi.com\/wp-content\/uploads\/2020\/12\/O1CN013sbBk82DH41AJcwT9_252888583.jpg\" alt=\"\" width=\"1334\" height=\"1000\" srcset=\"https:\/\/cungtenhanoi.com\/wp-content\/uploads\/2020\/12\/O1CN013sbBk82DH41AJcwT9_252888583.jpg 1334w, https:\/\/cungtenhanoi.com\/wp-content\/uploads\/2020\/12\/O1CN013sbBk82DH41AJcwT9_252888583-600x450.jpg 600w, https:\/\/cungtenhanoi.com\/wp-content\/uploads\/2020\/12\/O1CN013sbBk82DH41AJcwT9_252888583-64x48.jpg 64w, https:\/\/cungtenhanoi.com\/wp-content\/uploads\/2020\/12\/O1CN013sbBk82DH41AJcwT9_252888583-300x225.jpg 300w, https:\/\/cungtenhanoi.com\/wp-content\/uploads\/2020\/12\/O1CN013sbBk82DH41AJcwT9_252888583-768x576.jpg 768w, https:\/\/cungtenhanoi.com\/wp-content\/uploads\/2020\/12\/O1CN013sbBk82DH41AJcwT9_252888583-1024x768.jpg 1024w, https:\/\/cungtenhanoi.com\/wp-content\/uploads\/2020\/12\/O1CN013sbBk82DH41AJcwT9_252888583-480x360.jpg 480w\" sizes=\"(max-width: 1334px) 100vw, 1334px\" \/><\/p>\n","protected":false},"excerpt":{"rendered":"<p>Gi\u00e1 mang t\u00ednh tham kh\u1ea3o t\u00f9y th\u1eddi \u0111i\u1ec3m kh\u00e1ch h\u00e0ng li\u00ean h\u1ec7 hotline 0911 682 663 \u0111\u1ec3 nh\u1eadn b\u00e1o gi\u00e1 ch\u00ednh x\u00e1c nh\u1ea5t 325 FPS (ATA) 40\u00bc&#8221; Axle-to-Axle 7\u00bc&#8221; Brace Height 4.9 lbs Compound target top 1 world The all-new INVICTA signals a major advancement in compound competition bows. Built with our longest, most stable<\/p>\n","protected":false},"featured_media":1098,"comment_status":"open","ping_status":"closed","template":"","meta":[],"product_cat":[36,17],"product_tag":[200,235,94,168,197,40,234],"acf":[],"yoast_head":"<!-- This site is optimized with the Yoast SEO plugin v19.8 - https:\/\/yoast.com\/wordpress\/plugins\/seo\/ -->\n<title>Hoyt Invicta 40 2020 - Cung T\u00ean H\u00e0 N\u1ed9i<\/title>\n<meta name=\"description\" content=\"mua cung t\u00ean th\u1ec3 thao, mua cung t\u00ean t\u1ea1i h\u00e0 n\u1ed9i, cung tr\u1ee3 l\u1ef1c, cung compound, cung t\u00ean ch\u00ednh h\u00e3ng, cung t\u00ean m\u1ea1nh,cung t\u00ean h\u00e0 n\u1ed9i, cung t\u00ean , mua cung t\u00ean S\u00e0i g\u00f2n , mua m\u0169i t\u00ean b\u1eafn cung , cung b\u1eafn bi s\u1eaft , cung t\u00ean mini\" \/>\n<meta name=\"robots\" content=\"index, follow, max-snippet:-1, max-image-preview:large, max-video-preview:-1\" \/>\n<link rel=\"canonical\" href=\"https:\/\/cungtenhanoi.com\/?product=hoyt-invicta-40\" \/>\n<meta property=\"og:locale\" content=\"vi_VN\" \/>\n<meta property=\"og:type\" content=\"article\" \/>\n<meta property=\"og:title\" content=\"Hoyt Invicta 40 2020 - Cung T\u00ean H\u00e0 N\u1ed9i\" \/>\n<meta property=\"og:description\" content=\"mua cung t\u00ean th\u1ec3 thao, mua cung t\u00ean t\u1ea1i h\u00e0 n\u1ed9i, cung tr\u1ee3 l\u1ef1c, cung compound, cung t\u00ean ch\u00ednh h\u00e3ng, cung t\u00ean m\u1ea1nh,cung t\u00ean h\u00e0 n\u1ed9i, cung t\u00ean , mua cung t\u00ean S\u00e0i g\u00f2n , mua m\u0169i t\u00ean b\u1eafn cung , cung b\u1eafn bi s\u1eaft , cung t\u00ean mini\" \/>\n<meta property=\"og:url\" content=\"https:\/\/cungtenhanoi.com\/?product=hoyt-invicta-40\" \/>\n<meta property=\"og:site_name\" content=\"Cung T\u00ean H\u00e0 N\u1ed9i\" \/>\n<meta property=\"article:modified_time\" content=\"2024-04-26T08:44:22+00:00\" \/>\n<meta property=\"og:image\" content=\"https:\/\/cungtenhanoi.com\/wp-content\/uploads\/2020\/12\/O1CN01BZhiwA2DH41FbmaBV_252888583.jpg\" \/>\n\t<meta property=\"og:image:width\" content=\"1200\" \/>\n\t<meta property=\"og:image:height\" content=\"900\" \/>\n\t<meta property=\"og:image:type\" content=\"image\/jpeg\" \/>\n<meta name=\"twitter:card\" content=\"summary_large_image\" \/>\n<meta name=\"twitter:label1\" content=\"\u01af\u1edbc t\u00ednh th\u1eddi gian \u0111\u1ecdc\" \/>\n\t<meta name=\"twitter:data1\" content=\"4 ph\u00fat\" \/>\n<script type=\"application\/ld+json\" class=\"yoast-schema-graph\">{\"@context\":\"https:\/\/schema.org\",\"@graph\":[{\"@type\":\"WebPage\",\"@id\":\"https:\/\/cungtenhanoi.com\/?product=hoyt-invicta-40\",\"url\":\"https:\/\/cungtenhanoi.com\/?product=hoyt-invicta-40\",\"name\":\"Hoyt Invicta 40 2020 - Cung T\u00ean H\u00e0 N\u1ed9i\",\"isPartOf\":{\"@id\":\"https:\/\/cungtenhanoi.com\/#website\"},\"datePublished\":\"2020-12-08T06:29:55+00:00\",\"dateModified\":\"2024-04-26T08:44:22+00:00\",\"description\":\"mua cung t\u00ean th\u1ec3 thao, mua cung t\u00ean t\u1ea1i h\u00e0 n\u1ed9i, cung tr\u1ee3 l\u1ef1c, cung compound, cung t\u00ean ch\u00ednh h\u00e3ng, cung t\u00ean m\u1ea1nh,cung t\u00ean h\u00e0 n\u1ed9i, cung t\u00ean , mua cung t\u00ean S\u00e0i g\u00f2n , mua m\u0169i t\u00ean b\u1eafn cung , cung b\u1eafn bi s\u1eaft , cung t\u00ean mini\",\"breadcrumb\":{\"@id\":\"https:\/\/cungtenhanoi.com\/?product=hoyt-invicta-40#breadcrumb\"},\"inLanguage\":\"vi\",\"potentialAction\":[{\"@type\":\"ReadAction\",\"target\":[\"https:\/\/cungtenhanoi.com\/?product=hoyt-invicta-40\"]}]},{\"@type\":\"BreadcrumbList\",\"@id\":\"https:\/\/cungtenhanoi.com\/?product=hoyt-invicta-40#breadcrumb\",\"itemListElement\":[{\"@type\":\"ListItem\",\"position\":1,\"name\":\"Trang ch\u1ee7\",\"item\":\"https:\/\/cungtenhanoi.com\/\"},{\"@type\":\"ListItem\",\"position\":2,\"name\":\"Shop\",\"item\":\"https:\/\/cungtenhanoi.com\/?page_id=6\"},{\"@type\":\"ListItem\",\"position\":3,\"name\":\"Hoyt\",\"item\":\"https:\/\/cungtenhanoi.com\/danh-muc\/hoyt\/\"},{\"@type\":\"ListItem\",\"position\":4,\"name\":\"Hoyt Invicta 40 2020\"}]},{\"@type\":\"WebSite\",\"@id\":\"https:\/\/cungtenhanoi.com\/#website\",\"url\":\"https:\/\/cungtenhanoi.com\/\",\"name\":\"Cung T\u00ean H\u00e0 N\u1ed9i\",\"description\":\"Cung c\u1ea5p c\u00e1c lo\u1ea1i cung t\u00ean th\u1ec3 thao s\u1ed1 1 Vi\u1ec7t Nam\",\"publisher\":{\"@id\":\"https:\/\/cungtenhanoi.com\/#organization\"},\"potentialAction\":[{\"@type\":\"SearchAction\",\"target\":{\"@type\":\"EntryPoint\",\"urlTemplate\":\"https:\/\/cungtenhanoi.com\/?s={search_term_string}\"},\"query-input\":\"required name=search_term_string\"}],\"inLanguage\":\"vi\"},{\"@type\":\"Organization\",\"@id\":\"https:\/\/cungtenhanoi.com\/#organization\",\"name\":\"Cung T\u00ean H\u00e0 N\u1ed9i\",\"url\":\"https:\/\/cungtenhanoi.com\/\",\"sameAs\":[],\"logo\":{\"@type\":\"ImageObject\",\"inLanguage\":\"vi\",\"@id\":\"https:\/\/cungtenhanoi.com\/#\/schema\/logo\/image\/\",\"url\":\"https:\/\/cungtenhanoi.com\/wp-content\/uploads\/2025\/05\/logo-den-trang.jpg\",\"contentUrl\":\"https:\/\/cungtenhanoi.com\/wp-content\/uploads\/2025\/05\/logo-den-trang.jpg\",\"width\":450,\"height\":450,\"caption\":\"Cung T\u00ean H\u00e0 N\u1ed9i\"},\"image\":{\"@id\":\"https:\/\/cungtenhanoi.com\/#\/schema\/logo\/image\/\"}}]}<\/script>\n<!-- \/ Yoast SEO plugin. -->","yoast_head_json":{"title":"Hoyt Invicta 40 2020 - Cung T\u00ean H\u00e0 N\u1ed9i","description":"mua cung t\u00ean th\u1ec3 thao, mua cung t\u00ean t\u1ea1i h\u00e0 n\u1ed9i, cung tr\u1ee3 l\u1ef1c, cung compound, cung t\u00ean ch\u00ednh h\u00e3ng, cung t\u00ean m\u1ea1nh,cung t\u00ean h\u00e0 n\u1ed9i, cung t\u00ean , mua cung t\u00ean S\u00e0i g\u00f2n , mua m\u0169i t\u00ean b\u1eafn cung , cung b\u1eafn bi s\u1eaft , cung t\u00ean mini","robots":{"index":"index","follow":"follow","max-snippet":"max-snippet:-1","max-image-preview":"max-image-preview:large","max-video-preview":"max-video-preview:-1"},"canonical":"https:\/\/cungtenhanoi.com\/?product=hoyt-invicta-40","og_locale":"vi_VN","og_type":"article","og_title":"Hoyt Invicta 40 2020 - Cung T\u00ean H\u00e0 N\u1ed9i","og_description":"mua cung t\u00ean th\u1ec3 thao, mua cung t\u00ean t\u1ea1i h\u00e0 n\u1ed9i, cung tr\u1ee3 l\u1ef1c, cung compound, cung t\u00ean ch\u00ednh h\u00e3ng, cung t\u00ean m\u1ea1nh,cung t\u00ean h\u00e0 n\u1ed9i, cung t\u00ean , mua cung t\u00ean S\u00e0i g\u00f2n , mua m\u0169i t\u00ean b\u1eafn cung , cung b\u1eafn bi s\u1eaft , cung t\u00ean mini","og_url":"https:\/\/cungtenhanoi.com\/?product=hoyt-invicta-40","og_site_name":"Cung T\u00ean H\u00e0 N\u1ed9i","article_modified_time":"2024-04-26T08:44:22+00:00","og_image":[{"width":1200,"height":900,"url":"https:\/\/cungtenhanoi.com\/wp-content\/uploads\/2020\/12\/O1CN01BZhiwA2DH41FbmaBV_252888583.jpg","type":"image\/jpeg"}],"twitter_card":"summary_large_image","twitter_misc":{"\u01af\u1edbc t\u00ednh th\u1eddi gian \u0111\u1ecdc":"4 ph\u00fat"},"schema":{"@context":"https:\/\/schema.org","@graph":[{"@type":"WebPage","@id":"https:\/\/cungtenhanoi.com\/?product=hoyt-invicta-40","url":"https:\/\/cungtenhanoi.com\/?product=hoyt-invicta-40","name":"Hoyt Invicta 40 2020 - Cung T\u00ean H\u00e0 N\u1ed9i","isPartOf":{"@id":"https:\/\/cungtenhanoi.com\/#website"},"datePublished":"2020-12-08T06:29:55+00:00","dateModified":"2024-04-26T08:44:22+00:00","description":"mua cung t\u00ean th\u1ec3 thao, mua cung t\u00ean t\u1ea1i h\u00e0 n\u1ed9i, cung tr\u1ee3 l\u1ef1c, cung compound, cung t\u00ean ch\u00ednh h\u00e3ng, cung t\u00ean m\u1ea1nh,cung t\u00ean h\u00e0 n\u1ed9i, cung t\u00ean , mua cung t\u00ean S\u00e0i g\u00f2n , mua m\u0169i t\u00ean b\u1eafn cung , cung b\u1eafn bi s\u1eaft , cung t\u00ean mini","breadcrumb":{"@id":"https:\/\/cungtenhanoi.com\/?product=hoyt-invicta-40#breadcrumb"},"inLanguage":"vi","potentialAction":[{"@type":"ReadAction","target":["https:\/\/cungtenhanoi.com\/?product=hoyt-invicta-40"]}]},{"@type":"BreadcrumbList","@id":"https:\/\/cungtenhanoi.com\/?product=hoyt-invicta-40#breadcrumb","itemListElement":[{"@type":"ListItem","position":1,"name":"Trang ch\u1ee7","item":"https:\/\/cungtenhanoi.com\/"},{"@type":"ListItem","position":2,"name":"Shop","item":"https:\/\/cungtenhanoi.com\/?page_id=6"},{"@type":"ListItem","position":3,"name":"Hoyt","item":"https:\/\/cungtenhanoi.com\/danh-muc\/hoyt\/"},{"@type":"ListItem","position":4,"name":"Hoyt Invicta 40 2020"}]},{"@type":"WebSite","@id":"https:\/\/cungtenhanoi.com\/#website","url":"https:\/\/cungtenhanoi.com\/","name":"Cung T\u00ean H\u00e0 N\u1ed9i","description":"Cung c\u1ea5p c\u00e1c lo\u1ea1i cung t\u00ean th\u1ec3 thao s\u1ed1 1 Vi\u1ec7t Nam","publisher":{"@id":"https:\/\/cungtenhanoi.com\/#organization"},"potentialAction":[{"@type":"SearchAction","target":{"@type":"EntryPoint","urlTemplate":"https:\/\/cungtenhanoi.com\/?s={search_term_string}"},"query-input":"required name=search_term_string"}],"inLanguage":"vi"},{"@type":"Organization","@id":"https:\/\/cungtenhanoi.com\/#organization","name":"Cung T\u00ean H\u00e0 N\u1ed9i","url":"https:\/\/cungtenhanoi.com\/","sameAs":[],"logo":{"@type":"ImageObject","inLanguage":"vi","@id":"https:\/\/cungtenhanoi.com\/#\/schema\/logo\/image\/","url":"https:\/\/cungtenhanoi.com\/wp-content\/uploads\/2025\/05\/logo-den-trang.jpg","contentUrl":"https:\/\/cungtenhanoi.com\/wp-content\/uploads\/2025\/05\/logo-den-trang.jpg","width":450,"height":450,"caption":"Cung T\u00ean H\u00e0 N\u1ed9i"},"image":{"@id":"https:\/\/cungtenhanoi.com\/#\/schema\/logo\/image\/"}}]}},"_links":{"self":[{"href":"https:\/\/cungtenhanoi.com\/index.php?rest_route=\/wp\/v2\/product\/1096"}],"collection":[{"href":"https:\/\/cungtenhanoi.com\/index.php?rest_route=\/wp\/v2\/product"}],"about":[{"href":"https:\/\/cungtenhanoi.com\/index.php?rest_route=\/wp\/v2\/types\/product"}],"replies":[{"embeddable":true,"href":"https:\/\/cungtenhanoi.com\/index.php?rest_route=%2Fwp%2Fv2%2Fcomments&post=1096"}],"wp:featuredmedia":[{"embeddable":true,"href":"https:\/\/cungtenhanoi.com\/index.php?rest_route=\/wp\/v2\/media\/1098"}],"wp:attachment":[{"href":"https:\/\/cungtenhanoi.com\/index.php?rest_route=%2Fwp%2Fv2%2Fmedia&parent=1096"}],"wp:term":[{"taxonomy":"product_cat","embeddable":true,"href":"https:\/\/cungtenhanoi.com\/index.php?rest_route=%2Fwp%2Fv2%2Fproduct_cat&post=1096"},{"taxonomy":"product_tag","embeddable":true,"href":"https:\/\/cungtenhanoi.com\/index.php?rest_route=%2Fwp%2Fv2%2Fproduct_tag&post=1096"}],"curies":[{"name":"wp","href":"https:\/\/api.w.org\/{rel}","templated":true}]}}