{"id":1120,"date":"2020-12-20T18:06:12","date_gmt":"2020-12-20T11:06:12","guid":{"rendered":"https:\/\/cungtenhanoi.com\/?post_type=product&#038;p=1120"},"modified":"2025-05-29T12:10:20","modified_gmt":"2025-05-29T05:10:20","slug":"bearpaw-30035","status":"publish","type":"product","link":"https:\/\/cungtenhanoi.com\/?product=bearpaw-30035","title":{"rendered":"BearPaw-30035"},"content":{"rendered":"<p style=\"text-align: center;\">Recurve bow BearPaw<\/p>\n<p style=\"text-align: center;\">Made in USA<\/p>\n<p style=\"text-align: center;\">L\u1ef1c b\u1eafn 20-25-30lbs<\/p>\n<p style=\"text-align: center;\">Chi\u1ec1u d\u00e0i 127cm<br \/>\nD\u00f2ng cung nh\u1eadp kh\u1ea9u tr\u1ef1c ti\u1ebfp t\u1eeb M\u1ef9 v\u1edbi th\u01b0\u01a1ng hi\u1ec7u n\u1ed5i ti\u1ebfng Bear archery<br \/>\nCh\u1ea5t li\u1ec7u composite \u00e9p 7 l\u1edbp cho \u0111\u1ed9 b\u1ec1n cao, \u0111\u00e0n h\u1ed3i l\u1edbn v\u00e0 \u0111\u1ed9 \u1ed5n \u0111\u1ecbnh cao mang \u0111\u1ebfn tr\u1ea3i nghi\u1ec7m ho\u00e0n h\u1ea3o trong m\u1ed7i l\u1ea7n b\u1eafn<\/p>\n<p><img loading=\"lazy\" class=\"aligncenter size-full wp-image-1124\" src=\"https:\/\/cungtenhanoi.com\/wp-content\/uploads\/2020\/12\/A0A21926-C1B1-44AE-A2F6-D0FE5DC16CF1.jpeg\" alt=\"\" width=\"960\" height=\"960\" srcset=\"https:\/\/cungtenhanoi.com\/wp-content\/uploads\/2020\/12\/A0A21926-C1B1-44AE-A2F6-D0FE5DC16CF1.jpeg 960w, https:\/\/cungtenhanoi.com\/wp-content\/uploads\/2020\/12\/A0A21926-C1B1-44AE-A2F6-D0FE5DC16CF1-300x300.jpeg 300w, https:\/\/cungtenhanoi.com\/wp-content\/uploads\/2020\/12\/A0A21926-C1B1-44AE-A2F6-D0FE5DC16CF1-100x100.jpeg 100w, https:\/\/cungtenhanoi.com\/wp-content\/uploads\/2020\/12\/A0A21926-C1B1-44AE-A2F6-D0FE5DC16CF1-600x600.jpeg 600w, https:\/\/cungtenhanoi.com\/wp-content\/uploads\/2020\/12\/A0A21926-C1B1-44AE-A2F6-D0FE5DC16CF1-64x64.jpeg 64w\" sizes=\"(max-width: 960px) 100vw, 960px\" \/><img loading=\"lazy\" class=\"aligncenter  wp-image-1122\" src=\"https:\/\/cungtenhanoi.com\/wp-content\/uploads\/2020\/12\/8F5EFC6A-2066-48D2-8906-FDF7FB8C973E.jpeg\" alt=\"\" width=\"1011\" height=\"1011\" srcset=\"https:\/\/cungtenhanoi.com\/wp-content\/uploads\/2020\/12\/8F5EFC6A-2066-48D2-8906-FDF7FB8C973E.jpeg 1200w, https:\/\/cungtenhanoi.com\/wp-content\/uploads\/2020\/12\/8F5EFC6A-2066-48D2-8906-FDF7FB8C973E-300x300.jpeg 300w, https:\/\/cungtenhanoi.com\/wp-content\/uploads\/2020\/12\/8F5EFC6A-2066-48D2-8906-FDF7FB8C973E-100x100.jpeg 100w, https:\/\/cungtenhanoi.com\/wp-content\/uploads\/2020\/12\/8F5EFC6A-2066-48D2-8906-FDF7FB8C973E-600x600.jpeg 600w, https:\/\/cungtenhanoi.com\/wp-content\/uploads\/2020\/12\/8F5EFC6A-2066-48D2-8906-FDF7FB8C973E-64x64.jpeg 64w, https:\/\/cungtenhanoi.com\/wp-content\/uploads\/2020\/12\/8F5EFC6A-2066-48D2-8906-FDF7FB8C973E-150x150.jpeg 150w, https:\/\/cungtenhanoi.com\/wp-content\/uploads\/2020\/12\/8F5EFC6A-2066-48D2-8906-FDF7FB8C973E-768x768.jpeg 768w, https:\/\/cungtenhanoi.com\/wp-content\/uploads\/2020\/12\/8F5EFC6A-2066-48D2-8906-FDF7FB8C973E-1024x1024.jpeg 1024w, https:\/\/cungtenhanoi.com\/wp-content\/uploads\/2020\/12\/8F5EFC6A-2066-48D2-8906-FDF7FB8C973E-180x180.jpeg 180w, https:\/\/cungtenhanoi.com\/wp-content\/uploads\/2020\/12\/8F5EFC6A-2066-48D2-8906-FDF7FB8C973E-45x45.jpeg 45w\" sizes=\"(max-width: 1011px) 100vw, 1011px\" \/> <img loading=\"lazy\" class=\"aligncenter  wp-image-1123\" src=\"https:\/\/cungtenhanoi.com\/wp-content\/uploads\/2020\/12\/C750ED66-899B-4EEF-987B-B9AD27BA4AE3.jpeg\" alt=\"\" width=\"989\" height=\"989\" srcset=\"https:\/\/cungtenhanoi.com\/wp-content\/uploads\/2020\/12\/C750ED66-899B-4EEF-987B-B9AD27BA4AE3.jpeg 960w, https:\/\/cungtenhanoi.com\/wp-content\/uploads\/2020\/12\/C750ED66-899B-4EEF-987B-B9AD27BA4AE3-300x300.jpeg 300w, https:\/\/cungtenhanoi.com\/wp-content\/uploads\/2020\/12\/C750ED66-899B-4EEF-987B-B9AD27BA4AE3-100x100.jpeg 100w, https:\/\/cungtenhanoi.com\/wp-content\/uploads\/2020\/12\/C750ED66-899B-4EEF-987B-B9AD27BA4AE3-600x600.jpeg 600w, https:\/\/cungtenhanoi.com\/wp-content\/uploads\/2020\/12\/C750ED66-899B-4EEF-987B-B9AD27BA4AE3-64x64.jpeg 64w, https:\/\/cungtenhanoi.com\/wp-content\/uploads\/2020\/12\/C750ED66-899B-4EEF-987B-B9AD27BA4AE3-150x150.jpeg 150w, https:\/\/cungtenhanoi.com\/wp-content\/uploads\/2020\/12\/C750ED66-899B-4EEF-987B-B9AD27BA4AE3-768x768.jpeg 768w, https:\/\/cungtenhanoi.com\/wp-content\/uploads\/2020\/12\/C750ED66-899B-4EEF-987B-B9AD27BA4AE3-180x180.jpeg 180w, https:\/\/cungtenhanoi.com\/wp-content\/uploads\/2020\/12\/C750ED66-899B-4EEF-987B-B9AD27BA4AE3-45x45.jpeg 45w\" sizes=\"(max-width: 989px) 100vw, 989px\" \/> <img loading=\"lazy\" class=\"aligncenter size-full wp-image-1125\" src=\"https:\/\/cungtenhanoi.com\/wp-content\/uploads\/2020\/12\/1B3F09C3-F2F1-48EF-B99E-55895DE3C1B7.jpeg\" alt=\"\" width=\"960\" height=\"960\" srcset=\"https:\/\/cungtenhanoi.com\/wp-content\/uploads\/2020\/12\/1B3F09C3-F2F1-48EF-B99E-55895DE3C1B7.jpeg 960w, https:\/\/cungtenhanoi.com\/wp-content\/uploads\/2020\/12\/1B3F09C3-F2F1-48EF-B99E-55895DE3C1B7-300x300.jpeg 300w, https:\/\/cungtenhanoi.com\/wp-content\/uploads\/2020\/12\/1B3F09C3-F2F1-48EF-B99E-55895DE3C1B7-100x100.jpeg 100w, https:\/\/cungtenhanoi.com\/wp-content\/uploads\/2020\/12\/1B3F09C3-F2F1-48EF-B99E-55895DE3C1B7-600x600.jpeg 600w, https:\/\/cungtenhanoi.com\/wp-content\/uploads\/2020\/12\/1B3F09C3-F2F1-48EF-B99E-55895DE3C1B7-64x64.jpeg 64w, https:\/\/cungtenhanoi.com\/wp-content\/uploads\/2020\/12\/1B3F09C3-F2F1-48EF-B99E-55895DE3C1B7-150x150.jpeg 150w, https:\/\/cungtenhanoi.com\/wp-content\/uploads\/2020\/12\/1B3F09C3-F2F1-48EF-B99E-55895DE3C1B7-768x768.jpeg 768w, https:\/\/cungtenhanoi.com\/wp-content\/uploads\/2020\/12\/1B3F09C3-F2F1-48EF-B99E-55895DE3C1B7-180x180.jpeg 180w, https:\/\/cungtenhanoi.com\/wp-content\/uploads\/2020\/12\/1B3F09C3-F2F1-48EF-B99E-55895DE3C1B7-45x45.jpeg 45w\" sizes=\"(max-width: 960px) 100vw, 960px\" \/><\/p>\n","protected":false},"excerpt":{"rendered":"<p>Cung<br \/>\n5 t\u00ean vand l\u00f4ng v\u0169<br \/>\nTab + guarm<br \/>\nBia m\u1ee5c ti\u00eau<br \/>\nArrow rest<br \/>\nFree ship to\u00e0n qu\u1ed1c<br \/>\nH\u00e0ng oder 7-10 ng\u00e0y<\/p>\n","protected":false},"featured_media":1121,"comment_status":"open","ping_status":"closed","template":"","meta":[],"product_cat":[17],"product_tag":[512,200,237,236,168,197,203,42],"acf":[],"yoast_head":"<!-- This site is optimized with the Yoast SEO plugin v19.8 - https:\/\/yoast.com\/wordpress\/plugins\/seo\/ -->\n<title>BearPaw-30035 - Cung T\u00ean H\u00e0 N\u1ed9i<\/title>\n<meta name=\"description\" content=\"mua cung t\u00ean th\u1ec3 thao, mua cung t\u00ean t\u1ea1i h\u00e0 n\u1ed9i, cung tr\u1ee3 l\u1ef1c, cung compound, cung t\u00ean ch\u00ednh h\u00e3ng, cung t\u00ean m\u1ea1nh,cung t\u00ean h\u00e0 n\u1ed9i, cung t\u00ean , mua cung t\u00ean S\u00e0i g\u00f2n , mua m\u0169i t\u00ean b\u1eafn cung , cung b\u1eafn bi s\u1eaft , cung t\u00ean mini\" \/>\n<meta name=\"robots\" content=\"index, follow, max-snippet:-1, max-image-preview:large, max-video-preview:-1\" \/>\n<link rel=\"canonical\" href=\"https:\/\/cungtenhanoi.com\/?product=bearpaw-30035\" \/>\n<meta property=\"og:locale\" content=\"vi_VN\" \/>\n<meta property=\"og:type\" content=\"article\" \/>\n<meta property=\"og:title\" content=\"BearPaw-30035 - Cung T\u00ean H\u00e0 N\u1ed9i\" \/>\n<meta property=\"og:description\" content=\"mua cung t\u00ean th\u1ec3 thao, mua cung t\u00ean t\u1ea1i h\u00e0 n\u1ed9i, cung tr\u1ee3 l\u1ef1c, cung compound, cung t\u00ean ch\u00ednh h\u00e3ng, cung t\u00ean m\u1ea1nh,cung t\u00ean h\u00e0 n\u1ed9i, cung t\u00ean , mua cung t\u00ean S\u00e0i g\u00f2n , mua m\u0169i t\u00ean b\u1eafn cung , cung b\u1eafn bi s\u1eaft , cung t\u00ean mini\" \/>\n<meta property=\"og:url\" content=\"https:\/\/cungtenhanoi.com\/?product=bearpaw-30035\" \/>\n<meta property=\"og:site_name\" content=\"Cung T\u00ean H\u00e0 N\u1ed9i\" \/>\n<meta property=\"article:modified_time\" content=\"2025-05-29T05:10:20+00:00\" \/>\n<meta property=\"og:image\" content=\"https:\/\/cungtenhanoi.com\/wp-content\/uploads\/2020\/12\/2D13F252-5748-4A91-8F43-B4463CF83C25.jpeg\" \/>\n\t<meta property=\"og:image:width\" content=\"1200\" \/>\n\t<meta property=\"og:image:height\" content=\"1200\" \/>\n\t<meta property=\"og:image:type\" content=\"image\/jpeg\" \/>\n<meta name=\"twitter:card\" content=\"summary_large_image\" \/>\n<script type=\"application\/ld+json\" class=\"yoast-schema-graph\">{\"@context\":\"https:\/\/schema.org\",\"@graph\":[{\"@type\":\"WebPage\",\"@id\":\"https:\/\/cungtenhanoi.com\/?product=bearpaw-30035\",\"url\":\"https:\/\/cungtenhanoi.com\/?product=bearpaw-30035\",\"name\":\"BearPaw-30035 - Cung T\u00ean H\u00e0 N\u1ed9i\",\"isPartOf\":{\"@id\":\"https:\/\/cungtenhanoi.com\/#website\"},\"datePublished\":\"2020-12-20T11:06:12+00:00\",\"dateModified\":\"2025-05-29T05:10:20+00:00\",\"description\":\"mua cung t\u00ean th\u1ec3 thao, mua cung t\u00ean t\u1ea1i h\u00e0 n\u1ed9i, cung tr\u1ee3 l\u1ef1c, cung compound, cung t\u00ean ch\u00ednh h\u00e3ng, cung t\u00ean m\u1ea1nh,cung t\u00ean h\u00e0 n\u1ed9i, cung t\u00ean , mua cung t\u00ean S\u00e0i g\u00f2n , mua m\u0169i t\u00ean b\u1eafn cung , cung b\u1eafn bi s\u1eaft , cung t\u00ean mini\",\"breadcrumb\":{\"@id\":\"https:\/\/cungtenhanoi.com\/?product=bearpaw-30035#breadcrumb\"},\"inLanguage\":\"vi\",\"potentialAction\":[{\"@type\":\"ReadAction\",\"target\":[\"https:\/\/cungtenhanoi.com\/?product=bearpaw-30035\"]}]},{\"@type\":\"BreadcrumbList\",\"@id\":\"https:\/\/cungtenhanoi.com\/?product=bearpaw-30035#breadcrumb\",\"itemListElement\":[{\"@type\":\"ListItem\",\"position\":1,\"name\":\"Trang ch\u1ee7\",\"item\":\"https:\/\/cungtenhanoi.com\/\"},{\"@type\":\"ListItem\",\"position\":2,\"name\":\"Shop\",\"item\":\"https:\/\/cungtenhanoi.com\/?page_id=6\"},{\"@type\":\"ListItem\",\"position\":3,\"name\":\"Cung\",\"item\":\"https:\/\/cungtenhanoi.com\/danh-muc\/cung\/\"},{\"@type\":\"ListItem\",\"position\":4,\"name\":\"BearPaw-30035\"}]},{\"@type\":\"WebSite\",\"@id\":\"https:\/\/cungtenhanoi.com\/#website\",\"url\":\"https:\/\/cungtenhanoi.com\/\",\"name\":\"Cung T\u00ean H\u00e0 N\u1ed9i\",\"description\":\"Cung c\u1ea5p c\u00e1c lo\u1ea1i cung t\u00ean th\u1ec3 thao s\u1ed1 1 Vi\u1ec7t Nam\",\"publisher\":{\"@id\":\"https:\/\/cungtenhanoi.com\/#organization\"},\"potentialAction\":[{\"@type\":\"SearchAction\",\"target\":{\"@type\":\"EntryPoint\",\"urlTemplate\":\"https:\/\/cungtenhanoi.com\/?s={search_term_string}\"},\"query-input\":\"required name=search_term_string\"}],\"inLanguage\":\"vi\"},{\"@type\":\"Organization\",\"@id\":\"https:\/\/cungtenhanoi.com\/#organization\",\"name\":\"Cung T\u00ean H\u00e0 N\u1ed9i\",\"url\":\"https:\/\/cungtenhanoi.com\/\",\"sameAs\":[],\"logo\":{\"@type\":\"ImageObject\",\"inLanguage\":\"vi\",\"@id\":\"https:\/\/cungtenhanoi.com\/#\/schema\/logo\/image\/\",\"url\":\"https:\/\/cungtenhanoi.com\/wp-content\/uploads\/2025\/05\/logo-den-trang.jpg\",\"contentUrl\":\"https:\/\/cungtenhanoi.com\/wp-content\/uploads\/2025\/05\/logo-den-trang.jpg\",\"width\":450,\"height\":450,\"caption\":\"Cung T\u00ean H\u00e0 N\u1ed9i\"},\"image\":{\"@id\":\"https:\/\/cungtenhanoi.com\/#\/schema\/logo\/image\/\"}}]}<\/script>\n<!-- \/ Yoast SEO plugin. -->","yoast_head_json":{"title":"BearPaw-30035 - Cung T\u00ean H\u00e0 N\u1ed9i","description":"mua cung t\u00ean th\u1ec3 thao, mua cung t\u00ean t\u1ea1i h\u00e0 n\u1ed9i, cung tr\u1ee3 l\u1ef1c, cung compound, cung t\u00ean ch\u00ednh h\u00e3ng, cung t\u00ean m\u1ea1nh,cung t\u00ean h\u00e0 n\u1ed9i, cung t\u00ean , mua cung t\u00ean S\u00e0i g\u00f2n , mua m\u0169i t\u00ean b\u1eafn cung , cung b\u1eafn bi s\u1eaft , cung t\u00ean mini","robots":{"index":"index","follow":"follow","max-snippet":"max-snippet:-1","max-image-preview":"max-image-preview:large","max-video-preview":"max-video-preview:-1"},"canonical":"https:\/\/cungtenhanoi.com\/?product=bearpaw-30035","og_locale":"vi_VN","og_type":"article","og_title":"BearPaw-30035 - Cung T\u00ean H\u00e0 N\u1ed9i","og_description":"mua cung t\u00ean th\u1ec3 thao, mua cung t\u00ean t\u1ea1i h\u00e0 n\u1ed9i, cung tr\u1ee3 l\u1ef1c, cung compound, cung t\u00ean ch\u00ednh h\u00e3ng, cung t\u00ean m\u1ea1nh,cung t\u00ean h\u00e0 n\u1ed9i, cung t\u00ean , mua cung t\u00ean S\u00e0i g\u00f2n , mua m\u0169i t\u00ean b\u1eafn cung , cung b\u1eafn bi s\u1eaft , cung t\u00ean mini","og_url":"https:\/\/cungtenhanoi.com\/?product=bearpaw-30035","og_site_name":"Cung T\u00ean H\u00e0 N\u1ed9i","article_modified_time":"2025-05-29T05:10:20+00:00","og_image":[{"width":1200,"height":1200,"url":"https:\/\/cungtenhanoi.com\/wp-content\/uploads\/2020\/12\/2D13F252-5748-4A91-8F43-B4463CF83C25.jpeg","type":"image\/jpeg"}],"twitter_card":"summary_large_image","schema":{"@context":"https:\/\/schema.org","@graph":[{"@type":"WebPage","@id":"https:\/\/cungtenhanoi.com\/?product=bearpaw-30035","url":"https:\/\/cungtenhanoi.com\/?product=bearpaw-30035","name":"BearPaw-30035 - Cung T\u00ean H\u00e0 N\u1ed9i","isPartOf":{"@id":"https:\/\/cungtenhanoi.com\/#website"},"datePublished":"2020-12-20T11:06:12+00:00","dateModified":"2025-05-29T05:10:20+00:00","description":"mua cung t\u00ean th\u1ec3 thao, mua cung t\u00ean t\u1ea1i h\u00e0 n\u1ed9i, cung tr\u1ee3 l\u1ef1c, cung compound, cung t\u00ean ch\u00ednh h\u00e3ng, cung t\u00ean m\u1ea1nh,cung t\u00ean h\u00e0 n\u1ed9i, cung t\u00ean , mua cung t\u00ean S\u00e0i g\u00f2n , mua m\u0169i t\u00ean b\u1eafn cung , cung b\u1eafn bi s\u1eaft , cung t\u00ean mini","breadcrumb":{"@id":"https:\/\/cungtenhanoi.com\/?product=bearpaw-30035#breadcrumb"},"inLanguage":"vi","potentialAction":[{"@type":"ReadAction","target":["https:\/\/cungtenhanoi.com\/?product=bearpaw-30035"]}]},{"@type":"BreadcrumbList","@id":"https:\/\/cungtenhanoi.com\/?product=bearpaw-30035#breadcrumb","itemListElement":[{"@type":"ListItem","position":1,"name":"Trang ch\u1ee7","item":"https:\/\/cungtenhanoi.com\/"},{"@type":"ListItem","position":2,"name":"Shop","item":"https:\/\/cungtenhanoi.com\/?page_id=6"},{"@type":"ListItem","position":3,"name":"Cung","item":"https:\/\/cungtenhanoi.com\/danh-muc\/cung\/"},{"@type":"ListItem","position":4,"name":"BearPaw-30035"}]},{"@type":"WebSite","@id":"https:\/\/cungtenhanoi.com\/#website","url":"https:\/\/cungtenhanoi.com\/","name":"Cung T\u00ean H\u00e0 N\u1ed9i","description":"Cung c\u1ea5p c\u00e1c lo\u1ea1i cung t\u00ean th\u1ec3 thao s\u1ed1 1 Vi\u1ec7t Nam","publisher":{"@id":"https:\/\/cungtenhanoi.com\/#organization"},"potentialAction":[{"@type":"SearchAction","target":{"@type":"EntryPoint","urlTemplate":"https:\/\/cungtenhanoi.com\/?s={search_term_string}"},"query-input":"required name=search_term_string"}],"inLanguage":"vi"},{"@type":"Organization","@id":"https:\/\/cungtenhanoi.com\/#organization","name":"Cung T\u00ean H\u00e0 N\u1ed9i","url":"https:\/\/cungtenhanoi.com\/","sameAs":[],"logo":{"@type":"ImageObject","inLanguage":"vi","@id":"https:\/\/cungtenhanoi.com\/#\/schema\/logo\/image\/","url":"https:\/\/cungtenhanoi.com\/wp-content\/uploads\/2025\/05\/logo-den-trang.jpg","contentUrl":"https:\/\/cungtenhanoi.com\/wp-content\/uploads\/2025\/05\/logo-den-trang.jpg","width":450,"height":450,"caption":"Cung T\u00ean H\u00e0 N\u1ed9i"},"image":{"@id":"https:\/\/cungtenhanoi.com\/#\/schema\/logo\/image\/"}}]}},"_links":{"self":[{"href":"https:\/\/cungtenhanoi.com\/index.php?rest_route=\/wp\/v2\/product\/1120"}],"collection":[{"href":"https:\/\/cungtenhanoi.com\/index.php?rest_route=\/wp\/v2\/product"}],"about":[{"href":"https:\/\/cungtenhanoi.com\/index.php?rest_route=\/wp\/v2\/types\/product"}],"replies":[{"embeddable":true,"href":"https:\/\/cungtenhanoi.com\/index.php?rest_route=%2Fwp%2Fv2%2Fcomments&post=1120"}],"wp:featuredmedia":[{"embeddable":true,"href":"https:\/\/cungtenhanoi.com\/index.php?rest_route=\/wp\/v2\/media\/1121"}],"wp:attachment":[{"href":"https:\/\/cungtenhanoi.com\/index.php?rest_route=%2Fwp%2Fv2%2Fmedia&parent=1120"}],"wp:term":[{"taxonomy":"product_cat","embeddable":true,"href":"https:\/\/cungtenhanoi.com\/index.php?rest_route=%2Fwp%2Fv2%2Fproduct_cat&post=1120"},{"taxonomy":"product_tag","embeddable":true,"href":"https:\/\/cungtenhanoi.com\/index.php?rest_route=%2Fwp%2Fv2%2Fproduct_tag&post=1120"}],"curies":[{"name":"wp","href":"https:\/\/api.w.org\/{rel}","templated":true}]}}