{"id":1127,"date":"2021-01-02T13:43:58","date_gmt":"2021-01-02T06:43:58","guid":{"rendered":"https:\/\/cungtenhanoi.com\/?post_type=product&#038;p=1127"},"modified":"2022-04-04T21:33:11","modified_gmt":"2022-04-04T14:33:11","slug":"cung-ten-thao-f154","status":"publish","type":"product","link":"https:\/\/cungtenhanoi.com\/?product=cung-ten-thao-f154","title":{"rendered":"Cung t\u00ean th\u1ec3 thao F154"},"content":{"rendered":"<p style=\"text-align: center;\">Th\u00f4ng s\u1ed1 k\u1ef9 thu\u1eadt<br \/>\nChi\u1ec1u d\u00e0i 54inh<\/p>\n<p style=\"text-align: center;\">L\u1ef1c b\u1eafn 15-20lbs<br \/>\nTh\u00edch h\u1ee3p v\u1edbi \u0111\u1ed9 tu\u1ed5i 7-15 tu\u1ed5i<br \/>\nCh\u1ea5t li\u1ec7u composite<br \/>\n\u0110\u1ed9 b\u1ec1n cao, d\u00f9ng \u0111\u1ec3 t\u1eadp luy\u1ec7n t\u1ed1t<\/p>\n<p style=\"text-align: center;\"><img loading=\"lazy\" class=\"aligncenter size-full wp-image-1128\" src=\"https:\/\/cungtenhanoi.com\/wp-content\/uploads\/2021\/01\/HTB15OwkX8WD3KVjSZKPq6yp7FXaW.jpg\" alt=\"\" width=\"800\" height=\"800\" srcset=\"https:\/\/cungtenhanoi.com\/wp-content\/uploads\/2021\/01\/HTB15OwkX8WD3KVjSZKPq6yp7FXaW.jpg 800w, https:\/\/cungtenhanoi.com\/wp-content\/uploads\/2021\/01\/HTB15OwkX8WD3KVjSZKPq6yp7FXaW-300x300.jpg 300w, https:\/\/cungtenhanoi.com\/wp-content\/uploads\/2021\/01\/HTB15OwkX8WD3KVjSZKPq6yp7FXaW-100x100.jpg 100w, https:\/\/cungtenhanoi.com\/wp-content\/uploads\/2021\/01\/HTB15OwkX8WD3KVjSZKPq6yp7FXaW-600x600.jpg 600w, https:\/\/cungtenhanoi.com\/wp-content\/uploads\/2021\/01\/HTB15OwkX8WD3KVjSZKPq6yp7FXaW-64x64.jpg 64w\" sizes=\"(max-width: 800px) 100vw, 800px\" \/><img loading=\"lazy\" class=\"aligncenter  wp-image-1190\" src=\"https:\/\/cungtenhanoi.com\/wp-content\/uploads\/2021\/01\/69470223-7B72-427B-8112-DE0DEC181C1F.jpeg\" alt=\"\" width=\"800\" height=\"744\" \/><img loading=\"lazy\" class=\"aligncenter  wp-image-1191\" src=\"https:\/\/cungtenhanoi.com\/wp-content\/uploads\/2021\/01\/78F0F6C3-21BC-4AEE-8525-7C28D5A4C77F.jpeg\" alt=\"\" width=\"801\" height=\"1068\" \/><img loading=\"lazy\" class=\"aligncenter  wp-image-1259\" style=\"text-align: start;\" src=\"https:\/\/cungtenhanoi.com\/wp-content\/uploads\/2021\/01\/772A13C8-B792-40FE-94C7-CCBEB8482EBA.jpeg\" alt=\"\" width=\"921\" height=\"691\" srcset=\"https:\/\/cungtenhanoi.com\/wp-content\/uploads\/2021\/01\/772A13C8-B792-40FE-94C7-CCBEB8482EBA.jpeg 2048w, https:\/\/cungtenhanoi.com\/wp-content\/uploads\/2021\/01\/772A13C8-B792-40FE-94C7-CCBEB8482EBA-600x450.jpeg 600w, https:\/\/cungtenhanoi.com\/wp-content\/uploads\/2021\/01\/772A13C8-B792-40FE-94C7-CCBEB8482EBA-64x48.jpeg 64w, https:\/\/cungtenhanoi.com\/wp-content\/uploads\/2021\/01\/772A13C8-B792-40FE-94C7-CCBEB8482EBA-300x225.jpeg 300w, https:\/\/cungtenhanoi.com\/wp-content\/uploads\/2021\/01\/772A13C8-B792-40FE-94C7-CCBEB8482EBA-768x576.jpeg 768w, https:\/\/cungtenhanoi.com\/wp-content\/uploads\/2021\/01\/772A13C8-B792-40FE-94C7-CCBEB8482EBA-1024x768.jpeg 1024w, https:\/\/cungtenhanoi.com\/wp-content\/uploads\/2021\/01\/772A13C8-B792-40FE-94C7-CCBEB8482EBA-480x360.jpeg 480w\" sizes=\"(max-width: 921px) 100vw, 921px\" \/><img loading=\"lazy\" class=\"aligncenter  wp-image-1129\" style=\"text-align: start;\" src=\"https:\/\/cungtenhanoi.com\/wp-content\/uploads\/2021\/01\/135178605_237400247943736_6796087021111987224_n.jpg\" alt=\"\" width=\"919\" height=\"1379\" srcset=\"https:\/\/cungtenhanoi.com\/wp-content\/uploads\/2021\/01\/135178605_237400247943736_6796087021111987224_n.jpg 1365w, https:\/\/cungtenhanoi.com\/wp-content\/uploads\/2021\/01\/135178605_237400247943736_6796087021111987224_n-600x900.jpg 600w, https:\/\/cungtenhanoi.com\/wp-content\/uploads\/2021\/01\/135178605_237400247943736_6796087021111987224_n-64x96.jpg 64w\" sizes=\"(max-width: 919px) 100vw, 919px\" \/><\/p>\n","protected":false},"excerpt":{"rendered":"<p>Cung + 5 t\u00ean + tab + guarm + arrow rest + bia m\u1ee5c ti\u00eau + nockingpoint<br \/>\n&#8212;&#8212;&#8212;&#8212;&#8212;&#8212;&#8212;&#8212;&#8212;&#8212;&#8212;&#8212;&#8212;&#8212;&#8212;&#8212;&#8212;&#8212;<br \/>\nB\u1ea3o h\u00e0nh 6 th\u00e1ng 1 \u0111\u1ed5i 1 l\u1ed7i nh\u00e0 s\u1ea3n xu\u1ea5t<br \/>\nH\u1ed7 tr\u1ee3 s\u1eeda ch\u1eefa mi\u1ec5n ph\u00ed tr\u1ecdn \u0111\u1eddi<\/p>\n","protected":false},"featured_media":1129,"comment_status":"open","ping_status":"closed","template":"","meta":[],"product_cat":[17],"product_tag":[257,168,197,244,243,172],"acf":[],"yoast_head":"<!-- This site is optimized with the Yoast SEO plugin v19.8 - https:\/\/yoast.com\/wordpress\/plugins\/seo\/ -->\n<title>Cung t\u00ean th\u1ec3 thao F154 - Cung T\u00ean H\u00e0 N\u1ed9i<\/title>\n<meta name=\"description\" content=\"mua cung t\u00ean th\u1ec3 thao, mua cung t\u00ean t\u1ea1i h\u00e0 n\u1ed9i, cung tr\u1ee3 l\u1ef1c, cung compound, cung t\u00ean ch\u00ednh h\u00e3ng, cung t\u00ean m\u1ea1nh,cung t\u00ean h\u00e0 n\u1ed9i, cung t\u00ean , mua cung t\u00ean S\u00e0i g\u00f2n , mua m\u0169i t\u00ean b\u1eafn cung , cung b\u1eafn bi s\u1eaft , cung t\u00ean mini\" \/>\n<meta name=\"robots\" content=\"index, follow, max-snippet:-1, max-image-preview:large, max-video-preview:-1\" \/>\n<link rel=\"canonical\" href=\"https:\/\/cungtenhanoi.com\/?product=cung-ten-thao-f154\" \/>\n<meta property=\"og:locale\" content=\"vi_VN\" \/>\n<meta property=\"og:type\" content=\"article\" \/>\n<meta property=\"og:title\" content=\"Cung t\u00ean th\u1ec3 thao F154 - Cung T\u00ean H\u00e0 N\u1ed9i\" \/>\n<meta property=\"og:description\" content=\"mua cung t\u00ean th\u1ec3 thao, mua cung t\u00ean t\u1ea1i h\u00e0 n\u1ed9i, cung tr\u1ee3 l\u1ef1c, cung compound, cung t\u00ean ch\u00ednh h\u00e3ng, cung t\u00ean m\u1ea1nh,cung t\u00ean h\u00e0 n\u1ed9i, cung t\u00ean , mua cung t\u00ean S\u00e0i g\u00f2n , mua m\u0169i t\u00ean b\u1eafn cung , cung b\u1eafn bi s\u1eaft , cung t\u00ean mini\" \/>\n<meta property=\"og:url\" content=\"https:\/\/cungtenhanoi.com\/?product=cung-ten-thao-f154\" \/>\n<meta property=\"og:site_name\" content=\"Cung T\u00ean H\u00e0 N\u1ed9i\" \/>\n<meta property=\"article:modified_time\" content=\"2022-04-04T14:33:11+00:00\" \/>\n<meta property=\"og:image\" content=\"https:\/\/cungtenhanoi.com\/wp-content\/uploads\/2021\/01\/135178605_237400247943736_6796087021111987224_n.jpg\" \/>\n\t<meta property=\"og:image:width\" content=\"1365\" \/>\n\t<meta property=\"og:image:height\" content=\"2048\" \/>\n\t<meta property=\"og:image:type\" content=\"image\/jpeg\" \/>\n<meta name=\"twitter:card\" content=\"summary_large_image\" \/>\n<script type=\"application\/ld+json\" class=\"yoast-schema-graph\">{\"@context\":\"https:\/\/schema.org\",\"@graph\":[{\"@type\":\"WebPage\",\"@id\":\"https:\/\/cungtenhanoi.com\/?product=cung-ten-thao-f154\",\"url\":\"https:\/\/cungtenhanoi.com\/?product=cung-ten-thao-f154\",\"name\":\"Cung t\u00ean th\u1ec3 thao F154 - Cung T\u00ean H\u00e0 N\u1ed9i\",\"isPartOf\":{\"@id\":\"https:\/\/cungtenhanoi.com\/#website\"},\"datePublished\":\"2021-01-02T06:43:58+00:00\",\"dateModified\":\"2022-04-04T14:33:11+00:00\",\"description\":\"mua cung t\u00ean th\u1ec3 thao, mua cung t\u00ean t\u1ea1i h\u00e0 n\u1ed9i, cung tr\u1ee3 l\u1ef1c, cung compound, cung t\u00ean ch\u00ednh h\u00e3ng, cung t\u00ean m\u1ea1nh,cung t\u00ean h\u00e0 n\u1ed9i, cung t\u00ean , mua cung t\u00ean S\u00e0i g\u00f2n , mua m\u0169i t\u00ean b\u1eafn cung , cung b\u1eafn bi s\u1eaft , cung t\u00ean mini\",\"breadcrumb\":{\"@id\":\"https:\/\/cungtenhanoi.com\/?product=cung-ten-thao-f154#breadcrumb\"},\"inLanguage\":\"vi\",\"potentialAction\":[{\"@type\":\"ReadAction\",\"target\":[\"https:\/\/cungtenhanoi.com\/?product=cung-ten-thao-f154\"]}]},{\"@type\":\"BreadcrumbList\",\"@id\":\"https:\/\/cungtenhanoi.com\/?product=cung-ten-thao-f154#breadcrumb\",\"itemListElement\":[{\"@type\":\"ListItem\",\"position\":1,\"name\":\"Trang ch\u1ee7\",\"item\":\"https:\/\/cungtenhanoi.com\/\"},{\"@type\":\"ListItem\",\"position\":2,\"name\":\"Shop\",\"item\":\"https:\/\/cungtenhanoi.com\/?page_id=6\"},{\"@type\":\"ListItem\",\"position\":3,\"name\":\"Cung\",\"item\":\"https:\/\/cungtenhanoi.com\/danh-muc\/cung\/\"},{\"@type\":\"ListItem\",\"position\":4,\"name\":\"Cung t\u00ean th\u1ec3 thao F154\"}]},{\"@type\":\"WebSite\",\"@id\":\"https:\/\/cungtenhanoi.com\/#website\",\"url\":\"https:\/\/cungtenhanoi.com\/\",\"name\":\"Cung T\u00ean H\u00e0 N\u1ed9i\",\"description\":\"Cung c\u1ea5p c\u00e1c lo\u1ea1i cung t\u00ean th\u1ec3 thao s\u1ed1 1 Vi\u1ec7t Nam\",\"publisher\":{\"@id\":\"https:\/\/cungtenhanoi.com\/#organization\"},\"potentialAction\":[{\"@type\":\"SearchAction\",\"target\":{\"@type\":\"EntryPoint\",\"urlTemplate\":\"https:\/\/cungtenhanoi.com\/?s={search_term_string}\"},\"query-input\":\"required name=search_term_string\"}],\"inLanguage\":\"vi\"},{\"@type\":\"Organization\",\"@id\":\"https:\/\/cungtenhanoi.com\/#organization\",\"name\":\"Cung T\u00ean H\u00e0 N\u1ed9i\",\"url\":\"https:\/\/cungtenhanoi.com\/\",\"sameAs\":[],\"logo\":{\"@type\":\"ImageObject\",\"inLanguage\":\"vi\",\"@id\":\"https:\/\/cungtenhanoi.com\/#\/schema\/logo\/image\/\",\"url\":\"https:\/\/cungtenhanoi.com\/wp-content\/uploads\/2025\/05\/logo-den-trang.jpg\",\"contentUrl\":\"https:\/\/cungtenhanoi.com\/wp-content\/uploads\/2025\/05\/logo-den-trang.jpg\",\"width\":450,\"height\":450,\"caption\":\"Cung T\u00ean H\u00e0 N\u1ed9i\"},\"image\":{\"@id\":\"https:\/\/cungtenhanoi.com\/#\/schema\/logo\/image\/\"}}]}<\/script>\n<!-- \/ Yoast SEO plugin. -->","yoast_head_json":{"title":"Cung t\u00ean th\u1ec3 thao F154 - Cung T\u00ean H\u00e0 N\u1ed9i","description":"mua cung t\u00ean th\u1ec3 thao, mua cung t\u00ean t\u1ea1i h\u00e0 n\u1ed9i, cung tr\u1ee3 l\u1ef1c, cung compound, cung t\u00ean ch\u00ednh h\u00e3ng, cung t\u00ean m\u1ea1nh,cung t\u00ean h\u00e0 n\u1ed9i, cung t\u00ean , mua cung t\u00ean S\u00e0i g\u00f2n , mua m\u0169i t\u00ean b\u1eafn cung , cung b\u1eafn bi s\u1eaft , cung t\u00ean mini","robots":{"index":"index","follow":"follow","max-snippet":"max-snippet:-1","max-image-preview":"max-image-preview:large","max-video-preview":"max-video-preview:-1"},"canonical":"https:\/\/cungtenhanoi.com\/?product=cung-ten-thao-f154","og_locale":"vi_VN","og_type":"article","og_title":"Cung t\u00ean th\u1ec3 thao F154 - Cung T\u00ean H\u00e0 N\u1ed9i","og_description":"mua cung t\u00ean th\u1ec3 thao, mua cung t\u00ean t\u1ea1i h\u00e0 n\u1ed9i, cung tr\u1ee3 l\u1ef1c, cung compound, cung t\u00ean ch\u00ednh h\u00e3ng, cung t\u00ean m\u1ea1nh,cung t\u00ean h\u00e0 n\u1ed9i, cung t\u00ean , mua cung t\u00ean S\u00e0i g\u00f2n , mua m\u0169i t\u00ean b\u1eafn cung , cung b\u1eafn bi s\u1eaft , cung t\u00ean mini","og_url":"https:\/\/cungtenhanoi.com\/?product=cung-ten-thao-f154","og_site_name":"Cung T\u00ean H\u00e0 N\u1ed9i","article_modified_time":"2022-04-04T14:33:11+00:00","og_image":[{"width":1365,"height":2048,"url":"https:\/\/cungtenhanoi.com\/wp-content\/uploads\/2021\/01\/135178605_237400247943736_6796087021111987224_n.jpg","type":"image\/jpeg"}],"twitter_card":"summary_large_image","schema":{"@context":"https:\/\/schema.org","@graph":[{"@type":"WebPage","@id":"https:\/\/cungtenhanoi.com\/?product=cung-ten-thao-f154","url":"https:\/\/cungtenhanoi.com\/?product=cung-ten-thao-f154","name":"Cung t\u00ean th\u1ec3 thao F154 - Cung T\u00ean H\u00e0 N\u1ed9i","isPartOf":{"@id":"https:\/\/cungtenhanoi.com\/#website"},"datePublished":"2021-01-02T06:43:58+00:00","dateModified":"2022-04-04T14:33:11+00:00","description":"mua cung t\u00ean th\u1ec3 thao, mua cung t\u00ean t\u1ea1i h\u00e0 n\u1ed9i, cung tr\u1ee3 l\u1ef1c, cung compound, cung t\u00ean ch\u00ednh h\u00e3ng, cung t\u00ean m\u1ea1nh,cung t\u00ean h\u00e0 n\u1ed9i, cung t\u00ean , mua cung t\u00ean S\u00e0i g\u00f2n , mua m\u0169i t\u00ean b\u1eafn cung , cung b\u1eafn bi s\u1eaft , cung t\u00ean mini","breadcrumb":{"@id":"https:\/\/cungtenhanoi.com\/?product=cung-ten-thao-f154#breadcrumb"},"inLanguage":"vi","potentialAction":[{"@type":"ReadAction","target":["https:\/\/cungtenhanoi.com\/?product=cung-ten-thao-f154"]}]},{"@type":"BreadcrumbList","@id":"https:\/\/cungtenhanoi.com\/?product=cung-ten-thao-f154#breadcrumb","itemListElement":[{"@type":"ListItem","position":1,"name":"Trang ch\u1ee7","item":"https:\/\/cungtenhanoi.com\/"},{"@type":"ListItem","position":2,"name":"Shop","item":"https:\/\/cungtenhanoi.com\/?page_id=6"},{"@type":"ListItem","position":3,"name":"Cung","item":"https:\/\/cungtenhanoi.com\/danh-muc\/cung\/"},{"@type":"ListItem","position":4,"name":"Cung t\u00ean th\u1ec3 thao F154"}]},{"@type":"WebSite","@id":"https:\/\/cungtenhanoi.com\/#website","url":"https:\/\/cungtenhanoi.com\/","name":"Cung T\u00ean H\u00e0 N\u1ed9i","description":"Cung c\u1ea5p c\u00e1c lo\u1ea1i cung t\u00ean th\u1ec3 thao s\u1ed1 1 Vi\u1ec7t Nam","publisher":{"@id":"https:\/\/cungtenhanoi.com\/#organization"},"potentialAction":[{"@type":"SearchAction","target":{"@type":"EntryPoint","urlTemplate":"https:\/\/cungtenhanoi.com\/?s={search_term_string}"},"query-input":"required name=search_term_string"}],"inLanguage":"vi"},{"@type":"Organization","@id":"https:\/\/cungtenhanoi.com\/#organization","name":"Cung T\u00ean H\u00e0 N\u1ed9i","url":"https:\/\/cungtenhanoi.com\/","sameAs":[],"logo":{"@type":"ImageObject","inLanguage":"vi","@id":"https:\/\/cungtenhanoi.com\/#\/schema\/logo\/image\/","url":"https:\/\/cungtenhanoi.com\/wp-content\/uploads\/2025\/05\/logo-den-trang.jpg","contentUrl":"https:\/\/cungtenhanoi.com\/wp-content\/uploads\/2025\/05\/logo-den-trang.jpg","width":450,"height":450,"caption":"Cung T\u00ean H\u00e0 N\u1ed9i"},"image":{"@id":"https:\/\/cungtenhanoi.com\/#\/schema\/logo\/image\/"}}]}},"_links":{"self":[{"href":"https:\/\/cungtenhanoi.com\/index.php?rest_route=\/wp\/v2\/product\/1127"}],"collection":[{"href":"https:\/\/cungtenhanoi.com\/index.php?rest_route=\/wp\/v2\/product"}],"about":[{"href":"https:\/\/cungtenhanoi.com\/index.php?rest_route=\/wp\/v2\/types\/product"}],"replies":[{"embeddable":true,"href":"https:\/\/cungtenhanoi.com\/index.php?rest_route=%2Fwp%2Fv2%2Fcomments&post=1127"}],"wp:featuredmedia":[{"embeddable":true,"href":"https:\/\/cungtenhanoi.com\/index.php?rest_route=\/wp\/v2\/media\/1129"}],"wp:attachment":[{"href":"https:\/\/cungtenhanoi.com\/index.php?rest_route=%2Fwp%2Fv2%2Fmedia&parent=1127"}],"wp:term":[{"taxonomy":"product_cat","embeddable":true,"href":"https:\/\/cungtenhanoi.com\/index.php?rest_route=%2Fwp%2Fv2%2Fproduct_cat&post=1127"},{"taxonomy":"product_tag","embeddable":true,"href":"https:\/\/cungtenhanoi.com\/index.php?rest_route=%2Fwp%2Fv2%2Fproduct_tag&post=1127"}],"curies":[{"name":"wp","href":"https:\/\/api.w.org\/{rel}","templated":true}]}}