{"id":1204,"date":"2021-03-14T11:10:24","date_gmt":"2021-03-14T04:10:24","guid":{"rendered":"https:\/\/cungtenhanoi.com\/?post_type=product&#038;p=1204"},"modified":"2021-03-14T11:20:25","modified_gmt":"2021-03-14T04:20:25","slug":"thuoc-ngam-1817","status":"publish","type":"product","link":"https:\/\/cungtenhanoi.com\/?product=thuoc-ngam-1817","title":{"rendered":"Th\u01b0\u1edbc ng\u1eafm 1817"},"content":{"rendered":"<p><img loading=\"lazy\" class=\"aligncenter size-full wp-image-1206\" src=\"https:\/\/cungtenhanoi.com\/wp-content\/uploads\/2021\/03\/61jCsEnmUsL._AC_SL1500_.jpg\" alt=\"\" width=\"1292\" height=\"1250\" srcset=\"https:\/\/cungtenhanoi.com\/wp-content\/uploads\/2021\/03\/61jCsEnmUsL._AC_SL1500_.jpg 1292w, https:\/\/cungtenhanoi.com\/wp-content\/uploads\/2021\/03\/61jCsEnmUsL._AC_SL1500_-600x580.jpg 600w, https:\/\/cungtenhanoi.com\/wp-content\/uploads\/2021\/03\/61jCsEnmUsL._AC_SL1500_-64x62.jpg 64w\" sizes=\"(max-width: 1292px) 100vw, 1292px\" \/><img loading=\"lazy\" class=\"aligncenter size-full wp-image-1207\" src=\"https:\/\/cungtenhanoi.com\/wp-content\/uploads\/2021\/03\/61VTjMVKIL._AC_SL1500_.jpg\" alt=\"\" width=\"1396\" height=\"1363\" srcset=\"https:\/\/cungtenhanoi.com\/wp-content\/uploads\/2021\/03\/61VTjMVKIL._AC_SL1500_.jpg 1396w, https:\/\/cungtenhanoi.com\/wp-content\/uploads\/2021\/03\/61VTjMVKIL._AC_SL1500_-600x586.jpg 600w, https:\/\/cungtenhanoi.com\/wp-content\/uploads\/2021\/03\/61VTjMVKIL._AC_SL1500_-64x62.jpg 64w, https:\/\/cungtenhanoi.com\/wp-content\/uploads\/2021\/03\/61VTjMVKIL._AC_SL1500_-300x293.jpg 300w, https:\/\/cungtenhanoi.com\/wp-content\/uploads\/2021\/03\/61VTjMVKIL._AC_SL1500_-768x750.jpg 768w, https:\/\/cungtenhanoi.com\/wp-content\/uploads\/2021\/03\/61VTjMVKIL._AC_SL1500_-1024x1000.jpg 1024w, https:\/\/cungtenhanoi.com\/wp-content\/uploads\/2021\/03\/61VTjMVKIL._AC_SL1500_-45x45.jpg 45w\" sizes=\"(max-width: 1396px) 100vw, 1396px\" \/><img loading=\"lazy\" class=\"aligncenter size-full wp-image-1205\" src=\"https:\/\/cungtenhanoi.com\/wp-content\/uploads\/2021\/03\/61B0EyxNMPL._AC_SL1500_.jpg\" alt=\"\" width=\"1306\" height=\"1347\" srcset=\"https:\/\/cungtenhanoi.com\/wp-content\/uploads\/2021\/03\/61B0EyxNMPL._AC_SL1500_.jpg 1306w, https:\/\/cungtenhanoi.com\/wp-content\/uploads\/2021\/03\/61B0EyxNMPL._AC_SL1500_-600x619.jpg 600w, https:\/\/cungtenhanoi.com\/wp-content\/uploads\/2021\/03\/61B0EyxNMPL._AC_SL1500_-64x66.jpg 64w, https:\/\/cungtenhanoi.com\/wp-content\/uploads\/2021\/03\/61B0EyxNMPL._AC_SL1500_-291x300.jpg 291w, https:\/\/cungtenhanoi.com\/wp-content\/uploads\/2021\/03\/61B0EyxNMPL._AC_SL1500_-768x792.jpg 768w, https:\/\/cungtenhanoi.com\/wp-content\/uploads\/2021\/03\/61B0EyxNMPL._AC_SL1500_-993x1024.jpg 993w, https:\/\/cungtenhanoi.com\/wp-content\/uploads\/2021\/03\/61B0EyxNMPL._AC_SL1500_-45x45.jpg 45w\" sizes=\"(max-width: 1306px) 100vw, 1306px\" \/><\/p>\n<p><img loading=\"lazy\" class=\"aligncenter size-full wp-image-1208\" src=\"https:\/\/cungtenhanoi.com\/wp-content\/uploads\/2021\/03\/615CDqorj7L._AC_SL1500_.jpg\" alt=\"\" width=\"1368\" height=\"1382\" srcset=\"https:\/\/cungtenhanoi.com\/wp-content\/uploads\/2021\/03\/615CDqorj7L._AC_SL1500_.jpg 1368w, https:\/\/cungtenhanoi.com\/wp-content\/uploads\/2021\/03\/615CDqorj7L._AC_SL1500_-100x100.jpg 100w, https:\/\/cungtenhanoi.com\/wp-content\/uploads\/2021\/03\/615CDqorj7L._AC_SL1500_-600x606.jpg 600w, https:\/\/cungtenhanoi.com\/wp-content\/uploads\/2021\/03\/615CDqorj7L._AC_SL1500_-64x65.jpg 64w, https:\/\/cungtenhanoi.com\/wp-content\/uploads\/2021\/03\/615CDqorj7L._AC_SL1500_-297x300.jpg 297w, https:\/\/cungtenhanoi.com\/wp-content\/uploads\/2021\/03\/615CDqorj7L._AC_SL1500_-768x776.jpg 768w, https:\/\/cungtenhanoi.com\/wp-content\/uploads\/2021\/03\/615CDqorj7L._AC_SL1500_-1014x1024.jpg 1014w, https:\/\/cungtenhanoi.com\/wp-content\/uploads\/2021\/03\/615CDqorj7L._AC_SL1500_-45x45.jpg 45w\" sizes=\"(max-width: 1368px) 100vw, 1368px\" \/> <img loading=\"lazy\" class=\"aligncenter size-full wp-image-1209\" src=\"https:\/\/cungtenhanoi.com\/wp-content\/uploads\/2021\/03\/6169rxujYtL._AC_SL1500_.jpg\" alt=\"\" width=\"1352\" height=\"629\" srcset=\"https:\/\/cungtenhanoi.com\/wp-content\/uploads\/2021\/03\/6169rxujYtL._AC_SL1500_.jpg 1352w, https:\/\/cungtenhanoi.com\/wp-content\/uploads\/2021\/03\/6169rxujYtL._AC_SL1500_-600x279.jpg 600w, https:\/\/cungtenhanoi.com\/wp-content\/uploads\/2021\/03\/6169rxujYtL._AC_SL1500_-64x30.jpg 64w, https:\/\/cungtenhanoi.com\/wp-content\/uploads\/2021\/03\/6169rxujYtL._AC_SL1500_-300x140.jpg 300w, https:\/\/cungtenhanoi.com\/wp-content\/uploads\/2021\/03\/6169rxujYtL._AC_SL1500_-768x357.jpg 768w, https:\/\/cungtenhanoi.com\/wp-content\/uploads\/2021\/03\/6169rxujYtL._AC_SL1500_-1024x476.jpg 1024w\" sizes=\"(max-width: 1352px) 100vw, 1352px\" \/> <img loading=\"lazy\" class=\"aligncenter size-full wp-image-1210\" src=\"https:\/\/cungtenhanoi.com\/wp-content\/uploads\/2021\/03\/f0b348138da871329aa9f615b0799372.jpg\" alt=\"\" width=\"690\" height=\"690\" srcset=\"https:\/\/cungtenhanoi.com\/wp-content\/uploads\/2021\/03\/f0b348138da871329aa9f615b0799372.jpg 690w, https:\/\/cungtenhanoi.com\/wp-content\/uploads\/2021\/03\/f0b348138da871329aa9f615b0799372-300x300.jpg 300w, https:\/\/cungtenhanoi.com\/wp-content\/uploads\/2021\/03\/f0b348138da871329aa9f615b0799372-100x100.jpg 100w, https:\/\/cungtenhanoi.com\/wp-content\/uploads\/2021\/03\/f0b348138da871329aa9f615b0799372-600x600.jpg 600w, https:\/\/cungtenhanoi.com\/wp-content\/uploads\/2021\/03\/f0b348138da871329aa9f615b0799372-64x64.jpg 64w\" sizes=\"(max-width: 690px) 100vw, 690px\" \/><\/p>\n","protected":false},"excerpt":{"rendered":"","protected":false},"featured_media":1206,"comment_status":"open","ping_status":"closed","template":"","meta":[],"product_cat":[20],"product_tag":[249,225,248],"acf":[],"yoast_head":"<!-- This site is optimized with the Yoast SEO plugin v19.8 - https:\/\/yoast.com\/wordpress\/plugins\/seo\/ -->\n<title>Th\u01b0\u1edbc ng\u1eafm 1817 - Cung T\u00ean H\u00e0 N\u1ed9i<\/title>\n<meta name=\"description\" content=\"mua cung t\u00ean th\u1ec3 thao, mua cung t\u00ean t\u1ea1i h\u00e0 n\u1ed9i, cung tr\u1ee3 l\u1ef1c, cung compound, cung t\u00ean ch\u00ednh h\u00e3ng, cung t\u00ean m\u1ea1nh,cung t\u00ean h\u00e0 n\u1ed9i, cung t\u00ean , mua cung t\u00ean S\u00e0i g\u00f2n , mua m\u0169i t\u00ean b\u1eafn cung , cung b\u1eafn bi s\u1eaft , cung t\u00ean mini\" \/>\n<meta name=\"robots\" content=\"index, follow, max-snippet:-1, max-image-preview:large, max-video-preview:-1\" \/>\n<link rel=\"canonical\" href=\"https:\/\/cungtenhanoi.com\/?product=thuoc-ngam-1817\" \/>\n<meta property=\"og:locale\" content=\"vi_VN\" \/>\n<meta property=\"og:type\" content=\"article\" \/>\n<meta property=\"og:title\" content=\"Th\u01b0\u1edbc ng\u1eafm 1817 - Cung T\u00ean H\u00e0 N\u1ed9i\" \/>\n<meta property=\"og:description\" content=\"mua cung t\u00ean th\u1ec3 thao, mua cung t\u00ean t\u1ea1i h\u00e0 n\u1ed9i, cung tr\u1ee3 l\u1ef1c, cung compound, cung t\u00ean ch\u00ednh h\u00e3ng, cung t\u00ean m\u1ea1nh,cung t\u00ean h\u00e0 n\u1ed9i, cung t\u00ean , mua cung t\u00ean S\u00e0i g\u00f2n , mua m\u0169i t\u00ean b\u1eafn cung , cung b\u1eafn bi s\u1eaft , cung t\u00ean mini\" \/>\n<meta property=\"og:url\" content=\"https:\/\/cungtenhanoi.com\/?product=thuoc-ngam-1817\" \/>\n<meta property=\"og:site_name\" content=\"Cung T\u00ean H\u00e0 N\u1ed9i\" \/>\n<meta property=\"article:modified_time\" content=\"2021-03-14T04:20:25+00:00\" \/>\n<meta property=\"og:image\" content=\"https:\/\/cungtenhanoi.com\/wp-content\/uploads\/2021\/03\/61jCsEnmUsL._AC_SL1500_.jpg\" \/>\n\t<meta property=\"og:image:width\" content=\"1292\" \/>\n\t<meta property=\"og:image:height\" content=\"1250\" \/>\n\t<meta property=\"og:image:type\" content=\"image\/jpeg\" \/>\n<meta name=\"twitter:card\" content=\"summary_large_image\" \/>\n<script type=\"application\/ld+json\" class=\"yoast-schema-graph\">{\"@context\":\"https:\/\/schema.org\",\"@graph\":[{\"@type\":\"WebPage\",\"@id\":\"https:\/\/cungtenhanoi.com\/?product=thuoc-ngam-1817\",\"url\":\"https:\/\/cungtenhanoi.com\/?product=thuoc-ngam-1817\",\"name\":\"Th\u01b0\u1edbc ng\u1eafm 1817 - Cung T\u00ean H\u00e0 N\u1ed9i\",\"isPartOf\":{\"@id\":\"https:\/\/cungtenhanoi.com\/#website\"},\"datePublished\":\"2021-03-14T04:10:24+00:00\",\"dateModified\":\"2021-03-14T04:20:25+00:00\",\"description\":\"mua cung t\u00ean th\u1ec3 thao, mua cung t\u00ean t\u1ea1i h\u00e0 n\u1ed9i, cung tr\u1ee3 l\u1ef1c, cung compound, cung t\u00ean ch\u00ednh h\u00e3ng, cung t\u00ean m\u1ea1nh,cung t\u00ean h\u00e0 n\u1ed9i, cung t\u00ean , mua cung t\u00ean S\u00e0i g\u00f2n , mua m\u0169i t\u00ean b\u1eafn cung , cung b\u1eafn bi s\u1eaft , cung t\u00ean mini\",\"breadcrumb\":{\"@id\":\"https:\/\/cungtenhanoi.com\/?product=thuoc-ngam-1817#breadcrumb\"},\"inLanguage\":\"vi\",\"potentialAction\":[{\"@type\":\"ReadAction\",\"target\":[\"https:\/\/cungtenhanoi.com\/?product=thuoc-ngam-1817\"]}]},{\"@type\":\"BreadcrumbList\",\"@id\":\"https:\/\/cungtenhanoi.com\/?product=thuoc-ngam-1817#breadcrumb\",\"itemListElement\":[{\"@type\":\"ListItem\",\"position\":1,\"name\":\"Trang ch\u1ee7\",\"item\":\"https:\/\/cungtenhanoi.com\/\"},{\"@type\":\"ListItem\",\"position\":2,\"name\":\"Shop\",\"item\":\"https:\/\/cungtenhanoi.com\/?page_id=6\"},{\"@type\":\"ListItem\",\"position\":3,\"name\":\"Ph\u1ee5 ki\u1ec7n\",\"item\":\"https:\/\/cungtenhanoi.com\/danh-muc\/phu-kien\/\"},{\"@type\":\"ListItem\",\"position\":4,\"name\":\"Th\u01b0\u1edbc ng\u1eafm 1817\"}]},{\"@type\":\"WebSite\",\"@id\":\"https:\/\/cungtenhanoi.com\/#website\",\"url\":\"https:\/\/cungtenhanoi.com\/\",\"name\":\"Cung T\u00ean H\u00e0 N\u1ed9i\",\"description\":\"Cung c\u1ea5p c\u00e1c lo\u1ea1i cung t\u00ean th\u1ec3 thao s\u1ed1 1 Vi\u1ec7t Nam\",\"publisher\":{\"@id\":\"https:\/\/cungtenhanoi.com\/#organization\"},\"potentialAction\":[{\"@type\":\"SearchAction\",\"target\":{\"@type\":\"EntryPoint\",\"urlTemplate\":\"https:\/\/cungtenhanoi.com\/?s={search_term_string}\"},\"query-input\":\"required name=search_term_string\"}],\"inLanguage\":\"vi\"},{\"@type\":\"Organization\",\"@id\":\"https:\/\/cungtenhanoi.com\/#organization\",\"name\":\"Cung T\u00ean H\u00e0 N\u1ed9i\",\"url\":\"https:\/\/cungtenhanoi.com\/\",\"sameAs\":[],\"logo\":{\"@type\":\"ImageObject\",\"inLanguage\":\"vi\",\"@id\":\"https:\/\/cungtenhanoi.com\/#\/schema\/logo\/image\/\",\"url\":\"https:\/\/cungtenhanoi.com\/wp-content\/uploads\/2025\/05\/logo-den-trang.jpg\",\"contentUrl\":\"https:\/\/cungtenhanoi.com\/wp-content\/uploads\/2025\/05\/logo-den-trang.jpg\",\"width\":450,\"height\":450,\"caption\":\"Cung T\u00ean H\u00e0 N\u1ed9i\"},\"image\":{\"@id\":\"https:\/\/cungtenhanoi.com\/#\/schema\/logo\/image\/\"}}]}<\/script>\n<!-- \/ Yoast SEO plugin. -->","yoast_head_json":{"title":"Th\u01b0\u1edbc ng\u1eafm 1817 - Cung T\u00ean H\u00e0 N\u1ed9i","description":"mua cung t\u00ean th\u1ec3 thao, mua cung t\u00ean t\u1ea1i h\u00e0 n\u1ed9i, cung tr\u1ee3 l\u1ef1c, cung compound, cung t\u00ean ch\u00ednh h\u00e3ng, cung t\u00ean m\u1ea1nh,cung t\u00ean h\u00e0 n\u1ed9i, cung t\u00ean , mua cung t\u00ean S\u00e0i g\u00f2n , mua m\u0169i t\u00ean b\u1eafn cung , cung b\u1eafn bi s\u1eaft , cung t\u00ean mini","robots":{"index":"index","follow":"follow","max-snippet":"max-snippet:-1","max-image-preview":"max-image-preview:large","max-video-preview":"max-video-preview:-1"},"canonical":"https:\/\/cungtenhanoi.com\/?product=thuoc-ngam-1817","og_locale":"vi_VN","og_type":"article","og_title":"Th\u01b0\u1edbc ng\u1eafm 1817 - Cung T\u00ean H\u00e0 N\u1ed9i","og_description":"mua cung t\u00ean th\u1ec3 thao, mua cung t\u00ean t\u1ea1i h\u00e0 n\u1ed9i, cung tr\u1ee3 l\u1ef1c, cung compound, cung t\u00ean ch\u00ednh h\u00e3ng, cung t\u00ean m\u1ea1nh,cung t\u00ean h\u00e0 n\u1ed9i, cung t\u00ean , mua cung t\u00ean S\u00e0i g\u00f2n , mua m\u0169i t\u00ean b\u1eafn cung , cung b\u1eafn bi s\u1eaft , cung t\u00ean mini","og_url":"https:\/\/cungtenhanoi.com\/?product=thuoc-ngam-1817","og_site_name":"Cung T\u00ean H\u00e0 N\u1ed9i","article_modified_time":"2021-03-14T04:20:25+00:00","og_image":[{"width":1292,"height":1250,"url":"https:\/\/cungtenhanoi.com\/wp-content\/uploads\/2021\/03\/61jCsEnmUsL._AC_SL1500_.jpg","type":"image\/jpeg"}],"twitter_card":"summary_large_image","schema":{"@context":"https:\/\/schema.org","@graph":[{"@type":"WebPage","@id":"https:\/\/cungtenhanoi.com\/?product=thuoc-ngam-1817","url":"https:\/\/cungtenhanoi.com\/?product=thuoc-ngam-1817","name":"Th\u01b0\u1edbc ng\u1eafm 1817 - Cung T\u00ean H\u00e0 N\u1ed9i","isPartOf":{"@id":"https:\/\/cungtenhanoi.com\/#website"},"datePublished":"2021-03-14T04:10:24+00:00","dateModified":"2021-03-14T04:20:25+00:00","description":"mua cung t\u00ean th\u1ec3 thao, mua cung t\u00ean t\u1ea1i h\u00e0 n\u1ed9i, cung tr\u1ee3 l\u1ef1c, cung compound, cung t\u00ean ch\u00ednh h\u00e3ng, cung t\u00ean m\u1ea1nh,cung t\u00ean h\u00e0 n\u1ed9i, cung t\u00ean , mua cung t\u00ean S\u00e0i g\u00f2n , mua m\u0169i t\u00ean b\u1eafn cung , cung b\u1eafn bi s\u1eaft , cung t\u00ean mini","breadcrumb":{"@id":"https:\/\/cungtenhanoi.com\/?product=thuoc-ngam-1817#breadcrumb"},"inLanguage":"vi","potentialAction":[{"@type":"ReadAction","target":["https:\/\/cungtenhanoi.com\/?product=thuoc-ngam-1817"]}]},{"@type":"BreadcrumbList","@id":"https:\/\/cungtenhanoi.com\/?product=thuoc-ngam-1817#breadcrumb","itemListElement":[{"@type":"ListItem","position":1,"name":"Trang ch\u1ee7","item":"https:\/\/cungtenhanoi.com\/"},{"@type":"ListItem","position":2,"name":"Shop","item":"https:\/\/cungtenhanoi.com\/?page_id=6"},{"@type":"ListItem","position":3,"name":"Ph\u1ee5 ki\u1ec7n","item":"https:\/\/cungtenhanoi.com\/danh-muc\/phu-kien\/"},{"@type":"ListItem","position":4,"name":"Th\u01b0\u1edbc ng\u1eafm 1817"}]},{"@type":"WebSite","@id":"https:\/\/cungtenhanoi.com\/#website","url":"https:\/\/cungtenhanoi.com\/","name":"Cung T\u00ean H\u00e0 N\u1ed9i","description":"Cung c\u1ea5p c\u00e1c lo\u1ea1i cung t\u00ean th\u1ec3 thao s\u1ed1 1 Vi\u1ec7t Nam","publisher":{"@id":"https:\/\/cungtenhanoi.com\/#organization"},"potentialAction":[{"@type":"SearchAction","target":{"@type":"EntryPoint","urlTemplate":"https:\/\/cungtenhanoi.com\/?s={search_term_string}"},"query-input":"required name=search_term_string"}],"inLanguage":"vi"},{"@type":"Organization","@id":"https:\/\/cungtenhanoi.com\/#organization","name":"Cung T\u00ean H\u00e0 N\u1ed9i","url":"https:\/\/cungtenhanoi.com\/","sameAs":[],"logo":{"@type":"ImageObject","inLanguage":"vi","@id":"https:\/\/cungtenhanoi.com\/#\/schema\/logo\/image\/","url":"https:\/\/cungtenhanoi.com\/wp-content\/uploads\/2025\/05\/logo-den-trang.jpg","contentUrl":"https:\/\/cungtenhanoi.com\/wp-content\/uploads\/2025\/05\/logo-den-trang.jpg","width":450,"height":450,"caption":"Cung T\u00ean H\u00e0 N\u1ed9i"},"image":{"@id":"https:\/\/cungtenhanoi.com\/#\/schema\/logo\/image\/"}}]}},"_links":{"self":[{"href":"https:\/\/cungtenhanoi.com\/index.php?rest_route=\/wp\/v2\/product\/1204"}],"collection":[{"href":"https:\/\/cungtenhanoi.com\/index.php?rest_route=\/wp\/v2\/product"}],"about":[{"href":"https:\/\/cungtenhanoi.com\/index.php?rest_route=\/wp\/v2\/types\/product"}],"replies":[{"embeddable":true,"href":"https:\/\/cungtenhanoi.com\/index.php?rest_route=%2Fwp%2Fv2%2Fcomments&post=1204"}],"wp:featuredmedia":[{"embeddable":true,"href":"https:\/\/cungtenhanoi.com\/index.php?rest_route=\/wp\/v2\/media\/1206"}],"wp:attachment":[{"href":"https:\/\/cungtenhanoi.com\/index.php?rest_route=%2Fwp%2Fv2%2Fmedia&parent=1204"}],"wp:term":[{"taxonomy":"product_cat","embeddable":true,"href":"https:\/\/cungtenhanoi.com\/index.php?rest_route=%2Fwp%2Fv2%2Fproduct_cat&post=1204"},{"taxonomy":"product_tag","embeddable":true,"href":"https:\/\/cungtenhanoi.com\/index.php?rest_route=%2Fwp%2Fv2%2Fproduct_tag&post=1204"}],"curies":[{"name":"wp","href":"https:\/\/api.w.org\/{rel}","templated":true}]}}