{"id":1219,"date":"2021-03-15T16:41:33","date_gmt":"2021-03-15T09:41:33","guid":{"rendered":"https:\/\/cungtenhanoi.com\/?post_type=product&#038;p=1219"},"modified":"2025-12-04T08:06:59","modified_gmt":"2025-12-04T01:06:59","slug":"bia-rom","status":"publish","type":"product","link":"https:\/\/cungtenhanoi.com\/?product=bia-rom","title":{"rendered":"Bia r\u01a1m tr\u00f2n"},"content":{"rendered":"<p style=\"text-align: center;\">Bia r\u01a1m m\u1ee5c ti\u00eau<br \/>\n\u0110\u01b0\u1eddng k\u00ednh 50cm x6cm<\/p>\n<p><img loading=\"lazy\" class=\"alignnone size-medium wp-image-15869\" src=\"https:\/\/cungtenhanoi.com\/wp-content\/uploads\/2021\/03\/IMG_2632-533x400.jpeg\" alt=\"\" width=\"533\" height=\"400\" srcset=\"https:\/\/cungtenhanoi.com\/wp-content\/uploads\/2021\/03\/IMG_2632-533x400.jpeg 533w, https:\/\/cungtenhanoi.com\/wp-content\/uploads\/2021\/03\/IMG_2632-1067x800.jpeg 1067w, https:\/\/cungtenhanoi.com\/wp-content\/uploads\/2021\/03\/IMG_2632-768x576.jpeg 768w, https:\/\/cungtenhanoi.com\/wp-content\/uploads\/2021\/03\/IMG_2632-1536x1152.jpeg 1536w, https:\/\/cungtenhanoi.com\/wp-content\/uploads\/2021\/03\/IMG_2632-2048x1536.jpeg 2048w, https:\/\/cungtenhanoi.com\/wp-content\/uploads\/2021\/03\/IMG_2632-600x450.jpeg 600w, https:\/\/cungtenhanoi.com\/wp-content\/uploads\/2021\/03\/IMG_2632-64x48.jpeg 64w\" sizes=\"(max-width: 533px) 100vw, 533px\" \/><img loading=\"lazy\" class=\"alignnone size-medium wp-image-15867\" src=\"https:\/\/cungtenhanoi.com\/wp-content\/uploads\/2021\/03\/IMG_4947-260x400.jpeg\" alt=\"\" width=\"260\" height=\"400\" srcset=\"https:\/\/cungtenhanoi.com\/wp-content\/uploads\/2021\/03\/IMG_4947-260x400.jpeg 260w, https:\/\/cungtenhanoi.com\/wp-content\/uploads\/2021\/03\/IMG_4947-521x800.jpeg 521w, https:\/\/cungtenhanoi.com\/wp-content\/uploads\/2021\/03\/IMG_4947-768x1180.jpeg 768w, https:\/\/cungtenhanoi.com\/wp-content\/uploads\/2021\/03\/IMG_4947-1000x1536.jpeg 1000w, https:\/\/cungtenhanoi.com\/wp-content\/uploads\/2021\/03\/IMG_4947-1333x2048.jpeg 1333w, https:\/\/cungtenhanoi.com\/wp-content\/uploads\/2021\/03\/IMG_4947-600x922.jpeg 600w, https:\/\/cungtenhanoi.com\/wp-content\/uploads\/2021\/03\/IMG_4947-64x98.jpeg 64w, https:\/\/cungtenhanoi.com\/wp-content\/uploads\/2021\/03\/IMG_4947-scaled.jpeg 1666w\" sizes=\"(max-width: 260px) 100vw, 260px\" \/><img loading=\"lazy\" class=\"alignnone size-medium wp-image-15872\" src=\"https:\/\/cungtenhanoi.com\/wp-content\/uploads\/2021\/03\/IMG_7022-237x400.jpeg\" alt=\"\" width=\"237\" height=\"400\" srcset=\"https:\/\/cungtenhanoi.com\/wp-content\/uploads\/2021\/03\/IMG_7022-237x400.jpeg 237w, https:\/\/cungtenhanoi.com\/wp-content\/uploads\/2021\/03\/IMG_7022-473x800.jpeg 473w, https:\/\/cungtenhanoi.com\/wp-content\/uploads\/2021\/03\/IMG_7022-768x1298.jpeg 768w, https:\/\/cungtenhanoi.com\/wp-content\/uploads\/2021\/03\/IMG_7022-909x1536.jpeg 909w, https:\/\/cungtenhanoi.com\/wp-content\/uploads\/2021\/03\/IMG_7022-1212x2048.jpeg 1212w, https:\/\/cungtenhanoi.com\/wp-content\/uploads\/2021\/03\/IMG_7022-600x1014.jpeg 600w, https:\/\/cungtenhanoi.com\/wp-content\/uploads\/2021\/03\/IMG_7022-64x108.jpeg 64w, https:\/\/cungtenhanoi.com\/wp-content\/uploads\/2021\/03\/IMG_7022-scaled.jpeg 1515w\" sizes=\"(max-width: 237px) 100vw, 237px\" \/><img loading=\"lazy\" class=\"alignnone size-medium wp-image-15871\" src=\"https:\/\/cungtenhanoi.com\/wp-content\/uploads\/2021\/03\/IMG_1550-533x400.jpeg\" alt=\"\" width=\"533\" height=\"400\" srcset=\"https:\/\/cungtenhanoi.com\/wp-content\/uploads\/2021\/03\/IMG_1550-533x400.jpeg 533w, https:\/\/cungtenhanoi.com\/wp-content\/uploads\/2021\/03\/IMG_1550-1067x800.jpeg 1067w, https:\/\/cungtenhanoi.com\/wp-content\/uploads\/2021\/03\/IMG_1550-768x576.jpeg 768w, https:\/\/cungtenhanoi.com\/wp-content\/uploads\/2021\/03\/IMG_1550-1536x1152.jpeg 1536w, https:\/\/cungtenhanoi.com\/wp-content\/uploads\/2021\/03\/IMG_1550-2048x1536.jpeg 2048w, https:\/\/cungtenhanoi.com\/wp-content\/uploads\/2021\/03\/IMG_1550-600x450.jpeg 600w, https:\/\/cungtenhanoi.com\/wp-content\/uploads\/2021\/03\/IMG_1550-64x48.jpeg 64w\" sizes=\"(max-width: 533px) 100vw, 533px\" \/><img loading=\"lazy\" class=\"alignnone size-medium wp-image-15870\" src=\"https:\/\/cungtenhanoi.com\/wp-content\/uploads\/2021\/03\/IMG_2308-300x400.jpeg\" alt=\"\" width=\"300\" height=\"400\" srcset=\"https:\/\/cungtenhanoi.com\/wp-content\/uploads\/2021\/03\/IMG_2308-300x400.jpeg 300w, https:\/\/cungtenhanoi.com\/wp-content\/uploads\/2021\/03\/IMG_2308-600x800.jpeg 600w, https:\/\/cungtenhanoi.com\/wp-content\/uploads\/2021\/03\/IMG_2308-768x1024.jpeg 768w, https:\/\/cungtenhanoi.com\/wp-content\/uploads\/2021\/03\/IMG_2308-1152x1536.jpeg 1152w, https:\/\/cungtenhanoi.com\/wp-content\/uploads\/2021\/03\/IMG_2308-1536x2048.jpeg 1536w, https:\/\/cungtenhanoi.com\/wp-content\/uploads\/2021\/03\/IMG_2308-64x85.jpeg 64w, https:\/\/cungtenhanoi.com\/wp-content\/uploads\/2021\/03\/IMG_2308-scaled.jpeg 1920w\" sizes=\"(max-width: 300px) 100vw, 300px\" \/><\/p>\n<p style=\"text-align: center;\"><img loading=\"lazy\" class=\"aligncenter size-full wp-image-1220\" src=\"https:\/\/cungtenhanoi.com\/wp-content\/uploads\/2021\/03\/TB2.HRSvB0kpuFjy1zdXXXuUVXa_2831590065.png\" alt=\"\" width=\"754\" height=\"752\" srcset=\"https:\/\/cungtenhanoi.com\/wp-content\/uploads\/2021\/03\/TB2.HRSvB0kpuFjy1zdXXXuUVXa_2831590065.png 754w, https:\/\/cungtenhanoi.com\/wp-content\/uploads\/2021\/03\/TB2.HRSvB0kpuFjy1zdXXXuUVXa_2831590065-300x300.png 300w, https:\/\/cungtenhanoi.com\/wp-content\/uploads\/2021\/03\/TB2.HRSvB0kpuFjy1zdXXXuUVXa_2831590065-100x100.png 100w, https:\/\/cungtenhanoi.com\/wp-content\/uploads\/2021\/03\/TB2.HRSvB0kpuFjy1zdXXXuUVXa_2831590065-600x598.png 600w, https:\/\/cungtenhanoi.com\/wp-content\/uploads\/2021\/03\/TB2.HRSvB0kpuFjy1zdXXXuUVXa_2831590065-64x64.png 64w, https:\/\/cungtenhanoi.com\/wp-content\/uploads\/2021\/03\/TB2.HRSvB0kpuFjy1zdXXXuUVXa_2831590065-150x150.png 150w, https:\/\/cungtenhanoi.com\/wp-content\/uploads\/2021\/03\/TB2.HRSvB0kpuFjy1zdXXXuUVXa_2831590065-180x180.png 180w, https:\/\/cungtenhanoi.com\/wp-content\/uploads\/2021\/03\/TB2.HRSvB0kpuFjy1zdXXXuUVXa_2831590065-45x45.png 45w\" sizes=\"(max-width: 754px) 100vw, 754px\" \/> <img loading=\"lazy\" class=\"aligncenter size-full wp-image-1221\" src=\"https:\/\/cungtenhanoi.com\/wp-content\/uploads\/2021\/03\/TB2BPZygNXlpuFjSsphXXbJOXXa_2831590065.png\" alt=\"\" width=\"750\" height=\"512\" srcset=\"https:\/\/cungtenhanoi.com\/wp-content\/uploads\/2021\/03\/TB2BPZygNXlpuFjSsphXXbJOXXa_2831590065.png 750w, https:\/\/cungtenhanoi.com\/wp-content\/uploads\/2021\/03\/TB2BPZygNXlpuFjSsphXXbJOXXa_2831590065-600x410.png 600w, https:\/\/cungtenhanoi.com\/wp-content\/uploads\/2021\/03\/TB2BPZygNXlpuFjSsphXXbJOXXa_2831590065-64x44.png 64w\" sizes=\"(max-width: 750px) 100vw, 750px\" \/> <img loading=\"lazy\" class=\"aligncenter size-full wp-image-1222\" src=\"https:\/\/cungtenhanoi.com\/wp-content\/uploads\/2021\/03\/TB2BQCzihxmpuFjSZFNXXXrRXXa_2831590065.png\" alt=\"\" width=\"750\" height=\"615\" srcset=\"https:\/\/cungtenhanoi.com\/wp-content\/uploads\/2021\/03\/TB2BQCzihxmpuFjSZFNXXXrRXXa_2831590065.png 750w, https:\/\/cungtenhanoi.com\/wp-content\/uploads\/2021\/03\/TB2BQCzihxmpuFjSZFNXXXrRXXa_2831590065-600x492.png 600w, https:\/\/cungtenhanoi.com\/wp-content\/uploads\/2021\/03\/TB2BQCzihxmpuFjSZFNXXXrRXXa_2831590065-64x52.png 64w, https:\/\/cungtenhanoi.com\/wp-content\/uploads\/2021\/03\/TB2BQCzihxmpuFjSZFNXXXrRXXa_2831590065-300x246.png 300w\" sizes=\"(max-width: 750px) 100vw, 750px\" \/> <img loading=\"lazy\" class=\"aligncenter size-full wp-image-1223\" src=\"https:\/\/cungtenhanoi.com\/wp-content\/uploads\/2021\/03\/TB2LocikKtTMeFjSZFOXXaTiVXa_2831590065.jpg\" alt=\"\" width=\"750\" height=\"562\" srcset=\"https:\/\/cungtenhanoi.com\/wp-content\/uploads\/2021\/03\/TB2LocikKtTMeFjSZFOXXaTiVXa_2831590065.jpg 750w, https:\/\/cungtenhanoi.com\/wp-content\/uploads\/2021\/03\/TB2LocikKtTMeFjSZFOXXaTiVXa_2831590065-600x450.jpg 600w, https:\/\/cungtenhanoi.com\/wp-content\/uploads\/2021\/03\/TB2LocikKtTMeFjSZFOXXaTiVXa_2831590065-64x48.jpg 64w, https:\/\/cungtenhanoi.com\/wp-content\/uploads\/2021\/03\/TB2LocikKtTMeFjSZFOXXaTiVXa_2831590065-300x225.jpg 300w, https:\/\/cungtenhanoi.com\/wp-content\/uploads\/2021\/03\/TB2LocikKtTMeFjSZFOXXaTiVXa_2831590065-480x360.jpg 480w\" sizes=\"(max-width: 750px) 100vw, 750px\" \/><\/p>\n","protected":false},"excerpt":{"rendered":"<p>Bia r\u01a1m m\u1ee5c ti\u00eau \u0110\u01b0\u1eddng k\u00ednh 50cm x6cm<\/p>\n","protected":false},"featured_media":1221,"comment_status":"open","ping_status":"closed","template":"","meta":[],"product_cat":[20],"product_tag":[252],"acf":[],"yoast_head":"<!-- This site is optimized with the Yoast SEO plugin v19.8 - https:\/\/yoast.com\/wordpress\/plugins\/seo\/ -->\n<title>Bia r\u01a1m tr\u00f2n - Cung T\u00ean H\u00e0 N\u1ed9i<\/title>\n<meta name=\"description\" content=\"mua cung t\u00ean th\u1ec3 thao, mua cung t\u00ean t\u1ea1i h\u00e0 n\u1ed9i, cung tr\u1ee3 l\u1ef1c, cung compound, cung t\u00ean ch\u00ednh h\u00e3ng, cung t\u00ean m\u1ea1nh,cung t\u00ean h\u00e0 n\u1ed9i, cung t\u00ean , mua cung t\u00ean S\u00e0i g\u00f2n , mua m\u0169i t\u00ean b\u1eafn cung , cung b\u1eafn bi s\u1eaft , cung t\u00ean mini\" \/>\n<meta name=\"robots\" content=\"index, follow, max-snippet:-1, max-image-preview:large, max-video-preview:-1\" \/>\n<link rel=\"canonical\" href=\"https:\/\/cungtenhanoi.com\/?product=bia-rom\" \/>\n<meta property=\"og:locale\" content=\"vi_VN\" \/>\n<meta property=\"og:type\" content=\"article\" \/>\n<meta property=\"og:title\" content=\"Bia r\u01a1m tr\u00f2n - Cung T\u00ean H\u00e0 N\u1ed9i\" \/>\n<meta property=\"og:description\" content=\"mua cung t\u00ean th\u1ec3 thao, mua cung t\u00ean t\u1ea1i h\u00e0 n\u1ed9i, cung tr\u1ee3 l\u1ef1c, cung compound, cung t\u00ean ch\u00ednh h\u00e3ng, cung t\u00ean m\u1ea1nh,cung t\u00ean h\u00e0 n\u1ed9i, cung t\u00ean , mua cung t\u00ean S\u00e0i g\u00f2n , mua m\u0169i t\u00ean b\u1eafn cung , cung b\u1eafn bi s\u1eaft , cung t\u00ean mini\" \/>\n<meta property=\"og:url\" content=\"https:\/\/cungtenhanoi.com\/?product=bia-rom\" \/>\n<meta property=\"og:site_name\" content=\"Cung T\u00ean H\u00e0 N\u1ed9i\" \/>\n<meta property=\"article:modified_time\" content=\"2025-12-04T01:06:59+00:00\" \/>\n<meta property=\"og:image\" content=\"https:\/\/cungtenhanoi.com\/wp-content\/uploads\/2021\/03\/TB2BPZygNXlpuFjSsphXXbJOXXa_2831590065.png\" \/>\n\t<meta property=\"og:image:width\" content=\"750\" \/>\n\t<meta property=\"og:image:height\" content=\"512\" \/>\n\t<meta property=\"og:image:type\" content=\"image\/png\" \/>\n<meta name=\"twitter:card\" content=\"summary_large_image\" \/>\n<meta name=\"twitter:label1\" content=\"\u01af\u1edbc t\u00ednh th\u1eddi gian \u0111\u1ecdc\" \/>\n\t<meta name=\"twitter:data1\" content=\"2 ph\u00fat\" \/>\n<script type=\"application\/ld+json\" class=\"yoast-schema-graph\">{\"@context\":\"https:\/\/schema.org\",\"@graph\":[{\"@type\":\"WebPage\",\"@id\":\"https:\/\/cungtenhanoi.com\/?product=bia-rom\",\"url\":\"https:\/\/cungtenhanoi.com\/?product=bia-rom\",\"name\":\"Bia r\u01a1m tr\u00f2n - Cung T\u00ean H\u00e0 N\u1ed9i\",\"isPartOf\":{\"@id\":\"https:\/\/cungtenhanoi.com\/#website\"},\"datePublished\":\"2021-03-15T09:41:33+00:00\",\"dateModified\":\"2025-12-04T01:06:59+00:00\",\"description\":\"mua cung t\u00ean th\u1ec3 thao, mua cung t\u00ean t\u1ea1i h\u00e0 n\u1ed9i, cung tr\u1ee3 l\u1ef1c, cung compound, cung t\u00ean ch\u00ednh h\u00e3ng, cung t\u00ean m\u1ea1nh,cung t\u00ean h\u00e0 n\u1ed9i, cung t\u00ean , mua cung t\u00ean S\u00e0i g\u00f2n , mua m\u0169i t\u00ean b\u1eafn cung , cung b\u1eafn bi s\u1eaft , cung t\u00ean mini\",\"breadcrumb\":{\"@id\":\"https:\/\/cungtenhanoi.com\/?product=bia-rom#breadcrumb\"},\"inLanguage\":\"vi\",\"potentialAction\":[{\"@type\":\"ReadAction\",\"target\":[\"https:\/\/cungtenhanoi.com\/?product=bia-rom\"]}]},{\"@type\":\"BreadcrumbList\",\"@id\":\"https:\/\/cungtenhanoi.com\/?product=bia-rom#breadcrumb\",\"itemListElement\":[{\"@type\":\"ListItem\",\"position\":1,\"name\":\"Trang ch\u1ee7\",\"item\":\"https:\/\/cungtenhanoi.com\/\"},{\"@type\":\"ListItem\",\"position\":2,\"name\":\"Shop\",\"item\":\"https:\/\/cungtenhanoi.com\/?page_id=6\"},{\"@type\":\"ListItem\",\"position\":3,\"name\":\"Ph\u1ee5 ki\u1ec7n\",\"item\":\"https:\/\/cungtenhanoi.com\/danh-muc\/phu-kien\/\"},{\"@type\":\"ListItem\",\"position\":4,\"name\":\"Bia r\u01a1m tr\u00f2n\"}]},{\"@type\":\"WebSite\",\"@id\":\"https:\/\/cungtenhanoi.com\/#website\",\"url\":\"https:\/\/cungtenhanoi.com\/\",\"name\":\"Cung T\u00ean H\u00e0 N\u1ed9i\",\"description\":\"Cung c\u1ea5p c\u00e1c lo\u1ea1i cung t\u00ean th\u1ec3 thao s\u1ed1 1 Vi\u1ec7t Nam\",\"publisher\":{\"@id\":\"https:\/\/cungtenhanoi.com\/#organization\"},\"potentialAction\":[{\"@type\":\"SearchAction\",\"target\":{\"@type\":\"EntryPoint\",\"urlTemplate\":\"https:\/\/cungtenhanoi.com\/?s={search_term_string}\"},\"query-input\":\"required name=search_term_string\"}],\"inLanguage\":\"vi\"},{\"@type\":\"Organization\",\"@id\":\"https:\/\/cungtenhanoi.com\/#organization\",\"name\":\"Cung T\u00ean H\u00e0 N\u1ed9i\",\"url\":\"https:\/\/cungtenhanoi.com\/\",\"sameAs\":[],\"logo\":{\"@type\":\"ImageObject\",\"inLanguage\":\"vi\",\"@id\":\"https:\/\/cungtenhanoi.com\/#\/schema\/logo\/image\/\",\"url\":\"https:\/\/cungtenhanoi.com\/wp-content\/uploads\/2025\/05\/logo-den-trang.jpg\",\"contentUrl\":\"https:\/\/cungtenhanoi.com\/wp-content\/uploads\/2025\/05\/logo-den-trang.jpg\",\"width\":450,\"height\":450,\"caption\":\"Cung T\u00ean H\u00e0 N\u1ed9i\"},\"image\":{\"@id\":\"https:\/\/cungtenhanoi.com\/#\/schema\/logo\/image\/\"}}]}<\/script>\n<!-- \/ Yoast SEO plugin. -->","yoast_head_json":{"title":"Bia r\u01a1m tr\u00f2n - Cung T\u00ean H\u00e0 N\u1ed9i","description":"mua cung t\u00ean th\u1ec3 thao, mua cung t\u00ean t\u1ea1i h\u00e0 n\u1ed9i, cung tr\u1ee3 l\u1ef1c, cung compound, cung t\u00ean ch\u00ednh h\u00e3ng, cung t\u00ean m\u1ea1nh,cung t\u00ean h\u00e0 n\u1ed9i, cung t\u00ean , mua cung t\u00ean S\u00e0i g\u00f2n , mua m\u0169i t\u00ean b\u1eafn cung , cung b\u1eafn bi s\u1eaft , cung t\u00ean mini","robots":{"index":"index","follow":"follow","max-snippet":"max-snippet:-1","max-image-preview":"max-image-preview:large","max-video-preview":"max-video-preview:-1"},"canonical":"https:\/\/cungtenhanoi.com\/?product=bia-rom","og_locale":"vi_VN","og_type":"article","og_title":"Bia r\u01a1m tr\u00f2n - Cung T\u00ean H\u00e0 N\u1ed9i","og_description":"mua cung t\u00ean th\u1ec3 thao, mua cung t\u00ean t\u1ea1i h\u00e0 n\u1ed9i, cung tr\u1ee3 l\u1ef1c, cung compound, cung t\u00ean ch\u00ednh h\u00e3ng, cung t\u00ean m\u1ea1nh,cung t\u00ean h\u00e0 n\u1ed9i, cung t\u00ean , mua cung t\u00ean S\u00e0i g\u00f2n , mua m\u0169i t\u00ean b\u1eafn cung , cung b\u1eafn bi s\u1eaft , cung t\u00ean mini","og_url":"https:\/\/cungtenhanoi.com\/?product=bia-rom","og_site_name":"Cung T\u00ean H\u00e0 N\u1ed9i","article_modified_time":"2025-12-04T01:06:59+00:00","og_image":[{"width":750,"height":512,"url":"https:\/\/cungtenhanoi.com\/wp-content\/uploads\/2021\/03\/TB2BPZygNXlpuFjSsphXXbJOXXa_2831590065.png","type":"image\/png"}],"twitter_card":"summary_large_image","twitter_misc":{"\u01af\u1edbc t\u00ednh th\u1eddi gian \u0111\u1ecdc":"2 ph\u00fat"},"schema":{"@context":"https:\/\/schema.org","@graph":[{"@type":"WebPage","@id":"https:\/\/cungtenhanoi.com\/?product=bia-rom","url":"https:\/\/cungtenhanoi.com\/?product=bia-rom","name":"Bia r\u01a1m tr\u00f2n - Cung T\u00ean H\u00e0 N\u1ed9i","isPartOf":{"@id":"https:\/\/cungtenhanoi.com\/#website"},"datePublished":"2021-03-15T09:41:33+00:00","dateModified":"2025-12-04T01:06:59+00:00","description":"mua cung t\u00ean th\u1ec3 thao, mua cung t\u00ean t\u1ea1i h\u00e0 n\u1ed9i, cung tr\u1ee3 l\u1ef1c, cung compound, cung t\u00ean ch\u00ednh h\u00e3ng, cung t\u00ean m\u1ea1nh,cung t\u00ean h\u00e0 n\u1ed9i, cung t\u00ean , mua cung t\u00ean S\u00e0i g\u00f2n , mua m\u0169i t\u00ean b\u1eafn cung , cung b\u1eafn bi s\u1eaft , cung t\u00ean mini","breadcrumb":{"@id":"https:\/\/cungtenhanoi.com\/?product=bia-rom#breadcrumb"},"inLanguage":"vi","potentialAction":[{"@type":"ReadAction","target":["https:\/\/cungtenhanoi.com\/?product=bia-rom"]}]},{"@type":"BreadcrumbList","@id":"https:\/\/cungtenhanoi.com\/?product=bia-rom#breadcrumb","itemListElement":[{"@type":"ListItem","position":1,"name":"Trang ch\u1ee7","item":"https:\/\/cungtenhanoi.com\/"},{"@type":"ListItem","position":2,"name":"Shop","item":"https:\/\/cungtenhanoi.com\/?page_id=6"},{"@type":"ListItem","position":3,"name":"Ph\u1ee5 ki\u1ec7n","item":"https:\/\/cungtenhanoi.com\/danh-muc\/phu-kien\/"},{"@type":"ListItem","position":4,"name":"Bia r\u01a1m tr\u00f2n"}]},{"@type":"WebSite","@id":"https:\/\/cungtenhanoi.com\/#website","url":"https:\/\/cungtenhanoi.com\/","name":"Cung T\u00ean H\u00e0 N\u1ed9i","description":"Cung c\u1ea5p c\u00e1c lo\u1ea1i cung t\u00ean th\u1ec3 thao s\u1ed1 1 Vi\u1ec7t Nam","publisher":{"@id":"https:\/\/cungtenhanoi.com\/#organization"},"potentialAction":[{"@type":"SearchAction","target":{"@type":"EntryPoint","urlTemplate":"https:\/\/cungtenhanoi.com\/?s={search_term_string}"},"query-input":"required name=search_term_string"}],"inLanguage":"vi"},{"@type":"Organization","@id":"https:\/\/cungtenhanoi.com\/#organization","name":"Cung T\u00ean H\u00e0 N\u1ed9i","url":"https:\/\/cungtenhanoi.com\/","sameAs":[],"logo":{"@type":"ImageObject","inLanguage":"vi","@id":"https:\/\/cungtenhanoi.com\/#\/schema\/logo\/image\/","url":"https:\/\/cungtenhanoi.com\/wp-content\/uploads\/2025\/05\/logo-den-trang.jpg","contentUrl":"https:\/\/cungtenhanoi.com\/wp-content\/uploads\/2025\/05\/logo-den-trang.jpg","width":450,"height":450,"caption":"Cung T\u00ean H\u00e0 N\u1ed9i"},"image":{"@id":"https:\/\/cungtenhanoi.com\/#\/schema\/logo\/image\/"}}]}},"_links":{"self":[{"href":"https:\/\/cungtenhanoi.com\/index.php?rest_route=\/wp\/v2\/product\/1219"}],"collection":[{"href":"https:\/\/cungtenhanoi.com\/index.php?rest_route=\/wp\/v2\/product"}],"about":[{"href":"https:\/\/cungtenhanoi.com\/index.php?rest_route=\/wp\/v2\/types\/product"}],"replies":[{"embeddable":true,"href":"https:\/\/cungtenhanoi.com\/index.php?rest_route=%2Fwp%2Fv2%2Fcomments&post=1219"}],"wp:featuredmedia":[{"embeddable":true,"href":"https:\/\/cungtenhanoi.com\/index.php?rest_route=\/wp\/v2\/media\/1221"}],"wp:attachment":[{"href":"https:\/\/cungtenhanoi.com\/index.php?rest_route=%2Fwp%2Fv2%2Fmedia&parent=1219"}],"wp:term":[{"taxonomy":"product_cat","embeddable":true,"href":"https:\/\/cungtenhanoi.com\/index.php?rest_route=%2Fwp%2Fv2%2Fproduct_cat&post=1219"},{"taxonomy":"product_tag","embeddable":true,"href":"https:\/\/cungtenhanoi.com\/index.php?rest_route=%2Fwp%2Fv2%2Fproduct_tag&post=1219"}],"curies":[{"name":"wp","href":"https:\/\/api.w.org\/{rel}","templated":true}]}}