{"id":1237,"date":"2021-03-15T18:23:24","date_gmt":"2021-03-15T11:23:24","guid":{"rendered":"https:\/\/cungtenhanoi.com\/?post_type=product&#038;p=1237"},"modified":"2021-03-15T18:23:24","modified_gmt":"2021-03-15T11:23:24","slug":"la-gio-cao-su-tpu","status":"publish","type":"product","link":"https:\/\/cungtenhanoi.com\/?product=la-gio-cao-su-tpu","title":{"rendered":"L\u00e1 gi\u00f3 cao su TPU"},"content":{"rendered":"<p><img loading=\"lazy\" class=\"aligncenter size-full wp-image-1238\" src=\"https:\/\/cungtenhanoi.com\/wp-content\/uploads\/2021\/03\/TB2c9RhfxBmpuFjSZFsXXcXpFXa_67492254.jpg\" alt=\"\" width=\"2490\" height=\"2490\" srcset=\"https:\/\/cungtenhanoi.com\/wp-content\/uploads\/2021\/03\/TB2c9RhfxBmpuFjSZFsXXcXpFXa_67492254.jpg 2490w, https:\/\/cungtenhanoi.com\/wp-content\/uploads\/2021\/03\/TB2c9RhfxBmpuFjSZFsXXcXpFXa_67492254-300x300.jpg 300w, https:\/\/cungtenhanoi.com\/wp-content\/uploads\/2021\/03\/TB2c9RhfxBmpuFjSZFsXXcXpFXa_67492254-100x100.jpg 100w, https:\/\/cungtenhanoi.com\/wp-content\/uploads\/2021\/03\/TB2c9RhfxBmpuFjSZFsXXcXpFXa_67492254-600x600.jpg 600w, https:\/\/cungtenhanoi.com\/wp-content\/uploads\/2021\/03\/TB2c9RhfxBmpuFjSZFsXXcXpFXa_67492254-64x64.jpg 64w, https:\/\/cungtenhanoi.com\/wp-content\/uploads\/2021\/03\/TB2c9RhfxBmpuFjSZFsXXcXpFXa_67492254-150x150.jpg 150w, https:\/\/cungtenhanoi.com\/wp-content\/uploads\/2021\/03\/TB2c9RhfxBmpuFjSZFsXXcXpFXa_67492254-768x768.jpg 768w, https:\/\/cungtenhanoi.com\/wp-content\/uploads\/2021\/03\/TB2c9RhfxBmpuFjSZFsXXcXpFXa_67492254-1024x1024.jpg 1024w, https:\/\/cungtenhanoi.com\/wp-content\/uploads\/2021\/03\/TB2c9RhfxBmpuFjSZFsXXcXpFXa_67492254-180x180.jpg 180w, https:\/\/cungtenhanoi.com\/wp-content\/uploads\/2021\/03\/TB2c9RhfxBmpuFjSZFsXXcXpFXa_67492254-45x45.jpg 45w\" sizes=\"(max-width: 2490px) 100vw, 2490px\" \/> <img loading=\"lazy\" class=\"aligncenter size-full wp-image-1239\" src=\"https:\/\/cungtenhanoi.com\/wp-content\/uploads\/2021\/03\/TB2DwXwfCFmpuFjSZFrXXayOXXa_67492254.jpg\" alt=\"\" width=\"3036\" height=\"3036\" \/> <img loading=\"lazy\" class=\"aligncenter size-full wp-image-1240\" src=\"https:\/\/cungtenhanoi.com\/wp-content\/uploads\/2021\/03\/TB2xgVqfylnpuFjSZFgXXbi7FXa_67492254.jpg\" alt=\"\" width=\"3534\" height=\"3534\" \/>cao du<\/p>\n","protected":false},"excerpt":{"rendered":"<p>cao du<\/p>\n","protected":false},"featured_media":1240,"comment_status":"open","ping_status":"closed","template":"","meta":[],"product_cat":[20],"product_tag":[198,260,259,254,258],"acf":[],"yoast_head":"<!-- This site is optimized with the Yoast SEO plugin v19.8 - https:\/\/yoast.com\/wordpress\/plugins\/seo\/ -->\n<title>L\u00e1 gi\u00f3 cao su TPU - Cung T\u00ean H\u00e0 N\u1ed9i<\/title>\n<meta name=\"description\" content=\"mua cung t\u00ean th\u1ec3 thao, mua cung t\u00ean t\u1ea1i h\u00e0 n\u1ed9i, cung tr\u1ee3 l\u1ef1c, cung compound, cung t\u00ean ch\u00ednh h\u00e3ng, cung t\u00ean m\u1ea1nh,cung t\u00ean h\u00e0 n\u1ed9i, cung t\u00ean , mua cung t\u00ean S\u00e0i g\u00f2n , mua m\u0169i t\u00ean b\u1eafn cung , cung b\u1eafn bi s\u1eaft , cung t\u00ean mini\" \/>\n<meta name=\"robots\" content=\"index, follow, max-snippet:-1, max-image-preview:large, max-video-preview:-1\" \/>\n<link rel=\"canonical\" href=\"https:\/\/cungtenhanoi.com\/?product=la-gio-cao-su-tpu\" \/>\n<meta property=\"og:locale\" content=\"vi_VN\" \/>\n<meta property=\"og:type\" content=\"article\" \/>\n<meta property=\"og:title\" content=\"L\u00e1 gi\u00f3 cao su TPU - Cung T\u00ean H\u00e0 N\u1ed9i\" \/>\n<meta property=\"og:description\" content=\"mua cung t\u00ean th\u1ec3 thao, mua cung t\u00ean t\u1ea1i h\u00e0 n\u1ed9i, cung tr\u1ee3 l\u1ef1c, cung compound, cung t\u00ean ch\u00ednh h\u00e3ng, cung t\u00ean m\u1ea1nh,cung t\u00ean h\u00e0 n\u1ed9i, cung t\u00ean , mua cung t\u00ean S\u00e0i g\u00f2n , mua m\u0169i t\u00ean b\u1eafn cung , cung b\u1eafn bi s\u1eaft , cung t\u00ean mini\" \/>\n<meta property=\"og:url\" content=\"https:\/\/cungtenhanoi.com\/?product=la-gio-cao-su-tpu\" \/>\n<meta property=\"og:site_name\" content=\"Cung T\u00ean H\u00e0 N\u1ed9i\" \/>\n<meta property=\"og:image\" content=\"https:\/\/cungtenhanoi.com\/wp-content\/uploads\/2021\/03\/TB2xgVqfylnpuFjSZFgXXbi7FXa_67492254-scaled.jpg\" \/>\n\t<meta property=\"og:image:width\" content=\"2560\" \/>\n\t<meta property=\"og:image:height\" content=\"2560\" \/>\n\t<meta property=\"og:image:type\" content=\"image\/jpeg\" \/>\n<meta name=\"twitter:card\" content=\"summary_large_image\" \/>\n<script type=\"application\/ld+json\" class=\"yoast-schema-graph\">{\"@context\":\"https:\/\/schema.org\",\"@graph\":[{\"@type\":\"WebPage\",\"@id\":\"https:\/\/cungtenhanoi.com\/?product=la-gio-cao-su-tpu\",\"url\":\"https:\/\/cungtenhanoi.com\/?product=la-gio-cao-su-tpu\",\"name\":\"L\u00e1 gi\u00f3 cao su TPU - Cung T\u00ean H\u00e0 N\u1ed9i\",\"isPartOf\":{\"@id\":\"https:\/\/cungtenhanoi.com\/#website\"},\"datePublished\":\"2021-03-15T11:23:24+00:00\",\"dateModified\":\"2021-03-15T11:23:24+00:00\",\"description\":\"mua cung t\u00ean th\u1ec3 thao, mua cung t\u00ean t\u1ea1i h\u00e0 n\u1ed9i, cung tr\u1ee3 l\u1ef1c, cung compound, cung t\u00ean ch\u00ednh h\u00e3ng, cung t\u00ean m\u1ea1nh,cung t\u00ean h\u00e0 n\u1ed9i, cung t\u00ean , mua cung t\u00ean S\u00e0i g\u00f2n , mua m\u0169i t\u00ean b\u1eafn cung , cung b\u1eafn bi s\u1eaft , cung t\u00ean mini\",\"breadcrumb\":{\"@id\":\"https:\/\/cungtenhanoi.com\/?product=la-gio-cao-su-tpu#breadcrumb\"},\"inLanguage\":\"vi\",\"potentialAction\":[{\"@type\":\"ReadAction\",\"target\":[\"https:\/\/cungtenhanoi.com\/?product=la-gio-cao-su-tpu\"]}]},{\"@type\":\"BreadcrumbList\",\"@id\":\"https:\/\/cungtenhanoi.com\/?product=la-gio-cao-su-tpu#breadcrumb\",\"itemListElement\":[{\"@type\":\"ListItem\",\"position\":1,\"name\":\"Trang ch\u1ee7\",\"item\":\"https:\/\/cungtenhanoi.com\/\"},{\"@type\":\"ListItem\",\"position\":2,\"name\":\"Shop\",\"item\":\"https:\/\/cungtenhanoi.com\/?page_id=6\"},{\"@type\":\"ListItem\",\"position\":3,\"name\":\"Ph\u1ee5 ki\u1ec7n\",\"item\":\"https:\/\/cungtenhanoi.com\/danh-muc\/phu-kien\/\"},{\"@type\":\"ListItem\",\"position\":4,\"name\":\"L\u00e1 gi\u00f3 cao su TPU\"}]},{\"@type\":\"WebSite\",\"@id\":\"https:\/\/cungtenhanoi.com\/#website\",\"url\":\"https:\/\/cungtenhanoi.com\/\",\"name\":\"Cung T\u00ean H\u00e0 N\u1ed9i\",\"description\":\"Cung c\u1ea5p c\u00e1c lo\u1ea1i cung t\u00ean th\u1ec3 thao s\u1ed1 1 Vi\u1ec7t Nam\",\"publisher\":{\"@id\":\"https:\/\/cungtenhanoi.com\/#organization\"},\"potentialAction\":[{\"@type\":\"SearchAction\",\"target\":{\"@type\":\"EntryPoint\",\"urlTemplate\":\"https:\/\/cungtenhanoi.com\/?s={search_term_string}\"},\"query-input\":\"required name=search_term_string\"}],\"inLanguage\":\"vi\"},{\"@type\":\"Organization\",\"@id\":\"https:\/\/cungtenhanoi.com\/#organization\",\"name\":\"Cung T\u00ean H\u00e0 N\u1ed9i\",\"url\":\"https:\/\/cungtenhanoi.com\/\",\"sameAs\":[],\"logo\":{\"@type\":\"ImageObject\",\"inLanguage\":\"vi\",\"@id\":\"https:\/\/cungtenhanoi.com\/#\/schema\/logo\/image\/\",\"url\":\"https:\/\/cungtenhanoi.com\/wp-content\/uploads\/2025\/05\/logo-den-trang.jpg\",\"contentUrl\":\"https:\/\/cungtenhanoi.com\/wp-content\/uploads\/2025\/05\/logo-den-trang.jpg\",\"width\":450,\"height\":450,\"caption\":\"Cung T\u00ean H\u00e0 N\u1ed9i\"},\"image\":{\"@id\":\"https:\/\/cungtenhanoi.com\/#\/schema\/logo\/image\/\"}}]}<\/script>\n<!-- \/ Yoast SEO plugin. -->","yoast_head_json":{"title":"L\u00e1 gi\u00f3 cao su TPU - Cung T\u00ean H\u00e0 N\u1ed9i","description":"mua cung t\u00ean th\u1ec3 thao, mua cung t\u00ean t\u1ea1i h\u00e0 n\u1ed9i, cung tr\u1ee3 l\u1ef1c, cung compound, cung t\u00ean ch\u00ednh h\u00e3ng, cung t\u00ean m\u1ea1nh,cung t\u00ean h\u00e0 n\u1ed9i, cung t\u00ean , mua cung t\u00ean S\u00e0i g\u00f2n , mua m\u0169i t\u00ean b\u1eafn cung , cung b\u1eafn bi s\u1eaft , cung t\u00ean mini","robots":{"index":"index","follow":"follow","max-snippet":"max-snippet:-1","max-image-preview":"max-image-preview:large","max-video-preview":"max-video-preview:-1"},"canonical":"https:\/\/cungtenhanoi.com\/?product=la-gio-cao-su-tpu","og_locale":"vi_VN","og_type":"article","og_title":"L\u00e1 gi\u00f3 cao su TPU - Cung T\u00ean H\u00e0 N\u1ed9i","og_description":"mua cung t\u00ean th\u1ec3 thao, mua cung t\u00ean t\u1ea1i h\u00e0 n\u1ed9i, cung tr\u1ee3 l\u1ef1c, cung compound, cung t\u00ean ch\u00ednh h\u00e3ng, cung t\u00ean m\u1ea1nh,cung t\u00ean h\u00e0 n\u1ed9i, cung t\u00ean , mua cung t\u00ean S\u00e0i g\u00f2n , mua m\u0169i t\u00ean b\u1eafn cung , cung b\u1eafn bi s\u1eaft , cung t\u00ean mini","og_url":"https:\/\/cungtenhanoi.com\/?product=la-gio-cao-su-tpu","og_site_name":"Cung T\u00ean H\u00e0 N\u1ed9i","og_image":[{"width":2560,"height":2560,"url":"https:\/\/cungtenhanoi.com\/wp-content\/uploads\/2021\/03\/TB2xgVqfylnpuFjSZFgXXbi7FXa_67492254-scaled.jpg","type":"image\/jpeg"}],"twitter_card":"summary_large_image","schema":{"@context":"https:\/\/schema.org","@graph":[{"@type":"WebPage","@id":"https:\/\/cungtenhanoi.com\/?product=la-gio-cao-su-tpu","url":"https:\/\/cungtenhanoi.com\/?product=la-gio-cao-su-tpu","name":"L\u00e1 gi\u00f3 cao su TPU - Cung T\u00ean H\u00e0 N\u1ed9i","isPartOf":{"@id":"https:\/\/cungtenhanoi.com\/#website"},"datePublished":"2021-03-15T11:23:24+00:00","dateModified":"2021-03-15T11:23:24+00:00","description":"mua cung t\u00ean th\u1ec3 thao, mua cung t\u00ean t\u1ea1i h\u00e0 n\u1ed9i, cung tr\u1ee3 l\u1ef1c, cung compound, cung t\u00ean ch\u00ednh h\u00e3ng, cung t\u00ean m\u1ea1nh,cung t\u00ean h\u00e0 n\u1ed9i, cung t\u00ean , mua cung t\u00ean S\u00e0i g\u00f2n , mua m\u0169i t\u00ean b\u1eafn cung , cung b\u1eafn bi s\u1eaft , cung t\u00ean mini","breadcrumb":{"@id":"https:\/\/cungtenhanoi.com\/?product=la-gio-cao-su-tpu#breadcrumb"},"inLanguage":"vi","potentialAction":[{"@type":"ReadAction","target":["https:\/\/cungtenhanoi.com\/?product=la-gio-cao-su-tpu"]}]},{"@type":"BreadcrumbList","@id":"https:\/\/cungtenhanoi.com\/?product=la-gio-cao-su-tpu#breadcrumb","itemListElement":[{"@type":"ListItem","position":1,"name":"Trang ch\u1ee7","item":"https:\/\/cungtenhanoi.com\/"},{"@type":"ListItem","position":2,"name":"Shop","item":"https:\/\/cungtenhanoi.com\/?page_id=6"},{"@type":"ListItem","position":3,"name":"Ph\u1ee5 ki\u1ec7n","item":"https:\/\/cungtenhanoi.com\/danh-muc\/phu-kien\/"},{"@type":"ListItem","position":4,"name":"L\u00e1 gi\u00f3 cao su TPU"}]},{"@type":"WebSite","@id":"https:\/\/cungtenhanoi.com\/#website","url":"https:\/\/cungtenhanoi.com\/","name":"Cung T\u00ean H\u00e0 N\u1ed9i","description":"Cung c\u1ea5p c\u00e1c lo\u1ea1i cung t\u00ean th\u1ec3 thao s\u1ed1 1 Vi\u1ec7t Nam","publisher":{"@id":"https:\/\/cungtenhanoi.com\/#organization"},"potentialAction":[{"@type":"SearchAction","target":{"@type":"EntryPoint","urlTemplate":"https:\/\/cungtenhanoi.com\/?s={search_term_string}"},"query-input":"required name=search_term_string"}],"inLanguage":"vi"},{"@type":"Organization","@id":"https:\/\/cungtenhanoi.com\/#organization","name":"Cung T\u00ean H\u00e0 N\u1ed9i","url":"https:\/\/cungtenhanoi.com\/","sameAs":[],"logo":{"@type":"ImageObject","inLanguage":"vi","@id":"https:\/\/cungtenhanoi.com\/#\/schema\/logo\/image\/","url":"https:\/\/cungtenhanoi.com\/wp-content\/uploads\/2025\/05\/logo-den-trang.jpg","contentUrl":"https:\/\/cungtenhanoi.com\/wp-content\/uploads\/2025\/05\/logo-den-trang.jpg","width":450,"height":450,"caption":"Cung T\u00ean H\u00e0 N\u1ed9i"},"image":{"@id":"https:\/\/cungtenhanoi.com\/#\/schema\/logo\/image\/"}}]}},"_links":{"self":[{"href":"https:\/\/cungtenhanoi.com\/index.php?rest_route=\/wp\/v2\/product\/1237"}],"collection":[{"href":"https:\/\/cungtenhanoi.com\/index.php?rest_route=\/wp\/v2\/product"}],"about":[{"href":"https:\/\/cungtenhanoi.com\/index.php?rest_route=\/wp\/v2\/types\/product"}],"replies":[{"embeddable":true,"href":"https:\/\/cungtenhanoi.com\/index.php?rest_route=%2Fwp%2Fv2%2Fcomments&post=1237"}],"wp:featuredmedia":[{"embeddable":true,"href":"https:\/\/cungtenhanoi.com\/index.php?rest_route=\/wp\/v2\/media\/1240"}],"wp:attachment":[{"href":"https:\/\/cungtenhanoi.com\/index.php?rest_route=%2Fwp%2Fv2%2Fmedia&parent=1237"}],"wp:term":[{"taxonomy":"product_cat","embeddable":true,"href":"https:\/\/cungtenhanoi.com\/index.php?rest_route=%2Fwp%2Fv2%2Fproduct_cat&post=1237"},{"taxonomy":"product_tag","embeddable":true,"href":"https:\/\/cungtenhanoi.com\/index.php?rest_route=%2Fwp%2Fv2%2Fproduct_tag&post=1237"}],"curies":[{"name":"wp","href":"https:\/\/api.w.org\/{rel}","templated":true}]}}