{"id":1253,"date":"2021-03-16T00:40:28","date_gmt":"2021-03-15T17:40:28","guid":{"rendered":"https:\/\/cungtenhanoi.com\/?post_type=product&#038;p=1253"},"modified":"2025-05-28T11:49:52","modified_gmt":"2025-05-28T04:49:52","slug":"sap-bao-quan-day-cung","status":"publish","type":"product","link":"https:\/\/cungtenhanoi.com\/?product=sap-bao-quan-day-cung","title":{"rendered":"S\u00e1p b\u1ea3o qu\u1ea3n d\u00e2y cung"},"content":{"rendered":"<p style=\"text-align: center;\"><strong>C\u00f4ng d\u1ee5ng v\u00e0 l\u01b0u \u00fd: <\/strong>D\u00e2y cung m\u1ecfng v\u00e0 s\u1ebd b\u1ecb x\u01a1 trong qu\u00e1 tr\u00ecnh s\u1eed d\u1ee5ng<\/p>\n<p style=\"text-align: center;\">\u00a0 \u00a0 \u00a0 \u00a0 \u00a0 \u00a0 \u00a0 \u00a0 \u00a0 \u00a0 \u00a0 \u00a0 \u00a0 \u00a0 \u00a0 \u00a0 Th\u01b0\u1eddng xuy\u00ean t\u1ea9y x\u01a1 d\u00e2y cung c\u00f3 th\u1ec3 th\u00fac \u0111\u1ea9y qu\u00e1 tr\u00ecnh b\u00f4i tr\u01a1n gi\u1eefa c\u00e1c v\u1eadt li\u1ec7u l\u00e0m d\u00e2y v\u00e0 k\u00e9o d\u00e0i tu\u1ed5i th\u1ecd c\u1ee7a d\u00e2y m\u1ed9t c\u00e1ch hi\u1ec7u qu\u1ea3.<\/p>\n<p style=\"text-align: center;\"><strong>Ph\u01b0\u01a1ng ph\u00e1p s\u1eed d\u1ee5ng s\u00e1p d\u00e2y:<\/strong>\u00a0\u0111\u1ea7u ti\u00ean d\u00f9ng kh\u0103n kh\u00f4 lau s\u1ea1ch b\u1ee5i b\u1ea9n tr\u00ean d\u00e2y, sau \u0111\u00f3 b\u00f4i \u0111\u1ec1u s\u00e1p l\u00ean d\u00e2y.<\/p>\n<p style=\"text-align: center;\">\u00a0 \u00a0 \u00a0 \u00a0 \u00a0 \u00a0 \u00a0 \u00a0 \u00a0 \u00a0 \u00a0 \u00a0 \u00a0 \u00a0 \u00a0 \u00a0 Sau \u0111\u00f3 d\u00f9ng kh\u0103n kh\u00f4 ch\u00e0 nhanh d\u00e2y cung \u0111\u1ec3 l\u00e0m n\u00f3ng d\u00e2y cung \u0111\u1ec3 s\u00e1p d\u00e2y th\u1ea5m \u0111\u1ec1u v\u00e0o ch\u1ea5t li\u1ec7u d\u00e2y.<\/p>\n<p style=\"text-align: center;\">\u00a0 \u00a0 \u00a0 \u00a0 \u00a0 \u00a0 \u00a0 \u00a0 \u00a0 \u00a0 \u00a0 \u00a0 \u00a0 \u00a0 \u00a0 \u00a0 N\u1ebfu b\u1ea1n th\u1ea5y d\u00e2y cung b\u1ecb x\u01a1 ho\u1eb7c b\u1ec1 m\u1eb7t c\u1ee7a ch\u1ea5t li\u1ec7u d\u00e2y b\u1ecb kh\u00f4 v\u00e0 c\u00f3 m\u00e0u tr\u1eafng, b\u1ea1n c\u1ea7n ph\u1ea3i t\u1ea9y.<\/p>\n<p style=\"text-align: center;\">\u00a0 \u00a0 \u00a0 \u00a0 \u00a0 \u00a0 \u00a0 \u00a0 \u00a0 \u00a0 \u00a0 \u00a0 \u00a0 \u00a0 \u00a0 \u00a0\u00a0B\u00f4i s\u00e1p d\u00e2y v\u00e0 d\u00f9ng ng\u00f3n tay ch\u00e0 x\u00e1t v\u00e0o c\u00e1c s\u1ee3i c\u1ee7a d\u00e2y cung cho \u0111\u1ebfn khi s\u00e1p tan ch\u1ea3y v\u00e0 gi\u1eef \u1ea9m cho d\u00e2y cung.<\/p>\n<p style=\"text-align: center;\">\u00a0 \u00a0 \u00a0 \u00a0 \u00a0 \u00a0 \u00a0 \u00a0 \u00a0 \u00a0 \u00a0 \u00a0 \u00a0 \u00a0 \u00a0 \u00a0 Ngo\u00e0i ra, n\u1ebfu d\u00e2y cung b\u1ecb bong nhi\u1ec1u, b\u1ea1n n\u00ean c\u00e2n nh\u1eafc vi\u1ec7c thay d\u00e2y cung.<\/p>\n<p><img loading=\"lazy\" class=\"aligncenter size-full wp-image-1254\" src=\"https:\/\/cungtenhanoi.com\/wp-content\/uploads\/2021\/03\/O1CN01EHvwYI1lEwtdGlHXN_80754788.jpg\" alt=\"\" width=\"800\" height=\"800\" srcset=\"https:\/\/cungtenhanoi.com\/wp-content\/uploads\/2021\/03\/O1CN01EHvwYI1lEwtdGlHXN_80754788.jpg 800w, https:\/\/cungtenhanoi.com\/wp-content\/uploads\/2021\/03\/O1CN01EHvwYI1lEwtdGlHXN_80754788-300x300.jpg 300w, https:\/\/cungtenhanoi.com\/wp-content\/uploads\/2021\/03\/O1CN01EHvwYI1lEwtdGlHXN_80754788-100x100.jpg 100w, https:\/\/cungtenhanoi.com\/wp-content\/uploads\/2021\/03\/O1CN01EHvwYI1lEwtdGlHXN_80754788-600x600.jpg 600w, https:\/\/cungtenhanoi.com\/wp-content\/uploads\/2021\/03\/O1CN01EHvwYI1lEwtdGlHXN_80754788-64x64.jpg 64w\" sizes=\"(max-width: 800px) 100vw, 800px\" \/> <img loading=\"lazy\" class=\"aligncenter size-full wp-image-1255\" src=\"https:\/\/cungtenhanoi.com\/wp-content\/uploads\/2021\/03\/O1CN01enGzGh1lEwtdGkbz9_80754788.jpg\" alt=\"\" width=\"800\" height=\"800\" srcset=\"https:\/\/cungtenhanoi.com\/wp-content\/uploads\/2021\/03\/O1CN01enGzGh1lEwtdGkbz9_80754788.jpg 800w, https:\/\/cungtenhanoi.com\/wp-content\/uploads\/2021\/03\/O1CN01enGzGh1lEwtdGkbz9_80754788-300x300.jpg 300w, https:\/\/cungtenhanoi.com\/wp-content\/uploads\/2021\/03\/O1CN01enGzGh1lEwtdGkbz9_80754788-100x100.jpg 100w, https:\/\/cungtenhanoi.com\/wp-content\/uploads\/2021\/03\/O1CN01enGzGh1lEwtdGkbz9_80754788-600x600.jpg 600w, https:\/\/cungtenhanoi.com\/wp-content\/uploads\/2021\/03\/O1CN01enGzGh1lEwtdGkbz9_80754788-64x64.jpg 64w, https:\/\/cungtenhanoi.com\/wp-content\/uploads\/2021\/03\/O1CN01enGzGh1lEwtdGkbz9_80754788-150x150.jpg 150w, https:\/\/cungtenhanoi.com\/wp-content\/uploads\/2021\/03\/O1CN01enGzGh1lEwtdGkbz9_80754788-768x768.jpg 768w, https:\/\/cungtenhanoi.com\/wp-content\/uploads\/2021\/03\/O1CN01enGzGh1lEwtdGkbz9_80754788-180x180.jpg 180w, https:\/\/cungtenhanoi.com\/wp-content\/uploads\/2021\/03\/O1CN01enGzGh1lEwtdGkbz9_80754788-45x45.jpg 45w\" sizes=\"(max-width: 800px) 100vw, 800px\" \/> <img loading=\"lazy\" class=\"aligncenter size-full wp-image-1256\" src=\"https:\/\/cungtenhanoi.com\/wp-content\/uploads\/2021\/03\/O1CN01FFdYzN1lEwta9IDRn_80754788.jpg\" alt=\"\" width=\"800\" height=\"800\" srcset=\"https:\/\/cungtenhanoi.com\/wp-content\/uploads\/2021\/03\/O1CN01FFdYzN1lEwta9IDRn_80754788.jpg 800w, https:\/\/cungtenhanoi.com\/wp-content\/uploads\/2021\/03\/O1CN01FFdYzN1lEwta9IDRn_80754788-300x300.jpg 300w, https:\/\/cungtenhanoi.com\/wp-content\/uploads\/2021\/03\/O1CN01FFdYzN1lEwta9IDRn_80754788-100x100.jpg 100w, https:\/\/cungtenhanoi.com\/wp-content\/uploads\/2021\/03\/O1CN01FFdYzN1lEwta9IDRn_80754788-600x600.jpg 600w, https:\/\/cungtenhanoi.com\/wp-content\/uploads\/2021\/03\/O1CN01FFdYzN1lEwta9IDRn_80754788-64x64.jpg 64w, https:\/\/cungtenhanoi.com\/wp-content\/uploads\/2021\/03\/O1CN01FFdYzN1lEwta9IDRn_80754788-150x150.jpg 150w, https:\/\/cungtenhanoi.com\/wp-content\/uploads\/2021\/03\/O1CN01FFdYzN1lEwta9IDRn_80754788-768x768.jpg 768w, https:\/\/cungtenhanoi.com\/wp-content\/uploads\/2021\/03\/O1CN01FFdYzN1lEwta9IDRn_80754788-180x180.jpg 180w, https:\/\/cungtenhanoi.com\/wp-content\/uploads\/2021\/03\/O1CN01FFdYzN1lEwta9IDRn_80754788-45x45.jpg 45w\" sizes=\"(max-width: 800px) 100vw, 800px\" \/> <img loading=\"lazy\" class=\"aligncenter size-full wp-image-1257\" src=\"https:\/\/cungtenhanoi.com\/wp-content\/uploads\/2021\/03\/O1CN01wNc6bY1lEwtbIEXRQ_80754788.jpg\" alt=\"\" width=\"800\" height=\"800\" srcset=\"https:\/\/cungtenhanoi.com\/wp-content\/uploads\/2021\/03\/O1CN01wNc6bY1lEwtbIEXRQ_80754788.jpg 800w, https:\/\/cungtenhanoi.com\/wp-content\/uploads\/2021\/03\/O1CN01wNc6bY1lEwtbIEXRQ_80754788-300x300.jpg 300w, https:\/\/cungtenhanoi.com\/wp-content\/uploads\/2021\/03\/O1CN01wNc6bY1lEwtbIEXRQ_80754788-100x100.jpg 100w, https:\/\/cungtenhanoi.com\/wp-content\/uploads\/2021\/03\/O1CN01wNc6bY1lEwtbIEXRQ_80754788-600x600.jpg 600w, https:\/\/cungtenhanoi.com\/wp-content\/uploads\/2021\/03\/O1CN01wNc6bY1lEwtbIEXRQ_80754788-64x64.jpg 64w, https:\/\/cungtenhanoi.com\/wp-content\/uploads\/2021\/03\/O1CN01wNc6bY1lEwtbIEXRQ_80754788-150x150.jpg 150w, https:\/\/cungtenhanoi.com\/wp-content\/uploads\/2021\/03\/O1CN01wNc6bY1lEwtbIEXRQ_80754788-768x768.jpg 768w, https:\/\/cungtenhanoi.com\/wp-content\/uploads\/2021\/03\/O1CN01wNc6bY1lEwtbIEXRQ_80754788-180x180.jpg 180w, https:\/\/cungtenhanoi.com\/wp-content\/uploads\/2021\/03\/O1CN01wNc6bY1lEwtbIEXRQ_80754788-45x45.jpg 45w\" sizes=\"(max-width: 800px) 100vw, 800px\" \/><\/p>\n","protected":false},"excerpt":{"rendered":"<p>C\u00f4ng d\u1ee5ng v\u00e0 l\u01b0u \u00fd: D\u00e2y cung m\u1ecfng v\u00e0 s\u1ebd b\u1ecb x\u01a1 trong qu\u00e1 tr\u00ecnh s\u1eed d\u1ee5ng \u00a0 \u00a0 \u00a0 \u00a0 \u00a0 \u00a0 \u00a0 \u00a0 \u00a0 \u00a0 \u00a0 \u00a0 \u00a0 \u00a0 \u00a0 \u00a0 Th\u01b0\u1eddng xuy\u00ean t\u1ea9y x\u01a1 d\u00e2y cung c\u00f3 th\u1ec3 th\u00fac \u0111\u1ea9y qu\u00e1 tr\u00ecnh b\u00f4i tr\u01a1n gi\u1eefa c\u00e1c v\u1eadt li\u1ec7u l\u00e0m d\u00e2y v\u00e0 k\u00e9o<\/p>\n","protected":false},"featured_media":1254,"comment_status":"open","ping_status":"closed","template":"","meta":[],"product_cat":[20],"product_tag":[198,257,265],"acf":[],"yoast_head":"<!-- This site is optimized with the Yoast SEO plugin v19.8 - https:\/\/yoast.com\/wordpress\/plugins\/seo\/ -->\n<title>S\u00e1p b\u1ea3o qu\u1ea3n d\u00e2y cung - Cung T\u00ean H\u00e0 N\u1ed9i<\/title>\n<meta name=\"description\" content=\"mua cung t\u00ean th\u1ec3 thao, mua cung t\u00ean t\u1ea1i h\u00e0 n\u1ed9i, cung tr\u1ee3 l\u1ef1c, cung compound, cung t\u00ean ch\u00ednh h\u00e3ng, cung t\u00ean m\u1ea1nh,cung t\u00ean h\u00e0 n\u1ed9i, cung t\u00ean , mua cung t\u00ean S\u00e0i g\u00f2n , mua m\u0169i t\u00ean b\u1eafn cung , cung b\u1eafn bi s\u1eaft , cung t\u00ean mini\" \/>\n<meta name=\"robots\" content=\"index, follow, max-snippet:-1, max-image-preview:large, max-video-preview:-1\" \/>\n<link rel=\"canonical\" href=\"https:\/\/cungtenhanoi.com\/?product=sap-bao-quan-day-cung\" \/>\n<meta property=\"og:locale\" content=\"vi_VN\" \/>\n<meta property=\"og:type\" content=\"article\" \/>\n<meta property=\"og:title\" content=\"S\u00e1p b\u1ea3o qu\u1ea3n d\u00e2y cung - Cung T\u00ean H\u00e0 N\u1ed9i\" \/>\n<meta property=\"og:description\" content=\"mua cung t\u00ean th\u1ec3 thao, mua cung t\u00ean t\u1ea1i h\u00e0 n\u1ed9i, cung tr\u1ee3 l\u1ef1c, cung compound, cung t\u00ean ch\u00ednh h\u00e3ng, cung t\u00ean m\u1ea1nh,cung t\u00ean h\u00e0 n\u1ed9i, cung t\u00ean , mua cung t\u00ean S\u00e0i g\u00f2n , mua m\u0169i t\u00ean b\u1eafn cung , cung b\u1eafn bi s\u1eaft , cung t\u00ean mini\" \/>\n<meta property=\"og:url\" content=\"https:\/\/cungtenhanoi.com\/?product=sap-bao-quan-day-cung\" \/>\n<meta property=\"og:site_name\" content=\"Cung T\u00ean H\u00e0 N\u1ed9i\" \/>\n<meta property=\"article:modified_time\" content=\"2025-05-28T04:49:52+00:00\" \/>\n<meta property=\"og:image\" content=\"https:\/\/cungtenhanoi.com\/wp-content\/uploads\/2021\/03\/O1CN01EHvwYI1lEwtdGlHXN_80754788.jpg\" \/>\n\t<meta property=\"og:image:width\" content=\"800\" \/>\n\t<meta property=\"og:image:height\" content=\"800\" \/>\n\t<meta property=\"og:image:type\" content=\"image\/jpeg\" \/>\n<meta name=\"twitter:card\" content=\"summary_large_image\" \/>\n<meta name=\"twitter:label1\" content=\"\u01af\u1edbc t\u00ednh th\u1eddi gian \u0111\u1ecdc\" \/>\n\t<meta name=\"twitter:data1\" content=\"1 ph\u00fat\" \/>\n<script type=\"application\/ld+json\" class=\"yoast-schema-graph\">{\"@context\":\"https:\/\/schema.org\",\"@graph\":[{\"@type\":\"WebPage\",\"@id\":\"https:\/\/cungtenhanoi.com\/?product=sap-bao-quan-day-cung\",\"url\":\"https:\/\/cungtenhanoi.com\/?product=sap-bao-quan-day-cung\",\"name\":\"S\u00e1p b\u1ea3o qu\u1ea3n d\u00e2y cung - Cung T\u00ean H\u00e0 N\u1ed9i\",\"isPartOf\":{\"@id\":\"https:\/\/cungtenhanoi.com\/#website\"},\"datePublished\":\"2021-03-15T17:40:28+00:00\",\"dateModified\":\"2025-05-28T04:49:52+00:00\",\"description\":\"mua cung t\u00ean th\u1ec3 thao, mua cung t\u00ean t\u1ea1i h\u00e0 n\u1ed9i, cung tr\u1ee3 l\u1ef1c, cung compound, cung t\u00ean ch\u00ednh h\u00e3ng, cung t\u00ean m\u1ea1nh,cung t\u00ean h\u00e0 n\u1ed9i, cung t\u00ean , mua cung t\u00ean S\u00e0i g\u00f2n , mua m\u0169i t\u00ean b\u1eafn cung , cung b\u1eafn bi s\u1eaft , cung t\u00ean mini\",\"breadcrumb\":{\"@id\":\"https:\/\/cungtenhanoi.com\/?product=sap-bao-quan-day-cung#breadcrumb\"},\"inLanguage\":\"vi\",\"potentialAction\":[{\"@type\":\"ReadAction\",\"target\":[\"https:\/\/cungtenhanoi.com\/?product=sap-bao-quan-day-cung\"]}]},{\"@type\":\"BreadcrumbList\",\"@id\":\"https:\/\/cungtenhanoi.com\/?product=sap-bao-quan-day-cung#breadcrumb\",\"itemListElement\":[{\"@type\":\"ListItem\",\"position\":1,\"name\":\"Trang ch\u1ee7\",\"item\":\"https:\/\/cungtenhanoi.com\/\"},{\"@type\":\"ListItem\",\"position\":2,\"name\":\"Shop\",\"item\":\"https:\/\/cungtenhanoi.com\/?page_id=6\"},{\"@type\":\"ListItem\",\"position\":3,\"name\":\"Ph\u1ee5 ki\u1ec7n\",\"item\":\"https:\/\/cungtenhanoi.com\/danh-muc\/phu-kien\/\"},{\"@type\":\"ListItem\",\"position\":4,\"name\":\"S\u00e1p b\u1ea3o qu\u1ea3n d\u00e2y cung\"}]},{\"@type\":\"WebSite\",\"@id\":\"https:\/\/cungtenhanoi.com\/#website\",\"url\":\"https:\/\/cungtenhanoi.com\/\",\"name\":\"Cung T\u00ean H\u00e0 N\u1ed9i\",\"description\":\"Cung c\u1ea5p c\u00e1c lo\u1ea1i cung t\u00ean th\u1ec3 thao s\u1ed1 1 Vi\u1ec7t Nam\",\"publisher\":{\"@id\":\"https:\/\/cungtenhanoi.com\/#organization\"},\"potentialAction\":[{\"@type\":\"SearchAction\",\"target\":{\"@type\":\"EntryPoint\",\"urlTemplate\":\"https:\/\/cungtenhanoi.com\/?s={search_term_string}\"},\"query-input\":\"required name=search_term_string\"}],\"inLanguage\":\"vi\"},{\"@type\":\"Organization\",\"@id\":\"https:\/\/cungtenhanoi.com\/#organization\",\"name\":\"Cung T\u00ean H\u00e0 N\u1ed9i\",\"url\":\"https:\/\/cungtenhanoi.com\/\",\"sameAs\":[],\"logo\":{\"@type\":\"ImageObject\",\"inLanguage\":\"vi\",\"@id\":\"https:\/\/cungtenhanoi.com\/#\/schema\/logo\/image\/\",\"url\":\"https:\/\/cungtenhanoi.com\/wp-content\/uploads\/2025\/05\/logo-den-trang.jpg\",\"contentUrl\":\"https:\/\/cungtenhanoi.com\/wp-content\/uploads\/2025\/05\/logo-den-trang.jpg\",\"width\":450,\"height\":450,\"caption\":\"Cung T\u00ean H\u00e0 N\u1ed9i\"},\"image\":{\"@id\":\"https:\/\/cungtenhanoi.com\/#\/schema\/logo\/image\/\"}}]}<\/script>\n<!-- \/ Yoast SEO plugin. -->","yoast_head_json":{"title":"S\u00e1p b\u1ea3o qu\u1ea3n d\u00e2y cung - Cung T\u00ean H\u00e0 N\u1ed9i","description":"mua cung t\u00ean th\u1ec3 thao, mua cung t\u00ean t\u1ea1i h\u00e0 n\u1ed9i, cung tr\u1ee3 l\u1ef1c, cung compound, cung t\u00ean ch\u00ednh h\u00e3ng, cung t\u00ean m\u1ea1nh,cung t\u00ean h\u00e0 n\u1ed9i, cung t\u00ean , mua cung t\u00ean S\u00e0i g\u00f2n , mua m\u0169i t\u00ean b\u1eafn cung , cung b\u1eafn bi s\u1eaft , cung t\u00ean mini","robots":{"index":"index","follow":"follow","max-snippet":"max-snippet:-1","max-image-preview":"max-image-preview:large","max-video-preview":"max-video-preview:-1"},"canonical":"https:\/\/cungtenhanoi.com\/?product=sap-bao-quan-day-cung","og_locale":"vi_VN","og_type":"article","og_title":"S\u00e1p b\u1ea3o qu\u1ea3n d\u00e2y cung - Cung T\u00ean H\u00e0 N\u1ed9i","og_description":"mua cung t\u00ean th\u1ec3 thao, mua cung t\u00ean t\u1ea1i h\u00e0 n\u1ed9i, cung tr\u1ee3 l\u1ef1c, cung compound, cung t\u00ean ch\u00ednh h\u00e3ng, cung t\u00ean m\u1ea1nh,cung t\u00ean h\u00e0 n\u1ed9i, cung t\u00ean , mua cung t\u00ean S\u00e0i g\u00f2n , mua m\u0169i t\u00ean b\u1eafn cung , cung b\u1eafn bi s\u1eaft , cung t\u00ean mini","og_url":"https:\/\/cungtenhanoi.com\/?product=sap-bao-quan-day-cung","og_site_name":"Cung T\u00ean H\u00e0 N\u1ed9i","article_modified_time":"2025-05-28T04:49:52+00:00","og_image":[{"width":800,"height":800,"url":"https:\/\/cungtenhanoi.com\/wp-content\/uploads\/2021\/03\/O1CN01EHvwYI1lEwtdGlHXN_80754788.jpg","type":"image\/jpeg"}],"twitter_card":"summary_large_image","twitter_misc":{"\u01af\u1edbc t\u00ednh th\u1eddi gian \u0111\u1ecdc":"1 ph\u00fat"},"schema":{"@context":"https:\/\/schema.org","@graph":[{"@type":"WebPage","@id":"https:\/\/cungtenhanoi.com\/?product=sap-bao-quan-day-cung","url":"https:\/\/cungtenhanoi.com\/?product=sap-bao-quan-day-cung","name":"S\u00e1p b\u1ea3o qu\u1ea3n d\u00e2y cung - Cung T\u00ean H\u00e0 N\u1ed9i","isPartOf":{"@id":"https:\/\/cungtenhanoi.com\/#website"},"datePublished":"2021-03-15T17:40:28+00:00","dateModified":"2025-05-28T04:49:52+00:00","description":"mua cung t\u00ean th\u1ec3 thao, mua cung t\u00ean t\u1ea1i h\u00e0 n\u1ed9i, cung tr\u1ee3 l\u1ef1c, cung compound, cung t\u00ean ch\u00ednh h\u00e3ng, cung t\u00ean m\u1ea1nh,cung t\u00ean h\u00e0 n\u1ed9i, cung t\u00ean , mua cung t\u00ean S\u00e0i g\u00f2n , mua m\u0169i t\u00ean b\u1eafn cung , cung b\u1eafn bi s\u1eaft , cung t\u00ean mini","breadcrumb":{"@id":"https:\/\/cungtenhanoi.com\/?product=sap-bao-quan-day-cung#breadcrumb"},"inLanguage":"vi","potentialAction":[{"@type":"ReadAction","target":["https:\/\/cungtenhanoi.com\/?product=sap-bao-quan-day-cung"]}]},{"@type":"BreadcrumbList","@id":"https:\/\/cungtenhanoi.com\/?product=sap-bao-quan-day-cung#breadcrumb","itemListElement":[{"@type":"ListItem","position":1,"name":"Trang ch\u1ee7","item":"https:\/\/cungtenhanoi.com\/"},{"@type":"ListItem","position":2,"name":"Shop","item":"https:\/\/cungtenhanoi.com\/?page_id=6"},{"@type":"ListItem","position":3,"name":"Ph\u1ee5 ki\u1ec7n","item":"https:\/\/cungtenhanoi.com\/danh-muc\/phu-kien\/"},{"@type":"ListItem","position":4,"name":"S\u00e1p b\u1ea3o qu\u1ea3n d\u00e2y cung"}]},{"@type":"WebSite","@id":"https:\/\/cungtenhanoi.com\/#website","url":"https:\/\/cungtenhanoi.com\/","name":"Cung T\u00ean H\u00e0 N\u1ed9i","description":"Cung c\u1ea5p c\u00e1c lo\u1ea1i cung t\u00ean th\u1ec3 thao s\u1ed1 1 Vi\u1ec7t Nam","publisher":{"@id":"https:\/\/cungtenhanoi.com\/#organization"},"potentialAction":[{"@type":"SearchAction","target":{"@type":"EntryPoint","urlTemplate":"https:\/\/cungtenhanoi.com\/?s={search_term_string}"},"query-input":"required name=search_term_string"}],"inLanguage":"vi"},{"@type":"Organization","@id":"https:\/\/cungtenhanoi.com\/#organization","name":"Cung T\u00ean H\u00e0 N\u1ed9i","url":"https:\/\/cungtenhanoi.com\/","sameAs":[],"logo":{"@type":"ImageObject","inLanguage":"vi","@id":"https:\/\/cungtenhanoi.com\/#\/schema\/logo\/image\/","url":"https:\/\/cungtenhanoi.com\/wp-content\/uploads\/2025\/05\/logo-den-trang.jpg","contentUrl":"https:\/\/cungtenhanoi.com\/wp-content\/uploads\/2025\/05\/logo-den-trang.jpg","width":450,"height":450,"caption":"Cung T\u00ean H\u00e0 N\u1ed9i"},"image":{"@id":"https:\/\/cungtenhanoi.com\/#\/schema\/logo\/image\/"}}]}},"_links":{"self":[{"href":"https:\/\/cungtenhanoi.com\/index.php?rest_route=\/wp\/v2\/product\/1253"}],"collection":[{"href":"https:\/\/cungtenhanoi.com\/index.php?rest_route=\/wp\/v2\/product"}],"about":[{"href":"https:\/\/cungtenhanoi.com\/index.php?rest_route=\/wp\/v2\/types\/product"}],"replies":[{"embeddable":true,"href":"https:\/\/cungtenhanoi.com\/index.php?rest_route=%2Fwp%2Fv2%2Fcomments&post=1253"}],"wp:featuredmedia":[{"embeddable":true,"href":"https:\/\/cungtenhanoi.com\/index.php?rest_route=\/wp\/v2\/media\/1254"}],"wp:attachment":[{"href":"https:\/\/cungtenhanoi.com\/index.php?rest_route=%2Fwp%2Fv2%2Fmedia&parent=1253"}],"wp:term":[{"taxonomy":"product_cat","embeddable":true,"href":"https:\/\/cungtenhanoi.com\/index.php?rest_route=%2Fwp%2Fv2%2Fproduct_cat&post=1253"},{"taxonomy":"product_tag","embeddable":true,"href":"https:\/\/cungtenhanoi.com\/index.php?rest_route=%2Fwp%2Fv2%2Fproduct_tag&post=1253"}],"curies":[{"name":"wp","href":"https:\/\/api.w.org\/{rel}","templated":true}]}}