{"id":1272,"date":"2021-03-26T20:28:05","date_gmt":"2021-03-26T13:28:05","guid":{"rendered":"https:\/\/cungtenhanoi.com\/?post_type=product&#038;p=1272"},"modified":"2022-03-23T21:21:44","modified_gmt":"2022-03-23T14:21:44","slug":"compound-pse-xpedite-x","status":"publish","type":"product","link":"https:\/\/cungtenhanoi.com\/?product=compound-pse-xpedite-x","title":{"rendered":"Compound PSE XPedite X"},"content":{"rendered":"<ul>\n<li style=\"text-align: center;\">Brace height: 5 1\/2\u201d<\/li>\n<li style=\"text-align: center;\">Axle-to-axle: 33\u201d<\/li>\n<li style=\"text-align: center;\">ATA\/IBO speed: 360-352 fps<\/li>\n<li style=\"text-align: center;\">Let-off: 80-90%<\/li>\n<li style=\"text-align: center;\">Mass weight: 4.74 LBS.<\/li>\n<li style=\"text-align: center;\">Draw length range: 24 1\/2 \u2013 30\u201d<\/li>\n<li style=\"text-align: center;\">Available draw weights (lbs.): 50-60, 60-70, 70-80<br \/>\nD\u00f2ng cung m\u1ea1nh m\u1ebd \u0111\u1ebfn M\u1ef9, 1 trong nh\u1eefng th\u01b0\u01a1ng hi\u1ec7u h\u00e0ng \u0111\u1ea7u th\u1ebf gi\u1edbi v\u1ec1 cung t\u00ean<br \/>\nCh\u1ec9 c\u00f3 th\u1ec3 g\u00f3i g\u1ecdn trong 2 t\u1eeb &#8221; ho\u00e0n h\u1ea3o&#8221;<br \/>\n<img loading=\"lazy\" class=\"aligncenter size-full wp-image-1273\" src=\"https:\/\/cungtenhanoi.com\/wp-content\/uploads\/2021\/03\/O1CN01B3VzRN1wRHMK7PyPC_355516304.jpg\" alt=\"\" width=\"750\" height=\"1000\" srcset=\"https:\/\/cungtenhanoi.com\/wp-content\/uploads\/2021\/03\/O1CN01B3VzRN1wRHMK7PyPC_355516304.jpg 750w, https:\/\/cungtenhanoi.com\/wp-content\/uploads\/2021\/03\/O1CN01B3VzRN1wRHMK7PyPC_355516304-600x800.jpg 600w, https:\/\/cungtenhanoi.com\/wp-content\/uploads\/2021\/03\/O1CN01B3VzRN1wRHMK7PyPC_355516304-64x85.jpg 64w\" sizes=\"(max-width: 750px) 100vw, 750px\" \/> <img loading=\"lazy\" class=\"aligncenter size-full wp-image-1274\" src=\"https:\/\/cungtenhanoi.com\/wp-content\/uploads\/2021\/03\/O1CN01dVZXn91wRHMIdej3v_355516304.jpg\" alt=\"\" width=\"750\" height=\"1333\" srcset=\"https:\/\/cungtenhanoi.com\/wp-content\/uploads\/2021\/03\/O1CN01dVZXn91wRHMIdej3v_355516304.jpg 750w, https:\/\/cungtenhanoi.com\/wp-content\/uploads\/2021\/03\/O1CN01dVZXn91wRHMIdej3v_355516304-600x1066.jpg 600w, https:\/\/cungtenhanoi.com\/wp-content\/uploads\/2021\/03\/O1CN01dVZXn91wRHMIdej3v_355516304-64x114.jpg 64w, https:\/\/cungtenhanoi.com\/wp-content\/uploads\/2021\/03\/O1CN01dVZXn91wRHMIdej3v_355516304-169x300.jpg 169w, https:\/\/cungtenhanoi.com\/wp-content\/uploads\/2021\/03\/O1CN01dVZXn91wRHMIdej3v_355516304-576x1024.jpg 576w\" sizes=\"(max-width: 750px) 100vw, 750px\" \/> <img loading=\"lazy\" class=\"aligncenter size-full wp-image-1275\" src=\"https:\/\/cungtenhanoi.com\/wp-content\/uploads\/2021\/03\/O1CN01iBIe8R1wRHMKdoZaa_355516304.jpg\" alt=\"\" width=\"750\" height=\"1000\" srcset=\"https:\/\/cungtenhanoi.com\/wp-content\/uploads\/2021\/03\/O1CN01iBIe8R1wRHMKdoZaa_355516304.jpg 750w, https:\/\/cungtenhanoi.com\/wp-content\/uploads\/2021\/03\/O1CN01iBIe8R1wRHMKdoZaa_355516304-600x800.jpg 600w, https:\/\/cungtenhanoi.com\/wp-content\/uploads\/2021\/03\/O1CN01iBIe8R1wRHMKdoZaa_355516304-64x85.jpg 64w, https:\/\/cungtenhanoi.com\/wp-content\/uploads\/2021\/03\/O1CN01iBIe8R1wRHMKdoZaa_355516304-225x300.jpg 225w\" sizes=\"(max-width: 750px) 100vw, 750px\" \/> <img loading=\"lazy\" class=\"aligncenter size-full wp-image-1276\" src=\"https:\/\/cungtenhanoi.com\/wp-content\/uploads\/2021\/03\/O1CN01xoIzwU1wRHMFemNK0_355516304.jpg\" alt=\"\" width=\"750\" height=\"1333\" srcset=\"https:\/\/cungtenhanoi.com\/wp-content\/uploads\/2021\/03\/O1CN01xoIzwU1wRHMFemNK0_355516304.jpg 750w, https:\/\/cungtenhanoi.com\/wp-content\/uploads\/2021\/03\/O1CN01xoIzwU1wRHMFemNK0_355516304-600x1066.jpg 600w, https:\/\/cungtenhanoi.com\/wp-content\/uploads\/2021\/03\/O1CN01xoIzwU1wRHMFemNK0_355516304-64x114.jpg 64w, https:\/\/cungtenhanoi.com\/wp-content\/uploads\/2021\/03\/O1CN01xoIzwU1wRHMFemNK0_355516304-169x300.jpg 169w, https:\/\/cungtenhanoi.com\/wp-content\/uploads\/2021\/03\/O1CN01xoIzwU1wRHMFemNK0_355516304-576x1024.jpg 576w\" sizes=\"(max-width: 750px) 100vw, 750px\" \/> <img loading=\"lazy\" class=\"aligncenter size-full wp-image-1277\" src=\"https:\/\/cungtenhanoi.com\/wp-content\/uploads\/2021\/03\/O1CN01YrXpun1wRHMLYGA6o_355516304.jpg\" alt=\"\" width=\"750\" height=\"1000\" srcset=\"https:\/\/cungtenhanoi.com\/wp-content\/uploads\/2021\/03\/O1CN01YrXpun1wRHMLYGA6o_355516304.jpg 750w, https:\/\/cungtenhanoi.com\/wp-content\/uploads\/2021\/03\/O1CN01YrXpun1wRHMLYGA6o_355516304-600x800.jpg 600w, https:\/\/cungtenhanoi.com\/wp-content\/uploads\/2021\/03\/O1CN01YrXpun1wRHMLYGA6o_355516304-64x85.jpg 64w, https:\/\/cungtenhanoi.com\/wp-content\/uploads\/2021\/03\/O1CN01YrXpun1wRHMLYGA6o_355516304-225x300.jpg 225w\" sizes=\"(max-width: 750px) 100vw, 750px\" \/> <img loading=\"lazy\" class=\"aligncenter size-full wp-image-1278\" src=\"https:\/\/cungtenhanoi.com\/wp-content\/uploads\/2021\/03\/O1CN01z0wFDE1wRHMKdpB0l_355516304.jpg\" alt=\"\" width=\"750\" height=\"1333\" srcset=\"https:\/\/cungtenhanoi.com\/wp-content\/uploads\/2021\/03\/O1CN01z0wFDE1wRHMKdpB0l_355516304.jpg 750w, https:\/\/cungtenhanoi.com\/wp-content\/uploads\/2021\/03\/O1CN01z0wFDE1wRHMKdpB0l_355516304-600x1066.jpg 600w, https:\/\/cungtenhanoi.com\/wp-content\/uploads\/2021\/03\/O1CN01z0wFDE1wRHMKdpB0l_355516304-64x114.jpg 64w, https:\/\/cungtenhanoi.com\/wp-content\/uploads\/2021\/03\/O1CN01z0wFDE1wRHMKdpB0l_355516304-169x300.jpg 169w, https:\/\/cungtenhanoi.com\/wp-content\/uploads\/2021\/03\/O1CN01z0wFDE1wRHMKdpB0l_355516304-576x1024.jpg 576w\" sizes=\"(max-width: 750px) 100vw, 750px\" \/> <img loading=\"lazy\" class=\"aligncenter size-full wp-image-1279\" src=\"https:\/\/cungtenhanoi.com\/wp-content\/uploads\/2021\/03\/O1CN012InA5l1wRHMHTQJVb_355516304.jpg\" alt=\"\" width=\"750\" height=\"1333\" srcset=\"https:\/\/cungtenhanoi.com\/wp-content\/uploads\/2021\/03\/O1CN012InA5l1wRHMHTQJVb_355516304.jpg 750w, https:\/\/cungtenhanoi.com\/wp-content\/uploads\/2021\/03\/O1CN012InA5l1wRHMHTQJVb_355516304-600x1066.jpg 600w, https:\/\/cungtenhanoi.com\/wp-content\/uploads\/2021\/03\/O1CN012InA5l1wRHMHTQJVb_355516304-64x114.jpg 64w, https:\/\/cungtenhanoi.com\/wp-content\/uploads\/2021\/03\/O1CN012InA5l1wRHMHTQJVb_355516304-169x300.jpg 169w, https:\/\/cungtenhanoi.com\/wp-content\/uploads\/2021\/03\/O1CN012InA5l1wRHMHTQJVb_355516304-576x1024.jpg 576w\" sizes=\"(max-width: 750px) 100vw, 750px\" \/> <img loading=\"lazy\" class=\"aligncenter size-full wp-image-1280\" src=\"https:\/\/cungtenhanoi.com\/wp-content\/uploads\/2021\/03\/O1CN018IeiAV1wRHMHtA6lm_355516304.jpg\" alt=\"\" width=\"750\" height=\"1000\" srcset=\"https:\/\/cungtenhanoi.com\/wp-content\/uploads\/2021\/03\/O1CN018IeiAV1wRHMHtA6lm_355516304.jpg 750w, https:\/\/cungtenhanoi.com\/wp-content\/uploads\/2021\/03\/O1CN018IeiAV1wRHMHtA6lm_355516304-600x800.jpg 600w, https:\/\/cungtenhanoi.com\/wp-content\/uploads\/2021\/03\/O1CN018IeiAV1wRHMHtA6lm_355516304-64x85.jpg 64w\" sizes=\"(max-width: 750px) 100vw, 750px\" \/><\/li>\n<\/ul>\n","protected":false},"excerpt":{"rendered":"<p>H\u00e0ng oder 7-15 ng\u00e0y theo m\u00e0u y\u00eau c\u1ea7u<\/p>\n","protected":false},"featured_media":1280,"comment_status":"open","ping_status":"closed","template":"","meta":[],"product_cat":[35,17],"product_tag":[268,198,34,86,168,33,355],"acf":[],"yoast_head":"<!-- This site is optimized with the Yoast SEO plugin v19.8 - https:\/\/yoast.com\/wordpress\/plugins\/seo\/ -->\n<title>Compound PSE XPedite X - Cung T\u00ean H\u00e0 N\u1ed9i<\/title>\n<meta name=\"description\" content=\"mua cung t\u00ean th\u1ec3 thao, mua cung t\u00ean t\u1ea1i h\u00e0 n\u1ed9i, cung tr\u1ee3 l\u1ef1c, cung compound, cung t\u00ean ch\u00ednh h\u00e3ng, cung t\u00ean m\u1ea1nh,cung t\u00ean h\u00e0 n\u1ed9i, cung t\u00ean , mua cung t\u00ean S\u00e0i g\u00f2n , mua m\u0169i t\u00ean b\u1eafn cung , cung b\u1eafn bi s\u1eaft , cung t\u00ean mini\" \/>\n<meta name=\"robots\" content=\"index, follow, max-snippet:-1, max-image-preview:large, max-video-preview:-1\" \/>\n<link rel=\"canonical\" href=\"https:\/\/cungtenhanoi.com\/?product=compound-pse-xpedite-x\" \/>\n<meta property=\"og:locale\" content=\"vi_VN\" \/>\n<meta property=\"og:type\" content=\"article\" \/>\n<meta property=\"og:title\" content=\"Compound PSE XPedite X - Cung T\u00ean H\u00e0 N\u1ed9i\" \/>\n<meta property=\"og:description\" content=\"mua cung t\u00ean th\u1ec3 thao, mua cung t\u00ean t\u1ea1i h\u00e0 n\u1ed9i, cung tr\u1ee3 l\u1ef1c, cung compound, cung t\u00ean ch\u00ednh h\u00e3ng, cung t\u00ean m\u1ea1nh,cung t\u00ean h\u00e0 n\u1ed9i, cung t\u00ean , mua cung t\u00ean S\u00e0i g\u00f2n , mua m\u0169i t\u00ean b\u1eafn cung , cung b\u1eafn bi s\u1eaft , cung t\u00ean mini\" \/>\n<meta property=\"og:url\" content=\"https:\/\/cungtenhanoi.com\/?product=compound-pse-xpedite-x\" \/>\n<meta property=\"og:site_name\" content=\"Cung T\u00ean H\u00e0 N\u1ed9i\" \/>\n<meta property=\"article:modified_time\" content=\"2022-03-23T14:21:44+00:00\" \/>\n<meta property=\"og:image\" content=\"https:\/\/cungtenhanoi.com\/wp-content\/uploads\/2021\/03\/O1CN018IeiAV1wRHMHtA6lm_355516304.jpg\" \/>\n\t<meta property=\"og:image:width\" content=\"750\" \/>\n\t<meta property=\"og:image:height\" content=\"1000\" \/>\n\t<meta property=\"og:image:type\" content=\"image\/jpeg\" \/>\n<meta name=\"twitter:card\" content=\"summary_large_image\" \/>\n<script type=\"application\/ld+json\" class=\"yoast-schema-graph\">{\"@context\":\"https:\/\/schema.org\",\"@graph\":[{\"@type\":\"WebPage\",\"@id\":\"https:\/\/cungtenhanoi.com\/?product=compound-pse-xpedite-x\",\"url\":\"https:\/\/cungtenhanoi.com\/?product=compound-pse-xpedite-x\",\"name\":\"Compound PSE XPedite X - Cung T\u00ean H\u00e0 N\u1ed9i\",\"isPartOf\":{\"@id\":\"https:\/\/cungtenhanoi.com\/#website\"},\"datePublished\":\"2021-03-26T13:28:05+00:00\",\"dateModified\":\"2022-03-23T14:21:44+00:00\",\"description\":\"mua cung t\u00ean th\u1ec3 thao, mua cung t\u00ean t\u1ea1i h\u00e0 n\u1ed9i, cung tr\u1ee3 l\u1ef1c, cung compound, cung t\u00ean ch\u00ednh h\u00e3ng, cung t\u00ean m\u1ea1nh,cung t\u00ean h\u00e0 n\u1ed9i, cung t\u00ean , mua cung t\u00ean S\u00e0i g\u00f2n , mua m\u0169i t\u00ean b\u1eafn cung , cung b\u1eafn bi s\u1eaft , cung t\u00ean mini\",\"breadcrumb\":{\"@id\":\"https:\/\/cungtenhanoi.com\/?product=compound-pse-xpedite-x#breadcrumb\"},\"inLanguage\":\"vi\",\"potentialAction\":[{\"@type\":\"ReadAction\",\"target\":[\"https:\/\/cungtenhanoi.com\/?product=compound-pse-xpedite-x\"]}]},{\"@type\":\"BreadcrumbList\",\"@id\":\"https:\/\/cungtenhanoi.com\/?product=compound-pse-xpedite-x#breadcrumb\",\"itemListElement\":[{\"@type\":\"ListItem\",\"position\":1,\"name\":\"Trang ch\u1ee7\",\"item\":\"https:\/\/cungtenhanoi.com\/\"},{\"@type\":\"ListItem\",\"position\":2,\"name\":\"Shop\",\"item\":\"https:\/\/cungtenhanoi.com\/?page_id=6\"},{\"@type\":\"ListItem\",\"position\":3,\"name\":\"Cung\",\"item\":\"https:\/\/cungtenhanoi.com\/danh-muc\/cung\/\"},{\"@type\":\"ListItem\",\"position\":4,\"name\":\"Compound PSE XPedite X\"}]},{\"@type\":\"WebSite\",\"@id\":\"https:\/\/cungtenhanoi.com\/#website\",\"url\":\"https:\/\/cungtenhanoi.com\/\",\"name\":\"Cung T\u00ean H\u00e0 N\u1ed9i\",\"description\":\"Cung c\u1ea5p c\u00e1c lo\u1ea1i cung t\u00ean th\u1ec3 thao s\u1ed1 1 Vi\u1ec7t Nam\",\"publisher\":{\"@id\":\"https:\/\/cungtenhanoi.com\/#organization\"},\"potentialAction\":[{\"@type\":\"SearchAction\",\"target\":{\"@type\":\"EntryPoint\",\"urlTemplate\":\"https:\/\/cungtenhanoi.com\/?s={search_term_string}\"},\"query-input\":\"required name=search_term_string\"}],\"inLanguage\":\"vi\"},{\"@type\":\"Organization\",\"@id\":\"https:\/\/cungtenhanoi.com\/#organization\",\"name\":\"Cung T\u00ean H\u00e0 N\u1ed9i\",\"url\":\"https:\/\/cungtenhanoi.com\/\",\"sameAs\":[],\"logo\":{\"@type\":\"ImageObject\",\"inLanguage\":\"vi\",\"@id\":\"https:\/\/cungtenhanoi.com\/#\/schema\/logo\/image\/\",\"url\":\"https:\/\/cungtenhanoi.com\/wp-content\/uploads\/2025\/05\/logo-den-trang.jpg\",\"contentUrl\":\"https:\/\/cungtenhanoi.com\/wp-content\/uploads\/2025\/05\/logo-den-trang.jpg\",\"width\":450,\"height\":450,\"caption\":\"Cung T\u00ean H\u00e0 N\u1ed9i\"},\"image\":{\"@id\":\"https:\/\/cungtenhanoi.com\/#\/schema\/logo\/image\/\"}}]}<\/script>\n<!-- \/ Yoast SEO plugin. -->","yoast_head_json":{"title":"Compound PSE XPedite X - Cung T\u00ean H\u00e0 N\u1ed9i","description":"mua cung t\u00ean th\u1ec3 thao, mua cung t\u00ean t\u1ea1i h\u00e0 n\u1ed9i, cung tr\u1ee3 l\u1ef1c, cung compound, cung t\u00ean ch\u00ednh h\u00e3ng, cung t\u00ean m\u1ea1nh,cung t\u00ean h\u00e0 n\u1ed9i, cung t\u00ean , mua cung t\u00ean S\u00e0i g\u00f2n , mua m\u0169i t\u00ean b\u1eafn cung , cung b\u1eafn bi s\u1eaft , cung t\u00ean mini","robots":{"index":"index","follow":"follow","max-snippet":"max-snippet:-1","max-image-preview":"max-image-preview:large","max-video-preview":"max-video-preview:-1"},"canonical":"https:\/\/cungtenhanoi.com\/?product=compound-pse-xpedite-x","og_locale":"vi_VN","og_type":"article","og_title":"Compound PSE XPedite X - Cung T\u00ean H\u00e0 N\u1ed9i","og_description":"mua cung t\u00ean th\u1ec3 thao, mua cung t\u00ean t\u1ea1i h\u00e0 n\u1ed9i, cung tr\u1ee3 l\u1ef1c, cung compound, cung t\u00ean ch\u00ednh h\u00e3ng, cung t\u00ean m\u1ea1nh,cung t\u00ean h\u00e0 n\u1ed9i, cung t\u00ean , mua cung t\u00ean S\u00e0i g\u00f2n , mua m\u0169i t\u00ean b\u1eafn cung , cung b\u1eafn bi s\u1eaft , cung t\u00ean mini","og_url":"https:\/\/cungtenhanoi.com\/?product=compound-pse-xpedite-x","og_site_name":"Cung T\u00ean H\u00e0 N\u1ed9i","article_modified_time":"2022-03-23T14:21:44+00:00","og_image":[{"width":750,"height":1000,"url":"https:\/\/cungtenhanoi.com\/wp-content\/uploads\/2021\/03\/O1CN018IeiAV1wRHMHtA6lm_355516304.jpg","type":"image\/jpeg"}],"twitter_card":"summary_large_image","schema":{"@context":"https:\/\/schema.org","@graph":[{"@type":"WebPage","@id":"https:\/\/cungtenhanoi.com\/?product=compound-pse-xpedite-x","url":"https:\/\/cungtenhanoi.com\/?product=compound-pse-xpedite-x","name":"Compound PSE XPedite X - Cung T\u00ean H\u00e0 N\u1ed9i","isPartOf":{"@id":"https:\/\/cungtenhanoi.com\/#website"},"datePublished":"2021-03-26T13:28:05+00:00","dateModified":"2022-03-23T14:21:44+00:00","description":"mua cung t\u00ean th\u1ec3 thao, mua cung t\u00ean t\u1ea1i h\u00e0 n\u1ed9i, cung tr\u1ee3 l\u1ef1c, cung compound, cung t\u00ean ch\u00ednh h\u00e3ng, cung t\u00ean m\u1ea1nh,cung t\u00ean h\u00e0 n\u1ed9i, cung t\u00ean , mua cung t\u00ean S\u00e0i g\u00f2n , mua m\u0169i t\u00ean b\u1eafn cung , cung b\u1eafn bi s\u1eaft , cung t\u00ean mini","breadcrumb":{"@id":"https:\/\/cungtenhanoi.com\/?product=compound-pse-xpedite-x#breadcrumb"},"inLanguage":"vi","potentialAction":[{"@type":"ReadAction","target":["https:\/\/cungtenhanoi.com\/?product=compound-pse-xpedite-x"]}]},{"@type":"BreadcrumbList","@id":"https:\/\/cungtenhanoi.com\/?product=compound-pse-xpedite-x#breadcrumb","itemListElement":[{"@type":"ListItem","position":1,"name":"Trang ch\u1ee7","item":"https:\/\/cungtenhanoi.com\/"},{"@type":"ListItem","position":2,"name":"Shop","item":"https:\/\/cungtenhanoi.com\/?page_id=6"},{"@type":"ListItem","position":3,"name":"Cung","item":"https:\/\/cungtenhanoi.com\/danh-muc\/cung\/"},{"@type":"ListItem","position":4,"name":"Compound PSE XPedite X"}]},{"@type":"WebSite","@id":"https:\/\/cungtenhanoi.com\/#website","url":"https:\/\/cungtenhanoi.com\/","name":"Cung T\u00ean H\u00e0 N\u1ed9i","description":"Cung c\u1ea5p c\u00e1c lo\u1ea1i cung t\u00ean th\u1ec3 thao s\u1ed1 1 Vi\u1ec7t Nam","publisher":{"@id":"https:\/\/cungtenhanoi.com\/#organization"},"potentialAction":[{"@type":"SearchAction","target":{"@type":"EntryPoint","urlTemplate":"https:\/\/cungtenhanoi.com\/?s={search_term_string}"},"query-input":"required name=search_term_string"}],"inLanguage":"vi"},{"@type":"Organization","@id":"https:\/\/cungtenhanoi.com\/#organization","name":"Cung T\u00ean H\u00e0 N\u1ed9i","url":"https:\/\/cungtenhanoi.com\/","sameAs":[],"logo":{"@type":"ImageObject","inLanguage":"vi","@id":"https:\/\/cungtenhanoi.com\/#\/schema\/logo\/image\/","url":"https:\/\/cungtenhanoi.com\/wp-content\/uploads\/2025\/05\/logo-den-trang.jpg","contentUrl":"https:\/\/cungtenhanoi.com\/wp-content\/uploads\/2025\/05\/logo-den-trang.jpg","width":450,"height":450,"caption":"Cung T\u00ean H\u00e0 N\u1ed9i"},"image":{"@id":"https:\/\/cungtenhanoi.com\/#\/schema\/logo\/image\/"}}]}},"_links":{"self":[{"href":"https:\/\/cungtenhanoi.com\/index.php?rest_route=\/wp\/v2\/product\/1272"}],"collection":[{"href":"https:\/\/cungtenhanoi.com\/index.php?rest_route=\/wp\/v2\/product"}],"about":[{"href":"https:\/\/cungtenhanoi.com\/index.php?rest_route=\/wp\/v2\/types\/product"}],"replies":[{"embeddable":true,"href":"https:\/\/cungtenhanoi.com\/index.php?rest_route=%2Fwp%2Fv2%2Fcomments&post=1272"}],"wp:featuredmedia":[{"embeddable":true,"href":"https:\/\/cungtenhanoi.com\/index.php?rest_route=\/wp\/v2\/media\/1280"}],"wp:attachment":[{"href":"https:\/\/cungtenhanoi.com\/index.php?rest_route=%2Fwp%2Fv2%2Fmedia&parent=1272"}],"wp:term":[{"taxonomy":"product_cat","embeddable":true,"href":"https:\/\/cungtenhanoi.com\/index.php?rest_route=%2Fwp%2Fv2%2Fproduct_cat&post=1272"},{"taxonomy":"product_tag","embeddable":true,"href":"https:\/\/cungtenhanoi.com\/index.php?rest_route=%2Fwp%2Fv2%2Fproduct_tag&post=1272"}],"curies":[{"name":"wp","href":"https:\/\/api.w.org\/{rel}","templated":true}]}}