{"id":1295,"date":"2021-03-26T22:43:25","date_gmt":"2021-03-26T15:43:25","guid":{"rendered":"https:\/\/cungtenhanoi.com\/?post_type=product&#038;p=1295"},"modified":"2022-03-23T21:46:23","modified_gmt":"2022-03-23T14:46:23","slug":"keo-dan-la-gio-401","status":"publish","type":"product","link":"https:\/\/cungtenhanoi.com\/?product=keo-dan-la-gio-401","title":{"rendered":"Keo d\u00e1n l\u00e1 gi\u00f3 401"},"content":{"rendered":"<p style=\"text-align: center;\">Keo H\u00e0n Qu\u1ed1c 401 chuy\u00ean d\u00e1n l\u00e1 gi\u00f3, \u0111\u1ed9 b\u1ec1n ch\u1eafc, ch\u1ecbu \u0111\u01b0\u1ee3c n\u01b0\u1edbc,kh\u00f4ng b\u1ecb h\u1ecfng t\u00ean cho l\u00e1 gi\u00f3 k\u1ebf ti\u1ebfp, kh\u00f4ng d\u00ednh lu\u00f4n nh\u01b0 502 n\u00ean \u0111i\u1ec1u ch\u1ec9nh d\u1ec5 d\u00e0ng<br \/>\n<img loading=\"lazy\" class=\"aligncenter size-full wp-image-1297\" src=\"https:\/\/cungtenhanoi.com\/wp-content\/uploads\/2021\/03\/3ff809bc95466168e4719eb494d5226f.jpg_800x800Q100.jpg\" alt=\"\" width=\"800\" height=\"800\" srcset=\"https:\/\/cungtenhanoi.com\/wp-content\/uploads\/2021\/03\/3ff809bc95466168e4719eb494d5226f.jpg_800x800Q100.jpg 800w, https:\/\/cungtenhanoi.com\/wp-content\/uploads\/2021\/03\/3ff809bc95466168e4719eb494d5226f.jpg_800x800Q100-300x300.jpg 300w, https:\/\/cungtenhanoi.com\/wp-content\/uploads\/2021\/03\/3ff809bc95466168e4719eb494d5226f.jpg_800x800Q100-100x100.jpg 100w, https:\/\/cungtenhanoi.com\/wp-content\/uploads\/2021\/03\/3ff809bc95466168e4719eb494d5226f.jpg_800x800Q100-600x600.jpg 600w, https:\/\/cungtenhanoi.com\/wp-content\/uploads\/2021\/03\/3ff809bc95466168e4719eb494d5226f.jpg_800x800Q100-64x64.jpg 64w\" sizes=\"(max-width: 800px) 100vw, 800px\" \/> <img loading=\"lazy\" class=\"aligncenter size-full wp-image-1298\" src=\"https:\/\/cungtenhanoi.com\/wp-content\/uploads\/2021\/03\/TB2W0KPaxlmpuFjSZPfXXc9iXXa_80754788-1.jpg\" alt=\"\" width=\"750\" height=\"750\" srcset=\"https:\/\/cungtenhanoi.com\/wp-content\/uploads\/2021\/03\/TB2W0KPaxlmpuFjSZPfXXc9iXXa_80754788-1.jpg 750w, https:\/\/cungtenhanoi.com\/wp-content\/uploads\/2021\/03\/TB2W0KPaxlmpuFjSZPfXXc9iXXa_80754788-1-300x300.jpg 300w, https:\/\/cungtenhanoi.com\/wp-content\/uploads\/2021\/03\/TB2W0KPaxlmpuFjSZPfXXc9iXXa_80754788-1-100x100.jpg 100w, https:\/\/cungtenhanoi.com\/wp-content\/uploads\/2021\/03\/TB2W0KPaxlmpuFjSZPfXXc9iXXa_80754788-1-600x600.jpg 600w, https:\/\/cungtenhanoi.com\/wp-content\/uploads\/2021\/03\/TB2W0KPaxlmpuFjSZPfXXc9iXXa_80754788-1-64x64.jpg 64w\" sizes=\"(max-width: 750px) 100vw, 750px\" \/><\/p>\n","protected":false},"excerpt":{"rendered":"<p>Keo H\u00e0n Qu\u1ed1c 401 chuy\u00ean d\u00e1n l\u00e1 gi\u00f3, \u0111\u1ed9 b\u1ec1n ch\u1eafc, ch\u1ecbu \u0111\u01b0\u1ee3c n\u01b0\u1edbc,kh\u00f4ng b\u1ecb h\u1ecfng t\u00ean cho l\u00e1 gi\u00f3 k\u1ebf ti\u1ebfp, kh\u00f4ng d\u00ednh lu\u00f4n nh\u01b0 502 n\u00ean \u0111i\u1ec1u ch\u1ec9nh d\u1ec5 d\u00e0ng<\/p>\n","protected":false},"featured_media":1298,"comment_status":"open","ping_status":"closed","template":"","meta":[],"product_cat":[20],"product_tag":[274,198,257,275],"acf":[],"yoast_head":"<!-- This site is optimized with the Yoast SEO plugin v19.8 - https:\/\/yoast.com\/wordpress\/plugins\/seo\/ -->\n<title>Keo d\u00e1n l\u00e1 gi\u00f3 401 - Cung T\u00ean H\u00e0 N\u1ed9i<\/title>\n<meta name=\"description\" content=\"mua cung t\u00ean th\u1ec3 thao, mua cung t\u00ean t\u1ea1i h\u00e0 n\u1ed9i, cung tr\u1ee3 l\u1ef1c, cung compound, cung t\u00ean ch\u00ednh h\u00e3ng, cung t\u00ean m\u1ea1nh,cung t\u00ean h\u00e0 n\u1ed9i, cung t\u00ean , mua cung t\u00ean S\u00e0i g\u00f2n , mua m\u0169i t\u00ean b\u1eafn cung , cung b\u1eafn bi s\u1eaft , cung t\u00ean mini\" \/>\n<meta name=\"robots\" content=\"index, follow, max-snippet:-1, max-image-preview:large, max-video-preview:-1\" \/>\n<link rel=\"canonical\" href=\"https:\/\/cungtenhanoi.com\/?product=keo-dan-la-gio-401\" \/>\n<meta property=\"og:locale\" content=\"vi_VN\" \/>\n<meta property=\"og:type\" content=\"article\" \/>\n<meta property=\"og:title\" content=\"Keo d\u00e1n l\u00e1 gi\u00f3 401 - Cung T\u00ean H\u00e0 N\u1ed9i\" \/>\n<meta property=\"og:description\" content=\"mua cung t\u00ean th\u1ec3 thao, mua cung t\u00ean t\u1ea1i h\u00e0 n\u1ed9i, cung tr\u1ee3 l\u1ef1c, cung compound, cung t\u00ean ch\u00ednh h\u00e3ng, cung t\u00ean m\u1ea1nh,cung t\u00ean h\u00e0 n\u1ed9i, cung t\u00ean , mua cung t\u00ean S\u00e0i g\u00f2n , mua m\u0169i t\u00ean b\u1eafn cung , cung b\u1eafn bi s\u1eaft , cung t\u00ean mini\" \/>\n<meta property=\"og:url\" content=\"https:\/\/cungtenhanoi.com\/?product=keo-dan-la-gio-401\" \/>\n<meta property=\"og:site_name\" content=\"Cung T\u00ean H\u00e0 N\u1ed9i\" \/>\n<meta property=\"article:modified_time\" content=\"2022-03-23T14:46:23+00:00\" \/>\n<meta property=\"og:image\" content=\"https:\/\/cungtenhanoi.com\/wp-content\/uploads\/2021\/03\/TB2W0KPaxlmpuFjSZPfXXc9iXXa_80754788-1.jpg\" \/>\n\t<meta property=\"og:image:width\" content=\"750\" \/>\n\t<meta property=\"og:image:height\" content=\"750\" \/>\n\t<meta property=\"og:image:type\" content=\"image\/jpeg\" \/>\n<meta name=\"twitter:card\" content=\"summary_large_image\" \/>\n<script type=\"application\/ld+json\" class=\"yoast-schema-graph\">{\"@context\":\"https:\/\/schema.org\",\"@graph\":[{\"@type\":\"WebPage\",\"@id\":\"https:\/\/cungtenhanoi.com\/?product=keo-dan-la-gio-401\",\"url\":\"https:\/\/cungtenhanoi.com\/?product=keo-dan-la-gio-401\",\"name\":\"Keo d\u00e1n l\u00e1 gi\u00f3 401 - Cung T\u00ean H\u00e0 N\u1ed9i\",\"isPartOf\":{\"@id\":\"https:\/\/cungtenhanoi.com\/#website\"},\"datePublished\":\"2021-03-26T15:43:25+00:00\",\"dateModified\":\"2022-03-23T14:46:23+00:00\",\"description\":\"mua cung t\u00ean th\u1ec3 thao, mua cung t\u00ean t\u1ea1i h\u00e0 n\u1ed9i, cung tr\u1ee3 l\u1ef1c, cung compound, cung t\u00ean ch\u00ednh h\u00e3ng, cung t\u00ean m\u1ea1nh,cung t\u00ean h\u00e0 n\u1ed9i, cung t\u00ean , mua cung t\u00ean S\u00e0i g\u00f2n , mua m\u0169i t\u00ean b\u1eafn cung , cung b\u1eafn bi s\u1eaft , cung t\u00ean mini\",\"breadcrumb\":{\"@id\":\"https:\/\/cungtenhanoi.com\/?product=keo-dan-la-gio-401#breadcrumb\"},\"inLanguage\":\"vi\",\"potentialAction\":[{\"@type\":\"ReadAction\",\"target\":[\"https:\/\/cungtenhanoi.com\/?product=keo-dan-la-gio-401\"]}]},{\"@type\":\"BreadcrumbList\",\"@id\":\"https:\/\/cungtenhanoi.com\/?product=keo-dan-la-gio-401#breadcrumb\",\"itemListElement\":[{\"@type\":\"ListItem\",\"position\":1,\"name\":\"Trang ch\u1ee7\",\"item\":\"https:\/\/cungtenhanoi.com\/\"},{\"@type\":\"ListItem\",\"position\":2,\"name\":\"Shop\",\"item\":\"https:\/\/cungtenhanoi.com\/?page_id=6\"},{\"@type\":\"ListItem\",\"position\":3,\"name\":\"Ph\u1ee5 ki\u1ec7n\",\"item\":\"https:\/\/cungtenhanoi.com\/danh-muc\/phu-kien\/\"},{\"@type\":\"ListItem\",\"position\":4,\"name\":\"Keo d\u00e1n l\u00e1 gi\u00f3 401\"}]},{\"@type\":\"WebSite\",\"@id\":\"https:\/\/cungtenhanoi.com\/#website\",\"url\":\"https:\/\/cungtenhanoi.com\/\",\"name\":\"Cung T\u00ean H\u00e0 N\u1ed9i\",\"description\":\"Cung c\u1ea5p c\u00e1c lo\u1ea1i cung t\u00ean th\u1ec3 thao s\u1ed1 1 Vi\u1ec7t Nam\",\"publisher\":{\"@id\":\"https:\/\/cungtenhanoi.com\/#organization\"},\"potentialAction\":[{\"@type\":\"SearchAction\",\"target\":{\"@type\":\"EntryPoint\",\"urlTemplate\":\"https:\/\/cungtenhanoi.com\/?s={search_term_string}\"},\"query-input\":\"required name=search_term_string\"}],\"inLanguage\":\"vi\"},{\"@type\":\"Organization\",\"@id\":\"https:\/\/cungtenhanoi.com\/#organization\",\"name\":\"Cung T\u00ean H\u00e0 N\u1ed9i\",\"url\":\"https:\/\/cungtenhanoi.com\/\",\"sameAs\":[],\"logo\":{\"@type\":\"ImageObject\",\"inLanguage\":\"vi\",\"@id\":\"https:\/\/cungtenhanoi.com\/#\/schema\/logo\/image\/\",\"url\":\"https:\/\/cungtenhanoi.com\/wp-content\/uploads\/2025\/05\/logo-den-trang.jpg\",\"contentUrl\":\"https:\/\/cungtenhanoi.com\/wp-content\/uploads\/2025\/05\/logo-den-trang.jpg\",\"width\":450,\"height\":450,\"caption\":\"Cung T\u00ean H\u00e0 N\u1ed9i\"},\"image\":{\"@id\":\"https:\/\/cungtenhanoi.com\/#\/schema\/logo\/image\/\"}}]}<\/script>\n<!-- \/ Yoast SEO plugin. -->","yoast_head_json":{"title":"Keo d\u00e1n l\u00e1 gi\u00f3 401 - Cung T\u00ean H\u00e0 N\u1ed9i","description":"mua cung t\u00ean th\u1ec3 thao, mua cung t\u00ean t\u1ea1i h\u00e0 n\u1ed9i, cung tr\u1ee3 l\u1ef1c, cung compound, cung t\u00ean ch\u00ednh h\u00e3ng, cung t\u00ean m\u1ea1nh,cung t\u00ean h\u00e0 n\u1ed9i, cung t\u00ean , mua cung t\u00ean S\u00e0i g\u00f2n , mua m\u0169i t\u00ean b\u1eafn cung , cung b\u1eafn bi s\u1eaft , cung t\u00ean mini","robots":{"index":"index","follow":"follow","max-snippet":"max-snippet:-1","max-image-preview":"max-image-preview:large","max-video-preview":"max-video-preview:-1"},"canonical":"https:\/\/cungtenhanoi.com\/?product=keo-dan-la-gio-401","og_locale":"vi_VN","og_type":"article","og_title":"Keo d\u00e1n l\u00e1 gi\u00f3 401 - Cung T\u00ean H\u00e0 N\u1ed9i","og_description":"mua cung t\u00ean th\u1ec3 thao, mua cung t\u00ean t\u1ea1i h\u00e0 n\u1ed9i, cung tr\u1ee3 l\u1ef1c, cung compound, cung t\u00ean ch\u00ednh h\u00e3ng, cung t\u00ean m\u1ea1nh,cung t\u00ean h\u00e0 n\u1ed9i, cung t\u00ean , mua cung t\u00ean S\u00e0i g\u00f2n , mua m\u0169i t\u00ean b\u1eafn cung , cung b\u1eafn bi s\u1eaft , cung t\u00ean mini","og_url":"https:\/\/cungtenhanoi.com\/?product=keo-dan-la-gio-401","og_site_name":"Cung T\u00ean H\u00e0 N\u1ed9i","article_modified_time":"2022-03-23T14:46:23+00:00","og_image":[{"width":750,"height":750,"url":"https:\/\/cungtenhanoi.com\/wp-content\/uploads\/2021\/03\/TB2W0KPaxlmpuFjSZPfXXc9iXXa_80754788-1.jpg","type":"image\/jpeg"}],"twitter_card":"summary_large_image","schema":{"@context":"https:\/\/schema.org","@graph":[{"@type":"WebPage","@id":"https:\/\/cungtenhanoi.com\/?product=keo-dan-la-gio-401","url":"https:\/\/cungtenhanoi.com\/?product=keo-dan-la-gio-401","name":"Keo d\u00e1n l\u00e1 gi\u00f3 401 - Cung T\u00ean H\u00e0 N\u1ed9i","isPartOf":{"@id":"https:\/\/cungtenhanoi.com\/#website"},"datePublished":"2021-03-26T15:43:25+00:00","dateModified":"2022-03-23T14:46:23+00:00","description":"mua cung t\u00ean th\u1ec3 thao, mua cung t\u00ean t\u1ea1i h\u00e0 n\u1ed9i, cung tr\u1ee3 l\u1ef1c, cung compound, cung t\u00ean ch\u00ednh h\u00e3ng, cung t\u00ean m\u1ea1nh,cung t\u00ean h\u00e0 n\u1ed9i, cung t\u00ean , mua cung t\u00ean S\u00e0i g\u00f2n , mua m\u0169i t\u00ean b\u1eafn cung , cung b\u1eafn bi s\u1eaft , cung t\u00ean mini","breadcrumb":{"@id":"https:\/\/cungtenhanoi.com\/?product=keo-dan-la-gio-401#breadcrumb"},"inLanguage":"vi","potentialAction":[{"@type":"ReadAction","target":["https:\/\/cungtenhanoi.com\/?product=keo-dan-la-gio-401"]}]},{"@type":"BreadcrumbList","@id":"https:\/\/cungtenhanoi.com\/?product=keo-dan-la-gio-401#breadcrumb","itemListElement":[{"@type":"ListItem","position":1,"name":"Trang ch\u1ee7","item":"https:\/\/cungtenhanoi.com\/"},{"@type":"ListItem","position":2,"name":"Shop","item":"https:\/\/cungtenhanoi.com\/?page_id=6"},{"@type":"ListItem","position":3,"name":"Ph\u1ee5 ki\u1ec7n","item":"https:\/\/cungtenhanoi.com\/danh-muc\/phu-kien\/"},{"@type":"ListItem","position":4,"name":"Keo d\u00e1n l\u00e1 gi\u00f3 401"}]},{"@type":"WebSite","@id":"https:\/\/cungtenhanoi.com\/#website","url":"https:\/\/cungtenhanoi.com\/","name":"Cung T\u00ean H\u00e0 N\u1ed9i","description":"Cung c\u1ea5p c\u00e1c lo\u1ea1i cung t\u00ean th\u1ec3 thao s\u1ed1 1 Vi\u1ec7t Nam","publisher":{"@id":"https:\/\/cungtenhanoi.com\/#organization"},"potentialAction":[{"@type":"SearchAction","target":{"@type":"EntryPoint","urlTemplate":"https:\/\/cungtenhanoi.com\/?s={search_term_string}"},"query-input":"required name=search_term_string"}],"inLanguage":"vi"},{"@type":"Organization","@id":"https:\/\/cungtenhanoi.com\/#organization","name":"Cung T\u00ean H\u00e0 N\u1ed9i","url":"https:\/\/cungtenhanoi.com\/","sameAs":[],"logo":{"@type":"ImageObject","inLanguage":"vi","@id":"https:\/\/cungtenhanoi.com\/#\/schema\/logo\/image\/","url":"https:\/\/cungtenhanoi.com\/wp-content\/uploads\/2025\/05\/logo-den-trang.jpg","contentUrl":"https:\/\/cungtenhanoi.com\/wp-content\/uploads\/2025\/05\/logo-den-trang.jpg","width":450,"height":450,"caption":"Cung T\u00ean H\u00e0 N\u1ed9i"},"image":{"@id":"https:\/\/cungtenhanoi.com\/#\/schema\/logo\/image\/"}}]}},"_links":{"self":[{"href":"https:\/\/cungtenhanoi.com\/index.php?rest_route=\/wp\/v2\/product\/1295"}],"collection":[{"href":"https:\/\/cungtenhanoi.com\/index.php?rest_route=\/wp\/v2\/product"}],"about":[{"href":"https:\/\/cungtenhanoi.com\/index.php?rest_route=\/wp\/v2\/types\/product"}],"replies":[{"embeddable":true,"href":"https:\/\/cungtenhanoi.com\/index.php?rest_route=%2Fwp%2Fv2%2Fcomments&post=1295"}],"wp:featuredmedia":[{"embeddable":true,"href":"https:\/\/cungtenhanoi.com\/index.php?rest_route=\/wp\/v2\/media\/1298"}],"wp:attachment":[{"href":"https:\/\/cungtenhanoi.com\/index.php?rest_route=%2Fwp%2Fv2%2Fmedia&parent=1295"}],"wp:term":[{"taxonomy":"product_cat","embeddable":true,"href":"https:\/\/cungtenhanoi.com\/index.php?rest_route=%2Fwp%2Fv2%2Fproduct_cat&post=1295"},{"taxonomy":"product_tag","embeddable":true,"href":"https:\/\/cungtenhanoi.com\/index.php?rest_route=%2Fwp%2Fv2%2Fproduct_tag&post=1295"}],"curies":[{"name":"wp","href":"https:\/\/api.w.org\/{rel}","templated":true}]}}