{"id":1323,"date":"2021-03-29T00:24:16","date_gmt":"2021-03-28T17:24:16","guid":{"rendered":"https:\/\/cungtenhanoi.com\/?post_type=product&#038;p=1323"},"modified":"2021-03-29T00:24:16","modified_gmt":"2021-03-28T17:24:16","slug":"hoyt-arcos-riser-2021","status":"publish","type":"product","link":"https:\/\/cungtenhanoi.com\/?product=hoyt-arcos-riser-2021","title":{"rendered":"Hoyt Arcos Riser 2021"},"content":{"rendered":"<p style=\"text-align: center;\"><strong>Th\u01b0\u01a1ng hi\u1ec7u: HOYT<\/strong><\/p>\n<p style=\"text-align: center;\"><strong>M\u00f4 h\u00ecnh: ARCOS Recurve Bow<\/strong><\/p>\n<p style=\"text-align: center;\"><strong>K\u00edch th\u01b0\u1edbc: 25 inch<\/strong><\/p>\n<p style=\"text-align: center;\"><strong>M\u00e0u: \u0111\u1ecf, \u0111en, tr\u1eafng, xanh, b\u1ea1c<\/strong><\/p>\n<p style=\"text-align: center;\"><strong>Tr\u1ecdng l\u01b0\u1ee3ng: 1338g<\/strong><\/p>\n<p><img loading=\"lazy\" class=\"aligncenter size-full wp-image-1332\" src=\"https:\/\/cungtenhanoi.com\/wp-content\/uploads\/2021\/03\/O1CN011beA4b1n6Mp9XttHB_845185040.jpg\" alt=\"\" width=\"962\" height=\"1096\" srcset=\"https:\/\/cungtenhanoi.com\/wp-content\/uploads\/2021\/03\/O1CN011beA4b1n6Mp9XttHB_845185040.jpg 962w, https:\/\/cungtenhanoi.com\/wp-content\/uploads\/2021\/03\/O1CN011beA4b1n6Mp9XttHB_845185040-600x684.jpg 600w, https:\/\/cungtenhanoi.com\/wp-content\/uploads\/2021\/03\/O1CN011beA4b1n6Mp9XttHB_845185040-64x73.jpg 64w\" sizes=\"(max-width: 962px) 100vw, 962px\" \/><img loading=\"lazy\" class=\"aligncenter size-full wp-image-1324\" src=\"https:\/\/cungtenhanoi.com\/wp-content\/uploads\/2021\/03\/O1CN01b2Ytfk1n6MpVryhtG_845185040.jpg\" alt=\"\" width=\"800\" height=\"800\" srcset=\"https:\/\/cungtenhanoi.com\/wp-content\/uploads\/2021\/03\/O1CN01b2Ytfk1n6MpVryhtG_845185040.jpg 800w, https:\/\/cungtenhanoi.com\/wp-content\/uploads\/2021\/03\/O1CN01b2Ytfk1n6MpVryhtG_845185040-300x300.jpg 300w, https:\/\/cungtenhanoi.com\/wp-content\/uploads\/2021\/03\/O1CN01b2Ytfk1n6MpVryhtG_845185040-100x100.jpg 100w, https:\/\/cungtenhanoi.com\/wp-content\/uploads\/2021\/03\/O1CN01b2Ytfk1n6MpVryhtG_845185040-600x600.jpg 600w, https:\/\/cungtenhanoi.com\/wp-content\/uploads\/2021\/03\/O1CN01b2Ytfk1n6MpVryhtG_845185040-64x64.jpg 64w, https:\/\/cungtenhanoi.com\/wp-content\/uploads\/2021\/03\/O1CN01b2Ytfk1n6MpVryhtG_845185040-150x150.jpg 150w, https:\/\/cungtenhanoi.com\/wp-content\/uploads\/2021\/03\/O1CN01b2Ytfk1n6MpVryhtG_845185040-768x768.jpg 768w, https:\/\/cungtenhanoi.com\/wp-content\/uploads\/2021\/03\/O1CN01b2Ytfk1n6MpVryhtG_845185040-180x180.jpg 180w, https:\/\/cungtenhanoi.com\/wp-content\/uploads\/2021\/03\/O1CN01b2Ytfk1n6MpVryhtG_845185040-45x45.jpg 45w\" sizes=\"(max-width: 800px) 100vw, 800px\" \/> <img loading=\"lazy\" class=\"aligncenter size-full wp-image-1325\" src=\"https:\/\/cungtenhanoi.com\/wp-content\/uploads\/2021\/03\/O1CN01EJ0Xdy1n6Mp4aPJNo_845185040.jpg\" alt=\"\" width=\"800\" height=\"800\" srcset=\"https:\/\/cungtenhanoi.com\/wp-content\/uploads\/2021\/03\/O1CN01EJ0Xdy1n6Mp4aPJNo_845185040.jpg 800w, https:\/\/cungtenhanoi.com\/wp-content\/uploads\/2021\/03\/O1CN01EJ0Xdy1n6Mp4aPJNo_845185040-300x300.jpg 300w, https:\/\/cungtenhanoi.com\/wp-content\/uploads\/2021\/03\/O1CN01EJ0Xdy1n6Mp4aPJNo_845185040-100x100.jpg 100w, https:\/\/cungtenhanoi.com\/wp-content\/uploads\/2021\/03\/O1CN01EJ0Xdy1n6Mp4aPJNo_845185040-600x600.jpg 600w, https:\/\/cungtenhanoi.com\/wp-content\/uploads\/2021\/03\/O1CN01EJ0Xdy1n6Mp4aPJNo_845185040-64x64.jpg 64w, https:\/\/cungtenhanoi.com\/wp-content\/uploads\/2021\/03\/O1CN01EJ0Xdy1n6Mp4aPJNo_845185040-150x150.jpg 150w, https:\/\/cungtenhanoi.com\/wp-content\/uploads\/2021\/03\/O1CN01EJ0Xdy1n6Mp4aPJNo_845185040-768x768.jpg 768w, https:\/\/cungtenhanoi.com\/wp-content\/uploads\/2021\/03\/O1CN01EJ0Xdy1n6Mp4aPJNo_845185040-180x180.jpg 180w, https:\/\/cungtenhanoi.com\/wp-content\/uploads\/2021\/03\/O1CN01EJ0Xdy1n6Mp4aPJNo_845185040-45x45.jpg 45w\" sizes=\"(max-width: 800px) 100vw, 800px\" \/> <img loading=\"lazy\" class=\"aligncenter size-full wp-image-1326\" src=\"https:\/\/cungtenhanoi.com\/wp-content\/uploads\/2021\/03\/O1CN01j2OZAQ1n6MpXxpXhh_845185040.jpg\" alt=\"\" width=\"800\" height=\"800\" srcset=\"https:\/\/cungtenhanoi.com\/wp-content\/uploads\/2021\/03\/O1CN01j2OZAQ1n6MpXxpXhh_845185040.jpg 800w, https:\/\/cungtenhanoi.com\/wp-content\/uploads\/2021\/03\/O1CN01j2OZAQ1n6MpXxpXhh_845185040-300x300.jpg 300w, https:\/\/cungtenhanoi.com\/wp-content\/uploads\/2021\/03\/O1CN01j2OZAQ1n6MpXxpXhh_845185040-100x100.jpg 100w, https:\/\/cungtenhanoi.com\/wp-content\/uploads\/2021\/03\/O1CN01j2OZAQ1n6MpXxpXhh_845185040-600x600.jpg 600w, https:\/\/cungtenhanoi.com\/wp-content\/uploads\/2021\/03\/O1CN01j2OZAQ1n6MpXxpXhh_845185040-64x64.jpg 64w, https:\/\/cungtenhanoi.com\/wp-content\/uploads\/2021\/03\/O1CN01j2OZAQ1n6MpXxpXhh_845185040-150x150.jpg 150w, https:\/\/cungtenhanoi.com\/wp-content\/uploads\/2021\/03\/O1CN01j2OZAQ1n6MpXxpXhh_845185040-768x768.jpg 768w, https:\/\/cungtenhanoi.com\/wp-content\/uploads\/2021\/03\/O1CN01j2OZAQ1n6MpXxpXhh_845185040-180x180.jpg 180w, https:\/\/cungtenhanoi.com\/wp-content\/uploads\/2021\/03\/O1CN01j2OZAQ1n6MpXxpXhh_845185040-45x45.jpg 45w\" sizes=\"(max-width: 800px) 100vw, 800px\" \/> <img loading=\"lazy\" class=\"aligncenter size-full wp-image-1327\" src=\"https:\/\/cungtenhanoi.com\/wp-content\/uploads\/2021\/03\/O1CN01QFtAoU1n6MpSw3FKW_845185040.jpg\" alt=\"\" width=\"800\" height=\"800\" srcset=\"https:\/\/cungtenhanoi.com\/wp-content\/uploads\/2021\/03\/O1CN01QFtAoU1n6MpSw3FKW_845185040.jpg 800w, https:\/\/cungtenhanoi.com\/wp-content\/uploads\/2021\/03\/O1CN01QFtAoU1n6MpSw3FKW_845185040-300x300.jpg 300w, https:\/\/cungtenhanoi.com\/wp-content\/uploads\/2021\/03\/O1CN01QFtAoU1n6MpSw3FKW_845185040-100x100.jpg 100w, https:\/\/cungtenhanoi.com\/wp-content\/uploads\/2021\/03\/O1CN01QFtAoU1n6MpSw3FKW_845185040-600x600.jpg 600w, https:\/\/cungtenhanoi.com\/wp-content\/uploads\/2021\/03\/O1CN01QFtAoU1n6MpSw3FKW_845185040-64x64.jpg 64w, https:\/\/cungtenhanoi.com\/wp-content\/uploads\/2021\/03\/O1CN01QFtAoU1n6MpSw3FKW_845185040-150x150.jpg 150w, https:\/\/cungtenhanoi.com\/wp-content\/uploads\/2021\/03\/O1CN01QFtAoU1n6MpSw3FKW_845185040-768x768.jpg 768w, https:\/\/cungtenhanoi.com\/wp-content\/uploads\/2021\/03\/O1CN01QFtAoU1n6MpSw3FKW_845185040-180x180.jpg 180w, https:\/\/cungtenhanoi.com\/wp-content\/uploads\/2021\/03\/O1CN01QFtAoU1n6MpSw3FKW_845185040-45x45.jpg 45w\" sizes=\"(max-width: 800px) 100vw, 800px\" \/> <img loading=\"lazy\" class=\"aligncenter size-full wp-image-1328\" src=\"https:\/\/cungtenhanoi.com\/wp-content\/uploads\/2021\/03\/O1CN01uWvTZb1n6Mp8naDOj_845185040.jpg\" alt=\"\" width=\"800\" height=\"800\" srcset=\"https:\/\/cungtenhanoi.com\/wp-content\/uploads\/2021\/03\/O1CN01uWvTZb1n6Mp8naDOj_845185040.jpg 800w, https:\/\/cungtenhanoi.com\/wp-content\/uploads\/2021\/03\/O1CN01uWvTZb1n6Mp8naDOj_845185040-300x300.jpg 300w, https:\/\/cungtenhanoi.com\/wp-content\/uploads\/2021\/03\/O1CN01uWvTZb1n6Mp8naDOj_845185040-100x100.jpg 100w, https:\/\/cungtenhanoi.com\/wp-content\/uploads\/2021\/03\/O1CN01uWvTZb1n6Mp8naDOj_845185040-600x600.jpg 600w, https:\/\/cungtenhanoi.com\/wp-content\/uploads\/2021\/03\/O1CN01uWvTZb1n6Mp8naDOj_845185040-64x64.jpg 64w, https:\/\/cungtenhanoi.com\/wp-content\/uploads\/2021\/03\/O1CN01uWvTZb1n6Mp8naDOj_845185040-150x150.jpg 150w, https:\/\/cungtenhanoi.com\/wp-content\/uploads\/2021\/03\/O1CN01uWvTZb1n6Mp8naDOj_845185040-768x768.jpg 768w, https:\/\/cungtenhanoi.com\/wp-content\/uploads\/2021\/03\/O1CN01uWvTZb1n6Mp8naDOj_845185040-180x180.jpg 180w, https:\/\/cungtenhanoi.com\/wp-content\/uploads\/2021\/03\/O1CN01uWvTZb1n6Mp8naDOj_845185040-45x45.jpg 45w\" sizes=\"(max-width: 800px) 100vw, 800px\" \/> <img loading=\"lazy\" class=\"aligncenter size-full wp-image-1329\" src=\"https:\/\/cungtenhanoi.com\/wp-content\/uploads\/2021\/03\/O1CN01VJ4FLF1n6MpbONySA_845185040.jpg\" alt=\"\" width=\"800\" height=\"800\" srcset=\"https:\/\/cungtenhanoi.com\/wp-content\/uploads\/2021\/03\/O1CN01VJ4FLF1n6MpbONySA_845185040.jpg 800w, https:\/\/cungtenhanoi.com\/wp-content\/uploads\/2021\/03\/O1CN01VJ4FLF1n6MpbONySA_845185040-300x300.jpg 300w, https:\/\/cungtenhanoi.com\/wp-content\/uploads\/2021\/03\/O1CN01VJ4FLF1n6MpbONySA_845185040-100x100.jpg 100w, https:\/\/cungtenhanoi.com\/wp-content\/uploads\/2021\/03\/O1CN01VJ4FLF1n6MpbONySA_845185040-600x600.jpg 600w, https:\/\/cungtenhanoi.com\/wp-content\/uploads\/2021\/03\/O1CN01VJ4FLF1n6MpbONySA_845185040-64x64.jpg 64w\" sizes=\"(max-width: 800px) 100vw, 800px\" \/> <img loading=\"lazy\" class=\"aligncenter size-full wp-image-1330\" src=\"https:\/\/cungtenhanoi.com\/wp-content\/uploads\/2021\/03\/O1CN01YEbCnS1n6MpZyf4g9_845185040.jpg\" alt=\"\" width=\"800\" height=\"800\" srcset=\"https:\/\/cungtenhanoi.com\/wp-content\/uploads\/2021\/03\/O1CN01YEbCnS1n6MpZyf4g9_845185040.jpg 800w, https:\/\/cungtenhanoi.com\/wp-content\/uploads\/2021\/03\/O1CN01YEbCnS1n6MpZyf4g9_845185040-300x300.jpg 300w, https:\/\/cungtenhanoi.com\/wp-content\/uploads\/2021\/03\/O1CN01YEbCnS1n6MpZyf4g9_845185040-100x100.jpg 100w, https:\/\/cungtenhanoi.com\/wp-content\/uploads\/2021\/03\/O1CN01YEbCnS1n6MpZyf4g9_845185040-600x600.jpg 600w, https:\/\/cungtenhanoi.com\/wp-content\/uploads\/2021\/03\/O1CN01YEbCnS1n6MpZyf4g9_845185040-64x64.jpg 64w, https:\/\/cungtenhanoi.com\/wp-content\/uploads\/2021\/03\/O1CN01YEbCnS1n6MpZyf4g9_845185040-150x150.jpg 150w, https:\/\/cungtenhanoi.com\/wp-content\/uploads\/2021\/03\/O1CN01YEbCnS1n6MpZyf4g9_845185040-768x768.jpg 768w, https:\/\/cungtenhanoi.com\/wp-content\/uploads\/2021\/03\/O1CN01YEbCnS1n6MpZyf4g9_845185040-180x180.jpg 180w, https:\/\/cungtenhanoi.com\/wp-content\/uploads\/2021\/03\/O1CN01YEbCnS1n6MpZyf4g9_845185040-45x45.jpg 45w\" sizes=\"(max-width: 800px) 100vw, 800px\" \/> <img loading=\"lazy\" class=\"aligncenter size-full wp-image-1331\" src=\"https:\/\/cungtenhanoi.com\/wp-content\/uploads\/2021\/03\/O1CN010ozaMe1n6MpCqcsI7_845185040.jpg\" alt=\"\" width=\"800\" height=\"800\" srcset=\"https:\/\/cungtenhanoi.com\/wp-content\/uploads\/2021\/03\/O1CN010ozaMe1n6MpCqcsI7_845185040.jpg 800w, https:\/\/cungtenhanoi.com\/wp-content\/uploads\/2021\/03\/O1CN010ozaMe1n6MpCqcsI7_845185040-300x300.jpg 300w, https:\/\/cungtenhanoi.com\/wp-content\/uploads\/2021\/03\/O1CN010ozaMe1n6MpCqcsI7_845185040-100x100.jpg 100w, https:\/\/cungtenhanoi.com\/wp-content\/uploads\/2021\/03\/O1CN010ozaMe1n6MpCqcsI7_845185040-600x600.jpg 600w, https:\/\/cungtenhanoi.com\/wp-content\/uploads\/2021\/03\/O1CN010ozaMe1n6MpCqcsI7_845185040-64x64.jpg 64w, https:\/\/cungtenhanoi.com\/wp-content\/uploads\/2021\/03\/O1CN010ozaMe1n6MpCqcsI7_845185040-150x150.jpg 150w, https:\/\/cungtenhanoi.com\/wp-content\/uploads\/2021\/03\/O1CN010ozaMe1n6MpCqcsI7_845185040-768x768.jpg 768w, https:\/\/cungtenhanoi.com\/wp-content\/uploads\/2021\/03\/O1CN010ozaMe1n6MpCqcsI7_845185040-180x180.jpg 180w, https:\/\/cungtenhanoi.com\/wp-content\/uploads\/2021\/03\/O1CN010ozaMe1n6MpCqcsI7_845185040-45x45.jpg 45w\" sizes=\"(max-width: 800px) 100vw, 800px\" \/> <img loading=\"lazy\" class=\"aligncenter size-full wp-image-1333\" src=\"https:\/\/cungtenhanoi.com\/wp-content\/uploads\/2021\/03\/O1CN014FmrPG1n6MpPSW54O_845185040.jpg\" alt=\"\" width=\"800\" height=\"800\" srcset=\"https:\/\/cungtenhanoi.com\/wp-content\/uploads\/2021\/03\/O1CN014FmrPG1n6MpPSW54O_845185040.jpg 800w, https:\/\/cungtenhanoi.com\/wp-content\/uploads\/2021\/03\/O1CN014FmrPG1n6MpPSW54O_845185040-300x300.jpg 300w, https:\/\/cungtenhanoi.com\/wp-content\/uploads\/2021\/03\/O1CN014FmrPG1n6MpPSW54O_845185040-100x100.jpg 100w, https:\/\/cungtenhanoi.com\/wp-content\/uploads\/2021\/03\/O1CN014FmrPG1n6MpPSW54O_845185040-600x600.jpg 600w, https:\/\/cungtenhanoi.com\/wp-content\/uploads\/2021\/03\/O1CN014FmrPG1n6MpPSW54O_845185040-64x64.jpg 64w, https:\/\/cungtenhanoi.com\/wp-content\/uploads\/2021\/03\/O1CN014FmrPG1n6MpPSW54O_845185040-150x150.jpg 150w, https:\/\/cungtenhanoi.com\/wp-content\/uploads\/2021\/03\/O1CN014FmrPG1n6MpPSW54O_845185040-768x768.jpg 768w, https:\/\/cungtenhanoi.com\/wp-content\/uploads\/2021\/03\/O1CN014FmrPG1n6MpPSW54O_845185040-180x180.jpg 180w, https:\/\/cungtenhanoi.com\/wp-content\/uploads\/2021\/03\/O1CN014FmrPG1n6MpPSW54O_845185040-45x45.jpg 45w\" sizes=\"(max-width: 800px) 100vw, 800px\" \/><\/p>\n","protected":false},"excerpt":{"rendered":"<p>H\u00e0ng oder 7-15 ng\u00e0y<\/p>\n","protected":false},"featured_media":1329,"comment_status":"open","ping_status":"closed","template":"","meta":[],"product_cat":[36,17],"product_tag":[280,198,257,264,40,42,118],"acf":[],"yoast_head":"<!-- This site is optimized with the Yoast SEO plugin v19.8 - https:\/\/yoast.com\/wordpress\/plugins\/seo\/ -->\n<title>Hoyt Arcos Riser 2021 - Cung T\u00ean H\u00e0 N\u1ed9i<\/title>\n<meta name=\"description\" content=\"mua cung t\u00ean th\u1ec3 thao, mua cung t\u00ean t\u1ea1i h\u00e0 n\u1ed9i, cung tr\u1ee3 l\u1ef1c, cung compound, cung t\u00ean ch\u00ednh h\u00e3ng, cung t\u00ean m\u1ea1nh,cung t\u00ean h\u00e0 n\u1ed9i, cung t\u00ean , mua cung t\u00ean S\u00e0i g\u00f2n , mua m\u0169i t\u00ean b\u1eafn cung , cung b\u1eafn bi s\u1eaft , cung t\u00ean mini\" \/>\n<meta name=\"robots\" content=\"index, follow, max-snippet:-1, max-image-preview:large, max-video-preview:-1\" \/>\n<link rel=\"canonical\" href=\"https:\/\/cungtenhanoi.com\/?product=hoyt-arcos-riser-2021\" \/>\n<meta property=\"og:locale\" content=\"vi_VN\" \/>\n<meta property=\"og:type\" content=\"article\" \/>\n<meta property=\"og:title\" content=\"Hoyt Arcos Riser 2021 - Cung T\u00ean H\u00e0 N\u1ed9i\" \/>\n<meta property=\"og:description\" content=\"mua cung t\u00ean th\u1ec3 thao, mua cung t\u00ean t\u1ea1i h\u00e0 n\u1ed9i, cung tr\u1ee3 l\u1ef1c, cung compound, cung t\u00ean ch\u00ednh h\u00e3ng, cung t\u00ean m\u1ea1nh,cung t\u00ean h\u00e0 n\u1ed9i, cung t\u00ean , mua cung t\u00ean S\u00e0i g\u00f2n , mua m\u0169i t\u00ean b\u1eafn cung , cung b\u1eafn bi s\u1eaft , cung t\u00ean mini\" \/>\n<meta property=\"og:url\" content=\"https:\/\/cungtenhanoi.com\/?product=hoyt-arcos-riser-2021\" \/>\n<meta property=\"og:site_name\" content=\"Cung T\u00ean H\u00e0 N\u1ed9i\" \/>\n<meta property=\"og:image\" content=\"https:\/\/cungtenhanoi.com\/wp-content\/uploads\/2021\/03\/O1CN01VJ4FLF1n6MpbONySA_845185040.jpg\" \/>\n\t<meta property=\"og:image:width\" content=\"800\" \/>\n\t<meta property=\"og:image:height\" content=\"800\" \/>\n\t<meta property=\"og:image:type\" content=\"image\/jpeg\" \/>\n<meta name=\"twitter:card\" content=\"summary_large_image\" \/>\n<script type=\"application\/ld+json\" class=\"yoast-schema-graph\">{\"@context\":\"https:\/\/schema.org\",\"@graph\":[{\"@type\":\"WebPage\",\"@id\":\"https:\/\/cungtenhanoi.com\/?product=hoyt-arcos-riser-2021\",\"url\":\"https:\/\/cungtenhanoi.com\/?product=hoyt-arcos-riser-2021\",\"name\":\"Hoyt Arcos Riser 2021 - Cung T\u00ean H\u00e0 N\u1ed9i\",\"isPartOf\":{\"@id\":\"https:\/\/cungtenhanoi.com\/#website\"},\"datePublished\":\"2021-03-28T17:24:16+00:00\",\"dateModified\":\"2021-03-28T17:24:16+00:00\",\"description\":\"mua cung t\u00ean th\u1ec3 thao, mua cung t\u00ean t\u1ea1i h\u00e0 n\u1ed9i, cung tr\u1ee3 l\u1ef1c, cung compound, cung t\u00ean ch\u00ednh h\u00e3ng, cung t\u00ean m\u1ea1nh,cung t\u00ean h\u00e0 n\u1ed9i, cung t\u00ean , mua cung t\u00ean S\u00e0i g\u00f2n , mua m\u0169i t\u00ean b\u1eafn cung , cung b\u1eafn bi s\u1eaft , cung t\u00ean mini\",\"breadcrumb\":{\"@id\":\"https:\/\/cungtenhanoi.com\/?product=hoyt-arcos-riser-2021#breadcrumb\"},\"inLanguage\":\"vi\",\"potentialAction\":[{\"@type\":\"ReadAction\",\"target\":[\"https:\/\/cungtenhanoi.com\/?product=hoyt-arcos-riser-2021\"]}]},{\"@type\":\"BreadcrumbList\",\"@id\":\"https:\/\/cungtenhanoi.com\/?product=hoyt-arcos-riser-2021#breadcrumb\",\"itemListElement\":[{\"@type\":\"ListItem\",\"position\":1,\"name\":\"Trang ch\u1ee7\",\"item\":\"https:\/\/cungtenhanoi.com\/\"},{\"@type\":\"ListItem\",\"position\":2,\"name\":\"Shop\",\"item\":\"https:\/\/cungtenhanoi.com\/?page_id=6\"},{\"@type\":\"ListItem\",\"position\":3,\"name\":\"Cung\",\"item\":\"https:\/\/cungtenhanoi.com\/danh-muc\/cung\/\"},{\"@type\":\"ListItem\",\"position\":4,\"name\":\"Hoyt Arcos Riser 2021\"}]},{\"@type\":\"WebSite\",\"@id\":\"https:\/\/cungtenhanoi.com\/#website\",\"url\":\"https:\/\/cungtenhanoi.com\/\",\"name\":\"Cung T\u00ean H\u00e0 N\u1ed9i\",\"description\":\"Cung c\u1ea5p c\u00e1c lo\u1ea1i cung t\u00ean th\u1ec3 thao s\u1ed1 1 Vi\u1ec7t Nam\",\"publisher\":{\"@id\":\"https:\/\/cungtenhanoi.com\/#organization\"},\"potentialAction\":[{\"@type\":\"SearchAction\",\"target\":{\"@type\":\"EntryPoint\",\"urlTemplate\":\"https:\/\/cungtenhanoi.com\/?s={search_term_string}\"},\"query-input\":\"required name=search_term_string\"}],\"inLanguage\":\"vi\"},{\"@type\":\"Organization\",\"@id\":\"https:\/\/cungtenhanoi.com\/#organization\",\"name\":\"Cung T\u00ean H\u00e0 N\u1ed9i\",\"url\":\"https:\/\/cungtenhanoi.com\/\",\"sameAs\":[],\"logo\":{\"@type\":\"ImageObject\",\"inLanguage\":\"vi\",\"@id\":\"https:\/\/cungtenhanoi.com\/#\/schema\/logo\/image\/\",\"url\":\"https:\/\/cungtenhanoi.com\/wp-content\/uploads\/2025\/05\/logo-den-trang.jpg\",\"contentUrl\":\"https:\/\/cungtenhanoi.com\/wp-content\/uploads\/2025\/05\/logo-den-trang.jpg\",\"width\":450,\"height\":450,\"caption\":\"Cung T\u00ean H\u00e0 N\u1ed9i\"},\"image\":{\"@id\":\"https:\/\/cungtenhanoi.com\/#\/schema\/logo\/image\/\"}}]}<\/script>\n<!-- \/ Yoast SEO plugin. -->","yoast_head_json":{"title":"Hoyt Arcos Riser 2021 - Cung T\u00ean H\u00e0 N\u1ed9i","description":"mua cung t\u00ean th\u1ec3 thao, mua cung t\u00ean t\u1ea1i h\u00e0 n\u1ed9i, cung tr\u1ee3 l\u1ef1c, cung compound, cung t\u00ean ch\u00ednh h\u00e3ng, cung t\u00ean m\u1ea1nh,cung t\u00ean h\u00e0 n\u1ed9i, cung t\u00ean , mua cung t\u00ean S\u00e0i g\u00f2n , mua m\u0169i t\u00ean b\u1eafn cung , cung b\u1eafn bi s\u1eaft , cung t\u00ean mini","robots":{"index":"index","follow":"follow","max-snippet":"max-snippet:-1","max-image-preview":"max-image-preview:large","max-video-preview":"max-video-preview:-1"},"canonical":"https:\/\/cungtenhanoi.com\/?product=hoyt-arcos-riser-2021","og_locale":"vi_VN","og_type":"article","og_title":"Hoyt Arcos Riser 2021 - Cung T\u00ean H\u00e0 N\u1ed9i","og_description":"mua cung t\u00ean th\u1ec3 thao, mua cung t\u00ean t\u1ea1i h\u00e0 n\u1ed9i, cung tr\u1ee3 l\u1ef1c, cung compound, cung t\u00ean ch\u00ednh h\u00e3ng, cung t\u00ean m\u1ea1nh,cung t\u00ean h\u00e0 n\u1ed9i, cung t\u00ean , mua cung t\u00ean S\u00e0i g\u00f2n , mua m\u0169i t\u00ean b\u1eafn cung , cung b\u1eafn bi s\u1eaft , cung t\u00ean mini","og_url":"https:\/\/cungtenhanoi.com\/?product=hoyt-arcos-riser-2021","og_site_name":"Cung T\u00ean H\u00e0 N\u1ed9i","og_image":[{"width":800,"height":800,"url":"https:\/\/cungtenhanoi.com\/wp-content\/uploads\/2021\/03\/O1CN01VJ4FLF1n6MpbONySA_845185040.jpg","type":"image\/jpeg"}],"twitter_card":"summary_large_image","schema":{"@context":"https:\/\/schema.org","@graph":[{"@type":"WebPage","@id":"https:\/\/cungtenhanoi.com\/?product=hoyt-arcos-riser-2021","url":"https:\/\/cungtenhanoi.com\/?product=hoyt-arcos-riser-2021","name":"Hoyt Arcos Riser 2021 - Cung T\u00ean H\u00e0 N\u1ed9i","isPartOf":{"@id":"https:\/\/cungtenhanoi.com\/#website"},"datePublished":"2021-03-28T17:24:16+00:00","dateModified":"2021-03-28T17:24:16+00:00","description":"mua cung t\u00ean th\u1ec3 thao, mua cung t\u00ean t\u1ea1i h\u00e0 n\u1ed9i, cung tr\u1ee3 l\u1ef1c, cung compound, cung t\u00ean ch\u00ednh h\u00e3ng, cung t\u00ean m\u1ea1nh,cung t\u00ean h\u00e0 n\u1ed9i, cung t\u00ean , mua cung t\u00ean S\u00e0i g\u00f2n , mua m\u0169i t\u00ean b\u1eafn cung , cung b\u1eafn bi s\u1eaft , cung t\u00ean mini","breadcrumb":{"@id":"https:\/\/cungtenhanoi.com\/?product=hoyt-arcos-riser-2021#breadcrumb"},"inLanguage":"vi","potentialAction":[{"@type":"ReadAction","target":["https:\/\/cungtenhanoi.com\/?product=hoyt-arcos-riser-2021"]}]},{"@type":"BreadcrumbList","@id":"https:\/\/cungtenhanoi.com\/?product=hoyt-arcos-riser-2021#breadcrumb","itemListElement":[{"@type":"ListItem","position":1,"name":"Trang ch\u1ee7","item":"https:\/\/cungtenhanoi.com\/"},{"@type":"ListItem","position":2,"name":"Shop","item":"https:\/\/cungtenhanoi.com\/?page_id=6"},{"@type":"ListItem","position":3,"name":"Cung","item":"https:\/\/cungtenhanoi.com\/danh-muc\/cung\/"},{"@type":"ListItem","position":4,"name":"Hoyt Arcos Riser 2021"}]},{"@type":"WebSite","@id":"https:\/\/cungtenhanoi.com\/#website","url":"https:\/\/cungtenhanoi.com\/","name":"Cung T\u00ean H\u00e0 N\u1ed9i","description":"Cung c\u1ea5p c\u00e1c lo\u1ea1i cung t\u00ean th\u1ec3 thao s\u1ed1 1 Vi\u1ec7t Nam","publisher":{"@id":"https:\/\/cungtenhanoi.com\/#organization"},"potentialAction":[{"@type":"SearchAction","target":{"@type":"EntryPoint","urlTemplate":"https:\/\/cungtenhanoi.com\/?s={search_term_string}"},"query-input":"required name=search_term_string"}],"inLanguage":"vi"},{"@type":"Organization","@id":"https:\/\/cungtenhanoi.com\/#organization","name":"Cung T\u00ean H\u00e0 N\u1ed9i","url":"https:\/\/cungtenhanoi.com\/","sameAs":[],"logo":{"@type":"ImageObject","inLanguage":"vi","@id":"https:\/\/cungtenhanoi.com\/#\/schema\/logo\/image\/","url":"https:\/\/cungtenhanoi.com\/wp-content\/uploads\/2025\/05\/logo-den-trang.jpg","contentUrl":"https:\/\/cungtenhanoi.com\/wp-content\/uploads\/2025\/05\/logo-den-trang.jpg","width":450,"height":450,"caption":"Cung T\u00ean H\u00e0 N\u1ed9i"},"image":{"@id":"https:\/\/cungtenhanoi.com\/#\/schema\/logo\/image\/"}}]}},"_links":{"self":[{"href":"https:\/\/cungtenhanoi.com\/index.php?rest_route=\/wp\/v2\/product\/1323"}],"collection":[{"href":"https:\/\/cungtenhanoi.com\/index.php?rest_route=\/wp\/v2\/product"}],"about":[{"href":"https:\/\/cungtenhanoi.com\/index.php?rest_route=\/wp\/v2\/types\/product"}],"replies":[{"embeddable":true,"href":"https:\/\/cungtenhanoi.com\/index.php?rest_route=%2Fwp%2Fv2%2Fcomments&post=1323"}],"wp:featuredmedia":[{"embeddable":true,"href":"https:\/\/cungtenhanoi.com\/index.php?rest_route=\/wp\/v2\/media\/1329"}],"wp:attachment":[{"href":"https:\/\/cungtenhanoi.com\/index.php?rest_route=%2Fwp%2Fv2%2Fmedia&parent=1323"}],"wp:term":[{"taxonomy":"product_cat","embeddable":true,"href":"https:\/\/cungtenhanoi.com\/index.php?rest_route=%2Fwp%2Fv2%2Fproduct_cat&post=1323"},{"taxonomy":"product_tag","embeddable":true,"href":"https:\/\/cungtenhanoi.com\/index.php?rest_route=%2Fwp%2Fv2%2Fproduct_tag&post=1323"}],"curies":[{"name":"wp","href":"https:\/\/api.w.org\/{rel}","templated":true}]}}