{"id":1411,"date":"2021-04-14T09:52:26","date_gmt":"2021-04-14T02:52:26","guid":{"rendered":"https:\/\/cungtenhanoi.com\/?post_type=product&#038;p=1411"},"modified":"2022-12-05T18:48:18","modified_gmt":"2022-12-05T11:48:18","slug":"black-longbow","status":"publish","type":"product","link":"https:\/\/cungtenhanoi.com\/?product=black-longbow","title":{"rendered":"Black longbow"},"content":{"rendered":"<p style=\"text-align: center;\">L\u1ea5y c\u1ea3m h\u1ee9ng t\u1eeb m\u1eabu cung huy\u1ec1n tho\u1ea1i tr\u01b0\u1eddng cung Anh m\u1eabu cung ch\u1ec9 x\u1ebfp sau cung Th\u1ed5 c\u1ee7a ng\u01b0\u1eddi Octtoman<\/p>\n<p style=\"text-align: center;\">Longbow mang l\u1ea1i t\u00ean tu\u1ed5i c\u1ee7a ng\u01b0\u1eddi Anh tr\u00ean chi\u1ebfn tr\u01b0\u1eddng c\u1ed5 \u0111\u1ea1i v\u1edbi t\u1ea7m xa v\u01b0\u1ee3t tr\u1ed9i v\u1edbi \u0111\u1ed1i th\u1ee7<\/p>\n<p style=\"text-align: center;\">\u0110\u01b0\u1ee3c c\u1ea3i ti\u1ebfn th\u00eam 1 chi ti\u1ebft nh\u1ecf \u1edf ph\u1ea7n c\u1eeda s\u1ed5 \u0111\u1ee1 t\u00ean l\u00e0m cho vi\u1ec7c \u0111\u1eb7t m\u0169i t\u00ean tr\u1edf n\u00ean d\u1ec5 d\u00e0ng h\u01a1n m\u00e0 v\u1eabn gi\u1eef \u0111\u01b0\u1ee3c v\u1ebb \u0111\u1eb9p classic c\u1ee7a m\u1eabu longbow n\u00e0y.<\/p>\n<p style=\"text-align: center;\">Ch\u1ea5t li\u1ec7u composite<\/p>\n<p style=\"text-align: center;\">20-40lbs\/ 56inh\/ 0.7kg &#8211; stringbow BCY<\/p>\n<blockquote><p><img loading=\"lazy\" class=\"aligncenter size-full wp-image-1412\" src=\"https:\/\/cungtenhanoi.com\/wp-content\/uploads\/2021\/04\/4696F659-AA66-4066-A967-C0C5DD45DA5F.jpeg\" alt=\"\" width=\"800\" height=\"800\" srcset=\"https:\/\/cungtenhanoi.com\/wp-content\/uploads\/2021\/04\/4696F659-AA66-4066-A967-C0C5DD45DA5F.jpeg 800w, https:\/\/cungtenhanoi.com\/wp-content\/uploads\/2021\/04\/4696F659-AA66-4066-A967-C0C5DD45DA5F-300x300.jpeg 300w, https:\/\/cungtenhanoi.com\/wp-content\/uploads\/2021\/04\/4696F659-AA66-4066-A967-C0C5DD45DA5F-100x100.jpeg 100w, https:\/\/cungtenhanoi.com\/wp-content\/uploads\/2021\/04\/4696F659-AA66-4066-A967-C0C5DD45DA5F-600x600.jpeg 600w, https:\/\/cungtenhanoi.com\/wp-content\/uploads\/2021\/04\/4696F659-AA66-4066-A967-C0C5DD45DA5F-64x64.jpeg 64w, https:\/\/cungtenhanoi.com\/wp-content\/uploads\/2021\/04\/4696F659-AA66-4066-A967-C0C5DD45DA5F-150x150.jpeg 150w, https:\/\/cungtenhanoi.com\/wp-content\/uploads\/2021\/04\/4696F659-AA66-4066-A967-C0C5DD45DA5F-768x768.jpeg 768w, https:\/\/cungtenhanoi.com\/wp-content\/uploads\/2021\/04\/4696F659-AA66-4066-A967-C0C5DD45DA5F-180x180.jpeg 180w, https:\/\/cungtenhanoi.com\/wp-content\/uploads\/2021\/04\/4696F659-AA66-4066-A967-C0C5DD45DA5F-45x45.jpeg 45w\" sizes=\"(max-width: 800px) 100vw, 800px\" \/> <img loading=\"lazy\" class=\"aligncenter size-full wp-image-1413\" src=\"https:\/\/cungtenhanoi.com\/wp-content\/uploads\/2021\/04\/0F318886-2A30-44BA-A95E-F700B516BA1F.jpeg\" alt=\"\" width=\"800\" height=\"800\" srcset=\"https:\/\/cungtenhanoi.com\/wp-content\/uploads\/2021\/04\/0F318886-2A30-44BA-A95E-F700B516BA1F.jpeg 800w, https:\/\/cungtenhanoi.com\/wp-content\/uploads\/2021\/04\/0F318886-2A30-44BA-A95E-F700B516BA1F-300x300.jpeg 300w, https:\/\/cungtenhanoi.com\/wp-content\/uploads\/2021\/04\/0F318886-2A30-44BA-A95E-F700B516BA1F-100x100.jpeg 100w, https:\/\/cungtenhanoi.com\/wp-content\/uploads\/2021\/04\/0F318886-2A30-44BA-A95E-F700B516BA1F-600x600.jpeg 600w, https:\/\/cungtenhanoi.com\/wp-content\/uploads\/2021\/04\/0F318886-2A30-44BA-A95E-F700B516BA1F-64x64.jpeg 64w\" sizes=\"(max-width: 800px) 100vw, 800px\" \/> <img loading=\"lazy\" class=\"aligncenter size-full wp-image-1414\" src=\"https:\/\/cungtenhanoi.com\/wp-content\/uploads\/2021\/04\/236D05DB-74BE-42E1-B8B4-96F37C38D2A6.jpeg\" alt=\"\" width=\"800\" height=\"800\" srcset=\"https:\/\/cungtenhanoi.com\/wp-content\/uploads\/2021\/04\/236D05DB-74BE-42E1-B8B4-96F37C38D2A6.jpeg 800w, https:\/\/cungtenhanoi.com\/wp-content\/uploads\/2021\/04\/236D05DB-74BE-42E1-B8B4-96F37C38D2A6-300x300.jpeg 300w, https:\/\/cungtenhanoi.com\/wp-content\/uploads\/2021\/04\/236D05DB-74BE-42E1-B8B4-96F37C38D2A6-100x100.jpeg 100w, https:\/\/cungtenhanoi.com\/wp-content\/uploads\/2021\/04\/236D05DB-74BE-42E1-B8B4-96F37C38D2A6-600x600.jpeg 600w, https:\/\/cungtenhanoi.com\/wp-content\/uploads\/2021\/04\/236D05DB-74BE-42E1-B8B4-96F37C38D2A6-64x64.jpeg 64w, https:\/\/cungtenhanoi.com\/wp-content\/uploads\/2021\/04\/236D05DB-74BE-42E1-B8B4-96F37C38D2A6-150x150.jpeg 150w, https:\/\/cungtenhanoi.com\/wp-content\/uploads\/2021\/04\/236D05DB-74BE-42E1-B8B4-96F37C38D2A6-768x768.jpeg 768w, https:\/\/cungtenhanoi.com\/wp-content\/uploads\/2021\/04\/236D05DB-74BE-42E1-B8B4-96F37C38D2A6-180x180.jpeg 180w, https:\/\/cungtenhanoi.com\/wp-content\/uploads\/2021\/04\/236D05DB-74BE-42E1-B8B4-96F37C38D2A6-45x45.jpeg 45w\" sizes=\"(max-width: 800px) 100vw, 800px\" \/> <img loading=\"lazy\" class=\"aligncenter size-full wp-image-1415\" src=\"https:\/\/cungtenhanoi.com\/wp-content\/uploads\/2021\/04\/811DFE46-0A95-43A3-BA63-AF4881C1BD56.jpeg\" alt=\"\" width=\"790\" height=\"794\" srcset=\"https:\/\/cungtenhanoi.com\/wp-content\/uploads\/2021\/04\/811DFE46-0A95-43A3-BA63-AF4881C1BD56.jpeg 790w, https:\/\/cungtenhanoi.com\/wp-content\/uploads\/2021\/04\/811DFE46-0A95-43A3-BA63-AF4881C1BD56-100x100.jpeg 100w, https:\/\/cungtenhanoi.com\/wp-content\/uploads\/2021\/04\/811DFE46-0A95-43A3-BA63-AF4881C1BD56-600x603.jpeg 600w, https:\/\/cungtenhanoi.com\/wp-content\/uploads\/2021\/04\/811DFE46-0A95-43A3-BA63-AF4881C1BD56-64x64.jpeg 64w\" sizes=\"(max-width: 790px) 100vw, 790px\" \/><\/p><\/blockquote>\n","protected":false},"excerpt":{"rendered":"<p>Cung<\/p>\n<p>5 t\u00ean<\/p>\n<p>Tab + Guarm + Arrow rest<\/p>\n<p>Bia m\u1ee5c ti\u00eau<\/p>\n<p>Ch\u00e2n cung + Free ship to\u00e0n qu\u1ed1c<\/p>\n","protected":false},"featured_media":1413,"comment_status":"open","ping_status":"closed","template":"","meta":[],"product_cat":[17],"product_tag":[198,327,328,86,257,264,81,329],"acf":[],"yoast_head":"<!-- This site is optimized with the Yoast SEO plugin v19.8 - https:\/\/yoast.com\/wordpress\/plugins\/seo\/ -->\n<title>Black longbow - Cung T\u00ean H\u00e0 N\u1ed9i<\/title>\n<meta name=\"description\" content=\"mua cung t\u00ean th\u1ec3 thao, mua cung t\u00ean t\u1ea1i h\u00e0 n\u1ed9i, cung tr\u1ee3 l\u1ef1c, cung compound, cung t\u00ean ch\u00ednh h\u00e3ng, cung t\u00ean m\u1ea1nh,cung t\u00ean h\u00e0 n\u1ed9i, cung t\u00ean , mua cung t\u00ean S\u00e0i g\u00f2n , mua m\u0169i t\u00ean b\u1eafn cung , cung b\u1eafn bi s\u1eaft , cung t\u00ean mini\" \/>\n<meta name=\"robots\" content=\"index, follow, max-snippet:-1, max-image-preview:large, max-video-preview:-1\" \/>\n<link rel=\"canonical\" href=\"https:\/\/cungtenhanoi.com\/?product=black-longbow\" \/>\n<meta property=\"og:locale\" content=\"vi_VN\" \/>\n<meta property=\"og:type\" content=\"article\" \/>\n<meta property=\"og:title\" content=\"Black longbow - Cung T\u00ean H\u00e0 N\u1ed9i\" \/>\n<meta property=\"og:description\" content=\"mua cung t\u00ean th\u1ec3 thao, mua cung t\u00ean t\u1ea1i h\u00e0 n\u1ed9i, cung tr\u1ee3 l\u1ef1c, cung compound, cung t\u00ean ch\u00ednh h\u00e3ng, cung t\u00ean m\u1ea1nh,cung t\u00ean h\u00e0 n\u1ed9i, cung t\u00ean , mua cung t\u00ean S\u00e0i g\u00f2n , mua m\u0169i t\u00ean b\u1eafn cung , cung b\u1eafn bi s\u1eaft , cung t\u00ean mini\" \/>\n<meta property=\"og:url\" content=\"https:\/\/cungtenhanoi.com\/?product=black-longbow\" \/>\n<meta property=\"og:site_name\" content=\"Cung T\u00ean H\u00e0 N\u1ed9i\" \/>\n<meta property=\"article:modified_time\" content=\"2022-12-05T11:48:18+00:00\" \/>\n<meta property=\"og:image\" content=\"https:\/\/cungtenhanoi.com\/wp-content\/uploads\/2021\/04\/0F318886-2A30-44BA-A95E-F700B516BA1F.jpeg\" \/>\n\t<meta property=\"og:image:width\" content=\"800\" \/>\n\t<meta property=\"og:image:height\" content=\"800\" \/>\n\t<meta property=\"og:image:type\" content=\"image\/jpeg\" \/>\n<meta name=\"twitter:card\" content=\"summary_large_image\" \/>\n<meta name=\"twitter:label1\" content=\"\u01af\u1edbc t\u00ednh th\u1eddi gian \u0111\u1ecdc\" \/>\n\t<meta name=\"twitter:data1\" content=\"1 ph\u00fat\" \/>\n<script type=\"application\/ld+json\" class=\"yoast-schema-graph\">{\"@context\":\"https:\/\/schema.org\",\"@graph\":[{\"@type\":\"WebPage\",\"@id\":\"https:\/\/cungtenhanoi.com\/?product=black-longbow\",\"url\":\"https:\/\/cungtenhanoi.com\/?product=black-longbow\",\"name\":\"Black longbow - Cung T\u00ean H\u00e0 N\u1ed9i\",\"isPartOf\":{\"@id\":\"https:\/\/cungtenhanoi.com\/#website\"},\"datePublished\":\"2021-04-14T02:52:26+00:00\",\"dateModified\":\"2022-12-05T11:48:18+00:00\",\"description\":\"mua cung t\u00ean th\u1ec3 thao, mua cung t\u00ean t\u1ea1i h\u00e0 n\u1ed9i, cung tr\u1ee3 l\u1ef1c, cung compound, cung t\u00ean ch\u00ednh h\u00e3ng, cung t\u00ean m\u1ea1nh,cung t\u00ean h\u00e0 n\u1ed9i, cung t\u00ean , mua cung t\u00ean S\u00e0i g\u00f2n , mua m\u0169i t\u00ean b\u1eafn cung , cung b\u1eafn bi s\u1eaft , cung t\u00ean mini\",\"breadcrumb\":{\"@id\":\"https:\/\/cungtenhanoi.com\/?product=black-longbow#breadcrumb\"},\"inLanguage\":\"vi\",\"potentialAction\":[{\"@type\":\"ReadAction\",\"target\":[\"https:\/\/cungtenhanoi.com\/?product=black-longbow\"]}]},{\"@type\":\"BreadcrumbList\",\"@id\":\"https:\/\/cungtenhanoi.com\/?product=black-longbow#breadcrumb\",\"itemListElement\":[{\"@type\":\"ListItem\",\"position\":1,\"name\":\"Trang ch\u1ee7\",\"item\":\"https:\/\/cungtenhanoi.com\/\"},{\"@type\":\"ListItem\",\"position\":2,\"name\":\"Shop\",\"item\":\"https:\/\/cungtenhanoi.com\/?page_id=6\"},{\"@type\":\"ListItem\",\"position\":3,\"name\":\"Cung\",\"item\":\"https:\/\/cungtenhanoi.com\/danh-muc\/cung\/\"},{\"@type\":\"ListItem\",\"position\":4,\"name\":\"Black longbow\"}]},{\"@type\":\"WebSite\",\"@id\":\"https:\/\/cungtenhanoi.com\/#website\",\"url\":\"https:\/\/cungtenhanoi.com\/\",\"name\":\"Cung T\u00ean H\u00e0 N\u1ed9i\",\"description\":\"Cung c\u1ea5p c\u00e1c lo\u1ea1i cung t\u00ean th\u1ec3 thao s\u1ed1 1 Vi\u1ec7t Nam\",\"publisher\":{\"@id\":\"https:\/\/cungtenhanoi.com\/#organization\"},\"potentialAction\":[{\"@type\":\"SearchAction\",\"target\":{\"@type\":\"EntryPoint\",\"urlTemplate\":\"https:\/\/cungtenhanoi.com\/?s={search_term_string}\"},\"query-input\":\"required name=search_term_string\"}],\"inLanguage\":\"vi\"},{\"@type\":\"Organization\",\"@id\":\"https:\/\/cungtenhanoi.com\/#organization\",\"name\":\"Cung T\u00ean H\u00e0 N\u1ed9i\",\"url\":\"https:\/\/cungtenhanoi.com\/\",\"sameAs\":[],\"logo\":{\"@type\":\"ImageObject\",\"inLanguage\":\"vi\",\"@id\":\"https:\/\/cungtenhanoi.com\/#\/schema\/logo\/image\/\",\"url\":\"https:\/\/cungtenhanoi.com\/wp-content\/uploads\/2025\/05\/logo-den-trang.jpg\",\"contentUrl\":\"https:\/\/cungtenhanoi.com\/wp-content\/uploads\/2025\/05\/logo-den-trang.jpg\",\"width\":450,\"height\":450,\"caption\":\"Cung T\u00ean H\u00e0 N\u1ed9i\"},\"image\":{\"@id\":\"https:\/\/cungtenhanoi.com\/#\/schema\/logo\/image\/\"}}]}<\/script>\n<!-- \/ Yoast SEO plugin. -->","yoast_head_json":{"title":"Black longbow - Cung T\u00ean H\u00e0 N\u1ed9i","description":"mua cung t\u00ean th\u1ec3 thao, mua cung t\u00ean t\u1ea1i h\u00e0 n\u1ed9i, cung tr\u1ee3 l\u1ef1c, cung compound, cung t\u00ean ch\u00ednh h\u00e3ng, cung t\u00ean m\u1ea1nh,cung t\u00ean h\u00e0 n\u1ed9i, cung t\u00ean , mua cung t\u00ean S\u00e0i g\u00f2n , mua m\u0169i t\u00ean b\u1eafn cung , cung b\u1eafn bi s\u1eaft , cung t\u00ean mini","robots":{"index":"index","follow":"follow","max-snippet":"max-snippet:-1","max-image-preview":"max-image-preview:large","max-video-preview":"max-video-preview:-1"},"canonical":"https:\/\/cungtenhanoi.com\/?product=black-longbow","og_locale":"vi_VN","og_type":"article","og_title":"Black longbow - Cung T\u00ean H\u00e0 N\u1ed9i","og_description":"mua cung t\u00ean th\u1ec3 thao, mua cung t\u00ean t\u1ea1i h\u00e0 n\u1ed9i, cung tr\u1ee3 l\u1ef1c, cung compound, cung t\u00ean ch\u00ednh h\u00e3ng, cung t\u00ean m\u1ea1nh,cung t\u00ean h\u00e0 n\u1ed9i, cung t\u00ean , mua cung t\u00ean S\u00e0i g\u00f2n , mua m\u0169i t\u00ean b\u1eafn cung , cung b\u1eafn bi s\u1eaft , cung t\u00ean mini","og_url":"https:\/\/cungtenhanoi.com\/?product=black-longbow","og_site_name":"Cung T\u00ean H\u00e0 N\u1ed9i","article_modified_time":"2022-12-05T11:48:18+00:00","og_image":[{"width":800,"height":800,"url":"https:\/\/cungtenhanoi.com\/wp-content\/uploads\/2021\/04\/0F318886-2A30-44BA-A95E-F700B516BA1F.jpeg","type":"image\/jpeg"}],"twitter_card":"summary_large_image","twitter_misc":{"\u01af\u1edbc t\u00ednh th\u1eddi gian \u0111\u1ecdc":"1 ph\u00fat"},"schema":{"@context":"https:\/\/schema.org","@graph":[{"@type":"WebPage","@id":"https:\/\/cungtenhanoi.com\/?product=black-longbow","url":"https:\/\/cungtenhanoi.com\/?product=black-longbow","name":"Black longbow - Cung T\u00ean H\u00e0 N\u1ed9i","isPartOf":{"@id":"https:\/\/cungtenhanoi.com\/#website"},"datePublished":"2021-04-14T02:52:26+00:00","dateModified":"2022-12-05T11:48:18+00:00","description":"mua cung t\u00ean th\u1ec3 thao, mua cung t\u00ean t\u1ea1i h\u00e0 n\u1ed9i, cung tr\u1ee3 l\u1ef1c, cung compound, cung t\u00ean ch\u00ednh h\u00e3ng, cung t\u00ean m\u1ea1nh,cung t\u00ean h\u00e0 n\u1ed9i, cung t\u00ean , mua cung t\u00ean S\u00e0i g\u00f2n , mua m\u0169i t\u00ean b\u1eafn cung , cung b\u1eafn bi s\u1eaft , cung t\u00ean mini","breadcrumb":{"@id":"https:\/\/cungtenhanoi.com\/?product=black-longbow#breadcrumb"},"inLanguage":"vi","potentialAction":[{"@type":"ReadAction","target":["https:\/\/cungtenhanoi.com\/?product=black-longbow"]}]},{"@type":"BreadcrumbList","@id":"https:\/\/cungtenhanoi.com\/?product=black-longbow#breadcrumb","itemListElement":[{"@type":"ListItem","position":1,"name":"Trang ch\u1ee7","item":"https:\/\/cungtenhanoi.com\/"},{"@type":"ListItem","position":2,"name":"Shop","item":"https:\/\/cungtenhanoi.com\/?page_id=6"},{"@type":"ListItem","position":3,"name":"Cung","item":"https:\/\/cungtenhanoi.com\/danh-muc\/cung\/"},{"@type":"ListItem","position":4,"name":"Black longbow"}]},{"@type":"WebSite","@id":"https:\/\/cungtenhanoi.com\/#website","url":"https:\/\/cungtenhanoi.com\/","name":"Cung T\u00ean H\u00e0 N\u1ed9i","description":"Cung c\u1ea5p c\u00e1c lo\u1ea1i cung t\u00ean th\u1ec3 thao s\u1ed1 1 Vi\u1ec7t Nam","publisher":{"@id":"https:\/\/cungtenhanoi.com\/#organization"},"potentialAction":[{"@type":"SearchAction","target":{"@type":"EntryPoint","urlTemplate":"https:\/\/cungtenhanoi.com\/?s={search_term_string}"},"query-input":"required name=search_term_string"}],"inLanguage":"vi"},{"@type":"Organization","@id":"https:\/\/cungtenhanoi.com\/#organization","name":"Cung T\u00ean H\u00e0 N\u1ed9i","url":"https:\/\/cungtenhanoi.com\/","sameAs":[],"logo":{"@type":"ImageObject","inLanguage":"vi","@id":"https:\/\/cungtenhanoi.com\/#\/schema\/logo\/image\/","url":"https:\/\/cungtenhanoi.com\/wp-content\/uploads\/2025\/05\/logo-den-trang.jpg","contentUrl":"https:\/\/cungtenhanoi.com\/wp-content\/uploads\/2025\/05\/logo-den-trang.jpg","width":450,"height":450,"caption":"Cung T\u00ean H\u00e0 N\u1ed9i"},"image":{"@id":"https:\/\/cungtenhanoi.com\/#\/schema\/logo\/image\/"}}]}},"_links":{"self":[{"href":"https:\/\/cungtenhanoi.com\/index.php?rest_route=\/wp\/v2\/product\/1411"}],"collection":[{"href":"https:\/\/cungtenhanoi.com\/index.php?rest_route=\/wp\/v2\/product"}],"about":[{"href":"https:\/\/cungtenhanoi.com\/index.php?rest_route=\/wp\/v2\/types\/product"}],"replies":[{"embeddable":true,"href":"https:\/\/cungtenhanoi.com\/index.php?rest_route=%2Fwp%2Fv2%2Fcomments&post=1411"}],"wp:featuredmedia":[{"embeddable":true,"href":"https:\/\/cungtenhanoi.com\/index.php?rest_route=\/wp\/v2\/media\/1413"}],"wp:attachment":[{"href":"https:\/\/cungtenhanoi.com\/index.php?rest_route=%2Fwp%2Fv2%2Fmedia&parent=1411"}],"wp:term":[{"taxonomy":"product_cat","embeddable":true,"href":"https:\/\/cungtenhanoi.com\/index.php?rest_route=%2Fwp%2Fv2%2Fproduct_cat&post=1411"},{"taxonomy":"product_tag","embeddable":true,"href":"https:\/\/cungtenhanoi.com\/index.php?rest_route=%2Fwp%2Fv2%2Fproduct_tag&post=1411"}],"curies":[{"name":"wp","href":"https:\/\/api.w.org\/{rel}","templated":true}]}}