{"id":1469,"date":"2021-04-25T12:43:49","date_gmt":"2021-04-25T05:43:49","guid":{"rendered":"https:\/\/cungtenhanoi.com\/?post_type=product&#038;p=1469"},"modified":"2021-04-25T12:49:03","modified_gmt":"2021-04-25T05:49:03","slug":"nhan-ban-cung-har-50","status":"publish","type":"product","link":"https:\/\/cungtenhanoi.com\/?product=nhan-ban-cung-har-50","title":{"rendered":"Nh\u1eabn b\u1eafn cung HAR-50"},"content":{"rendered":"<p style=\"text-align: center;\">Nh\u1eabn d\u00f9ng cho b\u1eafn cung truy\u1ec1n th\u1ed1ng<br \/>\nch\u1ea5t li\u1ec7u kim lo\u1ea1i<\/p>\n<p><img loading=\"lazy\" class=\"aligncenter size-full wp-image-1478\" src=\"https:\/\/cungtenhanoi.com\/wp-content\/uploads\/2021\/04\/4C6064BD-89D8-4DDD-AFA5-0EDAE48A17C5.jpeg\" alt=\"\" width=\"853\" height=\"1280\" srcset=\"https:\/\/cungtenhanoi.com\/wp-content\/uploads\/2021\/04\/4C6064BD-89D8-4DDD-AFA5-0EDAE48A17C5.jpeg 853w, https:\/\/cungtenhanoi.com\/wp-content\/uploads\/2021\/04\/4C6064BD-89D8-4DDD-AFA5-0EDAE48A17C5-600x900.jpeg 600w, https:\/\/cungtenhanoi.com\/wp-content\/uploads\/2021\/04\/4C6064BD-89D8-4DDD-AFA5-0EDAE48A17C5-64x96.jpeg 64w, https:\/\/cungtenhanoi.com\/wp-content\/uploads\/2021\/04\/4C6064BD-89D8-4DDD-AFA5-0EDAE48A17C5-200x300.jpeg 200w, https:\/\/cungtenhanoi.com\/wp-content\/uploads\/2021\/04\/4C6064BD-89D8-4DDD-AFA5-0EDAE48A17C5-768x1152.jpeg 768w, https:\/\/cungtenhanoi.com\/wp-content\/uploads\/2021\/04\/4C6064BD-89D8-4DDD-AFA5-0EDAE48A17C5-682x1024.jpeg 682w\" sizes=\"(max-width: 853px) 100vw, 853px\" \/> <img loading=\"lazy\" class=\"aligncenter size-full wp-image-1479\" src=\"https:\/\/cungtenhanoi.com\/wp-content\/uploads\/2021\/04\/53EFCB37-DFFE-4DFD-94D9-5853F5460E26.jpeg\" alt=\"\" width=\"853\" height=\"1280\" srcset=\"https:\/\/cungtenhanoi.com\/wp-content\/uploads\/2021\/04\/53EFCB37-DFFE-4DFD-94D9-5853F5460E26.jpeg 853w, https:\/\/cungtenhanoi.com\/wp-content\/uploads\/2021\/04\/53EFCB37-DFFE-4DFD-94D9-5853F5460E26-600x900.jpeg 600w, https:\/\/cungtenhanoi.com\/wp-content\/uploads\/2021\/04\/53EFCB37-DFFE-4DFD-94D9-5853F5460E26-64x96.jpeg 64w, https:\/\/cungtenhanoi.com\/wp-content\/uploads\/2021\/04\/53EFCB37-DFFE-4DFD-94D9-5853F5460E26-200x300.jpeg 200w, https:\/\/cungtenhanoi.com\/wp-content\/uploads\/2021\/04\/53EFCB37-DFFE-4DFD-94D9-5853F5460E26-768x1152.jpeg 768w, https:\/\/cungtenhanoi.com\/wp-content\/uploads\/2021\/04\/53EFCB37-DFFE-4DFD-94D9-5853F5460E26-682x1024.jpeg 682w\" sizes=\"(max-width: 853px) 100vw, 853px\" \/><\/p>\n<p><img loading=\"lazy\" class=\"aligncenter size-full wp-image-1470\" src=\"https:\/\/cungtenhanoi.com\/wp-content\/uploads\/2021\/04\/B8188EB1-168B-499C-9986-43835D47E1D3.jpeg\" alt=\"\" width=\"934\" height=\"1200\" srcset=\"https:\/\/cungtenhanoi.com\/wp-content\/uploads\/2021\/04\/B8188EB1-168B-499C-9986-43835D47E1D3.jpeg 934w, https:\/\/cungtenhanoi.com\/wp-content\/uploads\/2021\/04\/B8188EB1-168B-499C-9986-43835D47E1D3-600x771.jpeg 600w, https:\/\/cungtenhanoi.com\/wp-content\/uploads\/2021\/04\/B8188EB1-168B-499C-9986-43835D47E1D3-64x82.jpeg 64w\" sizes=\"(max-width: 934px) 100vw, 934px\" \/> <img loading=\"lazy\" class=\"aligncenter size-full wp-image-1471\" src=\"https:\/\/cungtenhanoi.com\/wp-content\/uploads\/2021\/04\/FE2E9FD0-40D5-4098-97DD-985CE3E4E95D.jpeg\" alt=\"\" width=\"1200\" height=\"900\" srcset=\"https:\/\/cungtenhanoi.com\/wp-content\/uploads\/2021\/04\/FE2E9FD0-40D5-4098-97DD-985CE3E4E95D.jpeg 1200w, https:\/\/cungtenhanoi.com\/wp-content\/uploads\/2021\/04\/FE2E9FD0-40D5-4098-97DD-985CE3E4E95D-600x450.jpeg 600w, https:\/\/cungtenhanoi.com\/wp-content\/uploads\/2021\/04\/FE2E9FD0-40D5-4098-97DD-985CE3E4E95D-64x48.jpeg 64w, https:\/\/cungtenhanoi.com\/wp-content\/uploads\/2021\/04\/FE2E9FD0-40D5-4098-97DD-985CE3E4E95D-300x225.jpeg 300w, https:\/\/cungtenhanoi.com\/wp-content\/uploads\/2021\/04\/FE2E9FD0-40D5-4098-97DD-985CE3E4E95D-768x576.jpeg 768w, https:\/\/cungtenhanoi.com\/wp-content\/uploads\/2021\/04\/FE2E9FD0-40D5-4098-97DD-985CE3E4E95D-1024x768.jpeg 1024w, https:\/\/cungtenhanoi.com\/wp-content\/uploads\/2021\/04\/FE2E9FD0-40D5-4098-97DD-985CE3E4E95D-480x360.jpeg 480w\" sizes=\"(max-width: 1200px) 100vw, 1200px\" \/> <img loading=\"lazy\" class=\"aligncenter size-full wp-image-1472\" src=\"https:\/\/cungtenhanoi.com\/wp-content\/uploads\/2021\/04\/52285959-60BE-4628-A8E6-99E0585F4839.jpeg\" alt=\"\" width=\"1200\" height=\"1042\" srcset=\"https:\/\/cungtenhanoi.com\/wp-content\/uploads\/2021\/04\/52285959-60BE-4628-A8E6-99E0585F4839.jpeg 1200w, https:\/\/cungtenhanoi.com\/wp-content\/uploads\/2021\/04\/52285959-60BE-4628-A8E6-99E0585F4839-600x521.jpeg 600w, https:\/\/cungtenhanoi.com\/wp-content\/uploads\/2021\/04\/52285959-60BE-4628-A8E6-99E0585F4839-64x56.jpeg 64w, https:\/\/cungtenhanoi.com\/wp-content\/uploads\/2021\/04\/52285959-60BE-4628-A8E6-99E0585F4839-300x261.jpeg 300w, https:\/\/cungtenhanoi.com\/wp-content\/uploads\/2021\/04\/52285959-60BE-4628-A8E6-99E0585F4839-768x667.jpeg 768w, https:\/\/cungtenhanoi.com\/wp-content\/uploads\/2021\/04\/52285959-60BE-4628-A8E6-99E0585F4839-1024x889.jpeg 1024w\" sizes=\"(max-width: 1200px) 100vw, 1200px\" \/> <img loading=\"lazy\" class=\"aligncenter size-full wp-image-1473\" src=\"https:\/\/cungtenhanoi.com\/wp-content\/uploads\/2021\/04\/506CC810-C7A7-464A-8CF7-318C142ADA35.jpeg\" alt=\"\" width=\"1200\" height=\"900\" srcset=\"https:\/\/cungtenhanoi.com\/wp-content\/uploads\/2021\/04\/506CC810-C7A7-464A-8CF7-318C142ADA35.jpeg 1200w, https:\/\/cungtenhanoi.com\/wp-content\/uploads\/2021\/04\/506CC810-C7A7-464A-8CF7-318C142ADA35-600x450.jpeg 600w, https:\/\/cungtenhanoi.com\/wp-content\/uploads\/2021\/04\/506CC810-C7A7-464A-8CF7-318C142ADA35-64x48.jpeg 64w, https:\/\/cungtenhanoi.com\/wp-content\/uploads\/2021\/04\/506CC810-C7A7-464A-8CF7-318C142ADA35-300x225.jpeg 300w, https:\/\/cungtenhanoi.com\/wp-content\/uploads\/2021\/04\/506CC810-C7A7-464A-8CF7-318C142ADA35-768x576.jpeg 768w, https:\/\/cungtenhanoi.com\/wp-content\/uploads\/2021\/04\/506CC810-C7A7-464A-8CF7-318C142ADA35-1024x768.jpeg 1024w, https:\/\/cungtenhanoi.com\/wp-content\/uploads\/2021\/04\/506CC810-C7A7-464A-8CF7-318C142ADA35-480x360.jpeg 480w\" sizes=\"(max-width: 1200px) 100vw, 1200px\" \/> <img loading=\"lazy\" class=\"aligncenter size-full wp-image-1474\" src=\"https:\/\/cungtenhanoi.com\/wp-content\/uploads\/2021\/04\/8F815A95-B4AB-4487-867B-3DCFD916A6F9.jpeg\" alt=\"\" width=\"620\" height=\"823\" srcset=\"https:\/\/cungtenhanoi.com\/wp-content\/uploads\/2021\/04\/8F815A95-B4AB-4487-867B-3DCFD916A6F9.jpeg 620w, https:\/\/cungtenhanoi.com\/wp-content\/uploads\/2021\/04\/8F815A95-B4AB-4487-867B-3DCFD916A6F9-600x796.jpeg 600w, https:\/\/cungtenhanoi.com\/wp-content\/uploads\/2021\/04\/8F815A95-B4AB-4487-867B-3DCFD916A6F9-64x85.jpeg 64w\" sizes=\"(max-width: 620px) 100vw, 620px\" \/> <img loading=\"lazy\" class=\"aligncenter size-full wp-image-1475\" src=\"https:\/\/cungtenhanoi.com\/wp-content\/uploads\/2021\/04\/DFFC6EEA-4793-4AE1-868F-62136EC9166D.jpeg\" alt=\"\" width=\"620\" height=\"622\" srcset=\"https:\/\/cungtenhanoi.com\/wp-content\/uploads\/2021\/04\/DFFC6EEA-4793-4AE1-868F-62136EC9166D.jpeg 620w, https:\/\/cungtenhanoi.com\/wp-content\/uploads\/2021\/04\/DFFC6EEA-4793-4AE1-868F-62136EC9166D-300x300.jpeg 300w, https:\/\/cungtenhanoi.com\/wp-content\/uploads\/2021\/04\/DFFC6EEA-4793-4AE1-868F-62136EC9166D-100x100.jpeg 100w, https:\/\/cungtenhanoi.com\/wp-content\/uploads\/2021\/04\/DFFC6EEA-4793-4AE1-868F-62136EC9166D-600x602.jpeg 600w, https:\/\/cungtenhanoi.com\/wp-content\/uploads\/2021\/04\/DFFC6EEA-4793-4AE1-868F-62136EC9166D-64x64.jpeg 64w, https:\/\/cungtenhanoi.com\/wp-content\/uploads\/2021\/04\/DFFC6EEA-4793-4AE1-868F-62136EC9166D-150x150.jpeg 150w, https:\/\/cungtenhanoi.com\/wp-content\/uploads\/2021\/04\/DFFC6EEA-4793-4AE1-868F-62136EC9166D-180x180.jpeg 180w, https:\/\/cungtenhanoi.com\/wp-content\/uploads\/2021\/04\/DFFC6EEA-4793-4AE1-868F-62136EC9166D-45x45.jpeg 45w\" sizes=\"(max-width: 620px) 100vw, 620px\" \/><\/p>\n","protected":false},"excerpt":{"rendered":"<p>Nh\u1eabn d\u00f9ng cho b\u1eafn cung truy\u1ec1n th\u1ed1ng ch\u1ea5t li\u1ec7u kim lo\u1ea1i<\/p>\n","protected":false},"featured_media":1474,"comment_status":"open","ping_status":"closed","template":"","meta":[],"product_cat":[20],"product_tag":[198,86,341,340],"acf":[],"yoast_head":"<!-- This site is optimized with the Yoast SEO plugin v19.8 - https:\/\/yoast.com\/wordpress\/plugins\/seo\/ -->\n<title>Nh\u1eabn b\u1eafn cung HAR-50 - Cung T\u00ean H\u00e0 N\u1ed9i<\/title>\n<meta name=\"description\" content=\"mua cung t\u00ean th\u1ec3 thao, mua cung t\u00ean t\u1ea1i h\u00e0 n\u1ed9i, cung tr\u1ee3 l\u1ef1c, cung compound, cung t\u00ean ch\u00ednh h\u00e3ng, cung t\u00ean m\u1ea1nh,cung t\u00ean h\u00e0 n\u1ed9i, cung t\u00ean , mua cung t\u00ean S\u00e0i g\u00f2n , mua m\u0169i t\u00ean b\u1eafn cung , cung b\u1eafn bi s\u1eaft , cung t\u00ean mini\" \/>\n<meta name=\"robots\" content=\"index, follow, max-snippet:-1, max-image-preview:large, max-video-preview:-1\" \/>\n<link rel=\"canonical\" href=\"https:\/\/cungtenhanoi.com\/?product=nhan-ban-cung-har-50\" \/>\n<meta property=\"og:locale\" content=\"vi_VN\" \/>\n<meta property=\"og:type\" content=\"article\" \/>\n<meta property=\"og:title\" content=\"Nh\u1eabn b\u1eafn cung HAR-50 - Cung T\u00ean H\u00e0 N\u1ed9i\" \/>\n<meta property=\"og:description\" content=\"mua cung t\u00ean th\u1ec3 thao, mua cung t\u00ean t\u1ea1i h\u00e0 n\u1ed9i, cung tr\u1ee3 l\u1ef1c, cung compound, cung t\u00ean ch\u00ednh h\u00e3ng, cung t\u00ean m\u1ea1nh,cung t\u00ean h\u00e0 n\u1ed9i, cung t\u00ean , mua cung t\u00ean S\u00e0i g\u00f2n , mua m\u0169i t\u00ean b\u1eafn cung , cung b\u1eafn bi s\u1eaft , cung t\u00ean mini\" \/>\n<meta property=\"og:url\" content=\"https:\/\/cungtenhanoi.com\/?product=nhan-ban-cung-har-50\" \/>\n<meta property=\"og:site_name\" content=\"Cung T\u00ean H\u00e0 N\u1ed9i\" \/>\n<meta property=\"article:modified_time\" content=\"2021-04-25T05:49:03+00:00\" \/>\n<meta property=\"og:image\" content=\"https:\/\/cungtenhanoi.com\/wp-content\/uploads\/2021\/04\/8F815A95-B4AB-4487-867B-3DCFD916A6F9.jpeg\" \/>\n\t<meta property=\"og:image:width\" content=\"620\" \/>\n\t<meta property=\"og:image:height\" content=\"823\" \/>\n\t<meta property=\"og:image:type\" content=\"image\/jpeg\" \/>\n<meta name=\"twitter:card\" content=\"summary_large_image\" \/>\n<script type=\"application\/ld+json\" class=\"yoast-schema-graph\">{\"@context\":\"https:\/\/schema.org\",\"@graph\":[{\"@type\":\"WebPage\",\"@id\":\"https:\/\/cungtenhanoi.com\/?product=nhan-ban-cung-har-50\",\"url\":\"https:\/\/cungtenhanoi.com\/?product=nhan-ban-cung-har-50\",\"name\":\"Nh\u1eabn b\u1eafn cung HAR-50 - Cung T\u00ean H\u00e0 N\u1ed9i\",\"isPartOf\":{\"@id\":\"https:\/\/cungtenhanoi.com\/#website\"},\"datePublished\":\"2021-04-25T05:43:49+00:00\",\"dateModified\":\"2021-04-25T05:49:03+00:00\",\"description\":\"mua cung t\u00ean th\u1ec3 thao, mua cung t\u00ean t\u1ea1i h\u00e0 n\u1ed9i, cung tr\u1ee3 l\u1ef1c, cung compound, cung t\u00ean ch\u00ednh h\u00e3ng, cung t\u00ean m\u1ea1nh,cung t\u00ean h\u00e0 n\u1ed9i, cung t\u00ean , mua cung t\u00ean S\u00e0i g\u00f2n , mua m\u0169i t\u00ean b\u1eafn cung , cung b\u1eafn bi s\u1eaft , cung t\u00ean mini\",\"breadcrumb\":{\"@id\":\"https:\/\/cungtenhanoi.com\/?product=nhan-ban-cung-har-50#breadcrumb\"},\"inLanguage\":\"vi\",\"potentialAction\":[{\"@type\":\"ReadAction\",\"target\":[\"https:\/\/cungtenhanoi.com\/?product=nhan-ban-cung-har-50\"]}]},{\"@type\":\"BreadcrumbList\",\"@id\":\"https:\/\/cungtenhanoi.com\/?product=nhan-ban-cung-har-50#breadcrumb\",\"itemListElement\":[{\"@type\":\"ListItem\",\"position\":1,\"name\":\"Trang ch\u1ee7\",\"item\":\"https:\/\/cungtenhanoi.com\/\"},{\"@type\":\"ListItem\",\"position\":2,\"name\":\"Shop\",\"item\":\"https:\/\/cungtenhanoi.com\/?page_id=6\"},{\"@type\":\"ListItem\",\"position\":3,\"name\":\"Ph\u1ee5 ki\u1ec7n\",\"item\":\"https:\/\/cungtenhanoi.com\/danh-muc\/phu-kien\/\"},{\"@type\":\"ListItem\",\"position\":4,\"name\":\"Nh\u1eabn b\u1eafn cung HAR-50\"}]},{\"@type\":\"WebSite\",\"@id\":\"https:\/\/cungtenhanoi.com\/#website\",\"url\":\"https:\/\/cungtenhanoi.com\/\",\"name\":\"Cung T\u00ean H\u00e0 N\u1ed9i\",\"description\":\"Cung c\u1ea5p c\u00e1c lo\u1ea1i cung t\u00ean th\u1ec3 thao s\u1ed1 1 Vi\u1ec7t Nam\",\"publisher\":{\"@id\":\"https:\/\/cungtenhanoi.com\/#organization\"},\"potentialAction\":[{\"@type\":\"SearchAction\",\"target\":{\"@type\":\"EntryPoint\",\"urlTemplate\":\"https:\/\/cungtenhanoi.com\/?s={search_term_string}\"},\"query-input\":\"required name=search_term_string\"}],\"inLanguage\":\"vi\"},{\"@type\":\"Organization\",\"@id\":\"https:\/\/cungtenhanoi.com\/#organization\",\"name\":\"Cung T\u00ean H\u00e0 N\u1ed9i\",\"url\":\"https:\/\/cungtenhanoi.com\/\",\"sameAs\":[],\"logo\":{\"@type\":\"ImageObject\",\"inLanguage\":\"vi\",\"@id\":\"https:\/\/cungtenhanoi.com\/#\/schema\/logo\/image\/\",\"url\":\"https:\/\/cungtenhanoi.com\/wp-content\/uploads\/2025\/05\/logo-den-trang.jpg\",\"contentUrl\":\"https:\/\/cungtenhanoi.com\/wp-content\/uploads\/2025\/05\/logo-den-trang.jpg\",\"width\":450,\"height\":450,\"caption\":\"Cung T\u00ean H\u00e0 N\u1ed9i\"},\"image\":{\"@id\":\"https:\/\/cungtenhanoi.com\/#\/schema\/logo\/image\/\"}}]}<\/script>\n<!-- \/ Yoast SEO plugin. -->","yoast_head_json":{"title":"Nh\u1eabn b\u1eafn cung HAR-50 - Cung T\u00ean H\u00e0 N\u1ed9i","description":"mua cung t\u00ean th\u1ec3 thao, mua cung t\u00ean t\u1ea1i h\u00e0 n\u1ed9i, cung tr\u1ee3 l\u1ef1c, cung compound, cung t\u00ean ch\u00ednh h\u00e3ng, cung t\u00ean m\u1ea1nh,cung t\u00ean h\u00e0 n\u1ed9i, cung t\u00ean , mua cung t\u00ean S\u00e0i g\u00f2n , mua m\u0169i t\u00ean b\u1eafn cung , cung b\u1eafn bi s\u1eaft , cung t\u00ean mini","robots":{"index":"index","follow":"follow","max-snippet":"max-snippet:-1","max-image-preview":"max-image-preview:large","max-video-preview":"max-video-preview:-1"},"canonical":"https:\/\/cungtenhanoi.com\/?product=nhan-ban-cung-har-50","og_locale":"vi_VN","og_type":"article","og_title":"Nh\u1eabn b\u1eafn cung HAR-50 - Cung T\u00ean H\u00e0 N\u1ed9i","og_description":"mua cung t\u00ean th\u1ec3 thao, mua cung t\u00ean t\u1ea1i h\u00e0 n\u1ed9i, cung tr\u1ee3 l\u1ef1c, cung compound, cung t\u00ean ch\u00ednh h\u00e3ng, cung t\u00ean m\u1ea1nh,cung t\u00ean h\u00e0 n\u1ed9i, cung t\u00ean , mua cung t\u00ean S\u00e0i g\u00f2n , mua m\u0169i t\u00ean b\u1eafn cung , cung b\u1eafn bi s\u1eaft , cung t\u00ean mini","og_url":"https:\/\/cungtenhanoi.com\/?product=nhan-ban-cung-har-50","og_site_name":"Cung T\u00ean H\u00e0 N\u1ed9i","article_modified_time":"2021-04-25T05:49:03+00:00","og_image":[{"width":620,"height":823,"url":"https:\/\/cungtenhanoi.com\/wp-content\/uploads\/2021\/04\/8F815A95-B4AB-4487-867B-3DCFD916A6F9.jpeg","type":"image\/jpeg"}],"twitter_card":"summary_large_image","schema":{"@context":"https:\/\/schema.org","@graph":[{"@type":"WebPage","@id":"https:\/\/cungtenhanoi.com\/?product=nhan-ban-cung-har-50","url":"https:\/\/cungtenhanoi.com\/?product=nhan-ban-cung-har-50","name":"Nh\u1eabn b\u1eafn cung HAR-50 - Cung T\u00ean H\u00e0 N\u1ed9i","isPartOf":{"@id":"https:\/\/cungtenhanoi.com\/#website"},"datePublished":"2021-04-25T05:43:49+00:00","dateModified":"2021-04-25T05:49:03+00:00","description":"mua cung t\u00ean th\u1ec3 thao, mua cung t\u00ean t\u1ea1i h\u00e0 n\u1ed9i, cung tr\u1ee3 l\u1ef1c, cung compound, cung t\u00ean ch\u00ednh h\u00e3ng, cung t\u00ean m\u1ea1nh,cung t\u00ean h\u00e0 n\u1ed9i, cung t\u00ean , mua cung t\u00ean S\u00e0i g\u00f2n , mua m\u0169i t\u00ean b\u1eafn cung , cung b\u1eafn bi s\u1eaft , cung t\u00ean mini","breadcrumb":{"@id":"https:\/\/cungtenhanoi.com\/?product=nhan-ban-cung-har-50#breadcrumb"},"inLanguage":"vi","potentialAction":[{"@type":"ReadAction","target":["https:\/\/cungtenhanoi.com\/?product=nhan-ban-cung-har-50"]}]},{"@type":"BreadcrumbList","@id":"https:\/\/cungtenhanoi.com\/?product=nhan-ban-cung-har-50#breadcrumb","itemListElement":[{"@type":"ListItem","position":1,"name":"Trang ch\u1ee7","item":"https:\/\/cungtenhanoi.com\/"},{"@type":"ListItem","position":2,"name":"Shop","item":"https:\/\/cungtenhanoi.com\/?page_id=6"},{"@type":"ListItem","position":3,"name":"Ph\u1ee5 ki\u1ec7n","item":"https:\/\/cungtenhanoi.com\/danh-muc\/phu-kien\/"},{"@type":"ListItem","position":4,"name":"Nh\u1eabn b\u1eafn cung HAR-50"}]},{"@type":"WebSite","@id":"https:\/\/cungtenhanoi.com\/#website","url":"https:\/\/cungtenhanoi.com\/","name":"Cung T\u00ean H\u00e0 N\u1ed9i","description":"Cung c\u1ea5p c\u00e1c lo\u1ea1i cung t\u00ean th\u1ec3 thao s\u1ed1 1 Vi\u1ec7t Nam","publisher":{"@id":"https:\/\/cungtenhanoi.com\/#organization"},"potentialAction":[{"@type":"SearchAction","target":{"@type":"EntryPoint","urlTemplate":"https:\/\/cungtenhanoi.com\/?s={search_term_string}"},"query-input":"required name=search_term_string"}],"inLanguage":"vi"},{"@type":"Organization","@id":"https:\/\/cungtenhanoi.com\/#organization","name":"Cung T\u00ean H\u00e0 N\u1ed9i","url":"https:\/\/cungtenhanoi.com\/","sameAs":[],"logo":{"@type":"ImageObject","inLanguage":"vi","@id":"https:\/\/cungtenhanoi.com\/#\/schema\/logo\/image\/","url":"https:\/\/cungtenhanoi.com\/wp-content\/uploads\/2025\/05\/logo-den-trang.jpg","contentUrl":"https:\/\/cungtenhanoi.com\/wp-content\/uploads\/2025\/05\/logo-den-trang.jpg","width":450,"height":450,"caption":"Cung T\u00ean H\u00e0 N\u1ed9i"},"image":{"@id":"https:\/\/cungtenhanoi.com\/#\/schema\/logo\/image\/"}}]}},"_links":{"self":[{"href":"https:\/\/cungtenhanoi.com\/index.php?rest_route=\/wp\/v2\/product\/1469"}],"collection":[{"href":"https:\/\/cungtenhanoi.com\/index.php?rest_route=\/wp\/v2\/product"}],"about":[{"href":"https:\/\/cungtenhanoi.com\/index.php?rest_route=\/wp\/v2\/types\/product"}],"replies":[{"embeddable":true,"href":"https:\/\/cungtenhanoi.com\/index.php?rest_route=%2Fwp%2Fv2%2Fcomments&post=1469"}],"wp:featuredmedia":[{"embeddable":true,"href":"https:\/\/cungtenhanoi.com\/index.php?rest_route=\/wp\/v2\/media\/1474"}],"wp:attachment":[{"href":"https:\/\/cungtenhanoi.com\/index.php?rest_route=%2Fwp%2Fv2%2Fmedia&parent=1469"}],"wp:term":[{"taxonomy":"product_cat","embeddable":true,"href":"https:\/\/cungtenhanoi.com\/index.php?rest_route=%2Fwp%2Fv2%2Fproduct_cat&post=1469"},{"taxonomy":"product_tag","embeddable":true,"href":"https:\/\/cungtenhanoi.com\/index.php?rest_route=%2Fwp%2Fv2%2Fproduct_tag&post=1469"}],"curies":[{"name":"wp","href":"https:\/\/api.w.org\/{rel}","templated":true}]}}