{"id":1484,"date":"2021-05-06T00:38:17","date_gmt":"2021-05-05T17:38:17","guid":{"rendered":"https:\/\/cungtenhanoi.com\/?post_type=product&#038;p=1484"},"modified":"2021-05-06T00:38:59","modified_gmt":"2021-05-05T17:38:59","slug":"arrow-rest-jx813","status":"publish","type":"product","link":"https:\/\/cungtenhanoi.com\/?product=arrow-rest-jx813","title":{"rendered":"Arrow rest &#8211; JX813"},"content":{"rendered":"<p><img loading=\"lazy\" class=\"aligncenter size-full wp-image-1485\" src=\"https:\/\/cungtenhanoi.com\/wp-content\/uploads\/2021\/05\/1_org.jpg\" alt=\"\" width=\"287\" height=\"430\" srcset=\"https:\/\/cungtenhanoi.com\/wp-content\/uploads\/2021\/05\/1_org.jpg 287w, https:\/\/cungtenhanoi.com\/wp-content\/uploads\/2021\/05\/1_org-64x96.jpg 64w, https:\/\/cungtenhanoi.com\/wp-content\/uploads\/2021\/05\/1_org-200x300.jpg 200w\" sizes=\"(max-width: 287px) 100vw, 287px\" \/> <img loading=\"lazy\" class=\"aligncenter size-full wp-image-1486\" src=\"https:\/\/cungtenhanoi.com\/wp-content\/uploads\/2021\/05\/32746396_31f80885-a18f-466b-a328-ba36f2052c04_986_969.jpg\" alt=\"\" width=\"700\" height=\"687\" srcset=\"https:\/\/cungtenhanoi.com\/wp-content\/uploads\/2021\/05\/32746396_31f80885-a18f-466b-a328-ba36f2052c04_986_969.jpg 700w, https:\/\/cungtenhanoi.com\/wp-content\/uploads\/2021\/05\/32746396_31f80885-a18f-466b-a328-ba36f2052c04_986_969-600x589.jpg 600w, https:\/\/cungtenhanoi.com\/wp-content\/uploads\/2021\/05\/32746396_31f80885-a18f-466b-a328-ba36f2052c04_986_969-64x63.jpg 64w, https:\/\/cungtenhanoi.com\/wp-content\/uploads\/2021\/05\/32746396_31f80885-a18f-466b-a328-ba36f2052c04_986_969-300x294.jpg 300w, https:\/\/cungtenhanoi.com\/wp-content\/uploads\/2021\/05\/32746396_31f80885-a18f-466b-a328-ba36f2052c04_986_969-45x45.jpg 45w\" sizes=\"(max-width: 700px) 100vw, 700px\" \/> <img loading=\"lazy\" class=\"aligncenter size-full wp-image-1487\" src=\"https:\/\/cungtenhanoi.com\/wp-content\/uploads\/2021\/05\/Best-Whisker-Biscuit-Arrow-Rest.jpg\" alt=\"\" width=\"960\" height=\"636\" srcset=\"https:\/\/cungtenhanoi.com\/wp-content\/uploads\/2021\/05\/Best-Whisker-Biscuit-Arrow-Rest.jpg 960w, https:\/\/cungtenhanoi.com\/wp-content\/uploads\/2021\/05\/Best-Whisker-Biscuit-Arrow-Rest-600x398.jpg 600w, https:\/\/cungtenhanoi.com\/wp-content\/uploads\/2021\/05\/Best-Whisker-Biscuit-Arrow-Rest-64x42.jpg 64w, https:\/\/cungtenhanoi.com\/wp-content\/uploads\/2021\/05\/Best-Whisker-Biscuit-Arrow-Rest-300x199.jpg 300w, https:\/\/cungtenhanoi.com\/wp-content\/uploads\/2021\/05\/Best-Whisker-Biscuit-Arrow-Rest-768x509.jpg 768w\" sizes=\"(max-width: 960px) 100vw, 960px\" \/> <img loading=\"lazy\" class=\"aligncenter size-full wp-image-1488\" src=\"https:\/\/cungtenhanoi.com\/wp-content\/uploads\/2021\/05\/Brush_Arrow_Rest_Whisker_Biscuit_JX813.jpg\" alt=\"\" width=\"600\" height=\"600\" srcset=\"https:\/\/cungtenhanoi.com\/wp-content\/uploads\/2021\/05\/Brush_Arrow_Rest_Whisker_Biscuit_JX813.jpg 600w, https:\/\/cungtenhanoi.com\/wp-content\/uploads\/2021\/05\/Brush_Arrow_Rest_Whisker_Biscuit_JX813-300x300.jpg 300w, https:\/\/cungtenhanoi.com\/wp-content\/uploads\/2021\/05\/Brush_Arrow_Rest_Whisker_Biscuit_JX813-100x100.jpg 100w, https:\/\/cungtenhanoi.com\/wp-content\/uploads\/2021\/05\/Brush_Arrow_Rest_Whisker_Biscuit_JX813-64x64.jpg 64w\" sizes=\"(max-width: 600px) 100vw, 600px\" \/> <img loading=\"lazy\" class=\"aligncenter size-full wp-image-1489\" src=\"https:\/\/cungtenhanoi.com\/wp-content\/uploads\/2021\/05\/hqdefault.jpg\" alt=\"\" width=\"480\" height=\"360\" srcset=\"https:\/\/cungtenhanoi.com\/wp-content\/uploads\/2021\/05\/hqdefault.jpg 480w, https:\/\/cungtenhanoi.com\/wp-content\/uploads\/2021\/05\/hqdefault-64x48.jpg 64w, https:\/\/cungtenhanoi.com\/wp-content\/uploads\/2021\/05\/hqdefault-300x225.jpg 300w\" sizes=\"(max-width: 480px) 100vw, 480px\" \/> <img loading=\"lazy\" class=\"aligncenter size-full wp-image-1490\" src=\"https:\/\/cungtenhanoi.com\/wp-content\/uploads\/2021\/05\/whisker-biscuits4.jpg\" alt=\"\" width=\"640\" height=\"429\" srcset=\"https:\/\/cungtenhanoi.com\/wp-content\/uploads\/2021\/05\/whisker-biscuits4.jpg 640w, https:\/\/cungtenhanoi.com\/wp-content\/uploads\/2021\/05\/whisker-biscuits4-600x402.jpg 600w, https:\/\/cungtenhanoi.com\/wp-content\/uploads\/2021\/05\/whisker-biscuits4-64x43.jpg 64w\" sizes=\"(max-width: 640px) 100vw, 640px\" \/><\/p>\n","protected":false},"excerpt":{"rendered":"","protected":false},"featured_media":1488,"comment_status":"open","ping_status":"closed","template":"","meta":[],"product_cat":[20],"product_tag":[132,198,257,264,342,133],"acf":[],"yoast_head":"<!-- This site is optimized with the Yoast SEO plugin v19.8 - https:\/\/yoast.com\/wordpress\/plugins\/seo\/ -->\n<title>Arrow rest - JX813 - Cung T\u00ean H\u00e0 N\u1ed9i<\/title>\n<meta name=\"description\" content=\"mua cung t\u00ean th\u1ec3 thao, mua cung t\u00ean t\u1ea1i h\u00e0 n\u1ed9i, cung tr\u1ee3 l\u1ef1c, cung compound, cung t\u00ean ch\u00ednh h\u00e3ng, cung t\u00ean m\u1ea1nh,cung t\u00ean h\u00e0 n\u1ed9i, cung t\u00ean , mua cung t\u00ean S\u00e0i g\u00f2n , mua m\u0169i t\u00ean b\u1eafn cung , cung b\u1eafn bi s\u1eaft , cung t\u00ean mini\" \/>\n<meta name=\"robots\" content=\"index, follow, max-snippet:-1, max-image-preview:large, max-video-preview:-1\" \/>\n<link rel=\"canonical\" href=\"https:\/\/cungtenhanoi.com\/?product=arrow-rest-jx813\" \/>\n<meta property=\"og:locale\" content=\"vi_VN\" \/>\n<meta property=\"og:type\" content=\"article\" \/>\n<meta property=\"og:title\" content=\"Arrow rest - JX813 - Cung T\u00ean H\u00e0 N\u1ed9i\" \/>\n<meta property=\"og:description\" content=\"mua cung t\u00ean th\u1ec3 thao, mua cung t\u00ean t\u1ea1i h\u00e0 n\u1ed9i, cung tr\u1ee3 l\u1ef1c, cung compound, cung t\u00ean ch\u00ednh h\u00e3ng, cung t\u00ean m\u1ea1nh,cung t\u00ean h\u00e0 n\u1ed9i, cung t\u00ean , mua cung t\u00ean S\u00e0i g\u00f2n , mua m\u0169i t\u00ean b\u1eafn cung , cung b\u1eafn bi s\u1eaft , cung t\u00ean mini\" \/>\n<meta property=\"og:url\" content=\"https:\/\/cungtenhanoi.com\/?product=arrow-rest-jx813\" \/>\n<meta property=\"og:site_name\" content=\"Cung T\u00ean H\u00e0 N\u1ed9i\" \/>\n<meta property=\"article:modified_time\" content=\"2021-05-05T17:38:59+00:00\" \/>\n<meta property=\"og:image\" content=\"https:\/\/cungtenhanoi.com\/wp-content\/uploads\/2021\/05\/Brush_Arrow_Rest_Whisker_Biscuit_JX813.jpg\" \/>\n\t<meta property=\"og:image:width\" content=\"600\" \/>\n\t<meta property=\"og:image:height\" content=\"600\" \/>\n\t<meta property=\"og:image:type\" content=\"image\/jpeg\" \/>\n<meta name=\"twitter:card\" content=\"summary_large_image\" \/>\n<script type=\"application\/ld+json\" class=\"yoast-schema-graph\">{\"@context\":\"https:\/\/schema.org\",\"@graph\":[{\"@type\":\"WebPage\",\"@id\":\"https:\/\/cungtenhanoi.com\/?product=arrow-rest-jx813\",\"url\":\"https:\/\/cungtenhanoi.com\/?product=arrow-rest-jx813\",\"name\":\"Arrow rest - JX813 - Cung T\u00ean H\u00e0 N\u1ed9i\",\"isPartOf\":{\"@id\":\"https:\/\/cungtenhanoi.com\/#website\"},\"datePublished\":\"2021-05-05T17:38:17+00:00\",\"dateModified\":\"2021-05-05T17:38:59+00:00\",\"description\":\"mua cung t\u00ean th\u1ec3 thao, mua cung t\u00ean t\u1ea1i h\u00e0 n\u1ed9i, cung tr\u1ee3 l\u1ef1c, cung compound, cung t\u00ean ch\u00ednh h\u00e3ng, cung t\u00ean m\u1ea1nh,cung t\u00ean h\u00e0 n\u1ed9i, cung t\u00ean , mua cung t\u00ean S\u00e0i g\u00f2n , mua m\u0169i t\u00ean b\u1eafn cung , cung b\u1eafn bi s\u1eaft , cung t\u00ean mini\",\"breadcrumb\":{\"@id\":\"https:\/\/cungtenhanoi.com\/?product=arrow-rest-jx813#breadcrumb\"},\"inLanguage\":\"vi\",\"potentialAction\":[{\"@type\":\"ReadAction\",\"target\":[\"https:\/\/cungtenhanoi.com\/?product=arrow-rest-jx813\"]}]},{\"@type\":\"BreadcrumbList\",\"@id\":\"https:\/\/cungtenhanoi.com\/?product=arrow-rest-jx813#breadcrumb\",\"itemListElement\":[{\"@type\":\"ListItem\",\"position\":1,\"name\":\"Trang ch\u1ee7\",\"item\":\"https:\/\/cungtenhanoi.com\/\"},{\"@type\":\"ListItem\",\"position\":2,\"name\":\"Shop\",\"item\":\"https:\/\/cungtenhanoi.com\/?page_id=6\"},{\"@type\":\"ListItem\",\"position\":3,\"name\":\"Ph\u1ee5 ki\u1ec7n\",\"item\":\"https:\/\/cungtenhanoi.com\/danh-muc\/phu-kien\/\"},{\"@type\":\"ListItem\",\"position\":4,\"name\":\"Arrow rest &#8211; JX813\"}]},{\"@type\":\"WebSite\",\"@id\":\"https:\/\/cungtenhanoi.com\/#website\",\"url\":\"https:\/\/cungtenhanoi.com\/\",\"name\":\"Cung T\u00ean H\u00e0 N\u1ed9i\",\"description\":\"Cung c\u1ea5p c\u00e1c lo\u1ea1i cung t\u00ean th\u1ec3 thao s\u1ed1 1 Vi\u1ec7t Nam\",\"publisher\":{\"@id\":\"https:\/\/cungtenhanoi.com\/#organization\"},\"potentialAction\":[{\"@type\":\"SearchAction\",\"target\":{\"@type\":\"EntryPoint\",\"urlTemplate\":\"https:\/\/cungtenhanoi.com\/?s={search_term_string}\"},\"query-input\":\"required name=search_term_string\"}],\"inLanguage\":\"vi\"},{\"@type\":\"Organization\",\"@id\":\"https:\/\/cungtenhanoi.com\/#organization\",\"name\":\"Cung T\u00ean H\u00e0 N\u1ed9i\",\"url\":\"https:\/\/cungtenhanoi.com\/\",\"sameAs\":[],\"logo\":{\"@type\":\"ImageObject\",\"inLanguage\":\"vi\",\"@id\":\"https:\/\/cungtenhanoi.com\/#\/schema\/logo\/image\/\",\"url\":\"https:\/\/cungtenhanoi.com\/wp-content\/uploads\/2025\/05\/logo-den-trang.jpg\",\"contentUrl\":\"https:\/\/cungtenhanoi.com\/wp-content\/uploads\/2025\/05\/logo-den-trang.jpg\",\"width\":450,\"height\":450,\"caption\":\"Cung T\u00ean H\u00e0 N\u1ed9i\"},\"image\":{\"@id\":\"https:\/\/cungtenhanoi.com\/#\/schema\/logo\/image\/\"}}]}<\/script>\n<!-- \/ Yoast SEO plugin. -->","yoast_head_json":{"title":"Arrow rest - JX813 - Cung T\u00ean H\u00e0 N\u1ed9i","description":"mua cung t\u00ean th\u1ec3 thao, mua cung t\u00ean t\u1ea1i h\u00e0 n\u1ed9i, cung tr\u1ee3 l\u1ef1c, cung compound, cung t\u00ean ch\u00ednh h\u00e3ng, cung t\u00ean m\u1ea1nh,cung t\u00ean h\u00e0 n\u1ed9i, cung t\u00ean , mua cung t\u00ean S\u00e0i g\u00f2n , mua m\u0169i t\u00ean b\u1eafn cung , cung b\u1eafn bi s\u1eaft , cung t\u00ean mini","robots":{"index":"index","follow":"follow","max-snippet":"max-snippet:-1","max-image-preview":"max-image-preview:large","max-video-preview":"max-video-preview:-1"},"canonical":"https:\/\/cungtenhanoi.com\/?product=arrow-rest-jx813","og_locale":"vi_VN","og_type":"article","og_title":"Arrow rest - JX813 - Cung T\u00ean H\u00e0 N\u1ed9i","og_description":"mua cung t\u00ean th\u1ec3 thao, mua cung t\u00ean t\u1ea1i h\u00e0 n\u1ed9i, cung tr\u1ee3 l\u1ef1c, cung compound, cung t\u00ean ch\u00ednh h\u00e3ng, cung t\u00ean m\u1ea1nh,cung t\u00ean h\u00e0 n\u1ed9i, cung t\u00ean , mua cung t\u00ean S\u00e0i g\u00f2n , mua m\u0169i t\u00ean b\u1eafn cung , cung b\u1eafn bi s\u1eaft , cung t\u00ean mini","og_url":"https:\/\/cungtenhanoi.com\/?product=arrow-rest-jx813","og_site_name":"Cung T\u00ean H\u00e0 N\u1ed9i","article_modified_time":"2021-05-05T17:38:59+00:00","og_image":[{"width":600,"height":600,"url":"https:\/\/cungtenhanoi.com\/wp-content\/uploads\/2021\/05\/Brush_Arrow_Rest_Whisker_Biscuit_JX813.jpg","type":"image\/jpeg"}],"twitter_card":"summary_large_image","schema":{"@context":"https:\/\/schema.org","@graph":[{"@type":"WebPage","@id":"https:\/\/cungtenhanoi.com\/?product=arrow-rest-jx813","url":"https:\/\/cungtenhanoi.com\/?product=arrow-rest-jx813","name":"Arrow rest - JX813 - Cung T\u00ean H\u00e0 N\u1ed9i","isPartOf":{"@id":"https:\/\/cungtenhanoi.com\/#website"},"datePublished":"2021-05-05T17:38:17+00:00","dateModified":"2021-05-05T17:38:59+00:00","description":"mua cung t\u00ean th\u1ec3 thao, mua cung t\u00ean t\u1ea1i h\u00e0 n\u1ed9i, cung tr\u1ee3 l\u1ef1c, cung compound, cung t\u00ean ch\u00ednh h\u00e3ng, cung t\u00ean m\u1ea1nh,cung t\u00ean h\u00e0 n\u1ed9i, cung t\u00ean , mua cung t\u00ean S\u00e0i g\u00f2n , mua m\u0169i t\u00ean b\u1eafn cung , cung b\u1eafn bi s\u1eaft , cung t\u00ean mini","breadcrumb":{"@id":"https:\/\/cungtenhanoi.com\/?product=arrow-rest-jx813#breadcrumb"},"inLanguage":"vi","potentialAction":[{"@type":"ReadAction","target":["https:\/\/cungtenhanoi.com\/?product=arrow-rest-jx813"]}]},{"@type":"BreadcrumbList","@id":"https:\/\/cungtenhanoi.com\/?product=arrow-rest-jx813#breadcrumb","itemListElement":[{"@type":"ListItem","position":1,"name":"Trang ch\u1ee7","item":"https:\/\/cungtenhanoi.com\/"},{"@type":"ListItem","position":2,"name":"Shop","item":"https:\/\/cungtenhanoi.com\/?page_id=6"},{"@type":"ListItem","position":3,"name":"Ph\u1ee5 ki\u1ec7n","item":"https:\/\/cungtenhanoi.com\/danh-muc\/phu-kien\/"},{"@type":"ListItem","position":4,"name":"Arrow rest &#8211; JX813"}]},{"@type":"WebSite","@id":"https:\/\/cungtenhanoi.com\/#website","url":"https:\/\/cungtenhanoi.com\/","name":"Cung T\u00ean H\u00e0 N\u1ed9i","description":"Cung c\u1ea5p c\u00e1c lo\u1ea1i cung t\u00ean th\u1ec3 thao s\u1ed1 1 Vi\u1ec7t Nam","publisher":{"@id":"https:\/\/cungtenhanoi.com\/#organization"},"potentialAction":[{"@type":"SearchAction","target":{"@type":"EntryPoint","urlTemplate":"https:\/\/cungtenhanoi.com\/?s={search_term_string}"},"query-input":"required name=search_term_string"}],"inLanguage":"vi"},{"@type":"Organization","@id":"https:\/\/cungtenhanoi.com\/#organization","name":"Cung T\u00ean H\u00e0 N\u1ed9i","url":"https:\/\/cungtenhanoi.com\/","sameAs":[],"logo":{"@type":"ImageObject","inLanguage":"vi","@id":"https:\/\/cungtenhanoi.com\/#\/schema\/logo\/image\/","url":"https:\/\/cungtenhanoi.com\/wp-content\/uploads\/2025\/05\/logo-den-trang.jpg","contentUrl":"https:\/\/cungtenhanoi.com\/wp-content\/uploads\/2025\/05\/logo-den-trang.jpg","width":450,"height":450,"caption":"Cung T\u00ean H\u00e0 N\u1ed9i"},"image":{"@id":"https:\/\/cungtenhanoi.com\/#\/schema\/logo\/image\/"}}]}},"_links":{"self":[{"href":"https:\/\/cungtenhanoi.com\/index.php?rest_route=\/wp\/v2\/product\/1484"}],"collection":[{"href":"https:\/\/cungtenhanoi.com\/index.php?rest_route=\/wp\/v2\/product"}],"about":[{"href":"https:\/\/cungtenhanoi.com\/index.php?rest_route=\/wp\/v2\/types\/product"}],"replies":[{"embeddable":true,"href":"https:\/\/cungtenhanoi.com\/index.php?rest_route=%2Fwp%2Fv2%2Fcomments&post=1484"}],"wp:featuredmedia":[{"embeddable":true,"href":"https:\/\/cungtenhanoi.com\/index.php?rest_route=\/wp\/v2\/media\/1488"}],"wp:attachment":[{"href":"https:\/\/cungtenhanoi.com\/index.php?rest_route=%2Fwp%2Fv2%2Fmedia&parent=1484"}],"wp:term":[{"taxonomy":"product_cat","embeddable":true,"href":"https:\/\/cungtenhanoi.com\/index.php?rest_route=%2Fwp%2Fv2%2Fproduct_cat&post=1484"},{"taxonomy":"product_tag","embeddable":true,"href":"https:\/\/cungtenhanoi.com\/index.php?rest_route=%2Fwp%2Fv2%2Fproduct_tag&post=1484"}],"curies":[{"name":"wp","href":"https:\/\/api.w.org\/{rel}","templated":true}]}}