{"id":1563,"date":"2021-05-23T21:08:38","date_gmt":"2021-05-23T14:08:38","guid":{"rendered":"https:\/\/cungtenhanoi.com\/?post_type=product&#038;p=1563"},"modified":"2021-05-23T22:05:16","modified_gmt":"2021-05-23T15:05:16","slug":"daibow-acuity","status":"publish","type":"product","link":"https:\/\/cungtenhanoi.com\/?product=daibow-acuity","title":{"rendered":"DAIBOW ACUITY"},"content":{"rendered":"<p><img loading=\"lazy\" class=\"aligncenter size-full wp-image-1564\" src=\"https:\/\/cungtenhanoi.com\/wp-content\/uploads\/2021\/05\/1.jpg\" alt=\"\" width=\"750\" height=\"920\" srcset=\"https:\/\/cungtenhanoi.com\/wp-content\/uploads\/2021\/05\/1.jpg 750w, https:\/\/cungtenhanoi.com\/wp-content\/uploads\/2021\/05\/1-600x736.jpg 600w, https:\/\/cungtenhanoi.com\/wp-content\/uploads\/2021\/05\/1-64x79.jpg 64w, https:\/\/cungtenhanoi.com\/wp-content\/uploads\/2021\/05\/1-245x300.jpg 245w\" sizes=\"(max-width: 750px) 100vw, 750px\" \/> <img loading=\"lazy\" class=\"aligncenter size-full wp-image-1565\" src=\"https:\/\/cungtenhanoi.com\/wp-content\/uploads\/2021\/05\/2.jpg\" alt=\"\" width=\"750\" height=\"1221\" srcset=\"https:\/\/cungtenhanoi.com\/wp-content\/uploads\/2021\/05\/2.jpg 750w, https:\/\/cungtenhanoi.com\/wp-content\/uploads\/2021\/05\/2-600x977.jpg 600w, https:\/\/cungtenhanoi.com\/wp-content\/uploads\/2021\/05\/2-64x104.jpg 64w, https:\/\/cungtenhanoi.com\/wp-content\/uploads\/2021\/05\/2-184x300.jpg 184w, https:\/\/cungtenhanoi.com\/wp-content\/uploads\/2021\/05\/2-629x1024.jpg 629w\" sizes=\"(max-width: 750px) 100vw, 750px\" \/> <img loading=\"lazy\" class=\"aligncenter size-full wp-image-1566\" src=\"https:\/\/cungtenhanoi.com\/wp-content\/uploads\/2021\/05\/3.jpg\" alt=\"\" width=\"750\" height=\"665\" srcset=\"https:\/\/cungtenhanoi.com\/wp-content\/uploads\/2021\/05\/3.jpg 750w, https:\/\/cungtenhanoi.com\/wp-content\/uploads\/2021\/05\/3-600x532.jpg 600w, https:\/\/cungtenhanoi.com\/wp-content\/uploads\/2021\/05\/3-64x57.jpg 64w, https:\/\/cungtenhanoi.com\/wp-content\/uploads\/2021\/05\/3-300x266.jpg 300w\" sizes=\"(max-width: 750px) 100vw, 750px\" \/> <img loading=\"lazy\" class=\"aligncenter size-full wp-image-1567\" src=\"https:\/\/cungtenhanoi.com\/wp-content\/uploads\/2021\/05\/4.jpg\" alt=\"\" width=\"742\" height=\"806\" srcset=\"https:\/\/cungtenhanoi.com\/wp-content\/uploads\/2021\/05\/4.jpg 742w, https:\/\/cungtenhanoi.com\/wp-content\/uploads\/2021\/05\/4-600x652.jpg 600w, https:\/\/cungtenhanoi.com\/wp-content\/uploads\/2021\/05\/4-64x70.jpg 64w, https:\/\/cungtenhanoi.com\/wp-content\/uploads\/2021\/05\/4-276x300.jpg 276w\" sizes=\"(max-width: 742px) 100vw, 742px\" \/> <img loading=\"lazy\" class=\"aligncenter size-full wp-image-1568\" src=\"https:\/\/cungtenhanoi.com\/wp-content\/uploads\/2021\/05\/5.jpg\" alt=\"\" width=\"742\" height=\"452\" srcset=\"https:\/\/cungtenhanoi.com\/wp-content\/uploads\/2021\/05\/5.jpg 742w, https:\/\/cungtenhanoi.com\/wp-content\/uploads\/2021\/05\/5-600x365.jpg 600w, https:\/\/cungtenhanoi.com\/wp-content\/uploads\/2021\/05\/5-64x39.jpg 64w, https:\/\/cungtenhanoi.com\/wp-content\/uploads\/2021\/05\/5-300x183.jpg 300w\" sizes=\"(max-width: 742px) 100vw, 742px\" \/> <img loading=\"lazy\" class=\"aligncenter size-full wp-image-1569\" src=\"https:\/\/cungtenhanoi.com\/wp-content\/uploads\/2021\/05\/6.jpg\" alt=\"\" width=\"748\" height=\"463\" srcset=\"https:\/\/cungtenhanoi.com\/wp-content\/uploads\/2021\/05\/6.jpg 748w, https:\/\/cungtenhanoi.com\/wp-content\/uploads\/2021\/05\/6-600x371.jpg 600w, https:\/\/cungtenhanoi.com\/wp-content\/uploads\/2021\/05\/6-64x40.jpg 64w, https:\/\/cungtenhanoi.com\/wp-content\/uploads\/2021\/05\/6-300x186.jpg 300w\" sizes=\"(max-width: 748px) 100vw, 748px\" \/> <img loading=\"lazy\" class=\"aligncenter size-full wp-image-1570\" src=\"https:\/\/cungtenhanoi.com\/wp-content\/uploads\/2021\/05\/7.jpg\" alt=\"\" width=\"776\" height=\"736\" srcset=\"https:\/\/cungtenhanoi.com\/wp-content\/uploads\/2021\/05\/7.jpg 776w, https:\/\/cungtenhanoi.com\/wp-content\/uploads\/2021\/05\/7-600x569.jpg 600w, https:\/\/cungtenhanoi.com\/wp-content\/uploads\/2021\/05\/7-64x61.jpg 64w, https:\/\/cungtenhanoi.com\/wp-content\/uploads\/2021\/05\/7-300x285.jpg 300w, https:\/\/cungtenhanoi.com\/wp-content\/uploads\/2021\/05\/7-768x728.jpg 768w\" sizes=\"(max-width: 776px) 100vw, 776px\" \/> <img loading=\"lazy\" class=\"aligncenter size-full wp-image-1571\" src=\"https:\/\/cungtenhanoi.com\/wp-content\/uploads\/2021\/05\/8.jpg\" alt=\"\" width=\"742\" height=\"462\" srcset=\"https:\/\/cungtenhanoi.com\/wp-content\/uploads\/2021\/05\/8.jpg 742w, https:\/\/cungtenhanoi.com\/wp-content\/uploads\/2021\/05\/8-600x374.jpg 600w, https:\/\/cungtenhanoi.com\/wp-content\/uploads\/2021\/05\/8-64x40.jpg 64w, https:\/\/cungtenhanoi.com\/wp-content\/uploads\/2021\/05\/8-300x187.jpg 300w\" sizes=\"(max-width: 742px) 100vw, 742px\" \/> <img loading=\"lazy\" class=\"aligncenter size-full wp-image-1572\" src=\"https:\/\/cungtenhanoi.com\/wp-content\/uploads\/2021\/05\/9.jpg\" alt=\"\" width=\"750\" height=\"887\" srcset=\"https:\/\/cungtenhanoi.com\/wp-content\/uploads\/2021\/05\/9.jpg 750w, https:\/\/cungtenhanoi.com\/wp-content\/uploads\/2021\/05\/9-600x710.jpg 600w, https:\/\/cungtenhanoi.com\/wp-content\/uploads\/2021\/05\/9-64x76.jpg 64w, https:\/\/cungtenhanoi.com\/wp-content\/uploads\/2021\/05\/9-254x300.jpg 254w\" sizes=\"(max-width: 750px) 100vw, 750px\" \/> <img loading=\"lazy\" class=\"aligncenter size-full wp-image-1573\" src=\"https:\/\/cungtenhanoi.com\/wp-content\/uploads\/2021\/05\/10.jpg\" alt=\"\" width=\"750\" height=\"555\" srcset=\"https:\/\/cungtenhanoi.com\/wp-content\/uploads\/2021\/05\/10.jpg 750w, https:\/\/cungtenhanoi.com\/wp-content\/uploads\/2021\/05\/10-600x444.jpg 600w, https:\/\/cungtenhanoi.com\/wp-content\/uploads\/2021\/05\/10-64x47.jpg 64w, https:\/\/cungtenhanoi.com\/wp-content\/uploads\/2021\/05\/10-300x222.jpg 300w\" sizes=\"(max-width: 750px) 100vw, 750px\" \/> <img loading=\"lazy\" class=\"aligncenter size-full wp-image-1574\" src=\"https:\/\/cungtenhanoi.com\/wp-content\/uploads\/2021\/05\/11.jpg\" alt=\"\" width=\"750\" height=\"461\" srcset=\"https:\/\/cungtenhanoi.com\/wp-content\/uploads\/2021\/05\/11.jpg 750w, https:\/\/cungtenhanoi.com\/wp-content\/uploads\/2021\/05\/11-600x369.jpg 600w, https:\/\/cungtenhanoi.com\/wp-content\/uploads\/2021\/05\/11-64x39.jpg 64w, https:\/\/cungtenhanoi.com\/wp-content\/uploads\/2021\/05\/11-300x184.jpg 300w\" sizes=\"(max-width: 750px) 100vw, 750px\" \/> <img loading=\"lazy\" class=\"aligncenter size-full wp-image-1575\" src=\"https:\/\/cungtenhanoi.com\/wp-content\/uploads\/2021\/05\/12.jpg\" alt=\"\" width=\"750\" height=\"571\" srcset=\"https:\/\/cungtenhanoi.com\/wp-content\/uploads\/2021\/05\/12.jpg 750w, https:\/\/cungtenhanoi.com\/wp-content\/uploads\/2021\/05\/12-600x457.jpg 600w, https:\/\/cungtenhanoi.com\/wp-content\/uploads\/2021\/05\/12-64x49.jpg 64w, https:\/\/cungtenhanoi.com\/wp-content\/uploads\/2021\/05\/12-300x228.jpg 300w\" sizes=\"(max-width: 750px) 100vw, 750px\" \/> <img loading=\"lazy\" class=\"aligncenter size-full wp-image-1576\" src=\"https:\/\/cungtenhanoi.com\/wp-content\/uploads\/2021\/05\/13.jpg\" alt=\"\" width=\"745\" height=\"520\" srcset=\"https:\/\/cungtenhanoi.com\/wp-content\/uploads\/2021\/05\/13.jpg 745w, https:\/\/cungtenhanoi.com\/wp-content\/uploads\/2021\/05\/13-600x419.jpg 600w, https:\/\/cungtenhanoi.com\/wp-content\/uploads\/2021\/05\/13-64x45.jpg 64w, https:\/\/cungtenhanoi.com\/wp-content\/uploads\/2021\/05\/13-300x209.jpg 300w\" sizes=\"(max-width: 745px) 100vw, 745px\" \/> <img loading=\"lazy\" class=\"aligncenter size-full wp-image-1577\" src=\"https:\/\/cungtenhanoi.com\/wp-content\/uploads\/2021\/05\/14.jpg\" alt=\"\" width=\"750\" height=\"483\" srcset=\"https:\/\/cungtenhanoi.com\/wp-content\/uploads\/2021\/05\/14.jpg 750w, https:\/\/cungtenhanoi.com\/wp-content\/uploads\/2021\/05\/14-600x386.jpg 600w, https:\/\/cungtenhanoi.com\/wp-content\/uploads\/2021\/05\/14-64x41.jpg 64w\" sizes=\"(max-width: 750px) 100vw, 750px\" \/> <img loading=\"lazy\" class=\"aligncenter size-full wp-image-1578\" src=\"https:\/\/cungtenhanoi.com\/wp-content\/uploads\/2021\/05\/15.jpg\" alt=\"\" width=\"750\" height=\"494\" srcset=\"https:\/\/cungtenhanoi.com\/wp-content\/uploads\/2021\/05\/15.jpg 750w, https:\/\/cungtenhanoi.com\/wp-content\/uploads\/2021\/05\/15-600x395.jpg 600w, https:\/\/cungtenhanoi.com\/wp-content\/uploads\/2021\/05\/15-64x42.jpg 64w, https:\/\/cungtenhanoi.com\/wp-content\/uploads\/2021\/05\/15-300x198.jpg 300w\" sizes=\"(max-width: 750px) 100vw, 750px\" \/> <img loading=\"lazy\" class=\"aligncenter size-full wp-image-1579\" src=\"https:\/\/cungtenhanoi.com\/wp-content\/uploads\/2021\/05\/16.jpg\" alt=\"\" width=\"750\" height=\"484\" srcset=\"https:\/\/cungtenhanoi.com\/wp-content\/uploads\/2021\/05\/16.jpg 750w, https:\/\/cungtenhanoi.com\/wp-content\/uploads\/2021\/05\/16-600x387.jpg 600w, https:\/\/cungtenhanoi.com\/wp-content\/uploads\/2021\/05\/16-64x41.jpg 64w, https:\/\/cungtenhanoi.com\/wp-content\/uploads\/2021\/05\/16-300x194.jpg 300w\" sizes=\"(max-width: 750px) 100vw, 750px\" \/><\/p>\n","protected":false},"excerpt":{"rendered":"<p>Cung kh\u00f4ng : 14.200.000<br \/>\nOption 1: 16.500.000<br \/>\nOption 2: 17.800.000<br \/>\nOption3: 18.900.000<br \/>\nH\u00e0ng oder theo option v\u00e0 m\u00e0u s\u1eafc<br \/>\nNh\u1eadn h\u00e0ng sau 7-15 ng\u00e0y<\/p>\n","protected":false},"featured_media":1580,"comment_status":"open","ping_status":"closed","template":"","meta":[],"product_cat":[17],"product_tag":[371,198,86,257,264,369,370],"acf":[],"yoast_head":"<!-- This site is optimized with the Yoast SEO plugin v19.8 - https:\/\/yoast.com\/wordpress\/plugins\/seo\/ -->\n<title>DAIBOW ACUITY - Cung T\u00ean H\u00e0 N\u1ed9i<\/title>\n<meta name=\"description\" content=\"mua cung t\u00ean th\u1ec3 thao, mua cung t\u00ean t\u1ea1i h\u00e0 n\u1ed9i, cung tr\u1ee3 l\u1ef1c, cung compound, cung t\u00ean ch\u00ednh h\u00e3ng, cung t\u00ean m\u1ea1nh,cung t\u00ean h\u00e0 n\u1ed9i, cung t\u00ean , mua cung t\u00ean S\u00e0i g\u00f2n , mua m\u0169i t\u00ean b\u1eafn cung , cung b\u1eafn bi s\u1eaft , cung t\u00ean mini\" \/>\n<meta name=\"robots\" content=\"index, follow, max-snippet:-1, max-image-preview:large, max-video-preview:-1\" \/>\n<link rel=\"canonical\" href=\"https:\/\/cungtenhanoi.com\/?product=daibow-acuity\" \/>\n<meta property=\"og:locale\" content=\"vi_VN\" \/>\n<meta property=\"og:type\" content=\"article\" \/>\n<meta property=\"og:title\" content=\"DAIBOW ACUITY - Cung T\u00ean H\u00e0 N\u1ed9i\" \/>\n<meta property=\"og:description\" content=\"mua cung t\u00ean th\u1ec3 thao, mua cung t\u00ean t\u1ea1i h\u00e0 n\u1ed9i, cung tr\u1ee3 l\u1ef1c, cung compound, cung t\u00ean ch\u00ednh h\u00e3ng, cung t\u00ean m\u1ea1nh,cung t\u00ean h\u00e0 n\u1ed9i, cung t\u00ean , mua cung t\u00ean S\u00e0i g\u00f2n , mua m\u0169i t\u00ean b\u1eafn cung , cung b\u1eafn bi s\u1eaft , cung t\u00ean mini\" \/>\n<meta property=\"og:url\" content=\"https:\/\/cungtenhanoi.com\/?product=daibow-acuity\" \/>\n<meta property=\"og:site_name\" content=\"Cung T\u00ean H\u00e0 N\u1ed9i\" \/>\n<meta property=\"article:modified_time\" content=\"2021-05-23T15:05:16+00:00\" \/>\n<meta property=\"og:image\" content=\"https:\/\/cungtenhanoi.com\/wp-content\/uploads\/2021\/05\/1-Copy.jpg\" \/>\n\t<meta property=\"og:image:width\" content=\"746\" \/>\n\t<meta property=\"og:image:height\" content=\"740\" \/>\n\t<meta property=\"og:image:type\" content=\"image\/jpeg\" \/>\n<meta name=\"twitter:card\" content=\"summary_large_image\" \/>\n<script type=\"application\/ld+json\" class=\"yoast-schema-graph\">{\"@context\":\"https:\/\/schema.org\",\"@graph\":[{\"@type\":\"WebPage\",\"@id\":\"https:\/\/cungtenhanoi.com\/?product=daibow-acuity\",\"url\":\"https:\/\/cungtenhanoi.com\/?product=daibow-acuity\",\"name\":\"DAIBOW ACUITY - Cung T\u00ean H\u00e0 N\u1ed9i\",\"isPartOf\":{\"@id\":\"https:\/\/cungtenhanoi.com\/#website\"},\"datePublished\":\"2021-05-23T14:08:38+00:00\",\"dateModified\":\"2021-05-23T15:05:16+00:00\",\"description\":\"mua cung t\u00ean th\u1ec3 thao, mua cung t\u00ean t\u1ea1i h\u00e0 n\u1ed9i, cung tr\u1ee3 l\u1ef1c, cung compound, cung t\u00ean ch\u00ednh h\u00e3ng, cung t\u00ean m\u1ea1nh,cung t\u00ean h\u00e0 n\u1ed9i, cung t\u00ean , mua cung t\u00ean S\u00e0i g\u00f2n , mua m\u0169i t\u00ean b\u1eafn cung , cung b\u1eafn bi s\u1eaft , cung t\u00ean mini\",\"breadcrumb\":{\"@id\":\"https:\/\/cungtenhanoi.com\/?product=daibow-acuity#breadcrumb\"},\"inLanguage\":\"vi\",\"potentialAction\":[{\"@type\":\"ReadAction\",\"target\":[\"https:\/\/cungtenhanoi.com\/?product=daibow-acuity\"]}]},{\"@type\":\"BreadcrumbList\",\"@id\":\"https:\/\/cungtenhanoi.com\/?product=daibow-acuity#breadcrumb\",\"itemListElement\":[{\"@type\":\"ListItem\",\"position\":1,\"name\":\"Trang ch\u1ee7\",\"item\":\"https:\/\/cungtenhanoi.com\/\"},{\"@type\":\"ListItem\",\"position\":2,\"name\":\"Shop\",\"item\":\"https:\/\/cungtenhanoi.com\/?page_id=6\"},{\"@type\":\"ListItem\",\"position\":3,\"name\":\"Cung\",\"item\":\"https:\/\/cungtenhanoi.com\/danh-muc\/cung\/\"},{\"@type\":\"ListItem\",\"position\":4,\"name\":\"DAIBOW ACUITY\"}]},{\"@type\":\"WebSite\",\"@id\":\"https:\/\/cungtenhanoi.com\/#website\",\"url\":\"https:\/\/cungtenhanoi.com\/\",\"name\":\"Cung T\u00ean H\u00e0 N\u1ed9i\",\"description\":\"Cung c\u1ea5p c\u00e1c lo\u1ea1i cung t\u00ean th\u1ec3 thao s\u1ed1 1 Vi\u1ec7t Nam\",\"publisher\":{\"@id\":\"https:\/\/cungtenhanoi.com\/#organization\"},\"potentialAction\":[{\"@type\":\"SearchAction\",\"target\":{\"@type\":\"EntryPoint\",\"urlTemplate\":\"https:\/\/cungtenhanoi.com\/?s={search_term_string}\"},\"query-input\":\"required name=search_term_string\"}],\"inLanguage\":\"vi\"},{\"@type\":\"Organization\",\"@id\":\"https:\/\/cungtenhanoi.com\/#organization\",\"name\":\"Cung T\u00ean H\u00e0 N\u1ed9i\",\"url\":\"https:\/\/cungtenhanoi.com\/\",\"sameAs\":[],\"logo\":{\"@type\":\"ImageObject\",\"inLanguage\":\"vi\",\"@id\":\"https:\/\/cungtenhanoi.com\/#\/schema\/logo\/image\/\",\"url\":\"https:\/\/cungtenhanoi.com\/wp-content\/uploads\/2025\/05\/logo-den-trang.jpg\",\"contentUrl\":\"https:\/\/cungtenhanoi.com\/wp-content\/uploads\/2025\/05\/logo-den-trang.jpg\",\"width\":450,\"height\":450,\"caption\":\"Cung T\u00ean H\u00e0 N\u1ed9i\"},\"image\":{\"@id\":\"https:\/\/cungtenhanoi.com\/#\/schema\/logo\/image\/\"}}]}<\/script>\n<!-- \/ Yoast SEO plugin. -->","yoast_head_json":{"title":"DAIBOW ACUITY - Cung T\u00ean H\u00e0 N\u1ed9i","description":"mua cung t\u00ean th\u1ec3 thao, mua cung t\u00ean t\u1ea1i h\u00e0 n\u1ed9i, cung tr\u1ee3 l\u1ef1c, cung compound, cung t\u00ean ch\u00ednh h\u00e3ng, cung t\u00ean m\u1ea1nh,cung t\u00ean h\u00e0 n\u1ed9i, cung t\u00ean , mua cung t\u00ean S\u00e0i g\u00f2n , mua m\u0169i t\u00ean b\u1eafn cung , cung b\u1eafn bi s\u1eaft , cung t\u00ean mini","robots":{"index":"index","follow":"follow","max-snippet":"max-snippet:-1","max-image-preview":"max-image-preview:large","max-video-preview":"max-video-preview:-1"},"canonical":"https:\/\/cungtenhanoi.com\/?product=daibow-acuity","og_locale":"vi_VN","og_type":"article","og_title":"DAIBOW ACUITY - Cung T\u00ean H\u00e0 N\u1ed9i","og_description":"mua cung t\u00ean th\u1ec3 thao, mua cung t\u00ean t\u1ea1i h\u00e0 n\u1ed9i, cung tr\u1ee3 l\u1ef1c, cung compound, cung t\u00ean ch\u00ednh h\u00e3ng, cung t\u00ean m\u1ea1nh,cung t\u00ean h\u00e0 n\u1ed9i, cung t\u00ean , mua cung t\u00ean S\u00e0i g\u00f2n , mua m\u0169i t\u00ean b\u1eafn cung , cung b\u1eafn bi s\u1eaft , cung t\u00ean mini","og_url":"https:\/\/cungtenhanoi.com\/?product=daibow-acuity","og_site_name":"Cung T\u00ean H\u00e0 N\u1ed9i","article_modified_time":"2021-05-23T15:05:16+00:00","og_image":[{"width":746,"height":740,"url":"https:\/\/cungtenhanoi.com\/wp-content\/uploads\/2021\/05\/1-Copy.jpg","type":"image\/jpeg"}],"twitter_card":"summary_large_image","schema":{"@context":"https:\/\/schema.org","@graph":[{"@type":"WebPage","@id":"https:\/\/cungtenhanoi.com\/?product=daibow-acuity","url":"https:\/\/cungtenhanoi.com\/?product=daibow-acuity","name":"DAIBOW ACUITY - Cung T\u00ean H\u00e0 N\u1ed9i","isPartOf":{"@id":"https:\/\/cungtenhanoi.com\/#website"},"datePublished":"2021-05-23T14:08:38+00:00","dateModified":"2021-05-23T15:05:16+00:00","description":"mua cung t\u00ean th\u1ec3 thao, mua cung t\u00ean t\u1ea1i h\u00e0 n\u1ed9i, cung tr\u1ee3 l\u1ef1c, cung compound, cung t\u00ean ch\u00ednh h\u00e3ng, cung t\u00ean m\u1ea1nh,cung t\u00ean h\u00e0 n\u1ed9i, cung t\u00ean , mua cung t\u00ean S\u00e0i g\u00f2n , mua m\u0169i t\u00ean b\u1eafn cung , cung b\u1eafn bi s\u1eaft , cung t\u00ean mini","breadcrumb":{"@id":"https:\/\/cungtenhanoi.com\/?product=daibow-acuity#breadcrumb"},"inLanguage":"vi","potentialAction":[{"@type":"ReadAction","target":["https:\/\/cungtenhanoi.com\/?product=daibow-acuity"]}]},{"@type":"BreadcrumbList","@id":"https:\/\/cungtenhanoi.com\/?product=daibow-acuity#breadcrumb","itemListElement":[{"@type":"ListItem","position":1,"name":"Trang ch\u1ee7","item":"https:\/\/cungtenhanoi.com\/"},{"@type":"ListItem","position":2,"name":"Shop","item":"https:\/\/cungtenhanoi.com\/?page_id=6"},{"@type":"ListItem","position":3,"name":"Cung","item":"https:\/\/cungtenhanoi.com\/danh-muc\/cung\/"},{"@type":"ListItem","position":4,"name":"DAIBOW ACUITY"}]},{"@type":"WebSite","@id":"https:\/\/cungtenhanoi.com\/#website","url":"https:\/\/cungtenhanoi.com\/","name":"Cung T\u00ean H\u00e0 N\u1ed9i","description":"Cung c\u1ea5p c\u00e1c lo\u1ea1i cung t\u00ean th\u1ec3 thao s\u1ed1 1 Vi\u1ec7t Nam","publisher":{"@id":"https:\/\/cungtenhanoi.com\/#organization"},"potentialAction":[{"@type":"SearchAction","target":{"@type":"EntryPoint","urlTemplate":"https:\/\/cungtenhanoi.com\/?s={search_term_string}"},"query-input":"required name=search_term_string"}],"inLanguage":"vi"},{"@type":"Organization","@id":"https:\/\/cungtenhanoi.com\/#organization","name":"Cung T\u00ean H\u00e0 N\u1ed9i","url":"https:\/\/cungtenhanoi.com\/","sameAs":[],"logo":{"@type":"ImageObject","inLanguage":"vi","@id":"https:\/\/cungtenhanoi.com\/#\/schema\/logo\/image\/","url":"https:\/\/cungtenhanoi.com\/wp-content\/uploads\/2025\/05\/logo-den-trang.jpg","contentUrl":"https:\/\/cungtenhanoi.com\/wp-content\/uploads\/2025\/05\/logo-den-trang.jpg","width":450,"height":450,"caption":"Cung T\u00ean H\u00e0 N\u1ed9i"},"image":{"@id":"https:\/\/cungtenhanoi.com\/#\/schema\/logo\/image\/"}}]}},"_links":{"self":[{"href":"https:\/\/cungtenhanoi.com\/index.php?rest_route=\/wp\/v2\/product\/1563"}],"collection":[{"href":"https:\/\/cungtenhanoi.com\/index.php?rest_route=\/wp\/v2\/product"}],"about":[{"href":"https:\/\/cungtenhanoi.com\/index.php?rest_route=\/wp\/v2\/types\/product"}],"replies":[{"embeddable":true,"href":"https:\/\/cungtenhanoi.com\/index.php?rest_route=%2Fwp%2Fv2%2Fcomments&post=1563"}],"wp:featuredmedia":[{"embeddable":true,"href":"https:\/\/cungtenhanoi.com\/index.php?rest_route=\/wp\/v2\/media\/1580"}],"wp:attachment":[{"href":"https:\/\/cungtenhanoi.com\/index.php?rest_route=%2Fwp%2Fv2%2Fmedia&parent=1563"}],"wp:term":[{"taxonomy":"product_cat","embeddable":true,"href":"https:\/\/cungtenhanoi.com\/index.php?rest_route=%2Fwp%2Fv2%2Fproduct_cat&post=1563"},{"taxonomy":"product_tag","embeddable":true,"href":"https:\/\/cungtenhanoi.com\/index.php?rest_route=%2Fwp%2Fv2%2Fproduct_tag&post=1563"}],"curies":[{"name":"wp","href":"https:\/\/api.w.org\/{rel}","templated":true}]}}