{"id":15651,"date":"2023-05-04T02:53:32","date_gmt":"2023-05-03T19:53:32","guid":{"rendered":"https:\/\/cungtenhanoi.com\/?post_type=product&#038;p=15651"},"modified":"2025-05-08T14:35:59","modified_gmt":"2025-05-08T07:35:59","slug":"nhan-da","status":"publish","type":"product","link":"https:\/\/cungtenhanoi.com\/?product=nhan-da","title":{"rendered":"Nh\u1eabn da"},"content":{"rendered":"<p style=\"text-align: center;\">Nh\u1eabn da b\u1eafn cung truy\u1ec1n th\u1ed1ng<br \/>\nFree size<br \/>\nDa b\u00f2<br \/>\n<img loading=\"lazy\" class=\"aligncenter  wp-image-15652\" src=\"https:\/\/cungtenhanoi.com\/wp-content\/uploads\/2023\/05\/ED71E6CB-A101-47D8-82D1-4055443F2457.jpeg\" alt=\"\" width=\"450\" height=\"600\" srcset=\"https:\/\/cungtenhanoi.com\/wp-content\/uploads\/2023\/05\/ED71E6CB-A101-47D8-82D1-4055443F2457.jpeg 800w, https:\/\/cungtenhanoi.com\/wp-content\/uploads\/2023\/05\/ED71E6CB-A101-47D8-82D1-4055443F2457-300x400.jpeg 300w, https:\/\/cungtenhanoi.com\/wp-content\/uploads\/2023\/05\/ED71E6CB-A101-47D8-82D1-4055443F2457-600x800.jpeg 600w, https:\/\/cungtenhanoi.com\/wp-content\/uploads\/2023\/05\/ED71E6CB-A101-47D8-82D1-4055443F2457-768x1024.jpeg 768w, https:\/\/cungtenhanoi.com\/wp-content\/uploads\/2023\/05\/ED71E6CB-A101-47D8-82D1-4055443F2457-64x85.jpeg 64w\" sizes=\"(max-width: 450px) 100vw, 450px\" \/><\/p>\n<p><img loading=\"lazy\" class=\"aligncenter  wp-image-15653\" src=\"https:\/\/cungtenhanoi.com\/wp-content\/uploads\/2023\/05\/0A9BBC71-4235-4B65-89DE-0060134B492F.jpeg\" alt=\"\" width=\"463\" height=\"618\" srcset=\"https:\/\/cungtenhanoi.com\/wp-content\/uploads\/2023\/05\/0A9BBC71-4235-4B65-89DE-0060134B492F.jpeg 800w, https:\/\/cungtenhanoi.com\/wp-content\/uploads\/2023\/05\/0A9BBC71-4235-4B65-89DE-0060134B492F-300x400.jpeg 300w, https:\/\/cungtenhanoi.com\/wp-content\/uploads\/2023\/05\/0A9BBC71-4235-4B65-89DE-0060134B492F-600x800.jpeg 600w, https:\/\/cungtenhanoi.com\/wp-content\/uploads\/2023\/05\/0A9BBC71-4235-4B65-89DE-0060134B492F-768x1024.jpeg 768w, https:\/\/cungtenhanoi.com\/wp-content\/uploads\/2023\/05\/0A9BBC71-4235-4B65-89DE-0060134B492F-64x85.jpeg 64w\" sizes=\"(max-width: 463px) 100vw, 463px\" \/><\/p>\n<p><img loading=\"lazy\" class=\"aligncenter  wp-image-15654\" src=\"https:\/\/cungtenhanoi.com\/wp-content\/uploads\/2023\/05\/C76B3F0E-D07E-499D-AF01-4F3F99FBE766.jpeg\" alt=\"\" width=\"483\" height=\"533\" srcset=\"https:\/\/cungtenhanoi.com\/wp-content\/uploads\/2023\/05\/C76B3F0E-D07E-499D-AF01-4F3F99FBE766.jpeg 750w, https:\/\/cungtenhanoi.com\/wp-content\/uploads\/2023\/05\/C76B3F0E-D07E-499D-AF01-4F3F99FBE766-363x400.jpeg 363w, https:\/\/cungtenhanoi.com\/wp-content\/uploads\/2023\/05\/C76B3F0E-D07E-499D-AF01-4F3F99FBE766-726x800.jpeg 726w, https:\/\/cungtenhanoi.com\/wp-content\/uploads\/2023\/05\/C76B3F0E-D07E-499D-AF01-4F3F99FBE766-600x662.jpeg 600w, https:\/\/cungtenhanoi.com\/wp-content\/uploads\/2023\/05\/C76B3F0E-D07E-499D-AF01-4F3F99FBE766-64x71.jpeg 64w\" sizes=\"(max-width: 483px) 100vw, 483px\" \/><\/p>\n","protected":false},"excerpt":{"rendered":"<p>Nh\u1eabn da b\u1eafn cung truy\u1ec1n th\u1ed1ng Free size Da b\u00f2<\/p>\n","protected":false},"featured_media":15652,"comment_status":"open","ping_status":"closed","template":"","meta":[],"product_cat":[20],"product_tag":[198,257,315,1335],"acf":[],"yoast_head":"<!-- This site is optimized with the Yoast SEO plugin v19.8 - https:\/\/yoast.com\/wordpress\/plugins\/seo\/ -->\n<title>Nh\u1eabn da - Cung T\u00ean H\u00e0 N\u1ed9i<\/title>\n<meta name=\"description\" content=\"Mua cung t\u00ean, Mua cung t\u00ean th\u1ec3 thao, Mua cung t\u00ean H\u00e0 N\u1ed9i, Mua cung t\u00ean ch\u00ednh h\u00e3ng, Mua cung t\u00ean S\u00e0i g\u00f2n, Cung t\u00ean truy\u1ec1n th\u1ed1ng, Cung tr\u1ee3 l\u1ef1c, Cung 3 d\u00e2y, Cung compound, Cung 1 d\u00e2y, Cung recurve, B\u1eafn cung, Ph\u1ee5 ki\u1ec7n b\u1eafn cung, Mua m\u0169i t\u00ean b\u1eafn cung, nh\u1eabn b\u1eafn cung , nh\u1eabn da\" \/>\n<meta name=\"robots\" content=\"index, follow, max-snippet:-1, max-image-preview:large, max-video-preview:-1\" \/>\n<link rel=\"canonical\" href=\"https:\/\/cungtenhanoi.com\/?product=nhan-da\" \/>\n<meta property=\"og:locale\" content=\"vi_VN\" \/>\n<meta property=\"og:type\" content=\"article\" \/>\n<meta property=\"og:title\" content=\"Nh\u1eabn da - Cung T\u00ean H\u00e0 N\u1ed9i\" \/>\n<meta property=\"og:description\" content=\"Mua cung t\u00ean, Mua cung t\u00ean th\u1ec3 thao, Mua cung t\u00ean H\u00e0 N\u1ed9i, Mua cung t\u00ean ch\u00ednh h\u00e3ng, Mua cung t\u00ean S\u00e0i g\u00f2n, Cung t\u00ean truy\u1ec1n th\u1ed1ng, Cung tr\u1ee3 l\u1ef1c, Cung 3 d\u00e2y, Cung compound, Cung 1 d\u00e2y, Cung recurve, B\u1eafn cung, Ph\u1ee5 ki\u1ec7n b\u1eafn cung, Mua m\u0169i t\u00ean b\u1eafn cung, nh\u1eabn b\u1eafn cung , nh\u1eabn da\" \/>\n<meta property=\"og:url\" content=\"https:\/\/cungtenhanoi.com\/?product=nhan-da\" \/>\n<meta property=\"og:site_name\" content=\"Cung T\u00ean H\u00e0 N\u1ed9i\" \/>\n<meta property=\"article:modified_time\" content=\"2025-05-08T07:35:59+00:00\" \/>\n<meta property=\"og:image\" content=\"https:\/\/cungtenhanoi.com\/wp-content\/uploads\/2023\/05\/ED71E6CB-A101-47D8-82D1-4055443F2457.jpeg\" \/>\n\t<meta property=\"og:image:width\" content=\"800\" \/>\n\t<meta property=\"og:image:height\" content=\"1067\" \/>\n\t<meta property=\"og:image:type\" content=\"image\/jpeg\" \/>\n<meta name=\"twitter:card\" content=\"summary_large_image\" \/>\n<meta name=\"twitter:label1\" content=\"\u01af\u1edbc t\u00ednh th\u1eddi gian \u0111\u1ecdc\" \/>\n\t<meta name=\"twitter:data1\" content=\"1 ph\u00fat\" \/>\n<script type=\"application\/ld+json\" class=\"yoast-schema-graph\">{\"@context\":\"https:\/\/schema.org\",\"@graph\":[{\"@type\":\"WebPage\",\"@id\":\"https:\/\/cungtenhanoi.com\/?product=nhan-da\",\"url\":\"https:\/\/cungtenhanoi.com\/?product=nhan-da\",\"name\":\"Nh\u1eabn da - Cung T\u00ean H\u00e0 N\u1ed9i\",\"isPartOf\":{\"@id\":\"https:\/\/cungtenhanoi.com\/#website\"},\"datePublished\":\"2023-05-03T19:53:32+00:00\",\"dateModified\":\"2025-05-08T07:35:59+00:00\",\"description\":\"Mua cung t\u00ean, Mua cung t\u00ean th\u1ec3 thao, Mua cung t\u00ean H\u00e0 N\u1ed9i, Mua cung t\u00ean ch\u00ednh h\u00e3ng, Mua cung t\u00ean S\u00e0i g\u00f2n, Cung t\u00ean truy\u1ec1n th\u1ed1ng, Cung tr\u1ee3 l\u1ef1c, Cung 3 d\u00e2y, Cung compound, Cung 1 d\u00e2y, Cung recurve, B\u1eafn cung, Ph\u1ee5 ki\u1ec7n b\u1eafn cung, Mua m\u0169i t\u00ean b\u1eafn cung, nh\u1eabn b\u1eafn cung , nh\u1eabn da\",\"breadcrumb\":{\"@id\":\"https:\/\/cungtenhanoi.com\/?product=nhan-da#breadcrumb\"},\"inLanguage\":\"vi\",\"potentialAction\":[{\"@type\":\"ReadAction\",\"target\":[\"https:\/\/cungtenhanoi.com\/?product=nhan-da\"]}]},{\"@type\":\"BreadcrumbList\",\"@id\":\"https:\/\/cungtenhanoi.com\/?product=nhan-da#breadcrumb\",\"itemListElement\":[{\"@type\":\"ListItem\",\"position\":1,\"name\":\"Trang ch\u1ee7\",\"item\":\"https:\/\/cungtenhanoi.com\/\"},{\"@type\":\"ListItem\",\"position\":2,\"name\":\"Shop\",\"item\":\"https:\/\/cungtenhanoi.com\/?page_id=6\"},{\"@type\":\"ListItem\",\"position\":3,\"name\":\"Ph\u1ee5 ki\u1ec7n\",\"item\":\"https:\/\/cungtenhanoi.com\/danh-muc\/phu-kien\/\"},{\"@type\":\"ListItem\",\"position\":4,\"name\":\"Nh\u1eabn da\"}]},{\"@type\":\"WebSite\",\"@id\":\"https:\/\/cungtenhanoi.com\/#website\",\"url\":\"https:\/\/cungtenhanoi.com\/\",\"name\":\"Cung T\u00ean H\u00e0 N\u1ed9i\",\"description\":\"Cung c\u1ea5p c\u00e1c lo\u1ea1i cung t\u00ean th\u1ec3 thao s\u1ed1 1 Vi\u1ec7t Nam\",\"publisher\":{\"@id\":\"https:\/\/cungtenhanoi.com\/#organization\"},\"potentialAction\":[{\"@type\":\"SearchAction\",\"target\":{\"@type\":\"EntryPoint\",\"urlTemplate\":\"https:\/\/cungtenhanoi.com\/?s={search_term_string}\"},\"query-input\":\"required name=search_term_string\"}],\"inLanguage\":\"vi\"},{\"@type\":\"Organization\",\"@id\":\"https:\/\/cungtenhanoi.com\/#organization\",\"name\":\"Cung T\u00ean H\u00e0 N\u1ed9i\",\"url\":\"https:\/\/cungtenhanoi.com\/\",\"sameAs\":[],\"logo\":{\"@type\":\"ImageObject\",\"inLanguage\":\"vi\",\"@id\":\"https:\/\/cungtenhanoi.com\/#\/schema\/logo\/image\/\",\"url\":\"https:\/\/cungtenhanoi.com\/wp-content\/uploads\/2025\/05\/logo-den-trang.jpg\",\"contentUrl\":\"https:\/\/cungtenhanoi.com\/wp-content\/uploads\/2025\/05\/logo-den-trang.jpg\",\"width\":450,\"height\":450,\"caption\":\"Cung T\u00ean H\u00e0 N\u1ed9i\"},\"image\":{\"@id\":\"https:\/\/cungtenhanoi.com\/#\/schema\/logo\/image\/\"}}]}<\/script>\n<!-- \/ Yoast SEO plugin. -->","yoast_head_json":{"title":"Nh\u1eabn da - Cung T\u00ean H\u00e0 N\u1ed9i","description":"Mua cung t\u00ean, Mua cung t\u00ean th\u1ec3 thao, Mua cung t\u00ean H\u00e0 N\u1ed9i, Mua cung t\u00ean ch\u00ednh h\u00e3ng, Mua cung t\u00ean S\u00e0i g\u00f2n, Cung t\u00ean truy\u1ec1n th\u1ed1ng, Cung tr\u1ee3 l\u1ef1c, Cung 3 d\u00e2y, Cung compound, Cung 1 d\u00e2y, Cung recurve, B\u1eafn cung, Ph\u1ee5 ki\u1ec7n b\u1eafn cung, Mua m\u0169i t\u00ean b\u1eafn cung, nh\u1eabn b\u1eafn cung , nh\u1eabn da","robots":{"index":"index","follow":"follow","max-snippet":"max-snippet:-1","max-image-preview":"max-image-preview:large","max-video-preview":"max-video-preview:-1"},"canonical":"https:\/\/cungtenhanoi.com\/?product=nhan-da","og_locale":"vi_VN","og_type":"article","og_title":"Nh\u1eabn da - Cung T\u00ean H\u00e0 N\u1ed9i","og_description":"Mua cung t\u00ean, Mua cung t\u00ean th\u1ec3 thao, Mua cung t\u00ean H\u00e0 N\u1ed9i, Mua cung t\u00ean ch\u00ednh h\u00e3ng, Mua cung t\u00ean S\u00e0i g\u00f2n, Cung t\u00ean truy\u1ec1n th\u1ed1ng, Cung tr\u1ee3 l\u1ef1c, Cung 3 d\u00e2y, Cung compound, Cung 1 d\u00e2y, Cung recurve, B\u1eafn cung, Ph\u1ee5 ki\u1ec7n b\u1eafn cung, Mua m\u0169i t\u00ean b\u1eafn cung, nh\u1eabn b\u1eafn cung , nh\u1eabn da","og_url":"https:\/\/cungtenhanoi.com\/?product=nhan-da","og_site_name":"Cung T\u00ean H\u00e0 N\u1ed9i","article_modified_time":"2025-05-08T07:35:59+00:00","og_image":[{"width":800,"height":1067,"url":"https:\/\/cungtenhanoi.com\/wp-content\/uploads\/2023\/05\/ED71E6CB-A101-47D8-82D1-4055443F2457.jpeg","type":"image\/jpeg"}],"twitter_card":"summary_large_image","twitter_misc":{"\u01af\u1edbc t\u00ednh th\u1eddi gian \u0111\u1ecdc":"1 ph\u00fat"},"schema":{"@context":"https:\/\/schema.org","@graph":[{"@type":"WebPage","@id":"https:\/\/cungtenhanoi.com\/?product=nhan-da","url":"https:\/\/cungtenhanoi.com\/?product=nhan-da","name":"Nh\u1eabn da - Cung T\u00ean H\u00e0 N\u1ed9i","isPartOf":{"@id":"https:\/\/cungtenhanoi.com\/#website"},"datePublished":"2023-05-03T19:53:32+00:00","dateModified":"2025-05-08T07:35:59+00:00","description":"Mua cung t\u00ean, Mua cung t\u00ean th\u1ec3 thao, Mua cung t\u00ean H\u00e0 N\u1ed9i, Mua cung t\u00ean ch\u00ednh h\u00e3ng, Mua cung t\u00ean S\u00e0i g\u00f2n, Cung t\u00ean truy\u1ec1n th\u1ed1ng, Cung tr\u1ee3 l\u1ef1c, Cung 3 d\u00e2y, Cung compound, Cung 1 d\u00e2y, Cung recurve, B\u1eafn cung, Ph\u1ee5 ki\u1ec7n b\u1eafn cung, Mua m\u0169i t\u00ean b\u1eafn cung, nh\u1eabn b\u1eafn cung , nh\u1eabn da","breadcrumb":{"@id":"https:\/\/cungtenhanoi.com\/?product=nhan-da#breadcrumb"},"inLanguage":"vi","potentialAction":[{"@type":"ReadAction","target":["https:\/\/cungtenhanoi.com\/?product=nhan-da"]}]},{"@type":"BreadcrumbList","@id":"https:\/\/cungtenhanoi.com\/?product=nhan-da#breadcrumb","itemListElement":[{"@type":"ListItem","position":1,"name":"Trang ch\u1ee7","item":"https:\/\/cungtenhanoi.com\/"},{"@type":"ListItem","position":2,"name":"Shop","item":"https:\/\/cungtenhanoi.com\/?page_id=6"},{"@type":"ListItem","position":3,"name":"Ph\u1ee5 ki\u1ec7n","item":"https:\/\/cungtenhanoi.com\/danh-muc\/phu-kien\/"},{"@type":"ListItem","position":4,"name":"Nh\u1eabn da"}]},{"@type":"WebSite","@id":"https:\/\/cungtenhanoi.com\/#website","url":"https:\/\/cungtenhanoi.com\/","name":"Cung T\u00ean H\u00e0 N\u1ed9i","description":"Cung c\u1ea5p c\u00e1c lo\u1ea1i cung t\u00ean th\u1ec3 thao s\u1ed1 1 Vi\u1ec7t Nam","publisher":{"@id":"https:\/\/cungtenhanoi.com\/#organization"},"potentialAction":[{"@type":"SearchAction","target":{"@type":"EntryPoint","urlTemplate":"https:\/\/cungtenhanoi.com\/?s={search_term_string}"},"query-input":"required name=search_term_string"}],"inLanguage":"vi"},{"@type":"Organization","@id":"https:\/\/cungtenhanoi.com\/#organization","name":"Cung T\u00ean H\u00e0 N\u1ed9i","url":"https:\/\/cungtenhanoi.com\/","sameAs":[],"logo":{"@type":"ImageObject","inLanguage":"vi","@id":"https:\/\/cungtenhanoi.com\/#\/schema\/logo\/image\/","url":"https:\/\/cungtenhanoi.com\/wp-content\/uploads\/2025\/05\/logo-den-trang.jpg","contentUrl":"https:\/\/cungtenhanoi.com\/wp-content\/uploads\/2025\/05\/logo-den-trang.jpg","width":450,"height":450,"caption":"Cung T\u00ean H\u00e0 N\u1ed9i"},"image":{"@id":"https:\/\/cungtenhanoi.com\/#\/schema\/logo\/image\/"}}]}},"_links":{"self":[{"href":"https:\/\/cungtenhanoi.com\/index.php?rest_route=\/wp\/v2\/product\/15651"}],"collection":[{"href":"https:\/\/cungtenhanoi.com\/index.php?rest_route=\/wp\/v2\/product"}],"about":[{"href":"https:\/\/cungtenhanoi.com\/index.php?rest_route=\/wp\/v2\/types\/product"}],"replies":[{"embeddable":true,"href":"https:\/\/cungtenhanoi.com\/index.php?rest_route=%2Fwp%2Fv2%2Fcomments&post=15651"}],"wp:featuredmedia":[{"embeddable":true,"href":"https:\/\/cungtenhanoi.com\/index.php?rest_route=\/wp\/v2\/media\/15652"}],"wp:attachment":[{"href":"https:\/\/cungtenhanoi.com\/index.php?rest_route=%2Fwp%2Fv2%2Fmedia&parent=15651"}],"wp:term":[{"taxonomy":"product_cat","embeddable":true,"href":"https:\/\/cungtenhanoi.com\/index.php?rest_route=%2Fwp%2Fv2%2Fproduct_cat&post=15651"},{"taxonomy":"product_tag","embeddable":true,"href":"https:\/\/cungtenhanoi.com\/index.php?rest_route=%2Fwp%2Fv2%2Fproduct_tag&post=15651"}],"curies":[{"name":"wp","href":"https:\/\/api.w.org\/{rel}","templated":true}]}}