{"id":15756,"date":"2024-01-08T12:02:03","date_gmt":"2024-01-08T05:02:03","guid":{"rendered":"https:\/\/cungtenhanoi.com\/?post_type=product&#038;p=15756"},"modified":"2025-05-08T14:20:09","modified_gmt":"2025-05-08T07:20:09","slug":"cung-tho-octtoman-oct2200","status":"publish","type":"product","link":"https:\/\/cungtenhanoi.com\/?product=cung-tho-octtoman-oct2200","title":{"rendered":"Cung Th\u1ed5 &#8211; Octtoman &#8211; OCT2200"},"content":{"rendered":"<p style=\"text-align: center;\">Ch\u1ea5t Li\u1ec7u : G\u1ed7 \u0111\u00e0n h\u01b0\u01a1ng v\u00e0ng + \u00f3c ch\u00f3 + Fiber ch\u1ecbu l\u1ef1c + foarm<\/p>\n<p style=\"text-align: center;\">Chi\u1ec1u d\u00e0i : 114cm<\/p>\n<p style=\"text-align: center;\">S\u1ea3i k\u00e9o : 32 inh<\/p>\n<p style=\"text-align: center;\">L\u1ef1c b\u1eafn : 20-50lbs<\/p>\n<p style=\"text-align: center;\">H\u00e0ng oder 10-15 ng\u00e0y theo m\u00e0u v\u00e0 l\u1ef1c b\u1eafn<\/p>\n<p style=\"text-align: center;\">Cung Octtoman l\u00e0 cung m\u1ea1nh nh\u1ea5t trong l\u1ecbch s\u1eed chi\u1ebfn tranh c\u1ed5 \u0111\u1ea1i, \u0111\u00e2y l\u00e0 v\u0169 kh\u00ed mang \u0111\u1ebfn s\u1ef1 th\u1ed1ng tr\u1ecb c\u1ee7a \u0111\u1ebf ch\u1ebf Octtoman trong l\u1ecbch s\u1eed h\u01a1n 600 n\u0103m.<\/p>\n<p style=\"text-align: center;\">Ph\u00f9 h\u1ee3p v\u1edbi b\u1eafn gi\u1ea3i tr\u00ed, th\u1ec3 thao, tr\u01b0ng b\u00e0y, ch\u1ee5p \u1ea3nh, c\u01b0\u1ee1i ng\u1ef1a b\u1eafn cung. Mu\u1ed1n tr\u1ea3i nghi\u1ec7m c\u1ea3m gi\u00e1c ch\u00e2n th\u1ef1c nh\u1ea5t c\u1ee7a b\u1eafn cung s\u01a1 khai.<\/p>\n<p><img loading=\"lazy\" class=\"aligncenter wp-image-15757 size-large\" src=\"https:\/\/cungtenhanoi.com\/wp-content\/uploads\/2024\/01\/FB946EC3-CC55-4F06-B047-D43B85419FDB-800x800.jpeg\" alt=\"\" width=\"800\" height=\"800\" srcset=\"https:\/\/cungtenhanoi.com\/wp-content\/uploads\/2024\/01\/FB946EC3-CC55-4F06-B047-D43B85419FDB-800x800.jpeg 800w, https:\/\/cungtenhanoi.com\/wp-content\/uploads\/2024\/01\/FB946EC3-CC55-4F06-B047-D43B85419FDB-400x400.jpeg 400w, https:\/\/cungtenhanoi.com\/wp-content\/uploads\/2024\/01\/FB946EC3-CC55-4F06-B047-D43B85419FDB-280x280.jpeg 280w, https:\/\/cungtenhanoi.com\/wp-content\/uploads\/2024\/01\/FB946EC3-CC55-4F06-B047-D43B85419FDB-768x768.jpeg 768w, https:\/\/cungtenhanoi.com\/wp-content\/uploads\/2024\/01\/FB946EC3-CC55-4F06-B047-D43B85419FDB-45x45.jpeg 45w, https:\/\/cungtenhanoi.com\/wp-content\/uploads\/2024\/01\/FB946EC3-CC55-4F06-B047-D43B85419FDB-300x300.jpeg 300w, https:\/\/cungtenhanoi.com\/wp-content\/uploads\/2024\/01\/FB946EC3-CC55-4F06-B047-D43B85419FDB-600x600.jpeg 600w, https:\/\/cungtenhanoi.com\/wp-content\/uploads\/2024\/01\/FB946EC3-CC55-4F06-B047-D43B85419FDB-100x100.jpeg 100w, https:\/\/cungtenhanoi.com\/wp-content\/uploads\/2024\/01\/FB946EC3-CC55-4F06-B047-D43B85419FDB-64x64.jpeg 64w, https:\/\/cungtenhanoi.com\/wp-content\/uploads\/2024\/01\/FB946EC3-CC55-4F06-B047-D43B85419FDB.jpeg 1200w\" sizes=\"(max-width: 800px) 100vw, 800px\" \/> <img loading=\"lazy\" class=\"aligncenter wp-image-15758 \" src=\"https:\/\/cungtenhanoi.com\/wp-content\/uploads\/2024\/01\/136CEB49-8FC2-4B9F-813F-414B01216779-924x800.jpeg\" alt=\"\" width=\"804\" height=\"696\" srcset=\"https:\/\/cungtenhanoi.com\/wp-content\/uploads\/2024\/01\/136CEB49-8FC2-4B9F-813F-414B01216779-924x800.jpeg 924w, https:\/\/cungtenhanoi.com\/wp-content\/uploads\/2024\/01\/136CEB49-8FC2-4B9F-813F-414B01216779-462x400.jpeg 462w, https:\/\/cungtenhanoi.com\/wp-content\/uploads\/2024\/01\/136CEB49-8FC2-4B9F-813F-414B01216779-768x665.jpeg 768w, https:\/\/cungtenhanoi.com\/wp-content\/uploads\/2024\/01\/136CEB49-8FC2-4B9F-813F-414B01216779-600x520.jpeg 600w, https:\/\/cungtenhanoi.com\/wp-content\/uploads\/2024\/01\/136CEB49-8FC2-4B9F-813F-414B01216779-64x55.jpeg 64w, https:\/\/cungtenhanoi.com\/wp-content\/uploads\/2024\/01\/136CEB49-8FC2-4B9F-813F-414B01216779.jpeg 1515w\" sizes=\"(max-width: 804px) 100vw, 804px\" \/> <img loading=\"lazy\" class=\"aligncenter  wp-image-15759\" src=\"https:\/\/cungtenhanoi.com\/wp-content\/uploads\/2024\/01\/43A78340-1DC9-44AE-8132-0A9B1B39B6FE.jpeg\" alt=\"\" width=\"807\" height=\"440\" srcset=\"https:\/\/cungtenhanoi.com\/wp-content\/uploads\/2024\/01\/43A78340-1DC9-44AE-8132-0A9B1B39B6FE.jpeg 2200w, https:\/\/cungtenhanoi.com\/wp-content\/uploads\/2024\/01\/43A78340-1DC9-44AE-8132-0A9B1B39B6FE-733x400.jpeg 733w, https:\/\/cungtenhanoi.com\/wp-content\/uploads\/2024\/01\/43A78340-1DC9-44AE-8132-0A9B1B39B6FE-1400x764.jpeg 1400w, https:\/\/cungtenhanoi.com\/wp-content\/uploads\/2024\/01\/43A78340-1DC9-44AE-8132-0A9B1B39B6FE-768x419.jpeg 768w, https:\/\/cungtenhanoi.com\/wp-content\/uploads\/2024\/01\/43A78340-1DC9-44AE-8132-0A9B1B39B6FE-1536x838.jpeg 1536w, https:\/\/cungtenhanoi.com\/wp-content\/uploads\/2024\/01\/43A78340-1DC9-44AE-8132-0A9B1B39B6FE-2048x1117.jpeg 2048w, https:\/\/cungtenhanoi.com\/wp-content\/uploads\/2024\/01\/43A78340-1DC9-44AE-8132-0A9B1B39B6FE-600x327.jpeg 600w, https:\/\/cungtenhanoi.com\/wp-content\/uploads\/2024\/01\/43A78340-1DC9-44AE-8132-0A9B1B39B6FE-64x35.jpeg 64w\" sizes=\"(max-width: 807px) 100vw, 807px\" \/> <img loading=\"lazy\" class=\"aligncenter  wp-image-15760\" src=\"https:\/\/cungtenhanoi.com\/wp-content\/uploads\/2024\/01\/F008E94C-4F28-461C-BC20-EAD38A6F85AA-scaled.jpeg\" alt=\"\" width=\"802\" height=\"497\" srcset=\"https:\/\/cungtenhanoi.com\/wp-content\/uploads\/2024\/01\/F008E94C-4F28-461C-BC20-EAD38A6F85AA-scaled.jpeg 2560w, https:\/\/cungtenhanoi.com\/wp-content\/uploads\/2024\/01\/F008E94C-4F28-461C-BC20-EAD38A6F85AA-645x400.jpeg 645w, https:\/\/cungtenhanoi.com\/wp-content\/uploads\/2024\/01\/F008E94C-4F28-461C-BC20-EAD38A6F85AA-1291x800.jpeg 1291w, https:\/\/cungtenhanoi.com\/wp-content\/uploads\/2024\/01\/F008E94C-4F28-461C-BC20-EAD38A6F85AA-768x476.jpeg 768w, https:\/\/cungtenhanoi.com\/wp-content\/uploads\/2024\/01\/F008E94C-4F28-461C-BC20-EAD38A6F85AA-1536x952.jpeg 1536w, https:\/\/cungtenhanoi.com\/wp-content\/uploads\/2024\/01\/F008E94C-4F28-461C-BC20-EAD38A6F85AA-2048x1270.jpeg 2048w, https:\/\/cungtenhanoi.com\/wp-content\/uploads\/2024\/01\/F008E94C-4F28-461C-BC20-EAD38A6F85AA-600x372.jpeg 600w, https:\/\/cungtenhanoi.com\/wp-content\/uploads\/2024\/01\/F008E94C-4F28-461C-BC20-EAD38A6F85AA-64x40.jpeg 64w\" sizes=\"(max-width: 802px) 100vw, 802px\" \/> <img loading=\"lazy\" class=\"aligncenter  wp-image-15761\" src=\"https:\/\/cungtenhanoi.com\/wp-content\/uploads\/2024\/01\/767B1EAA-1C6D-42BB-A055-DB129D6CC05E.jpeg\" alt=\"\" width=\"799\" height=\"799\" srcset=\"https:\/\/cungtenhanoi.com\/wp-content\/uploads\/2024\/01\/767B1EAA-1C6D-42BB-A055-DB129D6CC05E.jpeg 2000w, https:\/\/cungtenhanoi.com\/wp-content\/uploads\/2024\/01\/767B1EAA-1C6D-42BB-A055-DB129D6CC05E-400x400.jpeg 400w, https:\/\/cungtenhanoi.com\/wp-content\/uploads\/2024\/01\/767B1EAA-1C6D-42BB-A055-DB129D6CC05E-800x800.jpeg 800w, https:\/\/cungtenhanoi.com\/wp-content\/uploads\/2024\/01\/767B1EAA-1C6D-42BB-A055-DB129D6CC05E-280x280.jpeg 280w, https:\/\/cungtenhanoi.com\/wp-content\/uploads\/2024\/01\/767B1EAA-1C6D-42BB-A055-DB129D6CC05E-768x768.jpeg 768w, https:\/\/cungtenhanoi.com\/wp-content\/uploads\/2024\/01\/767B1EAA-1C6D-42BB-A055-DB129D6CC05E-1536x1536.jpeg 1536w, https:\/\/cungtenhanoi.com\/wp-content\/uploads\/2024\/01\/767B1EAA-1C6D-42BB-A055-DB129D6CC05E-45x45.jpeg 45w, https:\/\/cungtenhanoi.com\/wp-content\/uploads\/2024\/01\/767B1EAA-1C6D-42BB-A055-DB129D6CC05E-300x300.jpeg 300w, https:\/\/cungtenhanoi.com\/wp-content\/uploads\/2024\/01\/767B1EAA-1C6D-42BB-A055-DB129D6CC05E-600x600.jpeg 600w, https:\/\/cungtenhanoi.com\/wp-content\/uploads\/2024\/01\/767B1EAA-1C6D-42BB-A055-DB129D6CC05E-100x100.jpeg 100w, https:\/\/cungtenhanoi.com\/wp-content\/uploads\/2024\/01\/767B1EAA-1C6D-42BB-A055-DB129D6CC05E-64x64.jpeg 64w\" sizes=\"(max-width: 799px) 100vw, 799px\" \/> <img loading=\"lazy\" class=\"aligncenter  wp-image-15762\" src=\"https:\/\/cungtenhanoi.com\/wp-content\/uploads\/2024\/01\/F3AACB95-BB71-4C14-A90C-57004D98C028.jpeg\" alt=\"\" width=\"802\" height=\"802\" srcset=\"https:\/\/cungtenhanoi.com\/wp-content\/uploads\/2024\/01\/F3AACB95-BB71-4C14-A90C-57004D98C028.jpeg 2000w, https:\/\/cungtenhanoi.com\/wp-content\/uploads\/2024\/01\/F3AACB95-BB71-4C14-A90C-57004D98C028-400x400.jpeg 400w, https:\/\/cungtenhanoi.com\/wp-content\/uploads\/2024\/01\/F3AACB95-BB71-4C14-A90C-57004D98C028-800x800.jpeg 800w, https:\/\/cungtenhanoi.com\/wp-content\/uploads\/2024\/01\/F3AACB95-BB71-4C14-A90C-57004D98C028-280x280.jpeg 280w, https:\/\/cungtenhanoi.com\/wp-content\/uploads\/2024\/01\/F3AACB95-BB71-4C14-A90C-57004D98C028-768x768.jpeg 768w, https:\/\/cungtenhanoi.com\/wp-content\/uploads\/2024\/01\/F3AACB95-BB71-4C14-A90C-57004D98C028-1536x1536.jpeg 1536w, https:\/\/cungtenhanoi.com\/wp-content\/uploads\/2024\/01\/F3AACB95-BB71-4C14-A90C-57004D98C028-45x45.jpeg 45w, https:\/\/cungtenhanoi.com\/wp-content\/uploads\/2024\/01\/F3AACB95-BB71-4C14-A90C-57004D98C028-300x300.jpeg 300w, https:\/\/cungtenhanoi.com\/wp-content\/uploads\/2024\/01\/F3AACB95-BB71-4C14-A90C-57004D98C028-600x600.jpeg 600w, https:\/\/cungtenhanoi.com\/wp-content\/uploads\/2024\/01\/F3AACB95-BB71-4C14-A90C-57004D98C028-100x100.jpeg 100w, https:\/\/cungtenhanoi.com\/wp-content\/uploads\/2024\/01\/F3AACB95-BB71-4C14-A90C-57004D98C028-64x64.jpeg 64w\" sizes=\"(max-width: 802px) 100vw, 802px\" \/> <img loading=\"lazy\" class=\"aligncenter wp-image-15763 \" src=\"https:\/\/cungtenhanoi.com\/wp-content\/uploads\/2024\/01\/87ED09B4-3266-4524-BDF1-F274A56CF077-1400x764.jpeg\" alt=\"\" width=\"804\" height=\"439\" srcset=\"https:\/\/cungtenhanoi.com\/wp-content\/uploads\/2024\/01\/87ED09B4-3266-4524-BDF1-F274A56CF077-1400x764.jpeg 1400w, https:\/\/cungtenhanoi.com\/wp-content\/uploads\/2024\/01\/87ED09B4-3266-4524-BDF1-F274A56CF077-733x400.jpeg 733w, https:\/\/cungtenhanoi.com\/wp-content\/uploads\/2024\/01\/87ED09B4-3266-4524-BDF1-F274A56CF077-768x419.jpeg 768w, https:\/\/cungtenhanoi.com\/wp-content\/uploads\/2024\/01\/87ED09B4-3266-4524-BDF1-F274A56CF077-1536x838.jpeg 1536w, https:\/\/cungtenhanoi.com\/wp-content\/uploads\/2024\/01\/87ED09B4-3266-4524-BDF1-F274A56CF077-2048x1117.jpeg 2048w, https:\/\/cungtenhanoi.com\/wp-content\/uploads\/2024\/01\/87ED09B4-3266-4524-BDF1-F274A56CF077-600x327.jpeg 600w, https:\/\/cungtenhanoi.com\/wp-content\/uploads\/2024\/01\/87ED09B4-3266-4524-BDF1-F274A56CF077-64x35.jpeg 64w\" sizes=\"(max-width: 804px) 100vw, 804px\" \/><\/p>\n<p>&nbsp;<\/p>\n","protected":false},"excerpt":{"rendered":"<p>Ch\u1ea5t Li\u1ec7u : G\u1ed7 \u0111\u00e0n h\u01b0\u01a1ng v\u00e0ng + \u00f3c ch\u00f3 + Fiber ch\u1ecbu l\u1ef1c + foarm Chi\u1ec1u d\u00e0i : 114cm S\u1ea3i k\u00e9o : 32 inh L\u1ef1c b\u1eafn : 20-50lbs H\u00e0ng oder 10-15 ng\u00e0y theo m\u00e0u v\u00e0 l\u1ef1c b\u1eafn Cung Octtoman l\u00e0 cung m\u1ea1nh nh\u1ea5t trong l\u1ecbch s\u1eed chi\u1ebfn tranh c\u1ed5 \u0111\u1ea1i, \u0111\u00e2y l\u00e0 v\u0169 kh\u00ed<\/p>\n","protected":false},"featured_media":15757,"comment_status":"open","ping_status":"closed","template":"","meta":[],"product_cat":[17],"product_tag":[198,86,53,1338,54],"acf":[],"yoast_head":"<!-- This site is optimized with the Yoast SEO plugin v19.8 - https:\/\/yoast.com\/wordpress\/plugins\/seo\/ -->\n<title>Cung Th\u1ed5 - Octtoman - OCT2200 - Cung T\u00ean H\u00e0 N\u1ed9i<\/title>\n<meta name=\"description\" content=\"L\u00e0 m\u1eabu cung c\u1ee7a \u0111\u1ebf ch\u1ebf Octtoman huy\u1ec1n tho\u1ea1i.. Mua cung t\u00ean, Mua cung t\u00ean th\u1ec3 thao, Mua cung t\u00ean H\u00e0 N\u1ed9i, Mua cung t\u00ean ch\u00ednh h\u00e3ng, Mua cung t\u00ean S\u00e0i g\u00f2n, Cung t\u00ean truy\u1ec1n th\u1ed1ng, Cung tr\u1ee3 l\u1ef1c, Cung 3 d\u00e2y, Cung compound, Cung 1 d\u00e2y, Cung recurve, B\u1eafn cung, Ph\u1ee5 ki\u1ec7n b\u1eafn cung, Mua m\u0169i t\u00ean b\u1eafn cung\" \/>\n<meta name=\"robots\" content=\"index, follow, max-snippet:-1, max-image-preview:large, max-video-preview:-1\" \/>\n<link rel=\"canonical\" href=\"https:\/\/cungtenhanoi.com\/?product=cung-tho-octtoman-oct2200\" \/>\n<meta property=\"og:locale\" content=\"vi_VN\" \/>\n<meta property=\"og:type\" content=\"article\" \/>\n<meta property=\"og:title\" content=\"Cung Th\u1ed5 - Octtoman - OCT2200 - Cung T\u00ean H\u00e0 N\u1ed9i\" \/>\n<meta property=\"og:description\" content=\"L\u00e0 m\u1eabu cung c\u1ee7a \u0111\u1ebf ch\u1ebf Octtoman huy\u1ec1n tho\u1ea1i.. Mua cung t\u00ean, Mua cung t\u00ean th\u1ec3 thao, Mua cung t\u00ean H\u00e0 N\u1ed9i, Mua cung t\u00ean ch\u00ednh h\u00e3ng, Mua cung t\u00ean S\u00e0i g\u00f2n, Cung t\u00ean truy\u1ec1n th\u1ed1ng, Cung tr\u1ee3 l\u1ef1c, Cung 3 d\u00e2y, Cung compound, Cung 1 d\u00e2y, Cung recurve, B\u1eafn cung, Ph\u1ee5 ki\u1ec7n b\u1eafn cung, Mua m\u0169i t\u00ean b\u1eafn cung\" \/>\n<meta property=\"og:url\" content=\"https:\/\/cungtenhanoi.com\/?product=cung-tho-octtoman-oct2200\" \/>\n<meta property=\"og:site_name\" content=\"Cung T\u00ean H\u00e0 N\u1ed9i\" \/>\n<meta property=\"article:modified_time\" content=\"2025-05-08T07:20:09+00:00\" \/>\n<meta property=\"og:image\" content=\"https:\/\/cungtenhanoi.com\/wp-content\/uploads\/2024\/01\/FB946EC3-CC55-4F06-B047-D43B85419FDB.jpeg\" \/>\n\t<meta property=\"og:image:width\" content=\"1200\" \/>\n\t<meta property=\"og:image:height\" content=\"1200\" \/>\n\t<meta property=\"og:image:type\" content=\"image\/jpeg\" \/>\n<meta name=\"twitter:card\" content=\"summary_large_image\" \/>\n<meta name=\"twitter:label1\" content=\"\u01af\u1edbc t\u00ednh th\u1eddi gian \u0111\u1ecdc\" \/>\n\t<meta name=\"twitter:data1\" content=\"2 ph\u00fat\" \/>\n<script type=\"application\/ld+json\" class=\"yoast-schema-graph\">{\"@context\":\"https:\/\/schema.org\",\"@graph\":[{\"@type\":\"WebPage\",\"@id\":\"https:\/\/cungtenhanoi.com\/?product=cung-tho-octtoman-oct2200\",\"url\":\"https:\/\/cungtenhanoi.com\/?product=cung-tho-octtoman-oct2200\",\"name\":\"Cung Th\u1ed5 - Octtoman - OCT2200 - Cung T\u00ean H\u00e0 N\u1ed9i\",\"isPartOf\":{\"@id\":\"https:\/\/cungtenhanoi.com\/#website\"},\"datePublished\":\"2024-01-08T05:02:03+00:00\",\"dateModified\":\"2025-05-08T07:20:09+00:00\",\"description\":\"L\u00e0 m\u1eabu cung c\u1ee7a \u0111\u1ebf ch\u1ebf Octtoman huy\u1ec1n tho\u1ea1i.. Mua cung t\u00ean, Mua cung t\u00ean th\u1ec3 thao, Mua cung t\u00ean H\u00e0 N\u1ed9i, Mua cung t\u00ean ch\u00ednh h\u00e3ng, Mua cung t\u00ean S\u00e0i g\u00f2n, Cung t\u00ean truy\u1ec1n th\u1ed1ng, Cung tr\u1ee3 l\u1ef1c, Cung 3 d\u00e2y, Cung compound, Cung 1 d\u00e2y, Cung recurve, B\u1eafn cung, Ph\u1ee5 ki\u1ec7n b\u1eafn cung, Mua m\u0169i t\u00ean b\u1eafn cung\",\"breadcrumb\":{\"@id\":\"https:\/\/cungtenhanoi.com\/?product=cung-tho-octtoman-oct2200#breadcrumb\"},\"inLanguage\":\"vi\",\"potentialAction\":[{\"@type\":\"ReadAction\",\"target\":[\"https:\/\/cungtenhanoi.com\/?product=cung-tho-octtoman-oct2200\"]}]},{\"@type\":\"BreadcrumbList\",\"@id\":\"https:\/\/cungtenhanoi.com\/?product=cung-tho-octtoman-oct2200#breadcrumb\",\"itemListElement\":[{\"@type\":\"ListItem\",\"position\":1,\"name\":\"Trang ch\u1ee7\",\"item\":\"https:\/\/cungtenhanoi.com\/\"},{\"@type\":\"ListItem\",\"position\":2,\"name\":\"Shop\",\"item\":\"https:\/\/cungtenhanoi.com\/?page_id=6\"},{\"@type\":\"ListItem\",\"position\":3,\"name\":\"Cung\",\"item\":\"https:\/\/cungtenhanoi.com\/danh-muc\/cung\/\"},{\"@type\":\"ListItem\",\"position\":4,\"name\":\"Cung Th\u1ed5 &#8211; Octtoman &#8211; OCT2200\"}]},{\"@type\":\"WebSite\",\"@id\":\"https:\/\/cungtenhanoi.com\/#website\",\"url\":\"https:\/\/cungtenhanoi.com\/\",\"name\":\"Cung T\u00ean H\u00e0 N\u1ed9i\",\"description\":\"Cung c\u1ea5p c\u00e1c lo\u1ea1i cung t\u00ean th\u1ec3 thao s\u1ed1 1 Vi\u1ec7t Nam\",\"publisher\":{\"@id\":\"https:\/\/cungtenhanoi.com\/#organization\"},\"potentialAction\":[{\"@type\":\"SearchAction\",\"target\":{\"@type\":\"EntryPoint\",\"urlTemplate\":\"https:\/\/cungtenhanoi.com\/?s={search_term_string}\"},\"query-input\":\"required name=search_term_string\"}],\"inLanguage\":\"vi\"},{\"@type\":\"Organization\",\"@id\":\"https:\/\/cungtenhanoi.com\/#organization\",\"name\":\"Cung T\u00ean H\u00e0 N\u1ed9i\",\"url\":\"https:\/\/cungtenhanoi.com\/\",\"sameAs\":[],\"logo\":{\"@type\":\"ImageObject\",\"inLanguage\":\"vi\",\"@id\":\"https:\/\/cungtenhanoi.com\/#\/schema\/logo\/image\/\",\"url\":\"https:\/\/cungtenhanoi.com\/wp-content\/uploads\/2025\/05\/logo-den-trang.jpg\",\"contentUrl\":\"https:\/\/cungtenhanoi.com\/wp-content\/uploads\/2025\/05\/logo-den-trang.jpg\",\"width\":450,\"height\":450,\"caption\":\"Cung T\u00ean H\u00e0 N\u1ed9i\"},\"image\":{\"@id\":\"https:\/\/cungtenhanoi.com\/#\/schema\/logo\/image\/\"}}]}<\/script>\n<!-- \/ Yoast SEO plugin. -->","yoast_head_json":{"title":"Cung Th\u1ed5 - Octtoman - OCT2200 - Cung T\u00ean H\u00e0 N\u1ed9i","description":"L\u00e0 m\u1eabu cung c\u1ee7a \u0111\u1ebf ch\u1ebf Octtoman huy\u1ec1n tho\u1ea1i.. Mua cung t\u00ean, Mua cung t\u00ean th\u1ec3 thao, Mua cung t\u00ean H\u00e0 N\u1ed9i, Mua cung t\u00ean ch\u00ednh h\u00e3ng, Mua cung t\u00ean S\u00e0i g\u00f2n, Cung t\u00ean truy\u1ec1n th\u1ed1ng, Cung tr\u1ee3 l\u1ef1c, Cung 3 d\u00e2y, Cung compound, Cung 1 d\u00e2y, Cung recurve, B\u1eafn cung, Ph\u1ee5 ki\u1ec7n b\u1eafn cung, Mua m\u0169i t\u00ean b\u1eafn cung","robots":{"index":"index","follow":"follow","max-snippet":"max-snippet:-1","max-image-preview":"max-image-preview:large","max-video-preview":"max-video-preview:-1"},"canonical":"https:\/\/cungtenhanoi.com\/?product=cung-tho-octtoman-oct2200","og_locale":"vi_VN","og_type":"article","og_title":"Cung Th\u1ed5 - Octtoman - OCT2200 - Cung T\u00ean H\u00e0 N\u1ed9i","og_description":"L\u00e0 m\u1eabu cung c\u1ee7a \u0111\u1ebf ch\u1ebf Octtoman huy\u1ec1n tho\u1ea1i.. Mua cung t\u00ean, Mua cung t\u00ean th\u1ec3 thao, Mua cung t\u00ean H\u00e0 N\u1ed9i, Mua cung t\u00ean ch\u00ednh h\u00e3ng, Mua cung t\u00ean S\u00e0i g\u00f2n, Cung t\u00ean truy\u1ec1n th\u1ed1ng, Cung tr\u1ee3 l\u1ef1c, Cung 3 d\u00e2y, Cung compound, Cung 1 d\u00e2y, Cung recurve, B\u1eafn cung, Ph\u1ee5 ki\u1ec7n b\u1eafn cung, Mua m\u0169i t\u00ean b\u1eafn cung","og_url":"https:\/\/cungtenhanoi.com\/?product=cung-tho-octtoman-oct2200","og_site_name":"Cung T\u00ean H\u00e0 N\u1ed9i","article_modified_time":"2025-05-08T07:20:09+00:00","og_image":[{"width":1200,"height":1200,"url":"https:\/\/cungtenhanoi.com\/wp-content\/uploads\/2024\/01\/FB946EC3-CC55-4F06-B047-D43B85419FDB.jpeg","type":"image\/jpeg"}],"twitter_card":"summary_large_image","twitter_misc":{"\u01af\u1edbc t\u00ednh th\u1eddi gian \u0111\u1ecdc":"2 ph\u00fat"},"schema":{"@context":"https:\/\/schema.org","@graph":[{"@type":"WebPage","@id":"https:\/\/cungtenhanoi.com\/?product=cung-tho-octtoman-oct2200","url":"https:\/\/cungtenhanoi.com\/?product=cung-tho-octtoman-oct2200","name":"Cung Th\u1ed5 - Octtoman - OCT2200 - Cung T\u00ean H\u00e0 N\u1ed9i","isPartOf":{"@id":"https:\/\/cungtenhanoi.com\/#website"},"datePublished":"2024-01-08T05:02:03+00:00","dateModified":"2025-05-08T07:20:09+00:00","description":"L\u00e0 m\u1eabu cung c\u1ee7a \u0111\u1ebf ch\u1ebf Octtoman huy\u1ec1n tho\u1ea1i.. Mua cung t\u00ean, Mua cung t\u00ean th\u1ec3 thao, Mua cung t\u00ean H\u00e0 N\u1ed9i, Mua cung t\u00ean ch\u00ednh h\u00e3ng, Mua cung t\u00ean S\u00e0i g\u00f2n, Cung t\u00ean truy\u1ec1n th\u1ed1ng, Cung tr\u1ee3 l\u1ef1c, Cung 3 d\u00e2y, Cung compound, Cung 1 d\u00e2y, Cung recurve, B\u1eafn cung, Ph\u1ee5 ki\u1ec7n b\u1eafn cung, Mua m\u0169i t\u00ean b\u1eafn cung","breadcrumb":{"@id":"https:\/\/cungtenhanoi.com\/?product=cung-tho-octtoman-oct2200#breadcrumb"},"inLanguage":"vi","potentialAction":[{"@type":"ReadAction","target":["https:\/\/cungtenhanoi.com\/?product=cung-tho-octtoman-oct2200"]}]},{"@type":"BreadcrumbList","@id":"https:\/\/cungtenhanoi.com\/?product=cung-tho-octtoman-oct2200#breadcrumb","itemListElement":[{"@type":"ListItem","position":1,"name":"Trang ch\u1ee7","item":"https:\/\/cungtenhanoi.com\/"},{"@type":"ListItem","position":2,"name":"Shop","item":"https:\/\/cungtenhanoi.com\/?page_id=6"},{"@type":"ListItem","position":3,"name":"Cung","item":"https:\/\/cungtenhanoi.com\/danh-muc\/cung\/"},{"@type":"ListItem","position":4,"name":"Cung Th\u1ed5 &#8211; Octtoman &#8211; OCT2200"}]},{"@type":"WebSite","@id":"https:\/\/cungtenhanoi.com\/#website","url":"https:\/\/cungtenhanoi.com\/","name":"Cung T\u00ean H\u00e0 N\u1ed9i","description":"Cung c\u1ea5p c\u00e1c lo\u1ea1i cung t\u00ean th\u1ec3 thao s\u1ed1 1 Vi\u1ec7t Nam","publisher":{"@id":"https:\/\/cungtenhanoi.com\/#organization"},"potentialAction":[{"@type":"SearchAction","target":{"@type":"EntryPoint","urlTemplate":"https:\/\/cungtenhanoi.com\/?s={search_term_string}"},"query-input":"required name=search_term_string"}],"inLanguage":"vi"},{"@type":"Organization","@id":"https:\/\/cungtenhanoi.com\/#organization","name":"Cung T\u00ean H\u00e0 N\u1ed9i","url":"https:\/\/cungtenhanoi.com\/","sameAs":[],"logo":{"@type":"ImageObject","inLanguage":"vi","@id":"https:\/\/cungtenhanoi.com\/#\/schema\/logo\/image\/","url":"https:\/\/cungtenhanoi.com\/wp-content\/uploads\/2025\/05\/logo-den-trang.jpg","contentUrl":"https:\/\/cungtenhanoi.com\/wp-content\/uploads\/2025\/05\/logo-den-trang.jpg","width":450,"height":450,"caption":"Cung T\u00ean H\u00e0 N\u1ed9i"},"image":{"@id":"https:\/\/cungtenhanoi.com\/#\/schema\/logo\/image\/"}}]}},"_links":{"self":[{"href":"https:\/\/cungtenhanoi.com\/index.php?rest_route=\/wp\/v2\/product\/15756"}],"collection":[{"href":"https:\/\/cungtenhanoi.com\/index.php?rest_route=\/wp\/v2\/product"}],"about":[{"href":"https:\/\/cungtenhanoi.com\/index.php?rest_route=\/wp\/v2\/types\/product"}],"replies":[{"embeddable":true,"href":"https:\/\/cungtenhanoi.com\/index.php?rest_route=%2Fwp%2Fv2%2Fcomments&post=15756"}],"wp:featuredmedia":[{"embeddable":true,"href":"https:\/\/cungtenhanoi.com\/index.php?rest_route=\/wp\/v2\/media\/15757"}],"wp:attachment":[{"href":"https:\/\/cungtenhanoi.com\/index.php?rest_route=%2Fwp%2Fv2%2Fmedia&parent=15756"}],"wp:term":[{"taxonomy":"product_cat","embeddable":true,"href":"https:\/\/cungtenhanoi.com\/index.php?rest_route=%2Fwp%2Fv2%2Fproduct_cat&post=15756"},{"taxonomy":"product_tag","embeddable":true,"href":"https:\/\/cungtenhanoi.com\/index.php?rest_route=%2Fwp%2Fv2%2Fproduct_tag&post=15756"}],"curies":[{"name":"wp","href":"https:\/\/api.w.org\/{rel}","templated":true}]}}