{"id":15764,"date":"2024-01-09T14:07:18","date_gmt":"2024-01-09T07:07:18","guid":{"rendered":"https:\/\/cungtenhanoi.com\/?post_type=product&#038;p=15764"},"modified":"2025-05-29T08:49:41","modified_gmt":"2025-05-29T01:49:41","slug":"mingbow-mb285","status":"publish","type":"product","link":"https:\/\/cungtenhanoi.com\/?product=mingbow-mb285","title":{"rendered":"Cung t\u00ean truy\u1ec1n th\u1ed1ng Mingbow &#8211; MB288"},"content":{"rendered":"<p style=\"text-align: center;\">Cung Ming &#8211; MB288<\/p>\n<p style=\"text-align: center;\">\u2705Cung th\u1ec3 thao truy\u1ec1n th\u1ed1ng Mingbow &#8211; MB288 l\u00e0 m\u1ed9t m\u1eabu cung \u0111\u01b0\u1ee3c thi\u1ebft k\u1ebf v\u1edbi tr\u1ecdng l\u01b0\u1ee3ng nh\u1eb9, ph\u00f9 h\u1ee3p cho ng\u01b0\u1eddi s\u1eed d\u1ee5ng \u1edf nhi\u1ec1u m\u1ee5c \u0111\u00edch kh\u00e1c nhau nh\u01b0 gi\u1ea3i tr\u00ed, trang tr\u00ed v\u00e0 s\u01b0u t\u1ea7m. V\u1edbi c\u1ea5u tr\u00fac ch\u1eafc ch\u1eafn v\u00e0 d\u00e2y cung k\u00e9o m\u1ec1m, m\u1eabu cung n\u00e0y gi\u00fap ng\u01b0\u1eddi d\u00f9ng d\u1ec5 d\u00e0ng \u0111i\u1ec1u ch\u1ec9nh v\u00e0 ki\u1ec3m so\u00e1t l\u1ef1c b\u1eafn, mang l\u1ea1i tr\u1ea3i nghi\u1ec7m b\u1eafn \u00eam \u00e1i v\u00e0 tho\u1ea3i m\u00e1i.<\/p>\n<p style=\"text-align: center;\">\u2705MB288 \u0111\u01b0\u1ee3c thi\u1ebft k\u1ebf d\u1ef1a tr\u00ean phong c\u00e1ch cung truy\u1ec1n th\u1ed1ng, mang \u0111\u1eadm n\u00e9t th\u1ea9m m\u1ef9 c\u1ed5 \u0111i\u1ec3n nh\u01b0ng v\u1eabn \u0111\u1ea3m b\u1ea3o t\u00ednh ti\u1ec7n d\u1ee5ng hi\u1ec7n \u0111\u1ea1i. S\u1ea3n ph\u1ea9m kh\u00f4ng ch\u1ec9 th\u00edch h\u1ee3p cho nh\u1eefng ai y\u00eau th\u00edch c\u00e1c ho\u1ea1t \u0111\u1ed9ng th\u1ec3 thao ngo\u00e0i tr\u1eddi, m\u00e0 c\u00f2n l\u00e0 l\u1ef1a ch\u1ecdn tuy\u1ec7t v\u1eddi \u0111\u1ec3 trang tr\u00ed kh\u00f4ng gian ho\u1eb7c b\u1ed5 sung v\u00e0o b\u1ed9 s\u01b0u t\u1eadp c\u00e1 nh\u00e2n.<\/p>\n<p style=\"text-align: center;\">\u2014\u2014\u2014\u2014\u2014\u2014\u2014\u2014\u2014\u2014\u2014\u2014\u2014\u2014\u2014<\/p>\n<p style=\"text-align: center;\">\u260e\ufe0f Hotline: 0911 682 663<br \/>\n\u2705 B\u1ea3o h\u00e0nh 6 th\u00e1ng 1 \u0111\u1ed5i 1 l\u1ed7i nh\u00e0 s\u1ea3n xu\u1ea5t<br \/>\n\u2705 S\u1eefa ch\u1eefa mi\u1ec5n ph\u00ed tr\u1ecdn \u0111\u1eddi cung<br \/>\n\u2705 S\u1eeda t\u00ean mi\u1ec5n ph\u00ed<br \/>\n\u2705 Giao h\u00e0ng to\u00e0n qu\u1ed1c 1-2 ng\u00e0y<br \/>\n\u2705 T\u01b0 v\u1ea5n mi\u1ec5n ph\u00ed 24\/7\u3002<\/p>\n<p style=\"text-align: center;\">\u2014\u2014\u2014\u2014\u2014\u2014\u2014\u2014\u2014\u2014\u2014\u2014\u2014\u2014\u2014<br \/>\n\u25aa\ufe0fL\u1ef1c b\u1eafn : 25-30 -35 lbs<\/p>\n<p style=\"text-align: center;\">Chi\u1ec1u d\u00e0i : 136cm<\/p>\n<p style=\"text-align: center;\">35 lbs<br \/>\n\u25aa\ufe0fChi\u1ec1u d\u00e0i:150cm<br \/>\n\u25aa\ufe0f M\u00e0u : v\u00e2n g\u1ed7 + \u0111en<\/p>\n<p style=\"text-align: center;\"><img loading=\"lazy\" class=\" wp-image-15934 aligncenter\" src=\"https:\/\/cungtenhanoi.com\/wp-content\/uploads\/2024\/01\/IMG_7724-184x400.jpeg\" alt=\"\" width=\"238\" height=\"517\" srcset=\"https:\/\/cungtenhanoi.com\/wp-content\/uploads\/2024\/01\/IMG_7724-184x400.jpeg 184w, https:\/\/cungtenhanoi.com\/wp-content\/uploads\/2024\/01\/IMG_7724-368x800.jpeg 368w, https:\/\/cungtenhanoi.com\/wp-content\/uploads\/2024\/01\/IMG_7724-768x1669.jpeg 768w, https:\/\/cungtenhanoi.com\/wp-content\/uploads\/2024\/01\/IMG_7724-707x1536.jpeg 707w, https:\/\/cungtenhanoi.com\/wp-content\/uploads\/2024\/01\/IMG_7724-942x2048.jpeg 942w, https:\/\/cungtenhanoi.com\/wp-content\/uploads\/2024\/01\/IMG_7724-600x1304.jpeg 600w, https:\/\/cungtenhanoi.com\/wp-content\/uploads\/2024\/01\/IMG_7724-64x139.jpeg 64w, https:\/\/cungtenhanoi.com\/wp-content\/uploads\/2024\/01\/IMG_7724-scaled.jpeg 1178w\" sizes=\"(max-width: 238px) 100vw, 238px\" \/><\/p>\n<p style=\"text-align: center;\"><img loading=\"lazy\" class=\"alignnone size-medium wp-image-15914\" src=\"https:\/\/cungtenhanoi.com\/wp-content\/uploads\/2024\/01\/IMG_7903-300x400.jpeg\" alt=\"\" width=\"300\" height=\"400\" srcset=\"https:\/\/cungtenhanoi.com\/wp-content\/uploads\/2024\/01\/IMG_7903-300x400.jpeg 300w, https:\/\/cungtenhanoi.com\/wp-content\/uploads\/2024\/01\/IMG_7903-600x800.jpeg 600w, https:\/\/cungtenhanoi.com\/wp-content\/uploads\/2024\/01\/IMG_7903-768x1024.jpeg 768w, https:\/\/cungtenhanoi.com\/wp-content\/uploads\/2024\/01\/IMG_7903-1152x1536.jpeg 1152w, https:\/\/cungtenhanoi.com\/wp-content\/uploads\/2024\/01\/IMG_7903-64x85.jpeg 64w, https:\/\/cungtenhanoi.com\/wp-content\/uploads\/2024\/01\/IMG_7903.jpeg 1536w\" sizes=\"(max-width: 300px) 100vw, 300px\" \/><br \/>\n<img loading=\"lazy\" class=\"aligncenter wp-image-15768\" src=\"https:\/\/cungtenhanoi.com\/wp-content\/uploads\/2024\/01\/C345F3E0-C7F6-4DCE-B002-18EDD60B611C-scaled.jpeg\" alt=\"\" width=\"500\" height=\"836\" srcset=\"https:\/\/cungtenhanoi.com\/wp-content\/uploads\/2024\/01\/C345F3E0-C7F6-4DCE-B002-18EDD60B611C-scaled.jpeg 1532w, https:\/\/cungtenhanoi.com\/wp-content\/uploads\/2024\/01\/C345F3E0-C7F6-4DCE-B002-18EDD60B611C-239x400.jpeg 239w, https:\/\/cungtenhanoi.com\/wp-content\/uploads\/2024\/01\/C345F3E0-C7F6-4DCE-B002-18EDD60B611C-479x800.jpeg 479w, https:\/\/cungtenhanoi.com\/wp-content\/uploads\/2024\/01\/C345F3E0-C7F6-4DCE-B002-18EDD60B611C-768x1284.jpeg 768w, https:\/\/cungtenhanoi.com\/wp-content\/uploads\/2024\/01\/C345F3E0-C7F6-4DCE-B002-18EDD60B611C-919x1536.jpeg 919w, https:\/\/cungtenhanoi.com\/wp-content\/uploads\/2024\/01\/C345F3E0-C7F6-4DCE-B002-18EDD60B611C-1225x2048.jpeg 1225w, https:\/\/cungtenhanoi.com\/wp-content\/uploads\/2024\/01\/C345F3E0-C7F6-4DCE-B002-18EDD60B611C-600x1003.jpeg 600w, https:\/\/cungtenhanoi.com\/wp-content\/uploads\/2024\/01\/C345F3E0-C7F6-4DCE-B002-18EDD60B611C-64x107.jpeg 64w\" sizes=\"(max-width: 500px) 100vw, 500px\" \/> <img loading=\"lazy\" class=\"aligncenter wp-image-15769\" src=\"https:\/\/cungtenhanoi.com\/wp-content\/uploads\/2024\/01\/D0B490E8-B233-45C0-99EE-38DD70F36418-scaled.jpeg\" alt=\"\" width=\"500\" height=\"845\" srcset=\"https:\/\/cungtenhanoi.com\/wp-content\/uploads\/2024\/01\/D0B490E8-B233-45C0-99EE-38DD70F36418-scaled.jpeg 1515w, https:\/\/cungtenhanoi.com\/wp-content\/uploads\/2024\/01\/D0B490E8-B233-45C0-99EE-38DD70F36418-237x400.jpeg 237w, https:\/\/cungtenhanoi.com\/wp-content\/uploads\/2024\/01\/D0B490E8-B233-45C0-99EE-38DD70F36418-473x800.jpeg 473w, https:\/\/cungtenhanoi.com\/wp-content\/uploads\/2024\/01\/D0B490E8-B233-45C0-99EE-38DD70F36418-768x1298.jpeg 768w, https:\/\/cungtenhanoi.com\/wp-content\/uploads\/2024\/01\/D0B490E8-B233-45C0-99EE-38DD70F36418-909x1536.jpeg 909w, https:\/\/cungtenhanoi.com\/wp-content\/uploads\/2024\/01\/D0B490E8-B233-45C0-99EE-38DD70F36418-1212x2048.jpeg 1212w, https:\/\/cungtenhanoi.com\/wp-content\/uploads\/2024\/01\/D0B490E8-B233-45C0-99EE-38DD70F36418-600x1014.jpeg 600w, https:\/\/cungtenhanoi.com\/wp-content\/uploads\/2024\/01\/D0B490E8-B233-45C0-99EE-38DD70F36418-64x108.jpeg 64w\" sizes=\"(max-width: 500px) 100vw, 500px\" \/> <img loading=\"lazy\" class=\"alignnone wp-image-15770 \" src=\"https:\/\/cungtenhanoi.com\/wp-content\/uploads\/2024\/01\/3CFE6808-C45D-40B4-B63A-6C9F922096CC-398x800.jpeg\" alt=\"\" width=\"495\" height=\"995\" srcset=\"https:\/\/cungtenhanoi.com\/wp-content\/uploads\/2024\/01\/3CFE6808-C45D-40B4-B63A-6C9F922096CC-398x800.jpeg 398w, https:\/\/cungtenhanoi.com\/wp-content\/uploads\/2024\/01\/3CFE6808-C45D-40B4-B63A-6C9F922096CC-199x400.jpeg 199w, https:\/\/cungtenhanoi.com\/wp-content\/uploads\/2024\/01\/3CFE6808-C45D-40B4-B63A-6C9F922096CC-768x1546.jpeg 768w, https:\/\/cungtenhanoi.com\/wp-content\/uploads\/2024\/01\/3CFE6808-C45D-40B4-B63A-6C9F922096CC-763x1536.jpeg 763w, https:\/\/cungtenhanoi.com\/wp-content\/uploads\/2024\/01\/3CFE6808-C45D-40B4-B63A-6C9F922096CC-1018x2048.jpeg 1018w, https:\/\/cungtenhanoi.com\/wp-content\/uploads\/2024\/01\/3CFE6808-C45D-40B4-B63A-6C9F922096CC-600x1207.jpeg 600w, https:\/\/cungtenhanoi.com\/wp-content\/uploads\/2024\/01\/3CFE6808-C45D-40B4-B63A-6C9F922096CC-64x129.jpeg 64w, https:\/\/cungtenhanoi.com\/wp-content\/uploads\/2024\/01\/3CFE6808-C45D-40B4-B63A-6C9F922096CC-scaled.jpeg 1272w\" sizes=\"(max-width: 495px) 100vw, 495px\" \/> <img loading=\"lazy\" class=\"aligncenter wp-image-15771 \" src=\"https:\/\/cungtenhanoi.com\/wp-content\/uploads\/2024\/01\/F618A111-CF12-4DEA-ABEF-82B0F7DD479C-600x800.jpeg\" alt=\"\" width=\"588\" height=\"784\" srcset=\"https:\/\/cungtenhanoi.com\/wp-content\/uploads\/2024\/01\/F618A111-CF12-4DEA-ABEF-82B0F7DD479C-600x800.jpeg 600w, https:\/\/cungtenhanoi.com\/wp-content\/uploads\/2024\/01\/F618A111-CF12-4DEA-ABEF-82B0F7DD479C-300x400.jpeg 300w, https:\/\/cungtenhanoi.com\/wp-content\/uploads\/2024\/01\/F618A111-CF12-4DEA-ABEF-82B0F7DD479C-768x1024.jpeg 768w, https:\/\/cungtenhanoi.com\/wp-content\/uploads\/2024\/01\/F618A111-CF12-4DEA-ABEF-82B0F7DD479C-1152x1536.jpeg 1152w, https:\/\/cungtenhanoi.com\/wp-content\/uploads\/2024\/01\/F618A111-CF12-4DEA-ABEF-82B0F7DD479C-1536x2048.jpeg 1536w, https:\/\/cungtenhanoi.com\/wp-content\/uploads\/2024\/01\/F618A111-CF12-4DEA-ABEF-82B0F7DD479C-64x85.jpeg 64w, https:\/\/cungtenhanoi.com\/wp-content\/uploads\/2024\/01\/F618A111-CF12-4DEA-ABEF-82B0F7DD479C-scaled.jpeg 1920w\" sizes=\"(max-width: 588px) 100vw, 588px\" \/> <img loading=\"lazy\" class=\"aligncenter wp-image-15772 size-large\" src=\"https:\/\/cungtenhanoi.com\/wp-content\/uploads\/2024\/01\/C5C2651B-A8EB-4BDE-A77F-031EBD861D4B-600x800.jpeg\" alt=\"\" width=\"600\" height=\"800\" srcset=\"https:\/\/cungtenhanoi.com\/wp-content\/uploads\/2024\/01\/C5C2651B-A8EB-4BDE-A77F-031EBD861D4B-600x800.jpeg 600w, https:\/\/cungtenhanoi.com\/wp-content\/uploads\/2024\/01\/C5C2651B-A8EB-4BDE-A77F-031EBD861D4B-300x400.jpeg 300w, https:\/\/cungtenhanoi.com\/wp-content\/uploads\/2024\/01\/C5C2651B-A8EB-4BDE-A77F-031EBD861D4B-768x1024.jpeg 768w, https:\/\/cungtenhanoi.com\/wp-content\/uploads\/2024\/01\/C5C2651B-A8EB-4BDE-A77F-031EBD861D4B-1152x1536.jpeg 1152w, https:\/\/cungtenhanoi.com\/wp-content\/uploads\/2024\/01\/C5C2651B-A8EB-4BDE-A77F-031EBD861D4B-1536x2048.jpeg 1536w, https:\/\/cungtenhanoi.com\/wp-content\/uploads\/2024\/01\/C5C2651B-A8EB-4BDE-A77F-031EBD861D4B-64x85.jpeg 64w, https:\/\/cungtenhanoi.com\/wp-content\/uploads\/2024\/01\/C5C2651B-A8EB-4BDE-A77F-031EBD861D4B-scaled.jpeg 1920w\" sizes=\"(max-width: 600px) 100vw, 600px\" \/> <img loading=\"lazy\" class=\"aligncenter wp-image-15773\" src=\"https:\/\/cungtenhanoi.com\/wp-content\/uploads\/2024\/01\/4465B476-92E6-46A6-9ED8-39B5D11CD3E5-scaled.jpeg\" alt=\"\" width=\"592\" height=\"1053\" srcset=\"https:\/\/cungtenhanoi.com\/wp-content\/uploads\/2024\/01\/4465B476-92E6-46A6-9ED8-39B5D11CD3E5-scaled.jpeg 1440w, https:\/\/cungtenhanoi.com\/wp-content\/uploads\/2024\/01\/4465B476-92E6-46A6-9ED8-39B5D11CD3E5-225x400.jpeg 225w, https:\/\/cungtenhanoi.com\/wp-content\/uploads\/2024\/01\/4465B476-92E6-46A6-9ED8-39B5D11CD3E5-450x800.jpeg 450w, https:\/\/cungtenhanoi.com\/wp-content\/uploads\/2024\/01\/4465B476-92E6-46A6-9ED8-39B5D11CD3E5-768x1365.jpeg 768w, https:\/\/cungtenhanoi.com\/wp-content\/uploads\/2024\/01\/4465B476-92E6-46A6-9ED8-39B5D11CD3E5-864x1536.jpeg 864w, https:\/\/cungtenhanoi.com\/wp-content\/uploads\/2024\/01\/4465B476-92E6-46A6-9ED8-39B5D11CD3E5-1152x2048.jpeg 1152w, https:\/\/cungtenhanoi.com\/wp-content\/uploads\/2024\/01\/4465B476-92E6-46A6-9ED8-39B5D11CD3E5-600x1067.jpeg 600w, https:\/\/cungtenhanoi.com\/wp-content\/uploads\/2024\/01\/4465B476-92E6-46A6-9ED8-39B5D11CD3E5-64x114.jpeg 64w\" sizes=\"(max-width: 592px) 100vw, 592px\" \/> <img loading=\"lazy\" class=\"aligncenter wp-image-15774 \" src=\"https:\/\/cungtenhanoi.com\/wp-content\/uploads\/2024\/01\/2A7FDE5B-0F0A-4030-9029-0300A70E2EA5-533x400.jpeg\" alt=\"\" width=\"585\" height=\"439\" srcset=\"https:\/\/cungtenhanoi.com\/wp-content\/uploads\/2024\/01\/2A7FDE5B-0F0A-4030-9029-0300A70E2EA5-533x400.jpeg 533w, https:\/\/cungtenhanoi.com\/wp-content\/uploads\/2024\/01\/2A7FDE5B-0F0A-4030-9029-0300A70E2EA5-1067x800.jpeg 1067w, https:\/\/cungtenhanoi.com\/wp-content\/uploads\/2024\/01\/2A7FDE5B-0F0A-4030-9029-0300A70E2EA5-768x576.jpeg 768w, https:\/\/cungtenhanoi.com\/wp-content\/uploads\/2024\/01\/2A7FDE5B-0F0A-4030-9029-0300A70E2EA5-1536x1152.jpeg 1536w, https:\/\/cungtenhanoi.com\/wp-content\/uploads\/2024\/01\/2A7FDE5B-0F0A-4030-9029-0300A70E2EA5-2048x1536.jpeg 2048w, https:\/\/cungtenhanoi.com\/wp-content\/uploads\/2024\/01\/2A7FDE5B-0F0A-4030-9029-0300A70E2EA5-600x450.jpeg 600w, https:\/\/cungtenhanoi.com\/wp-content\/uploads\/2024\/01\/2A7FDE5B-0F0A-4030-9029-0300A70E2EA5-64x48.jpeg 64w\" sizes=\"(max-width: 585px) 100vw, 585px\" \/> <img loading=\"lazy\" class=\"aligncenter wp-image-15775 \" src=\"https:\/\/cungtenhanoi.com\/wp-content\/uploads\/2024\/01\/5EE139EC-0D3A-450F-9491-D17BD23747C2-600x800.jpeg\" alt=\"\" width=\"583\" height=\"777\" srcset=\"https:\/\/cungtenhanoi.com\/wp-content\/uploads\/2024\/01\/5EE139EC-0D3A-450F-9491-D17BD23747C2-600x800.jpeg 600w, https:\/\/cungtenhanoi.com\/wp-content\/uploads\/2024\/01\/5EE139EC-0D3A-450F-9491-D17BD23747C2-300x400.jpeg 300w, https:\/\/cungtenhanoi.com\/wp-content\/uploads\/2024\/01\/5EE139EC-0D3A-450F-9491-D17BD23747C2-768x1024.jpeg 768w, https:\/\/cungtenhanoi.com\/wp-content\/uploads\/2024\/01\/5EE139EC-0D3A-450F-9491-D17BD23747C2-1152x1536.jpeg 1152w, https:\/\/cungtenhanoi.com\/wp-content\/uploads\/2024\/01\/5EE139EC-0D3A-450F-9491-D17BD23747C2-1536x2048.jpeg 1536w, https:\/\/cungtenhanoi.com\/wp-content\/uploads\/2024\/01\/5EE139EC-0D3A-450F-9491-D17BD23747C2-64x85.jpeg 64w, https:\/\/cungtenhanoi.com\/wp-content\/uploads\/2024\/01\/5EE139EC-0D3A-450F-9491-D17BD23747C2-scaled.jpeg 1920w\" sizes=\"(max-width: 583px) 100vw, 583px\" \/> <img loading=\"lazy\" class=\"aligncenter wp-image-15776 \" src=\"https:\/\/cungtenhanoi.com\/wp-content\/uploads\/2024\/01\/518B63E2-0E05-4F5F-B582-FFC681B01EDC-600x800.jpeg\" alt=\"\" width=\"590\" height=\"787\" srcset=\"https:\/\/cungtenhanoi.com\/wp-content\/uploads\/2024\/01\/518B63E2-0E05-4F5F-B582-FFC681B01EDC-600x800.jpeg 600w, https:\/\/cungtenhanoi.com\/wp-content\/uploads\/2024\/01\/518B63E2-0E05-4F5F-B582-FFC681B01EDC-300x400.jpeg 300w, https:\/\/cungtenhanoi.com\/wp-content\/uploads\/2024\/01\/518B63E2-0E05-4F5F-B582-FFC681B01EDC-768x1024.jpeg 768w, https:\/\/cungtenhanoi.com\/wp-content\/uploads\/2024\/01\/518B63E2-0E05-4F5F-B582-FFC681B01EDC-1152x1536.jpeg 1152w, https:\/\/cungtenhanoi.com\/wp-content\/uploads\/2024\/01\/518B63E2-0E05-4F5F-B582-FFC681B01EDC-1536x2048.jpeg 1536w, https:\/\/cungtenhanoi.com\/wp-content\/uploads\/2024\/01\/518B63E2-0E05-4F5F-B582-FFC681B01EDC-64x85.jpeg 64w, https:\/\/cungtenhanoi.com\/wp-content\/uploads\/2024\/01\/518B63E2-0E05-4F5F-B582-FFC681B01EDC-scaled.jpeg 1920w\" sizes=\"(max-width: 590px) 100vw, 590px\" \/>35 lbs<br \/>\n\u25aa\ufe0fChi\u1ec1u d\u00e0i:150cm<br \/>\n\u25aa\ufe0f M\u00e0u : v\u00e2n g\u1ed7 + \u0111en<\/p>\n","protected":false},"excerpt":{"rendered":"<p>Cung Ming &#8211; MB288 \u2705Cung th\u1ec3 thao truy\u1ec1n th\u1ed1ng Mingbow &#8211; MB288 l\u00e0 m\u1ed9t m\u1eabu cung \u0111\u01b0\u1ee3c thi\u1ebft k\u1ebf v\u1edbi tr\u1ecdng l\u01b0\u1ee3ng nh\u1eb9, ph\u00f9 h\u1ee3p cho ng\u01b0\u1eddi s\u1eed d\u1ee5ng \u1edf nhi\u1ec1u m\u1ee5c \u0111\u00edch kh\u00e1c nhau nh\u01b0 gi\u1ea3i tr\u00ed, trang tr\u00ed v\u00e0 s\u01b0u t\u1ea7m. V\u1edbi c\u1ea5u tr\u00fac ch\u1eafc ch\u1eafn v\u00e0 d\u00e2y cung k\u00e9o m\u1ec1m, m\u1eabu cung<\/p>\n","protected":false},"featured_media":15769,"comment_status":"open","ping_status":"closed","template":"","meta":[],"product_cat":[17],"product_tag":[198,86,257,94,168,408],"acf":[],"yoast_head":"<!-- This site is optimized with the Yoast SEO plugin v19.8 - https:\/\/yoast.com\/wordpress\/plugins\/seo\/ -->\n<title>Cung t\u00ean truy\u1ec1n th\u1ed1ng Mingbow - MB288 - Cung T\u00ean H\u00e0 N\u1ed9i<\/title>\n<meta name=\"description\" content=\"L\u00e0 m\u1eabu cung truy\u1ec1n th\u1ed1ng nh\u00e0 Minh... Mua cung t\u00ean, Mua cung t\u00ean th\u1ec3 thao, Mua cung t\u00ean H\u00e0 N\u1ed9i, Mua cung t\u00ean ch\u00ednh h\u00e3ng, Mua cung t\u00ean S\u00e0i g\u00f2n, Cung t\u00ean truy\u1ec1n th\u1ed1ng, Cung tr\u1ee3 l\u1ef1c, Cung 3 d\u00e2y, Cung compound, Cung 1 d\u00e2y, Cung recurve, B\u1eafn cung, Ph\u1ee5 ki\u1ec7n b\u1eafn cung, Mua m\u0169i t\u00ean b\u1eafn cung\" \/>\n<meta name=\"robots\" content=\"index, follow, max-snippet:-1, max-image-preview:large, max-video-preview:-1\" \/>\n<link rel=\"canonical\" href=\"https:\/\/cungtenhanoi.com\/?product=mingbow-mb285\" \/>\n<meta property=\"og:locale\" content=\"vi_VN\" \/>\n<meta property=\"og:type\" content=\"article\" \/>\n<meta property=\"og:title\" content=\"cung t\u00ean truy\u1ec1n th\u1ed1ng\" \/>\n<meta property=\"og:description\" content=\"L\u00e0 m\u1eabu cung truy\u1ec1n th\u1ed1ng nh\u00e0 Minh... Mua cung t\u00ean, Mua cung t\u00ean th\u1ec3 thao, Mua cung t\u00ean H\u00e0 N\u1ed9i, Mua cung t\u00ean ch\u00ednh h\u00e3ng, Mua cung t\u00ean S\u00e0i g\u00f2n, Cung t\u00ean truy\u1ec1n th\u1ed1ng, Cung tr\u1ee3 l\u1ef1c, Cung 3 d\u00e2y, Cung compound, Cung 1 d\u00e2y, Cung recurve, B\u1eafn cung, Ph\u1ee5 ki\u1ec7n b\u1eafn cung, Mua m\u0169i t\u00ean b\u1eafn cung\" \/>\n<meta property=\"og:url\" content=\"https:\/\/cungtenhanoi.com\/?product=mingbow-mb285\" \/>\n<meta property=\"og:site_name\" content=\"Cung T\u00ean H\u00e0 N\u1ed9i\" \/>\n<meta property=\"article:modified_time\" content=\"2025-05-29T01:49:41+00:00\" \/>\n<meta property=\"og:image\" content=\"https:\/\/cungtenhanoi.com\/wp-content\/uploads\/2021\/03\/IMG_7022-scaled.jpeg\" \/>\n\t<meta property=\"og:image:width\" content=\"1515\" \/>\n\t<meta property=\"og:image:height\" content=\"2560\" \/>\n\t<meta property=\"og:image:type\" content=\"image\/jpeg\" \/>\n<meta name=\"twitter:card\" content=\"summary_large_image\" \/>\n<meta name=\"twitter:label1\" content=\"\u01af\u1edbc t\u00ednh th\u1eddi gian \u0111\u1ecdc\" \/>\n\t<meta name=\"twitter:data1\" content=\"4 ph\u00fat\" \/>\n<script type=\"application\/ld+json\" class=\"yoast-schema-graph\">{\"@context\":\"https:\/\/schema.org\",\"@graph\":[{\"@type\":\"WebPage\",\"@id\":\"https:\/\/cungtenhanoi.com\/?product=mingbow-mb285\",\"url\":\"https:\/\/cungtenhanoi.com\/?product=mingbow-mb285\",\"name\":\"Cung t\u00ean truy\u1ec1n th\u1ed1ng Mingbow - MB288 - Cung T\u00ean H\u00e0 N\u1ed9i\",\"isPartOf\":{\"@id\":\"https:\/\/cungtenhanoi.com\/#website\"},\"datePublished\":\"2024-01-09T07:07:18+00:00\",\"dateModified\":\"2025-05-29T01:49:41+00:00\",\"description\":\"L\u00e0 m\u1eabu cung truy\u1ec1n th\u1ed1ng nh\u00e0 Minh... Mua cung t\u00ean, Mua cung t\u00ean th\u1ec3 thao, Mua cung t\u00ean H\u00e0 N\u1ed9i, Mua cung t\u00ean ch\u00ednh h\u00e3ng, Mua cung t\u00ean S\u00e0i g\u00f2n, Cung t\u00ean truy\u1ec1n th\u1ed1ng, Cung tr\u1ee3 l\u1ef1c, Cung 3 d\u00e2y, Cung compound, Cung 1 d\u00e2y, Cung recurve, B\u1eafn cung, Ph\u1ee5 ki\u1ec7n b\u1eafn cung, Mua m\u0169i t\u00ean b\u1eafn cung\",\"breadcrumb\":{\"@id\":\"https:\/\/cungtenhanoi.com\/?product=mingbow-mb285#breadcrumb\"},\"inLanguage\":\"vi\",\"potentialAction\":[{\"@type\":\"ReadAction\",\"target\":[\"https:\/\/cungtenhanoi.com\/?product=mingbow-mb285\"]}]},{\"@type\":\"BreadcrumbList\",\"@id\":\"https:\/\/cungtenhanoi.com\/?product=mingbow-mb285#breadcrumb\",\"itemListElement\":[{\"@type\":\"ListItem\",\"position\":1,\"name\":\"Trang ch\u1ee7\",\"item\":\"https:\/\/cungtenhanoi.com\/\"},{\"@type\":\"ListItem\",\"position\":2,\"name\":\"Shop\",\"item\":\"https:\/\/cungtenhanoi.com\/?page_id=6\"},{\"@type\":\"ListItem\",\"position\":3,\"name\":\"Cung\",\"item\":\"https:\/\/cungtenhanoi.com\/danh-muc\/cung\/\"},{\"@type\":\"ListItem\",\"position\":4,\"name\":\"Cung t\u00ean truy\u1ec1n th\u1ed1ng Mingbow &#8211; MB288\"}]},{\"@type\":\"WebSite\",\"@id\":\"https:\/\/cungtenhanoi.com\/#website\",\"url\":\"https:\/\/cungtenhanoi.com\/\",\"name\":\"Cung T\u00ean H\u00e0 N\u1ed9i\",\"description\":\"Cung c\u1ea5p c\u00e1c lo\u1ea1i cung t\u00ean th\u1ec3 thao s\u1ed1 1 Vi\u1ec7t Nam\",\"publisher\":{\"@id\":\"https:\/\/cungtenhanoi.com\/#organization\"},\"potentialAction\":[{\"@type\":\"SearchAction\",\"target\":{\"@type\":\"EntryPoint\",\"urlTemplate\":\"https:\/\/cungtenhanoi.com\/?s={search_term_string}\"},\"query-input\":\"required name=search_term_string\"}],\"inLanguage\":\"vi\"},{\"@type\":\"Organization\",\"@id\":\"https:\/\/cungtenhanoi.com\/#organization\",\"name\":\"Cung T\u00ean H\u00e0 N\u1ed9i\",\"url\":\"https:\/\/cungtenhanoi.com\/\",\"sameAs\":[],\"logo\":{\"@type\":\"ImageObject\",\"inLanguage\":\"vi\",\"@id\":\"https:\/\/cungtenhanoi.com\/#\/schema\/logo\/image\/\",\"url\":\"https:\/\/cungtenhanoi.com\/wp-content\/uploads\/2025\/05\/logo-den-trang.jpg\",\"contentUrl\":\"https:\/\/cungtenhanoi.com\/wp-content\/uploads\/2025\/05\/logo-den-trang.jpg\",\"width\":450,\"height\":450,\"caption\":\"Cung T\u00ean H\u00e0 N\u1ed9i\"},\"image\":{\"@id\":\"https:\/\/cungtenhanoi.com\/#\/schema\/logo\/image\/\"}}]}<\/script>\n<!-- \/ Yoast SEO plugin. -->","yoast_head_json":{"title":"Cung t\u00ean truy\u1ec1n th\u1ed1ng Mingbow - MB288 - Cung T\u00ean H\u00e0 N\u1ed9i","description":"L\u00e0 m\u1eabu cung truy\u1ec1n th\u1ed1ng nh\u00e0 Minh... Mua cung t\u00ean, Mua cung t\u00ean th\u1ec3 thao, Mua cung t\u00ean H\u00e0 N\u1ed9i, Mua cung t\u00ean ch\u00ednh h\u00e3ng, Mua cung t\u00ean S\u00e0i g\u00f2n, Cung t\u00ean truy\u1ec1n th\u1ed1ng, Cung tr\u1ee3 l\u1ef1c, Cung 3 d\u00e2y, Cung compound, Cung 1 d\u00e2y, Cung recurve, B\u1eafn cung, Ph\u1ee5 ki\u1ec7n b\u1eafn cung, Mua m\u0169i t\u00ean b\u1eafn cung","robots":{"index":"index","follow":"follow","max-snippet":"max-snippet:-1","max-image-preview":"max-image-preview:large","max-video-preview":"max-video-preview:-1"},"canonical":"https:\/\/cungtenhanoi.com\/?product=mingbow-mb285","og_locale":"vi_VN","og_type":"article","og_title":"cung t\u00ean truy\u1ec1n th\u1ed1ng","og_description":"L\u00e0 m\u1eabu cung truy\u1ec1n th\u1ed1ng nh\u00e0 Minh... Mua cung t\u00ean, Mua cung t\u00ean th\u1ec3 thao, Mua cung t\u00ean H\u00e0 N\u1ed9i, Mua cung t\u00ean ch\u00ednh h\u00e3ng, Mua cung t\u00ean S\u00e0i g\u00f2n, Cung t\u00ean truy\u1ec1n th\u1ed1ng, Cung tr\u1ee3 l\u1ef1c, Cung 3 d\u00e2y, Cung compound, Cung 1 d\u00e2y, Cung recurve, B\u1eafn cung, Ph\u1ee5 ki\u1ec7n b\u1eafn cung, Mua m\u0169i t\u00ean b\u1eafn cung","og_url":"https:\/\/cungtenhanoi.com\/?product=mingbow-mb285","og_site_name":"Cung T\u00ean H\u00e0 N\u1ed9i","article_modified_time":"2025-05-29T01:49:41+00:00","og_image":[{"width":1515,"height":2560,"url":"https:\/\/cungtenhanoi.com\/wp-content\/uploads\/2021\/03\/IMG_7022-scaled.jpeg","type":"image\/jpeg"}],"twitter_card":"summary_large_image","twitter_misc":{"\u01af\u1edbc t\u00ednh th\u1eddi gian \u0111\u1ecdc":"4 ph\u00fat"},"schema":{"@context":"https:\/\/schema.org","@graph":[{"@type":"WebPage","@id":"https:\/\/cungtenhanoi.com\/?product=mingbow-mb285","url":"https:\/\/cungtenhanoi.com\/?product=mingbow-mb285","name":"Cung t\u00ean truy\u1ec1n th\u1ed1ng Mingbow - MB288 - Cung T\u00ean H\u00e0 N\u1ed9i","isPartOf":{"@id":"https:\/\/cungtenhanoi.com\/#website"},"datePublished":"2024-01-09T07:07:18+00:00","dateModified":"2025-05-29T01:49:41+00:00","description":"L\u00e0 m\u1eabu cung truy\u1ec1n th\u1ed1ng nh\u00e0 Minh... Mua cung t\u00ean, Mua cung t\u00ean th\u1ec3 thao, Mua cung t\u00ean H\u00e0 N\u1ed9i, Mua cung t\u00ean ch\u00ednh h\u00e3ng, Mua cung t\u00ean S\u00e0i g\u00f2n, Cung t\u00ean truy\u1ec1n th\u1ed1ng, Cung tr\u1ee3 l\u1ef1c, Cung 3 d\u00e2y, Cung compound, Cung 1 d\u00e2y, Cung recurve, B\u1eafn cung, Ph\u1ee5 ki\u1ec7n b\u1eafn cung, Mua m\u0169i t\u00ean b\u1eafn cung","breadcrumb":{"@id":"https:\/\/cungtenhanoi.com\/?product=mingbow-mb285#breadcrumb"},"inLanguage":"vi","potentialAction":[{"@type":"ReadAction","target":["https:\/\/cungtenhanoi.com\/?product=mingbow-mb285"]}]},{"@type":"BreadcrumbList","@id":"https:\/\/cungtenhanoi.com\/?product=mingbow-mb285#breadcrumb","itemListElement":[{"@type":"ListItem","position":1,"name":"Trang ch\u1ee7","item":"https:\/\/cungtenhanoi.com\/"},{"@type":"ListItem","position":2,"name":"Shop","item":"https:\/\/cungtenhanoi.com\/?page_id=6"},{"@type":"ListItem","position":3,"name":"Cung","item":"https:\/\/cungtenhanoi.com\/danh-muc\/cung\/"},{"@type":"ListItem","position":4,"name":"Cung t\u00ean truy\u1ec1n th\u1ed1ng Mingbow &#8211; MB288"}]},{"@type":"WebSite","@id":"https:\/\/cungtenhanoi.com\/#website","url":"https:\/\/cungtenhanoi.com\/","name":"Cung T\u00ean H\u00e0 N\u1ed9i","description":"Cung c\u1ea5p c\u00e1c lo\u1ea1i cung t\u00ean th\u1ec3 thao s\u1ed1 1 Vi\u1ec7t Nam","publisher":{"@id":"https:\/\/cungtenhanoi.com\/#organization"},"potentialAction":[{"@type":"SearchAction","target":{"@type":"EntryPoint","urlTemplate":"https:\/\/cungtenhanoi.com\/?s={search_term_string}"},"query-input":"required name=search_term_string"}],"inLanguage":"vi"},{"@type":"Organization","@id":"https:\/\/cungtenhanoi.com\/#organization","name":"Cung T\u00ean H\u00e0 N\u1ed9i","url":"https:\/\/cungtenhanoi.com\/","sameAs":[],"logo":{"@type":"ImageObject","inLanguage":"vi","@id":"https:\/\/cungtenhanoi.com\/#\/schema\/logo\/image\/","url":"https:\/\/cungtenhanoi.com\/wp-content\/uploads\/2025\/05\/logo-den-trang.jpg","contentUrl":"https:\/\/cungtenhanoi.com\/wp-content\/uploads\/2025\/05\/logo-den-trang.jpg","width":450,"height":450,"caption":"Cung T\u00ean H\u00e0 N\u1ed9i"},"image":{"@id":"https:\/\/cungtenhanoi.com\/#\/schema\/logo\/image\/"}}]}},"_links":{"self":[{"href":"https:\/\/cungtenhanoi.com\/index.php?rest_route=\/wp\/v2\/product\/15764"}],"collection":[{"href":"https:\/\/cungtenhanoi.com\/index.php?rest_route=\/wp\/v2\/product"}],"about":[{"href":"https:\/\/cungtenhanoi.com\/index.php?rest_route=\/wp\/v2\/types\/product"}],"replies":[{"embeddable":true,"href":"https:\/\/cungtenhanoi.com\/index.php?rest_route=%2Fwp%2Fv2%2Fcomments&post=15764"}],"wp:featuredmedia":[{"embeddable":true,"href":"https:\/\/cungtenhanoi.com\/index.php?rest_route=\/wp\/v2\/media\/15769"}],"wp:attachment":[{"href":"https:\/\/cungtenhanoi.com\/index.php?rest_route=%2Fwp%2Fv2%2Fmedia&parent=15764"}],"wp:term":[{"taxonomy":"product_cat","embeddable":true,"href":"https:\/\/cungtenhanoi.com\/index.php?rest_route=%2Fwp%2Fv2%2Fproduct_cat&post=15764"},{"taxonomy":"product_tag","embeddable":true,"href":"https:\/\/cungtenhanoi.com\/index.php?rest_route=%2Fwp%2Fv2%2Fproduct_tag&post=15764"}],"curies":[{"name":"wp","href":"https:\/\/api.w.org\/{rel}","templated":true}]}}