{"id":15798,"date":"2024-03-26T06:50:52","date_gmt":"2024-03-25T23:50:52","guid":{"rendered":"https:\/\/cungtenhanoi.com\/?post_type=product&#038;p=15798"},"modified":"2025-05-08T13:08:33","modified_gmt":"2025-05-08T06:08:33","slug":"sanlida-dragon-x9-compound-bow","status":"publish","type":"product","link":"https:\/\/cungtenhanoi.com\/?product=sanlida-dragon-x9-compound-bow","title":{"rendered":"Sanlida Dragon X9 compound bow"},"content":{"rendered":"<p class=\"\" style=\"text-align: center;\" data-start=\"121\" data-end=\"171\"><strong data-start=\"121\" data-end=\"171\">Sanlida Dragon X9 \u2013 S\u1ee9c m\u1ea1nh trung h\u00f2a gi\u1eefa Dragon X8 v\u00e0\u00a0 Dragon X10<\/strong><\/p>\n<p class=\"\" style=\"text-align: center;\" data-start=\"173\" data-end=\"284\">Sanlida gi\u1edbi thi\u1ec7u m\u1eabu cung <strong data-start=\"201\" data-end=\"216\">compound Dragon X9<\/strong> \u2013 l\u1ef1a ch\u1ecdn ho\u00e0n h\u1ea3o n\u1eb1m gi\u1eefa hai d\u00f2ng s\u1ea3n ph\u1ea9m n\u1ed5i b\u1eadt X8 v\u00e0 X10.<\/p>\n<p class=\"\" style=\"text-align: center;\" data-start=\"286\" data-end=\"600\">Dragon X9 mang \u0111\u1ebfn ch\u1ea5t l\u01b0\u1ee3ng v\u01b0\u1ee3t tr\u1ed9i so v\u1edbi X8, v\u1edbi thi\u1ebft k\u1ebf m\u1ea1nh m\u1ebd, ch\u1eafc ch\u1eafn h\u01a1n v\u1edbi h\u1ee3p kim 6061 v\u00e0 \u1ea5n t\u01b0\u1ee3ng h\u01a1n, h\u01b0\u1edbng \u0111\u1ebfn nh\u1eefng cung th\u1ee7 \u0111am m\u00ea c\u1ea3m gi\u00e1c m\u1ea1nh v\u00e0 hi\u1ec7u n\u0103ng cao. V\u1edbi l\u1ef1c b\u1eafn l\u00ean \u0111\u1ebfn <strong data-start=\"463\" data-end=\"472\">70lbs<\/strong>, X9 l\u00e0 c\u00e2y cung l\u00fd t\u01b0\u1edfng cho c\u1ea3 luy\u1ec7n t\u1eadp th\u1ec3 thao, thi \u0111\u1ea5u v\u00e0 gi\u1ea3i tr\u00ed. Gi\u00fap b\u1ea1n n\u00e2ng cao \u0111\u1ed9 ch\u00ednh x\u00e1c v\u00e0 tr\u1ea3i nghi\u1ec7m b\u1eafn cung chuy\u00ean nghi\u1ec7p h\u01a1n.<\/p>\n<p style=\"text-align: center;\">m\u1eddi ae xem chi ti\u1ebft t\u1ea1i \u0111\u00e2y<\/p>\n<p style=\"text-align: center;\"><img loading=\"lazy\" class=\"size-medium wp-image-15799 aligncenter\" src=\"https:\/\/cungtenhanoi.com\/wp-content\/uploads\/2024\/03\/27EBCD28-7E54-4388-9C44-59765AE6CB4F-483x400.jpeg\" alt=\"\" width=\"483\" height=\"400\" srcset=\"https:\/\/cungtenhanoi.com\/wp-content\/uploads\/2024\/03\/27EBCD28-7E54-4388-9C44-59765AE6CB4F-483x400.jpeg 483w, https:\/\/cungtenhanoi.com\/wp-content\/uploads\/2024\/03\/27EBCD28-7E54-4388-9C44-59765AE6CB4F-64x53.jpeg 64w, https:\/\/cungtenhanoi.com\/wp-content\/uploads\/2024\/03\/27EBCD28-7E54-4388-9C44-59765AE6CB4F.jpeg 512w\" sizes=\"(max-width: 483px) 100vw, 483px\" \/><img loading=\"lazy\" class=\"alignnone size-medium wp-image-15802\" style=\"font-size: 14.4px;\" src=\"https:\/\/cungtenhanoi.com\/wp-content\/uploads\/2024\/03\/37ADB8F7-840A-438F-A955-38D42BEDA4A6-400x400.jpeg\" alt=\"\" width=\"400\" height=\"400\" srcset=\"https:\/\/cungtenhanoi.com\/wp-content\/uploads\/2024\/03\/37ADB8F7-840A-438F-A955-38D42BEDA4A6-400x400.jpeg 400w, https:\/\/cungtenhanoi.com\/wp-content\/uploads\/2024\/03\/37ADB8F7-840A-438F-A955-38D42BEDA4A6-800x800.jpeg 800w, https:\/\/cungtenhanoi.com\/wp-content\/uploads\/2024\/03\/37ADB8F7-840A-438F-A955-38D42BEDA4A6-280x280.jpeg 280w, https:\/\/cungtenhanoi.com\/wp-content\/uploads\/2024\/03\/37ADB8F7-840A-438F-A955-38D42BEDA4A6-768x768.jpeg 768w, https:\/\/cungtenhanoi.com\/wp-content\/uploads\/2024\/03\/37ADB8F7-840A-438F-A955-38D42BEDA4A6-45x45.jpeg 45w, https:\/\/cungtenhanoi.com\/wp-content\/uploads\/2024\/03\/37ADB8F7-840A-438F-A955-38D42BEDA4A6-300x300.jpeg 300w, https:\/\/cungtenhanoi.com\/wp-content\/uploads\/2024\/03\/37ADB8F7-840A-438F-A955-38D42BEDA4A6-600x600.jpeg 600w, https:\/\/cungtenhanoi.com\/wp-content\/uploads\/2024\/03\/37ADB8F7-840A-438F-A955-38D42BEDA4A6-100x100.jpeg 100w, https:\/\/cungtenhanoi.com\/wp-content\/uploads\/2024\/03\/37ADB8F7-840A-438F-A955-38D42BEDA4A6-64x64.jpeg 64w, https:\/\/cungtenhanoi.com\/wp-content\/uploads\/2024\/03\/37ADB8F7-840A-438F-A955-38D42BEDA4A6.jpeg 1500w\" sizes=\"(max-width: 400px) 100vw, 400px\" \/><img loading=\"lazy\" class=\"alignnone size-medium wp-image-15800\" style=\"font-size: 14.4px;\" src=\"https:\/\/cungtenhanoi.com\/wp-content\/uploads\/2024\/03\/A89C6FEF-DA8C-42C8-9A66-8BFE18721AE6-150x400.jpeg\" alt=\"\" width=\"150\" height=\"400\" srcset=\"https:\/\/cungtenhanoi.com\/wp-content\/uploads\/2024\/03\/A89C6FEF-DA8C-42C8-9A66-8BFE18721AE6-150x400.jpeg 150w, https:\/\/cungtenhanoi.com\/wp-content\/uploads\/2024\/03\/A89C6FEF-DA8C-42C8-9A66-8BFE18721AE6-301x800.jpeg 301w, https:\/\/cungtenhanoi.com\/wp-content\/uploads\/2024\/03\/A89C6FEF-DA8C-42C8-9A66-8BFE18721AE6-64x170.jpeg 64w, https:\/\/cungtenhanoi.com\/wp-content\/uploads\/2024\/03\/A89C6FEF-DA8C-42C8-9A66-8BFE18721AE6.jpeg 376w\" sizes=\"(max-width: 150px) 100vw, 150px\" \/><\/p>\n<p style=\"text-align: center;\"><img loading=\"lazy\" class=\"size-medium wp-image-15801 aligncenter\" src=\"https:\/\/cungtenhanoi.com\/wp-content\/uploads\/2024\/03\/815E5D6D-71C9-4ECD-8B60-3A044B7F2BB0-689x400.jpeg\" alt=\"\" width=\"689\" height=\"400\" srcset=\"https:\/\/cungtenhanoi.com\/wp-content\/uploads\/2024\/03\/815E5D6D-71C9-4ECD-8B60-3A044B7F2BB0-689x400.jpeg 689w, https:\/\/cungtenhanoi.com\/wp-content\/uploads\/2024\/03\/815E5D6D-71C9-4ECD-8B60-3A044B7F2BB0-768x446.jpeg 768w, https:\/\/cungtenhanoi.com\/wp-content\/uploads\/2024\/03\/815E5D6D-71C9-4ECD-8B60-3A044B7F2BB0-600x348.jpeg 600w, https:\/\/cungtenhanoi.com\/wp-content\/uploads\/2024\/03\/815E5D6D-71C9-4ECD-8B60-3A044B7F2BB0-64x37.jpeg 64w, https:\/\/cungtenhanoi.com\/wp-content\/uploads\/2024\/03\/815E5D6D-71C9-4ECD-8B60-3A044B7F2BB0.jpeg 1284w\" sizes=\"(max-width: 689px) 100vw, 689px\" \/><\/p>\n<p><iframe loading=\"lazy\" title=\"\u0110\u00e1nh gi\u00e1 chi ti\u1ebft Full option Dragon X9\" width=\"1020\" height=\"574\" src=\"https:\/\/www.youtube.com\/embed\/HLmAPXMLqIo?feature=oembed\" frameborder=\"0\" allow=\"accelerometer; autoplay; clipboard-write; encrypted-media; gyroscope; picture-in-picture; web-share\" referrerpolicy=\"strict-origin-when-cross-origin\" allowfullscreen><\/iframe><\/p>\n","protected":false},"excerpt":{"rendered":"<p>Sanlida Dragon X9 \u2013 S\u1ee9c m\u1ea1nh trung h\u00f2a gi\u1eefa Dragon X8 v\u00e0\u00a0 Dragon X10 Sanlida gi\u1edbi thi\u1ec7u m\u1eabu cung compound Dragon X9 \u2013 l\u1ef1a ch\u1ecdn ho\u00e0n h\u1ea3o n\u1eb1m gi\u1eefa hai d\u00f2ng s\u1ea3n ph\u1ea9m n\u1ed5i b\u1eadt X8 v\u00e0 X10. Dragon X9 mang \u0111\u1ebfn ch\u1ea5t l\u01b0\u1ee3ng v\u01b0\u1ee3t tr\u1ed9i so v\u1edbi X8, v\u1edbi thi\u1ebft k\u1ebf m\u1ea1nh m\u1ebd, ch\u1eafc<\/p>\n","protected":false},"featured_media":15802,"comment_status":"open","ping_status":"closed","template":"","meta":[],"product_cat":[17],"product_tag":[198,1384,94,168,1345,1348,1346,1383,424,1347],"acf":[],"yoast_head":"<!-- This site is optimized with the Yoast SEO plugin v19.8 - https:\/\/yoast.com\/wordpress\/plugins\/seo\/ -->\n<title>Sanlida Dragon X9 compound bow - Cung T\u00ean H\u00e0 N\u1ed9i<\/title>\n<meta name=\"description\" content=\"L\u00e0 d\u00f2ng cung compound hunting ch\u1ec9 \u0111\u1ee9ng sau Dragon X10 c\u1ee7a nh\u00e0 Sanlida... Mua cung t\u00ean, Mua cung t\u00ean th\u1ec3 thao, Mua cung t\u00ean H\u00e0 N\u1ed9i, Mua cung t\u00ean ch\u00ednh h\u00e3ng, Mua cung t\u00ean S\u00e0i g\u00f2n, Cung t\u00ean truy\u1ec1n th\u1ed1ng, Cung tr\u1ee3 l\u1ef1c, Cung 3 d\u00e2y, Cung compound, Cung 1 d\u00e2y, Cung recurve, B\u1eafn cung, Ph\u1ee5 ki\u1ec7n b\u1eafn cung, Mua m\u0169i t\u00ean b\u1eafn cung\" \/>\n<meta name=\"robots\" content=\"index, follow, max-snippet:-1, max-image-preview:large, max-video-preview:-1\" \/>\n<link rel=\"canonical\" href=\"https:\/\/cungtenhanoi.com\/?product=sanlida-dragon-x9-compound-bow\" \/>\n<meta property=\"og:locale\" content=\"vi_VN\" \/>\n<meta property=\"og:type\" content=\"article\" \/>\n<meta property=\"og:title\" content=\"Sanlida Dragon X9\" \/>\n<meta property=\"og:description\" content=\"Sanlida Dragon X9 cung tr\u1ee3 l\u1ef1c si\u00eau m\u1ea1nh \u0111\u1ebfn t\u1eeb Sanlida\" \/>\n<meta property=\"og:url\" content=\"https:\/\/cungtenhanoi.com\/?product=sanlida-dragon-x9-compound-bow\" \/>\n<meta property=\"og:site_name\" content=\"Cung T\u00ean H\u00e0 N\u1ed9i\" \/>\n<meta property=\"article:modified_time\" content=\"2025-05-08T06:08:33+00:00\" \/>\n<meta property=\"og:image\" content=\"https:\/\/cungtenhanoi.com\/wp-content\/uploads\/2024\/03\/37ADB8F7-840A-438F-A955-38D42BEDA4A6.jpeg\" \/>\n\t<meta property=\"og:image:width\" content=\"1500\" \/>\n\t<meta property=\"og:image:height\" content=\"1500\" \/>\n\t<meta property=\"og:image:type\" content=\"image\/jpeg\" \/>\n<meta name=\"twitter:card\" content=\"summary_large_image\" \/>\n<meta name=\"twitter:label1\" content=\"\u01af\u1edbc t\u00ednh th\u1eddi gian \u0111\u1ecdc\" \/>\n\t<meta name=\"twitter:data1\" content=\"2 ph\u00fat\" \/>\n<script type=\"application\/ld+json\" class=\"yoast-schema-graph\">{\"@context\":\"https:\/\/schema.org\",\"@graph\":[{\"@type\":\"WebPage\",\"@id\":\"https:\/\/cungtenhanoi.com\/?product=sanlida-dragon-x9-compound-bow\",\"url\":\"https:\/\/cungtenhanoi.com\/?product=sanlida-dragon-x9-compound-bow\",\"name\":\"Sanlida Dragon X9 compound bow - Cung T\u00ean H\u00e0 N\u1ed9i\",\"isPartOf\":{\"@id\":\"https:\/\/cungtenhanoi.com\/#website\"},\"datePublished\":\"2024-03-25T23:50:52+00:00\",\"dateModified\":\"2025-05-08T06:08:33+00:00\",\"description\":\"L\u00e0 d\u00f2ng cung compound hunting ch\u1ec9 \u0111\u1ee9ng sau Dragon X10 c\u1ee7a nh\u00e0 Sanlida... Mua cung t\u00ean, Mua cung t\u00ean th\u1ec3 thao, Mua cung t\u00ean H\u00e0 N\u1ed9i, Mua cung t\u00ean ch\u00ednh h\u00e3ng, Mua cung t\u00ean S\u00e0i g\u00f2n, Cung t\u00ean truy\u1ec1n th\u1ed1ng, Cung tr\u1ee3 l\u1ef1c, Cung 3 d\u00e2y, Cung compound, Cung 1 d\u00e2y, Cung recurve, B\u1eafn cung, Ph\u1ee5 ki\u1ec7n b\u1eafn cung, Mua m\u0169i t\u00ean b\u1eafn cung\",\"breadcrumb\":{\"@id\":\"https:\/\/cungtenhanoi.com\/?product=sanlida-dragon-x9-compound-bow#breadcrumb\"},\"inLanguage\":\"vi\",\"potentialAction\":[{\"@type\":\"ReadAction\",\"target\":[\"https:\/\/cungtenhanoi.com\/?product=sanlida-dragon-x9-compound-bow\"]}]},{\"@type\":\"BreadcrumbList\",\"@id\":\"https:\/\/cungtenhanoi.com\/?product=sanlida-dragon-x9-compound-bow#breadcrumb\",\"itemListElement\":[{\"@type\":\"ListItem\",\"position\":1,\"name\":\"Trang ch\u1ee7\",\"item\":\"https:\/\/cungtenhanoi.com\/\"},{\"@type\":\"ListItem\",\"position\":2,\"name\":\"Shop\",\"item\":\"https:\/\/cungtenhanoi.com\/?page_id=6\"},{\"@type\":\"ListItem\",\"position\":3,\"name\":\"Cung\",\"item\":\"https:\/\/cungtenhanoi.com\/danh-muc\/cung\/\"},{\"@type\":\"ListItem\",\"position\":4,\"name\":\"Sanlida Dragon X9 compound bow\"}]},{\"@type\":\"WebSite\",\"@id\":\"https:\/\/cungtenhanoi.com\/#website\",\"url\":\"https:\/\/cungtenhanoi.com\/\",\"name\":\"Cung T\u00ean H\u00e0 N\u1ed9i\",\"description\":\"Cung c\u1ea5p c\u00e1c lo\u1ea1i cung t\u00ean th\u1ec3 thao s\u1ed1 1 Vi\u1ec7t Nam\",\"publisher\":{\"@id\":\"https:\/\/cungtenhanoi.com\/#organization\"},\"potentialAction\":[{\"@type\":\"SearchAction\",\"target\":{\"@type\":\"EntryPoint\",\"urlTemplate\":\"https:\/\/cungtenhanoi.com\/?s={search_term_string}\"},\"query-input\":\"required name=search_term_string\"}],\"inLanguage\":\"vi\"},{\"@type\":\"Organization\",\"@id\":\"https:\/\/cungtenhanoi.com\/#organization\",\"name\":\"Cung T\u00ean H\u00e0 N\u1ed9i\",\"url\":\"https:\/\/cungtenhanoi.com\/\",\"sameAs\":[],\"logo\":{\"@type\":\"ImageObject\",\"inLanguage\":\"vi\",\"@id\":\"https:\/\/cungtenhanoi.com\/#\/schema\/logo\/image\/\",\"url\":\"https:\/\/cungtenhanoi.com\/wp-content\/uploads\/2025\/05\/logo-den-trang.jpg\",\"contentUrl\":\"https:\/\/cungtenhanoi.com\/wp-content\/uploads\/2025\/05\/logo-den-trang.jpg\",\"width\":450,\"height\":450,\"caption\":\"Cung T\u00ean H\u00e0 N\u1ed9i\"},\"image\":{\"@id\":\"https:\/\/cungtenhanoi.com\/#\/schema\/logo\/image\/\"}}]}<\/script>\n<!-- \/ Yoast SEO plugin. -->","yoast_head_json":{"title":"Sanlida Dragon X9 compound bow - Cung T\u00ean H\u00e0 N\u1ed9i","description":"L\u00e0 d\u00f2ng cung compound hunting ch\u1ec9 \u0111\u1ee9ng sau Dragon X10 c\u1ee7a nh\u00e0 Sanlida... Mua cung t\u00ean, Mua cung t\u00ean th\u1ec3 thao, Mua cung t\u00ean H\u00e0 N\u1ed9i, Mua cung t\u00ean ch\u00ednh h\u00e3ng, Mua cung t\u00ean S\u00e0i g\u00f2n, Cung t\u00ean truy\u1ec1n th\u1ed1ng, Cung tr\u1ee3 l\u1ef1c, Cung 3 d\u00e2y, Cung compound, Cung 1 d\u00e2y, Cung recurve, B\u1eafn cung, Ph\u1ee5 ki\u1ec7n b\u1eafn cung, Mua m\u0169i t\u00ean b\u1eafn cung","robots":{"index":"index","follow":"follow","max-snippet":"max-snippet:-1","max-image-preview":"max-image-preview:large","max-video-preview":"max-video-preview:-1"},"canonical":"https:\/\/cungtenhanoi.com\/?product=sanlida-dragon-x9-compound-bow","og_locale":"vi_VN","og_type":"article","og_title":"Sanlida Dragon X9","og_description":"Sanlida Dragon X9 cung tr\u1ee3 l\u1ef1c si\u00eau m\u1ea1nh \u0111\u1ebfn t\u1eeb Sanlida","og_url":"https:\/\/cungtenhanoi.com\/?product=sanlida-dragon-x9-compound-bow","og_site_name":"Cung T\u00ean H\u00e0 N\u1ed9i","article_modified_time":"2025-05-08T06:08:33+00:00","og_image":[{"width":1500,"height":1500,"url":"https:\/\/cungtenhanoi.com\/wp-content\/uploads\/2024\/03\/37ADB8F7-840A-438F-A955-38D42BEDA4A6.jpeg","type":"image\/jpeg"}],"twitter_card":"summary_large_image","twitter_misc":{"\u01af\u1edbc t\u00ednh th\u1eddi gian \u0111\u1ecdc":"2 ph\u00fat"},"schema":{"@context":"https:\/\/schema.org","@graph":[{"@type":"WebPage","@id":"https:\/\/cungtenhanoi.com\/?product=sanlida-dragon-x9-compound-bow","url":"https:\/\/cungtenhanoi.com\/?product=sanlida-dragon-x9-compound-bow","name":"Sanlida Dragon X9 compound bow - Cung T\u00ean H\u00e0 N\u1ed9i","isPartOf":{"@id":"https:\/\/cungtenhanoi.com\/#website"},"datePublished":"2024-03-25T23:50:52+00:00","dateModified":"2025-05-08T06:08:33+00:00","description":"L\u00e0 d\u00f2ng cung compound hunting ch\u1ec9 \u0111\u1ee9ng sau Dragon X10 c\u1ee7a nh\u00e0 Sanlida... Mua cung t\u00ean, Mua cung t\u00ean th\u1ec3 thao, Mua cung t\u00ean H\u00e0 N\u1ed9i, Mua cung t\u00ean ch\u00ednh h\u00e3ng, Mua cung t\u00ean S\u00e0i g\u00f2n, Cung t\u00ean truy\u1ec1n th\u1ed1ng, Cung tr\u1ee3 l\u1ef1c, Cung 3 d\u00e2y, Cung compound, Cung 1 d\u00e2y, Cung recurve, B\u1eafn cung, Ph\u1ee5 ki\u1ec7n b\u1eafn cung, Mua m\u0169i t\u00ean b\u1eafn cung","breadcrumb":{"@id":"https:\/\/cungtenhanoi.com\/?product=sanlida-dragon-x9-compound-bow#breadcrumb"},"inLanguage":"vi","potentialAction":[{"@type":"ReadAction","target":["https:\/\/cungtenhanoi.com\/?product=sanlida-dragon-x9-compound-bow"]}]},{"@type":"BreadcrumbList","@id":"https:\/\/cungtenhanoi.com\/?product=sanlida-dragon-x9-compound-bow#breadcrumb","itemListElement":[{"@type":"ListItem","position":1,"name":"Trang ch\u1ee7","item":"https:\/\/cungtenhanoi.com\/"},{"@type":"ListItem","position":2,"name":"Shop","item":"https:\/\/cungtenhanoi.com\/?page_id=6"},{"@type":"ListItem","position":3,"name":"Cung","item":"https:\/\/cungtenhanoi.com\/danh-muc\/cung\/"},{"@type":"ListItem","position":4,"name":"Sanlida Dragon X9 compound bow"}]},{"@type":"WebSite","@id":"https:\/\/cungtenhanoi.com\/#website","url":"https:\/\/cungtenhanoi.com\/","name":"Cung T\u00ean H\u00e0 N\u1ed9i","description":"Cung c\u1ea5p c\u00e1c lo\u1ea1i cung t\u00ean th\u1ec3 thao s\u1ed1 1 Vi\u1ec7t Nam","publisher":{"@id":"https:\/\/cungtenhanoi.com\/#organization"},"potentialAction":[{"@type":"SearchAction","target":{"@type":"EntryPoint","urlTemplate":"https:\/\/cungtenhanoi.com\/?s={search_term_string}"},"query-input":"required name=search_term_string"}],"inLanguage":"vi"},{"@type":"Organization","@id":"https:\/\/cungtenhanoi.com\/#organization","name":"Cung T\u00ean H\u00e0 N\u1ed9i","url":"https:\/\/cungtenhanoi.com\/","sameAs":[],"logo":{"@type":"ImageObject","inLanguage":"vi","@id":"https:\/\/cungtenhanoi.com\/#\/schema\/logo\/image\/","url":"https:\/\/cungtenhanoi.com\/wp-content\/uploads\/2025\/05\/logo-den-trang.jpg","contentUrl":"https:\/\/cungtenhanoi.com\/wp-content\/uploads\/2025\/05\/logo-den-trang.jpg","width":450,"height":450,"caption":"Cung T\u00ean H\u00e0 N\u1ed9i"},"image":{"@id":"https:\/\/cungtenhanoi.com\/#\/schema\/logo\/image\/"}}]}},"_links":{"self":[{"href":"https:\/\/cungtenhanoi.com\/index.php?rest_route=\/wp\/v2\/product\/15798"}],"collection":[{"href":"https:\/\/cungtenhanoi.com\/index.php?rest_route=\/wp\/v2\/product"}],"about":[{"href":"https:\/\/cungtenhanoi.com\/index.php?rest_route=\/wp\/v2\/types\/product"}],"replies":[{"embeddable":true,"href":"https:\/\/cungtenhanoi.com\/index.php?rest_route=%2Fwp%2Fv2%2Fcomments&post=15798"}],"wp:featuredmedia":[{"embeddable":true,"href":"https:\/\/cungtenhanoi.com\/index.php?rest_route=\/wp\/v2\/media\/15802"}],"wp:attachment":[{"href":"https:\/\/cungtenhanoi.com\/index.php?rest_route=%2Fwp%2Fv2%2Fmedia&parent=15798"}],"wp:term":[{"taxonomy":"product_cat","embeddable":true,"href":"https:\/\/cungtenhanoi.com\/index.php?rest_route=%2Fwp%2Fv2%2Fproduct_cat&post=15798"},{"taxonomy":"product_tag","embeddable":true,"href":"https:\/\/cungtenhanoi.com\/index.php?rest_route=%2Fwp%2Fv2%2Fproduct_tag&post=15798"}],"curies":[{"name":"wp","href":"https:\/\/api.w.org\/{rel}","templated":true}]}}