{"id":15804,"date":"2024-04-04T12:31:00","date_gmt":"2024-04-04T05:31:00","guid":{"rendered":"https:\/\/cungtenhanoi.com\/?post_type=product&#038;p=15804"},"modified":"2026-04-14T13:12:01","modified_gmt":"2026-04-14T06:12:01","slug":"sanlida-dragon-x10-compound","status":"publish","type":"product","link":"https:\/\/cungtenhanoi.com\/?product=sanlida-dragon-x10-compound","title":{"rendered":"Sanlida Dragon X10 Compound"},"content":{"rendered":"<div class=\"xdj266r x11i5rnm xat24cr x1mh8g0r x1vvkbs x126k92a\">\n<div dir=\"auto\" style=\"text-align: center;\"><\/div>\n<div dir=\"auto\" style=\"text-align: center;\">\u00a0| DRAGON X10 \u2013 V\u01b0\u1ee3t M\u1ecdi Gi\u1edbi H\u1ea1n &#8211; Ch\u00ednh Ph\u1ee5c Th\u1eed Th\u00e1ch<\/div>\n<\/div>\n<div class=\"x11i5rnm xat24cr x1mh8g0r x1vvkbs xtlvy1s x126k92a\" style=\"text-align: center;\">\n<div dir=\"auto\"><\/div>\n<div dir=\"auto\">S\u1ee9c m\u1ea1nh \u2013 Ch\u00ednh x\u00e1c \u2013 B\u1ec1n b\u1ec9<\/div>\n<div dir=\"auto\"><strong>Phi\u00ean b\u1ea3n cao c\u1ea5p nh\u1ea5t c\u1ee7a d\u00f2ng compound hunting nh\u00e0 Sanlida<\/strong><\/div>\n<div dir=\"auto\">Combo cung Dragon X10 full ph\u1ee5 ki\u1ec7n cao c\u1ea5p, s\u1eb5n s\u00e0ng \u0111\u1ed3ng h\u00e0nh.<\/div>\n<div dir=\"auto\">\u2022 Riser nh\u00f4m CNC si\u00eau b\u1ec1n, si\u00eau c\u1ee9ng v\u1edbi l\u1ef1c b\u1eafn 70lbs t\u1ed1c \u0111\u1ed9 b\u1eafn l\u00ean \u0111\u1ebfn 340fps\/s tr\u1ee3 l\u1ef1c \u0111\u1ebfn 80%.<\/div>\n<div dir=\"auto\">\u2022 Th\u01b0\u1edbc ng\u1eafm Tommy Hogg \u2013 chu\u1ea9n t\u1eebng cm<\/div>\n<div dir=\"auto\">\u2022 K\u00ecm b\u1eafn Shark Scott \u2013 m\u01b0\u1ee3t &amp; \u00eam<\/div>\n<div dir=\"auto\">\u2022 M\u0169i t\u00ean carbon nguy\u00ean ch\u1ea5t, b\u1ec1n b\u1ec9 v\u00e0 \u1ed5n \u0111\u1ecbnh<\/div>\n<div dir=\"auto\">\u2022 \u0110\u1ee1 t\u00ean Apache ti\u1ec7n l\u1ee3i hi\u1ec7u qu\u1ea3.<\/div>\n<div dir=\"auto\">=&gt; T\u1ea5t c\u1ea3 \u0111\u01b0\u1ee3c t\u1ed1i \u01b0u \u0111\u1ec3 chinh ph\u1ee5c m\u1ee5c ti\u00eau nhanh \u2013 ch\u00ednh x\u00e1c tuy\u1ec7t \u0111\u1ed1i!<\/div>\n<\/div>\n<div class=\"x11i5rnm xat24cr x1mh8g0r x1vvkbs xtlvy1s x126k92a\" style=\"text-align: center;\">\n<div dir=\"auto\">B\u1ea3n l\u0129nh n\u1eb1m \u1edf l\u1ef1a ch\u1ecdn.<\/div>\n<div dir=\"auto\"><span style=\"color: #555555; font-size: 14.4px;\">2 phi\u00ean b\u1ea3n l\u1ef1c b\u1eafn: 50 ~ 60LBS; 60 ~ 70 LBS<\/span><\/div>\n<\/div>\n<p style=\"text-align: center;\">\u00a0(sedang Cam):27 &#8220;-30&#8221;<\/p>\n<p style=\"text-align: center;\">\u00a0(kamera besar):30 &#8220;-32&#8221;<\/p>\n<p style=\"text-align: center;\">Cung tr\u1ea7n: 12.900.000 VN\u0110<br \/>\nFull c\u01a1 b\u1ea3n : 13.990.000 VN\u0110<\/p>\n<p style=\"text-align: center;\">Full h\u00e3ng Cao c\u1ea5p 27.000.000 VN\u0110_ Li\u1ec7n h\u1ec7 \u0111\u1ec3 l\u1ea5y th\u00f4ng tin chi ti\u1ebft<\/p>\n<p style=\"text-align: center;\"><img loading=\"lazy\" class=\" wp-image-16040 aligncenter\" src=\"https:\/\/cungtenhanoi.com\/wp-content\/uploads\/2024\/04\/IMG_9106-300x400.jpeg\" alt=\"\" width=\"402\" height=\"536\" srcset=\"https:\/\/cungtenhanoi.com\/wp-content\/uploads\/2024\/04\/IMG_9106-300x400.jpeg 300w, https:\/\/cungtenhanoi.com\/wp-content\/uploads\/2024\/04\/IMG_9106-600x800.jpeg 600w, https:\/\/cungtenhanoi.com\/wp-content\/uploads\/2024\/04\/IMG_9106-768x1024.jpeg 768w, https:\/\/cungtenhanoi.com\/wp-content\/uploads\/2024\/04\/IMG_9106-1152x1536.jpeg 1152w, https:\/\/cungtenhanoi.com\/wp-content\/uploads\/2024\/04\/IMG_9106-1536x2048.jpeg 1536w, https:\/\/cungtenhanoi.com\/wp-content\/uploads\/2024\/04\/IMG_9106-64x85.jpeg 64w, https:\/\/cungtenhanoi.com\/wp-content\/uploads\/2024\/04\/IMG_9106-scaled.jpeg 1920w\" sizes=\"(max-width: 402px) 100vw, 402px\" \/><\/p>\n<p style=\"text-align: center;\"><span data-spm-anchor-id=\"a2g0o.detail.1000023.i0.70bbe6f6v0yF2q\"><img loading=\"lazy\" class=\"size-medium wp-image-15807 aligncenter\" src=\"https:\/\/cungtenhanoi.com\/wp-content\/uploads\/2024\/04\/4381D20C-F4B7-42C8-93A0-F21FD902AB2B-400x400.png\" alt=\"\" width=\"400\" height=\"400\" srcset=\"https:\/\/cungtenhanoi.com\/wp-content\/uploads\/2024\/04\/4381D20C-F4B7-42C8-93A0-F21FD902AB2B-400x400.png 400w, https:\/\/cungtenhanoi.com\/wp-content\/uploads\/2024\/04\/4381D20C-F4B7-42C8-93A0-F21FD902AB2B-280x280.png 280w, https:\/\/cungtenhanoi.com\/wp-content\/uploads\/2024\/04\/4381D20C-F4B7-42C8-93A0-F21FD902AB2B-45x45.png 45w, https:\/\/cungtenhanoi.com\/wp-content\/uploads\/2024\/04\/4381D20C-F4B7-42C8-93A0-F21FD902AB2B-300x300.png 300w, https:\/\/cungtenhanoi.com\/wp-content\/uploads\/2024\/04\/4381D20C-F4B7-42C8-93A0-F21FD902AB2B-600x600.png 600w, https:\/\/cungtenhanoi.com\/wp-content\/uploads\/2024\/04\/4381D20C-F4B7-42C8-93A0-F21FD902AB2B-100x100.png 100w, https:\/\/cungtenhanoi.com\/wp-content\/uploads\/2024\/04\/4381D20C-F4B7-42C8-93A0-F21FD902AB2B-64x64.png 64w, https:\/\/cungtenhanoi.com\/wp-content\/uploads\/2024\/04\/4381D20C-F4B7-42C8-93A0-F21FD902AB2B.png 762w\" sizes=\"(max-width: 400px) 100vw, 400px\" \/><\/span><\/p>\n<p style=\"text-align: center;\"><span data-spm-anchor-id=\"a2g0o.detail.1000023.i0.70bbe6f6v0yF2q\"> <img loading=\"lazy\" class=\" wp-image-15808 aligncenter\" src=\"https:\/\/cungtenhanoi.com\/wp-content\/uploads\/2024\/04\/AC88894F-0DA6-4506-B696-F34A4754DAF8-276x400.jpeg\" alt=\"\" width=\"395\" height=\"573\" srcset=\"https:\/\/cungtenhanoi.com\/wp-content\/uploads\/2024\/04\/AC88894F-0DA6-4506-B696-F34A4754DAF8-276x400.jpeg 276w, https:\/\/cungtenhanoi.com\/wp-content\/uploads\/2024\/04\/AC88894F-0DA6-4506-B696-F34A4754DAF8-551x800.jpeg 551w, https:\/\/cungtenhanoi.com\/wp-content\/uploads\/2024\/04\/AC88894F-0DA6-4506-B696-F34A4754DAF8-768x1115.jpeg 768w, https:\/\/cungtenhanoi.com\/wp-content\/uploads\/2024\/04\/AC88894F-0DA6-4506-B696-F34A4754DAF8-1058x1536.jpeg 1058w, https:\/\/cungtenhanoi.com\/wp-content\/uploads\/2024\/04\/AC88894F-0DA6-4506-B696-F34A4754DAF8-600x871.jpeg 600w, https:\/\/cungtenhanoi.com\/wp-content\/uploads\/2024\/04\/AC88894F-0DA6-4506-B696-F34A4754DAF8-64x93.jpeg 64w, https:\/\/cungtenhanoi.com\/wp-content\/uploads\/2024\/04\/AC88894F-0DA6-4506-B696-F34A4754DAF8.jpeg 1411w\" sizes=\"(max-width: 395px) 100vw, 395px\" \/> <\/span><\/p>\n<p style=\"text-align: center;\"><img loading=\"lazy\" class=\" wp-image-15811 aligncenter\" src=\"https:\/\/cungtenhanoi.com\/wp-content\/uploads\/2024\/04\/14386d5e-77dd-4118-ac3e-a281e1c620f6.__CR00362453_PT0_SX362_V1___-320x400.jpg\" alt=\"\" width=\"397\" height=\"496\" srcset=\"https:\/\/cungtenhanoi.com\/wp-content\/uploads\/2024\/04\/14386d5e-77dd-4118-ac3e-a281e1c620f6.__CR00362453_PT0_SX362_V1___-320x400.jpg 320w, https:\/\/cungtenhanoi.com\/wp-content\/uploads\/2024\/04\/14386d5e-77dd-4118-ac3e-a281e1c620f6.__CR00362453_PT0_SX362_V1___-64x80.jpg 64w, https:\/\/cungtenhanoi.com\/wp-content\/uploads\/2024\/04\/14386d5e-77dd-4118-ac3e-a281e1c620f6.__CR00362453_PT0_SX362_V1___.jpg 362w\" sizes=\"(max-width: 397px) 100vw, 397px\" \/> <img loading=\"lazy\" class=\"size-medium wp-image-15812 aligncenter\" src=\"https:\/\/cungtenhanoi.com\/wp-content\/uploads\/2024\/04\/170575708765abc99f440ea-400x400.jpg\" alt=\"\" width=\"400\" height=\"400\" srcset=\"https:\/\/cungtenhanoi.com\/wp-content\/uploads\/2024\/04\/170575708765abc99f440ea-400x400.jpg 400w, https:\/\/cungtenhanoi.com\/wp-content\/uploads\/2024\/04\/170575708765abc99f440ea-800x800.jpg 800w, https:\/\/cungtenhanoi.com\/wp-content\/uploads\/2024\/04\/170575708765abc99f440ea-280x280.jpg 280w, https:\/\/cungtenhanoi.com\/wp-content\/uploads\/2024\/04\/170575708765abc99f440ea-768x768.jpg 768w, https:\/\/cungtenhanoi.com\/wp-content\/uploads\/2024\/04\/170575708765abc99f440ea-45x45.jpg 45w, https:\/\/cungtenhanoi.com\/wp-content\/uploads\/2024\/04\/170575708765abc99f440ea-300x300.jpg 300w, https:\/\/cungtenhanoi.com\/wp-content\/uploads\/2024\/04\/170575708765abc99f440ea-600x600.jpg 600w, https:\/\/cungtenhanoi.com\/wp-content\/uploads\/2024\/04\/170575708765abc99f440ea-100x100.jpg 100w, https:\/\/cungtenhanoi.com\/wp-content\/uploads\/2024\/04\/170575708765abc99f440ea-64x64.jpg 64w, https:\/\/cungtenhanoi.com\/wp-content\/uploads\/2024\/04\/170575708765abc99f440ea.jpg 1500w\" sizes=\"(max-width: 400px) 100vw, 400px\" \/><img loading=\"lazy\" class=\"size-medium wp-image-15809 aligncenter\" style=\"font-size: 14.4px;\" src=\"https:\/\/cungtenhanoi.com\/wp-content\/uploads\/2024\/04\/50BCB40F-8DFF-41F1-8751-86F15779FB75-533x400.jpeg\" alt=\"\" width=\"533\" height=\"400\" srcset=\"https:\/\/cungtenhanoi.com\/wp-content\/uploads\/2024\/04\/50BCB40F-8DFF-41F1-8751-86F15779FB75-533x400.jpeg 533w, https:\/\/cungtenhanoi.com\/wp-content\/uploads\/2024\/04\/50BCB40F-8DFF-41F1-8751-86F15779FB75-1067x800.jpeg 1067w, https:\/\/cungtenhanoi.com\/wp-content\/uploads\/2024\/04\/50BCB40F-8DFF-41F1-8751-86F15779FB75-768x576.jpeg 768w, https:\/\/cungtenhanoi.com\/wp-content\/uploads\/2024\/04\/50BCB40F-8DFF-41F1-8751-86F15779FB75-1536x1152.jpeg 1536w, https:\/\/cungtenhanoi.com\/wp-content\/uploads\/2024\/04\/50BCB40F-8DFF-41F1-8751-86F15779FB75-2048x1536.jpeg 2048w, https:\/\/cungtenhanoi.com\/wp-content\/uploads\/2024\/04\/50BCB40F-8DFF-41F1-8751-86F15779FB75-600x450.jpeg 600w, https:\/\/cungtenhanoi.com\/wp-content\/uploads\/2024\/04\/50BCB40F-8DFF-41F1-8751-86F15779FB75-64x48.jpeg 64w\" sizes=\"(max-width: 533px) 100vw, 533px\" \/><\/p>\n<p><iframe loading=\"lazy\" title=\"Cung t\u00ean tr\u1ee3 l\u1ef1c si\u00eau m\u1ea1nh Dragon X10 \" width=\"1020\" height=\"574\" src=\"https:\/\/www.youtube.com\/embed\/leWffE6kO14?feature=oembed\" frameborder=\"0\" allow=\"accelerometer; autoplay; clipboard-write; encrypted-media; gyroscope; picture-in-picture; web-share\" referrerpolicy=\"strict-origin-when-cross-origin\" allowfullscreen><\/iframe><\/p>\n<p>&nbsp;<\/p>\n","protected":false},"excerpt":{"rendered":"<p>\u00a0| DRAGON X10 \u2013 V\u01b0\u1ee3t M\u1ecdi Gi\u1edbi H\u1ea1n &#8211; Ch\u00ednh Ph\u1ee5c Th\u1eed Th\u00e1ch S\u1ee9c m\u1ea1nh \u2013 Ch\u00ednh x\u00e1c \u2013 B\u1ec1n b\u1ec9 Phi\u00ean b\u1ea3n cao c\u1ea5p nh\u1ea5t c\u1ee7a d\u00f2ng compound hunting nh\u00e0 Sanlida Combo cung Dragon X10 full ph\u1ee5 ki\u1ec7n cao c\u1ea5p, s\u1eb5n s\u00e0ng \u0111\u1ed3ng h\u00e0nh. \u2022 Riser nh\u00f4m CNC si\u00eau b\u1ec1n, si\u00eau c\u1ee9ng v\u1edbi l\u1ef1c<\/p>\n","protected":false},"featured_media":15808,"comment_status":"open","ping_status":"closed","template":"","meta":[],"product_cat":[17],"product_tag":[34,94,168,1349,56,520,218],"acf":[],"yoast_head":"<!-- This site is optimized with the Yoast SEO plugin v19.8 - https:\/\/yoast.com\/wordpress\/plugins\/seo\/ -->\n<title>Sanlida Dragon X10 Compound - Cung T\u00ean H\u00e0 N\u1ed9i<\/title>\n<meta name=\"description\" content=\"L\u00e0 d\u00f2ng cung compound hunting t\u1ed1t nh\u1ea5t c\u1ee7a Sanlida... Mua cung t\u00ean, Mua cung t\u00ean th\u1ec3 thao, Mua cung t\u00ean H\u00e0 N\u1ed9i, Mua cung t\u00ean ch\u00ednh h\u00e3ng, Mua cung t\u00ean S\u00e0i g\u00f2n, Cung t\u00ean truy\u1ec1n th\u1ed1ng, Cung tr\u1ee3 l\u1ef1c, Cung 3 d\u00e2y, Cung compound, Cung 1 d\u00e2y, Cung recurve, B\u1eafn cung, Ph\u1ee5 ki\u1ec7n b\u1eafn cung, Mua m\u0169i t\u00ean b\u1eafn cung, dragon X10, Dragon\" \/>\n<meta name=\"robots\" content=\"index, follow, max-snippet:-1, max-image-preview:large, max-video-preview:-1\" \/>\n<link rel=\"canonical\" href=\"https:\/\/cungtenhanoi.com\/?product=sanlida-dragon-x10-compound\" \/>\n<meta property=\"og:locale\" content=\"vi_VN\" \/>\n<meta property=\"og:type\" content=\"article\" \/>\n<meta property=\"og:title\" content=\"Cung compound Sanlida Dragon X10\" \/>\n<meta property=\"og:description\" content=\"Cung tr\u1ee3 l\u1ef1c Dragon X10 c\u1ee7a Sanlida\" \/>\n<meta property=\"og:url\" content=\"https:\/\/cungtenhanoi.com\/?product=sanlida-dragon-x10-compound\" \/>\n<meta property=\"og:site_name\" content=\"Cung T\u00ean H\u00e0 N\u1ed9i\" \/>\n<meta property=\"article:modified_time\" content=\"2026-04-14T06:12:01+00:00\" \/>\n<meta property=\"og:image\" content=\"https:\/\/cungtenhanoi.com\/wp-content\/uploads\/2025\/04\/IMG_0554-370x800.png\" \/>\n\t<meta property=\"og:image:width\" content=\"370\" \/>\n\t<meta property=\"og:image:height\" content=\"800\" \/>\n\t<meta property=\"og:image:type\" content=\"image\/png\" \/>\n<meta name=\"twitter:card\" content=\"summary_large_image\" \/>\n<meta name=\"twitter:label1\" content=\"\u01af\u1edbc t\u00ednh th\u1eddi gian \u0111\u1ecdc\" \/>\n\t<meta name=\"twitter:data1\" content=\"3 ph\u00fat\" \/>\n<script type=\"application\/ld+json\" class=\"yoast-schema-graph\">{\"@context\":\"https:\/\/schema.org\",\"@graph\":[{\"@type\":\"WebPage\",\"@id\":\"https:\/\/cungtenhanoi.com\/?product=sanlida-dragon-x10-compound\",\"url\":\"https:\/\/cungtenhanoi.com\/?product=sanlida-dragon-x10-compound\",\"name\":\"Sanlida Dragon X10 Compound - Cung T\u00ean H\u00e0 N\u1ed9i\",\"isPartOf\":{\"@id\":\"https:\/\/cungtenhanoi.com\/#website\"},\"datePublished\":\"2024-04-04T05:31:00+00:00\",\"dateModified\":\"2026-04-14T06:12:01+00:00\",\"description\":\"L\u00e0 d\u00f2ng cung compound hunting t\u1ed1t nh\u1ea5t c\u1ee7a Sanlida... Mua cung t\u00ean, Mua cung t\u00ean th\u1ec3 thao, Mua cung t\u00ean H\u00e0 N\u1ed9i, Mua cung t\u00ean ch\u00ednh h\u00e3ng, Mua cung t\u00ean S\u00e0i g\u00f2n, Cung t\u00ean truy\u1ec1n th\u1ed1ng, Cung tr\u1ee3 l\u1ef1c, Cung 3 d\u00e2y, Cung compound, Cung 1 d\u00e2y, Cung recurve, B\u1eafn cung, Ph\u1ee5 ki\u1ec7n b\u1eafn cung, Mua m\u0169i t\u00ean b\u1eafn cung, dragon X10, Dragon\",\"breadcrumb\":{\"@id\":\"https:\/\/cungtenhanoi.com\/?product=sanlida-dragon-x10-compound#breadcrumb\"},\"inLanguage\":\"vi\",\"potentialAction\":[{\"@type\":\"ReadAction\",\"target\":[\"https:\/\/cungtenhanoi.com\/?product=sanlida-dragon-x10-compound\"]}]},{\"@type\":\"BreadcrumbList\",\"@id\":\"https:\/\/cungtenhanoi.com\/?product=sanlida-dragon-x10-compound#breadcrumb\",\"itemListElement\":[{\"@type\":\"ListItem\",\"position\":1,\"name\":\"Trang ch\u1ee7\",\"item\":\"https:\/\/cungtenhanoi.com\/\"},{\"@type\":\"ListItem\",\"position\":2,\"name\":\"Shop\",\"item\":\"https:\/\/cungtenhanoi.com\/?page_id=6\"},{\"@type\":\"ListItem\",\"position\":3,\"name\":\"Cung\",\"item\":\"https:\/\/cungtenhanoi.com\/danh-muc\/cung\/\"},{\"@type\":\"ListItem\",\"position\":4,\"name\":\"Sanlida Dragon X10 Compound\"}]},{\"@type\":\"WebSite\",\"@id\":\"https:\/\/cungtenhanoi.com\/#website\",\"url\":\"https:\/\/cungtenhanoi.com\/\",\"name\":\"Cung T\u00ean H\u00e0 N\u1ed9i\",\"description\":\"Cung c\u1ea5p c\u00e1c lo\u1ea1i cung t\u00ean th\u1ec3 thao s\u1ed1 1 Vi\u1ec7t Nam\",\"publisher\":{\"@id\":\"https:\/\/cungtenhanoi.com\/#organization\"},\"potentialAction\":[{\"@type\":\"SearchAction\",\"target\":{\"@type\":\"EntryPoint\",\"urlTemplate\":\"https:\/\/cungtenhanoi.com\/?s={search_term_string}\"},\"query-input\":\"required name=search_term_string\"}],\"inLanguage\":\"vi\"},{\"@type\":\"Organization\",\"@id\":\"https:\/\/cungtenhanoi.com\/#organization\",\"name\":\"Cung T\u00ean H\u00e0 N\u1ed9i\",\"url\":\"https:\/\/cungtenhanoi.com\/\",\"sameAs\":[],\"logo\":{\"@type\":\"ImageObject\",\"inLanguage\":\"vi\",\"@id\":\"https:\/\/cungtenhanoi.com\/#\/schema\/logo\/image\/\",\"url\":\"https:\/\/cungtenhanoi.com\/wp-content\/uploads\/2025\/05\/logo-den-trang.jpg\",\"contentUrl\":\"https:\/\/cungtenhanoi.com\/wp-content\/uploads\/2025\/05\/logo-den-trang.jpg\",\"width\":450,\"height\":450,\"caption\":\"Cung T\u00ean H\u00e0 N\u1ed9i\"},\"image\":{\"@id\":\"https:\/\/cungtenhanoi.com\/#\/schema\/logo\/image\/\"}}]}<\/script>\n<!-- \/ Yoast SEO plugin. -->","yoast_head_json":{"title":"Sanlida Dragon X10 Compound - Cung T\u00ean H\u00e0 N\u1ed9i","description":"L\u00e0 d\u00f2ng cung compound hunting t\u1ed1t nh\u1ea5t c\u1ee7a Sanlida... Mua cung t\u00ean, Mua cung t\u00ean th\u1ec3 thao, Mua cung t\u00ean H\u00e0 N\u1ed9i, Mua cung t\u00ean ch\u00ednh h\u00e3ng, Mua cung t\u00ean S\u00e0i g\u00f2n, Cung t\u00ean truy\u1ec1n th\u1ed1ng, Cung tr\u1ee3 l\u1ef1c, Cung 3 d\u00e2y, Cung compound, Cung 1 d\u00e2y, Cung recurve, B\u1eafn cung, Ph\u1ee5 ki\u1ec7n b\u1eafn cung, Mua m\u0169i t\u00ean b\u1eafn cung, dragon X10, Dragon","robots":{"index":"index","follow":"follow","max-snippet":"max-snippet:-1","max-image-preview":"max-image-preview:large","max-video-preview":"max-video-preview:-1"},"canonical":"https:\/\/cungtenhanoi.com\/?product=sanlida-dragon-x10-compound","og_locale":"vi_VN","og_type":"article","og_title":"Cung compound Sanlida Dragon X10","og_description":"Cung tr\u1ee3 l\u1ef1c Dragon X10 c\u1ee7a Sanlida","og_url":"https:\/\/cungtenhanoi.com\/?product=sanlida-dragon-x10-compound","og_site_name":"Cung T\u00ean H\u00e0 N\u1ed9i","article_modified_time":"2026-04-14T06:12:01+00:00","og_image":[{"width":370,"height":800,"url":"https:\/\/cungtenhanoi.com\/wp-content\/uploads\/2025\/04\/IMG_0554-370x800.png","type":"image\/png"}],"twitter_card":"summary_large_image","twitter_misc":{"\u01af\u1edbc t\u00ednh th\u1eddi gian \u0111\u1ecdc":"3 ph\u00fat"},"schema":{"@context":"https:\/\/schema.org","@graph":[{"@type":"WebPage","@id":"https:\/\/cungtenhanoi.com\/?product=sanlida-dragon-x10-compound","url":"https:\/\/cungtenhanoi.com\/?product=sanlida-dragon-x10-compound","name":"Sanlida Dragon X10 Compound - Cung T\u00ean H\u00e0 N\u1ed9i","isPartOf":{"@id":"https:\/\/cungtenhanoi.com\/#website"},"datePublished":"2024-04-04T05:31:00+00:00","dateModified":"2026-04-14T06:12:01+00:00","description":"L\u00e0 d\u00f2ng cung compound hunting t\u1ed1t nh\u1ea5t c\u1ee7a Sanlida... Mua cung t\u00ean, Mua cung t\u00ean th\u1ec3 thao, Mua cung t\u00ean H\u00e0 N\u1ed9i, Mua cung t\u00ean ch\u00ednh h\u00e3ng, Mua cung t\u00ean S\u00e0i g\u00f2n, Cung t\u00ean truy\u1ec1n th\u1ed1ng, Cung tr\u1ee3 l\u1ef1c, Cung 3 d\u00e2y, Cung compound, Cung 1 d\u00e2y, Cung recurve, B\u1eafn cung, Ph\u1ee5 ki\u1ec7n b\u1eafn cung, Mua m\u0169i t\u00ean b\u1eafn cung, dragon X10, Dragon","breadcrumb":{"@id":"https:\/\/cungtenhanoi.com\/?product=sanlida-dragon-x10-compound#breadcrumb"},"inLanguage":"vi","potentialAction":[{"@type":"ReadAction","target":["https:\/\/cungtenhanoi.com\/?product=sanlida-dragon-x10-compound"]}]},{"@type":"BreadcrumbList","@id":"https:\/\/cungtenhanoi.com\/?product=sanlida-dragon-x10-compound#breadcrumb","itemListElement":[{"@type":"ListItem","position":1,"name":"Trang ch\u1ee7","item":"https:\/\/cungtenhanoi.com\/"},{"@type":"ListItem","position":2,"name":"Shop","item":"https:\/\/cungtenhanoi.com\/?page_id=6"},{"@type":"ListItem","position":3,"name":"Cung","item":"https:\/\/cungtenhanoi.com\/danh-muc\/cung\/"},{"@type":"ListItem","position":4,"name":"Sanlida Dragon X10 Compound"}]},{"@type":"WebSite","@id":"https:\/\/cungtenhanoi.com\/#website","url":"https:\/\/cungtenhanoi.com\/","name":"Cung T\u00ean H\u00e0 N\u1ed9i","description":"Cung c\u1ea5p c\u00e1c lo\u1ea1i cung t\u00ean th\u1ec3 thao s\u1ed1 1 Vi\u1ec7t Nam","publisher":{"@id":"https:\/\/cungtenhanoi.com\/#organization"},"potentialAction":[{"@type":"SearchAction","target":{"@type":"EntryPoint","urlTemplate":"https:\/\/cungtenhanoi.com\/?s={search_term_string}"},"query-input":"required name=search_term_string"}],"inLanguage":"vi"},{"@type":"Organization","@id":"https:\/\/cungtenhanoi.com\/#organization","name":"Cung T\u00ean H\u00e0 N\u1ed9i","url":"https:\/\/cungtenhanoi.com\/","sameAs":[],"logo":{"@type":"ImageObject","inLanguage":"vi","@id":"https:\/\/cungtenhanoi.com\/#\/schema\/logo\/image\/","url":"https:\/\/cungtenhanoi.com\/wp-content\/uploads\/2025\/05\/logo-den-trang.jpg","contentUrl":"https:\/\/cungtenhanoi.com\/wp-content\/uploads\/2025\/05\/logo-den-trang.jpg","width":450,"height":450,"caption":"Cung T\u00ean H\u00e0 N\u1ed9i"},"image":{"@id":"https:\/\/cungtenhanoi.com\/#\/schema\/logo\/image\/"}}]}},"_links":{"self":[{"href":"https:\/\/cungtenhanoi.com\/index.php?rest_route=\/wp\/v2\/product\/15804"}],"collection":[{"href":"https:\/\/cungtenhanoi.com\/index.php?rest_route=\/wp\/v2\/product"}],"about":[{"href":"https:\/\/cungtenhanoi.com\/index.php?rest_route=\/wp\/v2\/types\/product"}],"replies":[{"embeddable":true,"href":"https:\/\/cungtenhanoi.com\/index.php?rest_route=%2Fwp%2Fv2%2Fcomments&post=15804"}],"wp:featuredmedia":[{"embeddable":true,"href":"https:\/\/cungtenhanoi.com\/index.php?rest_route=\/wp\/v2\/media\/15808"}],"wp:attachment":[{"href":"https:\/\/cungtenhanoi.com\/index.php?rest_route=%2Fwp%2Fv2%2Fmedia&parent=15804"}],"wp:term":[{"taxonomy":"product_cat","embeddable":true,"href":"https:\/\/cungtenhanoi.com\/index.php?rest_route=%2Fwp%2Fv2%2Fproduct_cat&post=15804"},{"taxonomy":"product_tag","embeddable":true,"href":"https:\/\/cungtenhanoi.com\/index.php?rest_route=%2Fwp%2Fv2%2Fproduct_tag&post=15804"}],"curies":[{"name":"wp","href":"https:\/\/api.w.org\/{rel}","templated":true}]}}