{"id":1581,"date":"2021-05-23T22:05:24","date_gmt":"2021-05-23T15:05:24","guid":{"rendered":"https:\/\/cungtenhanoi.com\/?post_type=product&#038;p=1581"},"modified":"2021-05-24T13:16:08","modified_gmt":"2021-05-24T06:16:08","slug":"daibow-tachyon","status":"publish","type":"product","link":"https:\/\/cungtenhanoi.com\/?product=daibow-tachyon","title":{"rendered":"DAIBOW TACHYON"},"content":{"rendered":"<p><img loading=\"lazy\" class=\"aligncenter size-full wp-image-1582\" src=\"https:\/\/cungtenhanoi.com\/wp-content\/uploads\/2021\/05\/1-1.jpg\" alt=\"\" width=\"750\" height=\"930\" srcset=\"https:\/\/cungtenhanoi.com\/wp-content\/uploads\/2021\/05\/1-1.jpg 750w, https:\/\/cungtenhanoi.com\/wp-content\/uploads\/2021\/05\/1-1-600x744.jpg 600w, https:\/\/cungtenhanoi.com\/wp-content\/uploads\/2021\/05\/1-1-64x79.jpg 64w, https:\/\/cungtenhanoi.com\/wp-content\/uploads\/2021\/05\/1-1-242x300.jpg 242w\" sizes=\"(max-width: 750px) 100vw, 750px\" \/> <img loading=\"lazy\" class=\"aligncenter size-full wp-image-1583\" src=\"https:\/\/cungtenhanoi.com\/wp-content\/uploads\/2021\/05\/2-1.jpg\" alt=\"\" width=\"800\" height=\"800\" srcset=\"https:\/\/cungtenhanoi.com\/wp-content\/uploads\/2021\/05\/2-1.jpg 800w, https:\/\/cungtenhanoi.com\/wp-content\/uploads\/2021\/05\/2-1-300x300.jpg 300w, https:\/\/cungtenhanoi.com\/wp-content\/uploads\/2021\/05\/2-1-100x100.jpg 100w, https:\/\/cungtenhanoi.com\/wp-content\/uploads\/2021\/05\/2-1-600x600.jpg 600w, https:\/\/cungtenhanoi.com\/wp-content\/uploads\/2021\/05\/2-1-64x64.jpg 64w, https:\/\/cungtenhanoi.com\/wp-content\/uploads\/2021\/05\/2-1-150x150.jpg 150w, https:\/\/cungtenhanoi.com\/wp-content\/uploads\/2021\/05\/2-1-768x768.jpg 768w, https:\/\/cungtenhanoi.com\/wp-content\/uploads\/2021\/05\/2-1-180x180.jpg 180w, https:\/\/cungtenhanoi.com\/wp-content\/uploads\/2021\/05\/2-1-45x45.jpg 45w\" sizes=\"(max-width: 800px) 100vw, 800px\" \/> <img loading=\"lazy\" class=\"aligncenter size-full wp-image-1584\" src=\"https:\/\/cungtenhanoi.com\/wp-content\/uploads\/2021\/05\/3-1.jpg\" alt=\"\" width=\"800\" height=\"800\" srcset=\"https:\/\/cungtenhanoi.com\/wp-content\/uploads\/2021\/05\/3-1.jpg 800w, https:\/\/cungtenhanoi.com\/wp-content\/uploads\/2021\/05\/3-1-300x300.jpg 300w, https:\/\/cungtenhanoi.com\/wp-content\/uploads\/2021\/05\/3-1-100x100.jpg 100w, https:\/\/cungtenhanoi.com\/wp-content\/uploads\/2021\/05\/3-1-600x600.jpg 600w, https:\/\/cungtenhanoi.com\/wp-content\/uploads\/2021\/05\/3-1-64x64.jpg 64w\" sizes=\"(max-width: 800px) 100vw, 800px\" \/> <img loading=\"lazy\" class=\"aligncenter size-full wp-image-1585\" src=\"https:\/\/cungtenhanoi.com\/wp-content\/uploads\/2021\/05\/4-1.jpg\" alt=\"\" width=\"800\" height=\"800\" srcset=\"https:\/\/cungtenhanoi.com\/wp-content\/uploads\/2021\/05\/4-1.jpg 800w, https:\/\/cungtenhanoi.com\/wp-content\/uploads\/2021\/05\/4-1-300x300.jpg 300w, https:\/\/cungtenhanoi.com\/wp-content\/uploads\/2021\/05\/4-1-100x100.jpg 100w, https:\/\/cungtenhanoi.com\/wp-content\/uploads\/2021\/05\/4-1-600x600.jpg 600w, https:\/\/cungtenhanoi.com\/wp-content\/uploads\/2021\/05\/4-1-64x64.jpg 64w, https:\/\/cungtenhanoi.com\/wp-content\/uploads\/2021\/05\/4-1-150x150.jpg 150w, https:\/\/cungtenhanoi.com\/wp-content\/uploads\/2021\/05\/4-1-768x768.jpg 768w, https:\/\/cungtenhanoi.com\/wp-content\/uploads\/2021\/05\/4-1-180x180.jpg 180w, https:\/\/cungtenhanoi.com\/wp-content\/uploads\/2021\/05\/4-1-45x45.jpg 45w\" sizes=\"(max-width: 800px) 100vw, 800px\" \/> <img loading=\"lazy\" class=\"aligncenter size-full wp-image-1586\" src=\"https:\/\/cungtenhanoi.com\/wp-content\/uploads\/2021\/05\/5-1.jpg\" alt=\"\" width=\"750\" height=\"665\" srcset=\"https:\/\/cungtenhanoi.com\/wp-content\/uploads\/2021\/05\/5-1.jpg 750w, https:\/\/cungtenhanoi.com\/wp-content\/uploads\/2021\/05\/5-1-600x532.jpg 600w, https:\/\/cungtenhanoi.com\/wp-content\/uploads\/2021\/05\/5-1-64x57.jpg 64w, https:\/\/cungtenhanoi.com\/wp-content\/uploads\/2021\/05\/5-1-300x266.jpg 300w\" sizes=\"(max-width: 750px) 100vw, 750px\" \/><img loading=\"lazy\" class=\"aligncenter size-full wp-image-1601\" src=\"https:\/\/cungtenhanoi.com\/wp-content\/uploads\/2021\/05\/6-2.jpg\" alt=\"\" width=\"750\" height=\"1221\" srcset=\"https:\/\/cungtenhanoi.com\/wp-content\/uploads\/2021\/05\/6-2.jpg 750w, https:\/\/cungtenhanoi.com\/wp-content\/uploads\/2021\/05\/6-2-600x977.jpg 600w, https:\/\/cungtenhanoi.com\/wp-content\/uploads\/2021\/05\/6-2-64x104.jpg 64w, https:\/\/cungtenhanoi.com\/wp-content\/uploads\/2021\/05\/6-2-184x300.jpg 184w, https:\/\/cungtenhanoi.com\/wp-content\/uploads\/2021\/05\/6-2-629x1024.jpg 629w\" sizes=\"(max-width: 750px) 100vw, 750px\" \/><br \/>\n<img loading=\"lazy\" class=\"aligncenter size-full wp-image-1588\" src=\"https:\/\/cungtenhanoi.com\/wp-content\/uploads\/2021\/05\/7-1.jpg\" alt=\"\" width=\"800\" height=\"765\" srcset=\"https:\/\/cungtenhanoi.com\/wp-content\/uploads\/2021\/05\/7-1.jpg 800w, https:\/\/cungtenhanoi.com\/wp-content\/uploads\/2021\/05\/7-1-600x574.jpg 600w, https:\/\/cungtenhanoi.com\/wp-content\/uploads\/2021\/05\/7-1-64x61.jpg 64w, https:\/\/cungtenhanoi.com\/wp-content\/uploads\/2021\/05\/7-1-300x287.jpg 300w, https:\/\/cungtenhanoi.com\/wp-content\/uploads\/2021\/05\/7-1-768x734.jpg 768w\" sizes=\"(max-width: 800px) 100vw, 800px\" \/> <img loading=\"lazy\" class=\"aligncenter size-full wp-image-1589\" src=\"https:\/\/cungtenhanoi.com\/wp-content\/uploads\/2021\/05\/8-1.jpg\" alt=\"\" width=\"745\" height=\"456\" srcset=\"https:\/\/cungtenhanoi.com\/wp-content\/uploads\/2021\/05\/8-1.jpg 745w, https:\/\/cungtenhanoi.com\/wp-content\/uploads\/2021\/05\/8-1-600x367.jpg 600w, https:\/\/cungtenhanoi.com\/wp-content\/uploads\/2021\/05\/8-1-64x39.jpg 64w, https:\/\/cungtenhanoi.com\/wp-content\/uploads\/2021\/05\/8-1-300x184.jpg 300w\" sizes=\"(max-width: 745px) 100vw, 745px\" \/> <img loading=\"lazy\" class=\"aligncenter size-full wp-image-1590\" src=\"https:\/\/cungtenhanoi.com\/wp-content\/uploads\/2021\/05\/9-1.jpg\" alt=\"\" width=\"748\" height=\"460\" srcset=\"https:\/\/cungtenhanoi.com\/wp-content\/uploads\/2021\/05\/9-1.jpg 748w, https:\/\/cungtenhanoi.com\/wp-content\/uploads\/2021\/05\/9-1-600x369.jpg 600w, https:\/\/cungtenhanoi.com\/wp-content\/uploads\/2021\/05\/9-1-64x39.jpg 64w, https:\/\/cungtenhanoi.com\/wp-content\/uploads\/2021\/05\/9-1-300x184.jpg 300w\" sizes=\"(max-width: 748px) 100vw, 748px\" \/> <img loading=\"lazy\" class=\"aligncenter size-full wp-image-1591\" src=\"https:\/\/cungtenhanoi.com\/wp-content\/uploads\/2021\/05\/10-1.jpg\" alt=\"\" width=\"749\" height=\"482\" srcset=\"https:\/\/cungtenhanoi.com\/wp-content\/uploads\/2021\/05\/10-1.jpg 749w, https:\/\/cungtenhanoi.com\/wp-content\/uploads\/2021\/05\/10-1-600x386.jpg 600w, https:\/\/cungtenhanoi.com\/wp-content\/uploads\/2021\/05\/10-1-64x41.jpg 64w, https:\/\/cungtenhanoi.com\/wp-content\/uploads\/2021\/05\/10-1-300x193.jpg 300w\" sizes=\"(max-width: 749px) 100vw, 749px\" \/> <img loading=\"lazy\" class=\"aligncenter size-full wp-image-1592\" src=\"https:\/\/cungtenhanoi.com\/wp-content\/uploads\/2021\/05\/11-1.jpg\" alt=\"\" width=\"750\" height=\"902\" srcset=\"https:\/\/cungtenhanoi.com\/wp-content\/uploads\/2021\/05\/11-1.jpg 750w, https:\/\/cungtenhanoi.com\/wp-content\/uploads\/2021\/05\/11-1-600x722.jpg 600w, https:\/\/cungtenhanoi.com\/wp-content\/uploads\/2021\/05\/11-1-64x77.jpg 64w, https:\/\/cungtenhanoi.com\/wp-content\/uploads\/2021\/05\/11-1-249x300.jpg 249w\" sizes=\"(max-width: 750px) 100vw, 750px\" \/> <img loading=\"lazy\" class=\"aligncenter size-full wp-image-1593\" src=\"https:\/\/cungtenhanoi.com\/wp-content\/uploads\/2021\/05\/12-1.jpg\" alt=\"\" width=\"750\" height=\"485\" srcset=\"https:\/\/cungtenhanoi.com\/wp-content\/uploads\/2021\/05\/12-1.jpg 750w, https:\/\/cungtenhanoi.com\/wp-content\/uploads\/2021\/05\/12-1-600x388.jpg 600w, https:\/\/cungtenhanoi.com\/wp-content\/uploads\/2021\/05\/12-1-64x41.jpg 64w, https:\/\/cungtenhanoi.com\/wp-content\/uploads\/2021\/05\/12-1-300x194.jpg 300w\" sizes=\"(max-width: 750px) 100vw, 750px\" \/> <img loading=\"lazy\" class=\"aligncenter size-full wp-image-1594\" src=\"https:\/\/cungtenhanoi.com\/wp-content\/uploads\/2021\/05\/13-1.jpg\" alt=\"\" width=\"750\" height=\"496\" srcset=\"https:\/\/cungtenhanoi.com\/wp-content\/uploads\/2021\/05\/13-1.jpg 750w, https:\/\/cungtenhanoi.com\/wp-content\/uploads\/2021\/05\/13-1-600x397.jpg 600w, https:\/\/cungtenhanoi.com\/wp-content\/uploads\/2021\/05\/13-1-64x42.jpg 64w, https:\/\/cungtenhanoi.com\/wp-content\/uploads\/2021\/05\/13-1-300x198.jpg 300w\" sizes=\"(max-width: 750px) 100vw, 750px\" \/> <img loading=\"lazy\" class=\"aligncenter size-full wp-image-1595\" src=\"https:\/\/cungtenhanoi.com\/wp-content\/uploads\/2021\/05\/14-1.jpg\" alt=\"\" width=\"750\" height=\"543\" srcset=\"https:\/\/cungtenhanoi.com\/wp-content\/uploads\/2021\/05\/14-1.jpg 750w, https:\/\/cungtenhanoi.com\/wp-content\/uploads\/2021\/05\/14-1-600x434.jpg 600w, https:\/\/cungtenhanoi.com\/wp-content\/uploads\/2021\/05\/14-1-64x46.jpg 64w, https:\/\/cungtenhanoi.com\/wp-content\/uploads\/2021\/05\/14-1-300x217.jpg 300w\" sizes=\"(max-width: 750px) 100vw, 750px\" \/> <img loading=\"lazy\" class=\"aligncenter size-full wp-image-1596\" src=\"https:\/\/cungtenhanoi.com\/wp-content\/uploads\/2021\/05\/15-1.jpg\" alt=\"\" width=\"750\" height=\"533\" srcset=\"https:\/\/cungtenhanoi.com\/wp-content\/uploads\/2021\/05\/15-1.jpg 750w, https:\/\/cungtenhanoi.com\/wp-content\/uploads\/2021\/05\/15-1-600x426.jpg 600w, https:\/\/cungtenhanoi.com\/wp-content\/uploads\/2021\/05\/15-1-64x45.jpg 64w, https:\/\/cungtenhanoi.com\/wp-content\/uploads\/2021\/05\/15-1-300x213.jpg 300w\" sizes=\"(max-width: 750px) 100vw, 750px\" \/> <img loading=\"lazy\" class=\"aligncenter size-full wp-image-1597\" src=\"https:\/\/cungtenhanoi.com\/wp-content\/uploads\/2021\/05\/16-1.jpg\" alt=\"\" width=\"796\" height=\"585\" srcset=\"https:\/\/cungtenhanoi.com\/wp-content\/uploads\/2021\/05\/16-1.jpg 796w, https:\/\/cungtenhanoi.com\/wp-content\/uploads\/2021\/05\/16-1-600x441.jpg 600w, https:\/\/cungtenhanoi.com\/wp-content\/uploads\/2021\/05\/16-1-64x47.jpg 64w, https:\/\/cungtenhanoi.com\/wp-content\/uploads\/2021\/05\/16-1-300x220.jpg 300w, https:\/\/cungtenhanoi.com\/wp-content\/uploads\/2021\/05\/16-1-768x564.jpg 768w\" sizes=\"(max-width: 796px) 100vw, 796px\" \/> <img loading=\"lazy\" class=\"aligncenter size-full wp-image-1598\" src=\"https:\/\/cungtenhanoi.com\/wp-content\/uploads\/2021\/05\/17.jpg\" alt=\"\" width=\"750\" height=\"483\" srcset=\"https:\/\/cungtenhanoi.com\/wp-content\/uploads\/2021\/05\/17.jpg 750w, https:\/\/cungtenhanoi.com\/wp-content\/uploads\/2021\/05\/17-600x386.jpg 600w, https:\/\/cungtenhanoi.com\/wp-content\/uploads\/2021\/05\/17-64x41.jpg 64w\" sizes=\"(max-width: 750px) 100vw, 750px\" \/> <img loading=\"lazy\" class=\"aligncenter size-full wp-image-1599\" src=\"https:\/\/cungtenhanoi.com\/wp-content\/uploads\/2021\/05\/18.jpg\" alt=\"\" width=\"750\" height=\"494\" srcset=\"https:\/\/cungtenhanoi.com\/wp-content\/uploads\/2021\/05\/18.jpg 750w, https:\/\/cungtenhanoi.com\/wp-content\/uploads\/2021\/05\/18-600x395.jpg 600w, https:\/\/cungtenhanoi.com\/wp-content\/uploads\/2021\/05\/18-64x42.jpg 64w, https:\/\/cungtenhanoi.com\/wp-content\/uploads\/2021\/05\/18-300x198.jpg 300w\" sizes=\"(max-width: 750px) 100vw, 750px\" \/> <img loading=\"lazy\" class=\"aligncenter size-full wp-image-1600\" src=\"https:\/\/cungtenhanoi.com\/wp-content\/uploads\/2021\/05\/19.jpg\" alt=\"\" width=\"750\" height=\"484\" srcset=\"https:\/\/cungtenhanoi.com\/wp-content\/uploads\/2021\/05\/19.jpg 750w, https:\/\/cungtenhanoi.com\/wp-content\/uploads\/2021\/05\/19-600x387.jpg 600w, https:\/\/cungtenhanoi.com\/wp-content\/uploads\/2021\/05\/19-64x41.jpg 64w, https:\/\/cungtenhanoi.com\/wp-content\/uploads\/2021\/05\/19-300x194.jpg 300w\" sizes=\"(max-width: 750px) 100vw, 750px\" \/><\/p>\n","protected":false},"excerpt":{"rendered":"<p>Cung kh\u00f4ng : 14.500.000<br \/>\nOption 1: 17.300.000<br \/>\nOption 2: 18.400.000<br \/>\nOption3: 19.700.000<br \/>\nH\u00e0ng oder theo option v\u00e0 m\u00e0u s\u1eafc<br \/>\nNh\u1eadn h\u00e0ng sau 7-15 ng\u00e0y<br \/>\nhttps:\/\/www.youtube.com\/watch?v=D8dYHvoLasE&amp;t=241s<\/p>\n","protected":false},"featured_media":1584,"comment_status":"open","ping_status":"closed","template":"","meta":[],"product_cat":[17],"product_tag":[198,86,257,264,369,372],"acf":[],"yoast_head":"<!-- This site is optimized with the Yoast SEO plugin v19.8 - https:\/\/yoast.com\/wordpress\/plugins\/seo\/ -->\n<title>DAIBOW TACHYON - Cung T\u00ean H\u00e0 N\u1ed9i<\/title>\n<meta name=\"description\" content=\"mua cung t\u00ean th\u1ec3 thao, mua cung t\u00ean t\u1ea1i h\u00e0 n\u1ed9i, cung tr\u1ee3 l\u1ef1c, cung compound, cung t\u00ean ch\u00ednh h\u00e3ng, cung t\u00ean m\u1ea1nh,cung t\u00ean h\u00e0 n\u1ed9i, cung t\u00ean , mua cung t\u00ean S\u00e0i g\u00f2n , mua m\u0169i t\u00ean b\u1eafn cung , cung b\u1eafn bi s\u1eaft , cung t\u00ean mini\" \/>\n<meta name=\"robots\" content=\"index, follow, max-snippet:-1, max-image-preview:large, max-video-preview:-1\" \/>\n<link rel=\"canonical\" href=\"https:\/\/cungtenhanoi.com\/?product=daibow-tachyon\" \/>\n<meta property=\"og:locale\" content=\"vi_VN\" \/>\n<meta property=\"og:type\" content=\"article\" \/>\n<meta property=\"og:title\" content=\"DAIBOW TACHYON - Cung T\u00ean H\u00e0 N\u1ed9i\" \/>\n<meta property=\"og:description\" content=\"mua cung t\u00ean th\u1ec3 thao, mua cung t\u00ean t\u1ea1i h\u00e0 n\u1ed9i, cung tr\u1ee3 l\u1ef1c, cung compound, cung t\u00ean ch\u00ednh h\u00e3ng, cung t\u00ean m\u1ea1nh,cung t\u00ean h\u00e0 n\u1ed9i, cung t\u00ean , mua cung t\u00ean S\u00e0i g\u00f2n , mua m\u0169i t\u00ean b\u1eafn cung , cung b\u1eafn bi s\u1eaft , cung t\u00ean mini\" \/>\n<meta property=\"og:url\" content=\"https:\/\/cungtenhanoi.com\/?product=daibow-tachyon\" \/>\n<meta property=\"og:site_name\" content=\"Cung T\u00ean H\u00e0 N\u1ed9i\" \/>\n<meta property=\"article:modified_time\" content=\"2021-05-24T06:16:08+00:00\" \/>\n<meta property=\"og:image\" content=\"https:\/\/cungtenhanoi.com\/wp-content\/uploads\/2021\/05\/3-1.jpg\" \/>\n\t<meta property=\"og:image:width\" content=\"800\" \/>\n\t<meta property=\"og:image:height\" content=\"800\" \/>\n\t<meta property=\"og:image:type\" content=\"image\/jpeg\" \/>\n<meta name=\"twitter:card\" content=\"summary_large_image\" \/>\n<script type=\"application\/ld+json\" class=\"yoast-schema-graph\">{\"@context\":\"https:\/\/schema.org\",\"@graph\":[{\"@type\":\"WebPage\",\"@id\":\"https:\/\/cungtenhanoi.com\/?product=daibow-tachyon\",\"url\":\"https:\/\/cungtenhanoi.com\/?product=daibow-tachyon\",\"name\":\"DAIBOW TACHYON - Cung T\u00ean H\u00e0 N\u1ed9i\",\"isPartOf\":{\"@id\":\"https:\/\/cungtenhanoi.com\/#website\"},\"datePublished\":\"2021-05-23T15:05:24+00:00\",\"dateModified\":\"2021-05-24T06:16:08+00:00\",\"description\":\"mua cung t\u00ean th\u1ec3 thao, mua cung t\u00ean t\u1ea1i h\u00e0 n\u1ed9i, cung tr\u1ee3 l\u1ef1c, cung compound, cung t\u00ean ch\u00ednh h\u00e3ng, cung t\u00ean m\u1ea1nh,cung t\u00ean h\u00e0 n\u1ed9i, cung t\u00ean , mua cung t\u00ean S\u00e0i g\u00f2n , mua m\u0169i t\u00ean b\u1eafn cung , cung b\u1eafn bi s\u1eaft , cung t\u00ean mini\",\"breadcrumb\":{\"@id\":\"https:\/\/cungtenhanoi.com\/?product=daibow-tachyon#breadcrumb\"},\"inLanguage\":\"vi\",\"potentialAction\":[{\"@type\":\"ReadAction\",\"target\":[\"https:\/\/cungtenhanoi.com\/?product=daibow-tachyon\"]}]},{\"@type\":\"BreadcrumbList\",\"@id\":\"https:\/\/cungtenhanoi.com\/?product=daibow-tachyon#breadcrumb\",\"itemListElement\":[{\"@type\":\"ListItem\",\"position\":1,\"name\":\"Trang ch\u1ee7\",\"item\":\"https:\/\/cungtenhanoi.com\/\"},{\"@type\":\"ListItem\",\"position\":2,\"name\":\"Shop\",\"item\":\"https:\/\/cungtenhanoi.com\/?page_id=6\"},{\"@type\":\"ListItem\",\"position\":3,\"name\":\"Cung\",\"item\":\"https:\/\/cungtenhanoi.com\/danh-muc\/cung\/\"},{\"@type\":\"ListItem\",\"position\":4,\"name\":\"DAIBOW TACHYON\"}]},{\"@type\":\"WebSite\",\"@id\":\"https:\/\/cungtenhanoi.com\/#website\",\"url\":\"https:\/\/cungtenhanoi.com\/\",\"name\":\"Cung T\u00ean H\u00e0 N\u1ed9i\",\"description\":\"Cung c\u1ea5p c\u00e1c lo\u1ea1i cung t\u00ean th\u1ec3 thao s\u1ed1 1 Vi\u1ec7t Nam\",\"publisher\":{\"@id\":\"https:\/\/cungtenhanoi.com\/#organization\"},\"potentialAction\":[{\"@type\":\"SearchAction\",\"target\":{\"@type\":\"EntryPoint\",\"urlTemplate\":\"https:\/\/cungtenhanoi.com\/?s={search_term_string}\"},\"query-input\":\"required name=search_term_string\"}],\"inLanguage\":\"vi\"},{\"@type\":\"Organization\",\"@id\":\"https:\/\/cungtenhanoi.com\/#organization\",\"name\":\"Cung T\u00ean H\u00e0 N\u1ed9i\",\"url\":\"https:\/\/cungtenhanoi.com\/\",\"sameAs\":[],\"logo\":{\"@type\":\"ImageObject\",\"inLanguage\":\"vi\",\"@id\":\"https:\/\/cungtenhanoi.com\/#\/schema\/logo\/image\/\",\"url\":\"https:\/\/cungtenhanoi.com\/wp-content\/uploads\/2025\/05\/logo-den-trang.jpg\",\"contentUrl\":\"https:\/\/cungtenhanoi.com\/wp-content\/uploads\/2025\/05\/logo-den-trang.jpg\",\"width\":450,\"height\":450,\"caption\":\"Cung T\u00ean H\u00e0 N\u1ed9i\"},\"image\":{\"@id\":\"https:\/\/cungtenhanoi.com\/#\/schema\/logo\/image\/\"}}]}<\/script>\n<!-- \/ Yoast SEO plugin. -->","yoast_head_json":{"title":"DAIBOW TACHYON - Cung T\u00ean H\u00e0 N\u1ed9i","description":"mua cung t\u00ean th\u1ec3 thao, mua cung t\u00ean t\u1ea1i h\u00e0 n\u1ed9i, cung tr\u1ee3 l\u1ef1c, cung compound, cung t\u00ean ch\u00ednh h\u00e3ng, cung t\u00ean m\u1ea1nh,cung t\u00ean h\u00e0 n\u1ed9i, cung t\u00ean , mua cung t\u00ean S\u00e0i g\u00f2n , mua m\u0169i t\u00ean b\u1eafn cung , cung b\u1eafn bi s\u1eaft , cung t\u00ean mini","robots":{"index":"index","follow":"follow","max-snippet":"max-snippet:-1","max-image-preview":"max-image-preview:large","max-video-preview":"max-video-preview:-1"},"canonical":"https:\/\/cungtenhanoi.com\/?product=daibow-tachyon","og_locale":"vi_VN","og_type":"article","og_title":"DAIBOW TACHYON - Cung T\u00ean H\u00e0 N\u1ed9i","og_description":"mua cung t\u00ean th\u1ec3 thao, mua cung t\u00ean t\u1ea1i h\u00e0 n\u1ed9i, cung tr\u1ee3 l\u1ef1c, cung compound, cung t\u00ean ch\u00ednh h\u00e3ng, cung t\u00ean m\u1ea1nh,cung t\u00ean h\u00e0 n\u1ed9i, cung t\u00ean , mua cung t\u00ean S\u00e0i g\u00f2n , mua m\u0169i t\u00ean b\u1eafn cung , cung b\u1eafn bi s\u1eaft , cung t\u00ean mini","og_url":"https:\/\/cungtenhanoi.com\/?product=daibow-tachyon","og_site_name":"Cung T\u00ean H\u00e0 N\u1ed9i","article_modified_time":"2021-05-24T06:16:08+00:00","og_image":[{"width":800,"height":800,"url":"https:\/\/cungtenhanoi.com\/wp-content\/uploads\/2021\/05\/3-1.jpg","type":"image\/jpeg"}],"twitter_card":"summary_large_image","schema":{"@context":"https:\/\/schema.org","@graph":[{"@type":"WebPage","@id":"https:\/\/cungtenhanoi.com\/?product=daibow-tachyon","url":"https:\/\/cungtenhanoi.com\/?product=daibow-tachyon","name":"DAIBOW TACHYON - Cung T\u00ean H\u00e0 N\u1ed9i","isPartOf":{"@id":"https:\/\/cungtenhanoi.com\/#website"},"datePublished":"2021-05-23T15:05:24+00:00","dateModified":"2021-05-24T06:16:08+00:00","description":"mua cung t\u00ean th\u1ec3 thao, mua cung t\u00ean t\u1ea1i h\u00e0 n\u1ed9i, cung tr\u1ee3 l\u1ef1c, cung compound, cung t\u00ean ch\u00ednh h\u00e3ng, cung t\u00ean m\u1ea1nh,cung t\u00ean h\u00e0 n\u1ed9i, cung t\u00ean , mua cung t\u00ean S\u00e0i g\u00f2n , mua m\u0169i t\u00ean b\u1eafn cung , cung b\u1eafn bi s\u1eaft , cung t\u00ean mini","breadcrumb":{"@id":"https:\/\/cungtenhanoi.com\/?product=daibow-tachyon#breadcrumb"},"inLanguage":"vi","potentialAction":[{"@type":"ReadAction","target":["https:\/\/cungtenhanoi.com\/?product=daibow-tachyon"]}]},{"@type":"BreadcrumbList","@id":"https:\/\/cungtenhanoi.com\/?product=daibow-tachyon#breadcrumb","itemListElement":[{"@type":"ListItem","position":1,"name":"Trang ch\u1ee7","item":"https:\/\/cungtenhanoi.com\/"},{"@type":"ListItem","position":2,"name":"Shop","item":"https:\/\/cungtenhanoi.com\/?page_id=6"},{"@type":"ListItem","position":3,"name":"Cung","item":"https:\/\/cungtenhanoi.com\/danh-muc\/cung\/"},{"@type":"ListItem","position":4,"name":"DAIBOW TACHYON"}]},{"@type":"WebSite","@id":"https:\/\/cungtenhanoi.com\/#website","url":"https:\/\/cungtenhanoi.com\/","name":"Cung T\u00ean H\u00e0 N\u1ed9i","description":"Cung c\u1ea5p c\u00e1c lo\u1ea1i cung t\u00ean th\u1ec3 thao s\u1ed1 1 Vi\u1ec7t Nam","publisher":{"@id":"https:\/\/cungtenhanoi.com\/#organization"},"potentialAction":[{"@type":"SearchAction","target":{"@type":"EntryPoint","urlTemplate":"https:\/\/cungtenhanoi.com\/?s={search_term_string}"},"query-input":"required name=search_term_string"}],"inLanguage":"vi"},{"@type":"Organization","@id":"https:\/\/cungtenhanoi.com\/#organization","name":"Cung T\u00ean H\u00e0 N\u1ed9i","url":"https:\/\/cungtenhanoi.com\/","sameAs":[],"logo":{"@type":"ImageObject","inLanguage":"vi","@id":"https:\/\/cungtenhanoi.com\/#\/schema\/logo\/image\/","url":"https:\/\/cungtenhanoi.com\/wp-content\/uploads\/2025\/05\/logo-den-trang.jpg","contentUrl":"https:\/\/cungtenhanoi.com\/wp-content\/uploads\/2025\/05\/logo-den-trang.jpg","width":450,"height":450,"caption":"Cung T\u00ean H\u00e0 N\u1ed9i"},"image":{"@id":"https:\/\/cungtenhanoi.com\/#\/schema\/logo\/image\/"}}]}},"_links":{"self":[{"href":"https:\/\/cungtenhanoi.com\/index.php?rest_route=\/wp\/v2\/product\/1581"}],"collection":[{"href":"https:\/\/cungtenhanoi.com\/index.php?rest_route=\/wp\/v2\/product"}],"about":[{"href":"https:\/\/cungtenhanoi.com\/index.php?rest_route=\/wp\/v2\/types\/product"}],"replies":[{"embeddable":true,"href":"https:\/\/cungtenhanoi.com\/index.php?rest_route=%2Fwp%2Fv2%2Fcomments&post=1581"}],"wp:featuredmedia":[{"embeddable":true,"href":"https:\/\/cungtenhanoi.com\/index.php?rest_route=\/wp\/v2\/media\/1584"}],"wp:attachment":[{"href":"https:\/\/cungtenhanoi.com\/index.php?rest_route=%2Fwp%2Fv2%2Fmedia&parent=1581"}],"wp:term":[{"taxonomy":"product_cat","embeddable":true,"href":"https:\/\/cungtenhanoi.com\/index.php?rest_route=%2Fwp%2Fv2%2Fproduct_cat&post=1581"},{"taxonomy":"product_tag","embeddable":true,"href":"https:\/\/cungtenhanoi.com\/index.php?rest_route=%2Fwp%2Fv2%2Fproduct_tag&post=1581"}],"curies":[{"name":"wp","href":"https:\/\/api.w.org\/{rel}","templated":true}]}}