{"id":15814,"date":"2024-04-04T14:32:27","date_gmt":"2024-04-04T07:32:27","guid":{"rendered":"https:\/\/cungtenhanoi.com\/?post_type=product&#038;p=15814"},"modified":"2026-04-21T18:05:34","modified_gmt":"2026-04-21T11:05:34","slug":"tui-deo-ten-quiver-qv50","status":"publish","type":"product","link":"https:\/\/cungtenhanoi.com\/?product=tui-deo-ten-quiver-qv50","title":{"rendered":"T\u00fai \u0111eo t\u00ean &#8211; Quiver QV50"},"content":{"rendered":"<p style=\"text-align: center;\">Ch\u1ea5t li\u1ec7u da b\u00f2<\/p>\n<p style=\"text-align: center;\">Tr\u1ecdng l\u01b0\u1ee3ng: 155g<\/p>\n<p style=\"text-align: center;\">K\u00edch th\u01b0\u1edbc:61x13cm<\/p>\n<p style=\"text-align: center;\">\u0110eo t\u00ean, ph\u00f9 h\u1ee3p v\u1edbi cung truy\u1ec1n th\u1ed1ng, cung 1 d\u00e2y, c\u01b0\u1ee1i ng\u1ef1a\u2026<\/p>\n<p><img loading=\"lazy\" class=\"size-medium wp-image-15815 aligncenter\" src=\"https:\/\/cungtenhanoi.com\/wp-content\/uploads\/2024\/04\/0BDCB303-A72D-4ABC-934A-485BFAFC112A-378x400.jpeg\" alt=\"\" width=\"378\" height=\"400\" srcset=\"https:\/\/cungtenhanoi.com\/wp-content\/uploads\/2024\/04\/0BDCB303-A72D-4ABC-934A-485BFAFC112A-378x400.jpeg 378w, https:\/\/cungtenhanoi.com\/wp-content\/uploads\/2024\/04\/0BDCB303-A72D-4ABC-934A-485BFAFC112A-600x634.jpeg 600w, https:\/\/cungtenhanoi.com\/wp-content\/uploads\/2024\/04\/0BDCB303-A72D-4ABC-934A-485BFAFC112A-64x68.jpeg 64w, https:\/\/cungtenhanoi.com\/wp-content\/uploads\/2024\/04\/0BDCB303-A72D-4ABC-934A-485BFAFC112A.jpeg 750w\" sizes=\"(max-width: 378px) 100vw, 378px\" \/> <img loading=\"lazy\" class=\"size-medium wp-image-15816 aligncenter\" src=\"https:\/\/cungtenhanoi.com\/wp-content\/uploads\/2024\/04\/0896CF17-7505-4AE5-9095-E5DCAE5125AF-490x400.jpeg\" alt=\"\" width=\"490\" height=\"400\" srcset=\"https:\/\/cungtenhanoi.com\/wp-content\/uploads\/2024\/04\/0896CF17-7505-4AE5-9095-E5DCAE5125AF-490x400.jpeg 490w, https:\/\/cungtenhanoi.com\/wp-content\/uploads\/2024\/04\/0896CF17-7505-4AE5-9095-E5DCAE5125AF-600x490.jpeg 600w, https:\/\/cungtenhanoi.com\/wp-content\/uploads\/2024\/04\/0896CF17-7505-4AE5-9095-E5DCAE5125AF-64x52.jpeg 64w, https:\/\/cungtenhanoi.com\/wp-content\/uploads\/2024\/04\/0896CF17-7505-4AE5-9095-E5DCAE5125AF.jpeg 700w\" sizes=\"(max-width: 490px) 100vw, 490px\" \/><\/p>\n","protected":false},"excerpt":{"rendered":"<p>Ch\u1ea5t li\u1ec7u da b\u00f2 Tr\u1ecdng l\u01b0\u1ee3ng: 155g K\u00edch th\u01b0\u1edbc:61x13cm \u0110eo t\u00ean, ph\u00f9 h\u1ee3p v\u1edbi cung truy\u1ec1n th\u1ed1ng, cung 1 d\u00e2y, c\u01b0\u1ee1i ng\u1ef1a\u2026<\/p>\n","protected":false},"featured_media":15815,"comment_status":"open","ping_status":"closed","template":"","meta":[],"product_cat":[20],"product_tag":[201,137],"acf":[],"yoast_head":"<!-- This site is optimized with the Yoast SEO plugin v19.8 - https:\/\/yoast.com\/wordpress\/plugins\/seo\/ -->\n<title>T\u00fai \u0111eo t\u00ean - Quiver QV50 - Cung T\u00ean H\u00e0 N\u1ed9i<\/title>\n<meta name=\"description\" content=\"T\u00fai da \u0111eo t\u00ean. Mua cung t\u00ean, Mua cung t\u00ean th\u1ec3 thao, Mua cung t\u00ean H\u00e0 N\u1ed9i, Mua cung t\u00ean ch\u00ednh h\u00e3ng, Mua cung t\u00ean S\u00e0i g\u00f2n, Cung t\u00ean truy\u1ec1n th\u1ed1ng, Cung tr\u1ee3 l\u1ef1c, Cung 3 d\u00e2y, Cung compound, Cung 1 d\u00e2y, Cung recurve, B\u1eafn cung, Ph\u1ee5 ki\u1ec7n b\u1eafn cung, Mua m\u0169i t\u00ean b\u1eafn cung\" \/>\n<meta name=\"robots\" content=\"index, follow, max-snippet:-1, max-image-preview:large, max-video-preview:-1\" \/>\n<link rel=\"canonical\" href=\"https:\/\/cungtenhanoi.com\/?product=tui-deo-ten-quiver-qv50\" \/>\n<meta property=\"og:locale\" content=\"vi_VN\" \/>\n<meta property=\"og:type\" content=\"article\" \/>\n<meta property=\"og:title\" content=\"T\u00fai \u0111eo t\u00ean - Quiver QV50 - Cung T\u00ean H\u00e0 N\u1ed9i\" \/>\n<meta property=\"og:description\" content=\"T\u00fai da \u0111eo t\u00ean. Mua cung t\u00ean, Mua cung t\u00ean th\u1ec3 thao, Mua cung t\u00ean H\u00e0 N\u1ed9i, Mua cung t\u00ean ch\u00ednh h\u00e3ng, Mua cung t\u00ean S\u00e0i g\u00f2n, Cung t\u00ean truy\u1ec1n th\u1ed1ng, Cung tr\u1ee3 l\u1ef1c, Cung 3 d\u00e2y, Cung compound, Cung 1 d\u00e2y, Cung recurve, B\u1eafn cung, Ph\u1ee5 ki\u1ec7n b\u1eafn cung, Mua m\u0169i t\u00ean b\u1eafn cung\" \/>\n<meta property=\"og:url\" content=\"https:\/\/cungtenhanoi.com\/?product=tui-deo-ten-quiver-qv50\" \/>\n<meta property=\"og:site_name\" content=\"Cung T\u00ean H\u00e0 N\u1ed9i\" \/>\n<meta property=\"article:modified_time\" content=\"2026-04-21T11:05:34+00:00\" \/>\n<meta property=\"og:image\" content=\"https:\/\/cungtenhanoi.com\/wp-content\/uploads\/2024\/04\/0BDCB303-A72D-4ABC-934A-485BFAFC112A.jpeg\" \/>\n\t<meta property=\"og:image:width\" content=\"750\" \/>\n\t<meta property=\"og:image:height\" content=\"793\" \/>\n\t<meta property=\"og:image:type\" content=\"image\/jpeg\" \/>\n<meta name=\"twitter:card\" content=\"summary_large_image\" \/>\n<meta name=\"twitter:label1\" content=\"\u01af\u1edbc t\u00ednh th\u1eddi gian \u0111\u1ecdc\" \/>\n\t<meta name=\"twitter:data1\" content=\"1 ph\u00fat\" \/>\n<script type=\"application\/ld+json\" class=\"yoast-schema-graph\">{\"@context\":\"https:\/\/schema.org\",\"@graph\":[{\"@type\":\"WebPage\",\"@id\":\"https:\/\/cungtenhanoi.com\/?product=tui-deo-ten-quiver-qv50\",\"url\":\"https:\/\/cungtenhanoi.com\/?product=tui-deo-ten-quiver-qv50\",\"name\":\"T\u00fai \u0111eo t\u00ean - Quiver QV50 - Cung T\u00ean H\u00e0 N\u1ed9i\",\"isPartOf\":{\"@id\":\"https:\/\/cungtenhanoi.com\/#website\"},\"datePublished\":\"2024-04-04T07:32:27+00:00\",\"dateModified\":\"2026-04-21T11:05:34+00:00\",\"description\":\"T\u00fai da \u0111eo t\u00ean. Mua cung t\u00ean, Mua cung t\u00ean th\u1ec3 thao, Mua cung t\u00ean H\u00e0 N\u1ed9i, Mua cung t\u00ean ch\u00ednh h\u00e3ng, Mua cung t\u00ean S\u00e0i g\u00f2n, Cung t\u00ean truy\u1ec1n th\u1ed1ng, Cung tr\u1ee3 l\u1ef1c, Cung 3 d\u00e2y, Cung compound, Cung 1 d\u00e2y, Cung recurve, B\u1eafn cung, Ph\u1ee5 ki\u1ec7n b\u1eafn cung, Mua m\u0169i t\u00ean b\u1eafn cung\",\"breadcrumb\":{\"@id\":\"https:\/\/cungtenhanoi.com\/?product=tui-deo-ten-quiver-qv50#breadcrumb\"},\"inLanguage\":\"vi\",\"potentialAction\":[{\"@type\":\"ReadAction\",\"target\":[\"https:\/\/cungtenhanoi.com\/?product=tui-deo-ten-quiver-qv50\"]}]},{\"@type\":\"BreadcrumbList\",\"@id\":\"https:\/\/cungtenhanoi.com\/?product=tui-deo-ten-quiver-qv50#breadcrumb\",\"itemListElement\":[{\"@type\":\"ListItem\",\"position\":1,\"name\":\"Trang ch\u1ee7\",\"item\":\"https:\/\/cungtenhanoi.com\/\"},{\"@type\":\"ListItem\",\"position\":2,\"name\":\"Shop\",\"item\":\"https:\/\/cungtenhanoi.com\/?page_id=6\"},{\"@type\":\"ListItem\",\"position\":3,\"name\":\"Ph\u1ee5 ki\u1ec7n\",\"item\":\"https:\/\/cungtenhanoi.com\/danh-muc\/phu-kien\/\"},{\"@type\":\"ListItem\",\"position\":4,\"name\":\"T\u00fai \u0111eo t\u00ean &#8211; Quiver QV50\"}]},{\"@type\":\"WebSite\",\"@id\":\"https:\/\/cungtenhanoi.com\/#website\",\"url\":\"https:\/\/cungtenhanoi.com\/\",\"name\":\"Cung T\u00ean H\u00e0 N\u1ed9i\",\"description\":\"Cung c\u1ea5p c\u00e1c lo\u1ea1i cung t\u00ean th\u1ec3 thao s\u1ed1 1 Vi\u1ec7t Nam\",\"publisher\":{\"@id\":\"https:\/\/cungtenhanoi.com\/#organization\"},\"potentialAction\":[{\"@type\":\"SearchAction\",\"target\":{\"@type\":\"EntryPoint\",\"urlTemplate\":\"https:\/\/cungtenhanoi.com\/?s={search_term_string}\"},\"query-input\":\"required name=search_term_string\"}],\"inLanguage\":\"vi\"},{\"@type\":\"Organization\",\"@id\":\"https:\/\/cungtenhanoi.com\/#organization\",\"name\":\"Cung T\u00ean H\u00e0 N\u1ed9i\",\"url\":\"https:\/\/cungtenhanoi.com\/\",\"sameAs\":[],\"logo\":{\"@type\":\"ImageObject\",\"inLanguage\":\"vi\",\"@id\":\"https:\/\/cungtenhanoi.com\/#\/schema\/logo\/image\/\",\"url\":\"https:\/\/cungtenhanoi.com\/wp-content\/uploads\/2025\/05\/logo-den-trang.jpg\",\"contentUrl\":\"https:\/\/cungtenhanoi.com\/wp-content\/uploads\/2025\/05\/logo-den-trang.jpg\",\"width\":450,\"height\":450,\"caption\":\"Cung T\u00ean H\u00e0 N\u1ed9i\"},\"image\":{\"@id\":\"https:\/\/cungtenhanoi.com\/#\/schema\/logo\/image\/\"}}]}<\/script>\n<!-- \/ Yoast SEO plugin. -->","yoast_head_json":{"title":"T\u00fai \u0111eo t\u00ean - Quiver QV50 - Cung T\u00ean H\u00e0 N\u1ed9i","description":"T\u00fai da \u0111eo t\u00ean. Mua cung t\u00ean, Mua cung t\u00ean th\u1ec3 thao, Mua cung t\u00ean H\u00e0 N\u1ed9i, Mua cung t\u00ean ch\u00ednh h\u00e3ng, Mua cung t\u00ean S\u00e0i g\u00f2n, Cung t\u00ean truy\u1ec1n th\u1ed1ng, Cung tr\u1ee3 l\u1ef1c, Cung 3 d\u00e2y, Cung compound, Cung 1 d\u00e2y, Cung recurve, B\u1eafn cung, Ph\u1ee5 ki\u1ec7n b\u1eafn cung, Mua m\u0169i t\u00ean b\u1eafn cung","robots":{"index":"index","follow":"follow","max-snippet":"max-snippet:-1","max-image-preview":"max-image-preview:large","max-video-preview":"max-video-preview:-1"},"canonical":"https:\/\/cungtenhanoi.com\/?product=tui-deo-ten-quiver-qv50","og_locale":"vi_VN","og_type":"article","og_title":"T\u00fai \u0111eo t\u00ean - Quiver QV50 - Cung T\u00ean H\u00e0 N\u1ed9i","og_description":"T\u00fai da \u0111eo t\u00ean. Mua cung t\u00ean, Mua cung t\u00ean th\u1ec3 thao, Mua cung t\u00ean H\u00e0 N\u1ed9i, Mua cung t\u00ean ch\u00ednh h\u00e3ng, Mua cung t\u00ean S\u00e0i g\u00f2n, Cung t\u00ean truy\u1ec1n th\u1ed1ng, Cung tr\u1ee3 l\u1ef1c, Cung 3 d\u00e2y, Cung compound, Cung 1 d\u00e2y, Cung recurve, B\u1eafn cung, Ph\u1ee5 ki\u1ec7n b\u1eafn cung, Mua m\u0169i t\u00ean b\u1eafn cung","og_url":"https:\/\/cungtenhanoi.com\/?product=tui-deo-ten-quiver-qv50","og_site_name":"Cung T\u00ean H\u00e0 N\u1ed9i","article_modified_time":"2026-04-21T11:05:34+00:00","og_image":[{"width":750,"height":793,"url":"https:\/\/cungtenhanoi.com\/wp-content\/uploads\/2024\/04\/0BDCB303-A72D-4ABC-934A-485BFAFC112A.jpeg","type":"image\/jpeg"}],"twitter_card":"summary_large_image","twitter_misc":{"\u01af\u1edbc t\u00ednh th\u1eddi gian \u0111\u1ecdc":"1 ph\u00fat"},"schema":{"@context":"https:\/\/schema.org","@graph":[{"@type":"WebPage","@id":"https:\/\/cungtenhanoi.com\/?product=tui-deo-ten-quiver-qv50","url":"https:\/\/cungtenhanoi.com\/?product=tui-deo-ten-quiver-qv50","name":"T\u00fai \u0111eo t\u00ean - Quiver QV50 - Cung T\u00ean H\u00e0 N\u1ed9i","isPartOf":{"@id":"https:\/\/cungtenhanoi.com\/#website"},"datePublished":"2024-04-04T07:32:27+00:00","dateModified":"2026-04-21T11:05:34+00:00","description":"T\u00fai da \u0111eo t\u00ean. Mua cung t\u00ean, Mua cung t\u00ean th\u1ec3 thao, Mua cung t\u00ean H\u00e0 N\u1ed9i, Mua cung t\u00ean ch\u00ednh h\u00e3ng, Mua cung t\u00ean S\u00e0i g\u00f2n, Cung t\u00ean truy\u1ec1n th\u1ed1ng, Cung tr\u1ee3 l\u1ef1c, Cung 3 d\u00e2y, Cung compound, Cung 1 d\u00e2y, Cung recurve, B\u1eafn cung, Ph\u1ee5 ki\u1ec7n b\u1eafn cung, Mua m\u0169i t\u00ean b\u1eafn cung","breadcrumb":{"@id":"https:\/\/cungtenhanoi.com\/?product=tui-deo-ten-quiver-qv50#breadcrumb"},"inLanguage":"vi","potentialAction":[{"@type":"ReadAction","target":["https:\/\/cungtenhanoi.com\/?product=tui-deo-ten-quiver-qv50"]}]},{"@type":"BreadcrumbList","@id":"https:\/\/cungtenhanoi.com\/?product=tui-deo-ten-quiver-qv50#breadcrumb","itemListElement":[{"@type":"ListItem","position":1,"name":"Trang ch\u1ee7","item":"https:\/\/cungtenhanoi.com\/"},{"@type":"ListItem","position":2,"name":"Shop","item":"https:\/\/cungtenhanoi.com\/?page_id=6"},{"@type":"ListItem","position":3,"name":"Ph\u1ee5 ki\u1ec7n","item":"https:\/\/cungtenhanoi.com\/danh-muc\/phu-kien\/"},{"@type":"ListItem","position":4,"name":"T\u00fai \u0111eo t\u00ean &#8211; Quiver QV50"}]},{"@type":"WebSite","@id":"https:\/\/cungtenhanoi.com\/#website","url":"https:\/\/cungtenhanoi.com\/","name":"Cung T\u00ean H\u00e0 N\u1ed9i","description":"Cung c\u1ea5p c\u00e1c lo\u1ea1i cung t\u00ean th\u1ec3 thao s\u1ed1 1 Vi\u1ec7t Nam","publisher":{"@id":"https:\/\/cungtenhanoi.com\/#organization"},"potentialAction":[{"@type":"SearchAction","target":{"@type":"EntryPoint","urlTemplate":"https:\/\/cungtenhanoi.com\/?s={search_term_string}"},"query-input":"required name=search_term_string"}],"inLanguage":"vi"},{"@type":"Organization","@id":"https:\/\/cungtenhanoi.com\/#organization","name":"Cung T\u00ean H\u00e0 N\u1ed9i","url":"https:\/\/cungtenhanoi.com\/","sameAs":[],"logo":{"@type":"ImageObject","inLanguage":"vi","@id":"https:\/\/cungtenhanoi.com\/#\/schema\/logo\/image\/","url":"https:\/\/cungtenhanoi.com\/wp-content\/uploads\/2025\/05\/logo-den-trang.jpg","contentUrl":"https:\/\/cungtenhanoi.com\/wp-content\/uploads\/2025\/05\/logo-den-trang.jpg","width":450,"height":450,"caption":"Cung T\u00ean H\u00e0 N\u1ed9i"},"image":{"@id":"https:\/\/cungtenhanoi.com\/#\/schema\/logo\/image\/"}}]}},"_links":{"self":[{"href":"https:\/\/cungtenhanoi.com\/index.php?rest_route=\/wp\/v2\/product\/15814"}],"collection":[{"href":"https:\/\/cungtenhanoi.com\/index.php?rest_route=\/wp\/v2\/product"}],"about":[{"href":"https:\/\/cungtenhanoi.com\/index.php?rest_route=\/wp\/v2\/types\/product"}],"replies":[{"embeddable":true,"href":"https:\/\/cungtenhanoi.com\/index.php?rest_route=%2Fwp%2Fv2%2Fcomments&post=15814"}],"wp:featuredmedia":[{"embeddable":true,"href":"https:\/\/cungtenhanoi.com\/index.php?rest_route=\/wp\/v2\/media\/15815"}],"wp:attachment":[{"href":"https:\/\/cungtenhanoi.com\/index.php?rest_route=%2Fwp%2Fv2%2Fmedia&parent=15814"}],"wp:term":[{"taxonomy":"product_cat","embeddable":true,"href":"https:\/\/cungtenhanoi.com\/index.php?rest_route=%2Fwp%2Fv2%2Fproduct_cat&post=15814"},{"taxonomy":"product_tag","embeddable":true,"href":"https:\/\/cungtenhanoi.com\/index.php?rest_route=%2Fwp%2Fv2%2Fproduct_tag&post=15814"}],"curies":[{"name":"wp","href":"https:\/\/api.w.org\/{rel}","templated":true}]}}