{"id":15828,"date":"2024-04-26T15:52:22","date_gmt":"2024-04-26T08:52:22","guid":{"rendered":"https:\/\/cungtenhanoi.com\/?post_type=product&#038;p=15828"},"modified":"2025-05-08T13:03:24","modified_gmt":"2025-05-08T06:03:24","slug":"hoyt-invicta-37-grey","status":"publish","type":"product","link":"https:\/\/cungtenhanoi.com\/?product=hoyt-invicta-37-grey","title":{"rendered":"Hoyt Invicta 37 Grey"},"content":{"rendered":"<p style=\"text-align: center;\">Shop d\u01b0 1 c\u00e2y Invicta compound chuy\u00ean thi \u0111\u1ea5u top 1 th\u1ebf gi\u1edbi c\u1ea7n b\u00e1n c\u1eaft l\u1ed7 37inh -50\/60lbs<\/p>\n<p style=\"text-align: center;\"><img loading=\"lazy\" class=\"size-medium wp-image-15824 aligncenter\" src=\"https:\/\/cungtenhanoi.com\/wp-content\/uploads\/2024\/04\/6A05C440-3082-4CF7-ACA2-87C529D39EC2-800x391.jpeg\" alt=\"\" width=\"800\" height=\"391\" srcset=\"https:\/\/cungtenhanoi.com\/wp-content\/uploads\/2024\/04\/6A05C440-3082-4CF7-ACA2-87C529D39EC2-800x391.jpeg 800w, https:\/\/cungtenhanoi.com\/wp-content\/uploads\/2024\/04\/6A05C440-3082-4CF7-ACA2-87C529D39EC2-1400x684.jpeg 1400w, https:\/\/cungtenhanoi.com\/wp-content\/uploads\/2024\/04\/6A05C440-3082-4CF7-ACA2-87C529D39EC2-768x375.jpeg 768w, https:\/\/cungtenhanoi.com\/wp-content\/uploads\/2024\/04\/6A05C440-3082-4CF7-ACA2-87C529D39EC2-1536x750.jpeg 1536w, https:\/\/cungtenhanoi.com\/wp-content\/uploads\/2024\/04\/6A05C440-3082-4CF7-ACA2-87C529D39EC2-2048x1000.jpeg 2048w, https:\/\/cungtenhanoi.com\/wp-content\/uploads\/2024\/04\/6A05C440-3082-4CF7-ACA2-87C529D39EC2-600x293.jpeg 600w, https:\/\/cungtenhanoi.com\/wp-content\/uploads\/2024\/04\/6A05C440-3082-4CF7-ACA2-87C529D39EC2-64x31.jpeg 64w\" sizes=\"(max-width: 800px) 100vw, 800px\" \/><img loading=\"lazy\" class=\"alignnone size-medium wp-image-15823\" src=\"https:\/\/cungtenhanoi.com\/wp-content\/uploads\/2024\/04\/0FFE0057-8329-4A60-BD29-33DC7BF8E5BA-300x400.jpeg\" alt=\"\" width=\"300\" height=\"400\" srcset=\"https:\/\/cungtenhanoi.com\/wp-content\/uploads\/2024\/04\/0FFE0057-8329-4A60-BD29-33DC7BF8E5BA-300x400.jpeg 300w, https:\/\/cungtenhanoi.com\/wp-content\/uploads\/2024\/04\/0FFE0057-8329-4A60-BD29-33DC7BF8E5BA-600x800.jpeg 600w, https:\/\/cungtenhanoi.com\/wp-content\/uploads\/2024\/04\/0FFE0057-8329-4A60-BD29-33DC7BF8E5BA-768x1024.jpeg 768w, https:\/\/cungtenhanoi.com\/wp-content\/uploads\/2024\/04\/0FFE0057-8329-4A60-BD29-33DC7BF8E5BA-1152x1536.jpeg 1152w, https:\/\/cungtenhanoi.com\/wp-content\/uploads\/2024\/04\/0FFE0057-8329-4A60-BD29-33DC7BF8E5BA-1536x2048.jpeg 1536w, https:\/\/cungtenhanoi.com\/wp-content\/uploads\/2024\/04\/0FFE0057-8329-4A60-BD29-33DC7BF8E5BA-64x85.jpeg 64w, https:\/\/cungtenhanoi.com\/wp-content\/uploads\/2024\/04\/0FFE0057-8329-4A60-BD29-33DC7BF8E5BA-scaled.jpeg 1920w\" sizes=\"(max-width: 300px) 100vw, 300px\" \/><img loading=\"lazy\" class=\"size-medium wp-image-15826 aligncenter\" src=\"https:\/\/cungtenhanoi.com\/wp-content\/uploads\/2024\/04\/89825902-897D-4B3D-9BAB-511BD87B7CF0-300x400.jpeg\" alt=\"\" width=\"300\" height=\"400\" srcset=\"https:\/\/cungtenhanoi.com\/wp-content\/uploads\/2024\/04\/89825902-897D-4B3D-9BAB-511BD87B7CF0-300x400.jpeg 300w, https:\/\/cungtenhanoi.com\/wp-content\/uploads\/2024\/04\/89825902-897D-4B3D-9BAB-511BD87B7CF0-600x800.jpeg 600w, https:\/\/cungtenhanoi.com\/wp-content\/uploads\/2024\/04\/89825902-897D-4B3D-9BAB-511BD87B7CF0-768x1024.jpeg 768w, https:\/\/cungtenhanoi.com\/wp-content\/uploads\/2024\/04\/89825902-897D-4B3D-9BAB-511BD87B7CF0-1152x1536.jpeg 1152w, https:\/\/cungtenhanoi.com\/wp-content\/uploads\/2024\/04\/89825902-897D-4B3D-9BAB-511BD87B7CF0-64x85.jpeg 64w, https:\/\/cungtenhanoi.com\/wp-content\/uploads\/2024\/04\/89825902-897D-4B3D-9BAB-511BD87B7CF0.jpeg 1218w\" sizes=\"(max-width: 300px) 100vw, 300px\" \/><img loading=\"lazy\" class=\"alignnone size-medium wp-image-15825\" src=\"https:\/\/cungtenhanoi.com\/wp-content\/uploads\/2024\/04\/12C84977-9A94-475E-AB62-C6DE314F8535-300x400.jpeg\" alt=\"\" width=\"300\" height=\"400\" srcset=\"https:\/\/cungtenhanoi.com\/wp-content\/uploads\/2024\/04\/12C84977-9A94-475E-AB62-C6DE314F8535-300x400.jpeg 300w, https:\/\/cungtenhanoi.com\/wp-content\/uploads\/2024\/04\/12C84977-9A94-475E-AB62-C6DE314F8535-600x800.jpeg 600w, https:\/\/cungtenhanoi.com\/wp-content\/uploads\/2024\/04\/12C84977-9A94-475E-AB62-C6DE314F8535-768x1024.jpeg 768w, https:\/\/cungtenhanoi.com\/wp-content\/uploads\/2024\/04\/12C84977-9A94-475E-AB62-C6DE314F8535-1152x1536.jpeg 1152w, https:\/\/cungtenhanoi.com\/wp-content\/uploads\/2024\/04\/12C84977-9A94-475E-AB62-C6DE314F8535-64x85.jpeg 64w, https:\/\/cungtenhanoi.com\/wp-content\/uploads\/2024\/04\/12C84977-9A94-475E-AB62-C6DE314F8535.jpeg 1290w\" sizes=\"(max-width: 300px) 100vw, 300px\" \/><\/p>\n","protected":false},"excerpt":{"rendered":"<p>Shop d\u01b0 1 c\u00e2y Invicta compound chuy\u00ean thi \u0111\u1ea5u top 1 th\u1ebf gi\u1edbi c\u1ea7n b\u00e1n c\u1eaft l\u1ed7 37inh -50\/60lbs<\/p>\n","protected":false},"featured_media":15823,"comment_status":"open","ping_status":"closed","template":"","meta":[],"product_cat":[17],"product_tag":[200,34,94,1348,1351,40,1350,41],"acf":[],"yoast_head":"<!-- This site is optimized with the Yoast SEO plugin v19.8 - https:\/\/yoast.com\/wordpress\/plugins\/seo\/ -->\n<title>Hoyt Invicta 37 Grey - Cung T\u00ean H\u00e0 N\u1ed9i<\/title>\n<meta name=\"description\" content=\"L\u00e0 d\u00f2ng cung compound target t\u1ed1t nh\u1ea5t th\u1ebf gi\u1edbi, th\u01b0\u01a1ng hi\u1ec7u top 1 \u0111\u1ebfn t\u1eeb M\u1ef9... Mua cung t\u00ean, Mua cung t\u00ean th\u1ec3 thao, Mua cung t\u00ean H\u00e0 N\u1ed9i, Mua cung t\u00ean ch\u00ednh h\u00e3ng, Mua cung t\u00ean S\u00e0i g\u00f2n, Cung t\u00ean truy\u1ec1n th\u1ed1ng, Cung tr\u1ee3 l\u1ef1c, Cung 3 d\u00e2y, Cung compound, Cung 1 d\u00e2y, Cung recurve, B\u1eafn cung, Ph\u1ee5 ki\u1ec7n b\u1eafn cung, Mua m\u0169i t\u00ean b\u1eafn cung\" \/>\n<meta name=\"robots\" content=\"index, follow, max-snippet:-1, max-image-preview:large, max-video-preview:-1\" \/>\n<link rel=\"canonical\" href=\"https:\/\/cungtenhanoi.com\/?product=hoyt-invicta-37-grey\" \/>\n<meta property=\"og:locale\" content=\"vi_VN\" \/>\n<meta property=\"og:type\" content=\"article\" \/>\n<meta property=\"og:title\" content=\"Cung Compound Hoyt Invicta\" \/>\n<meta property=\"og:description\" content=\"Cung tr\u1ee3 l\u1ef1c Hoyt\" \/>\n<meta property=\"og:url\" content=\"https:\/\/cungtenhanoi.com\/?product=hoyt-invicta-37-grey\" \/>\n<meta property=\"og:site_name\" content=\"Cung T\u00ean H\u00e0 N\u1ed9i\" \/>\n<meta property=\"article:modified_time\" content=\"2025-05-08T06:03:24+00:00\" \/>\n<meta property=\"og:image\" content=\"https:\/\/cungtenhanoi.com\/wp-content\/uploads\/2024\/04\/6A05C440-3082-4CF7-ACA2-87C529D39EC2-scaled.jpeg\" \/>\n\t<meta property=\"og:image:width\" content=\"2560\" \/>\n\t<meta property=\"og:image:height\" content=\"1250\" \/>\n\t<meta property=\"og:image:type\" content=\"image\/jpeg\" \/>\n<meta name=\"twitter:card\" content=\"summary_large_image\" \/>\n<meta name=\"twitter:label1\" content=\"\u01af\u1edbc t\u00ednh th\u1eddi gian \u0111\u1ecdc\" \/>\n\t<meta name=\"twitter:data1\" content=\"1 ph\u00fat\" \/>\n<script type=\"application\/ld+json\" class=\"yoast-schema-graph\">{\"@context\":\"https:\/\/schema.org\",\"@graph\":[{\"@type\":\"WebPage\",\"@id\":\"https:\/\/cungtenhanoi.com\/?product=hoyt-invicta-37-grey\",\"url\":\"https:\/\/cungtenhanoi.com\/?product=hoyt-invicta-37-grey\",\"name\":\"Hoyt Invicta 37 Grey - Cung T\u00ean H\u00e0 N\u1ed9i\",\"isPartOf\":{\"@id\":\"https:\/\/cungtenhanoi.com\/#website\"},\"datePublished\":\"2024-04-26T08:52:22+00:00\",\"dateModified\":\"2025-05-08T06:03:24+00:00\",\"description\":\"L\u00e0 d\u00f2ng cung compound target t\u1ed1t nh\u1ea5t th\u1ebf gi\u1edbi, th\u01b0\u01a1ng hi\u1ec7u top 1 \u0111\u1ebfn t\u1eeb M\u1ef9... Mua cung t\u00ean, Mua cung t\u00ean th\u1ec3 thao, Mua cung t\u00ean H\u00e0 N\u1ed9i, Mua cung t\u00ean ch\u00ednh h\u00e3ng, Mua cung t\u00ean S\u00e0i g\u00f2n, Cung t\u00ean truy\u1ec1n th\u1ed1ng, Cung tr\u1ee3 l\u1ef1c, Cung 3 d\u00e2y, Cung compound, Cung 1 d\u00e2y, Cung recurve, B\u1eafn cung, Ph\u1ee5 ki\u1ec7n b\u1eafn cung, Mua m\u0169i t\u00ean b\u1eafn cung\",\"breadcrumb\":{\"@id\":\"https:\/\/cungtenhanoi.com\/?product=hoyt-invicta-37-grey#breadcrumb\"},\"inLanguage\":\"vi\",\"potentialAction\":[{\"@type\":\"ReadAction\",\"target\":[\"https:\/\/cungtenhanoi.com\/?product=hoyt-invicta-37-grey\"]}]},{\"@type\":\"BreadcrumbList\",\"@id\":\"https:\/\/cungtenhanoi.com\/?product=hoyt-invicta-37-grey#breadcrumb\",\"itemListElement\":[{\"@type\":\"ListItem\",\"position\":1,\"name\":\"Trang ch\u1ee7\",\"item\":\"https:\/\/cungtenhanoi.com\/\"},{\"@type\":\"ListItem\",\"position\":2,\"name\":\"Shop\",\"item\":\"https:\/\/cungtenhanoi.com\/?page_id=6\"},{\"@type\":\"ListItem\",\"position\":3,\"name\":\"Cung\",\"item\":\"https:\/\/cungtenhanoi.com\/danh-muc\/cung\/\"},{\"@type\":\"ListItem\",\"position\":4,\"name\":\"Hoyt Invicta 37 Grey\"}]},{\"@type\":\"WebSite\",\"@id\":\"https:\/\/cungtenhanoi.com\/#website\",\"url\":\"https:\/\/cungtenhanoi.com\/\",\"name\":\"Cung T\u00ean H\u00e0 N\u1ed9i\",\"description\":\"Cung c\u1ea5p c\u00e1c lo\u1ea1i cung t\u00ean th\u1ec3 thao s\u1ed1 1 Vi\u1ec7t Nam\",\"publisher\":{\"@id\":\"https:\/\/cungtenhanoi.com\/#organization\"},\"potentialAction\":[{\"@type\":\"SearchAction\",\"target\":{\"@type\":\"EntryPoint\",\"urlTemplate\":\"https:\/\/cungtenhanoi.com\/?s={search_term_string}\"},\"query-input\":\"required name=search_term_string\"}],\"inLanguage\":\"vi\"},{\"@type\":\"Organization\",\"@id\":\"https:\/\/cungtenhanoi.com\/#organization\",\"name\":\"Cung T\u00ean H\u00e0 N\u1ed9i\",\"url\":\"https:\/\/cungtenhanoi.com\/\",\"sameAs\":[],\"logo\":{\"@type\":\"ImageObject\",\"inLanguage\":\"vi\",\"@id\":\"https:\/\/cungtenhanoi.com\/#\/schema\/logo\/image\/\",\"url\":\"https:\/\/cungtenhanoi.com\/wp-content\/uploads\/2025\/05\/logo-den-trang.jpg\",\"contentUrl\":\"https:\/\/cungtenhanoi.com\/wp-content\/uploads\/2025\/05\/logo-den-trang.jpg\",\"width\":450,\"height\":450,\"caption\":\"Cung T\u00ean H\u00e0 N\u1ed9i\"},\"image\":{\"@id\":\"https:\/\/cungtenhanoi.com\/#\/schema\/logo\/image\/\"}}]}<\/script>\n<!-- \/ Yoast SEO plugin. -->","yoast_head_json":{"title":"Hoyt Invicta 37 Grey - Cung T\u00ean H\u00e0 N\u1ed9i","description":"L\u00e0 d\u00f2ng cung compound target t\u1ed1t nh\u1ea5t th\u1ebf gi\u1edbi, th\u01b0\u01a1ng hi\u1ec7u top 1 \u0111\u1ebfn t\u1eeb M\u1ef9... Mua cung t\u00ean, Mua cung t\u00ean th\u1ec3 thao, Mua cung t\u00ean H\u00e0 N\u1ed9i, Mua cung t\u00ean ch\u00ednh h\u00e3ng, Mua cung t\u00ean S\u00e0i g\u00f2n, Cung t\u00ean truy\u1ec1n th\u1ed1ng, Cung tr\u1ee3 l\u1ef1c, Cung 3 d\u00e2y, Cung compound, Cung 1 d\u00e2y, Cung recurve, B\u1eafn cung, Ph\u1ee5 ki\u1ec7n b\u1eafn cung, Mua m\u0169i t\u00ean b\u1eafn cung","robots":{"index":"index","follow":"follow","max-snippet":"max-snippet:-1","max-image-preview":"max-image-preview:large","max-video-preview":"max-video-preview:-1"},"canonical":"https:\/\/cungtenhanoi.com\/?product=hoyt-invicta-37-grey","og_locale":"vi_VN","og_type":"article","og_title":"Cung Compound Hoyt Invicta","og_description":"Cung tr\u1ee3 l\u1ef1c Hoyt","og_url":"https:\/\/cungtenhanoi.com\/?product=hoyt-invicta-37-grey","og_site_name":"Cung T\u00ean H\u00e0 N\u1ed9i","article_modified_time":"2025-05-08T06:03:24+00:00","og_image":[{"width":2560,"height":1250,"url":"https:\/\/cungtenhanoi.com\/wp-content\/uploads\/2024\/04\/6A05C440-3082-4CF7-ACA2-87C529D39EC2-scaled.jpeg","type":"image\/jpeg"}],"twitter_card":"summary_large_image","twitter_misc":{"\u01af\u1edbc t\u00ednh th\u1eddi gian \u0111\u1ecdc":"1 ph\u00fat"},"schema":{"@context":"https:\/\/schema.org","@graph":[{"@type":"WebPage","@id":"https:\/\/cungtenhanoi.com\/?product=hoyt-invicta-37-grey","url":"https:\/\/cungtenhanoi.com\/?product=hoyt-invicta-37-grey","name":"Hoyt Invicta 37 Grey - Cung T\u00ean H\u00e0 N\u1ed9i","isPartOf":{"@id":"https:\/\/cungtenhanoi.com\/#website"},"datePublished":"2024-04-26T08:52:22+00:00","dateModified":"2025-05-08T06:03:24+00:00","description":"L\u00e0 d\u00f2ng cung compound target t\u1ed1t nh\u1ea5t th\u1ebf gi\u1edbi, th\u01b0\u01a1ng hi\u1ec7u top 1 \u0111\u1ebfn t\u1eeb M\u1ef9... Mua cung t\u00ean, Mua cung t\u00ean th\u1ec3 thao, Mua cung t\u00ean H\u00e0 N\u1ed9i, Mua cung t\u00ean ch\u00ednh h\u00e3ng, Mua cung t\u00ean S\u00e0i g\u00f2n, Cung t\u00ean truy\u1ec1n th\u1ed1ng, Cung tr\u1ee3 l\u1ef1c, Cung 3 d\u00e2y, Cung compound, Cung 1 d\u00e2y, Cung recurve, B\u1eafn cung, Ph\u1ee5 ki\u1ec7n b\u1eafn cung, Mua m\u0169i t\u00ean b\u1eafn cung","breadcrumb":{"@id":"https:\/\/cungtenhanoi.com\/?product=hoyt-invicta-37-grey#breadcrumb"},"inLanguage":"vi","potentialAction":[{"@type":"ReadAction","target":["https:\/\/cungtenhanoi.com\/?product=hoyt-invicta-37-grey"]}]},{"@type":"BreadcrumbList","@id":"https:\/\/cungtenhanoi.com\/?product=hoyt-invicta-37-grey#breadcrumb","itemListElement":[{"@type":"ListItem","position":1,"name":"Trang ch\u1ee7","item":"https:\/\/cungtenhanoi.com\/"},{"@type":"ListItem","position":2,"name":"Shop","item":"https:\/\/cungtenhanoi.com\/?page_id=6"},{"@type":"ListItem","position":3,"name":"Cung","item":"https:\/\/cungtenhanoi.com\/danh-muc\/cung\/"},{"@type":"ListItem","position":4,"name":"Hoyt Invicta 37 Grey"}]},{"@type":"WebSite","@id":"https:\/\/cungtenhanoi.com\/#website","url":"https:\/\/cungtenhanoi.com\/","name":"Cung T\u00ean H\u00e0 N\u1ed9i","description":"Cung c\u1ea5p c\u00e1c lo\u1ea1i cung t\u00ean th\u1ec3 thao s\u1ed1 1 Vi\u1ec7t Nam","publisher":{"@id":"https:\/\/cungtenhanoi.com\/#organization"},"potentialAction":[{"@type":"SearchAction","target":{"@type":"EntryPoint","urlTemplate":"https:\/\/cungtenhanoi.com\/?s={search_term_string}"},"query-input":"required name=search_term_string"}],"inLanguage":"vi"},{"@type":"Organization","@id":"https:\/\/cungtenhanoi.com\/#organization","name":"Cung T\u00ean H\u00e0 N\u1ed9i","url":"https:\/\/cungtenhanoi.com\/","sameAs":[],"logo":{"@type":"ImageObject","inLanguage":"vi","@id":"https:\/\/cungtenhanoi.com\/#\/schema\/logo\/image\/","url":"https:\/\/cungtenhanoi.com\/wp-content\/uploads\/2025\/05\/logo-den-trang.jpg","contentUrl":"https:\/\/cungtenhanoi.com\/wp-content\/uploads\/2025\/05\/logo-den-trang.jpg","width":450,"height":450,"caption":"Cung T\u00ean H\u00e0 N\u1ed9i"},"image":{"@id":"https:\/\/cungtenhanoi.com\/#\/schema\/logo\/image\/"}}]}},"_links":{"self":[{"href":"https:\/\/cungtenhanoi.com\/index.php?rest_route=\/wp\/v2\/product\/15828"}],"collection":[{"href":"https:\/\/cungtenhanoi.com\/index.php?rest_route=\/wp\/v2\/product"}],"about":[{"href":"https:\/\/cungtenhanoi.com\/index.php?rest_route=\/wp\/v2\/types\/product"}],"replies":[{"embeddable":true,"href":"https:\/\/cungtenhanoi.com\/index.php?rest_route=%2Fwp%2Fv2%2Fcomments&post=15828"}],"wp:featuredmedia":[{"embeddable":true,"href":"https:\/\/cungtenhanoi.com\/index.php?rest_route=\/wp\/v2\/media\/15823"}],"wp:attachment":[{"href":"https:\/\/cungtenhanoi.com\/index.php?rest_route=%2Fwp%2Fv2%2Fmedia&parent=15828"}],"wp:term":[{"taxonomy":"product_cat","embeddable":true,"href":"https:\/\/cungtenhanoi.com\/index.php?rest_route=%2Fwp%2Fv2%2Fproduct_cat&post=15828"},{"taxonomy":"product_tag","embeddable":true,"href":"https:\/\/cungtenhanoi.com\/index.php?rest_route=%2Fwp%2Fv2%2Fproduct_tag&post=15828"}],"curies":[{"name":"wp","href":"https:\/\/api.w.org\/{rel}","templated":true}]}}