{"id":15829,"date":"2024-05-03T19:35:28","date_gmt":"2024-05-03T12:35:28","guid":{"rendered":"https:\/\/cungtenhanoi.com\/?post_type=product&#038;p=15829"},"modified":"2025-05-28T12:31:46","modified_gmt":"2025-05-28T05:31:46","slug":"pse-mach-30-compound-cung-ten-ha-noi","status":"publish","type":"product","link":"https:\/\/cungtenhanoi.com\/?product=pse-mach-30-compound-cung-ten-ha-noi","title":{"rendered":"PSE Mach 30 compound cung t\u00ean H\u00e0 N\u1ed9i"},"content":{"rendered":"<p style=\"text-align: center;\"><strong>PSE Mach30\u00a0<\/strong><\/p>\n<p style=\"text-align: center;\">Th\u00f4ng s\u1ed1 ????????<br \/>\n\u2705T\u1ed1c \u0111\u1ed9 t\u00ean b\u1eaft 338fps\/s<br \/>\n\u2705L\u1ef1c b\u1eafn 50-80lbs<br \/>\n\u2705Tr\u1ee3 l\u1ef1c 80-90%<br \/>\n\u2705Chi\u1ec1u d\u00e0i 33\u201d<br \/>\n\u2705S\u1ea3i k\u00e9o 24.5-30\u201d<\/p>\n<p style=\"text-align: center;\">full option li\u00ean h\u1ec7<br \/>\n\u2014\u2014\u2014\u2014\u2014\u2014\u2014\u2014\u2014\u2014\u2014\u2014\u2014\u2014\u2014<br \/>\n???? cungtenhanoi.com????????<br \/>\n\u260e\ufe0f Hotline: 0911 682 663<br \/>\n\u2705 B\u1ea3o h\u00e0nh 6 th\u00e1ng 1 \u0111\u1ed5i 1 l\u1ed7i nh\u00e0 s\u1ea3n xu\u1ea5t<br \/>\n\u2705 S\u1eefa ch\u1eefa mi\u1ec5n ph\u00ed tr\u1ecdn \u0111\u1eddi cung<br \/>\n\u2705 S\u1eeda t\u00ean mi\u1ec5n ph\u00ed<br \/>\n\u2705 Giao h\u00e0ng to\u00e0n qu\u1ed1c 1-2 ng\u00e0y<br \/>\n\u2705 T\u01b0 v\u1ea5n mi\u1ec5n ph\u00ed 24\/7\u3002<\/p>\n<ol>\n<li><img loading=\"lazy\" class=\"alignnone size-medium wp-image-15912 aligncenter\" src=\"https:\/\/cungtenhanoi.com\/wp-content\/uploads\/2024\/05\/IMG_9014-300x400.jpeg\" alt=\"\" width=\"300\" height=\"400\" srcset=\"https:\/\/cungtenhanoi.com\/wp-content\/uploads\/2024\/05\/IMG_9014-300x400.jpeg 300w, https:\/\/cungtenhanoi.com\/wp-content\/uploads\/2024\/05\/IMG_9014-600x800.jpeg 600w, https:\/\/cungtenhanoi.com\/wp-content\/uploads\/2024\/05\/IMG_9014-768x1024.jpeg 768w, https:\/\/cungtenhanoi.com\/wp-content\/uploads\/2024\/05\/IMG_9014-1152x1536.jpeg 1152w, https:\/\/cungtenhanoi.com\/wp-content\/uploads\/2024\/05\/IMG_9014-1536x2048.jpeg 1536w, https:\/\/cungtenhanoi.com\/wp-content\/uploads\/2024\/05\/IMG_9014-64x85.jpeg 64w, https:\/\/cungtenhanoi.com\/wp-content\/uploads\/2024\/05\/IMG_9014-scaled.jpeg 1920w\" sizes=\"(max-width: 300px) 100vw, 300px\" \/><\/li>\n<\/ol>\n<p style=\"text-align: center;\"><img loading=\"lazy\" class=\"size-medium wp-image-15830 aligncenter\" src=\"https:\/\/cungtenhanoi.com\/wp-content\/uploads\/2024\/05\/F24DAED9-1CBF-4790-B6D8-E7ED18E5727D-300x400.jpeg\" alt=\"\" width=\"300\" height=\"400\" srcset=\"https:\/\/cungtenhanoi.com\/wp-content\/uploads\/2024\/05\/F24DAED9-1CBF-4790-B6D8-E7ED18E5727D-300x400.jpeg 300w, https:\/\/cungtenhanoi.com\/wp-content\/uploads\/2024\/05\/F24DAED9-1CBF-4790-B6D8-E7ED18E5727D-600x800.jpeg 600w, https:\/\/cungtenhanoi.com\/wp-content\/uploads\/2024\/05\/F24DAED9-1CBF-4790-B6D8-E7ED18E5727D-768x1024.jpeg 768w, https:\/\/cungtenhanoi.com\/wp-content\/uploads\/2024\/05\/F24DAED9-1CBF-4790-B6D8-E7ED18E5727D-1152x1536.jpeg 1152w, https:\/\/cungtenhanoi.com\/wp-content\/uploads\/2024\/05\/F24DAED9-1CBF-4790-B6D8-E7ED18E5727D-64x85.jpeg 64w, https:\/\/cungtenhanoi.com\/wp-content\/uploads\/2024\/05\/F24DAED9-1CBF-4790-B6D8-E7ED18E5727D.jpeg 1536w\" sizes=\"(max-width: 300px) 100vw, 300px\" \/> <img loading=\"lazy\" class=\"size-medium wp-image-15831 aligncenter\" src=\"https:\/\/cungtenhanoi.com\/wp-content\/uploads\/2024\/05\/1AC49422-B3B6-4555-AD3E-5A423EAB710F-300x400.jpeg\" alt=\"\" width=\"300\" height=\"400\" srcset=\"https:\/\/cungtenhanoi.com\/wp-content\/uploads\/2024\/05\/1AC49422-B3B6-4555-AD3E-5A423EAB710F-300x400.jpeg 300w, https:\/\/cungtenhanoi.com\/wp-content\/uploads\/2024\/05\/1AC49422-B3B6-4555-AD3E-5A423EAB710F-600x800.jpeg 600w, https:\/\/cungtenhanoi.com\/wp-content\/uploads\/2024\/05\/1AC49422-B3B6-4555-AD3E-5A423EAB710F-768x1024.jpeg 768w, https:\/\/cungtenhanoi.com\/wp-content\/uploads\/2024\/05\/1AC49422-B3B6-4555-AD3E-5A423EAB710F-1152x1536.jpeg 1152w, https:\/\/cungtenhanoi.com\/wp-content\/uploads\/2024\/05\/1AC49422-B3B6-4555-AD3E-5A423EAB710F-64x85.jpeg 64w, https:\/\/cungtenhanoi.com\/wp-content\/uploads\/2024\/05\/1AC49422-B3B6-4555-AD3E-5A423EAB710F.jpeg 1536w\" sizes=\"(max-width: 300px) 100vw, 300px\" \/> <img loading=\"lazy\" class=\"size-medium wp-image-15833 aligncenter\" src=\"https:\/\/cungtenhanoi.com\/wp-content\/uploads\/2024\/05\/4F9B6D09-DD23-4122-8FFA-16066062AF14-320x400.jpeg\" alt=\"\" width=\"320\" height=\"400\" srcset=\"https:\/\/cungtenhanoi.com\/wp-content\/uploads\/2024\/05\/4F9B6D09-DD23-4122-8FFA-16066062AF14-320x400.jpeg 320w, https:\/\/cungtenhanoi.com\/wp-content\/uploads\/2024\/05\/4F9B6D09-DD23-4122-8FFA-16066062AF14-640x800.jpeg 640w, https:\/\/cungtenhanoi.com\/wp-content\/uploads\/2024\/05\/4F9B6D09-DD23-4122-8FFA-16066062AF14-768x960.jpeg 768w, https:\/\/cungtenhanoi.com\/wp-content\/uploads\/2024\/05\/4F9B6D09-DD23-4122-8FFA-16066062AF14-1229x1536.jpeg 1229w, https:\/\/cungtenhanoi.com\/wp-content\/uploads\/2024\/05\/4F9B6D09-DD23-4122-8FFA-16066062AF14-600x750.jpeg 600w, https:\/\/cungtenhanoi.com\/wp-content\/uploads\/2024\/05\/4F9B6D09-DD23-4122-8FFA-16066062AF14-64x80.jpeg 64w, https:\/\/cungtenhanoi.com\/wp-content\/uploads\/2024\/05\/4F9B6D09-DD23-4122-8FFA-16066062AF14.jpeg 1639w\" sizes=\"(max-width: 320px) 100vw, 320px\" \/> <img loading=\"lazy\" class=\"alignnone  wp-image-15835\" src=\"https:\/\/cungtenhanoi.com\/wp-content\/uploads\/2024\/05\/CA94900D-9793-4B99-939B-4E4708BF9AB6-300x400.jpeg\" alt=\"\" width=\"371\" height=\"495\" srcset=\"https:\/\/cungtenhanoi.com\/wp-content\/uploads\/2024\/05\/CA94900D-9793-4B99-939B-4E4708BF9AB6-300x400.jpeg 300w, https:\/\/cungtenhanoi.com\/wp-content\/uploads\/2024\/05\/CA94900D-9793-4B99-939B-4E4708BF9AB6-600x800.jpeg 600w, https:\/\/cungtenhanoi.com\/wp-content\/uploads\/2024\/05\/CA94900D-9793-4B99-939B-4E4708BF9AB6-768x1024.jpeg 768w, https:\/\/cungtenhanoi.com\/wp-content\/uploads\/2024\/05\/CA94900D-9793-4B99-939B-4E4708BF9AB6-1152x1536.jpeg 1152w, https:\/\/cungtenhanoi.com\/wp-content\/uploads\/2024\/05\/CA94900D-9793-4B99-939B-4E4708BF9AB6-64x85.jpeg 64w, https:\/\/cungtenhanoi.com\/wp-content\/uploads\/2024\/05\/CA94900D-9793-4B99-939B-4E4708BF9AB6.jpeg 1536w\" sizes=\"(max-width: 371px) 100vw, 371px\" \/>T<\/p>\n<p><img loading=\"lazy\" class=\"size-medium wp-image-15834 aligncenter\" style=\"color: #555555; font-size: 14.4px; text-align: center;\" src=\"https:\/\/cungtenhanoi.com\/wp-content\/uploads\/2024\/05\/DD2EB334-DC89-406D-A3A4-B1B4779FDE35-392x400.png\" alt=\"\" width=\"392\" height=\"400\" srcset=\"https:\/\/cungtenhanoi.com\/wp-content\/uploads\/2024\/05\/DD2EB334-DC89-406D-A3A4-B1B4779FDE35-392x400.png 392w, https:\/\/cungtenhanoi.com\/wp-content\/uploads\/2024\/05\/DD2EB334-DC89-406D-A3A4-B1B4779FDE35-784x800.png 784w, https:\/\/cungtenhanoi.com\/wp-content\/uploads\/2024\/05\/DD2EB334-DC89-406D-A3A4-B1B4779FDE35-768x784.png 768w, https:\/\/cungtenhanoi.com\/wp-content\/uploads\/2024\/05\/DD2EB334-DC89-406D-A3A4-B1B4779FDE35-45x45.png 45w, https:\/\/cungtenhanoi.com\/wp-content\/uploads\/2024\/05\/DD2EB334-DC89-406D-A3A4-B1B4779FDE35-600x612.png 600w, https:\/\/cungtenhanoi.com\/wp-content\/uploads\/2024\/05\/DD2EB334-DC89-406D-A3A4-B1B4779FDE35-64x65.png 64w, https:\/\/cungtenhanoi.com\/wp-content\/uploads\/2024\/05\/DD2EB334-DC89-406D-A3A4-B1B4779FDE35.png 1178w\" sizes=\"(max-width: 392px) 100vw, 392px\" \/><\/p>\n<p style=\"text-align: center;\">\u00ean<\/p>\n","protected":false},"excerpt":{"rendered":"<p>PSE Mach30\u00a0 Th\u00f4ng s\u1ed1 ???????? \u2705T\u1ed1c \u0111\u1ed9 t\u00ean b\u1eaft 338fps\/s \u2705L\u1ef1c b\u1eafn 50-80lbs \u2705Tr\u1ee3 l\u1ef1c 80-90% \u2705Chi\u1ec1u d\u00e0i 33\u201d \u2705S\u1ea3i k\u00e9o 24.5-30\u201d full option li\u00ean h\u1ec7 \u2014\u2014\u2014\u2014\u2014\u2014\u2014\u2014\u2014\u2014\u2014\u2014\u2014\u2014\u2014 ???? cungtenhanoi.com???????? \u260e\ufe0f Hotline: 0911 682 663 \u2705 B\u1ea3o h\u00e0nh 6 th\u00e1ng 1 \u0111\u1ed5i 1 l\u1ed7i nh\u00e0 s\u1ea3n xu\u1ea5t \u2705 S\u1eefa ch\u1eefa mi\u1ec5n ph\u00ed tr\u1ecdn \u0111\u1eddi cung \u2705<\/p>\n","protected":false},"featured_media":15912,"comment_status":"open","ping_status":"closed","template":"","meta":[],"product_cat":[17],"product_tag":[34,257,1392,1352,1391,313,33],"acf":[],"yoast_head":"<!-- This site is optimized with the Yoast SEO plugin v19.8 - https:\/\/yoast.com\/wordpress\/plugins\/seo\/ -->\n<title>PSE Mach 30 compound cung t\u00ean H\u00e0 N\u1ed9i - Cung T\u00ean H\u00e0 N\u1ed9i PSE Mach 30 compound cung t\u00ean H\u00e0 N\u1ed9i - cung t\u00ean<\/title>\n<meta name=\"description\" content=\"mach30 pse mua cung t\u00ean th\u1ec3 thao mua cung t\u00ean th\u1ec3 thao mua cung t\u00ean ch\u00ednh h\u00e3ng mua cung t\u00ean ch\u00ednh h\u00e3ng cung tr\u1ee3 l\u1ef1c, mua cung t\u00ean t\u1ea1i h\u00e0 n\u1ed9i , mua cung t\u00ean\" \/>\n<meta name=\"robots\" content=\"index, follow, max-snippet:-1, max-image-preview:large, max-video-preview:-1\" \/>\n<link rel=\"canonical\" href=\"https:\/\/cungtenhanoi.com\/?product=pse-mach-30-compound-cung-ten-ha-noi\" \/>\n<meta property=\"og:locale\" content=\"vi_VN\" \/>\n<meta property=\"og:type\" content=\"article\" \/>\n<meta property=\"og:title\" content=\"PSE Mach 30 compound cung t\u00ean H\u00e0 N\u1ed9i - Cung T\u00ean H\u00e0 N\u1ed9i PSE Mach 30 compound cung t\u00ean H\u00e0 N\u1ed9i - cung t\u00ean\" \/>\n<meta property=\"og:description\" content=\"mach30 pse mua cung t\u00ean th\u1ec3 thao mua cung t\u00ean th\u1ec3 thao mua cung t\u00ean ch\u00ednh h\u00e3ng mua cung t\u00ean ch\u00ednh h\u00e3ng cung tr\u1ee3 l\u1ef1c, mua cung t\u00ean t\u1ea1i h\u00e0 n\u1ed9i , mua cung t\u00ean\" \/>\n<meta property=\"og:url\" content=\"https:\/\/cungtenhanoi.com\/?product=pse-mach-30-compound-cung-ten-ha-noi\" \/>\n<meta property=\"og:site_name\" content=\"Cung T\u00ean H\u00e0 N\u1ed9i\" \/>\n<meta property=\"article:modified_time\" content=\"2025-05-28T05:31:46+00:00\" \/>\n<meta property=\"og:image\" content=\"https:\/\/cungtenhanoi.com\/wp-content\/uploads\/2024\/05\/IMG_9014-scaled.jpeg\" \/>\n\t<meta property=\"og:image:width\" content=\"1920\" \/>\n\t<meta property=\"og:image:height\" content=\"2560\" \/>\n\t<meta property=\"og:image:type\" content=\"image\/jpeg\" \/>\n<meta name=\"twitter:card\" content=\"summary_large_image\" \/>\n<meta name=\"twitter:label1\" content=\"\u01af\u1edbc t\u00ednh th\u1eddi gian \u0111\u1ecdc\" \/>\n\t<meta name=\"twitter:data1\" content=\"2 ph\u00fat\" \/>\n<script type=\"application\/ld+json\" class=\"yoast-schema-graph\">{\"@context\":\"https:\/\/schema.org\",\"@graph\":[{\"@type\":\"WebPage\",\"@id\":\"https:\/\/cungtenhanoi.com\/?product=pse-mach-30-compound-cung-ten-ha-noi\",\"url\":\"https:\/\/cungtenhanoi.com\/?product=pse-mach-30-compound-cung-ten-ha-noi\",\"name\":\"PSE Mach 30 compound cung t\u00ean H\u00e0 N\u1ed9i - Cung T\u00ean H\u00e0 N\u1ed9i PSE Mach 30 compound cung t\u00ean H\u00e0 N\u1ed9i - cung t\u00ean\",\"isPartOf\":{\"@id\":\"https:\/\/cungtenhanoi.com\/#website\"},\"datePublished\":\"2024-05-03T12:35:28+00:00\",\"dateModified\":\"2025-05-28T05:31:46+00:00\",\"description\":\"mach30 pse mua cung t\u00ean th\u1ec3 thao mua cung t\u00ean th\u1ec3 thao mua cung t\u00ean ch\u00ednh h\u00e3ng mua cung t\u00ean ch\u00ednh h\u00e3ng cung tr\u1ee3 l\u1ef1c, mua cung t\u00ean t\u1ea1i h\u00e0 n\u1ed9i , mua cung t\u00ean\",\"breadcrumb\":{\"@id\":\"https:\/\/cungtenhanoi.com\/?product=pse-mach-30-compound-cung-ten-ha-noi#breadcrumb\"},\"inLanguage\":\"vi\",\"potentialAction\":[{\"@type\":\"ReadAction\",\"target\":[\"https:\/\/cungtenhanoi.com\/?product=pse-mach-30-compound-cung-ten-ha-noi\"]}]},{\"@type\":\"BreadcrumbList\",\"@id\":\"https:\/\/cungtenhanoi.com\/?product=pse-mach-30-compound-cung-ten-ha-noi#breadcrumb\",\"itemListElement\":[{\"@type\":\"ListItem\",\"position\":1,\"name\":\"Trang ch\u1ee7\",\"item\":\"https:\/\/cungtenhanoi.com\/\"},{\"@type\":\"ListItem\",\"position\":2,\"name\":\"Shop\",\"item\":\"https:\/\/cungtenhanoi.com\/?page_id=6\"},{\"@type\":\"ListItem\",\"position\":3,\"name\":\"Cung\",\"item\":\"https:\/\/cungtenhanoi.com\/danh-muc\/cung\/\"},{\"@type\":\"ListItem\",\"position\":4,\"name\":\"PSE Mach 30 compound cung t\u00ean H\u00e0 N\u1ed9i\"}]},{\"@type\":\"WebSite\",\"@id\":\"https:\/\/cungtenhanoi.com\/#website\",\"url\":\"https:\/\/cungtenhanoi.com\/\",\"name\":\"Cung T\u00ean H\u00e0 N\u1ed9i\",\"description\":\"Cung c\u1ea5p c\u00e1c lo\u1ea1i cung t\u00ean th\u1ec3 thao s\u1ed1 1 Vi\u1ec7t Nam\",\"publisher\":{\"@id\":\"https:\/\/cungtenhanoi.com\/#organization\"},\"potentialAction\":[{\"@type\":\"SearchAction\",\"target\":{\"@type\":\"EntryPoint\",\"urlTemplate\":\"https:\/\/cungtenhanoi.com\/?s={search_term_string}\"},\"query-input\":\"required name=search_term_string\"}],\"inLanguage\":\"vi\"},{\"@type\":\"Organization\",\"@id\":\"https:\/\/cungtenhanoi.com\/#organization\",\"name\":\"Cung T\u00ean H\u00e0 N\u1ed9i\",\"url\":\"https:\/\/cungtenhanoi.com\/\",\"sameAs\":[],\"logo\":{\"@type\":\"ImageObject\",\"inLanguage\":\"vi\",\"@id\":\"https:\/\/cungtenhanoi.com\/#\/schema\/logo\/image\/\",\"url\":\"https:\/\/cungtenhanoi.com\/wp-content\/uploads\/2025\/05\/logo-den-trang.jpg\",\"contentUrl\":\"https:\/\/cungtenhanoi.com\/wp-content\/uploads\/2025\/05\/logo-den-trang.jpg\",\"width\":450,\"height\":450,\"caption\":\"Cung T\u00ean H\u00e0 N\u1ed9i\"},\"image\":{\"@id\":\"https:\/\/cungtenhanoi.com\/#\/schema\/logo\/image\/\"}}]}<\/script>\n<!-- \/ Yoast SEO plugin. -->","yoast_head_json":{"title":"PSE Mach 30 compound cung t\u00ean H\u00e0 N\u1ed9i - Cung T\u00ean H\u00e0 N\u1ed9i PSE Mach 30 compound cung t\u00ean H\u00e0 N\u1ed9i - cung t\u00ean","description":"mach30 pse mua cung t\u00ean th\u1ec3 thao mua cung t\u00ean th\u1ec3 thao mua cung t\u00ean ch\u00ednh h\u00e3ng mua cung t\u00ean ch\u00ednh h\u00e3ng cung tr\u1ee3 l\u1ef1c, mua cung t\u00ean t\u1ea1i h\u00e0 n\u1ed9i , mua cung t\u00ean","robots":{"index":"index","follow":"follow","max-snippet":"max-snippet:-1","max-image-preview":"max-image-preview:large","max-video-preview":"max-video-preview:-1"},"canonical":"https:\/\/cungtenhanoi.com\/?product=pse-mach-30-compound-cung-ten-ha-noi","og_locale":"vi_VN","og_type":"article","og_title":"PSE Mach 30 compound cung t\u00ean H\u00e0 N\u1ed9i - Cung T\u00ean H\u00e0 N\u1ed9i PSE Mach 30 compound cung t\u00ean H\u00e0 N\u1ed9i - cung t\u00ean","og_description":"mach30 pse mua cung t\u00ean th\u1ec3 thao mua cung t\u00ean th\u1ec3 thao mua cung t\u00ean ch\u00ednh h\u00e3ng mua cung t\u00ean ch\u00ednh h\u00e3ng cung tr\u1ee3 l\u1ef1c, mua cung t\u00ean t\u1ea1i h\u00e0 n\u1ed9i , mua cung t\u00ean","og_url":"https:\/\/cungtenhanoi.com\/?product=pse-mach-30-compound-cung-ten-ha-noi","og_site_name":"Cung T\u00ean H\u00e0 N\u1ed9i","article_modified_time":"2025-05-28T05:31:46+00:00","og_image":[{"width":1920,"height":2560,"url":"https:\/\/cungtenhanoi.com\/wp-content\/uploads\/2024\/05\/IMG_9014-scaled.jpeg","type":"image\/jpeg"}],"twitter_card":"summary_large_image","twitter_misc":{"\u01af\u1edbc t\u00ednh th\u1eddi gian \u0111\u1ecdc":"2 ph\u00fat"},"schema":{"@context":"https:\/\/schema.org","@graph":[{"@type":"WebPage","@id":"https:\/\/cungtenhanoi.com\/?product=pse-mach-30-compound-cung-ten-ha-noi","url":"https:\/\/cungtenhanoi.com\/?product=pse-mach-30-compound-cung-ten-ha-noi","name":"PSE Mach 30 compound cung t\u00ean H\u00e0 N\u1ed9i - Cung T\u00ean H\u00e0 N\u1ed9i PSE Mach 30 compound cung t\u00ean H\u00e0 N\u1ed9i - cung t\u00ean","isPartOf":{"@id":"https:\/\/cungtenhanoi.com\/#website"},"datePublished":"2024-05-03T12:35:28+00:00","dateModified":"2025-05-28T05:31:46+00:00","description":"mach30 pse mua cung t\u00ean th\u1ec3 thao mua cung t\u00ean th\u1ec3 thao mua cung t\u00ean ch\u00ednh h\u00e3ng mua cung t\u00ean ch\u00ednh h\u00e3ng cung tr\u1ee3 l\u1ef1c, mua cung t\u00ean t\u1ea1i h\u00e0 n\u1ed9i , mua cung t\u00ean","breadcrumb":{"@id":"https:\/\/cungtenhanoi.com\/?product=pse-mach-30-compound-cung-ten-ha-noi#breadcrumb"},"inLanguage":"vi","potentialAction":[{"@type":"ReadAction","target":["https:\/\/cungtenhanoi.com\/?product=pse-mach-30-compound-cung-ten-ha-noi"]}]},{"@type":"BreadcrumbList","@id":"https:\/\/cungtenhanoi.com\/?product=pse-mach-30-compound-cung-ten-ha-noi#breadcrumb","itemListElement":[{"@type":"ListItem","position":1,"name":"Trang ch\u1ee7","item":"https:\/\/cungtenhanoi.com\/"},{"@type":"ListItem","position":2,"name":"Shop","item":"https:\/\/cungtenhanoi.com\/?page_id=6"},{"@type":"ListItem","position":3,"name":"Cung","item":"https:\/\/cungtenhanoi.com\/danh-muc\/cung\/"},{"@type":"ListItem","position":4,"name":"PSE Mach 30 compound cung t\u00ean H\u00e0 N\u1ed9i"}]},{"@type":"WebSite","@id":"https:\/\/cungtenhanoi.com\/#website","url":"https:\/\/cungtenhanoi.com\/","name":"Cung T\u00ean H\u00e0 N\u1ed9i","description":"Cung c\u1ea5p c\u00e1c lo\u1ea1i cung t\u00ean th\u1ec3 thao s\u1ed1 1 Vi\u1ec7t Nam","publisher":{"@id":"https:\/\/cungtenhanoi.com\/#organization"},"potentialAction":[{"@type":"SearchAction","target":{"@type":"EntryPoint","urlTemplate":"https:\/\/cungtenhanoi.com\/?s={search_term_string}"},"query-input":"required name=search_term_string"}],"inLanguage":"vi"},{"@type":"Organization","@id":"https:\/\/cungtenhanoi.com\/#organization","name":"Cung T\u00ean H\u00e0 N\u1ed9i","url":"https:\/\/cungtenhanoi.com\/","sameAs":[],"logo":{"@type":"ImageObject","inLanguage":"vi","@id":"https:\/\/cungtenhanoi.com\/#\/schema\/logo\/image\/","url":"https:\/\/cungtenhanoi.com\/wp-content\/uploads\/2025\/05\/logo-den-trang.jpg","contentUrl":"https:\/\/cungtenhanoi.com\/wp-content\/uploads\/2025\/05\/logo-den-trang.jpg","width":450,"height":450,"caption":"Cung T\u00ean H\u00e0 N\u1ed9i"},"image":{"@id":"https:\/\/cungtenhanoi.com\/#\/schema\/logo\/image\/"}}]}},"_links":{"self":[{"href":"https:\/\/cungtenhanoi.com\/index.php?rest_route=\/wp\/v2\/product\/15829"}],"collection":[{"href":"https:\/\/cungtenhanoi.com\/index.php?rest_route=\/wp\/v2\/product"}],"about":[{"href":"https:\/\/cungtenhanoi.com\/index.php?rest_route=\/wp\/v2\/types\/product"}],"replies":[{"embeddable":true,"href":"https:\/\/cungtenhanoi.com\/index.php?rest_route=%2Fwp%2Fv2%2Fcomments&post=15829"}],"wp:featuredmedia":[{"embeddable":true,"href":"https:\/\/cungtenhanoi.com\/index.php?rest_route=\/wp\/v2\/media\/15912"}],"wp:attachment":[{"href":"https:\/\/cungtenhanoi.com\/index.php?rest_route=%2Fwp%2Fv2%2Fmedia&parent=15829"}],"wp:term":[{"taxonomy":"product_cat","embeddable":true,"href":"https:\/\/cungtenhanoi.com\/index.php?rest_route=%2Fwp%2Fv2%2Fproduct_cat&post=15829"},{"taxonomy":"product_tag","embeddable":true,"href":"https:\/\/cungtenhanoi.com\/index.php?rest_route=%2Fwp%2Fv2%2Fproduct_tag&post=15829"}],"curies":[{"name":"wp","href":"https:\/\/api.w.org\/{rel}","templated":true}]}}