{"id":15862,"date":"2024-06-28T13:09:46","date_gmt":"2024-06-28T06:09:46","guid":{"rendered":"https:\/\/cungtenhanoi.com\/?post_type=product&#038;p=15862"},"modified":"2026-04-29T02:10:53","modified_gmt":"2026-04-28T19:10:53","slug":"hop-sanlida-compound","status":"publish","type":"product","link":"https:\/\/cungtenhanoi.com\/?product=hop-sanlida-compound","title":{"rendered":"H\u1ed9p Sanlida Compound"},"content":{"rendered":"<p style=\"text-align: center;\">K\u00edch th\u01b0\u1edbc: 1210mm x 410mm x 220mm<br \/>\nH\u1ed9p \u0111\u1ef1ng \u0111\u01b0\u1ee3c t\u1ea5t c\u1ea3 c\u00e1c lo\u1ea1i cung compound full option , x\u00e1ch k\u00e9o ti\u1ec7n l\u1ee3i.<\/p>\n<p style=\"text-align: center;\"><img loading=\"lazy\" class=\"alignnone size-medium wp-image-15863\" src=\"https:\/\/cungtenhanoi.com\/wp-content\/uploads\/2024\/06\/4f4beb85fe9d0c74c31ebb1f47e68e70-800x315.jpg\" alt=\"\" width=\"800\" height=\"315\" srcset=\"https:\/\/cungtenhanoi.com\/wp-content\/uploads\/2024\/06\/4f4beb85fe9d0c74c31ebb1f47e68e70-800x315.jpg 800w, https:\/\/cungtenhanoi.com\/wp-content\/uploads\/2024\/06\/4f4beb85fe9d0c74c31ebb1f47e68e70-768x303.jpg 768w, https:\/\/cungtenhanoi.com\/wp-content\/uploads\/2024\/06\/4f4beb85fe9d0c74c31ebb1f47e68e70-600x237.jpg 600w, https:\/\/cungtenhanoi.com\/wp-content\/uploads\/2024\/06\/4f4beb85fe9d0c74c31ebb1f47e68e70-64x25.jpg 64w, https:\/\/cungtenhanoi.com\/wp-content\/uploads\/2024\/06\/4f4beb85fe9d0c74c31ebb1f47e68e70.jpg 1200w\" sizes=\"(max-width: 800px) 100vw, 800px\" \/><\/p>\n<p><img loading=\"lazy\" class=\"alignnone size-medium wp-image-15864 aligncenter\" src=\"https:\/\/cungtenhanoi.com\/wp-content\/uploads\/2024\/06\/5b8b1960ef073240f1baec61ab079272-257x400.jpg\" alt=\"\" width=\"257\" height=\"400\" srcset=\"https:\/\/cungtenhanoi.com\/wp-content\/uploads\/2024\/06\/5b8b1960ef073240f1baec61ab079272-257x400.jpg 257w, https:\/\/cungtenhanoi.com\/wp-content\/uploads\/2024\/06\/5b8b1960ef073240f1baec61ab079272-513x800.jpg 513w, https:\/\/cungtenhanoi.com\/wp-content\/uploads\/2024\/06\/5b8b1960ef073240f1baec61ab079272-768x1197.jpg 768w, https:\/\/cungtenhanoi.com\/wp-content\/uploads\/2024\/06\/5b8b1960ef073240f1baec61ab079272-985x1536.jpg 985w, https:\/\/cungtenhanoi.com\/wp-content\/uploads\/2024\/06\/5b8b1960ef073240f1baec61ab079272-600x936.jpg 600w, https:\/\/cungtenhanoi.com\/wp-content\/uploads\/2024\/06\/5b8b1960ef073240f1baec61ab079272-64x100.jpg 64w, https:\/\/cungtenhanoi.com\/wp-content\/uploads\/2024\/06\/5b8b1960ef073240f1baec61ab079272.jpg 1200w\" sizes=\"(max-width: 257px) 100vw, 257px\" \/> <img loading=\"lazy\" class=\"alignnone size-medium wp-image-15865 aligncenter\" src=\"https:\/\/cungtenhanoi.com\/wp-content\/uploads\/2024\/06\/96af7712523d71625c25ee23ea6ac55d-644x400.jpg\" alt=\"\" width=\"644\" height=\"400\" srcset=\"https:\/\/cungtenhanoi.com\/wp-content\/uploads\/2024\/06\/96af7712523d71625c25ee23ea6ac55d-644x400.jpg 644w, https:\/\/cungtenhanoi.com\/wp-content\/uploads\/2024\/06\/96af7712523d71625c25ee23ea6ac55d-768x477.jpg 768w, https:\/\/cungtenhanoi.com\/wp-content\/uploads\/2024\/06\/96af7712523d71625c25ee23ea6ac55d-600x373.jpg 600w, https:\/\/cungtenhanoi.com\/wp-content\/uploads\/2024\/06\/96af7712523d71625c25ee23ea6ac55d-64x40.jpg 64w, https:\/\/cungtenhanoi.com\/wp-content\/uploads\/2024\/06\/96af7712523d71625c25ee23ea6ac55d.jpg 1200w\" sizes=\"(max-width: 644px) 100vw, 644px\" \/> <img loading=\"lazy\" class=\"alignnone size-medium wp-image-15866 aligncenter\" src=\"https:\/\/cungtenhanoi.com\/wp-content\/uploads\/2024\/06\/7115032d577f39ab3a9acbff14d43825-800x200.jpg\" alt=\"\" width=\"800\" height=\"200\" srcset=\"https:\/\/cungtenhanoi.com\/wp-content\/uploads\/2024\/06\/7115032d577f39ab3a9acbff14d43825-800x200.jpg 800w, https:\/\/cungtenhanoi.com\/wp-content\/uploads\/2024\/06\/7115032d577f39ab3a9acbff14d43825-768x192.jpg 768w, https:\/\/cungtenhanoi.com\/wp-content\/uploads\/2024\/06\/7115032d577f39ab3a9acbff14d43825-600x150.jpg 600w, https:\/\/cungtenhanoi.com\/wp-content\/uploads\/2024\/06\/7115032d577f39ab3a9acbff14d43825-64x16.jpg 64w, https:\/\/cungtenhanoi.com\/wp-content\/uploads\/2024\/06\/7115032d577f39ab3a9acbff14d43825.jpg 1200w\" sizes=\"(max-width: 800px) 100vw, 800px\" \/><\/p>\n","protected":false},"excerpt":{"rendered":"<p>K\u00edch th\u01b0\u1edbc: 1210mm x 410mm x 220mm H\u1ed9p \u0111\u1ef1ng \u0111\u01b0\u1ee3c t\u1ea5t c\u1ea3 c\u00e1c lo\u1ea1i cung compound full option , x\u00e1ch k\u00e9o ti\u1ec7n l\u1ee3i.<\/p>\n","protected":false},"featured_media":15864,"comment_status":"open","ping_status":"closed","template":"","meta":[],"product_cat":[20],"product_tag":[257,1348,520,1358],"acf":[],"yoast_head":"<!-- This site is optimized with the Yoast SEO plugin v19.8 - https:\/\/yoast.com\/wordpress\/plugins\/seo\/ -->\n<title>H\u1ed9p Sanlida Compound - Cung T\u00ean H\u00e0 N\u1ed9i<\/title>\n<meta name=\"description\" content=\"mua cung t\u00ean th\u1ec3 thao, mua cung t\u00ean t\u1ea1i h\u00e0 n\u1ed9i, cung tr\u1ee3 l\u1ef1c, cung compound, cung t\u00ean ch\u00ednh h\u00e3ng, cung t\u00ean m\u1ea1nh,cung t\u00ean h\u00e0 n\u1ed9i, cung t\u00ean , mua cung t\u00ean S\u00e0i g\u00f2n , mua m\u0169i t\u00ean b\u1eafn cung , cung b\u1eafn bi s\u1eaft , cung t\u00ean mini\" \/>\n<meta name=\"robots\" content=\"index, follow, max-snippet:-1, max-image-preview:large, max-video-preview:-1\" \/>\n<link rel=\"canonical\" href=\"https:\/\/cungtenhanoi.com\/?product=hop-sanlida-compound\" \/>\n<meta property=\"og:locale\" content=\"vi_VN\" \/>\n<meta property=\"og:type\" content=\"article\" \/>\n<meta property=\"og:title\" content=\"H\u1ed9p Sanlida Compound - Cung T\u00ean H\u00e0 N\u1ed9i\" \/>\n<meta property=\"og:description\" content=\"mua cung t\u00ean th\u1ec3 thao, mua cung t\u00ean t\u1ea1i h\u00e0 n\u1ed9i, cung tr\u1ee3 l\u1ef1c, cung compound, cung t\u00ean ch\u00ednh h\u00e3ng, cung t\u00ean m\u1ea1nh,cung t\u00ean h\u00e0 n\u1ed9i, cung t\u00ean , mua cung t\u00ean S\u00e0i g\u00f2n , mua m\u0169i t\u00ean b\u1eafn cung , cung b\u1eafn bi s\u1eaft , cung t\u00ean mini\" \/>\n<meta property=\"og:url\" content=\"https:\/\/cungtenhanoi.com\/?product=hop-sanlida-compound\" \/>\n<meta property=\"og:site_name\" content=\"Cung T\u00ean H\u00e0 N\u1ed9i\" \/>\n<meta property=\"article:modified_time\" content=\"2026-04-28T19:10:53+00:00\" \/>\n<meta property=\"og:image\" content=\"https:\/\/cungtenhanoi.com\/wp-content\/uploads\/2024\/06\/5b8b1960ef073240f1baec61ab079272.jpg\" \/>\n\t<meta property=\"og:image:width\" content=\"1200\" \/>\n\t<meta property=\"og:image:height\" content=\"1871\" \/>\n\t<meta property=\"og:image:type\" content=\"image\/jpeg\" \/>\n<meta name=\"twitter:card\" content=\"summary_large_image\" \/>\n<meta name=\"twitter:label1\" content=\"\u01af\u1edbc t\u00ednh th\u1eddi gian \u0111\u1ecdc\" \/>\n\t<meta name=\"twitter:data1\" content=\"1 ph\u00fat\" \/>\n<script type=\"application\/ld+json\" class=\"yoast-schema-graph\">{\"@context\":\"https:\/\/schema.org\",\"@graph\":[{\"@type\":\"WebPage\",\"@id\":\"https:\/\/cungtenhanoi.com\/?product=hop-sanlida-compound\",\"url\":\"https:\/\/cungtenhanoi.com\/?product=hop-sanlida-compound\",\"name\":\"H\u1ed9p Sanlida Compound - Cung T\u00ean H\u00e0 N\u1ed9i\",\"isPartOf\":{\"@id\":\"https:\/\/cungtenhanoi.com\/#website\"},\"datePublished\":\"2024-06-28T06:09:46+00:00\",\"dateModified\":\"2026-04-28T19:10:53+00:00\",\"description\":\"mua cung t\u00ean th\u1ec3 thao, mua cung t\u00ean t\u1ea1i h\u00e0 n\u1ed9i, cung tr\u1ee3 l\u1ef1c, cung compound, cung t\u00ean ch\u00ednh h\u00e3ng, cung t\u00ean m\u1ea1nh,cung t\u00ean h\u00e0 n\u1ed9i, cung t\u00ean , mua cung t\u00ean S\u00e0i g\u00f2n , mua m\u0169i t\u00ean b\u1eafn cung , cung b\u1eafn bi s\u1eaft , cung t\u00ean mini\",\"breadcrumb\":{\"@id\":\"https:\/\/cungtenhanoi.com\/?product=hop-sanlida-compound#breadcrumb\"},\"inLanguage\":\"vi\",\"potentialAction\":[{\"@type\":\"ReadAction\",\"target\":[\"https:\/\/cungtenhanoi.com\/?product=hop-sanlida-compound\"]}]},{\"@type\":\"BreadcrumbList\",\"@id\":\"https:\/\/cungtenhanoi.com\/?product=hop-sanlida-compound#breadcrumb\",\"itemListElement\":[{\"@type\":\"ListItem\",\"position\":1,\"name\":\"Trang ch\u1ee7\",\"item\":\"https:\/\/cungtenhanoi.com\/\"},{\"@type\":\"ListItem\",\"position\":2,\"name\":\"Shop\",\"item\":\"https:\/\/cungtenhanoi.com\/?page_id=6\"},{\"@type\":\"ListItem\",\"position\":3,\"name\":\"Ph\u1ee5 ki\u1ec7n\",\"item\":\"https:\/\/cungtenhanoi.com\/danh-muc\/phu-kien\/\"},{\"@type\":\"ListItem\",\"position\":4,\"name\":\"H\u1ed9p Sanlida Compound\"}]},{\"@type\":\"WebSite\",\"@id\":\"https:\/\/cungtenhanoi.com\/#website\",\"url\":\"https:\/\/cungtenhanoi.com\/\",\"name\":\"Cung T\u00ean H\u00e0 N\u1ed9i\",\"description\":\"Cung c\u1ea5p c\u00e1c lo\u1ea1i cung t\u00ean th\u1ec3 thao s\u1ed1 1 Vi\u1ec7t Nam\",\"publisher\":{\"@id\":\"https:\/\/cungtenhanoi.com\/#organization\"},\"potentialAction\":[{\"@type\":\"SearchAction\",\"target\":{\"@type\":\"EntryPoint\",\"urlTemplate\":\"https:\/\/cungtenhanoi.com\/?s={search_term_string}\"},\"query-input\":\"required name=search_term_string\"}],\"inLanguage\":\"vi\"},{\"@type\":\"Organization\",\"@id\":\"https:\/\/cungtenhanoi.com\/#organization\",\"name\":\"Cung T\u00ean H\u00e0 N\u1ed9i\",\"url\":\"https:\/\/cungtenhanoi.com\/\",\"sameAs\":[],\"logo\":{\"@type\":\"ImageObject\",\"inLanguage\":\"vi\",\"@id\":\"https:\/\/cungtenhanoi.com\/#\/schema\/logo\/image\/\",\"url\":\"https:\/\/cungtenhanoi.com\/wp-content\/uploads\/2025\/05\/logo-den-trang.jpg\",\"contentUrl\":\"https:\/\/cungtenhanoi.com\/wp-content\/uploads\/2025\/05\/logo-den-trang.jpg\",\"width\":450,\"height\":450,\"caption\":\"Cung T\u00ean H\u00e0 N\u1ed9i\"},\"image\":{\"@id\":\"https:\/\/cungtenhanoi.com\/#\/schema\/logo\/image\/\"}}]}<\/script>\n<!-- \/ Yoast SEO plugin. -->","yoast_head_json":{"title":"H\u1ed9p Sanlida Compound - Cung T\u00ean H\u00e0 N\u1ed9i","description":"mua cung t\u00ean th\u1ec3 thao, mua cung t\u00ean t\u1ea1i h\u00e0 n\u1ed9i, cung tr\u1ee3 l\u1ef1c, cung compound, cung t\u00ean ch\u00ednh h\u00e3ng, cung t\u00ean m\u1ea1nh,cung t\u00ean h\u00e0 n\u1ed9i, cung t\u00ean , mua cung t\u00ean S\u00e0i g\u00f2n , mua m\u0169i t\u00ean b\u1eafn cung , cung b\u1eafn bi s\u1eaft , cung t\u00ean mini","robots":{"index":"index","follow":"follow","max-snippet":"max-snippet:-1","max-image-preview":"max-image-preview:large","max-video-preview":"max-video-preview:-1"},"canonical":"https:\/\/cungtenhanoi.com\/?product=hop-sanlida-compound","og_locale":"vi_VN","og_type":"article","og_title":"H\u1ed9p Sanlida Compound - Cung T\u00ean H\u00e0 N\u1ed9i","og_description":"mua cung t\u00ean th\u1ec3 thao, mua cung t\u00ean t\u1ea1i h\u00e0 n\u1ed9i, cung tr\u1ee3 l\u1ef1c, cung compound, cung t\u00ean ch\u00ednh h\u00e3ng, cung t\u00ean m\u1ea1nh,cung t\u00ean h\u00e0 n\u1ed9i, cung t\u00ean , mua cung t\u00ean S\u00e0i g\u00f2n , mua m\u0169i t\u00ean b\u1eafn cung , cung b\u1eafn bi s\u1eaft , cung t\u00ean mini","og_url":"https:\/\/cungtenhanoi.com\/?product=hop-sanlida-compound","og_site_name":"Cung T\u00ean H\u00e0 N\u1ed9i","article_modified_time":"2026-04-28T19:10:53+00:00","og_image":[{"width":1200,"height":1871,"url":"https:\/\/cungtenhanoi.com\/wp-content\/uploads\/2024\/06\/5b8b1960ef073240f1baec61ab079272.jpg","type":"image\/jpeg"}],"twitter_card":"summary_large_image","twitter_misc":{"\u01af\u1edbc t\u00ednh th\u1eddi gian \u0111\u1ecdc":"1 ph\u00fat"},"schema":{"@context":"https:\/\/schema.org","@graph":[{"@type":"WebPage","@id":"https:\/\/cungtenhanoi.com\/?product=hop-sanlida-compound","url":"https:\/\/cungtenhanoi.com\/?product=hop-sanlida-compound","name":"H\u1ed9p Sanlida Compound - Cung T\u00ean H\u00e0 N\u1ed9i","isPartOf":{"@id":"https:\/\/cungtenhanoi.com\/#website"},"datePublished":"2024-06-28T06:09:46+00:00","dateModified":"2026-04-28T19:10:53+00:00","description":"mua cung t\u00ean th\u1ec3 thao, mua cung t\u00ean t\u1ea1i h\u00e0 n\u1ed9i, cung tr\u1ee3 l\u1ef1c, cung compound, cung t\u00ean ch\u00ednh h\u00e3ng, cung t\u00ean m\u1ea1nh,cung t\u00ean h\u00e0 n\u1ed9i, cung t\u00ean , mua cung t\u00ean S\u00e0i g\u00f2n , mua m\u0169i t\u00ean b\u1eafn cung , cung b\u1eafn bi s\u1eaft , cung t\u00ean mini","breadcrumb":{"@id":"https:\/\/cungtenhanoi.com\/?product=hop-sanlida-compound#breadcrumb"},"inLanguage":"vi","potentialAction":[{"@type":"ReadAction","target":["https:\/\/cungtenhanoi.com\/?product=hop-sanlida-compound"]}]},{"@type":"BreadcrumbList","@id":"https:\/\/cungtenhanoi.com\/?product=hop-sanlida-compound#breadcrumb","itemListElement":[{"@type":"ListItem","position":1,"name":"Trang ch\u1ee7","item":"https:\/\/cungtenhanoi.com\/"},{"@type":"ListItem","position":2,"name":"Shop","item":"https:\/\/cungtenhanoi.com\/?page_id=6"},{"@type":"ListItem","position":3,"name":"Ph\u1ee5 ki\u1ec7n","item":"https:\/\/cungtenhanoi.com\/danh-muc\/phu-kien\/"},{"@type":"ListItem","position":4,"name":"H\u1ed9p Sanlida Compound"}]},{"@type":"WebSite","@id":"https:\/\/cungtenhanoi.com\/#website","url":"https:\/\/cungtenhanoi.com\/","name":"Cung T\u00ean H\u00e0 N\u1ed9i","description":"Cung c\u1ea5p c\u00e1c lo\u1ea1i cung t\u00ean th\u1ec3 thao s\u1ed1 1 Vi\u1ec7t Nam","publisher":{"@id":"https:\/\/cungtenhanoi.com\/#organization"},"potentialAction":[{"@type":"SearchAction","target":{"@type":"EntryPoint","urlTemplate":"https:\/\/cungtenhanoi.com\/?s={search_term_string}"},"query-input":"required name=search_term_string"}],"inLanguage":"vi"},{"@type":"Organization","@id":"https:\/\/cungtenhanoi.com\/#organization","name":"Cung T\u00ean H\u00e0 N\u1ed9i","url":"https:\/\/cungtenhanoi.com\/","sameAs":[],"logo":{"@type":"ImageObject","inLanguage":"vi","@id":"https:\/\/cungtenhanoi.com\/#\/schema\/logo\/image\/","url":"https:\/\/cungtenhanoi.com\/wp-content\/uploads\/2025\/05\/logo-den-trang.jpg","contentUrl":"https:\/\/cungtenhanoi.com\/wp-content\/uploads\/2025\/05\/logo-den-trang.jpg","width":450,"height":450,"caption":"Cung T\u00ean H\u00e0 N\u1ed9i"},"image":{"@id":"https:\/\/cungtenhanoi.com\/#\/schema\/logo\/image\/"}}]}},"_links":{"self":[{"href":"https:\/\/cungtenhanoi.com\/index.php?rest_route=\/wp\/v2\/product\/15862"}],"collection":[{"href":"https:\/\/cungtenhanoi.com\/index.php?rest_route=\/wp\/v2\/product"}],"about":[{"href":"https:\/\/cungtenhanoi.com\/index.php?rest_route=\/wp\/v2\/types\/product"}],"replies":[{"embeddable":true,"href":"https:\/\/cungtenhanoi.com\/index.php?rest_route=%2Fwp%2Fv2%2Fcomments&post=15862"}],"wp:featuredmedia":[{"embeddable":true,"href":"https:\/\/cungtenhanoi.com\/index.php?rest_route=\/wp\/v2\/media\/15864"}],"wp:attachment":[{"href":"https:\/\/cungtenhanoi.com\/index.php?rest_route=%2Fwp%2Fv2%2Fmedia&parent=15862"}],"wp:term":[{"taxonomy":"product_cat","embeddable":true,"href":"https:\/\/cungtenhanoi.com\/index.php?rest_route=%2Fwp%2Fv2%2Fproduct_cat&post=15862"},{"taxonomy":"product_tag","embeddable":true,"href":"https:\/\/cungtenhanoi.com\/index.php?rest_route=%2Fwp%2Fv2%2Fproduct_tag&post=15862"}],"curies":[{"name":"wp","href":"https:\/\/api.w.org\/{rel}","templated":true}]}}