{"id":15905,"date":"2024-09-08T23:16:59","date_gmt":"2024-09-08T16:16:59","guid":{"rendered":"https:\/\/cungtenhanoi.com\/?post_type=product&#038;p=15905"},"modified":"2026-04-29T02:15:41","modified_gmt":"2026-04-28T19:15:41","slug":"thuoc-ngam-tx9610","status":"publish","type":"product","link":"https:\/\/cungtenhanoi.com\/?product=thuoc-ngam-tx9610","title":{"rendered":"Th\u01b0\u1edbc ng\u1eafm TX9610"},"content":{"rendered":"<p style=\"text-align: center;\">Th\u01b0\u1edbc ng\u1eafm ph\u00f9 h\u1ee3p cho cung compound, zoom 8x gi\u00fap nh\u00ecn r\u00f5 m\u1ee5c ti\u00eau<br \/>\nD\u1ec5 s\u1eed d\u1ee5ng, ch\u1ec9nh tr\u1ef1c ti\u1ebfp tr\u00ean th\u00e2n ng\u1eafm<br \/>\n<img loading=\"lazy\" class=\"size-medium wp-image-15906 aligncenter\" src=\"https:\/\/cungtenhanoi.com\/wp-content\/uploads\/2024\/09\/IMG_9084-593x400.jpeg\" alt=\"\" width=\"593\" height=\"400\" srcset=\"https:\/\/cungtenhanoi.com\/wp-content\/uploads\/2024\/09\/IMG_9084-593x400.jpeg 593w, https:\/\/cungtenhanoi.com\/wp-content\/uploads\/2024\/09\/IMG_9084-768x518.jpeg 768w, https:\/\/cungtenhanoi.com\/wp-content\/uploads\/2024\/09\/IMG_9084-600x405.jpeg 600w, https:\/\/cungtenhanoi.com\/wp-content\/uploads\/2024\/09\/IMG_9084-64x43.jpeg 64w, https:\/\/cungtenhanoi.com\/wp-content\/uploads\/2024\/09\/IMG_9084.jpeg 799w\" sizes=\"(max-width: 593px) 100vw, 593px\" \/> <img loading=\"lazy\" class=\"size-medium wp-image-15907 aligncenter\" src=\"https:\/\/cungtenhanoi.com\/wp-content\/uploads\/2024\/09\/IMG_9085-400x400.jpeg\" alt=\"\" width=\"400\" height=\"400\" srcset=\"https:\/\/cungtenhanoi.com\/wp-content\/uploads\/2024\/09\/IMG_9085-400x400.jpeg 400w, https:\/\/cungtenhanoi.com\/wp-content\/uploads\/2024\/09\/IMG_9085-280x280.jpeg 280w, https:\/\/cungtenhanoi.com\/wp-content\/uploads\/2024\/09\/IMG_9085-768x768.jpeg 768w, https:\/\/cungtenhanoi.com\/wp-content\/uploads\/2024\/09\/IMG_9085-45x45.jpeg 45w, https:\/\/cungtenhanoi.com\/wp-content\/uploads\/2024\/09\/IMG_9085-300x300.jpeg 300w, https:\/\/cungtenhanoi.com\/wp-content\/uploads\/2024\/09\/IMG_9085-600x600.jpeg 600w, https:\/\/cungtenhanoi.com\/wp-content\/uploads\/2024\/09\/IMG_9085-100x100.jpeg 100w, https:\/\/cungtenhanoi.com\/wp-content\/uploads\/2024\/09\/IMG_9085-64x64.jpeg 64w, https:\/\/cungtenhanoi.com\/wp-content\/uploads\/2024\/09\/IMG_9085.jpeg 800w\" sizes=\"(max-width: 400px) 100vw, 400px\" \/> <img loading=\"lazy\" class=\"size-medium wp-image-15908 aligncenter\" src=\"https:\/\/cungtenhanoi.com\/wp-content\/uploads\/2024\/09\/IMG_9086-400x400.jpeg\" alt=\"\" width=\"400\" height=\"400\" srcset=\"https:\/\/cungtenhanoi.com\/wp-content\/uploads\/2024\/09\/IMG_9086-400x400.jpeg 400w, https:\/\/cungtenhanoi.com\/wp-content\/uploads\/2024\/09\/IMG_9086-280x280.jpeg 280w, https:\/\/cungtenhanoi.com\/wp-content\/uploads\/2024\/09\/IMG_9086-768x768.jpeg 768w, https:\/\/cungtenhanoi.com\/wp-content\/uploads\/2024\/09\/IMG_9086-45x45.jpeg 45w, https:\/\/cungtenhanoi.com\/wp-content\/uploads\/2024\/09\/IMG_9086-300x300.jpeg 300w, https:\/\/cungtenhanoi.com\/wp-content\/uploads\/2024\/09\/IMG_9086-600x600.jpeg 600w, https:\/\/cungtenhanoi.com\/wp-content\/uploads\/2024\/09\/IMG_9086-100x100.jpeg 100w, https:\/\/cungtenhanoi.com\/wp-content\/uploads\/2024\/09\/IMG_9086-64x64.jpeg 64w, https:\/\/cungtenhanoi.com\/wp-content\/uploads\/2024\/09\/IMG_9086.jpeg 800w\" sizes=\"(max-width: 400px) 100vw, 400px\" \/> <img loading=\"lazy\" class=\"size-medium wp-image-15909 aligncenter\" src=\"https:\/\/cungtenhanoi.com\/wp-content\/uploads\/2024\/09\/IMG_9089-437x400.jpeg\" alt=\"\" width=\"437\" height=\"400\" srcset=\"https:\/\/cungtenhanoi.com\/wp-content\/uploads\/2024\/09\/IMG_9089-437x400.jpeg 437w, https:\/\/cungtenhanoi.com\/wp-content\/uploads\/2024\/09\/IMG_9089-768x704.jpeg 768w, https:\/\/cungtenhanoi.com\/wp-content\/uploads\/2024\/09\/IMG_9089-600x550.jpeg 600w, https:\/\/cungtenhanoi.com\/wp-content\/uploads\/2024\/09\/IMG_9089-64x59.jpeg 64w, https:\/\/cungtenhanoi.com\/wp-content\/uploads\/2024\/09\/IMG_9089.jpeg 799w\" sizes=\"(max-width: 437px) 100vw, 437px\" \/> <img loading=\"lazy\" class=\"size-medium wp-image-15910 aligncenter\" src=\"https:\/\/cungtenhanoi.com\/wp-content\/uploads\/2024\/09\/IMG_9088-400x400.jpeg\" alt=\"\" width=\"400\" height=\"400\" srcset=\"https:\/\/cungtenhanoi.com\/wp-content\/uploads\/2024\/09\/IMG_9088-400x400.jpeg 400w, https:\/\/cungtenhanoi.com\/wp-content\/uploads\/2024\/09\/IMG_9088-800x800.jpeg 800w, https:\/\/cungtenhanoi.com\/wp-content\/uploads\/2024\/09\/IMG_9088-280x280.jpeg 280w, https:\/\/cungtenhanoi.com\/wp-content\/uploads\/2024\/09\/IMG_9088-768x768.jpeg 768w, https:\/\/cungtenhanoi.com\/wp-content\/uploads\/2024\/09\/IMG_9088-45x45.jpeg 45w, https:\/\/cungtenhanoi.com\/wp-content\/uploads\/2024\/09\/IMG_9088-300x300.jpeg 300w, https:\/\/cungtenhanoi.com\/wp-content\/uploads\/2024\/09\/IMG_9088-600x600.jpeg 600w, https:\/\/cungtenhanoi.com\/wp-content\/uploads\/2024\/09\/IMG_9088-100x100.jpeg 100w, https:\/\/cungtenhanoi.com\/wp-content\/uploads\/2024\/09\/IMG_9088-64x64.jpeg 64w, https:\/\/cungtenhanoi.com\/wp-content\/uploads\/2024\/09\/IMG_9088.jpeg 1200w\" sizes=\"(max-width: 400px) 100vw, 400px\" \/> <img loading=\"lazy\" class=\"alignnone size-medium wp-image-15911\" src=\"https:\/\/cungtenhanoi.com\/wp-content\/uploads\/2024\/09\/IMG_9087-400x400.jpeg\" alt=\"\" width=\"400\" height=\"400\" srcset=\"https:\/\/cungtenhanoi.com\/wp-content\/uploads\/2024\/09\/IMG_9087-400x400.jpeg 400w, https:\/\/cungtenhanoi.com\/wp-content\/uploads\/2024\/09\/IMG_9087-280x280.jpeg 280w, https:\/\/cungtenhanoi.com\/wp-content\/uploads\/2024\/09\/IMG_9087-768x768.jpeg 768w, https:\/\/cungtenhanoi.com\/wp-content\/uploads\/2024\/09\/IMG_9087-45x45.jpeg 45w, https:\/\/cungtenhanoi.com\/wp-content\/uploads\/2024\/09\/IMG_9087-300x300.jpeg 300w, https:\/\/cungtenhanoi.com\/wp-content\/uploads\/2024\/09\/IMG_9087-600x600.jpeg 600w, https:\/\/cungtenhanoi.com\/wp-content\/uploads\/2024\/09\/IMG_9087-100x100.jpeg 100w, https:\/\/cungtenhanoi.com\/wp-content\/uploads\/2024\/09\/IMG_9087-64x64.jpeg 64w, https:\/\/cungtenhanoi.com\/wp-content\/uploads\/2024\/09\/IMG_9087.jpeg 800w\" sizes=\"(max-width: 400px) 100vw, 400px\" \/><\/p>\n","protected":false},"excerpt":{"rendered":"<p>Th\u01b0\u1edbc ng\u1eafm ph\u00f9 h\u1ee3p cho cung compound, zoom 8x gi\u00fap nh\u00ecn r\u00f5 m\u1ee5c ti\u00eau D\u1ec5 s\u1eed d\u1ee5ng, ch\u1ec9nh tr\u1ef1c ti\u1ebfp tr\u00ean th\u00e2n ng\u1eafm<\/p>\n","protected":false},"featured_media":15909,"comment_status":"open","ping_status":"closed","template":"","meta":[],"product_cat":[20],"product_tag":[94,168,248,224,1363],"acf":[],"yoast_head":"<!-- This site is optimized with the Yoast SEO plugin v19.8 - https:\/\/yoast.com\/wordpress\/plugins\/seo\/ -->\n<title>Th\u01b0\u1edbc ng\u1eafm TX9610 - Cung T\u00ean H\u00e0 N\u1ed9i<\/title>\n<meta name=\"description\" content=\"Mua cung t\u00ean th\u1ec3 thao, Cung b\u1eafn bi s\u1eaft, Mua cung t\u00ean t\u1ea1i h\u00e0 n\u1ed9i, Cung tr\u1ee3 l\u1ef1c, Cung compound, Cung t\u00ean ch\u00ednh h\u00e3ng, Cung t\u00ean m\u1ea1nh, Cung t\u00ean h\u00e0 n\u1ed9i, Cung t\u00ean , Mua cung t\u00ean S\u00e0i g\u00f2n , Mua m\u0169i t\u00ean b\u1eafn cung , Cung t\u00ean mini, Cung 1 d\u00e2y , Cung olympic, cung barebow, cung t\u00ean truy\u1ec1n th\u1ed1ng, cung t\u00ean gi\u00e1 r\u1ebb, m\u0169i t\u00ean, Recurve bow, Ph\u1ee5 ki\u1ec7n cung t\u00ean, th\u01b0\u1edbc ng\u1eafm, th\u01b0\u1edbc ng\u1eafm b\u1eafn cung, th\u01b0\u1edbc ng\u1eafm cung 3 d\u00e2y\" \/>\n<meta name=\"robots\" content=\"index, follow, max-snippet:-1, max-image-preview:large, max-video-preview:-1\" \/>\n<link rel=\"canonical\" href=\"https:\/\/cungtenhanoi.com\/?product=thuoc-ngam-tx9610\" \/>\n<meta property=\"og:locale\" content=\"vi_VN\" \/>\n<meta property=\"og:type\" content=\"article\" \/>\n<meta property=\"og:title\" content=\"Th\u01b0\u1edbc ng\u1eafm b\u1eafn cung\" \/>\n<meta property=\"og:description\" content=\"Th\u01b0\u1edbc ng\u1eafm cung compound c\u00f3 zoom xa\" \/>\n<meta property=\"og:url\" content=\"https:\/\/cungtenhanoi.com\/?product=thuoc-ngam-tx9610\" \/>\n<meta property=\"og:site_name\" content=\"Cung T\u00ean H\u00e0 N\u1ed9i\" \/>\n<meta property=\"article:modified_time\" content=\"2026-04-28T19:15:41+00:00\" \/>\n<meta property=\"og:image\" content=\"https:\/\/cungtenhanoi.com\/wp-content\/uploads\/2024\/09\/IMG_9086.jpeg\" \/>\n\t<meta property=\"og:image:width\" content=\"800\" \/>\n\t<meta property=\"og:image:height\" content=\"800\" \/>\n\t<meta property=\"og:image:type\" content=\"image\/jpeg\" \/>\n<meta name=\"twitter:card\" content=\"summary_large_image\" \/>\n<meta name=\"twitter:label1\" content=\"\u01af\u1edbc t\u00ednh th\u1eddi gian \u0111\u1ecdc\" \/>\n\t<meta name=\"twitter:data1\" content=\"2 ph\u00fat\" \/>\n<script type=\"application\/ld+json\" class=\"yoast-schema-graph\">{\"@context\":\"https:\/\/schema.org\",\"@graph\":[{\"@type\":\"WebPage\",\"@id\":\"https:\/\/cungtenhanoi.com\/?product=thuoc-ngam-tx9610\",\"url\":\"https:\/\/cungtenhanoi.com\/?product=thuoc-ngam-tx9610\",\"name\":\"Th\u01b0\u1edbc ng\u1eafm TX9610 - Cung T\u00ean H\u00e0 N\u1ed9i\",\"isPartOf\":{\"@id\":\"https:\/\/cungtenhanoi.com\/#website\"},\"datePublished\":\"2024-09-08T16:16:59+00:00\",\"dateModified\":\"2026-04-28T19:15:41+00:00\",\"description\":\"Mua cung t\u00ean th\u1ec3 thao, Cung b\u1eafn bi s\u1eaft, Mua cung t\u00ean t\u1ea1i h\u00e0 n\u1ed9i, Cung tr\u1ee3 l\u1ef1c, Cung compound, Cung t\u00ean ch\u00ednh h\u00e3ng, Cung t\u00ean m\u1ea1nh, Cung t\u00ean h\u00e0 n\u1ed9i, Cung t\u00ean , Mua cung t\u00ean S\u00e0i g\u00f2n , Mua m\u0169i t\u00ean b\u1eafn cung , Cung t\u00ean mini, Cung 1 d\u00e2y , Cung olympic, cung barebow, cung t\u00ean truy\u1ec1n th\u1ed1ng, cung t\u00ean gi\u00e1 r\u1ebb, m\u0169i t\u00ean, Recurve bow, Ph\u1ee5 ki\u1ec7n cung t\u00ean, th\u01b0\u1edbc ng\u1eafm, th\u01b0\u1edbc ng\u1eafm b\u1eafn cung, th\u01b0\u1edbc ng\u1eafm cung 3 d\u00e2y\",\"breadcrumb\":{\"@id\":\"https:\/\/cungtenhanoi.com\/?product=thuoc-ngam-tx9610#breadcrumb\"},\"inLanguage\":\"vi\",\"potentialAction\":[{\"@type\":\"ReadAction\",\"target\":[\"https:\/\/cungtenhanoi.com\/?product=thuoc-ngam-tx9610\"]}]},{\"@type\":\"BreadcrumbList\",\"@id\":\"https:\/\/cungtenhanoi.com\/?product=thuoc-ngam-tx9610#breadcrumb\",\"itemListElement\":[{\"@type\":\"ListItem\",\"position\":1,\"name\":\"Trang ch\u1ee7\",\"item\":\"https:\/\/cungtenhanoi.com\/\"},{\"@type\":\"ListItem\",\"position\":2,\"name\":\"Shop\",\"item\":\"https:\/\/cungtenhanoi.com\/?page_id=6\"},{\"@type\":\"ListItem\",\"position\":3,\"name\":\"Ph\u1ee5 ki\u1ec7n\",\"item\":\"https:\/\/cungtenhanoi.com\/danh-muc\/phu-kien\/\"},{\"@type\":\"ListItem\",\"position\":4,\"name\":\"Th\u01b0\u1edbc ng\u1eafm TX9610\"}]},{\"@type\":\"WebSite\",\"@id\":\"https:\/\/cungtenhanoi.com\/#website\",\"url\":\"https:\/\/cungtenhanoi.com\/\",\"name\":\"Cung T\u00ean H\u00e0 N\u1ed9i\",\"description\":\"Cung c\u1ea5p c\u00e1c lo\u1ea1i cung t\u00ean th\u1ec3 thao s\u1ed1 1 Vi\u1ec7t Nam\",\"publisher\":{\"@id\":\"https:\/\/cungtenhanoi.com\/#organization\"},\"potentialAction\":[{\"@type\":\"SearchAction\",\"target\":{\"@type\":\"EntryPoint\",\"urlTemplate\":\"https:\/\/cungtenhanoi.com\/?s={search_term_string}\"},\"query-input\":\"required name=search_term_string\"}],\"inLanguage\":\"vi\"},{\"@type\":\"Organization\",\"@id\":\"https:\/\/cungtenhanoi.com\/#organization\",\"name\":\"Cung T\u00ean H\u00e0 N\u1ed9i\",\"url\":\"https:\/\/cungtenhanoi.com\/\",\"sameAs\":[],\"logo\":{\"@type\":\"ImageObject\",\"inLanguage\":\"vi\",\"@id\":\"https:\/\/cungtenhanoi.com\/#\/schema\/logo\/image\/\",\"url\":\"https:\/\/cungtenhanoi.com\/wp-content\/uploads\/2025\/05\/logo-den-trang.jpg\",\"contentUrl\":\"https:\/\/cungtenhanoi.com\/wp-content\/uploads\/2025\/05\/logo-den-trang.jpg\",\"width\":450,\"height\":450,\"caption\":\"Cung T\u00ean H\u00e0 N\u1ed9i\"},\"image\":{\"@id\":\"https:\/\/cungtenhanoi.com\/#\/schema\/logo\/image\/\"}}]}<\/script>\n<!-- \/ Yoast SEO plugin. -->","yoast_head_json":{"title":"Th\u01b0\u1edbc ng\u1eafm TX9610 - Cung T\u00ean H\u00e0 N\u1ed9i","description":"Mua cung t\u00ean th\u1ec3 thao, Cung b\u1eafn bi s\u1eaft, Mua cung t\u00ean t\u1ea1i h\u00e0 n\u1ed9i, Cung tr\u1ee3 l\u1ef1c, Cung compound, Cung t\u00ean ch\u00ednh h\u00e3ng, Cung t\u00ean m\u1ea1nh, Cung t\u00ean h\u00e0 n\u1ed9i, Cung t\u00ean , Mua cung t\u00ean S\u00e0i g\u00f2n , Mua m\u0169i t\u00ean b\u1eafn cung , Cung t\u00ean mini, Cung 1 d\u00e2y , Cung olympic, cung barebow, cung t\u00ean truy\u1ec1n th\u1ed1ng, cung t\u00ean gi\u00e1 r\u1ebb, m\u0169i t\u00ean, Recurve bow, Ph\u1ee5 ki\u1ec7n cung t\u00ean, th\u01b0\u1edbc ng\u1eafm, th\u01b0\u1edbc ng\u1eafm b\u1eafn cung, th\u01b0\u1edbc ng\u1eafm cung 3 d\u00e2y","robots":{"index":"index","follow":"follow","max-snippet":"max-snippet:-1","max-image-preview":"max-image-preview:large","max-video-preview":"max-video-preview:-1"},"canonical":"https:\/\/cungtenhanoi.com\/?product=thuoc-ngam-tx9610","og_locale":"vi_VN","og_type":"article","og_title":"Th\u01b0\u1edbc ng\u1eafm b\u1eafn cung","og_description":"Th\u01b0\u1edbc ng\u1eafm cung compound c\u00f3 zoom xa","og_url":"https:\/\/cungtenhanoi.com\/?product=thuoc-ngam-tx9610","og_site_name":"Cung T\u00ean H\u00e0 N\u1ed9i","article_modified_time":"2026-04-28T19:15:41+00:00","og_image":[{"width":800,"height":800,"url":"https:\/\/cungtenhanoi.com\/wp-content\/uploads\/2024\/09\/IMG_9086.jpeg","type":"image\/jpeg"}],"twitter_card":"summary_large_image","twitter_misc":{"\u01af\u1edbc t\u00ednh th\u1eddi gian \u0111\u1ecdc":"2 ph\u00fat"},"schema":{"@context":"https:\/\/schema.org","@graph":[{"@type":"WebPage","@id":"https:\/\/cungtenhanoi.com\/?product=thuoc-ngam-tx9610","url":"https:\/\/cungtenhanoi.com\/?product=thuoc-ngam-tx9610","name":"Th\u01b0\u1edbc ng\u1eafm TX9610 - Cung T\u00ean H\u00e0 N\u1ed9i","isPartOf":{"@id":"https:\/\/cungtenhanoi.com\/#website"},"datePublished":"2024-09-08T16:16:59+00:00","dateModified":"2026-04-28T19:15:41+00:00","description":"Mua cung t\u00ean th\u1ec3 thao, Cung b\u1eafn bi s\u1eaft, Mua cung t\u00ean t\u1ea1i h\u00e0 n\u1ed9i, Cung tr\u1ee3 l\u1ef1c, Cung compound, Cung t\u00ean ch\u00ednh h\u00e3ng, Cung t\u00ean m\u1ea1nh, Cung t\u00ean h\u00e0 n\u1ed9i, Cung t\u00ean , Mua cung t\u00ean S\u00e0i g\u00f2n , Mua m\u0169i t\u00ean b\u1eafn cung , Cung t\u00ean mini, Cung 1 d\u00e2y , Cung olympic, cung barebow, cung t\u00ean truy\u1ec1n th\u1ed1ng, cung t\u00ean gi\u00e1 r\u1ebb, m\u0169i t\u00ean, Recurve bow, Ph\u1ee5 ki\u1ec7n cung t\u00ean, th\u01b0\u1edbc ng\u1eafm, th\u01b0\u1edbc ng\u1eafm b\u1eafn cung, th\u01b0\u1edbc ng\u1eafm cung 3 d\u00e2y","breadcrumb":{"@id":"https:\/\/cungtenhanoi.com\/?product=thuoc-ngam-tx9610#breadcrumb"},"inLanguage":"vi","potentialAction":[{"@type":"ReadAction","target":["https:\/\/cungtenhanoi.com\/?product=thuoc-ngam-tx9610"]}]},{"@type":"BreadcrumbList","@id":"https:\/\/cungtenhanoi.com\/?product=thuoc-ngam-tx9610#breadcrumb","itemListElement":[{"@type":"ListItem","position":1,"name":"Trang ch\u1ee7","item":"https:\/\/cungtenhanoi.com\/"},{"@type":"ListItem","position":2,"name":"Shop","item":"https:\/\/cungtenhanoi.com\/?page_id=6"},{"@type":"ListItem","position":3,"name":"Ph\u1ee5 ki\u1ec7n","item":"https:\/\/cungtenhanoi.com\/danh-muc\/phu-kien\/"},{"@type":"ListItem","position":4,"name":"Th\u01b0\u1edbc ng\u1eafm TX9610"}]},{"@type":"WebSite","@id":"https:\/\/cungtenhanoi.com\/#website","url":"https:\/\/cungtenhanoi.com\/","name":"Cung T\u00ean H\u00e0 N\u1ed9i","description":"Cung c\u1ea5p c\u00e1c lo\u1ea1i cung t\u00ean th\u1ec3 thao s\u1ed1 1 Vi\u1ec7t Nam","publisher":{"@id":"https:\/\/cungtenhanoi.com\/#organization"},"potentialAction":[{"@type":"SearchAction","target":{"@type":"EntryPoint","urlTemplate":"https:\/\/cungtenhanoi.com\/?s={search_term_string}"},"query-input":"required name=search_term_string"}],"inLanguage":"vi"},{"@type":"Organization","@id":"https:\/\/cungtenhanoi.com\/#organization","name":"Cung T\u00ean H\u00e0 N\u1ed9i","url":"https:\/\/cungtenhanoi.com\/","sameAs":[],"logo":{"@type":"ImageObject","inLanguage":"vi","@id":"https:\/\/cungtenhanoi.com\/#\/schema\/logo\/image\/","url":"https:\/\/cungtenhanoi.com\/wp-content\/uploads\/2025\/05\/logo-den-trang.jpg","contentUrl":"https:\/\/cungtenhanoi.com\/wp-content\/uploads\/2025\/05\/logo-den-trang.jpg","width":450,"height":450,"caption":"Cung T\u00ean H\u00e0 N\u1ed9i"},"image":{"@id":"https:\/\/cungtenhanoi.com\/#\/schema\/logo\/image\/"}}]}},"_links":{"self":[{"href":"https:\/\/cungtenhanoi.com\/index.php?rest_route=\/wp\/v2\/product\/15905"}],"collection":[{"href":"https:\/\/cungtenhanoi.com\/index.php?rest_route=\/wp\/v2\/product"}],"about":[{"href":"https:\/\/cungtenhanoi.com\/index.php?rest_route=\/wp\/v2\/types\/product"}],"replies":[{"embeddable":true,"href":"https:\/\/cungtenhanoi.com\/index.php?rest_route=%2Fwp%2Fv2%2Fcomments&post=15905"}],"wp:featuredmedia":[{"embeddable":true,"href":"https:\/\/cungtenhanoi.com\/index.php?rest_route=\/wp\/v2\/media\/15909"}],"wp:attachment":[{"href":"https:\/\/cungtenhanoi.com\/index.php?rest_route=%2Fwp%2Fv2%2Fmedia&parent=15905"}],"wp:term":[{"taxonomy":"product_cat","embeddable":true,"href":"https:\/\/cungtenhanoi.com\/index.php?rest_route=%2Fwp%2Fv2%2Fproduct_cat&post=15905"},{"taxonomy":"product_tag","embeddable":true,"href":"https:\/\/cungtenhanoi.com\/index.php?rest_route=%2Fwp%2Fv2%2Fproduct_tag&post=15905"}],"curies":[{"name":"wp","href":"https:\/\/api.w.org\/{rel}","templated":true}]}}