{"id":15974,"date":"2025-01-01T17:37:30","date_gmt":"2025-01-01T10:37:30","guid":{"rendered":"https:\/\/cungtenhanoi.com\/?post_type=product&#038;p=15974"},"modified":"2026-03-30T22:23:31","modified_gmt":"2026-03-30T15:23:31","slug":"bat-chong-xuyen","status":"publish","type":"product","link":"https:\/\/cungtenhanoi.com\/?product=bat-chong-xuyen","title":{"rendered":"B\u1ea0T CH\u1ed0NG XUY\u00caN B\u1eaeN CUNG \u2013 AN TO\u00c0N TUY\u1ec6T \u0110\u1ed0I KHI T\u1eacP LUY\u1ec6N"},"content":{"rendered":"<p style=\"text-align: center;\">???? Gi\u1ea3i ph\u00e1p b\u1eaft bu\u1ed9c cho m\u1ecdi ng\u01b0\u1eddi ch\u01a1i cung<\/p>\n<p style=\"text-align: center;\">???? Ng\u0103n t\u00ean xuy\u00ean \u2013 b\u1ea3o v\u1ec7 ng\u01b0\u1eddi &amp; t\u00e0i s\u1ea3n ph\u00eda sau!<\/p>\n<p style=\"text-align: center;\">\u2705 TH\u00d4NG TIN S\u1ea2N PH\u1ea8M<\/p>\n<p style=\"text-align: center;\">Ch\u1ea5t li\u1ec7u: S\u1ee3i t\u1ed5ng h\u1ee3p kelvar<\/p>\n<p style=\"text-align: center;\">K\u00edch th\u01b0\u1edbc: 75x150cm &#8211; 2mm<\/p>\n<p style=\"text-align: center;\">\u0110\u1ed9 d\u00e0y: Nhi\u1ec1u l\u1edbp ch\u1ed1ng xuy\u00ean<\/p>\n<p style=\"text-align: center;\">L\u1eafp \u0111\u1eb7t: Treo t\u01b0\u1eddng, khung ho\u1eb7c gi\u00e1 \u0111\u1ee1<\/p>\n<p style=\"text-align: center;\">???? \u01afU \u0110I\u1ec2M N\u1ed4I B\u1eacT<\/p>\n<p style=\"text-align: center;\">\u2714\ufe0f Ch\u1ed1ng xuy\u00ean hi\u1ec7u qu\u1ea3 \u2013 gi\u1ea3m l\u1ef1c t\u00ean bay<\/p>\n<p style=\"text-align: center;\">\u2714\ufe0f B\u1ea3o v\u1ec7 an to\u00e0n khi b\u1eafn trong nh\u00e0 &amp; ngo\u00e0i tr\u1eddi<\/p>\n<p style=\"text-align: center;\">\u2714\ufe0f Gi\u1ea3m h\u01b0 h\u1ea1i t\u01b0\u1eddng, \u0111\u1ed3 \u0111\u1ea1c ph\u00eda sau<\/p>\n<p style=\"text-align: center;\">\u2714\ufe0f \u0110\u1ed9 b\u1ec1n cao \u2013 d\u00f9ng l\u00e2u d\u00e0i<\/p>\n<p style=\"text-align: center;\">\u2714\ufe0f G\u1ea5p g\u1ecdn \u2013 d\u1ec5 mang theo???? L\u1ee2I \u00cdCH TH\u1ef0C T\u1ebe<\/p>\n<p style=\"text-align: center;\">T\u1eadp b\u1eafn an to\u00e0n ngay t\u1ea1i nh\u00e0<\/p>\n<p style=\"text-align: center;\">Kh\u00f4ng lo t\u00ean bay l\u1ec7ch g\u00e2y nguy hi\u1ec3m<\/p>\n<p style=\"text-align: center;\">T\u0103ng s\u1ef1 chuy\u00ean nghi\u1ec7p cho khu t\u1eadp<\/p>\n<p style=\"text-align: center;\">???? PH\u00d9 H\u1ee2P CHO<\/p>\n<p style=\"text-align: center;\">Ng\u01b0\u1eddi m\u1edbi t\u1eadp b\u1eafn cung<\/p>\n<p style=\"text-align: center;\">Cung compound, cung truy\u1ec1n th\u1ed1ng, cung tr\u1ee3 l\u1ef1c<\/p>\n<p style=\"text-align: center;\">CLB, s\u00e2n t\u1eadp, khu gi\u1ea3i tr\u00ed<\/p>\n<p style=\"text-align: center;\">\u26a0\ufe0f L\u01afU \u00dd S\u1eec D\u1ee4NG<\/p>\n<p style=\"text-align: center;\">???? Treo b\u1ea1t c\u00e1ch bia 30\u201350cm \u0111\u1ec3 t\u0103ng hi\u1ec7u qu\u1ea3 ch\u1ed1ng xuy\u00ean<\/p>\n<p style=\"text-align: center;\">???? Kh\u00f4ng b\u1eafn \u1edf kho\u1ea3ng c\u00e1ch qu\u00e1 g\u1ea7n v\u1edbi l\u1ef1c m\u1ea1nh<\/p>\n<p style=\"text-align: center;\">???? N\u00ean k\u1ebft h\u1ee3p bia r\u01a1m \/ bia foam ph\u00eda tr\u01b0\u1edbc<\/p>\n<p style=\"text-align: center;\"><img loading=\"lazy\" class=\"size-medium wp-image-15975 aligncenter\" src=\"https:\/\/cungtenhanoi.com\/wp-content\/uploads\/2025\/01\/IMG_9827-497x400.jpeg\" alt=\"\" width=\"497\" height=\"400\" srcset=\"https:\/\/cungtenhanoi.com\/wp-content\/uploads\/2025\/01\/IMG_9827-497x400.jpeg 497w, https:\/\/cungtenhanoi.com\/wp-content\/uploads\/2025\/01\/IMG_9827-768x618.jpeg 768w, https:\/\/cungtenhanoi.com\/wp-content\/uploads\/2025\/01\/IMG_9827-600x483.jpeg 600w, https:\/\/cungtenhanoi.com\/wp-content\/uploads\/2025\/01\/IMG_9827-64x51.jpeg 64w, https:\/\/cungtenhanoi.com\/wp-content\/uploads\/2025\/01\/IMG_9827.jpeg 853w\" sizes=\"(max-width: 497px) 100vw, 497px\" \/> <img loading=\"lazy\" class=\"size-medium wp-image-15976 aligncenter\" src=\"https:\/\/cungtenhanoi.com\/wp-content\/uploads\/2025\/01\/IMG_9831-448x400.jpeg\" alt=\"\" width=\"448\" height=\"400\" srcset=\"https:\/\/cungtenhanoi.com\/wp-content\/uploads\/2025\/01\/IMG_9831-448x400.jpeg 448w, https:\/\/cungtenhanoi.com\/wp-content\/uploads\/2025\/01\/IMG_9831-600x535.jpeg 600w, https:\/\/cungtenhanoi.com\/wp-content\/uploads\/2025\/01\/IMG_9831-64x57.jpeg 64w, https:\/\/cungtenhanoi.com\/wp-content\/uploads\/2025\/01\/IMG_9831.jpeg 668w\" sizes=\"(max-width: 448px) 100vw, 448px\" \/> <img loading=\"lazy\" class=\" wp-image-15977 aligncenter\" src=\"https:\/\/cungtenhanoi.com\/wp-content\/uploads\/2025\/01\/IMG_9834-461x400.jpeg\" alt=\"\" width=\"442\" height=\"383\" srcset=\"https:\/\/cungtenhanoi.com\/wp-content\/uploads\/2025\/01\/IMG_9834-461x400.jpeg 461w, https:\/\/cungtenhanoi.com\/wp-content\/uploads\/2025\/01\/IMG_9834-921x800.jpeg 921w, https:\/\/cungtenhanoi.com\/wp-content\/uploads\/2025\/01\/IMG_9834-768x667.jpeg 768w, https:\/\/cungtenhanoi.com\/wp-content\/uploads\/2025\/01\/IMG_9834-600x521.jpeg 600w, https:\/\/cungtenhanoi.com\/wp-content\/uploads\/2025\/01\/IMG_9834-64x56.jpeg 64w, https:\/\/cungtenhanoi.com\/wp-content\/uploads\/2025\/01\/IMG_9834.jpeg 1079w\" sizes=\"(max-width: 442px) 100vw, 442px\" \/><\/p>\n<p style=\"text-align: center;\"><img loading=\"lazy\" class=\"size-medium wp-image-15979 aligncenter\" style=\"color: #555555; font-size: 14.4px; text-align: center;\" src=\"https:\/\/cungtenhanoi.com\/wp-content\/uploads\/2025\/01\/IMG_9832-354x400.jpeg\" alt=\"\" width=\"354\" height=\"400\" srcset=\"https:\/\/cungtenhanoi.com\/wp-content\/uploads\/2025\/01\/IMG_9832-354x400.jpeg 354w, https:\/\/cungtenhanoi.com\/wp-content\/uploads\/2025\/01\/IMG_9832-709x800.jpeg 709w, https:\/\/cungtenhanoi.com\/wp-content\/uploads\/2025\/01\/IMG_9832-768x867.jpeg 768w, https:\/\/cungtenhanoi.com\/wp-content\/uploads\/2025\/01\/IMG_9832-600x677.jpeg 600w, https:\/\/cungtenhanoi.com\/wp-content\/uploads\/2025\/01\/IMG_9832-64x72.jpeg 64w, https:\/\/cungtenhanoi.com\/wp-content\/uploads\/2025\/01\/IMG_9832.jpeg 1290w\" sizes=\"(max-width: 354px) 100vw, 354px\" \/><\/p>\n<p style=\"text-align: center;\"><img loading=\"lazy\" class=\"size-medium wp-image-15980 aligncenter\" style=\"color: #555555; font-size: 14.4px; text-align: center;\" src=\"https:\/\/cungtenhanoi.com\/wp-content\/uploads\/2025\/01\/IMG_9833-400x400.jpeg\" alt=\"\" width=\"400\" height=\"400\" srcset=\"https:\/\/cungtenhanoi.com\/wp-content\/uploads\/2025\/01\/IMG_9833-400x400.jpeg 400w, https:\/\/cungtenhanoi.com\/wp-content\/uploads\/2025\/01\/IMG_9833-280x280.jpeg 280w, https:\/\/cungtenhanoi.com\/wp-content\/uploads\/2025\/01\/IMG_9833-768x768.jpeg 768w, https:\/\/cungtenhanoi.com\/wp-content\/uploads\/2025\/01\/IMG_9833-45x45.jpeg 45w, https:\/\/cungtenhanoi.com\/wp-content\/uploads\/2025\/01\/IMG_9833-300x300.jpeg 300w, https:\/\/cungtenhanoi.com\/wp-content\/uploads\/2025\/01\/IMG_9833-600x600.jpeg 600w, https:\/\/cungtenhanoi.com\/wp-content\/uploads\/2025\/01\/IMG_9833-100x100.jpeg 100w, https:\/\/cungtenhanoi.com\/wp-content\/uploads\/2025\/01\/IMG_9833-64x64.jpeg 64w, https:\/\/cungtenhanoi.com\/wp-content\/uploads\/2025\/01\/IMG_9833.jpeg 800w\" sizes=\"(max-width: 400px) 100vw, 400px\" \/><img loading=\"lazy\" class=\"size-medium wp-image-15978 aligncenter\" style=\"font-size: 14.4px; text-align: center;\" src=\"https:\/\/cungtenhanoi.com\/wp-content\/uploads\/2025\/01\/IMG_9835-628x400.jpeg\" alt=\"\" width=\"628\" height=\"400\" srcset=\"https:\/\/cungtenhanoi.com\/wp-content\/uploads\/2025\/01\/IMG_9835-628x400.jpeg 628w, https:\/\/cungtenhanoi.com\/wp-content\/uploads\/2025\/01\/IMG_9835-768x489.jpeg 768w, https:\/\/cungtenhanoi.com\/wp-content\/uploads\/2025\/01\/IMG_9835-600x382.jpeg 600w, https:\/\/cungtenhanoi.com\/wp-content\/uploads\/2025\/01\/IMG_9835-64x41.jpeg 64w, https:\/\/cungtenhanoi.com\/wp-content\/uploads\/2025\/01\/IMG_9835.jpeg 1198w\" sizes=\"(max-width: 628px) 100vw, 628px\" \/><\/p>\n<p style=\"text-align: center;\"><span style=\"font-size: 14.4px;\">\u00a0<\/span><\/p>\n","protected":false},"excerpt":{"rendered":"<p>???? Gi\u1ea3i ph\u00e1p b\u1eaft bu\u1ed9c cho m\u1ecdi ng\u01b0\u1eddi ch\u01a1i cung ???? Ng\u0103n t\u00ean xuy\u00ean \u2013 b\u1ea3o v\u1ec7 ng\u01b0\u1eddi &amp; t\u00e0i s\u1ea3n ph\u00eda sau! \u2705 TH\u00d4NG TIN S\u1ea2N PH\u1ea8M Ch\u1ea5t li\u1ec7u: S\u1ee3i t\u1ed5ng h\u1ee3p kelvar K\u00edch th\u01b0\u1edbc: 75x150cm &#8211; 2mm \u0110\u1ed9 d\u00e0y: Nhi\u1ec1u l\u1edbp ch\u1ed1ng xuy\u00ean L\u1eafp \u0111\u1eb7t: Treo t\u01b0\u1eddng, khung ho\u1eb7c gi\u00e1 \u0111\u1ee1 ???? \u01afU<\/p>\n","protected":false},"featured_media":15976,"comment_status":"open","ping_status":"closed","template":"","meta":[],"product_cat":[20],"product_tag":[420,574,1402,1396,1401,86,1394,267,257,1397,1400,315,1392,1368,1387,1395,313,1399,59,425,57,1367],"acf":[],"yoast_head":"<!-- This site is optimized with the Yoast SEO plugin v19.8 - https:\/\/yoast.com\/wordpress\/plugins\/seo\/ -->\n<title>B\u1ea0T CH\u1ed0NG XUY\u00caN B\u1eaeN CUNG \u2013 AN TO\u00c0N TUY\u1ec6T \u0110\u1ed0I KHI T\u1eacP LUY\u1ec6N - Cung T\u00ean H\u00e0 N\u1ed9i<\/title>\n<meta name=\"description\" content=\"Mua cung t\u00ean th\u1ec3 thao, Cung b\u1eafn bi s\u1eaft, Mua cung t\u00ean t\u1ea1i h\u00e0 n\u1ed9i, Cung tr\u1ee3 l\u1ef1c, Cung compound, Cung t\u00ean ch\u00ednh h\u00e3ng, Cung t\u00ean m\u1ea1nh, Cung t\u00ean h\u00e0 n\u1ed9i, Cung t\u00ean , Mua cung t\u00ean S\u00e0i g\u00f2n , Mua m\u0169i t\u00ean b\u1eafn cung , Cung t\u00ean mini, Cung 1 d\u00e2y , Cung olympic, cung barebow, cung t\u00ean truy\u1ec1n th\u1ed1ng, cung t\u00ean gi\u00e1 r\u1ebb, m\u0169i t\u00ean, Recurve bow, Ph\u1ee5 ki\u1ec7n cung t\u00ean\" \/>\n<meta name=\"robots\" content=\"index, follow, max-snippet:-1, max-video-preview:-1, noimageindex\" \/>\n<link rel=\"canonical\" href=\"https:\/\/cungtenhanoi.com\/?product=bat-chong-xuyen\" \/>\n<meta property=\"og:locale\" content=\"vi_VN\" \/>\n<meta property=\"og:type\" content=\"article\" \/>\n<meta property=\"og:title\" content=\"B\u1ea0T CH\u1ed0NG XUY\u00caN B\u1eaeN CUNG \u2013 AN TO\u00c0N TUY\u1ec6T \u0110\u1ed0I KHI T\u1eacP LUY\u1ec6N - Cung T\u00ean H\u00e0 N\u1ed9i\" \/>\n<meta property=\"og:description\" content=\"Mua cung t\u00ean th\u1ec3 thao, Cung b\u1eafn bi s\u1eaft, Mua cung t\u00ean t\u1ea1i h\u00e0 n\u1ed9i, Cung tr\u1ee3 l\u1ef1c, Cung compound, Cung t\u00ean ch\u00ednh h\u00e3ng, Cung t\u00ean m\u1ea1nh, Cung t\u00ean h\u00e0 n\u1ed9i, Cung t\u00ean , Mua cung t\u00ean S\u00e0i g\u00f2n , Mua m\u0169i t\u00ean b\u1eafn cung , Cung t\u00ean mini, Cung 1 d\u00e2y , Cung olympic, cung barebow, cung t\u00ean truy\u1ec1n th\u1ed1ng, cung t\u00ean gi\u00e1 r\u1ebb, m\u0169i t\u00ean, Recurve bow, Ph\u1ee5 ki\u1ec7n cung t\u00ean\" \/>\n<meta property=\"og:url\" content=\"https:\/\/cungtenhanoi.com\/?product=bat-chong-xuyen\" \/>\n<meta property=\"og:site_name\" content=\"Cung T\u00ean H\u00e0 N\u1ed9i\" \/>\n<meta property=\"article:modified_time\" content=\"2026-03-30T15:23:31+00:00\" \/>\n<meta property=\"og:image\" content=\"https:\/\/cungtenhanoi.com\/wp-content\/uploads\/2025\/01\/IMG_9831.jpeg\" \/>\n\t<meta property=\"og:image:width\" content=\"668\" \/>\n\t<meta property=\"og:image:height\" content=\"596\" \/>\n\t<meta property=\"og:image:type\" content=\"image\/jpeg\" \/>\n<meta name=\"twitter:card\" content=\"summary_large_image\" \/>\n<meta name=\"twitter:label1\" content=\"\u01af\u1edbc t\u00ednh th\u1eddi gian \u0111\u1ecdc\" \/>\n\t<meta name=\"twitter:data1\" content=\"3 ph\u00fat\" \/>\n<script type=\"application\/ld+json\" class=\"yoast-schema-graph\">{\"@context\":\"https:\/\/schema.org\",\"@graph\":[{\"@type\":\"WebPage\",\"@id\":\"https:\/\/cungtenhanoi.com\/?product=bat-chong-xuyen\",\"url\":\"https:\/\/cungtenhanoi.com\/?product=bat-chong-xuyen\",\"name\":\"B\u1ea0T CH\u1ed0NG XUY\u00caN B\u1eaeN CUNG \u2013 AN TO\u00c0N TUY\u1ec6T \u0110\u1ed0I KHI T\u1eacP LUY\u1ec6N - Cung T\u00ean H\u00e0 N\u1ed9i\",\"isPartOf\":{\"@id\":\"https:\/\/cungtenhanoi.com\/#website\"},\"datePublished\":\"2025-01-01T10:37:30+00:00\",\"dateModified\":\"2026-03-30T15:23:31+00:00\",\"description\":\"Mua cung t\u00ean th\u1ec3 thao, Cung b\u1eafn bi s\u1eaft, Mua cung t\u00ean t\u1ea1i h\u00e0 n\u1ed9i, Cung tr\u1ee3 l\u1ef1c, Cung compound, Cung t\u00ean ch\u00ednh h\u00e3ng, Cung t\u00ean m\u1ea1nh, Cung t\u00ean h\u00e0 n\u1ed9i, Cung t\u00ean , Mua cung t\u00ean S\u00e0i g\u00f2n , Mua m\u0169i t\u00ean b\u1eafn cung , Cung t\u00ean mini, Cung 1 d\u00e2y , Cung olympic, cung barebow, cung t\u00ean truy\u1ec1n th\u1ed1ng, cung t\u00ean gi\u00e1 r\u1ebb, m\u0169i t\u00ean, Recurve bow, Ph\u1ee5 ki\u1ec7n cung t\u00ean\",\"breadcrumb\":{\"@id\":\"https:\/\/cungtenhanoi.com\/?product=bat-chong-xuyen#breadcrumb\"},\"inLanguage\":\"vi\",\"potentialAction\":[{\"@type\":\"ReadAction\",\"target\":[\"https:\/\/cungtenhanoi.com\/?product=bat-chong-xuyen\"]}]},{\"@type\":\"BreadcrumbList\",\"@id\":\"https:\/\/cungtenhanoi.com\/?product=bat-chong-xuyen#breadcrumb\",\"itemListElement\":[{\"@type\":\"ListItem\",\"position\":1,\"name\":\"Trang ch\u1ee7\",\"item\":\"https:\/\/cungtenhanoi.com\/\"},{\"@type\":\"ListItem\",\"position\":2,\"name\":\"Shop\",\"item\":\"https:\/\/cungtenhanoi.com\/?page_id=6\"},{\"@type\":\"ListItem\",\"position\":3,\"name\":\"Ph\u1ee5 ki\u1ec7n\",\"item\":\"https:\/\/cungtenhanoi.com\/danh-muc\/phu-kien\/\"},{\"@type\":\"ListItem\",\"position\":4,\"name\":\"B\u1ea0T CH\u1ed0NG XUY\u00caN B\u1eaeN CUNG \u2013 AN TO\u00c0N TUY\u1ec6T \u0110\u1ed0I KHI T\u1eacP LUY\u1ec6N\"}]},{\"@type\":\"WebSite\",\"@id\":\"https:\/\/cungtenhanoi.com\/#website\",\"url\":\"https:\/\/cungtenhanoi.com\/\",\"name\":\"Cung T\u00ean H\u00e0 N\u1ed9i\",\"description\":\"Cung c\u1ea5p c\u00e1c lo\u1ea1i cung t\u00ean th\u1ec3 thao s\u1ed1 1 Vi\u1ec7t Nam\",\"publisher\":{\"@id\":\"https:\/\/cungtenhanoi.com\/#organization\"},\"potentialAction\":[{\"@type\":\"SearchAction\",\"target\":{\"@type\":\"EntryPoint\",\"urlTemplate\":\"https:\/\/cungtenhanoi.com\/?s={search_term_string}\"},\"query-input\":\"required name=search_term_string\"}],\"inLanguage\":\"vi\"},{\"@type\":\"Organization\",\"@id\":\"https:\/\/cungtenhanoi.com\/#organization\",\"name\":\"Cung T\u00ean H\u00e0 N\u1ed9i\",\"url\":\"https:\/\/cungtenhanoi.com\/\",\"sameAs\":[],\"logo\":{\"@type\":\"ImageObject\",\"inLanguage\":\"vi\",\"@id\":\"https:\/\/cungtenhanoi.com\/#\/schema\/logo\/image\/\",\"url\":\"https:\/\/cungtenhanoi.com\/wp-content\/uploads\/2025\/05\/logo-den-trang.jpg\",\"contentUrl\":\"https:\/\/cungtenhanoi.com\/wp-content\/uploads\/2025\/05\/logo-den-trang.jpg\",\"width\":450,\"height\":450,\"caption\":\"Cung T\u00ean H\u00e0 N\u1ed9i\"},\"image\":{\"@id\":\"https:\/\/cungtenhanoi.com\/#\/schema\/logo\/image\/\"}}]}<\/script>\n<!-- \/ Yoast SEO plugin. -->","yoast_head_json":{"title":"B\u1ea0T CH\u1ed0NG XUY\u00caN B\u1eaeN CUNG \u2013 AN TO\u00c0N TUY\u1ec6T \u0110\u1ed0I KHI T\u1eacP LUY\u1ec6N - Cung T\u00ean H\u00e0 N\u1ed9i","description":"Mua cung t\u00ean th\u1ec3 thao, Cung b\u1eafn bi s\u1eaft, Mua cung t\u00ean t\u1ea1i h\u00e0 n\u1ed9i, Cung tr\u1ee3 l\u1ef1c, Cung compound, Cung t\u00ean ch\u00ednh h\u00e3ng, Cung t\u00ean m\u1ea1nh, Cung t\u00ean h\u00e0 n\u1ed9i, Cung t\u00ean , Mua cung t\u00ean S\u00e0i g\u00f2n , Mua m\u0169i t\u00ean b\u1eafn cung , Cung t\u00ean mini, Cung 1 d\u00e2y , Cung olympic, cung barebow, cung t\u00ean truy\u1ec1n th\u1ed1ng, cung t\u00ean gi\u00e1 r\u1ebb, m\u0169i t\u00ean, Recurve bow, Ph\u1ee5 ki\u1ec7n cung t\u00ean","robots":{"index":"index","follow":"follow","max-snippet":"max-snippet:-1","max-video-preview":"max-video-preview:-1","imageindex":"noimageindex"},"canonical":"https:\/\/cungtenhanoi.com\/?product=bat-chong-xuyen","og_locale":"vi_VN","og_type":"article","og_title":"B\u1ea0T CH\u1ed0NG XUY\u00caN B\u1eaeN CUNG \u2013 AN TO\u00c0N TUY\u1ec6T \u0110\u1ed0I KHI T\u1eacP LUY\u1ec6N - Cung T\u00ean H\u00e0 N\u1ed9i","og_description":"Mua cung t\u00ean th\u1ec3 thao, Cung b\u1eafn bi s\u1eaft, Mua cung t\u00ean t\u1ea1i h\u00e0 n\u1ed9i, Cung tr\u1ee3 l\u1ef1c, Cung compound, Cung t\u00ean ch\u00ednh h\u00e3ng, Cung t\u00ean m\u1ea1nh, Cung t\u00ean h\u00e0 n\u1ed9i, Cung t\u00ean , Mua cung t\u00ean S\u00e0i g\u00f2n , Mua m\u0169i t\u00ean b\u1eafn cung , Cung t\u00ean mini, Cung 1 d\u00e2y , Cung olympic, cung barebow, cung t\u00ean truy\u1ec1n th\u1ed1ng, cung t\u00ean gi\u00e1 r\u1ebb, m\u0169i t\u00ean, Recurve bow, Ph\u1ee5 ki\u1ec7n cung t\u00ean","og_url":"https:\/\/cungtenhanoi.com\/?product=bat-chong-xuyen","og_site_name":"Cung T\u00ean H\u00e0 N\u1ed9i","article_modified_time":"2026-03-30T15:23:31+00:00","og_image":[{"width":668,"height":596,"url":"https:\/\/cungtenhanoi.com\/wp-content\/uploads\/2025\/01\/IMG_9831.jpeg","type":"image\/jpeg"}],"twitter_card":"summary_large_image","twitter_misc":{"\u01af\u1edbc t\u00ednh th\u1eddi gian \u0111\u1ecdc":"3 ph\u00fat"},"schema":{"@context":"https:\/\/schema.org","@graph":[{"@type":"WebPage","@id":"https:\/\/cungtenhanoi.com\/?product=bat-chong-xuyen","url":"https:\/\/cungtenhanoi.com\/?product=bat-chong-xuyen","name":"B\u1ea0T CH\u1ed0NG XUY\u00caN B\u1eaeN CUNG \u2013 AN TO\u00c0N TUY\u1ec6T \u0110\u1ed0I KHI T\u1eacP LUY\u1ec6N - Cung T\u00ean H\u00e0 N\u1ed9i","isPartOf":{"@id":"https:\/\/cungtenhanoi.com\/#website"},"datePublished":"2025-01-01T10:37:30+00:00","dateModified":"2026-03-30T15:23:31+00:00","description":"Mua cung t\u00ean th\u1ec3 thao, Cung b\u1eafn bi s\u1eaft, Mua cung t\u00ean t\u1ea1i h\u00e0 n\u1ed9i, Cung tr\u1ee3 l\u1ef1c, Cung compound, Cung t\u00ean ch\u00ednh h\u00e3ng, Cung t\u00ean m\u1ea1nh, Cung t\u00ean h\u00e0 n\u1ed9i, Cung t\u00ean , Mua cung t\u00ean S\u00e0i g\u00f2n , Mua m\u0169i t\u00ean b\u1eafn cung , Cung t\u00ean mini, Cung 1 d\u00e2y , Cung olympic, cung barebow, cung t\u00ean truy\u1ec1n th\u1ed1ng, cung t\u00ean gi\u00e1 r\u1ebb, m\u0169i t\u00ean, Recurve bow, Ph\u1ee5 ki\u1ec7n cung t\u00ean","breadcrumb":{"@id":"https:\/\/cungtenhanoi.com\/?product=bat-chong-xuyen#breadcrumb"},"inLanguage":"vi","potentialAction":[{"@type":"ReadAction","target":["https:\/\/cungtenhanoi.com\/?product=bat-chong-xuyen"]}]},{"@type":"BreadcrumbList","@id":"https:\/\/cungtenhanoi.com\/?product=bat-chong-xuyen#breadcrumb","itemListElement":[{"@type":"ListItem","position":1,"name":"Trang ch\u1ee7","item":"https:\/\/cungtenhanoi.com\/"},{"@type":"ListItem","position":2,"name":"Shop","item":"https:\/\/cungtenhanoi.com\/?page_id=6"},{"@type":"ListItem","position":3,"name":"Ph\u1ee5 ki\u1ec7n","item":"https:\/\/cungtenhanoi.com\/danh-muc\/phu-kien\/"},{"@type":"ListItem","position":4,"name":"B\u1ea0T CH\u1ed0NG XUY\u00caN B\u1eaeN CUNG \u2013 AN TO\u00c0N TUY\u1ec6T \u0110\u1ed0I KHI T\u1eacP LUY\u1ec6N"}]},{"@type":"WebSite","@id":"https:\/\/cungtenhanoi.com\/#website","url":"https:\/\/cungtenhanoi.com\/","name":"Cung T\u00ean H\u00e0 N\u1ed9i","description":"Cung c\u1ea5p c\u00e1c lo\u1ea1i cung t\u00ean th\u1ec3 thao s\u1ed1 1 Vi\u1ec7t Nam","publisher":{"@id":"https:\/\/cungtenhanoi.com\/#organization"},"potentialAction":[{"@type":"SearchAction","target":{"@type":"EntryPoint","urlTemplate":"https:\/\/cungtenhanoi.com\/?s={search_term_string}"},"query-input":"required name=search_term_string"}],"inLanguage":"vi"},{"@type":"Organization","@id":"https:\/\/cungtenhanoi.com\/#organization","name":"Cung T\u00ean H\u00e0 N\u1ed9i","url":"https:\/\/cungtenhanoi.com\/","sameAs":[],"logo":{"@type":"ImageObject","inLanguage":"vi","@id":"https:\/\/cungtenhanoi.com\/#\/schema\/logo\/image\/","url":"https:\/\/cungtenhanoi.com\/wp-content\/uploads\/2025\/05\/logo-den-trang.jpg","contentUrl":"https:\/\/cungtenhanoi.com\/wp-content\/uploads\/2025\/05\/logo-den-trang.jpg","width":450,"height":450,"caption":"Cung T\u00ean H\u00e0 N\u1ed9i"},"image":{"@id":"https:\/\/cungtenhanoi.com\/#\/schema\/logo\/image\/"}}]}},"_links":{"self":[{"href":"https:\/\/cungtenhanoi.com\/index.php?rest_route=\/wp\/v2\/product\/15974"}],"collection":[{"href":"https:\/\/cungtenhanoi.com\/index.php?rest_route=\/wp\/v2\/product"}],"about":[{"href":"https:\/\/cungtenhanoi.com\/index.php?rest_route=\/wp\/v2\/types\/product"}],"replies":[{"embeddable":true,"href":"https:\/\/cungtenhanoi.com\/index.php?rest_route=%2Fwp%2Fv2%2Fcomments&post=15974"}],"wp:featuredmedia":[{"embeddable":true,"href":"https:\/\/cungtenhanoi.com\/index.php?rest_route=\/wp\/v2\/media\/15976"}],"wp:attachment":[{"href":"https:\/\/cungtenhanoi.com\/index.php?rest_route=%2Fwp%2Fv2%2Fmedia&parent=15974"}],"wp:term":[{"taxonomy":"product_cat","embeddable":true,"href":"https:\/\/cungtenhanoi.com\/index.php?rest_route=%2Fwp%2Fv2%2Fproduct_cat&post=15974"},{"taxonomy":"product_tag","embeddable":true,"href":"https:\/\/cungtenhanoi.com\/index.php?rest_route=%2Fwp%2Fv2%2Fproduct_tag&post=15974"}],"curies":[{"name":"wp","href":"https:\/\/api.w.org\/{rel}","templated":true}]}}