{"id":16007,"date":"2025-04-05T20:05:49","date_gmt":"2025-04-05T13:05:49","guid":{"rendered":"https:\/\/cungtenhanoi.com\/?post_type=product&#038;p=16007"},"modified":"2026-04-29T02:11:25","modified_gmt":"2026-04-28T19:11:25","slug":"mui-ten-acmos-3-2-cacbon-40t","status":"publish","type":"product","link":"https:\/\/cungtenhanoi.com\/?product=mui-ten-acmos-3-2-cacbon-40t","title":{"rendered":"M\u0169i t\u00ean Acmos 3.2 cacbon 40T"},"content":{"rendered":"<p style=\"text-align: center;\">Chi\u1ec1u d\u00e0i 80cm<\/p>\n<p style=\"text-align: center;\">\u0110\u01b0\u1eddng k\u00ednh 3.2mm<\/p>\n<p style=\"text-align: center;\">\u0110\u1ed9 \u1ed5n \u0111inh v\u00e0 ch\u00ednh x\u00e1c cao<\/p>\n<p style=\"text-align: center;\">\u0110\u1ea7u 50-120, pin Nock ch\u1ed1ng tr\u1ed3ng t\u00ean<\/p>\n<p style=\"text-align: center;\">Set 12 m\u0169i <img loading=\"lazy\" class=\"size-medium wp-image-16008 aligncenter\" src=\"https:\/\/cungtenhanoi.com\/wp-content\/uploads\/2025\/04\/IMG_6960-400x400.jpeg\" alt=\"\" width=\"400\" height=\"400\" srcset=\"https:\/\/cungtenhanoi.com\/wp-content\/uploads\/2025\/04\/IMG_6960-400x400.jpeg 400w, https:\/\/cungtenhanoi.com\/wp-content\/uploads\/2025\/04\/IMG_6960-800x800.jpeg 800w, https:\/\/cungtenhanoi.com\/wp-content\/uploads\/2025\/04\/IMG_6960-280x280.jpeg 280w, https:\/\/cungtenhanoi.com\/wp-content\/uploads\/2025\/04\/IMG_6960-768x768.jpeg 768w, https:\/\/cungtenhanoi.com\/wp-content\/uploads\/2025\/04\/IMG_6960-1536x1536.jpeg 1536w, https:\/\/cungtenhanoi.com\/wp-content\/uploads\/2025\/04\/IMG_6960-45x45.jpeg 45w, https:\/\/cungtenhanoi.com\/wp-content\/uploads\/2025\/04\/IMG_6960-300x300.jpeg 300w, https:\/\/cungtenhanoi.com\/wp-content\/uploads\/2025\/04\/IMG_6960-600x600.jpeg 600w, https:\/\/cungtenhanoi.com\/wp-content\/uploads\/2025\/04\/IMG_6960-100x100.jpeg 100w, https:\/\/cungtenhanoi.com\/wp-content\/uploads\/2025\/04\/IMG_6960-64x64.jpeg 64w, https:\/\/cungtenhanoi.com\/wp-content\/uploads\/2025\/04\/IMG_6960.jpeg 1899w\" sizes=\"(max-width: 400px) 100vw, 400px\" \/> <img loading=\"lazy\" class=\"size-medium wp-image-16009 aligncenter\" src=\"https:\/\/cungtenhanoi.com\/wp-content\/uploads\/2025\/04\/IMG_6961-400x400.jpeg\" alt=\"\" width=\"400\" height=\"400\" srcset=\"https:\/\/cungtenhanoi.com\/wp-content\/uploads\/2025\/04\/IMG_6961-400x400.jpeg 400w, https:\/\/cungtenhanoi.com\/wp-content\/uploads\/2025\/04\/IMG_6961-800x800.jpeg 800w, https:\/\/cungtenhanoi.com\/wp-content\/uploads\/2025\/04\/IMG_6961-280x280.jpeg 280w, https:\/\/cungtenhanoi.com\/wp-content\/uploads\/2025\/04\/IMG_6961-768x768.jpeg 768w, https:\/\/cungtenhanoi.com\/wp-content\/uploads\/2025\/04\/IMG_6961-1536x1536.jpeg 1536w, https:\/\/cungtenhanoi.com\/wp-content\/uploads\/2025\/04\/IMG_6961-45x45.jpeg 45w, https:\/\/cungtenhanoi.com\/wp-content\/uploads\/2025\/04\/IMG_6961-300x300.jpeg 300w, https:\/\/cungtenhanoi.com\/wp-content\/uploads\/2025\/04\/IMG_6961-600x600.jpeg 600w, https:\/\/cungtenhanoi.com\/wp-content\/uploads\/2025\/04\/IMG_6961-100x100.jpeg 100w, https:\/\/cungtenhanoi.com\/wp-content\/uploads\/2025\/04\/IMG_6961-64x64.jpeg 64w, https:\/\/cungtenhanoi.com\/wp-content\/uploads\/2025\/04\/IMG_6961.jpeg 1899w\" sizes=\"(max-width: 400px) 100vw, 400px\" \/> <img loading=\"lazy\" class=\"alignnone size-medium wp-image-16010\" src=\"https:\/\/cungtenhanoi.com\/wp-content\/uploads\/2025\/04\/IMG_6965-400x400.jpeg\" alt=\"\" width=\"400\" height=\"400\" srcset=\"https:\/\/cungtenhanoi.com\/wp-content\/uploads\/2025\/04\/IMG_6965-400x400.jpeg 400w, https:\/\/cungtenhanoi.com\/wp-content\/uploads\/2025\/04\/IMG_6965-800x800.jpeg 800w, https:\/\/cungtenhanoi.com\/wp-content\/uploads\/2025\/04\/IMG_6965-280x280.jpeg 280w, https:\/\/cungtenhanoi.com\/wp-content\/uploads\/2025\/04\/IMG_6965-768x768.jpeg 768w, https:\/\/cungtenhanoi.com\/wp-content\/uploads\/2025\/04\/IMG_6965-1536x1536.jpeg 1536w, https:\/\/cungtenhanoi.com\/wp-content\/uploads\/2025\/04\/IMG_6965-45x45.jpeg 45w, https:\/\/cungtenhanoi.com\/wp-content\/uploads\/2025\/04\/IMG_6965-300x300.jpeg 300w, https:\/\/cungtenhanoi.com\/wp-content\/uploads\/2025\/04\/IMG_6965-600x600.jpeg 600w, https:\/\/cungtenhanoi.com\/wp-content\/uploads\/2025\/04\/IMG_6965-100x100.jpeg 100w, https:\/\/cungtenhanoi.com\/wp-content\/uploads\/2025\/04\/IMG_6965-64x64.jpeg 64w, https:\/\/cungtenhanoi.com\/wp-content\/uploads\/2025\/04\/IMG_6965.jpeg 1899w\" sizes=\"(max-width: 400px) 100vw, 400px\" \/> <img loading=\"lazy\" class=\"size-medium wp-image-16011 aligncenter\" src=\"https:\/\/cungtenhanoi.com\/wp-content\/uploads\/2025\/04\/IMG_6964-400x400.jpeg\" alt=\"\" width=\"400\" height=\"400\" srcset=\"https:\/\/cungtenhanoi.com\/wp-content\/uploads\/2025\/04\/IMG_6964-400x400.jpeg 400w, https:\/\/cungtenhanoi.com\/wp-content\/uploads\/2025\/04\/IMG_6964-800x800.jpeg 800w, https:\/\/cungtenhanoi.com\/wp-content\/uploads\/2025\/04\/IMG_6964-280x280.jpeg 280w, https:\/\/cungtenhanoi.com\/wp-content\/uploads\/2025\/04\/IMG_6964-768x768.jpeg 768w, https:\/\/cungtenhanoi.com\/wp-content\/uploads\/2025\/04\/IMG_6964-1536x1536.jpeg 1536w, https:\/\/cungtenhanoi.com\/wp-content\/uploads\/2025\/04\/IMG_6964-45x45.jpeg 45w, https:\/\/cungtenhanoi.com\/wp-content\/uploads\/2025\/04\/IMG_6964-300x300.jpeg 300w, https:\/\/cungtenhanoi.com\/wp-content\/uploads\/2025\/04\/IMG_6964-600x600.jpeg 600w, https:\/\/cungtenhanoi.com\/wp-content\/uploads\/2025\/04\/IMG_6964-100x100.jpeg 100w, https:\/\/cungtenhanoi.com\/wp-content\/uploads\/2025\/04\/IMG_6964-64x64.jpeg 64w, https:\/\/cungtenhanoi.com\/wp-content\/uploads\/2025\/04\/IMG_6964.jpeg 1899w\" sizes=\"(max-width: 400px) 100vw, 400px\" \/> <img loading=\"lazy\" class=\"alignnone size-medium wp-image-16012\" src=\"https:\/\/cungtenhanoi.com\/wp-content\/uploads\/2025\/04\/IMG_6963-400x400.jpeg\" alt=\"\" width=\"400\" height=\"400\" srcset=\"https:\/\/cungtenhanoi.com\/wp-content\/uploads\/2025\/04\/IMG_6963-400x400.jpeg 400w, https:\/\/cungtenhanoi.com\/wp-content\/uploads\/2025\/04\/IMG_6963-800x800.jpeg 800w, https:\/\/cungtenhanoi.com\/wp-content\/uploads\/2025\/04\/IMG_6963-280x280.jpeg 280w, https:\/\/cungtenhanoi.com\/wp-content\/uploads\/2025\/04\/IMG_6963-768x768.jpeg 768w, https:\/\/cungtenhanoi.com\/wp-content\/uploads\/2025\/04\/IMG_6963-1536x1536.jpeg 1536w, https:\/\/cungtenhanoi.com\/wp-content\/uploads\/2025\/04\/IMG_6963-45x45.jpeg 45w, https:\/\/cungtenhanoi.com\/wp-content\/uploads\/2025\/04\/IMG_6963-300x300.jpeg 300w, https:\/\/cungtenhanoi.com\/wp-content\/uploads\/2025\/04\/IMG_6963-600x600.jpeg 600w, https:\/\/cungtenhanoi.com\/wp-content\/uploads\/2025\/04\/IMG_6963-100x100.jpeg 100w, https:\/\/cungtenhanoi.com\/wp-content\/uploads\/2025\/04\/IMG_6963-64x64.jpeg 64w, https:\/\/cungtenhanoi.com\/wp-content\/uploads\/2025\/04\/IMG_6963.jpeg 1899w\" sizes=\"(max-width: 400px) 100vw, 400px\" \/><\/p>\n","protected":false},"excerpt":{"rendered":"<p>Chi\u1ec1u d\u00e0i 80cm \u0110\u01b0\u1eddng k\u00ednh 3.2mm \u0110\u1ed9 \u1ed5n \u0111inh v\u00e0 ch\u00ednh x\u00e1c cao \u0110\u1ea7u 50-120, pin Nock ch\u1ed1ng tr\u1ed3ng t\u00ean Set 12 m\u0169i<\/p>\n","protected":false},"featured_media":16011,"comment_status":"open","ping_status":"closed","template":"","meta":[],"product_cat":[24],"product_tag":[1373,86,257,59,1374],"acf":[],"yoast_head":"<!-- This site is optimized with the Yoast SEO plugin v19.8 - https:\/\/yoast.com\/wordpress\/plugins\/seo\/ -->\n<title>M\u0169i t\u00ean Acmos 3.2 cacbon 40T - Cung T\u00ean H\u00e0 N\u1ed9i<\/title>\n<meta name=\"description\" content=\"mua cung t\u00ean th\u1ec3 thao, mua cung t\u00ean t\u1ea1i h\u00e0 n\u1ed9i, cung tr\u1ee3 l\u1ef1c, cung compound, cung t\u00ean ch\u00ednh h\u00e3ng, cung t\u00ean m\u1ea1nh,cung t\u00ean h\u00e0 n\u1ed9i, cung t\u00ean , mua cung t\u00ean S\u00e0i g\u00f2n , mua m\u0169i t\u00ean b\u1eafn cung , cung b\u1eafn bi s\u1eaft , cung t\u00ean mini\" \/>\n<meta name=\"robots\" content=\"index, follow, max-snippet:-1, max-image-preview:large, max-video-preview:-1\" \/>\n<link rel=\"canonical\" href=\"https:\/\/cungtenhanoi.com\/?product=mui-ten-acmos-3-2-cacbon-40t\" \/>\n<meta property=\"og:locale\" content=\"vi_VN\" \/>\n<meta property=\"og:type\" content=\"article\" \/>\n<meta property=\"og:title\" content=\"M\u0169i t\u00ean Acmos 3.2 cacbon 40T - Cung T\u00ean H\u00e0 N\u1ed9i\" \/>\n<meta property=\"og:description\" content=\"mua cung t\u00ean th\u1ec3 thao, mua cung t\u00ean t\u1ea1i h\u00e0 n\u1ed9i, cung tr\u1ee3 l\u1ef1c, cung compound, cung t\u00ean ch\u00ednh h\u00e3ng, cung t\u00ean m\u1ea1nh,cung t\u00ean h\u00e0 n\u1ed9i, cung t\u00ean , mua cung t\u00ean S\u00e0i g\u00f2n , mua m\u0169i t\u00ean b\u1eafn cung , cung b\u1eafn bi s\u1eaft , cung t\u00ean mini\" \/>\n<meta property=\"og:url\" content=\"https:\/\/cungtenhanoi.com\/?product=mui-ten-acmos-3-2-cacbon-40t\" \/>\n<meta property=\"og:site_name\" content=\"Cung T\u00ean H\u00e0 N\u1ed9i\" \/>\n<meta property=\"article:modified_time\" content=\"2026-04-28T19:11:25+00:00\" \/>\n<meta property=\"og:image\" content=\"https:\/\/cungtenhanoi.com\/wp-content\/uploads\/2025\/04\/IMG_6964.jpeg\" \/>\n\t<meta property=\"og:image:width\" content=\"1899\" \/>\n\t<meta property=\"og:image:height\" content=\"1899\" \/>\n\t<meta property=\"og:image:type\" content=\"image\/jpeg\" \/>\n<meta name=\"twitter:card\" content=\"summary_large_image\" \/>\n<meta name=\"twitter:label1\" content=\"\u01af\u1edbc t\u00ednh th\u1eddi gian \u0111\u1ecdc\" \/>\n\t<meta name=\"twitter:data1\" content=\"2 ph\u00fat\" \/>\n<script type=\"application\/ld+json\" class=\"yoast-schema-graph\">{\"@context\":\"https:\/\/schema.org\",\"@graph\":[{\"@type\":\"WebPage\",\"@id\":\"https:\/\/cungtenhanoi.com\/?product=mui-ten-acmos-3-2-cacbon-40t\",\"url\":\"https:\/\/cungtenhanoi.com\/?product=mui-ten-acmos-3-2-cacbon-40t\",\"name\":\"M\u0169i t\u00ean Acmos 3.2 cacbon 40T - Cung T\u00ean H\u00e0 N\u1ed9i\",\"isPartOf\":{\"@id\":\"https:\/\/cungtenhanoi.com\/#website\"},\"datePublished\":\"2025-04-05T13:05:49+00:00\",\"dateModified\":\"2026-04-28T19:11:25+00:00\",\"description\":\"mua cung t\u00ean th\u1ec3 thao, mua cung t\u00ean t\u1ea1i h\u00e0 n\u1ed9i, cung tr\u1ee3 l\u1ef1c, cung compound, cung t\u00ean ch\u00ednh h\u00e3ng, cung t\u00ean m\u1ea1nh,cung t\u00ean h\u00e0 n\u1ed9i, cung t\u00ean , mua cung t\u00ean S\u00e0i g\u00f2n , mua m\u0169i t\u00ean b\u1eafn cung , cung b\u1eafn bi s\u1eaft , cung t\u00ean mini\",\"breadcrumb\":{\"@id\":\"https:\/\/cungtenhanoi.com\/?product=mui-ten-acmos-3-2-cacbon-40t#breadcrumb\"},\"inLanguage\":\"vi\",\"potentialAction\":[{\"@type\":\"ReadAction\",\"target\":[\"https:\/\/cungtenhanoi.com\/?product=mui-ten-acmos-3-2-cacbon-40t\"]}]},{\"@type\":\"BreadcrumbList\",\"@id\":\"https:\/\/cungtenhanoi.com\/?product=mui-ten-acmos-3-2-cacbon-40t#breadcrumb\",\"itemListElement\":[{\"@type\":\"ListItem\",\"position\":1,\"name\":\"Trang ch\u1ee7\",\"item\":\"https:\/\/cungtenhanoi.com\/\"},{\"@type\":\"ListItem\",\"position\":2,\"name\":\"Shop\",\"item\":\"https:\/\/cungtenhanoi.com\/?page_id=6\"},{\"@type\":\"ListItem\",\"position\":3,\"name\":\"T\u00ean\",\"item\":\"https:\/\/cungtenhanoi.com\/danh-muc\/ten\/\"},{\"@type\":\"ListItem\",\"position\":4,\"name\":\"M\u0169i t\u00ean Acmos 3.2 cacbon 40T\"}]},{\"@type\":\"WebSite\",\"@id\":\"https:\/\/cungtenhanoi.com\/#website\",\"url\":\"https:\/\/cungtenhanoi.com\/\",\"name\":\"Cung T\u00ean H\u00e0 N\u1ed9i\",\"description\":\"Cung c\u1ea5p c\u00e1c lo\u1ea1i cung t\u00ean th\u1ec3 thao s\u1ed1 1 Vi\u1ec7t Nam\",\"publisher\":{\"@id\":\"https:\/\/cungtenhanoi.com\/#organization\"},\"potentialAction\":[{\"@type\":\"SearchAction\",\"target\":{\"@type\":\"EntryPoint\",\"urlTemplate\":\"https:\/\/cungtenhanoi.com\/?s={search_term_string}\"},\"query-input\":\"required name=search_term_string\"}],\"inLanguage\":\"vi\"},{\"@type\":\"Organization\",\"@id\":\"https:\/\/cungtenhanoi.com\/#organization\",\"name\":\"Cung T\u00ean H\u00e0 N\u1ed9i\",\"url\":\"https:\/\/cungtenhanoi.com\/\",\"sameAs\":[],\"logo\":{\"@type\":\"ImageObject\",\"inLanguage\":\"vi\",\"@id\":\"https:\/\/cungtenhanoi.com\/#\/schema\/logo\/image\/\",\"url\":\"https:\/\/cungtenhanoi.com\/wp-content\/uploads\/2025\/05\/logo-den-trang.jpg\",\"contentUrl\":\"https:\/\/cungtenhanoi.com\/wp-content\/uploads\/2025\/05\/logo-den-trang.jpg\",\"width\":450,\"height\":450,\"caption\":\"Cung T\u00ean H\u00e0 N\u1ed9i\"},\"image\":{\"@id\":\"https:\/\/cungtenhanoi.com\/#\/schema\/logo\/image\/\"}}]}<\/script>\n<!-- \/ Yoast SEO plugin. -->","yoast_head_json":{"title":"M\u0169i t\u00ean Acmos 3.2 cacbon 40T - Cung T\u00ean H\u00e0 N\u1ed9i","description":"mua cung t\u00ean th\u1ec3 thao, mua cung t\u00ean t\u1ea1i h\u00e0 n\u1ed9i, cung tr\u1ee3 l\u1ef1c, cung compound, cung t\u00ean ch\u00ednh h\u00e3ng, cung t\u00ean m\u1ea1nh,cung t\u00ean h\u00e0 n\u1ed9i, cung t\u00ean , mua cung t\u00ean S\u00e0i g\u00f2n , mua m\u0169i t\u00ean b\u1eafn cung , cung b\u1eafn bi s\u1eaft , cung t\u00ean mini","robots":{"index":"index","follow":"follow","max-snippet":"max-snippet:-1","max-image-preview":"max-image-preview:large","max-video-preview":"max-video-preview:-1"},"canonical":"https:\/\/cungtenhanoi.com\/?product=mui-ten-acmos-3-2-cacbon-40t","og_locale":"vi_VN","og_type":"article","og_title":"M\u0169i t\u00ean Acmos 3.2 cacbon 40T - Cung T\u00ean H\u00e0 N\u1ed9i","og_description":"mua cung t\u00ean th\u1ec3 thao, mua cung t\u00ean t\u1ea1i h\u00e0 n\u1ed9i, cung tr\u1ee3 l\u1ef1c, cung compound, cung t\u00ean ch\u00ednh h\u00e3ng, cung t\u00ean m\u1ea1nh,cung t\u00ean h\u00e0 n\u1ed9i, cung t\u00ean , mua cung t\u00ean S\u00e0i g\u00f2n , mua m\u0169i t\u00ean b\u1eafn cung , cung b\u1eafn bi s\u1eaft , cung t\u00ean mini","og_url":"https:\/\/cungtenhanoi.com\/?product=mui-ten-acmos-3-2-cacbon-40t","og_site_name":"Cung T\u00ean H\u00e0 N\u1ed9i","article_modified_time":"2026-04-28T19:11:25+00:00","og_image":[{"width":1899,"height":1899,"url":"https:\/\/cungtenhanoi.com\/wp-content\/uploads\/2025\/04\/IMG_6964.jpeg","type":"image\/jpeg"}],"twitter_card":"summary_large_image","twitter_misc":{"\u01af\u1edbc t\u00ednh th\u1eddi gian \u0111\u1ecdc":"2 ph\u00fat"},"schema":{"@context":"https:\/\/schema.org","@graph":[{"@type":"WebPage","@id":"https:\/\/cungtenhanoi.com\/?product=mui-ten-acmos-3-2-cacbon-40t","url":"https:\/\/cungtenhanoi.com\/?product=mui-ten-acmos-3-2-cacbon-40t","name":"M\u0169i t\u00ean Acmos 3.2 cacbon 40T - Cung T\u00ean H\u00e0 N\u1ed9i","isPartOf":{"@id":"https:\/\/cungtenhanoi.com\/#website"},"datePublished":"2025-04-05T13:05:49+00:00","dateModified":"2026-04-28T19:11:25+00:00","description":"mua cung t\u00ean th\u1ec3 thao, mua cung t\u00ean t\u1ea1i h\u00e0 n\u1ed9i, cung tr\u1ee3 l\u1ef1c, cung compound, cung t\u00ean ch\u00ednh h\u00e3ng, cung t\u00ean m\u1ea1nh,cung t\u00ean h\u00e0 n\u1ed9i, cung t\u00ean , mua cung t\u00ean S\u00e0i g\u00f2n , mua m\u0169i t\u00ean b\u1eafn cung , cung b\u1eafn bi s\u1eaft , cung t\u00ean mini","breadcrumb":{"@id":"https:\/\/cungtenhanoi.com\/?product=mui-ten-acmos-3-2-cacbon-40t#breadcrumb"},"inLanguage":"vi","potentialAction":[{"@type":"ReadAction","target":["https:\/\/cungtenhanoi.com\/?product=mui-ten-acmos-3-2-cacbon-40t"]}]},{"@type":"BreadcrumbList","@id":"https:\/\/cungtenhanoi.com\/?product=mui-ten-acmos-3-2-cacbon-40t#breadcrumb","itemListElement":[{"@type":"ListItem","position":1,"name":"Trang ch\u1ee7","item":"https:\/\/cungtenhanoi.com\/"},{"@type":"ListItem","position":2,"name":"Shop","item":"https:\/\/cungtenhanoi.com\/?page_id=6"},{"@type":"ListItem","position":3,"name":"T\u00ean","item":"https:\/\/cungtenhanoi.com\/danh-muc\/ten\/"},{"@type":"ListItem","position":4,"name":"M\u0169i t\u00ean Acmos 3.2 cacbon 40T"}]},{"@type":"WebSite","@id":"https:\/\/cungtenhanoi.com\/#website","url":"https:\/\/cungtenhanoi.com\/","name":"Cung T\u00ean H\u00e0 N\u1ed9i","description":"Cung c\u1ea5p c\u00e1c lo\u1ea1i cung t\u00ean th\u1ec3 thao s\u1ed1 1 Vi\u1ec7t Nam","publisher":{"@id":"https:\/\/cungtenhanoi.com\/#organization"},"potentialAction":[{"@type":"SearchAction","target":{"@type":"EntryPoint","urlTemplate":"https:\/\/cungtenhanoi.com\/?s={search_term_string}"},"query-input":"required name=search_term_string"}],"inLanguage":"vi"},{"@type":"Organization","@id":"https:\/\/cungtenhanoi.com\/#organization","name":"Cung T\u00ean H\u00e0 N\u1ed9i","url":"https:\/\/cungtenhanoi.com\/","sameAs":[],"logo":{"@type":"ImageObject","inLanguage":"vi","@id":"https:\/\/cungtenhanoi.com\/#\/schema\/logo\/image\/","url":"https:\/\/cungtenhanoi.com\/wp-content\/uploads\/2025\/05\/logo-den-trang.jpg","contentUrl":"https:\/\/cungtenhanoi.com\/wp-content\/uploads\/2025\/05\/logo-den-trang.jpg","width":450,"height":450,"caption":"Cung T\u00ean H\u00e0 N\u1ed9i"},"image":{"@id":"https:\/\/cungtenhanoi.com\/#\/schema\/logo\/image\/"}}]}},"_links":{"self":[{"href":"https:\/\/cungtenhanoi.com\/index.php?rest_route=\/wp\/v2\/product\/16007"}],"collection":[{"href":"https:\/\/cungtenhanoi.com\/index.php?rest_route=\/wp\/v2\/product"}],"about":[{"href":"https:\/\/cungtenhanoi.com\/index.php?rest_route=\/wp\/v2\/types\/product"}],"replies":[{"embeddable":true,"href":"https:\/\/cungtenhanoi.com\/index.php?rest_route=%2Fwp%2Fv2%2Fcomments&post=16007"}],"wp:featuredmedia":[{"embeddable":true,"href":"https:\/\/cungtenhanoi.com\/index.php?rest_route=\/wp\/v2\/media\/16011"}],"wp:attachment":[{"href":"https:\/\/cungtenhanoi.com\/index.php?rest_route=%2Fwp%2Fv2%2Fmedia&parent=16007"}],"wp:term":[{"taxonomy":"product_cat","embeddable":true,"href":"https:\/\/cungtenhanoi.com\/index.php?rest_route=%2Fwp%2Fv2%2Fproduct_cat&post=16007"},{"taxonomy":"product_tag","embeddable":true,"href":"https:\/\/cungtenhanoi.com\/index.php?rest_route=%2Fwp%2Fv2%2Fproduct_tag&post=16007"}],"curies":[{"name":"wp","href":"https:\/\/api.w.org\/{rel}","templated":true}]}}