{"id":16013,"date":"2025-04-06T14:15:19","date_gmt":"2025-04-06T07:15:19","guid":{"rendered":"https:\/\/cungtenhanoi.com\/?post_type=product&#038;p=16013"},"modified":"2025-08-09T13:52:07","modified_gmt":"2025-08-09T06:52:07","slug":"no-ban-ten-va-bi-sat","status":"publish","type":"product","link":"https:\/\/cungtenhanoi.com\/?product=no-ban-ten-va-bi-sat","title":{"rendered":"N\u1ecf b\u1eafn t\u00ean v\u00e0 bi s\u1eaft"},"content":{"rendered":"<p style=\"text-align: center;\">M\u1eabu n\u1ecf nh\u1ecf g\u1ecdn b\u1eafn t\u00ean v\u00e0 40 vi\u00ean bi s\u1eaft 1 l\u00fac<\/p>\n<p><img loading=\"lazy\" class=\"size-medium wp-image-16014 aligncenter\" src=\"https:\/\/cungtenhanoi.com\/wp-content\/uploads\/2025\/04\/IMG_6653-400x400.jpeg\" alt=\"\" width=\"400\" height=\"400\" srcset=\"https:\/\/cungtenhanoi.com\/wp-content\/uploads\/2025\/04\/IMG_6653-400x400.jpeg 400w, https:\/\/cungtenhanoi.com\/wp-content\/uploads\/2025\/04\/IMG_6653-801x800.jpeg 801w, https:\/\/cungtenhanoi.com\/wp-content\/uploads\/2025\/04\/IMG_6653-280x280.jpeg 280w, https:\/\/cungtenhanoi.com\/wp-content\/uploads\/2025\/04\/IMG_6653-768x767.jpeg 768w, https:\/\/cungtenhanoi.com\/wp-content\/uploads\/2025\/04\/IMG_6653-45x45.jpeg 45w, https:\/\/cungtenhanoi.com\/wp-content\/uploads\/2025\/04\/IMG_6653-300x300.jpeg 300w, https:\/\/cungtenhanoi.com\/wp-content\/uploads\/2025\/04\/IMG_6653-600x600.jpeg 600w, https:\/\/cungtenhanoi.com\/wp-content\/uploads\/2025\/04\/IMG_6653-100x100.jpeg 100w, https:\/\/cungtenhanoi.com\/wp-content\/uploads\/2025\/04\/IMG_6653-64x64.jpeg 64w, https:\/\/cungtenhanoi.com\/wp-content\/uploads\/2025\/04\/IMG_6653.jpeg 1290w\" sizes=\"(max-width: 400px) 100vw, 400px\" \/> <img loading=\"lazy\" class=\"size-medium wp-image-16015 aligncenter\" src=\"https:\/\/cungtenhanoi.com\/wp-content\/uploads\/2025\/04\/IMG_6652-397x400.jpeg\" alt=\"\" width=\"397\" height=\"400\" srcset=\"https:\/\/cungtenhanoi.com\/wp-content\/uploads\/2025\/04\/IMG_6652-397x400.jpeg 397w, https:\/\/cungtenhanoi.com\/wp-content\/uploads\/2025\/04\/IMG_6652-793x800.jpeg 793w, https:\/\/cungtenhanoi.com\/wp-content\/uploads\/2025\/04\/IMG_6652-768x775.jpeg 768w, https:\/\/cungtenhanoi.com\/wp-content\/uploads\/2025\/04\/IMG_6652-45x45.jpeg 45w, https:\/\/cungtenhanoi.com\/wp-content\/uploads\/2025\/04\/IMG_6652-600x605.jpeg 600w, https:\/\/cungtenhanoi.com\/wp-content\/uploads\/2025\/04\/IMG_6652-100x100.jpeg 100w, https:\/\/cungtenhanoi.com\/wp-content\/uploads\/2025\/04\/IMG_6652-64x65.jpeg 64w, https:\/\/cungtenhanoi.com\/wp-content\/uploads\/2025\/04\/IMG_6652.jpeg 1290w\" sizes=\"(max-width: 397px) 100vw, 397px\" \/> <img loading=\"lazy\" class=\"size-medium wp-image-16016 aligncenter\" src=\"https:\/\/cungtenhanoi.com\/wp-content\/uploads\/2025\/04\/IMG_6651-401x400.jpeg\" alt=\"\" width=\"401\" height=\"400\" srcset=\"https:\/\/cungtenhanoi.com\/wp-content\/uploads\/2025\/04\/IMG_6651-401x400.jpeg 401w, https:\/\/cungtenhanoi.com\/wp-content\/uploads\/2025\/04\/IMG_6651-801x800.jpeg 801w, https:\/\/cungtenhanoi.com\/wp-content\/uploads\/2025\/04\/IMG_6651-280x280.jpeg 280w, https:\/\/cungtenhanoi.com\/wp-content\/uploads\/2025\/04\/IMG_6651-768x767.jpeg 768w, https:\/\/cungtenhanoi.com\/wp-content\/uploads\/2025\/04\/IMG_6651-45x45.jpeg 45w, https:\/\/cungtenhanoi.com\/wp-content\/uploads\/2025\/04\/IMG_6651-300x300.jpeg 300w, https:\/\/cungtenhanoi.com\/wp-content\/uploads\/2025\/04\/IMG_6651-600x599.jpeg 600w, https:\/\/cungtenhanoi.com\/wp-content\/uploads\/2025\/04\/IMG_6651-100x100.jpeg 100w, https:\/\/cungtenhanoi.com\/wp-content\/uploads\/2025\/04\/IMG_6651-64x64.jpeg 64w, https:\/\/cungtenhanoi.com\/wp-content\/uploads\/2025\/04\/IMG_6651.jpeg 1290w\" sizes=\"(max-width: 401px) 100vw, 401px\" \/> <img loading=\"lazy\" class=\"size-medium wp-image-16017 aligncenter\" src=\"https:\/\/cungtenhanoi.com\/wp-content\/uploads\/2025\/04\/IMG_6648-398x400.jpeg\" alt=\"\" width=\"398\" height=\"400\" srcset=\"https:\/\/cungtenhanoi.com\/wp-content\/uploads\/2025\/04\/IMG_6648-398x400.jpeg 398w, https:\/\/cungtenhanoi.com\/wp-content\/uploads\/2025\/04\/IMG_6648-795x800.jpeg 795w, https:\/\/cungtenhanoi.com\/wp-content\/uploads\/2025\/04\/IMG_6648-280x280.jpeg 280w, https:\/\/cungtenhanoi.com\/wp-content\/uploads\/2025\/04\/IMG_6648-768x773.jpeg 768w, https:\/\/cungtenhanoi.com\/wp-content\/uploads\/2025\/04\/IMG_6648-45x45.jpeg 45w, https:\/\/cungtenhanoi.com\/wp-content\/uploads\/2025\/04\/IMG_6648-600x604.jpeg 600w, https:\/\/cungtenhanoi.com\/wp-content\/uploads\/2025\/04\/IMG_6648-100x100.jpeg 100w, https:\/\/cungtenhanoi.com\/wp-content\/uploads\/2025\/04\/IMG_6648-64x64.jpeg 64w, https:\/\/cungtenhanoi.com\/wp-content\/uploads\/2025\/04\/IMG_6648.jpeg 1290w\" sizes=\"(max-width: 398px) 100vw, 398px\" \/> <img loading=\"lazy\" class=\"size-medium wp-image-16018 aligncenter\" src=\"https:\/\/cungtenhanoi.com\/wp-content\/uploads\/2025\/04\/IMG_6649-408x400.jpeg\" alt=\"\" width=\"408\" height=\"400\" srcset=\"https:\/\/cungtenhanoi.com\/wp-content\/uploads\/2025\/04\/IMG_6649-408x400.jpeg 408w, https:\/\/cungtenhanoi.com\/wp-content\/uploads\/2025\/04\/IMG_6649-815x800.jpeg 815w, https:\/\/cungtenhanoi.com\/wp-content\/uploads\/2025\/04\/IMG_6649-768x754.jpeg 768w, https:\/\/cungtenhanoi.com\/wp-content\/uploads\/2025\/04\/IMG_6649-45x45.jpeg 45w, https:\/\/cungtenhanoi.com\/wp-content\/uploads\/2025\/04\/IMG_6649-600x589.jpeg 600w, https:\/\/cungtenhanoi.com\/wp-content\/uploads\/2025\/04\/IMG_6649-64x63.jpeg 64w, https:\/\/cungtenhanoi.com\/wp-content\/uploads\/2025\/04\/IMG_6649.jpeg 1290w\" sizes=\"(max-width: 408px) 100vw, 408px\" \/> <img loading=\"lazy\" class=\"size-medium wp-image-16019 aligncenter\" src=\"https:\/\/cungtenhanoi.com\/wp-content\/uploads\/2025\/04\/IMG_6650-404x400.jpeg\" alt=\"\" width=\"404\" height=\"400\" srcset=\"https:\/\/cungtenhanoi.com\/wp-content\/uploads\/2025\/04\/IMG_6650-404x400.jpeg 404w, https:\/\/cungtenhanoi.com\/wp-content\/uploads\/2025\/04\/IMG_6650-808x800.jpeg 808w, https:\/\/cungtenhanoi.com\/wp-content\/uploads\/2025\/04\/IMG_6650-768x761.jpeg 768w, https:\/\/cungtenhanoi.com\/wp-content\/uploads\/2025\/04\/IMG_6650-45x45.jpeg 45w, https:\/\/cungtenhanoi.com\/wp-content\/uploads\/2025\/04\/IMG_6650-600x594.jpeg 600w, https:\/\/cungtenhanoi.com\/wp-content\/uploads\/2025\/04\/IMG_6650-100x100.jpeg 100w, https:\/\/cungtenhanoi.com\/wp-content\/uploads\/2025\/04\/IMG_6650-64x63.jpeg 64w, https:\/\/cungtenhanoi.com\/wp-content\/uploads\/2025\/04\/IMG_6650.jpeg 1290w\" sizes=\"(max-width: 404px) 100vw, 404px\" \/><\/p>\n","protected":false},"excerpt":{"rendered":"<p>M\u1eabu n\u1ecf nh\u1ecf g\u1ecdn b\u1eafn t\u00ean v\u00e0 40 vi\u00ean bi s\u1eaft 1 l\u00fac<\/p>\n","protected":false},"featured_media":16018,"comment_status":"open","ping_status":"closed","template":"","meta":[],"product_cat":[17],"product_tag":[86,257,1398,1377,1375,1376],"acf":[],"yoast_head":"<!-- This site is optimized with the Yoast SEO plugin v19.8 - https:\/\/yoast.com\/wordpress\/plugins\/seo\/ -->\n<title>N\u1ecf b\u1eafn t\u00ean v\u00e0 bi s\u1eaft - Cung T\u00ean H\u00e0 N\u1ed9i<\/title>\n<meta name=\"description\" content=\"mua cung t\u00ean th\u1ec3 thao, mua cung t\u00ean t\u1ea1i h\u00e0 n\u1ed9i, cung tr\u1ee3 l\u1ef1c, cung compound, cung t\u00ean ch\u00ednh h\u00e3ng, cung t\u00ean m\u1ea1nh,cung t\u00ean h\u00e0 n\u1ed9i, cung t\u00ean , mua cung t\u00ean S\u00e0i g\u00f2n , mua m\u0169i t\u00ean b\u1eafn cung , cung b\u1eafn bi s\u1eaft , cung t\u00ean mini\" \/>\n<meta name=\"robots\" content=\"index, follow, max-snippet:-1, max-image-preview:large, max-video-preview:-1\" \/>\n<link rel=\"canonical\" href=\"https:\/\/cungtenhanoi.com\/?product=no-ban-ten-va-bi-sat\" \/>\n<meta property=\"og:locale\" content=\"vi_VN\" \/>\n<meta property=\"og:type\" content=\"article\" \/>\n<meta property=\"og:title\" content=\"N\u1ecf b\u1eafn t\u00ean v\u00e0 bi s\u1eaft - Cung T\u00ean H\u00e0 N\u1ed9i\" \/>\n<meta property=\"og:description\" content=\"mua cung t\u00ean th\u1ec3 thao, mua cung t\u00ean t\u1ea1i h\u00e0 n\u1ed9i, cung tr\u1ee3 l\u1ef1c, cung compound, cung t\u00ean ch\u00ednh h\u00e3ng, cung t\u00ean m\u1ea1nh,cung t\u00ean h\u00e0 n\u1ed9i, cung t\u00ean , mua cung t\u00ean S\u00e0i g\u00f2n , mua m\u0169i t\u00ean b\u1eafn cung , cung b\u1eafn bi s\u1eaft , cung t\u00ean mini\" \/>\n<meta property=\"og:url\" content=\"https:\/\/cungtenhanoi.com\/?product=no-ban-ten-va-bi-sat\" \/>\n<meta property=\"og:site_name\" content=\"Cung T\u00ean H\u00e0 N\u1ed9i\" \/>\n<meta property=\"article:modified_time\" content=\"2025-08-09T06:52:07+00:00\" \/>\n<meta property=\"og:image\" content=\"https:\/\/cungtenhanoi.com\/wp-content\/uploads\/2025\/04\/IMG_6649.jpeg\" \/>\n\t<meta property=\"og:image:width\" content=\"1290\" \/>\n\t<meta property=\"og:image:height\" content=\"1266\" \/>\n\t<meta property=\"og:image:type\" content=\"image\/jpeg\" \/>\n<meta name=\"twitter:card\" content=\"summary_large_image\" \/>\n<meta name=\"twitter:label1\" content=\"\u01af\u1edbc t\u00ednh th\u1eddi gian \u0111\u1ecdc\" \/>\n\t<meta name=\"twitter:data1\" content=\"2 ph\u00fat\" \/>\n<script type=\"application\/ld+json\" class=\"yoast-schema-graph\">{\"@context\":\"https:\/\/schema.org\",\"@graph\":[{\"@type\":\"WebPage\",\"@id\":\"https:\/\/cungtenhanoi.com\/?product=no-ban-ten-va-bi-sat\",\"url\":\"https:\/\/cungtenhanoi.com\/?product=no-ban-ten-va-bi-sat\",\"name\":\"N\u1ecf b\u1eafn t\u00ean v\u00e0 bi s\u1eaft - Cung T\u00ean H\u00e0 N\u1ed9i\",\"isPartOf\":{\"@id\":\"https:\/\/cungtenhanoi.com\/#website\"},\"datePublished\":\"2025-04-06T07:15:19+00:00\",\"dateModified\":\"2025-08-09T06:52:07+00:00\",\"description\":\"mua cung t\u00ean th\u1ec3 thao, mua cung t\u00ean t\u1ea1i h\u00e0 n\u1ed9i, cung tr\u1ee3 l\u1ef1c, cung compound, cung t\u00ean ch\u00ednh h\u00e3ng, cung t\u00ean m\u1ea1nh,cung t\u00ean h\u00e0 n\u1ed9i, cung t\u00ean , mua cung t\u00ean S\u00e0i g\u00f2n , mua m\u0169i t\u00ean b\u1eafn cung , cung b\u1eafn bi s\u1eaft , cung t\u00ean mini\",\"breadcrumb\":{\"@id\":\"https:\/\/cungtenhanoi.com\/?product=no-ban-ten-va-bi-sat#breadcrumb\"},\"inLanguage\":\"vi\",\"potentialAction\":[{\"@type\":\"ReadAction\",\"target\":[\"https:\/\/cungtenhanoi.com\/?product=no-ban-ten-va-bi-sat\"]}]},{\"@type\":\"BreadcrumbList\",\"@id\":\"https:\/\/cungtenhanoi.com\/?product=no-ban-ten-va-bi-sat#breadcrumb\",\"itemListElement\":[{\"@type\":\"ListItem\",\"position\":1,\"name\":\"Trang ch\u1ee7\",\"item\":\"https:\/\/cungtenhanoi.com\/\"},{\"@type\":\"ListItem\",\"position\":2,\"name\":\"Shop\",\"item\":\"https:\/\/cungtenhanoi.com\/?page_id=6\"},{\"@type\":\"ListItem\",\"position\":3,\"name\":\"Cung\",\"item\":\"https:\/\/cungtenhanoi.com\/danh-muc\/cung\/\"},{\"@type\":\"ListItem\",\"position\":4,\"name\":\"N\u1ecf b\u1eafn t\u00ean v\u00e0 bi s\u1eaft\"}]},{\"@type\":\"WebSite\",\"@id\":\"https:\/\/cungtenhanoi.com\/#website\",\"url\":\"https:\/\/cungtenhanoi.com\/\",\"name\":\"Cung T\u00ean H\u00e0 N\u1ed9i\",\"description\":\"Cung c\u1ea5p c\u00e1c lo\u1ea1i cung t\u00ean th\u1ec3 thao s\u1ed1 1 Vi\u1ec7t Nam\",\"publisher\":{\"@id\":\"https:\/\/cungtenhanoi.com\/#organization\"},\"potentialAction\":[{\"@type\":\"SearchAction\",\"target\":{\"@type\":\"EntryPoint\",\"urlTemplate\":\"https:\/\/cungtenhanoi.com\/?s={search_term_string}\"},\"query-input\":\"required name=search_term_string\"}],\"inLanguage\":\"vi\"},{\"@type\":\"Organization\",\"@id\":\"https:\/\/cungtenhanoi.com\/#organization\",\"name\":\"Cung T\u00ean H\u00e0 N\u1ed9i\",\"url\":\"https:\/\/cungtenhanoi.com\/\",\"sameAs\":[],\"logo\":{\"@type\":\"ImageObject\",\"inLanguage\":\"vi\",\"@id\":\"https:\/\/cungtenhanoi.com\/#\/schema\/logo\/image\/\",\"url\":\"https:\/\/cungtenhanoi.com\/wp-content\/uploads\/2025\/05\/logo-den-trang.jpg\",\"contentUrl\":\"https:\/\/cungtenhanoi.com\/wp-content\/uploads\/2025\/05\/logo-den-trang.jpg\",\"width\":450,\"height\":450,\"caption\":\"Cung T\u00ean H\u00e0 N\u1ed9i\"},\"image\":{\"@id\":\"https:\/\/cungtenhanoi.com\/#\/schema\/logo\/image\/\"}}]}<\/script>\n<!-- \/ Yoast SEO plugin. -->","yoast_head_json":{"title":"N\u1ecf b\u1eafn t\u00ean v\u00e0 bi s\u1eaft - Cung T\u00ean H\u00e0 N\u1ed9i","description":"mua cung t\u00ean th\u1ec3 thao, mua cung t\u00ean t\u1ea1i h\u00e0 n\u1ed9i, cung tr\u1ee3 l\u1ef1c, cung compound, cung t\u00ean ch\u00ednh h\u00e3ng, cung t\u00ean m\u1ea1nh,cung t\u00ean h\u00e0 n\u1ed9i, cung t\u00ean , mua cung t\u00ean S\u00e0i g\u00f2n , mua m\u0169i t\u00ean b\u1eafn cung , cung b\u1eafn bi s\u1eaft , cung t\u00ean mini","robots":{"index":"index","follow":"follow","max-snippet":"max-snippet:-1","max-image-preview":"max-image-preview:large","max-video-preview":"max-video-preview:-1"},"canonical":"https:\/\/cungtenhanoi.com\/?product=no-ban-ten-va-bi-sat","og_locale":"vi_VN","og_type":"article","og_title":"N\u1ecf b\u1eafn t\u00ean v\u00e0 bi s\u1eaft - Cung T\u00ean H\u00e0 N\u1ed9i","og_description":"mua cung t\u00ean th\u1ec3 thao, mua cung t\u00ean t\u1ea1i h\u00e0 n\u1ed9i, cung tr\u1ee3 l\u1ef1c, cung compound, cung t\u00ean ch\u00ednh h\u00e3ng, cung t\u00ean m\u1ea1nh,cung t\u00ean h\u00e0 n\u1ed9i, cung t\u00ean , mua cung t\u00ean S\u00e0i g\u00f2n , mua m\u0169i t\u00ean b\u1eafn cung , cung b\u1eafn bi s\u1eaft , cung t\u00ean mini","og_url":"https:\/\/cungtenhanoi.com\/?product=no-ban-ten-va-bi-sat","og_site_name":"Cung T\u00ean H\u00e0 N\u1ed9i","article_modified_time":"2025-08-09T06:52:07+00:00","og_image":[{"width":1290,"height":1266,"url":"https:\/\/cungtenhanoi.com\/wp-content\/uploads\/2025\/04\/IMG_6649.jpeg","type":"image\/jpeg"}],"twitter_card":"summary_large_image","twitter_misc":{"\u01af\u1edbc t\u00ednh th\u1eddi gian \u0111\u1ecdc":"2 ph\u00fat"},"schema":{"@context":"https:\/\/schema.org","@graph":[{"@type":"WebPage","@id":"https:\/\/cungtenhanoi.com\/?product=no-ban-ten-va-bi-sat","url":"https:\/\/cungtenhanoi.com\/?product=no-ban-ten-va-bi-sat","name":"N\u1ecf b\u1eafn t\u00ean v\u00e0 bi s\u1eaft - Cung T\u00ean H\u00e0 N\u1ed9i","isPartOf":{"@id":"https:\/\/cungtenhanoi.com\/#website"},"datePublished":"2025-04-06T07:15:19+00:00","dateModified":"2025-08-09T06:52:07+00:00","description":"mua cung t\u00ean th\u1ec3 thao, mua cung t\u00ean t\u1ea1i h\u00e0 n\u1ed9i, cung tr\u1ee3 l\u1ef1c, cung compound, cung t\u00ean ch\u00ednh h\u00e3ng, cung t\u00ean m\u1ea1nh,cung t\u00ean h\u00e0 n\u1ed9i, cung t\u00ean , mua cung t\u00ean S\u00e0i g\u00f2n , mua m\u0169i t\u00ean b\u1eafn cung , cung b\u1eafn bi s\u1eaft , cung t\u00ean mini","breadcrumb":{"@id":"https:\/\/cungtenhanoi.com\/?product=no-ban-ten-va-bi-sat#breadcrumb"},"inLanguage":"vi","potentialAction":[{"@type":"ReadAction","target":["https:\/\/cungtenhanoi.com\/?product=no-ban-ten-va-bi-sat"]}]},{"@type":"BreadcrumbList","@id":"https:\/\/cungtenhanoi.com\/?product=no-ban-ten-va-bi-sat#breadcrumb","itemListElement":[{"@type":"ListItem","position":1,"name":"Trang ch\u1ee7","item":"https:\/\/cungtenhanoi.com\/"},{"@type":"ListItem","position":2,"name":"Shop","item":"https:\/\/cungtenhanoi.com\/?page_id=6"},{"@type":"ListItem","position":3,"name":"Cung","item":"https:\/\/cungtenhanoi.com\/danh-muc\/cung\/"},{"@type":"ListItem","position":4,"name":"N\u1ecf b\u1eafn t\u00ean v\u00e0 bi s\u1eaft"}]},{"@type":"WebSite","@id":"https:\/\/cungtenhanoi.com\/#website","url":"https:\/\/cungtenhanoi.com\/","name":"Cung T\u00ean H\u00e0 N\u1ed9i","description":"Cung c\u1ea5p c\u00e1c lo\u1ea1i cung t\u00ean th\u1ec3 thao s\u1ed1 1 Vi\u1ec7t Nam","publisher":{"@id":"https:\/\/cungtenhanoi.com\/#organization"},"potentialAction":[{"@type":"SearchAction","target":{"@type":"EntryPoint","urlTemplate":"https:\/\/cungtenhanoi.com\/?s={search_term_string}"},"query-input":"required name=search_term_string"}],"inLanguage":"vi"},{"@type":"Organization","@id":"https:\/\/cungtenhanoi.com\/#organization","name":"Cung T\u00ean H\u00e0 N\u1ed9i","url":"https:\/\/cungtenhanoi.com\/","sameAs":[],"logo":{"@type":"ImageObject","inLanguage":"vi","@id":"https:\/\/cungtenhanoi.com\/#\/schema\/logo\/image\/","url":"https:\/\/cungtenhanoi.com\/wp-content\/uploads\/2025\/05\/logo-den-trang.jpg","contentUrl":"https:\/\/cungtenhanoi.com\/wp-content\/uploads\/2025\/05\/logo-den-trang.jpg","width":450,"height":450,"caption":"Cung T\u00ean H\u00e0 N\u1ed9i"},"image":{"@id":"https:\/\/cungtenhanoi.com\/#\/schema\/logo\/image\/"}}]}},"_links":{"self":[{"href":"https:\/\/cungtenhanoi.com\/index.php?rest_route=\/wp\/v2\/product\/16013"}],"collection":[{"href":"https:\/\/cungtenhanoi.com\/index.php?rest_route=\/wp\/v2\/product"}],"about":[{"href":"https:\/\/cungtenhanoi.com\/index.php?rest_route=\/wp\/v2\/types\/product"}],"replies":[{"embeddable":true,"href":"https:\/\/cungtenhanoi.com\/index.php?rest_route=%2Fwp%2Fv2%2Fcomments&post=16013"}],"wp:featuredmedia":[{"embeddable":true,"href":"https:\/\/cungtenhanoi.com\/index.php?rest_route=\/wp\/v2\/media\/16018"}],"wp:attachment":[{"href":"https:\/\/cungtenhanoi.com\/index.php?rest_route=%2Fwp%2Fv2%2Fmedia&parent=16013"}],"wp:term":[{"taxonomy":"product_cat","embeddable":true,"href":"https:\/\/cungtenhanoi.com\/index.php?rest_route=%2Fwp%2Fv2%2Fproduct_cat&post=16013"},{"taxonomy":"product_tag","embeddable":true,"href":"https:\/\/cungtenhanoi.com\/index.php?rest_route=%2Fwp%2Fv2%2Fproduct_tag&post=16013"}],"curies":[{"name":"wp","href":"https:\/\/api.w.org\/{rel}","templated":true}]}}