{"id":16026,"date":"2025-04-06T14:28:26","date_gmt":"2025-04-06T07:28:26","guid":{"rendered":"https:\/\/cungtenhanoi.com\/?post_type=product&#038;p=16026"},"modified":"2025-08-24T11:30:40","modified_gmt":"2025-08-24T04:30:40","slug":"cung-compound-sieu-mini","status":"publish","type":"product","link":"https:\/\/cungtenhanoi.com\/?product=cung-compound-sieu-mini","title":{"rendered":"Cung compound si\u00eau mini"},"content":{"rendered":"<p style=\"text-align: center;\">Cung 3 d\u00e2y si\u00eau nh\u1ecf b\u1eafn gi\u1ea3i tr\u00ed<\/p>\n<p style=\"text-align: center;\">Ch\u1ea5t li\u1ec7u : H\u1ee3p kim<\/p>\n<p style=\"text-align: center;\">L\u1ef1c b\u1eafn\/20lbs &#8211; T\u1ea7m xa:30m<\/p>\n<p><img loading=\"lazy\" class=\"size-medium wp-image-16027 aligncenter\" src=\"https:\/\/cungtenhanoi.com\/wp-content\/uploads\/2025\/04\/IMG_6827-1-404x400.jpeg\" alt=\"\" width=\"404\" height=\"400\" srcset=\"https:\/\/cungtenhanoi.com\/wp-content\/uploads\/2025\/04\/IMG_6827-1-404x400.jpeg 404w, https:\/\/cungtenhanoi.com\/wp-content\/uploads\/2025\/04\/IMG_6827-1-808x800.jpeg 808w, https:\/\/cungtenhanoi.com\/wp-content\/uploads\/2025\/04\/IMG_6827-1-768x761.jpeg 768w, https:\/\/cungtenhanoi.com\/wp-content\/uploads\/2025\/04\/IMG_6827-1-45x45.jpeg 45w, https:\/\/cungtenhanoi.com\/wp-content\/uploads\/2025\/04\/IMG_6827-1-600x594.jpeg 600w, https:\/\/cungtenhanoi.com\/wp-content\/uploads\/2025\/04\/IMG_6827-1-100x100.jpeg 100w, https:\/\/cungtenhanoi.com\/wp-content\/uploads\/2025\/04\/IMG_6827-1-64x63.jpeg 64w, https:\/\/cungtenhanoi.com\/wp-content\/uploads\/2025\/04\/IMG_6827-1.jpeg 1290w\" sizes=\"(max-width: 404px) 100vw, 404px\" \/> <img loading=\"lazy\" class=\"size-medium wp-image-16028 aligncenter\" src=\"https:\/\/cungtenhanoi.com\/wp-content\/uploads\/2025\/04\/IMG_6823-1-370x400.jpeg\" alt=\"\" width=\"370\" height=\"400\" srcset=\"https:\/\/cungtenhanoi.com\/wp-content\/uploads\/2025\/04\/IMG_6823-1-370x400.jpeg 370w, https:\/\/cungtenhanoi.com\/wp-content\/uploads\/2025\/04\/IMG_6823-1-741x800.jpeg 741w, https:\/\/cungtenhanoi.com\/wp-content\/uploads\/2025\/04\/IMG_6823-1-768x829.jpeg 768w, https:\/\/cungtenhanoi.com\/wp-content\/uploads\/2025\/04\/IMG_6823-1-600x648.jpeg 600w, https:\/\/cungtenhanoi.com\/wp-content\/uploads\/2025\/04\/IMG_6823-1-64x69.jpeg 64w, https:\/\/cungtenhanoi.com\/wp-content\/uploads\/2025\/04\/IMG_6823-1.jpeg 1290w\" sizes=\"(max-width: 370px) 100vw, 370px\" \/> <img loading=\"lazy\" class=\"size-medium wp-image-16029 aligncenter\" src=\"https:\/\/cungtenhanoi.com\/wp-content\/uploads\/2025\/04\/IMG_6824-1-386x400.jpeg\" alt=\"\" width=\"386\" height=\"400\" srcset=\"https:\/\/cungtenhanoi.com\/wp-content\/uploads\/2025\/04\/IMG_6824-1-386x400.jpeg 386w, https:\/\/cungtenhanoi.com\/wp-content\/uploads\/2025\/04\/IMG_6824-1-772x800.jpeg 772w, https:\/\/cungtenhanoi.com\/wp-content\/uploads\/2025\/04\/IMG_6824-1-768x796.jpeg 768w, https:\/\/cungtenhanoi.com\/wp-content\/uploads\/2025\/04\/IMG_6824-1-600x622.jpeg 600w, https:\/\/cungtenhanoi.com\/wp-content\/uploads\/2025\/04\/IMG_6824-1-64x66.jpeg 64w, https:\/\/cungtenhanoi.com\/wp-content\/uploads\/2025\/04\/IMG_6824-1.jpeg 1290w\" sizes=\"(max-width: 386px) 100vw, 386px\" \/> <img loading=\"lazy\" class=\"size-medium wp-image-16030 aligncenter\" src=\"https:\/\/cungtenhanoi.com\/wp-content\/uploads\/2025\/04\/IMG_6825-1-399x400.jpeg\" alt=\"\" width=\"399\" height=\"400\" srcset=\"https:\/\/cungtenhanoi.com\/wp-content\/uploads\/2025\/04\/IMG_6825-1-399x400.jpeg 399w, https:\/\/cungtenhanoi.com\/wp-content\/uploads\/2025\/04\/IMG_6825-1-799x800.jpeg 799w, https:\/\/cungtenhanoi.com\/wp-content\/uploads\/2025\/04\/IMG_6825-1-280x280.jpeg 280w, https:\/\/cungtenhanoi.com\/wp-content\/uploads\/2025\/04\/IMG_6825-1-768x769.jpeg 768w, https:\/\/cungtenhanoi.com\/wp-content\/uploads\/2025\/04\/IMG_6825-1-45x45.jpeg 45w, https:\/\/cungtenhanoi.com\/wp-content\/uploads\/2025\/04\/IMG_6825-1-300x300.jpeg 300w, https:\/\/cungtenhanoi.com\/wp-content\/uploads\/2025\/04\/IMG_6825-1-600x601.jpeg 600w, https:\/\/cungtenhanoi.com\/wp-content\/uploads\/2025\/04\/IMG_6825-1-100x100.jpeg 100w, https:\/\/cungtenhanoi.com\/wp-content\/uploads\/2025\/04\/IMG_6825-1-64x64.jpeg 64w, https:\/\/cungtenhanoi.com\/wp-content\/uploads\/2025\/04\/IMG_6825-1.jpeg 1290w\" sizes=\"(max-width: 399px) 100vw, 399px\" \/><\/p>\n","protected":false},"excerpt":{"rendered":"<p>Cung 3 d\u00e2y si\u00eau nh\u1ecf b\u1eafn gi\u1ea3i tr\u00ed Ch\u1ea5t li\u1ec7u : H\u1ee3p kim L\u1ef1c b\u1eafn\/20lbs &#8211; T\u1ea7m xa:30m<\/p>\n","protected":false},"featured_media":16029,"comment_status":"open","ping_status":"closed","template":"","meta":[],"product_cat":[17],"product_tag":[1379,200,1378,86,94,168],"acf":[],"yoast_head":"<!-- This site is optimized with the Yoast SEO plugin v19.8 - https:\/\/yoast.com\/wordpress\/plugins\/seo\/ -->\n<title>Cung compound si\u00eau mini - Cung T\u00ean H\u00e0 N\u1ed9i<\/title>\n<meta name=\"description\" content=\"mua cung t\u00ean th\u1ec3 thao, mua cung t\u00ean t\u1ea1i h\u00e0 n\u1ed9i, cung tr\u1ee3 l\u1ef1c, cung compound, cung t\u00ean ch\u00ednh h\u00e3ng, cung t\u00ean m\u1ea1nh,cung t\u00ean h\u00e0 n\u1ed9i, cung t\u00ean , mua cung t\u00ean S\u00e0i g\u00f2n , mua m\u0169i t\u00ean b\u1eafn cung , cung b\u1eafn bi s\u1eaft , cung t\u00ean mini\" \/>\n<meta name=\"robots\" content=\"index, follow, max-snippet:-1, max-image-preview:large, max-video-preview:-1\" \/>\n<link rel=\"canonical\" href=\"https:\/\/cungtenhanoi.com\/?product=cung-compound-sieu-mini\" \/>\n<meta property=\"og:locale\" content=\"vi_VN\" \/>\n<meta property=\"og:type\" content=\"article\" \/>\n<meta property=\"og:title\" content=\"Cung compound si\u00eau mini - Cung T\u00ean H\u00e0 N\u1ed9i\" \/>\n<meta property=\"og:description\" content=\"mua cung t\u00ean th\u1ec3 thao, mua cung t\u00ean t\u1ea1i h\u00e0 n\u1ed9i, cung tr\u1ee3 l\u1ef1c, cung compound, cung t\u00ean ch\u00ednh h\u00e3ng, cung t\u00ean m\u1ea1nh,cung t\u00ean h\u00e0 n\u1ed9i, cung t\u00ean , mua cung t\u00ean S\u00e0i g\u00f2n , mua m\u0169i t\u00ean b\u1eafn cung , cung b\u1eafn bi s\u1eaft , cung t\u00ean mini\" \/>\n<meta property=\"og:url\" content=\"https:\/\/cungtenhanoi.com\/?product=cung-compound-sieu-mini\" \/>\n<meta property=\"og:site_name\" content=\"Cung T\u00ean H\u00e0 N\u1ed9i\" \/>\n<meta property=\"article:modified_time\" content=\"2025-08-24T04:30:40+00:00\" \/>\n<meta property=\"og:image\" content=\"https:\/\/cungtenhanoi.com\/wp-content\/uploads\/2025\/04\/IMG_6824-1.jpeg\" \/>\n\t<meta property=\"og:image:width\" content=\"1290\" \/>\n\t<meta property=\"og:image:height\" content=\"1337\" \/>\n\t<meta property=\"og:image:type\" content=\"image\/jpeg\" \/>\n<meta name=\"twitter:card\" content=\"summary_large_image\" \/>\n<meta name=\"twitter:label1\" content=\"\u01af\u1edbc t\u00ednh th\u1eddi gian \u0111\u1ecdc\" \/>\n\t<meta name=\"twitter:data1\" content=\"1 ph\u00fat\" \/>\n<script type=\"application\/ld+json\" class=\"yoast-schema-graph\">{\"@context\":\"https:\/\/schema.org\",\"@graph\":[{\"@type\":\"WebPage\",\"@id\":\"https:\/\/cungtenhanoi.com\/?product=cung-compound-sieu-mini\",\"url\":\"https:\/\/cungtenhanoi.com\/?product=cung-compound-sieu-mini\",\"name\":\"Cung compound si\u00eau mini - Cung T\u00ean H\u00e0 N\u1ed9i\",\"isPartOf\":{\"@id\":\"https:\/\/cungtenhanoi.com\/#website\"},\"datePublished\":\"2025-04-06T07:28:26+00:00\",\"dateModified\":\"2025-08-24T04:30:40+00:00\",\"description\":\"mua cung t\u00ean th\u1ec3 thao, mua cung t\u00ean t\u1ea1i h\u00e0 n\u1ed9i, cung tr\u1ee3 l\u1ef1c, cung compound, cung t\u00ean ch\u00ednh h\u00e3ng, cung t\u00ean m\u1ea1nh,cung t\u00ean h\u00e0 n\u1ed9i, cung t\u00ean , mua cung t\u00ean S\u00e0i g\u00f2n , mua m\u0169i t\u00ean b\u1eafn cung , cung b\u1eafn bi s\u1eaft , cung t\u00ean mini\",\"breadcrumb\":{\"@id\":\"https:\/\/cungtenhanoi.com\/?product=cung-compound-sieu-mini#breadcrumb\"},\"inLanguage\":\"vi\",\"potentialAction\":[{\"@type\":\"ReadAction\",\"target\":[\"https:\/\/cungtenhanoi.com\/?product=cung-compound-sieu-mini\"]}]},{\"@type\":\"BreadcrumbList\",\"@id\":\"https:\/\/cungtenhanoi.com\/?product=cung-compound-sieu-mini#breadcrumb\",\"itemListElement\":[{\"@type\":\"ListItem\",\"position\":1,\"name\":\"Trang ch\u1ee7\",\"item\":\"https:\/\/cungtenhanoi.com\/\"},{\"@type\":\"ListItem\",\"position\":2,\"name\":\"Shop\",\"item\":\"https:\/\/cungtenhanoi.com\/?page_id=6\"},{\"@type\":\"ListItem\",\"position\":3,\"name\":\"Cung\",\"item\":\"https:\/\/cungtenhanoi.com\/danh-muc\/cung\/\"},{\"@type\":\"ListItem\",\"position\":4,\"name\":\"Cung compound si\u00eau mini\"}]},{\"@type\":\"WebSite\",\"@id\":\"https:\/\/cungtenhanoi.com\/#website\",\"url\":\"https:\/\/cungtenhanoi.com\/\",\"name\":\"Cung T\u00ean H\u00e0 N\u1ed9i\",\"description\":\"Cung c\u1ea5p c\u00e1c lo\u1ea1i cung t\u00ean th\u1ec3 thao s\u1ed1 1 Vi\u1ec7t Nam\",\"publisher\":{\"@id\":\"https:\/\/cungtenhanoi.com\/#organization\"},\"potentialAction\":[{\"@type\":\"SearchAction\",\"target\":{\"@type\":\"EntryPoint\",\"urlTemplate\":\"https:\/\/cungtenhanoi.com\/?s={search_term_string}\"},\"query-input\":\"required name=search_term_string\"}],\"inLanguage\":\"vi\"},{\"@type\":\"Organization\",\"@id\":\"https:\/\/cungtenhanoi.com\/#organization\",\"name\":\"Cung T\u00ean H\u00e0 N\u1ed9i\",\"url\":\"https:\/\/cungtenhanoi.com\/\",\"sameAs\":[],\"logo\":{\"@type\":\"ImageObject\",\"inLanguage\":\"vi\",\"@id\":\"https:\/\/cungtenhanoi.com\/#\/schema\/logo\/image\/\",\"url\":\"https:\/\/cungtenhanoi.com\/wp-content\/uploads\/2025\/05\/logo-den-trang.jpg\",\"contentUrl\":\"https:\/\/cungtenhanoi.com\/wp-content\/uploads\/2025\/05\/logo-den-trang.jpg\",\"width\":450,\"height\":450,\"caption\":\"Cung T\u00ean H\u00e0 N\u1ed9i\"},\"image\":{\"@id\":\"https:\/\/cungtenhanoi.com\/#\/schema\/logo\/image\/\"}}]}<\/script>\n<!-- \/ Yoast SEO plugin. -->","yoast_head_json":{"title":"Cung compound si\u00eau mini - Cung T\u00ean H\u00e0 N\u1ed9i","description":"mua cung t\u00ean th\u1ec3 thao, mua cung t\u00ean t\u1ea1i h\u00e0 n\u1ed9i, cung tr\u1ee3 l\u1ef1c, cung compound, cung t\u00ean ch\u00ednh h\u00e3ng, cung t\u00ean m\u1ea1nh,cung t\u00ean h\u00e0 n\u1ed9i, cung t\u00ean , mua cung t\u00ean S\u00e0i g\u00f2n , mua m\u0169i t\u00ean b\u1eafn cung , cung b\u1eafn bi s\u1eaft , cung t\u00ean mini","robots":{"index":"index","follow":"follow","max-snippet":"max-snippet:-1","max-image-preview":"max-image-preview:large","max-video-preview":"max-video-preview:-1"},"canonical":"https:\/\/cungtenhanoi.com\/?product=cung-compound-sieu-mini","og_locale":"vi_VN","og_type":"article","og_title":"Cung compound si\u00eau mini - Cung T\u00ean H\u00e0 N\u1ed9i","og_description":"mua cung t\u00ean th\u1ec3 thao, mua cung t\u00ean t\u1ea1i h\u00e0 n\u1ed9i, cung tr\u1ee3 l\u1ef1c, cung compound, cung t\u00ean ch\u00ednh h\u00e3ng, cung t\u00ean m\u1ea1nh,cung t\u00ean h\u00e0 n\u1ed9i, cung t\u00ean , mua cung t\u00ean S\u00e0i g\u00f2n , mua m\u0169i t\u00ean b\u1eafn cung , cung b\u1eafn bi s\u1eaft , cung t\u00ean mini","og_url":"https:\/\/cungtenhanoi.com\/?product=cung-compound-sieu-mini","og_site_name":"Cung T\u00ean H\u00e0 N\u1ed9i","article_modified_time":"2025-08-24T04:30:40+00:00","og_image":[{"width":1290,"height":1337,"url":"https:\/\/cungtenhanoi.com\/wp-content\/uploads\/2025\/04\/IMG_6824-1.jpeg","type":"image\/jpeg"}],"twitter_card":"summary_large_image","twitter_misc":{"\u01af\u1edbc t\u00ednh th\u1eddi gian \u0111\u1ecdc":"1 ph\u00fat"},"schema":{"@context":"https:\/\/schema.org","@graph":[{"@type":"WebPage","@id":"https:\/\/cungtenhanoi.com\/?product=cung-compound-sieu-mini","url":"https:\/\/cungtenhanoi.com\/?product=cung-compound-sieu-mini","name":"Cung compound si\u00eau mini - Cung T\u00ean H\u00e0 N\u1ed9i","isPartOf":{"@id":"https:\/\/cungtenhanoi.com\/#website"},"datePublished":"2025-04-06T07:28:26+00:00","dateModified":"2025-08-24T04:30:40+00:00","description":"mua cung t\u00ean th\u1ec3 thao, mua cung t\u00ean t\u1ea1i h\u00e0 n\u1ed9i, cung tr\u1ee3 l\u1ef1c, cung compound, cung t\u00ean ch\u00ednh h\u00e3ng, cung t\u00ean m\u1ea1nh,cung t\u00ean h\u00e0 n\u1ed9i, cung t\u00ean , mua cung t\u00ean S\u00e0i g\u00f2n , mua m\u0169i t\u00ean b\u1eafn cung , cung b\u1eafn bi s\u1eaft , cung t\u00ean mini","breadcrumb":{"@id":"https:\/\/cungtenhanoi.com\/?product=cung-compound-sieu-mini#breadcrumb"},"inLanguage":"vi","potentialAction":[{"@type":"ReadAction","target":["https:\/\/cungtenhanoi.com\/?product=cung-compound-sieu-mini"]}]},{"@type":"BreadcrumbList","@id":"https:\/\/cungtenhanoi.com\/?product=cung-compound-sieu-mini#breadcrumb","itemListElement":[{"@type":"ListItem","position":1,"name":"Trang ch\u1ee7","item":"https:\/\/cungtenhanoi.com\/"},{"@type":"ListItem","position":2,"name":"Shop","item":"https:\/\/cungtenhanoi.com\/?page_id=6"},{"@type":"ListItem","position":3,"name":"Cung","item":"https:\/\/cungtenhanoi.com\/danh-muc\/cung\/"},{"@type":"ListItem","position":4,"name":"Cung compound si\u00eau mini"}]},{"@type":"WebSite","@id":"https:\/\/cungtenhanoi.com\/#website","url":"https:\/\/cungtenhanoi.com\/","name":"Cung T\u00ean H\u00e0 N\u1ed9i","description":"Cung c\u1ea5p c\u00e1c lo\u1ea1i cung t\u00ean th\u1ec3 thao s\u1ed1 1 Vi\u1ec7t Nam","publisher":{"@id":"https:\/\/cungtenhanoi.com\/#organization"},"potentialAction":[{"@type":"SearchAction","target":{"@type":"EntryPoint","urlTemplate":"https:\/\/cungtenhanoi.com\/?s={search_term_string}"},"query-input":"required name=search_term_string"}],"inLanguage":"vi"},{"@type":"Organization","@id":"https:\/\/cungtenhanoi.com\/#organization","name":"Cung T\u00ean H\u00e0 N\u1ed9i","url":"https:\/\/cungtenhanoi.com\/","sameAs":[],"logo":{"@type":"ImageObject","inLanguage":"vi","@id":"https:\/\/cungtenhanoi.com\/#\/schema\/logo\/image\/","url":"https:\/\/cungtenhanoi.com\/wp-content\/uploads\/2025\/05\/logo-den-trang.jpg","contentUrl":"https:\/\/cungtenhanoi.com\/wp-content\/uploads\/2025\/05\/logo-den-trang.jpg","width":450,"height":450,"caption":"Cung T\u00ean H\u00e0 N\u1ed9i"},"image":{"@id":"https:\/\/cungtenhanoi.com\/#\/schema\/logo\/image\/"}}]}},"_links":{"self":[{"href":"https:\/\/cungtenhanoi.com\/index.php?rest_route=\/wp\/v2\/product\/16026"}],"collection":[{"href":"https:\/\/cungtenhanoi.com\/index.php?rest_route=\/wp\/v2\/product"}],"about":[{"href":"https:\/\/cungtenhanoi.com\/index.php?rest_route=\/wp\/v2\/types\/product"}],"replies":[{"embeddable":true,"href":"https:\/\/cungtenhanoi.com\/index.php?rest_route=%2Fwp%2Fv2%2Fcomments&post=16026"}],"wp:featuredmedia":[{"embeddable":true,"href":"https:\/\/cungtenhanoi.com\/index.php?rest_route=\/wp\/v2\/media\/16029"}],"wp:attachment":[{"href":"https:\/\/cungtenhanoi.com\/index.php?rest_route=%2Fwp%2Fv2%2Fmedia&parent=16026"}],"wp:term":[{"taxonomy":"product_cat","embeddable":true,"href":"https:\/\/cungtenhanoi.com\/index.php?rest_route=%2Fwp%2Fv2%2Fproduct_cat&post=16026"},{"taxonomy":"product_tag","embeddable":true,"href":"https:\/\/cungtenhanoi.com\/index.php?rest_route=%2Fwp%2Fv2%2Fproduct_tag&post=16026"}],"curies":[{"name":"wp","href":"https:\/\/api.w.org\/{rel}","templated":true}]}}