{"id":16032,"date":"2025-04-20T13:50:35","date_gmt":"2025-04-20T06:50:35","guid":{"rendered":"https:\/\/cungtenhanoi.com\/?post_type=product&#038;p=16032"},"modified":"2026-05-09T20:34:25","modified_gmt":"2026-05-09T13:34:25","slug":"mui-ten-fiber-glass","status":"publish","type":"product","link":"https:\/\/cungtenhanoi.com\/?product=mui-ten-fiber-glass","title":{"rendered":"M\u0169i T\u00ean Fiber Glass"},"content":{"rendered":"<p style=\"text-align: center;\">T\u00ean 6.2mm ph\u00f9 h\u1ee3p v\u1edbi cung1 d\u00e2y v\u00e0 cung l\u1ef1c nh\u1eb9. M\u00e0u random<\/p>\n<p style=\"text-align: center;\"><img loading=\"lazy\" class=\"alignnone wp-image-16033\" src=\"https:\/\/cungtenhanoi.com\/wp-content\/uploads\/2025\/04\/z4570836512310_1efcaa671ad7bd34cff17a864fcc081a-399x400.jpg\" alt=\"\" width=\"399\" height=\"400\" srcset=\"https:\/\/cungtenhanoi.com\/wp-content\/uploads\/2025\/04\/z4570836512310_1efcaa671ad7bd34cff17a864fcc081a-399x400.jpg 399w, https:\/\/cungtenhanoi.com\/wp-content\/uploads\/2025\/04\/z4570836512310_1efcaa671ad7bd34cff17a864fcc081a-799x800.jpg 799w, https:\/\/cungtenhanoi.com\/wp-content\/uploads\/2025\/04\/z4570836512310_1efcaa671ad7bd34cff17a864fcc081a-280x280.jpg 280w, https:\/\/cungtenhanoi.com\/wp-content\/uploads\/2025\/04\/z4570836512310_1efcaa671ad7bd34cff17a864fcc081a-768x769.jpg 768w, https:\/\/cungtenhanoi.com\/wp-content\/uploads\/2025\/04\/z4570836512310_1efcaa671ad7bd34cff17a864fcc081a-45x45.jpg 45w, https:\/\/cungtenhanoi.com\/wp-content\/uploads\/2025\/04\/z4570836512310_1efcaa671ad7bd34cff17a864fcc081a-300x300.jpg 300w, https:\/\/cungtenhanoi.com\/wp-content\/uploads\/2025\/04\/z4570836512310_1efcaa671ad7bd34cff17a864fcc081a-600x601.jpg 600w, https:\/\/cungtenhanoi.com\/wp-content\/uploads\/2025\/04\/z4570836512310_1efcaa671ad7bd34cff17a864fcc081a-100x100.jpg 100w, https:\/\/cungtenhanoi.com\/wp-content\/uploads\/2025\/04\/z4570836512310_1efcaa671ad7bd34cff17a864fcc081a-64x64.jpg 64w, https:\/\/cungtenhanoi.com\/wp-content\/uploads\/2025\/04\/z4570836512310_1efcaa671ad7bd34cff17a864fcc081a.jpg 1242w\" sizes=\"(max-width: 399px) 100vw, 399px\" \/><\/p>\n<p>&nbsp;<\/p>\n","protected":false},"excerpt":{"rendered":"<p>T\u00ean 6.2mm ph\u00f9 h\u1ee3p v\u1edbi cung1 d\u00e2y v\u00e0 cung l\u1ef1c nh\u1eb9. M\u00e0u random &nbsp;<\/p>\n","protected":false},"featured_media":16033,"comment_status":"open","ping_status":"closed","template":"","meta":[],"product_cat":[24],"product_tag":[198,1396,86,1394,257,1397,1392,1387,1395,313,59,1374,1380],"acf":[],"yoast_head":"<!-- This site is optimized with the Yoast SEO plugin v19.8 - https:\/\/yoast.com\/wordpress\/plugins\/seo\/ -->\n<title>M\u0169i T\u00ean Fiber Glass - Cung T\u00ean H\u00e0 N\u1ed9i<\/title>\n<meta name=\"description\" content=\"mua cung t\u00ean th\u1ec3 thao, mua cung t\u00ean t\u1ea1i h\u00e0 n\u1ed9i, cung tr\u1ee3 l\u1ef1c, cung compound, cung t\u00ean ch\u00ednh h\u00e3ng, cung t\u00ean m\u1ea1nh,cung t\u00ean h\u00e0 n\u1ed9i, cung t\u00ean , mua cung t\u00ean S\u00e0i g\u00f2n , mua m\u0169i t\u00ean b\u1eafn cung\" \/>\n<meta name=\"robots\" content=\"index, follow, max-snippet:-1, max-image-preview:large, max-video-preview:-1\" \/>\n<link rel=\"canonical\" href=\"https:\/\/cungtenhanoi.com\/?product=mui-ten-fiber-glass\" \/>\n<meta property=\"og:locale\" content=\"vi_VN\" \/>\n<meta property=\"og:type\" content=\"article\" \/>\n<meta property=\"og:title\" content=\"M\u0169i T\u00ean Fiber Glass - Cung T\u00ean H\u00e0 N\u1ed9i\" \/>\n<meta property=\"og:description\" content=\"mua cung t\u00ean th\u1ec3 thao, mua cung t\u00ean t\u1ea1i h\u00e0 n\u1ed9i, cung tr\u1ee3 l\u1ef1c, cung compound, cung t\u00ean ch\u00ednh h\u00e3ng, cung t\u00ean m\u1ea1nh,cung t\u00ean h\u00e0 n\u1ed9i, cung t\u00ean , mua cung t\u00ean S\u00e0i g\u00f2n , mua m\u0169i t\u00ean b\u1eafn cung\" \/>\n<meta property=\"og:url\" content=\"https:\/\/cungtenhanoi.com\/?product=mui-ten-fiber-glass\" \/>\n<meta property=\"og:site_name\" content=\"Cung T\u00ean H\u00e0 N\u1ed9i\" \/>\n<meta property=\"article:modified_time\" content=\"2026-05-09T13:34:25+00:00\" \/>\n<meta property=\"og:image\" content=\"https:\/\/cungtenhanoi.com\/wp-content\/uploads\/2025\/04\/z4570836512310_1efcaa671ad7bd34cff17a864fcc081a.jpg\" \/>\n\t<meta property=\"og:image:width\" content=\"1242\" \/>\n\t<meta property=\"og:image:height\" content=\"1244\" \/>\n\t<meta property=\"og:image:type\" content=\"image\/jpeg\" \/>\n<meta name=\"twitter:card\" content=\"summary_large_image\" \/>\n<meta name=\"twitter:label1\" content=\"\u01af\u1edbc t\u00ednh th\u1eddi gian \u0111\u1ecdc\" \/>\n\t<meta name=\"twitter:data1\" content=\"1 ph\u00fat\" \/>\n<script type=\"application\/ld+json\" class=\"yoast-schema-graph\">{\"@context\":\"https:\/\/schema.org\",\"@graph\":[{\"@type\":\"WebPage\",\"@id\":\"https:\/\/cungtenhanoi.com\/?product=mui-ten-fiber-glass\",\"url\":\"https:\/\/cungtenhanoi.com\/?product=mui-ten-fiber-glass\",\"name\":\"M\u0169i T\u00ean Fiber Glass - Cung T\u00ean H\u00e0 N\u1ed9i\",\"isPartOf\":{\"@id\":\"https:\/\/cungtenhanoi.com\/#website\"},\"datePublished\":\"2025-04-20T06:50:35+00:00\",\"dateModified\":\"2026-05-09T13:34:25+00:00\",\"description\":\"mua cung t\u00ean th\u1ec3 thao, mua cung t\u00ean t\u1ea1i h\u00e0 n\u1ed9i, cung tr\u1ee3 l\u1ef1c, cung compound, cung t\u00ean ch\u00ednh h\u00e3ng, cung t\u00ean m\u1ea1nh,cung t\u00ean h\u00e0 n\u1ed9i, cung t\u00ean , mua cung t\u00ean S\u00e0i g\u00f2n , mua m\u0169i t\u00ean b\u1eafn cung\",\"breadcrumb\":{\"@id\":\"https:\/\/cungtenhanoi.com\/?product=mui-ten-fiber-glass#breadcrumb\"},\"inLanguage\":\"vi\",\"potentialAction\":[{\"@type\":\"ReadAction\",\"target\":[\"https:\/\/cungtenhanoi.com\/?product=mui-ten-fiber-glass\"]}]},{\"@type\":\"BreadcrumbList\",\"@id\":\"https:\/\/cungtenhanoi.com\/?product=mui-ten-fiber-glass#breadcrumb\",\"itemListElement\":[{\"@type\":\"ListItem\",\"position\":1,\"name\":\"Trang ch\u1ee7\",\"item\":\"https:\/\/cungtenhanoi.com\/\"},{\"@type\":\"ListItem\",\"position\":2,\"name\":\"Shop\",\"item\":\"https:\/\/cungtenhanoi.com\/?page_id=6\"},{\"@type\":\"ListItem\",\"position\":3,\"name\":\"T\u00ean\",\"item\":\"https:\/\/cungtenhanoi.com\/danh-muc\/ten\/\"},{\"@type\":\"ListItem\",\"position\":4,\"name\":\"M\u0169i T\u00ean Fiber Glass\"}]},{\"@type\":\"WebSite\",\"@id\":\"https:\/\/cungtenhanoi.com\/#website\",\"url\":\"https:\/\/cungtenhanoi.com\/\",\"name\":\"Cung T\u00ean H\u00e0 N\u1ed9i\",\"description\":\"Cung c\u1ea5p c\u00e1c lo\u1ea1i cung t\u00ean th\u1ec3 thao s\u1ed1 1 Vi\u1ec7t Nam\",\"publisher\":{\"@id\":\"https:\/\/cungtenhanoi.com\/#organization\"},\"potentialAction\":[{\"@type\":\"SearchAction\",\"target\":{\"@type\":\"EntryPoint\",\"urlTemplate\":\"https:\/\/cungtenhanoi.com\/?s={search_term_string}\"},\"query-input\":\"required name=search_term_string\"}],\"inLanguage\":\"vi\"},{\"@type\":\"Organization\",\"@id\":\"https:\/\/cungtenhanoi.com\/#organization\",\"name\":\"Cung T\u00ean H\u00e0 N\u1ed9i\",\"url\":\"https:\/\/cungtenhanoi.com\/\",\"sameAs\":[],\"logo\":{\"@type\":\"ImageObject\",\"inLanguage\":\"vi\",\"@id\":\"https:\/\/cungtenhanoi.com\/#\/schema\/logo\/image\/\",\"url\":\"https:\/\/cungtenhanoi.com\/wp-content\/uploads\/2025\/05\/logo-den-trang.jpg\",\"contentUrl\":\"https:\/\/cungtenhanoi.com\/wp-content\/uploads\/2025\/05\/logo-den-trang.jpg\",\"width\":450,\"height\":450,\"caption\":\"Cung T\u00ean H\u00e0 N\u1ed9i\"},\"image\":{\"@id\":\"https:\/\/cungtenhanoi.com\/#\/schema\/logo\/image\/\"}}]}<\/script>\n<!-- \/ Yoast SEO plugin. -->","yoast_head_json":{"title":"M\u0169i T\u00ean Fiber Glass - Cung T\u00ean H\u00e0 N\u1ed9i","description":"mua cung t\u00ean th\u1ec3 thao, mua cung t\u00ean t\u1ea1i h\u00e0 n\u1ed9i, cung tr\u1ee3 l\u1ef1c, cung compound, cung t\u00ean ch\u00ednh h\u00e3ng, cung t\u00ean m\u1ea1nh,cung t\u00ean h\u00e0 n\u1ed9i, cung t\u00ean , mua cung t\u00ean S\u00e0i g\u00f2n , mua m\u0169i t\u00ean b\u1eafn cung","robots":{"index":"index","follow":"follow","max-snippet":"max-snippet:-1","max-image-preview":"max-image-preview:large","max-video-preview":"max-video-preview:-1"},"canonical":"https:\/\/cungtenhanoi.com\/?product=mui-ten-fiber-glass","og_locale":"vi_VN","og_type":"article","og_title":"M\u0169i T\u00ean Fiber Glass - Cung T\u00ean H\u00e0 N\u1ed9i","og_description":"mua cung t\u00ean th\u1ec3 thao, mua cung t\u00ean t\u1ea1i h\u00e0 n\u1ed9i, cung tr\u1ee3 l\u1ef1c, cung compound, cung t\u00ean ch\u00ednh h\u00e3ng, cung t\u00ean m\u1ea1nh,cung t\u00ean h\u00e0 n\u1ed9i, cung t\u00ean , mua cung t\u00ean S\u00e0i g\u00f2n , mua m\u0169i t\u00ean b\u1eafn cung","og_url":"https:\/\/cungtenhanoi.com\/?product=mui-ten-fiber-glass","og_site_name":"Cung T\u00ean H\u00e0 N\u1ed9i","article_modified_time":"2026-05-09T13:34:25+00:00","og_image":[{"width":1242,"height":1244,"url":"https:\/\/cungtenhanoi.com\/wp-content\/uploads\/2025\/04\/z4570836512310_1efcaa671ad7bd34cff17a864fcc081a.jpg","type":"image\/jpeg"}],"twitter_card":"summary_large_image","twitter_misc":{"\u01af\u1edbc t\u00ednh th\u1eddi gian \u0111\u1ecdc":"1 ph\u00fat"},"schema":{"@context":"https:\/\/schema.org","@graph":[{"@type":"WebPage","@id":"https:\/\/cungtenhanoi.com\/?product=mui-ten-fiber-glass","url":"https:\/\/cungtenhanoi.com\/?product=mui-ten-fiber-glass","name":"M\u0169i T\u00ean Fiber Glass - Cung T\u00ean H\u00e0 N\u1ed9i","isPartOf":{"@id":"https:\/\/cungtenhanoi.com\/#website"},"datePublished":"2025-04-20T06:50:35+00:00","dateModified":"2026-05-09T13:34:25+00:00","description":"mua cung t\u00ean th\u1ec3 thao, mua cung t\u00ean t\u1ea1i h\u00e0 n\u1ed9i, cung tr\u1ee3 l\u1ef1c, cung compound, cung t\u00ean ch\u00ednh h\u00e3ng, cung t\u00ean m\u1ea1nh,cung t\u00ean h\u00e0 n\u1ed9i, cung t\u00ean , mua cung t\u00ean S\u00e0i g\u00f2n , mua m\u0169i t\u00ean b\u1eafn cung","breadcrumb":{"@id":"https:\/\/cungtenhanoi.com\/?product=mui-ten-fiber-glass#breadcrumb"},"inLanguage":"vi","potentialAction":[{"@type":"ReadAction","target":["https:\/\/cungtenhanoi.com\/?product=mui-ten-fiber-glass"]}]},{"@type":"BreadcrumbList","@id":"https:\/\/cungtenhanoi.com\/?product=mui-ten-fiber-glass#breadcrumb","itemListElement":[{"@type":"ListItem","position":1,"name":"Trang ch\u1ee7","item":"https:\/\/cungtenhanoi.com\/"},{"@type":"ListItem","position":2,"name":"Shop","item":"https:\/\/cungtenhanoi.com\/?page_id=6"},{"@type":"ListItem","position":3,"name":"T\u00ean","item":"https:\/\/cungtenhanoi.com\/danh-muc\/ten\/"},{"@type":"ListItem","position":4,"name":"M\u0169i T\u00ean Fiber Glass"}]},{"@type":"WebSite","@id":"https:\/\/cungtenhanoi.com\/#website","url":"https:\/\/cungtenhanoi.com\/","name":"Cung T\u00ean H\u00e0 N\u1ed9i","description":"Cung c\u1ea5p c\u00e1c lo\u1ea1i cung t\u00ean th\u1ec3 thao s\u1ed1 1 Vi\u1ec7t Nam","publisher":{"@id":"https:\/\/cungtenhanoi.com\/#organization"},"potentialAction":[{"@type":"SearchAction","target":{"@type":"EntryPoint","urlTemplate":"https:\/\/cungtenhanoi.com\/?s={search_term_string}"},"query-input":"required name=search_term_string"}],"inLanguage":"vi"},{"@type":"Organization","@id":"https:\/\/cungtenhanoi.com\/#organization","name":"Cung T\u00ean H\u00e0 N\u1ed9i","url":"https:\/\/cungtenhanoi.com\/","sameAs":[],"logo":{"@type":"ImageObject","inLanguage":"vi","@id":"https:\/\/cungtenhanoi.com\/#\/schema\/logo\/image\/","url":"https:\/\/cungtenhanoi.com\/wp-content\/uploads\/2025\/05\/logo-den-trang.jpg","contentUrl":"https:\/\/cungtenhanoi.com\/wp-content\/uploads\/2025\/05\/logo-den-trang.jpg","width":450,"height":450,"caption":"Cung T\u00ean H\u00e0 N\u1ed9i"},"image":{"@id":"https:\/\/cungtenhanoi.com\/#\/schema\/logo\/image\/"}}]}},"_links":{"self":[{"href":"https:\/\/cungtenhanoi.com\/index.php?rest_route=\/wp\/v2\/product\/16032"}],"collection":[{"href":"https:\/\/cungtenhanoi.com\/index.php?rest_route=\/wp\/v2\/product"}],"about":[{"href":"https:\/\/cungtenhanoi.com\/index.php?rest_route=\/wp\/v2\/types\/product"}],"replies":[{"embeddable":true,"href":"https:\/\/cungtenhanoi.com\/index.php?rest_route=%2Fwp%2Fv2%2Fcomments&post=16032"}],"wp:featuredmedia":[{"embeddable":true,"href":"https:\/\/cungtenhanoi.com\/index.php?rest_route=\/wp\/v2\/media\/16033"}],"wp:attachment":[{"href":"https:\/\/cungtenhanoi.com\/index.php?rest_route=%2Fwp%2Fv2%2Fmedia&parent=16032"}],"wp:term":[{"taxonomy":"product_cat","embeddable":true,"href":"https:\/\/cungtenhanoi.com\/index.php?rest_route=%2Fwp%2Fv2%2Fproduct_cat&post=16032"},{"taxonomy":"product_tag","embeddable":true,"href":"https:\/\/cungtenhanoi.com\/index.php?rest_route=%2Fwp%2Fv2%2Fproduct_tag&post=16032"}],"curies":[{"name":"wp","href":"https:\/\/api.w.org\/{rel}","templated":true}]}}