{"id":16085,"date":"2025-04-27T20:42:14","date_gmt":"2025-04-27T13:42:14","guid":{"rendered":"https:\/\/cungtenhanoi.com\/?post_type=product&#038;p=16085"},"modified":"2025-08-09T13:46:24","modified_gmt":"2025-08-09T06:46:24","slug":"cung-compound-3-day-apa-mamba-pro","status":"publish","type":"product","link":"https:\/\/cungtenhanoi.com\/?product=cung-compound-3-day-apa-mamba-pro","title":{"rendered":"Cung compound 3 d\u00e2y Apa Mamba Pro"},"content":{"rendered":"<p><img loading=\"lazy\" class=\"size-medium wp-image-16086 aligncenter\" src=\"https:\/\/cungtenhanoi.com\/wp-content\/uploads\/2025\/04\/IMG_0643-225x400.jpeg\" alt=\"\" width=\"225\" height=\"400\" srcset=\"https:\/\/cungtenhanoi.com\/wp-content\/uploads\/2025\/04\/IMG_0643-225x400.jpeg 225w, https:\/\/cungtenhanoi.com\/wp-content\/uploads\/2025\/04\/IMG_0643-450x800.jpeg 450w, https:\/\/cungtenhanoi.com\/wp-content\/uploads\/2025\/04\/IMG_0643-768x1365.jpeg 768w, https:\/\/cungtenhanoi.com\/wp-content\/uploads\/2025\/04\/IMG_0643-864x1536.jpeg 864w, https:\/\/cungtenhanoi.com\/wp-content\/uploads\/2025\/04\/IMG_0643-600x1067.jpeg 600w, https:\/\/cungtenhanoi.com\/wp-content\/uploads\/2025\/04\/IMG_0643-64x114.jpeg 64w, https:\/\/cungtenhanoi.com\/wp-content\/uploads\/2025\/04\/IMG_0643.jpeg 1080w\" sizes=\"(max-width: 225px) 100vw, 225px\" \/> <img loading=\"lazy\" class=\"size-medium wp-image-16087 aligncenter\" src=\"https:\/\/cungtenhanoi.com\/wp-content\/uploads\/2025\/04\/IMG_0644-225x400.jpeg\" alt=\"\" width=\"225\" height=\"400\" srcset=\"https:\/\/cungtenhanoi.com\/wp-content\/uploads\/2025\/04\/IMG_0644-225x400.jpeg 225w, https:\/\/cungtenhanoi.com\/wp-content\/uploads\/2025\/04\/IMG_0644-450x800.jpeg 450w, https:\/\/cungtenhanoi.com\/wp-content\/uploads\/2025\/04\/IMG_0644-768x1365.jpeg 768w, https:\/\/cungtenhanoi.com\/wp-content\/uploads\/2025\/04\/IMG_0644-864x1536.jpeg 864w, https:\/\/cungtenhanoi.com\/wp-content\/uploads\/2025\/04\/IMG_0644-600x1067.jpeg 600w, https:\/\/cungtenhanoi.com\/wp-content\/uploads\/2025\/04\/IMG_0644-64x114.jpeg 64w, https:\/\/cungtenhanoi.com\/wp-content\/uploads\/2025\/04\/IMG_0644.jpeg 1080w\" sizes=\"(max-width: 225px) 100vw, 225px\" \/> <img loading=\"lazy\" class=\"size-medium wp-image-16090 aligncenter\" style=\"font-size: 14.4px;\" src=\"https:\/\/cungtenhanoi.com\/wp-content\/uploads\/2025\/04\/IMG_0647-403x400.jpeg\" alt=\"\" width=\"403\" height=\"400\" srcset=\"https:\/\/cungtenhanoi.com\/wp-content\/uploads\/2025\/04\/IMG_0647-403x400.jpeg 403w, https:\/\/cungtenhanoi.com\/wp-content\/uploads\/2025\/04\/IMG_0647-807x800.jpeg 807w, https:\/\/cungtenhanoi.com\/wp-content\/uploads\/2025\/04\/IMG_0647-768x762.jpeg 768w, https:\/\/cungtenhanoi.com\/wp-content\/uploads\/2025\/04\/IMG_0647-45x45.jpeg 45w, https:\/\/cungtenhanoi.com\/wp-content\/uploads\/2025\/04\/IMG_0647-600x595.jpeg 600w, https:\/\/cungtenhanoi.com\/wp-content\/uploads\/2025\/04\/IMG_0647-100x100.jpeg 100w, https:\/\/cungtenhanoi.com\/wp-content\/uploads\/2025\/04\/IMG_0647-64x63.jpeg 64w, https:\/\/cungtenhanoi.com\/wp-content\/uploads\/2025\/04\/IMG_0647.jpeg 980w\" sizes=\"(max-width: 403px) 100vw, 403px\" \/><img loading=\"lazy\" class=\"size-medium wp-image-16088 aligncenter\" src=\"https:\/\/cungtenhanoi.com\/wp-content\/uploads\/2025\/04\/IMG_0645-604x400.jpeg\" alt=\"\" width=\"604\" height=\"400\" srcset=\"https:\/\/cungtenhanoi.com\/wp-content\/uploads\/2025\/04\/IMG_0645-604x400.jpeg 604w, https:\/\/cungtenhanoi.com\/wp-content\/uploads\/2025\/04\/IMG_0645-1208x800.jpeg 1208w, https:\/\/cungtenhanoi.com\/wp-content\/uploads\/2025\/04\/IMG_0645-768x509.jpeg 768w, https:\/\/cungtenhanoi.com\/wp-content\/uploads\/2025\/04\/IMG_0645-1536x1017.jpeg 1536w, https:\/\/cungtenhanoi.com\/wp-content\/uploads\/2025\/04\/IMG_0645-600x397.jpeg 600w, https:\/\/cungtenhanoi.com\/wp-content\/uploads\/2025\/04\/IMG_0645-64x42.jpeg 64w, https:\/\/cungtenhanoi.com\/wp-content\/uploads\/2025\/04\/IMG_0645.jpeg 1730w\" sizes=\"(max-width: 604px) 100vw, 604px\" \/> <img loading=\"lazy\" class=\"size-medium wp-image-16089 aligncenter\" src=\"https:\/\/cungtenhanoi.com\/wp-content\/uploads\/2025\/04\/IMG_0646-611x400.jpeg\" alt=\"\" width=\"611\" height=\"400\" srcset=\"https:\/\/cungtenhanoi.com\/wp-content\/uploads\/2025\/04\/IMG_0646-611x400.jpeg 611w, https:\/\/cungtenhanoi.com\/wp-content\/uploads\/2025\/04\/IMG_0646-1222x800.jpeg 1222w, https:\/\/cungtenhanoi.com\/wp-content\/uploads\/2025\/04\/IMG_0646-768x503.jpeg 768w, https:\/\/cungtenhanoi.com\/wp-content\/uploads\/2025\/04\/IMG_0646-1536x1005.jpeg 1536w, https:\/\/cungtenhanoi.com\/wp-content\/uploads\/2025\/04\/IMG_0646-600x393.jpeg 600w, https:\/\/cungtenhanoi.com\/wp-content\/uploads\/2025\/04\/IMG_0646-64x42.jpeg 64w, https:\/\/cungtenhanoi.com\/wp-content\/uploads\/2025\/04\/IMG_0646.jpeg 1760w\" sizes=\"(max-width: 611px) 100vw, 611px\" \/> <img loading=\"lazy\" class=\" wp-image-16091 aligncenter\" style=\"font-size: 14.4px;\" src=\"https:\/\/cungtenhanoi.com\/wp-content\/uploads\/2025\/04\/IMG_0648-619x400.jpeg\" alt=\"\" width=\"613\" height=\"396\" srcset=\"https:\/\/cungtenhanoi.com\/wp-content\/uploads\/2025\/04\/IMG_0648-619x400.jpeg 619w, https:\/\/cungtenhanoi.com\/wp-content\/uploads\/2025\/04\/IMG_0648-1239x800.jpeg 1239w, https:\/\/cungtenhanoi.com\/wp-content\/uploads\/2025\/04\/IMG_0648-768x496.jpeg 768w, https:\/\/cungtenhanoi.com\/wp-content\/uploads\/2025\/04\/IMG_0648-1536x992.jpeg 1536w, https:\/\/cungtenhanoi.com\/wp-content\/uploads\/2025\/04\/IMG_0648-600x388.jpeg 600w, https:\/\/cungtenhanoi.com\/wp-content\/uploads\/2025\/04\/IMG_0648-64x41.jpeg 64w, https:\/\/cungtenhanoi.com\/wp-content\/uploads\/2025\/04\/IMG_0648.jpeg 1762w\" sizes=\"(max-width: 613px) 100vw, 613px\" \/><\/p>\n","protected":false},"excerpt":{"rendered":"","protected":false},"featured_media":16090,"comment_status":"open","ping_status":"closed","template":"","meta":[],"product_cat":[17],"product_tag":[198,34,413,1394,257,1392,313,1393],"acf":[],"yoast_head":"<!-- This site is optimized with the Yoast SEO plugin v19.8 - https:\/\/yoast.com\/wordpress\/plugins\/seo\/ -->\n<title>Cung compound 3 d\u00e2y Apa Mamba Pro - Cung T\u00ean H\u00e0 N\u1ed9i<\/title>\n<meta name=\"description\" content=\"mua cung t\u00ean th\u1ec3 thao, mua cung t\u00ean t\u1ea1i h\u00e0 n\u1ed9i, cung tr\u1ee3 l\u1ef1c, cung compound, cung t\u00ean ch\u00ednh h\u00e3ng, cung t\u00ean m\u1ea1nh,cung t\u00ean h\u00e0 n\u1ed9i, cung t\u00ean , mua cung t\u00ean S\u00e0i g\u00f2n\" \/>\n<meta name=\"robots\" content=\"index, follow, max-snippet:-1, max-image-preview:large, max-video-preview:-1\" \/>\n<link rel=\"canonical\" href=\"https:\/\/cungtenhanoi.com\/?product=cung-compound-3-day-apa-mamba-pro\" \/>\n<meta property=\"og:locale\" content=\"vi_VN\" \/>\n<meta property=\"og:type\" content=\"article\" \/>\n<meta property=\"og:title\" content=\"Cung compound 3 d\u00e2y Apa Mamba Pro - Cung T\u00ean H\u00e0 N\u1ed9i\" \/>\n<meta property=\"og:description\" content=\"mua cung t\u00ean th\u1ec3 thao, mua cung t\u00ean t\u1ea1i h\u00e0 n\u1ed9i, cung tr\u1ee3 l\u1ef1c, cung compound, cung t\u00ean ch\u00ednh h\u00e3ng, cung t\u00ean m\u1ea1nh,cung t\u00ean h\u00e0 n\u1ed9i, cung t\u00ean , mua cung t\u00ean S\u00e0i g\u00f2n\" \/>\n<meta property=\"og:url\" content=\"https:\/\/cungtenhanoi.com\/?product=cung-compound-3-day-apa-mamba-pro\" \/>\n<meta property=\"og:site_name\" content=\"Cung T\u00ean H\u00e0 N\u1ed9i\" \/>\n<meta property=\"article:modified_time\" content=\"2025-08-09T06:46:24+00:00\" \/>\n<meta property=\"og:image\" content=\"https:\/\/cungtenhanoi.com\/wp-content\/uploads\/2025\/04\/IMG_0647.jpeg\" \/>\n\t<meta property=\"og:image:width\" content=\"980\" \/>\n\t<meta property=\"og:image:height\" content=\"972\" \/>\n\t<meta property=\"og:image:type\" content=\"image\/jpeg\" \/>\n<meta name=\"twitter:card\" content=\"summary_large_image\" \/>\n<meta name=\"twitter:label1\" content=\"\u01af\u1edbc t\u00ednh th\u1eddi gian \u0111\u1ecdc\" \/>\n\t<meta name=\"twitter:data1\" content=\"2 ph\u00fat\" \/>\n<script type=\"application\/ld+json\" class=\"yoast-schema-graph\">{\"@context\":\"https:\/\/schema.org\",\"@graph\":[{\"@type\":\"WebPage\",\"@id\":\"https:\/\/cungtenhanoi.com\/?product=cung-compound-3-day-apa-mamba-pro\",\"url\":\"https:\/\/cungtenhanoi.com\/?product=cung-compound-3-day-apa-mamba-pro\",\"name\":\"Cung compound 3 d\u00e2y Apa Mamba Pro - Cung T\u00ean H\u00e0 N\u1ed9i\",\"isPartOf\":{\"@id\":\"https:\/\/cungtenhanoi.com\/#website\"},\"datePublished\":\"2025-04-27T13:42:14+00:00\",\"dateModified\":\"2025-08-09T06:46:24+00:00\",\"description\":\"mua cung t\u00ean th\u1ec3 thao, mua cung t\u00ean t\u1ea1i h\u00e0 n\u1ed9i, cung tr\u1ee3 l\u1ef1c, cung compound, cung t\u00ean ch\u00ednh h\u00e3ng, cung t\u00ean m\u1ea1nh,cung t\u00ean h\u00e0 n\u1ed9i, cung t\u00ean , mua cung t\u00ean S\u00e0i g\u00f2n\",\"breadcrumb\":{\"@id\":\"https:\/\/cungtenhanoi.com\/?product=cung-compound-3-day-apa-mamba-pro#breadcrumb\"},\"inLanguage\":\"vi\",\"potentialAction\":[{\"@type\":\"ReadAction\",\"target\":[\"https:\/\/cungtenhanoi.com\/?product=cung-compound-3-day-apa-mamba-pro\"]}]},{\"@type\":\"BreadcrumbList\",\"@id\":\"https:\/\/cungtenhanoi.com\/?product=cung-compound-3-day-apa-mamba-pro#breadcrumb\",\"itemListElement\":[{\"@type\":\"ListItem\",\"position\":1,\"name\":\"Trang ch\u1ee7\",\"item\":\"https:\/\/cungtenhanoi.com\/\"},{\"@type\":\"ListItem\",\"position\":2,\"name\":\"Shop\",\"item\":\"https:\/\/cungtenhanoi.com\/?page_id=6\"},{\"@type\":\"ListItem\",\"position\":3,\"name\":\"Cung\",\"item\":\"https:\/\/cungtenhanoi.com\/danh-muc\/cung\/\"},{\"@type\":\"ListItem\",\"position\":4,\"name\":\"Cung compound 3 d\u00e2y Apa Mamba Pro\"}]},{\"@type\":\"WebSite\",\"@id\":\"https:\/\/cungtenhanoi.com\/#website\",\"url\":\"https:\/\/cungtenhanoi.com\/\",\"name\":\"Cung T\u00ean H\u00e0 N\u1ed9i\",\"description\":\"Cung c\u1ea5p c\u00e1c lo\u1ea1i cung t\u00ean th\u1ec3 thao s\u1ed1 1 Vi\u1ec7t Nam\",\"publisher\":{\"@id\":\"https:\/\/cungtenhanoi.com\/#organization\"},\"potentialAction\":[{\"@type\":\"SearchAction\",\"target\":{\"@type\":\"EntryPoint\",\"urlTemplate\":\"https:\/\/cungtenhanoi.com\/?s={search_term_string}\"},\"query-input\":\"required name=search_term_string\"}],\"inLanguage\":\"vi\"},{\"@type\":\"Organization\",\"@id\":\"https:\/\/cungtenhanoi.com\/#organization\",\"name\":\"Cung T\u00ean H\u00e0 N\u1ed9i\",\"url\":\"https:\/\/cungtenhanoi.com\/\",\"sameAs\":[],\"logo\":{\"@type\":\"ImageObject\",\"inLanguage\":\"vi\",\"@id\":\"https:\/\/cungtenhanoi.com\/#\/schema\/logo\/image\/\",\"url\":\"https:\/\/cungtenhanoi.com\/wp-content\/uploads\/2025\/05\/logo-den-trang.jpg\",\"contentUrl\":\"https:\/\/cungtenhanoi.com\/wp-content\/uploads\/2025\/05\/logo-den-trang.jpg\",\"width\":450,\"height\":450,\"caption\":\"Cung T\u00ean H\u00e0 N\u1ed9i\"},\"image\":{\"@id\":\"https:\/\/cungtenhanoi.com\/#\/schema\/logo\/image\/\"}}]}<\/script>\n<!-- \/ Yoast SEO plugin. -->","yoast_head_json":{"title":"Cung compound 3 d\u00e2y Apa Mamba Pro - Cung T\u00ean H\u00e0 N\u1ed9i","description":"mua cung t\u00ean th\u1ec3 thao, mua cung t\u00ean t\u1ea1i h\u00e0 n\u1ed9i, cung tr\u1ee3 l\u1ef1c, cung compound, cung t\u00ean ch\u00ednh h\u00e3ng, cung t\u00ean m\u1ea1nh,cung t\u00ean h\u00e0 n\u1ed9i, cung t\u00ean , mua cung t\u00ean S\u00e0i g\u00f2n","robots":{"index":"index","follow":"follow","max-snippet":"max-snippet:-1","max-image-preview":"max-image-preview:large","max-video-preview":"max-video-preview:-1"},"canonical":"https:\/\/cungtenhanoi.com\/?product=cung-compound-3-day-apa-mamba-pro","og_locale":"vi_VN","og_type":"article","og_title":"Cung compound 3 d\u00e2y Apa Mamba Pro - Cung T\u00ean H\u00e0 N\u1ed9i","og_description":"mua cung t\u00ean th\u1ec3 thao, mua cung t\u00ean t\u1ea1i h\u00e0 n\u1ed9i, cung tr\u1ee3 l\u1ef1c, cung compound, cung t\u00ean ch\u00ednh h\u00e3ng, cung t\u00ean m\u1ea1nh,cung t\u00ean h\u00e0 n\u1ed9i, cung t\u00ean , mua cung t\u00ean S\u00e0i g\u00f2n","og_url":"https:\/\/cungtenhanoi.com\/?product=cung-compound-3-day-apa-mamba-pro","og_site_name":"Cung T\u00ean H\u00e0 N\u1ed9i","article_modified_time":"2025-08-09T06:46:24+00:00","og_image":[{"width":980,"height":972,"url":"https:\/\/cungtenhanoi.com\/wp-content\/uploads\/2025\/04\/IMG_0647.jpeg","type":"image\/jpeg"}],"twitter_card":"summary_large_image","twitter_misc":{"\u01af\u1edbc t\u00ednh th\u1eddi gian \u0111\u1ecdc":"2 ph\u00fat"},"schema":{"@context":"https:\/\/schema.org","@graph":[{"@type":"WebPage","@id":"https:\/\/cungtenhanoi.com\/?product=cung-compound-3-day-apa-mamba-pro","url":"https:\/\/cungtenhanoi.com\/?product=cung-compound-3-day-apa-mamba-pro","name":"Cung compound 3 d\u00e2y Apa Mamba Pro - Cung T\u00ean H\u00e0 N\u1ed9i","isPartOf":{"@id":"https:\/\/cungtenhanoi.com\/#website"},"datePublished":"2025-04-27T13:42:14+00:00","dateModified":"2025-08-09T06:46:24+00:00","description":"mua cung t\u00ean th\u1ec3 thao, mua cung t\u00ean t\u1ea1i h\u00e0 n\u1ed9i, cung tr\u1ee3 l\u1ef1c, cung compound, cung t\u00ean ch\u00ednh h\u00e3ng, cung t\u00ean m\u1ea1nh,cung t\u00ean h\u00e0 n\u1ed9i, cung t\u00ean , mua cung t\u00ean S\u00e0i g\u00f2n","breadcrumb":{"@id":"https:\/\/cungtenhanoi.com\/?product=cung-compound-3-day-apa-mamba-pro#breadcrumb"},"inLanguage":"vi","potentialAction":[{"@type":"ReadAction","target":["https:\/\/cungtenhanoi.com\/?product=cung-compound-3-day-apa-mamba-pro"]}]},{"@type":"BreadcrumbList","@id":"https:\/\/cungtenhanoi.com\/?product=cung-compound-3-day-apa-mamba-pro#breadcrumb","itemListElement":[{"@type":"ListItem","position":1,"name":"Trang ch\u1ee7","item":"https:\/\/cungtenhanoi.com\/"},{"@type":"ListItem","position":2,"name":"Shop","item":"https:\/\/cungtenhanoi.com\/?page_id=6"},{"@type":"ListItem","position":3,"name":"Cung","item":"https:\/\/cungtenhanoi.com\/danh-muc\/cung\/"},{"@type":"ListItem","position":4,"name":"Cung compound 3 d\u00e2y Apa Mamba Pro"}]},{"@type":"WebSite","@id":"https:\/\/cungtenhanoi.com\/#website","url":"https:\/\/cungtenhanoi.com\/","name":"Cung T\u00ean H\u00e0 N\u1ed9i","description":"Cung c\u1ea5p c\u00e1c lo\u1ea1i cung t\u00ean th\u1ec3 thao s\u1ed1 1 Vi\u1ec7t Nam","publisher":{"@id":"https:\/\/cungtenhanoi.com\/#organization"},"potentialAction":[{"@type":"SearchAction","target":{"@type":"EntryPoint","urlTemplate":"https:\/\/cungtenhanoi.com\/?s={search_term_string}"},"query-input":"required name=search_term_string"}],"inLanguage":"vi"},{"@type":"Organization","@id":"https:\/\/cungtenhanoi.com\/#organization","name":"Cung T\u00ean H\u00e0 N\u1ed9i","url":"https:\/\/cungtenhanoi.com\/","sameAs":[],"logo":{"@type":"ImageObject","inLanguage":"vi","@id":"https:\/\/cungtenhanoi.com\/#\/schema\/logo\/image\/","url":"https:\/\/cungtenhanoi.com\/wp-content\/uploads\/2025\/05\/logo-den-trang.jpg","contentUrl":"https:\/\/cungtenhanoi.com\/wp-content\/uploads\/2025\/05\/logo-den-trang.jpg","width":450,"height":450,"caption":"Cung T\u00ean H\u00e0 N\u1ed9i"},"image":{"@id":"https:\/\/cungtenhanoi.com\/#\/schema\/logo\/image\/"}}]}},"_links":{"self":[{"href":"https:\/\/cungtenhanoi.com\/index.php?rest_route=\/wp\/v2\/product\/16085"}],"collection":[{"href":"https:\/\/cungtenhanoi.com\/index.php?rest_route=\/wp\/v2\/product"}],"about":[{"href":"https:\/\/cungtenhanoi.com\/index.php?rest_route=\/wp\/v2\/types\/product"}],"replies":[{"embeddable":true,"href":"https:\/\/cungtenhanoi.com\/index.php?rest_route=%2Fwp%2Fv2%2Fcomments&post=16085"}],"wp:featuredmedia":[{"embeddable":true,"href":"https:\/\/cungtenhanoi.com\/index.php?rest_route=\/wp\/v2\/media\/16090"}],"wp:attachment":[{"href":"https:\/\/cungtenhanoi.com\/index.php?rest_route=%2Fwp%2Fv2%2Fmedia&parent=16085"}],"wp:term":[{"taxonomy":"product_cat","embeddable":true,"href":"https:\/\/cungtenhanoi.com\/index.php?rest_route=%2Fwp%2Fv2%2Fproduct_cat&post=16085"},{"taxonomy":"product_tag","embeddable":true,"href":"https:\/\/cungtenhanoi.com\/index.php?rest_route=%2Fwp%2Fv2%2Fproduct_tag&post=16085"}],"curies":[{"name":"wp","href":"https:\/\/api.w.org\/{rel}","templated":true}]}}