{"id":16225,"date":"2025-05-13T22:35:13","date_gmt":"2025-05-13T15:35:13","guid":{"rendered":"https:\/\/cungtenhanoi.com\/?post_type=product&#038;p=16225"},"modified":"2026-03-02T22:49:32","modified_gmt":"2026-03-02T15:49:32","slug":"https-cungtenhanoi-com-productcung-tro-luc-asg30","status":"publish","type":"product","link":"https:\/\/cungtenhanoi.com\/?product=https-cungtenhanoi-com-productcung-tro-luc-asg30","title":{"rendered":"Cung tr\u1ee3 l\u1ef1c ASG30"},"content":{"rendered":"<h2 class=\"\" style=\"text-align: center;\" data-start=\"178\" data-end=\"242\">Cung Tr\u1ee3 L\u1ef1c ASG 30 \u2013 Thi\u1ebft K\u1ebf Hi\u1ec7n \u0110\u1ea1i, Hi\u1ec7u N\u0103ng M\u1ea1nh M\u1ebd<\/h2>\n<h3 class=\"\" style=\"text-align: center;\" data-start=\"244\" data-end=\"302\">\u2705 Thi\u1ebft k\u1ebf c\u1ea3m h\u1ee9ng t\u1eeb PSE Mach 30 \u2013 \u0110\u1eadm ch\u1ea5t th\u1ec3 thao<\/h3>\n<p class=\"\" style=\"text-align: center;\" data-start=\"304\" data-end=\"593\">Cung tr\u1ee3 l\u1ef1c <strong data-start=\"317\" data-end=\"327\">ASG 30<\/strong> l\u00e0 l\u1ef1a ch\u1ecdn tuy\u1ec7t v\u1eddi cho ng\u01b0\u1eddi ch\u01a1i b\u00e1n chuy\u00ean ho\u1eb7c ng\u01b0\u1eddi m\u1edbi chuy\u1ec3n t\u1eeb cung recurve 1 d\u00e2y sang cung compound tr\u1ee3 l\u1ef1c. S\u1ea3n ph\u1ea9m mang \u0111\u1eadm h\u01a1i h\u01b0\u1edbng thi\u1ebft k\u1ebf t\u1eeb <strong data-start=\"479\" data-end=\"494\">PSE Mach 30<\/strong>, m\u1ed9t trong nh\u1eefng m\u1eabu cung n\u1ed5i b\u1eadt tr\u00ean th\u1ecb tr\u01b0\u1eddng M\u1ef9, v\u1edbi ki\u1ec3u d\u00e1ng g\u00f3c c\u1ea1nh, hi\u1ec7n \u0111\u1ea1i v\u00e0 m\u1ea1nh m\u1ebd.<\/p>\n<p style=\"text-align: center;\"><img loading=\"lazy\" class=\" wp-image-16226 aligncenter\" src=\"https:\/\/cungtenhanoi.com\/wp-content\/uploads\/2025\/05\/IMG_0360-354x400.jpeg\" alt=\"\" width=\"322\" height=\"364\" srcset=\"https:\/\/cungtenhanoi.com\/wp-content\/uploads\/2025\/05\/IMG_0360-354x400.jpeg 354w, https:\/\/cungtenhanoi.com\/wp-content\/uploads\/2025\/05\/IMG_0360-708x800.jpeg 708w, https:\/\/cungtenhanoi.com\/wp-content\/uploads\/2025\/05\/IMG_0360-768x867.jpeg 768w, https:\/\/cungtenhanoi.com\/wp-content\/uploads\/2025\/05\/IMG_0360-1360x1536.jpeg 1360w, https:\/\/cungtenhanoi.com\/wp-content\/uploads\/2025\/05\/IMG_0360-600x678.jpeg 600w, https:\/\/cungtenhanoi.com\/wp-content\/uploads\/2025\/05\/IMG_0360-64x72.jpeg 64w, https:\/\/cungtenhanoi.com\/wp-content\/uploads\/2025\/05\/IMG_0360.jpeg 1500w\" sizes=\"(max-width: 322px) 100vw, 322px\" \/><\/p>\n<h3 class=\"\" style=\"text-align: center;\" data-start=\"1193\" data-end=\"1233\">\u2699\ufe0f T\u00ednh n\u0103ng n\u1ed5i b\u1eadt c\u1ee7a Cung ASG 30<\/h3>\n<ul style=\"text-align: center;\" data-start=\"1235\" data-end=\"1731\">\n<li class=\"\" data-start=\"1235\" data-end=\"1378\">\n<p class=\"\" data-start=\"1237\" data-end=\"1378\"><strong data-start=\"1237\" data-end=\"1283\">Thi\u1ebft k\u1ebf hi\u1ec7n \u0111\u1ea1i, c\u1ea3m h\u1ee9ng t\u1eeb PSE Mach 30<\/strong><br data-start=\"1283\" data-end=\"1286\" \/>ASG 30 s\u1edf h\u1eefu b\u1ed9 khung ch\u1eafc ch\u1eafn, thon g\u1ecdn, t\u1ea1o c\u1ea3m gi\u00e1c chuy\u00ean nghi\u1ec7p, \u0111\u1eadm ch\u1ea5t th\u1ec3 thao.<\/p>\n<\/li>\n<li class=\"\" data-start=\"1380\" data-end=\"1510\">\n<p class=\"\" data-start=\"1382\" data-end=\"1510\"><strong data-start=\"1382\" data-end=\"1418\">Hi\u1ec7u n\u0103ng \u1ed5n \u0111\u1ecbnh, d\u1ec5 \u0111i\u1ec1u ch\u1ec9nh<\/strong><br data-start=\"1418\" data-end=\"1421\" \/>T\u00f9y ch\u1ec9nh l\u1ef1c k\u00e9o linh ho\u1ea1t ph\u00f9 h\u1ee3p v\u1edbi ng\u01b0\u1eddi m\u1edbi b\u1eaft \u0111\u1ea7u ho\u1eb7c ng\u01b0\u1eddi \u0111\u00e3 c\u00f3 kinh nghi\u1ec7m.<\/p>\n<\/li>\n<li class=\"\" data-start=\"1512\" data-end=\"1617\">\n<p class=\"\" data-start=\"1514\" data-end=\"1617\"><strong data-start=\"1514\" data-end=\"1535\">Tay c\u1ea7m ergonomic<\/strong><br data-start=\"1535\" data-end=\"1538\" \/>Thi\u1ebft k\u1ebf c\u00f4ng th\u00e1i h\u1ecdc gi\u00fap c\u1ea7m ch\u1eafc tay, gi\u1ea3m rung, t\u0103ng \u0111\u1ed9 \u1ed5n \u0111\u1ecbnh khi b\u1eafn.<\/p>\n<\/li>\n<li class=\"\" data-start=\"1619\" data-end=\"1731\">\n<p class=\"\" data-start=\"1621\" data-end=\"1731\"><strong data-start=\"1621\" data-end=\"1655\">Ph\u00f9 h\u1ee3p nhi\u1ec1u m\u1ee5c \u0111\u00edch s\u1eed d\u1ee5ng<\/strong><br data-start=\"1655\" data-end=\"1658\" \/>T\u1eeb luy\u1ec7n t\u1eadp th\u1ec3 thao, thi \u0111\u1ea5u, \u0111\u1ebfn b\u1eafn gi\u1ea3i tr\u00ed ho\u1eb7c hu\u1ea5n luy\u1ec7n t\u1ea1i c\u00e2u l\u1ea1c b\u1ed9.<\/p>\n<\/li>\n<\/ul>\n<p style=\"text-align: center;\"><img loading=\"lazy\" class=\" wp-image-16227 aligncenter\" src=\"https:\/\/cungtenhanoi.com\/wp-content\/uploads\/2025\/05\/IMG_0361-336x400.jpeg\" alt=\"\" width=\"322\" height=\"383\" srcset=\"https:\/\/cungtenhanoi.com\/wp-content\/uploads\/2025\/05\/IMG_0361-336x400.jpeg 336w, https:\/\/cungtenhanoi.com\/wp-content\/uploads\/2025\/05\/IMG_0361-673x800.jpeg 673w, https:\/\/cungtenhanoi.com\/wp-content\/uploads\/2025\/05\/IMG_0361-768x913.jpeg 768w, https:\/\/cungtenhanoi.com\/wp-content\/uploads\/2025\/05\/IMG_0361-1291x1536.jpeg 1291w, https:\/\/cungtenhanoi.com\/wp-content\/uploads\/2025\/05\/IMG_0361-600x714.jpeg 600w, https:\/\/cungtenhanoi.com\/wp-content\/uploads\/2025\/05\/IMG_0361-64x76.jpeg 64w, https:\/\/cungtenhanoi.com\/wp-content\/uploads\/2025\/05\/IMG_0361.jpeg 1500w\" sizes=\"(max-width: 322px) 100vw, 322px\" \/> <img loading=\"lazy\" class=\" wp-image-16228 aligncenter\" src=\"https:\/\/cungtenhanoi.com\/wp-content\/uploads\/2025\/05\/IMG_0362-350x400.jpeg\" alt=\"\" width=\"322\" height=\"368\" srcset=\"https:\/\/cungtenhanoi.com\/wp-content\/uploads\/2025\/05\/IMG_0362-350x400.jpeg 350w, https:\/\/cungtenhanoi.com\/wp-content\/uploads\/2025\/05\/IMG_0362-700x800.jpeg 700w, https:\/\/cungtenhanoi.com\/wp-content\/uploads\/2025\/05\/IMG_0362-768x878.jpeg 768w, https:\/\/cungtenhanoi.com\/wp-content\/uploads\/2025\/05\/IMG_0362-1344x1536.jpeg 1344w, https:\/\/cungtenhanoi.com\/wp-content\/uploads\/2025\/05\/IMG_0362-600x686.jpeg 600w, https:\/\/cungtenhanoi.com\/wp-content\/uploads\/2025\/05\/IMG_0362-64x73.jpeg 64w, https:\/\/cungtenhanoi.com\/wp-content\/uploads\/2025\/05\/IMG_0362.jpeg 1500w\" sizes=\"(max-width: 322px) 100vw, 322px\" \/><img loading=\"lazy\" class=\"size-medium wp-image-16230 aligncenter\" src=\"https:\/\/cungtenhanoi.com\/wp-content\/uploads\/2025\/05\/IMG_0363-322x400.jpeg\" alt=\"\" width=\"322\" height=\"400\" srcset=\"https:\/\/cungtenhanoi.com\/wp-content\/uploads\/2025\/05\/IMG_0363-322x400.jpeg 322w, https:\/\/cungtenhanoi.com\/wp-content\/uploads\/2025\/05\/IMG_0363-645x800.jpeg 645w, https:\/\/cungtenhanoi.com\/wp-content\/uploads\/2025\/05\/IMG_0363-768x953.jpeg 768w, https:\/\/cungtenhanoi.com\/wp-content\/uploads\/2025\/05\/IMG_0363-1238x1536.jpeg 1238w, https:\/\/cungtenhanoi.com\/wp-content\/uploads\/2025\/05\/IMG_0363-600x744.jpeg 600w, https:\/\/cungtenhanoi.com\/wp-content\/uploads\/2025\/05\/IMG_0363-64x79.jpeg 64w, https:\/\/cungtenhanoi.com\/wp-content\/uploads\/2025\/05\/IMG_0363.jpeg 1284w\" sizes=\"(max-width: 322px) 100vw, 322px\" \/><\/p>\n<h3 class=\"\" style=\"text-align: center;\" data-start=\"1895\" data-end=\"1937\">V\u00ec sao n\u00ean ch\u1ecdn cung tr\u1ee3 l\u1ef1c ASG 30?<\/h3>\n<ul style=\"text-align: center;\" data-start=\"1939\" data-end=\"2109\">\n<li class=\"\" data-start=\"1939\" data-end=\"1981\">\n<p class=\"\" data-start=\"1941\" data-end=\"1981\">\u2705 Thi\u1ebft k\u1ebf hi\u1ec7n \u0111\u1ea1i \u2013 gi\u00e1 h\u1ee3p l\u00fd<\/p>\n<\/li>\n<li class=\"\" data-start=\"1982\" data-end=\"2028\">\n<p class=\"\" data-start=\"1984\" data-end=\"2028\">\u2705 D\u1ec5 s\u1eed d\u1ee5ng, ph\u00f9 h\u1ee3p ng\u01b0\u1eddi m\u1edbi &amp; b\u00e1n chuy\u00ean<\/p>\n<\/li>\n<li class=\"\" data-start=\"2029\" data-end=\"2071\">\n<p class=\"\" data-start=\"2031\" data-end=\"2071\">\u2705 T\u00f9y ch\u1ec9nh linh ho\u1ea1t \u2013 n\u00e2ng c\u1ea5p d\u1ec5 d\u00e0ng<\/p>\n<\/li>\n<li class=\"\" data-start=\"2072\" data-end=\"2109\">\n<p class=\"\" data-start=\"2074\" data-end=\"2109\">\u2705 H\u00e0ng ch\u00ednh h\u00e3ng, b\u1ea3o h\u00e0nh r\u00f5 r\u00e0ng<br \/>\nOption c\u01a1 b\u1ea3n : 23.660.000 VN\u0110<br \/>\nOption trung c\u1ea5p: 29.770.000 VN\u0110<br \/>\nOption cao c\u1ea5p: 45.880.000 VN\u0110<\/p>\n<\/li>\n<\/ul>\n<p style=\"text-align: center;\"><img loading=\"lazy\" class=\" wp-image-16232 aligncenter\" src=\"https:\/\/cungtenhanoi.com\/wp-content\/uploads\/2025\/05\/IMG_0746-489x400.jpeg\" alt=\"\" width=\"322\" height=\"264\" srcset=\"https:\/\/cungtenhanoi.com\/wp-content\/uploads\/2025\/05\/IMG_0746-489x400.jpeg 489w, https:\/\/cungtenhanoi.com\/wp-content\/uploads\/2025\/05\/IMG_0746-978x800.jpeg 978w, https:\/\/cungtenhanoi.com\/wp-content\/uploads\/2025\/05\/IMG_0746-768x628.jpeg 768w, https:\/\/cungtenhanoi.com\/wp-content\/uploads\/2025\/05\/IMG_0746-600x491.jpeg 600w, https:\/\/cungtenhanoi.com\/wp-content\/uploads\/2025\/05\/IMG_0746-64x52.jpeg 64w, https:\/\/cungtenhanoi.com\/wp-content\/uploads\/2025\/05\/IMG_0746.jpeg 1283w\" sizes=\"(max-width: 322px) 100vw, 322px\" \/> <img loading=\"lazy\" class=\" wp-image-16233 aligncenter\" src=\"https:\/\/cungtenhanoi.com\/wp-content\/uploads\/2025\/05\/IMG_0747-489x400.jpeg\" alt=\"\" width=\"320\" height=\"262\" srcset=\"https:\/\/cungtenhanoi.com\/wp-content\/uploads\/2025\/05\/IMG_0747-489x400.jpeg 489w, https:\/\/cungtenhanoi.com\/wp-content\/uploads\/2025\/05\/IMG_0747-978x800.jpeg 978w, https:\/\/cungtenhanoi.com\/wp-content\/uploads\/2025\/05\/IMG_0747-768x628.jpeg 768w, https:\/\/cungtenhanoi.com\/wp-content\/uploads\/2025\/05\/IMG_0747-600x491.jpeg 600w, https:\/\/cungtenhanoi.com\/wp-content\/uploads\/2025\/05\/IMG_0747-64x52.jpeg 64w, https:\/\/cungtenhanoi.com\/wp-content\/uploads\/2025\/05\/IMG_0747.jpeg 1283w\" sizes=\"(max-width: 320px) 100vw, 320px\" \/> <img loading=\"lazy\" class=\" wp-image-16234 aligncenter\" src=\"https:\/\/cungtenhanoi.com\/wp-content\/uploads\/2025\/05\/IMG_0750-490x400.jpeg\" alt=\"\" width=\"321\" height=\"262\" srcset=\"https:\/\/cungtenhanoi.com\/wp-content\/uploads\/2025\/05\/IMG_0750-490x400.jpeg 490w, https:\/\/cungtenhanoi.com\/wp-content\/uploads\/2025\/05\/IMG_0750-979x800.jpeg 979w, https:\/\/cungtenhanoi.com\/wp-content\/uploads\/2025\/05\/IMG_0750-768x627.jpeg 768w, https:\/\/cungtenhanoi.com\/wp-content\/uploads\/2025\/05\/IMG_0750-600x490.jpeg 600w, https:\/\/cungtenhanoi.com\/wp-content\/uploads\/2025\/05\/IMG_0750-64x52.jpeg 64w, https:\/\/cungtenhanoi.com\/wp-content\/uploads\/2025\/05\/IMG_0750.jpeg 1283w\" sizes=\"(max-width: 321px) 100vw, 321px\" \/><\/p>\n<h3 class=\"\" style=\"text-align: center;\" data-start=\"2296\" data-end=\"2329\">\u00a0Li\u00ean h\u1ec7 \u0111\u1ec3 mua Cung ASG 30 ch\u00ednh h\u00e3ng gi\u00e1 t\u1ed1t nh\u1ea5t th\u1ecb tr\u01b0\u1eddng<\/h3>\n<p class=\"\" style=\"text-align: center;\" data-start=\"2331\" data-end=\"2489\"><strong data-start=\"2334\" data-end=\"2351\">Hotline\/Zalo:<\/strong> 0911 682 663<\/p>\n<div style=\"width: 720px;\" class=\"wp-video\"><!--[if lt IE 9]><script>document.createElement('video');<\/script><![endif]-->\n<video class=\"wp-video-shortcode\" id=\"video-16225-1\" width=\"720\" height=\"1280\" loop=\"1\" preload=\"metadata\" controls=\"controls\"><source type=\"video\/mp4\" src=\"https:\/\/cungtenhanoi.com\/wp-content\/uploads\/2025\/05\/X2Download.com_AQM-u1SV8ttMRNvHX6BNxNZQaCNV7mgj3JiSs9BsqarUlCcVu2lnR85k8c_o3YVXmyDVNeYQWUoVgFtGCy_Cyi4b_720p_HD.mp4?_=1\" \/><a href=\"https:\/\/cungtenhanoi.com\/wp-content\/uploads\/2025\/05\/X2Download.com_AQM-u1SV8ttMRNvHX6BNxNZQaCNV7mgj3JiSs9BsqarUlCcVu2lnR85k8c_o3YVXmyDVNeYQWUoVgFtGCy_Cyi4b_720p_HD.mp4\">https:\/\/cungtenhanoi.com\/wp-content\/uploads\/2025\/05\/X2Download.com_AQM-u1SV8ttMRNvHX6BNxNZQaCNV7mgj3JiSs9BsqarUlCcVu2lnR85k8c_o3YVXmyDVNeYQWUoVgFtGCy_Cyi4b_720p_HD.mp4<\/a><\/video><\/div>\n","protected":false},"excerpt":{"rendered":"<h3 class=\"\" style=\"text-align: center;\" data-start=\"600\" data-end=\"632\">Th\u00f4ng s\u1ed1 k\u1ef9 thu\u1eadt n\u1ed5i b\u1eadt<\/h3>\n<div class=\"_tableContainer_16hzy_1\" style=\"text-align: center;\">\n<div class=\"_tableWrapper_16hzy_14 group flex w-fit flex-col-reverse\" tabindex=\"-1\">Chi\u1ec1u d\u00e0i : 30 inh<br \/>\nL\u1ef1c b\u1eafn: 40-70lbs<br \/>\nS\u1ea3i k\u00e9o : 23-29inh<br \/>\nT\u1ed1c \u0111\u1ed9 t\u00ean bay : 355fps\/s<br \/>\nTr\u1ecdng l\u01b0\u1ee3ng: 1.89kg<br \/>\nCh\u1ea5t li\u1ec7u : 6061 &#8211; 7075<\/div>\n<\/div>\n","protected":false},"featured_media":16227,"comment_status":"open","ping_status":"closed","template":"","meta":[],"product_cat":[17],"product_tag":[198,1396,86,1394,267,264,1392,1408,1395],"acf":[],"yoast_head":"<!-- This site is optimized with the Yoast SEO plugin v19.8 - https:\/\/yoast.com\/wordpress\/plugins\/seo\/ -->\n<title>Cung tr\u1ee3 l\u1ef1c ASG30 - Cung T\u00ean H\u00e0 N\u1ed9i<\/title>\n<meta name=\"description\" content=\"Cung Tr\u1ee3 L\u1ef1c ASG 30 | Thi\u1ebft K\u1ebf Nh\u01b0 PSE Mach30 \u2013 M\u1ea1nh M\u1ebd &amp; \u0110\u1eb3ng C\u1ea5p! Mua cung t\u00ean th\u1ec3 thao, Mua cung t\u00ean t\u1ea1i h\u00e0 n\u1ed9i, Cung tr\u1ee3 l\u1ef1c, Cung compound, Cung t\u00ean ch\u00ednh h\u00e3ng, , Cung t\u00ean h\u00e0 n\u1ed9i, Cung t\u00ean , Mua cung t\u00ean S\u00e0i g\u00f2n , Mua m\u0169i t\u00ean b\u1eafn cung , Cung b\u1eafn bi s\u1eaft , cung t\u00ean mini, Cung truy\u1ec1n th\u1ed1ng, Cung c\u1ed5 \u0111i\u1ec3n, Cung trang tr\u00ed, Cung tr\u01b0ng b\u00e0y, cung t\u00ean m\u1ea1nh, mua ph\u1ee5 ki\u1ec7n b\u1eafn cung,\" \/>\n<meta name=\"robots\" content=\"index, follow, max-snippet:-1, max-image-preview:large, max-video-preview:-1\" \/>\n<link rel=\"canonical\" href=\"https:\/\/cungtenhanoi.com\/?product=https-cungtenhanoi-com-productcung-tro-luc-asg30\" \/>\n<meta property=\"og:locale\" content=\"vi_VN\" \/>\n<meta property=\"og:type\" content=\"article\" \/>\n<meta property=\"og:title\" content=\"Cung Tr\u1ee3 L\u1ef1c ASG 30 \u2013 Thi\u1ebft K\u1ebf Chu\u1ea9n PSE Mach30 | M\u1ea1nh M\u1ebd \u2013 Gi\u00e1 T\u1ed1t\" \/>\n<meta property=\"og:description\" content=\"Cung Tr\u1ee3 L\u1ef1c ASG 30 | Thi\u1ebft K\u1ebf Nh\u01b0 PSE Mach30 \u2013 M\u1ea1nh M\u1ebd &amp; \u0110\u1eb3ng C\u1ea5p! Mua cung t\u00ean th\u1ec3 thao, Mua cung t\u00ean t\u1ea1i h\u00e0 n\u1ed9i, Cung tr\u1ee3 l\u1ef1c, Cung compound, Cung t\u00ean ch\u00ednh h\u00e3ng, , Cung t\u00ean h\u00e0 n\u1ed9i, Cung t\u00ean , Mua cung t\u00ean S\u00e0i g\u00f2n , Mua m\u0169i t\u00ean b\u1eafn cung , Cung b\u1eafn bi s\u1eaft , cung t\u00ean mini, Cung truy\u1ec1n th\u1ed1ng, Cung c\u1ed5 \u0111i\u1ec3n, Cung trang tr\u00ed, Cung tr\u01b0ng b\u00e0y, cung t\u00ean m\u1ea1nh, mua ph\u1ee5 ki\u1ec7n b\u1eafn cung,\" \/>\n<meta property=\"og:url\" content=\"https:\/\/cungtenhanoi.com\/?product=https-cungtenhanoi-com-productcung-tro-luc-asg30\" \/>\n<meta property=\"og:site_name\" content=\"Cung T\u00ean H\u00e0 N\u1ed9i\" \/>\n<meta property=\"article:modified_time\" content=\"2026-03-02T15:49:32+00:00\" \/>\n<meta property=\"og:image\" content=\"https:\/\/cungtenhanoi.com\/wp-content\/uploads\/2025\/05\/IMG_0361.jpeg\" \/>\n\t<meta property=\"og:image:width\" content=\"1500\" \/>\n\t<meta property=\"og:image:height\" content=\"1784\" \/>\n\t<meta property=\"og:image:type\" content=\"image\/jpeg\" \/>\n<meta name=\"twitter:card\" content=\"summary_large_image\" \/>\n<meta name=\"twitter:label1\" content=\"\u01af\u1edbc t\u00ednh th\u1eddi gian \u0111\u1ecdc\" \/>\n\t<meta name=\"twitter:data1\" content=\"3 ph\u00fat\" \/>\n<script type=\"application\/ld+json\" class=\"yoast-schema-graph\">{\"@context\":\"https:\/\/schema.org\",\"@graph\":[{\"@type\":\"WebPage\",\"@id\":\"https:\/\/cungtenhanoi.com\/?product=https-cungtenhanoi-com-productcung-tro-luc-asg30\",\"url\":\"https:\/\/cungtenhanoi.com\/?product=https-cungtenhanoi-com-productcung-tro-luc-asg30\",\"name\":\"Cung tr\u1ee3 l\u1ef1c ASG30 - Cung T\u00ean H\u00e0 N\u1ed9i\",\"isPartOf\":{\"@id\":\"https:\/\/cungtenhanoi.com\/#website\"},\"datePublished\":\"2025-05-13T15:35:13+00:00\",\"dateModified\":\"2026-03-02T15:49:32+00:00\",\"description\":\"Cung Tr\u1ee3 L\u1ef1c ASG 30 | Thi\u1ebft K\u1ebf Nh\u01b0 PSE Mach30 \u2013 M\u1ea1nh M\u1ebd & \u0110\u1eb3ng C\u1ea5p! Mua cung t\u00ean th\u1ec3 thao, Mua cung t\u00ean t\u1ea1i h\u00e0 n\u1ed9i, Cung tr\u1ee3 l\u1ef1c, Cung compound, Cung t\u00ean ch\u00ednh h\u00e3ng, , Cung t\u00ean h\u00e0 n\u1ed9i, Cung t\u00ean , Mua cung t\u00ean S\u00e0i g\u00f2n , Mua m\u0169i t\u00ean b\u1eafn cung , Cung b\u1eafn bi s\u1eaft , cung t\u00ean mini, Cung truy\u1ec1n th\u1ed1ng, Cung c\u1ed5 \u0111i\u1ec3n, Cung trang tr\u00ed, Cung tr\u01b0ng b\u00e0y, cung t\u00ean m\u1ea1nh, mua ph\u1ee5 ki\u1ec7n b\u1eafn cung,\",\"breadcrumb\":{\"@id\":\"https:\/\/cungtenhanoi.com\/?product=https-cungtenhanoi-com-productcung-tro-luc-asg30#breadcrumb\"},\"inLanguage\":\"vi\",\"potentialAction\":[{\"@type\":\"ReadAction\",\"target\":[\"https:\/\/cungtenhanoi.com\/?product=https-cungtenhanoi-com-productcung-tro-luc-asg30\"]}]},{\"@type\":\"BreadcrumbList\",\"@id\":\"https:\/\/cungtenhanoi.com\/?product=https-cungtenhanoi-com-productcung-tro-luc-asg30#breadcrumb\",\"itemListElement\":[{\"@type\":\"ListItem\",\"position\":1,\"name\":\"Trang ch\u1ee7\",\"item\":\"https:\/\/cungtenhanoi.com\/\"},{\"@type\":\"ListItem\",\"position\":2,\"name\":\"Shop\",\"item\":\"https:\/\/cungtenhanoi.com\/?page_id=6\"},{\"@type\":\"ListItem\",\"position\":3,\"name\":\"Cung\",\"item\":\"https:\/\/cungtenhanoi.com\/danh-muc\/cung\/\"},{\"@type\":\"ListItem\",\"position\":4,\"name\":\"Cung tr\u1ee3 l\u1ef1c ASG30\"}]},{\"@type\":\"WebSite\",\"@id\":\"https:\/\/cungtenhanoi.com\/#website\",\"url\":\"https:\/\/cungtenhanoi.com\/\",\"name\":\"Cung T\u00ean H\u00e0 N\u1ed9i\",\"description\":\"Cung c\u1ea5p c\u00e1c lo\u1ea1i cung t\u00ean th\u1ec3 thao s\u1ed1 1 Vi\u1ec7t Nam\",\"publisher\":{\"@id\":\"https:\/\/cungtenhanoi.com\/#organization\"},\"potentialAction\":[{\"@type\":\"SearchAction\",\"target\":{\"@type\":\"EntryPoint\",\"urlTemplate\":\"https:\/\/cungtenhanoi.com\/?s={search_term_string}\"},\"query-input\":\"required name=search_term_string\"}],\"inLanguage\":\"vi\"},{\"@type\":\"Organization\",\"@id\":\"https:\/\/cungtenhanoi.com\/#organization\",\"name\":\"Cung T\u00ean H\u00e0 N\u1ed9i\",\"url\":\"https:\/\/cungtenhanoi.com\/\",\"sameAs\":[],\"logo\":{\"@type\":\"ImageObject\",\"inLanguage\":\"vi\",\"@id\":\"https:\/\/cungtenhanoi.com\/#\/schema\/logo\/image\/\",\"url\":\"https:\/\/cungtenhanoi.com\/wp-content\/uploads\/2025\/05\/logo-den-trang.jpg\",\"contentUrl\":\"https:\/\/cungtenhanoi.com\/wp-content\/uploads\/2025\/05\/logo-den-trang.jpg\",\"width\":450,\"height\":450,\"caption\":\"Cung T\u00ean H\u00e0 N\u1ed9i\"},\"image\":{\"@id\":\"https:\/\/cungtenhanoi.com\/#\/schema\/logo\/image\/\"}}]}<\/script>\n<!-- \/ Yoast SEO plugin. -->","yoast_head_json":{"title":"Cung tr\u1ee3 l\u1ef1c ASG30 - Cung T\u00ean H\u00e0 N\u1ed9i","description":"Cung Tr\u1ee3 L\u1ef1c ASG 30 | Thi\u1ebft K\u1ebf Nh\u01b0 PSE Mach30 \u2013 M\u1ea1nh M\u1ebd & \u0110\u1eb3ng C\u1ea5p! Mua cung t\u00ean th\u1ec3 thao, Mua cung t\u00ean t\u1ea1i h\u00e0 n\u1ed9i, Cung tr\u1ee3 l\u1ef1c, Cung compound, Cung t\u00ean ch\u00ednh h\u00e3ng, , Cung t\u00ean h\u00e0 n\u1ed9i, Cung t\u00ean , Mua cung t\u00ean S\u00e0i g\u00f2n , Mua m\u0169i t\u00ean b\u1eafn cung , Cung b\u1eafn bi s\u1eaft , cung t\u00ean mini, Cung truy\u1ec1n th\u1ed1ng, Cung c\u1ed5 \u0111i\u1ec3n, Cung trang tr\u00ed, Cung tr\u01b0ng b\u00e0y, cung t\u00ean m\u1ea1nh, mua ph\u1ee5 ki\u1ec7n b\u1eafn cung,","robots":{"index":"index","follow":"follow","max-snippet":"max-snippet:-1","max-image-preview":"max-image-preview:large","max-video-preview":"max-video-preview:-1"},"canonical":"https:\/\/cungtenhanoi.com\/?product=https-cungtenhanoi-com-productcung-tro-luc-asg30","og_locale":"vi_VN","og_type":"article","og_title":"Cung Tr\u1ee3 L\u1ef1c ASG 30 \u2013 Thi\u1ebft K\u1ebf Chu\u1ea9n PSE Mach30 | M\u1ea1nh M\u1ebd \u2013 Gi\u00e1 T\u1ed1t","og_description":"Cung Tr\u1ee3 L\u1ef1c ASG 30 | Thi\u1ebft K\u1ebf Nh\u01b0 PSE Mach30 \u2013 M\u1ea1nh M\u1ebd & \u0110\u1eb3ng C\u1ea5p! Mua cung t\u00ean th\u1ec3 thao, Mua cung t\u00ean t\u1ea1i h\u00e0 n\u1ed9i, Cung tr\u1ee3 l\u1ef1c, Cung compound, Cung t\u00ean ch\u00ednh h\u00e3ng, , Cung t\u00ean h\u00e0 n\u1ed9i, Cung t\u00ean , Mua cung t\u00ean S\u00e0i g\u00f2n , Mua m\u0169i t\u00ean b\u1eafn cung , Cung b\u1eafn bi s\u1eaft , cung t\u00ean mini, Cung truy\u1ec1n th\u1ed1ng, Cung c\u1ed5 \u0111i\u1ec3n, Cung trang tr\u00ed, Cung tr\u01b0ng b\u00e0y, cung t\u00ean m\u1ea1nh, mua ph\u1ee5 ki\u1ec7n b\u1eafn cung,","og_url":"https:\/\/cungtenhanoi.com\/?product=https-cungtenhanoi-com-productcung-tro-luc-asg30","og_site_name":"Cung T\u00ean H\u00e0 N\u1ed9i","article_modified_time":"2026-03-02T15:49:32+00:00","og_image":[{"width":1500,"height":1784,"url":"https:\/\/cungtenhanoi.com\/wp-content\/uploads\/2025\/05\/IMG_0361.jpeg","type":"image\/jpeg"}],"twitter_card":"summary_large_image","twitter_misc":{"\u01af\u1edbc t\u00ednh th\u1eddi gian \u0111\u1ecdc":"3 ph\u00fat"},"schema":{"@context":"https:\/\/schema.org","@graph":[{"@type":"WebPage","@id":"https:\/\/cungtenhanoi.com\/?product=https-cungtenhanoi-com-productcung-tro-luc-asg30","url":"https:\/\/cungtenhanoi.com\/?product=https-cungtenhanoi-com-productcung-tro-luc-asg30","name":"Cung tr\u1ee3 l\u1ef1c ASG30 - Cung T\u00ean H\u00e0 N\u1ed9i","isPartOf":{"@id":"https:\/\/cungtenhanoi.com\/#website"},"datePublished":"2025-05-13T15:35:13+00:00","dateModified":"2026-03-02T15:49:32+00:00","description":"Cung Tr\u1ee3 L\u1ef1c ASG 30 | Thi\u1ebft K\u1ebf Nh\u01b0 PSE Mach30 \u2013 M\u1ea1nh M\u1ebd & \u0110\u1eb3ng C\u1ea5p! Mua cung t\u00ean th\u1ec3 thao, Mua cung t\u00ean t\u1ea1i h\u00e0 n\u1ed9i, Cung tr\u1ee3 l\u1ef1c, Cung compound, Cung t\u00ean ch\u00ednh h\u00e3ng, , Cung t\u00ean h\u00e0 n\u1ed9i, Cung t\u00ean , Mua cung t\u00ean S\u00e0i g\u00f2n , Mua m\u0169i t\u00ean b\u1eafn cung , Cung b\u1eafn bi s\u1eaft , cung t\u00ean mini, Cung truy\u1ec1n th\u1ed1ng, Cung c\u1ed5 \u0111i\u1ec3n, Cung trang tr\u00ed, Cung tr\u01b0ng b\u00e0y, cung t\u00ean m\u1ea1nh, mua ph\u1ee5 ki\u1ec7n b\u1eafn cung,","breadcrumb":{"@id":"https:\/\/cungtenhanoi.com\/?product=https-cungtenhanoi-com-productcung-tro-luc-asg30#breadcrumb"},"inLanguage":"vi","potentialAction":[{"@type":"ReadAction","target":["https:\/\/cungtenhanoi.com\/?product=https-cungtenhanoi-com-productcung-tro-luc-asg30"]}]},{"@type":"BreadcrumbList","@id":"https:\/\/cungtenhanoi.com\/?product=https-cungtenhanoi-com-productcung-tro-luc-asg30#breadcrumb","itemListElement":[{"@type":"ListItem","position":1,"name":"Trang ch\u1ee7","item":"https:\/\/cungtenhanoi.com\/"},{"@type":"ListItem","position":2,"name":"Shop","item":"https:\/\/cungtenhanoi.com\/?page_id=6"},{"@type":"ListItem","position":3,"name":"Cung","item":"https:\/\/cungtenhanoi.com\/danh-muc\/cung\/"},{"@type":"ListItem","position":4,"name":"Cung tr\u1ee3 l\u1ef1c ASG30"}]},{"@type":"WebSite","@id":"https:\/\/cungtenhanoi.com\/#website","url":"https:\/\/cungtenhanoi.com\/","name":"Cung T\u00ean H\u00e0 N\u1ed9i","description":"Cung c\u1ea5p c\u00e1c lo\u1ea1i cung t\u00ean th\u1ec3 thao s\u1ed1 1 Vi\u1ec7t Nam","publisher":{"@id":"https:\/\/cungtenhanoi.com\/#organization"},"potentialAction":[{"@type":"SearchAction","target":{"@type":"EntryPoint","urlTemplate":"https:\/\/cungtenhanoi.com\/?s={search_term_string}"},"query-input":"required name=search_term_string"}],"inLanguage":"vi"},{"@type":"Organization","@id":"https:\/\/cungtenhanoi.com\/#organization","name":"Cung T\u00ean H\u00e0 N\u1ed9i","url":"https:\/\/cungtenhanoi.com\/","sameAs":[],"logo":{"@type":"ImageObject","inLanguage":"vi","@id":"https:\/\/cungtenhanoi.com\/#\/schema\/logo\/image\/","url":"https:\/\/cungtenhanoi.com\/wp-content\/uploads\/2025\/05\/logo-den-trang.jpg","contentUrl":"https:\/\/cungtenhanoi.com\/wp-content\/uploads\/2025\/05\/logo-den-trang.jpg","width":450,"height":450,"caption":"Cung T\u00ean H\u00e0 N\u1ed9i"},"image":{"@id":"https:\/\/cungtenhanoi.com\/#\/schema\/logo\/image\/"}}]}},"_links":{"self":[{"href":"https:\/\/cungtenhanoi.com\/index.php?rest_route=\/wp\/v2\/product\/16225"}],"collection":[{"href":"https:\/\/cungtenhanoi.com\/index.php?rest_route=\/wp\/v2\/product"}],"about":[{"href":"https:\/\/cungtenhanoi.com\/index.php?rest_route=\/wp\/v2\/types\/product"}],"replies":[{"embeddable":true,"href":"https:\/\/cungtenhanoi.com\/index.php?rest_route=%2Fwp%2Fv2%2Fcomments&post=16225"}],"wp:featuredmedia":[{"embeddable":true,"href":"https:\/\/cungtenhanoi.com\/index.php?rest_route=\/wp\/v2\/media\/16227"}],"wp:attachment":[{"href":"https:\/\/cungtenhanoi.com\/index.php?rest_route=%2Fwp%2Fv2%2Fmedia&parent=16225"}],"wp:term":[{"taxonomy":"product_cat","embeddable":true,"href":"https:\/\/cungtenhanoi.com\/index.php?rest_route=%2Fwp%2Fv2%2Fproduct_cat&post=16225"},{"taxonomy":"product_tag","embeddable":true,"href":"https:\/\/cungtenhanoi.com\/index.php?rest_route=%2Fwp%2Fv2%2Fproduct_tag&post=16225"}],"curies":[{"name":"wp","href":"https:\/\/api.w.org\/{rel}","templated":true}]}}