{"id":16345,"date":"2025-08-28T08:22:16","date_gmt":"2025-08-28T01:22:16","guid":{"rendered":"https:\/\/cungtenhanoi.com\/?post_type=product&#038;p=16345"},"modified":"2026-04-14T10:21:51","modified_gmt":"2026-04-14T03:21:51","slug":"canh-cung-nika-c1-limb","status":"publish","type":"product","link":"https:\/\/cungtenhanoi.com\/?product=canh-cung-nika-c1-limb","title":{"rendered":"C\u00e1nh Cung NiKa C1 Limb"},"content":{"rendered":"<h3 style=\"text-align: center;\" data-start=\"147\" data-end=\"228\">C\u00e1nh Cung <strong data-start=\"175\" data-end=\"204\">NIKA Cornerstone C1 Limbs<\/strong> \u2013 Hi\u1ec7u N\u0103ng V\u01b0\u1ee3t Tr\u1ed9i<\/h3>\n<p style=\"text-align: center;\" data-start=\"230\" data-end=\"403\">Cung T\u00ean H\u00e0 N\u1ed9i h\u00e2n h\u1ea1nh gi\u1edbi thi\u1ec7u <strong data-start=\"266\" data-end=\"308\">c\u00e1nh cung th\u1ec3 thao NIKA Cornerstone C1<\/strong>, d\u00f2ng s\u1ea3n ph\u1ea9m \u0111\u01b0\u1ee3c thi\u1ebft k\u1ebf d\u00e0nh cho nh\u1eefng cung th\u1ee7 y\u00eau th\u00edch s\u1ef1 \u1ed5n \u0111\u1ecbnh, b\u1ec1n b\u1ec9 v\u00e0 t\u1ed1c \u0111\u1ed9.<\/p>\n<p style=\"text-align: center;\" data-start=\"230\" data-end=\"403\"><img loading=\"lazy\" class=\"aligncenter wp-image-16346 \" src=\"https:\/\/cungtenhanoi.com\/wp-content\/uploads\/2025\/08\/Untitled-1-4.jpg\" alt=\"\" width=\"551\" height=\"551\" srcset=\"https:\/\/cungtenhanoi.com\/wp-content\/uploads\/2025\/08\/Untitled-1-4.jpg 750w, https:\/\/cungtenhanoi.com\/wp-content\/uploads\/2025\/08\/Untitled-1-4-400x400.jpg 400w, https:\/\/cungtenhanoi.com\/wp-content\/uploads\/2025\/08\/Untitled-1-4-280x280.jpg 280w, https:\/\/cungtenhanoi.com\/wp-content\/uploads\/2025\/08\/Untitled-1-4-45x45.jpg 45w, https:\/\/cungtenhanoi.com\/wp-content\/uploads\/2025\/08\/Untitled-1-4-300x300.jpg 300w, https:\/\/cungtenhanoi.com\/wp-content\/uploads\/2025\/08\/Untitled-1-4-600x600.jpg 600w, https:\/\/cungtenhanoi.com\/wp-content\/uploads\/2025\/08\/Untitled-1-4-100x100.jpg 100w, https:\/\/cungtenhanoi.com\/wp-content\/uploads\/2025\/08\/Untitled-1-4-64x64.jpg 64w\" sizes=\"(max-width: 551px) 100vw, 551px\" \/> <img loading=\"lazy\" class=\"aligncenter wp-image-16347 \" src=\"https:\/\/cungtenhanoi.com\/wp-content\/uploads\/2025\/08\/Untitled-2-4.jpg\" alt=\"\" width=\"616\" height=\"586\" srcset=\"https:\/\/cungtenhanoi.com\/wp-content\/uploads\/2025\/08\/Untitled-2-4.jpg 1000w, https:\/\/cungtenhanoi.com\/wp-content\/uploads\/2025\/08\/Untitled-2-4-420x400.jpg 420w, https:\/\/cungtenhanoi.com\/wp-content\/uploads\/2025\/08\/Untitled-2-4-840x800.jpg 840w, https:\/\/cungtenhanoi.com\/wp-content\/uploads\/2025\/08\/Untitled-2-4-768x731.jpg 768w, https:\/\/cungtenhanoi.com\/wp-content\/uploads\/2025\/08\/Untitled-2-4-600x571.jpg 600w, https:\/\/cungtenhanoi.com\/wp-content\/uploads\/2025\/08\/Untitled-2-4-64x61.jpg 64w\" sizes=\"(max-width: 616px) 100vw, 616px\" \/><\/p>\n<p style=\"text-align: center;\" data-start=\"812\" data-end=\"838\"><strong data-start=\"815\" data-end=\"836\">\u0110\u1eb7c \u0111i\u1ec3m n\u1ed5i b\u1eadt:<\/strong><\/p>\n<ul style=\"text-align: center;\" data-start=\"839\" data-end=\"1156\">\n<li data-start=\"839\" data-end=\"912\">\n<p data-start=\"841\" data-end=\"912\">\u0110\u01b0\u1eddng cong m\u01b0\u1ee3t m\u00e0, l\u1ef1c k\u00e9o \u1ed5n \u0111\u1ecbnh, mang l\u1ea1i c\u1ea3m gi\u00e1c b\u1eafn tho\u1ea3i m\u00e1i.<\/p>\n<\/li>\n<li data-start=\"913\" data-end=\"980\">\n<p data-start=\"915\" data-end=\"980\">T\u1ed1c \u0111\u1ed9 cao, \u0111\u1ed9 \u1ed5n \u0111\u1ecbnh v\u01b0\u1ee3t tr\u1ed9i, ph\u00f9 h\u1ee3p t\u1eadp luy\u1ec7n v\u00e0 thi \u0111\u1ea5u.<\/p>\n<\/li>\n<li data-start=\"981\" data-end=\"1067\">\n<p data-start=\"983\" data-end=\"1067\">Thi\u1ebft k\u1ebf ch\u1ed1ng \u1ea3nh h\u01b0\u1edfng th\u1eddi ti\u1ebft \u2013 ho\u1ea1t \u0111\u1ed9ng t\u1ed1t trong m\u1ecdi \u0111i\u1ec1u ki\u1ec7n m\u00f4i tr\u01b0\u1eddng.<\/p>\n<\/li>\n<li data-start=\"1068\" data-end=\"1156\">\n<p data-start=\"1070\" data-end=\"1156\">T\u01b0\u01a1ng th\u00edch v\u1edbi t\u1ea5t c\u1ea3 c\u00e1c lo\u1ea1i <strong data-start=\"1102\" data-end=\"1123\">tay c\u1ea7m chu\u1ea9n ILF<\/strong> \u2013 d\u1ec5 d\u00e0ng l\u1eafp \u0111\u1eb7t v\u00e0 n\u00e2ng c\u1ea5p.<\/p>\n<\/li>\n<\/ul>\n<p style=\"text-align: center;\" data-start=\"230\" data-end=\"403\"><img loading=\"lazy\" class=\"aligncenter wp-image-16348 \" src=\"https:\/\/cungtenhanoi.com\/wp-content\/uploads\/2025\/08\/Untitled-3-4.jpg\" alt=\"\" width=\"589\" height=\"589\" srcset=\"https:\/\/cungtenhanoi.com\/wp-content\/uploads\/2025\/08\/Untitled-3-4.jpg 800w, https:\/\/cungtenhanoi.com\/wp-content\/uploads\/2025\/08\/Untitled-3-4-400x400.jpg 400w, https:\/\/cungtenhanoi.com\/wp-content\/uploads\/2025\/08\/Untitled-3-4-280x280.jpg 280w, https:\/\/cungtenhanoi.com\/wp-content\/uploads\/2025\/08\/Untitled-3-4-768x768.jpg 768w, https:\/\/cungtenhanoi.com\/wp-content\/uploads\/2025\/08\/Untitled-3-4-45x45.jpg 45w, https:\/\/cungtenhanoi.com\/wp-content\/uploads\/2025\/08\/Untitled-3-4-300x300.jpg 300w, https:\/\/cungtenhanoi.com\/wp-content\/uploads\/2025\/08\/Untitled-3-4-600x600.jpg 600w, https:\/\/cungtenhanoi.com\/wp-content\/uploads\/2025\/08\/Untitled-3-4-100x100.jpg 100w, https:\/\/cungtenhanoi.com\/wp-content\/uploads\/2025\/08\/Untitled-3-4-64x64.jpg 64w\" sizes=\"(max-width: 589px) 100vw, 589px\" \/> <img loading=\"lazy\" class=\"aligncenter wp-image-16349 \" src=\"https:\/\/cungtenhanoi.com\/wp-content\/uploads\/2025\/08\/Untitled-4-5.jpg\" alt=\"\" width=\"625\" height=\"617\" srcset=\"https:\/\/cungtenhanoi.com\/wp-content\/uploads\/2025\/08\/Untitled-4-5.jpg 800w, https:\/\/cungtenhanoi.com\/wp-content\/uploads\/2025\/08\/Untitled-4-5-405x400.jpg 405w, https:\/\/cungtenhanoi.com\/wp-content\/uploads\/2025\/08\/Untitled-4-5-768x758.jpg 768w, https:\/\/cungtenhanoi.com\/wp-content\/uploads\/2025\/08\/Untitled-4-5-45x45.jpg 45w, https:\/\/cungtenhanoi.com\/wp-content\/uploads\/2025\/08\/Untitled-4-5-600x593.jpg 600w, https:\/\/cungtenhanoi.com\/wp-content\/uploads\/2025\/08\/Untitled-4-5-100x100.jpg 100w, https:\/\/cungtenhanoi.com\/wp-content\/uploads\/2025\/08\/Untitled-4-5-64x63.jpg 64w\" sizes=\"(max-width: 625px) 100vw, 625px\" \/> <img loading=\"lazy\" class=\"aligncenter wp-image-16350 \" src=\"https:\/\/cungtenhanoi.com\/wp-content\/uploads\/2025\/08\/Untitled-5-4.jpg\" alt=\"\" width=\"810\" height=\"419\" srcset=\"https:\/\/cungtenhanoi.com\/wp-content\/uploads\/2025\/08\/Untitled-5-4.jpg 1000w, https:\/\/cungtenhanoi.com\/wp-content\/uploads\/2025\/08\/Untitled-5-4-774x400.jpg 774w, https:\/\/cungtenhanoi.com\/wp-content\/uploads\/2025\/08\/Untitled-5-4-768x397.jpg 768w, https:\/\/cungtenhanoi.com\/wp-content\/uploads\/2025\/08\/Untitled-5-4-600x310.jpg 600w, https:\/\/cungtenhanoi.com\/wp-content\/uploads\/2025\/08\/Untitled-5-4-64x33.jpg 64w\" sizes=\"(max-width: 810px) 100vw, 810px\" \/><\/p>\n<p style=\"text-align: center;\" data-start=\"1158\" data-end=\"1298\">V\u1edbi s\u1ef1 h\u1ee3p t\u00e1c chi\u1ebfn l\u01b0\u1ee3c c\u00f9ng <strong data-start=\"1191\" data-end=\"1207\">NIKA Archery<\/strong>, Cung T\u00ean H\u00e0 N\u1ed9i mang \u0111\u1ebfn <strong data-start=\"1234\" data-end=\"1259\">m\u1ee9c gi\u00e1 c\u1ef1c k\u1ef3 \u01b0u \u0111\u00e3i<\/strong> cho c\u1ed9ng \u0111\u1ed3ng b\u1eafn cung t\u1ea1i Vi\u1ec7t Nam.<\/p>\n<p style=\"text-align: center;\" data-start=\"1300\" data-end=\"1403\">???? Li\u00ean h\u1ec7 ngay \u0111\u1ec3 nh\u1eadn b\u00e1o gi\u00e1 t\u1ed1t nh\u1ea5t:<br data-start=\"1341\" data-end=\"1344\" \/>Hotline: <strong data-start=\"1353\" data-end=\"1369\">0911 682 663<\/strong><br data-start=\"1369\" data-end=\"1372\" \/>Website: <strong data-start=\"1381\" data-end=\"1401\">cungtenhanoi.com<\/strong><\/p>\n","protected":false},"excerpt":{"rendered":"<p data-start=\"435\" data-end=\"466\">\n<ul data-start=\"433\" data-end=\"810\">\n<li data-start=\"467\" data-end=\"563\">\n<p data-start=\"469\" data-end=\"563\"><strong data-start=\"469\" data-end=\"483\">Ch\u1ea5t li\u1ec7u:<\/strong> 20% carbon fiber + 80% fiberglass (k\u1ebft h\u1ee3p t\u1ed1i \u01b0u gi\u1eefa \u0111\u1ed9 b\u1ec1n v\u00e0 \u0111\u1ed9 \u0111\u00e0n h\u1ed3i).<\/p>\n<\/li>\n<li data-start=\"564\" data-end=\"688\">\n<p data-start=\"566\" data-end=\"688\"><strong data-start=\"566\" data-end=\"580\">C\u00f4ng ngh\u1ec7:<\/strong> CNC Integrated \u2013 c\u00e1nh \u00e9p li\u1ec1n kh\u1ed1i, <strong data-start=\"617\" data-end=\"641\">kh\u00f4ng ph\u1ea3i laminated<\/strong> (kh\u00f4ng gh\u00e9p l\u1edbp), t\u0103ng \u0111\u1ed9 \u1ed5n \u0111\u1ecbnh v\u00e0 \u0111\u1ed9 b\u1ec1n.<\/p>\n<\/li>\n<li data-start=\"689\" data-end=\"714\">\n<p data-start=\"691\" data-end=\"714\"><strong data-start=\"691\" data-end=\"707\">Tr\u1ecdng l\u01b0\u1ee3ng:<\/strong> 485g<\/p>\n<\/li>\n<li data-start=\"715\" data-end=\"753\">\n<p data-start=\"717\" data-end=\"753\"><strong data-start=\"717\" data-end=\"729\">M\u00e0u s\u1eafc:<\/strong> \u0110en m\u1ea1nh m\u1ebd, hi\u1ec7n \u0111\u1ea1i<\/p>\n<\/li>\n<li data-start=\"754\" data-end=\"810\">\n<p data-start=\"756\" data-end=\"810\"><strong data-start=\"756\" data-end=\"768\">S\u1eed d\u1ee5ng:<\/strong> L\u1eafp cho c\u00e1c d\u00f2ng cung recurve chu\u1ea9n ILF<\/p>\n<\/li>\n<\/ul>\n","protected":false},"featured_media":16346,"comment_status":"open","ping_status":"closed","template":"","meta":[],"product_cat":[1424,17],"product_tag":[200,1429,1430,94,1417,168,197,1359],"acf":[],"yoast_head":"<!-- This site is optimized with the Yoast SEO plugin v19.8 - https:\/\/yoast.com\/wordpress\/plugins\/seo\/ -->\n<title>C\u00e1nh Cung NiKa C1 Limb - Cung T\u00ean H\u00e0 N\u1ed9i<\/title>\n<meta name=\"description\" content=\"C\u00e1nh cung NIKA Cornerstone C1 Limbs 20% carbon \u2013 80% fiberglass, si\u00eau b\u1ec1n, t\u1ed1c \u0111\u1ed9 cao. Ch\u00ednh h\u00e3ng NIKA Archery t\u1ea1i Cung T\u00ean H\u00e0 N\u1ed9i.\" \/>\n<meta name=\"robots\" content=\"index, follow, max-snippet:-1, max-image-preview:large, max-video-preview:-1\" \/>\n<link rel=\"canonical\" href=\"https:\/\/cungtenhanoi.com\/?product=canh-cung-nika-c1-limb\" \/>\n<meta property=\"og:locale\" content=\"vi_VN\" \/>\n<meta property=\"og:type\" content=\"article\" \/>\n<meta property=\"og:title\" content=\"C\u00e1nh Cung NiKa C1 Limb - Cung T\u00ean H\u00e0 N\u1ed9i\" \/>\n<meta property=\"og:description\" content=\"C\u00e1nh cung NIKA Cornerstone C1 Limbs 20% carbon \u2013 80% fiberglass, si\u00eau b\u1ec1n, t\u1ed1c \u0111\u1ed9 cao. Ch\u00ednh h\u00e3ng NIKA Archery t\u1ea1i Cung T\u00ean H\u00e0 N\u1ed9i.\" \/>\n<meta property=\"og:url\" content=\"https:\/\/cungtenhanoi.com\/?product=canh-cung-nika-c1-limb\" \/>\n<meta property=\"og:site_name\" content=\"Cung T\u00ean H\u00e0 N\u1ed9i\" \/>\n<meta property=\"article:modified_time\" content=\"2026-04-14T03:21:51+00:00\" \/>\n<meta property=\"og:image\" content=\"https:\/\/cungtenhanoi.com\/wp-content\/uploads\/2025\/08\/Untitled-1-4.jpg\" \/>\n\t<meta property=\"og:image:width\" content=\"750\" \/>\n\t<meta property=\"og:image:height\" content=\"750\" \/>\n\t<meta property=\"og:image:type\" content=\"image\/jpeg\" \/>\n<meta name=\"twitter:card\" content=\"summary_large_image\" \/>\n<meta name=\"twitter:label1\" content=\"\u01af\u1edbc t\u00ednh th\u1eddi gian \u0111\u1ecdc\" \/>\n\t<meta name=\"twitter:data1\" content=\"2 ph\u00fat\" \/>\n<script type=\"application\/ld+json\" class=\"yoast-schema-graph\">{\"@context\":\"https:\/\/schema.org\",\"@graph\":[{\"@type\":\"WebPage\",\"@id\":\"https:\/\/cungtenhanoi.com\/?product=canh-cung-nika-c1-limb\",\"url\":\"https:\/\/cungtenhanoi.com\/?product=canh-cung-nika-c1-limb\",\"name\":\"C\u00e1nh Cung NiKa C1 Limb - Cung T\u00ean H\u00e0 N\u1ed9i\",\"isPartOf\":{\"@id\":\"https:\/\/cungtenhanoi.com\/#website\"},\"datePublished\":\"2025-08-28T01:22:16+00:00\",\"dateModified\":\"2026-04-14T03:21:51+00:00\",\"description\":\"C\u00e1nh cung NIKA Cornerstone C1 Limbs 20% carbon \u2013 80% fiberglass, si\u00eau b\u1ec1n, t\u1ed1c \u0111\u1ed9 cao. Ch\u00ednh h\u00e3ng NIKA Archery t\u1ea1i Cung T\u00ean H\u00e0 N\u1ed9i.\",\"breadcrumb\":{\"@id\":\"https:\/\/cungtenhanoi.com\/?product=canh-cung-nika-c1-limb#breadcrumb\"},\"inLanguage\":\"vi\",\"potentialAction\":[{\"@type\":\"ReadAction\",\"target\":[\"https:\/\/cungtenhanoi.com\/?product=canh-cung-nika-c1-limb\"]}]},{\"@type\":\"BreadcrumbList\",\"@id\":\"https:\/\/cungtenhanoi.com\/?product=canh-cung-nika-c1-limb#breadcrumb\",\"itemListElement\":[{\"@type\":\"ListItem\",\"position\":1,\"name\":\"Trang ch\u1ee7\",\"item\":\"https:\/\/cungtenhanoi.com\/\"},{\"@type\":\"ListItem\",\"position\":2,\"name\":\"Shop\",\"item\":\"https:\/\/cungtenhanoi.com\/?page_id=6\"},{\"@type\":\"ListItem\",\"position\":3,\"name\":\"NiKa\",\"item\":\"https:\/\/cungtenhanoi.com\/?product_cat=nika\"},{\"@type\":\"ListItem\",\"position\":4,\"name\":\"C\u00e1nh Cung NiKa C1 Limb\"}]},{\"@type\":\"WebSite\",\"@id\":\"https:\/\/cungtenhanoi.com\/#website\",\"url\":\"https:\/\/cungtenhanoi.com\/\",\"name\":\"Cung T\u00ean H\u00e0 N\u1ed9i\",\"description\":\"Cung c\u1ea5p c\u00e1c lo\u1ea1i cung t\u00ean th\u1ec3 thao s\u1ed1 1 Vi\u1ec7t Nam\",\"publisher\":{\"@id\":\"https:\/\/cungtenhanoi.com\/#organization\"},\"potentialAction\":[{\"@type\":\"SearchAction\",\"target\":{\"@type\":\"EntryPoint\",\"urlTemplate\":\"https:\/\/cungtenhanoi.com\/?s={search_term_string}\"},\"query-input\":\"required name=search_term_string\"}],\"inLanguage\":\"vi\"},{\"@type\":\"Organization\",\"@id\":\"https:\/\/cungtenhanoi.com\/#organization\",\"name\":\"Cung T\u00ean H\u00e0 N\u1ed9i\",\"url\":\"https:\/\/cungtenhanoi.com\/\",\"sameAs\":[],\"logo\":{\"@type\":\"ImageObject\",\"inLanguage\":\"vi\",\"@id\":\"https:\/\/cungtenhanoi.com\/#\/schema\/logo\/image\/\",\"url\":\"https:\/\/cungtenhanoi.com\/wp-content\/uploads\/2025\/05\/logo-den-trang.jpg\",\"contentUrl\":\"https:\/\/cungtenhanoi.com\/wp-content\/uploads\/2025\/05\/logo-den-trang.jpg\",\"width\":450,\"height\":450,\"caption\":\"Cung T\u00ean H\u00e0 N\u1ed9i\"},\"image\":{\"@id\":\"https:\/\/cungtenhanoi.com\/#\/schema\/logo\/image\/\"}}]}<\/script>\n<!-- \/ Yoast SEO plugin. -->","yoast_head_json":{"title":"C\u00e1nh Cung NiKa C1 Limb - Cung T\u00ean H\u00e0 N\u1ed9i","description":"C\u00e1nh cung NIKA Cornerstone C1 Limbs 20% carbon \u2013 80% fiberglass, si\u00eau b\u1ec1n, t\u1ed1c \u0111\u1ed9 cao. Ch\u00ednh h\u00e3ng NIKA Archery t\u1ea1i Cung T\u00ean H\u00e0 N\u1ed9i.","robots":{"index":"index","follow":"follow","max-snippet":"max-snippet:-1","max-image-preview":"max-image-preview:large","max-video-preview":"max-video-preview:-1"},"canonical":"https:\/\/cungtenhanoi.com\/?product=canh-cung-nika-c1-limb","og_locale":"vi_VN","og_type":"article","og_title":"C\u00e1nh Cung NiKa C1 Limb - Cung T\u00ean H\u00e0 N\u1ed9i","og_description":"C\u00e1nh cung NIKA Cornerstone C1 Limbs 20% carbon \u2013 80% fiberglass, si\u00eau b\u1ec1n, t\u1ed1c \u0111\u1ed9 cao. Ch\u00ednh h\u00e3ng NIKA Archery t\u1ea1i Cung T\u00ean H\u00e0 N\u1ed9i.","og_url":"https:\/\/cungtenhanoi.com\/?product=canh-cung-nika-c1-limb","og_site_name":"Cung T\u00ean H\u00e0 N\u1ed9i","article_modified_time":"2026-04-14T03:21:51+00:00","og_image":[{"width":750,"height":750,"url":"https:\/\/cungtenhanoi.com\/wp-content\/uploads\/2025\/08\/Untitled-1-4.jpg","type":"image\/jpeg"}],"twitter_card":"summary_large_image","twitter_misc":{"\u01af\u1edbc t\u00ednh th\u1eddi gian \u0111\u1ecdc":"2 ph\u00fat"},"schema":{"@context":"https:\/\/schema.org","@graph":[{"@type":"WebPage","@id":"https:\/\/cungtenhanoi.com\/?product=canh-cung-nika-c1-limb","url":"https:\/\/cungtenhanoi.com\/?product=canh-cung-nika-c1-limb","name":"C\u00e1nh Cung NiKa C1 Limb - Cung T\u00ean H\u00e0 N\u1ed9i","isPartOf":{"@id":"https:\/\/cungtenhanoi.com\/#website"},"datePublished":"2025-08-28T01:22:16+00:00","dateModified":"2026-04-14T03:21:51+00:00","description":"C\u00e1nh cung NIKA Cornerstone C1 Limbs 20% carbon \u2013 80% fiberglass, si\u00eau b\u1ec1n, t\u1ed1c \u0111\u1ed9 cao. Ch\u00ednh h\u00e3ng NIKA Archery t\u1ea1i Cung T\u00ean H\u00e0 N\u1ed9i.","breadcrumb":{"@id":"https:\/\/cungtenhanoi.com\/?product=canh-cung-nika-c1-limb#breadcrumb"},"inLanguage":"vi","potentialAction":[{"@type":"ReadAction","target":["https:\/\/cungtenhanoi.com\/?product=canh-cung-nika-c1-limb"]}]},{"@type":"BreadcrumbList","@id":"https:\/\/cungtenhanoi.com\/?product=canh-cung-nika-c1-limb#breadcrumb","itemListElement":[{"@type":"ListItem","position":1,"name":"Trang ch\u1ee7","item":"https:\/\/cungtenhanoi.com\/"},{"@type":"ListItem","position":2,"name":"Shop","item":"https:\/\/cungtenhanoi.com\/?page_id=6"},{"@type":"ListItem","position":3,"name":"NiKa","item":"https:\/\/cungtenhanoi.com\/?product_cat=nika"},{"@type":"ListItem","position":4,"name":"C\u00e1nh Cung NiKa C1 Limb"}]},{"@type":"WebSite","@id":"https:\/\/cungtenhanoi.com\/#website","url":"https:\/\/cungtenhanoi.com\/","name":"Cung T\u00ean H\u00e0 N\u1ed9i","description":"Cung c\u1ea5p c\u00e1c lo\u1ea1i cung t\u00ean th\u1ec3 thao s\u1ed1 1 Vi\u1ec7t Nam","publisher":{"@id":"https:\/\/cungtenhanoi.com\/#organization"},"potentialAction":[{"@type":"SearchAction","target":{"@type":"EntryPoint","urlTemplate":"https:\/\/cungtenhanoi.com\/?s={search_term_string}"},"query-input":"required name=search_term_string"}],"inLanguage":"vi"},{"@type":"Organization","@id":"https:\/\/cungtenhanoi.com\/#organization","name":"Cung T\u00ean H\u00e0 N\u1ed9i","url":"https:\/\/cungtenhanoi.com\/","sameAs":[],"logo":{"@type":"ImageObject","inLanguage":"vi","@id":"https:\/\/cungtenhanoi.com\/#\/schema\/logo\/image\/","url":"https:\/\/cungtenhanoi.com\/wp-content\/uploads\/2025\/05\/logo-den-trang.jpg","contentUrl":"https:\/\/cungtenhanoi.com\/wp-content\/uploads\/2025\/05\/logo-den-trang.jpg","width":450,"height":450,"caption":"Cung T\u00ean H\u00e0 N\u1ed9i"},"image":{"@id":"https:\/\/cungtenhanoi.com\/#\/schema\/logo\/image\/"}}]}},"_links":{"self":[{"href":"https:\/\/cungtenhanoi.com\/index.php?rest_route=\/wp\/v2\/product\/16345"}],"collection":[{"href":"https:\/\/cungtenhanoi.com\/index.php?rest_route=\/wp\/v2\/product"}],"about":[{"href":"https:\/\/cungtenhanoi.com\/index.php?rest_route=\/wp\/v2\/types\/product"}],"replies":[{"embeddable":true,"href":"https:\/\/cungtenhanoi.com\/index.php?rest_route=%2Fwp%2Fv2%2Fcomments&post=16345"}],"wp:featuredmedia":[{"embeddable":true,"href":"https:\/\/cungtenhanoi.com\/index.php?rest_route=\/wp\/v2\/media\/16346"}],"wp:attachment":[{"href":"https:\/\/cungtenhanoi.com\/index.php?rest_route=%2Fwp%2Fv2%2Fmedia&parent=16345"}],"wp:term":[{"taxonomy":"product_cat","embeddable":true,"href":"https:\/\/cungtenhanoi.com\/index.php?rest_route=%2Fwp%2Fv2%2Fproduct_cat&post=16345"},{"taxonomy":"product_tag","embeddable":true,"href":"https:\/\/cungtenhanoi.com\/index.php?rest_route=%2Fwp%2Fv2%2Fproduct_tag&post=16345"}],"curies":[{"name":"wp","href":"https:\/\/api.w.org\/{rel}","templated":true}]}}