{"id":16352,"date":"2025-08-28T10:11:06","date_gmt":"2025-08-28T03:11:06","guid":{"rendered":"https:\/\/cungtenhanoi.com\/?post_type=product&#038;p=16352"},"modified":"2026-04-14T10:26:22","modified_gmt":"2026-04-14T03:26:22","slug":"than-cung-nika-et-9-cacbon-riser","status":"publish","type":"product","link":"https:\/\/cungtenhanoi.com\/?product=than-cung-nika-et-9-cacbon-riser","title":{"rendered":"Th\u00e2n Cung NiKa ET-9 Cacbon riser"},"content":{"rendered":"<p style=\"text-align: center;\"><strong data-start=\"276\" data-end=\"321\">Cung T\u00ean H\u00e0 N\u1ed9i h\u1ee3p t\u00e1c c\u00f9ng Nika Archery<\/strong> ch\u00ednh th\u1ee9c ph\u00e2n ph\u1ed1i d\u00f2ng <strong data-start=\"348\" data-end=\"370\">Th\u00e2n Cung NiKa ET9<\/strong> cao c\u1ea5p v\u1edbi m\u1ee9c gi\u00e1 \u01b0u \u0111\u00e3i ch\u01b0a t\u1eebng c\u00f3 cho c\u1ed9ng \u0111\u1ed3ng b\u1eafn cung Vi\u1ec7t Nam.<\/p>\n<h3 style=\"text-align: center;\" data-start=\"938\" data-end=\"962\">\u01afu \u0111i\u1ec3m v\u01b0\u1ee3t tr\u1ed9i:<\/h3>\n<p style=\"text-align: center;\" data-start=\"963\" data-end=\"1432\">\u2705 <strong data-start=\"965\" data-end=\"988\">Si\u00eau nh\u1eb9 \u2013 Ch\u1ec9 830g<\/strong>, gi\u1ea3m t\u1ea3i t\u1ed1i \u0111a cho x\u1ea1 th\u1ee7 khi luy\u1ec7n t\u1eadp v\u00e0 thi \u0111\u1ea5u.<br data-start=\"1042\" data-end=\"1045\" \/>\u2705 <strong data-start=\"1047\" data-end=\"1089\">\u0110\u1ed9 c\u1ee9ng v\u00e0 h\u1ea5p th\u1ee5 ch\u1ea5n \u0111\u1ed9ng tuy\u1ec7t v\u1eddi<\/strong>, mang l\u1ea1i c\u1ea3m gi\u00e1c b\u1eafn m\u01b0\u1ee3t, ch\u00ednh x\u00e1c cao.<br data-start=\"1133\" data-end=\"1136\" \/>\u2705 <strong data-start=\"1138\" data-end=\"1179\">\u1ed4n \u0111\u1ecbnh trong m\u1ecdi \u0111i\u1ec1u ki\u1ec7n th\u1eddi ti\u1ebft<\/strong>, kh\u00f4ng b\u1ecb cong v\u00eanh hay \u1ea3nh h\u01b0\u1edfng b\u1edfi nhi\u1ec7t \u0111\u1ed9 v\u00e0 \u0111\u1ed9 \u1ea9m.<br data-start=\"1236\" data-end=\"1239\" \/>\u2705 <strong data-start=\"1241\" data-end=\"1275\">Thi\u1ebft k\u1ebf kh\u00ed \u0111\u1ed9ng h\u1ecdc hi\u1ec7n \u0111\u1ea1i<\/strong>, gia c\u00f4ng CNC s\u1eafc n\u00e9t, mang l\u1ea1i tr\u1ea3i nghi\u1ec7m b\u1eafn chuy\u00ean nghi\u1ec7p.<br data-start=\"1338\" data-end=\"1341\" \/>\u2705 <strong data-start=\"1343\" data-end=\"1385\">Carbon fiber b\u1ec1n \u2013 nh\u1eb9 \u2013 ch\u1ed1ng m\u00e0i m\u00f2n<\/strong>, v\u01b0\u1ee3t tr\u1ed9i so v\u1edbi h\u1ee3p kim nh\u00f4m truy\u1ec1n th\u1ed1ng.<\/p>\n<h3 style=\"text-align: center;\" data-start=\"1434\" data-end=\"1461\"><img loading=\"lazy\" class=\"alignnone size-medium wp-image-16353\" src=\"https:\/\/cungtenhanoi.com\/wp-content\/uploads\/2025\/08\/et9-400x400.jpg\" alt=\"\" width=\"400\" height=\"400\" srcset=\"https:\/\/cungtenhanoi.com\/wp-content\/uploads\/2025\/08\/et9-400x400.jpg 400w, https:\/\/cungtenhanoi.com\/wp-content\/uploads\/2025\/08\/et9-280x280.jpg 280w, https:\/\/cungtenhanoi.com\/wp-content\/uploads\/2025\/08\/et9-768x768.jpg 768w, https:\/\/cungtenhanoi.com\/wp-content\/uploads\/2025\/08\/et9-45x45.jpg 45w, https:\/\/cungtenhanoi.com\/wp-content\/uploads\/2025\/08\/et9-300x300.jpg 300w, https:\/\/cungtenhanoi.com\/wp-content\/uploads\/2025\/08\/et9-600x600.jpg 600w, https:\/\/cungtenhanoi.com\/wp-content\/uploads\/2025\/08\/et9-100x100.jpg 100w, https:\/\/cungtenhanoi.com\/wp-content\/uploads\/2025\/08\/et9-64x64.jpg 64w, https:\/\/cungtenhanoi.com\/wp-content\/uploads\/2025\/08\/et9.jpg 800w\" sizes=\"(max-width: 400px) 100vw, 400px\" \/><\/h3>\n<h3 style=\"text-align: center;\" data-start=\"1434\" data-end=\"1461\">V\u00ec sao ch\u1ecdn NiKa ET9?<\/h3>\n<h3 style=\"text-align: center;\" data-start=\"1434\" data-end=\"1461\"><img loading=\"lazy\" class=\"size-medium wp-image-16354 aligncenter\" src=\"https:\/\/cungtenhanoi.com\/wp-content\/uploads\/2025\/08\/Untitled-6-4-400x400.jpg\" alt=\"\" width=\"400\" height=\"400\" srcset=\"https:\/\/cungtenhanoi.com\/wp-content\/uploads\/2025\/08\/Untitled-6-4-400x400.jpg 400w, https:\/\/cungtenhanoi.com\/wp-content\/uploads\/2025\/08\/Untitled-6-4-280x280.jpg 280w, https:\/\/cungtenhanoi.com\/wp-content\/uploads\/2025\/08\/Untitled-6-4-768x768.jpg 768w, https:\/\/cungtenhanoi.com\/wp-content\/uploads\/2025\/08\/Untitled-6-4-45x45.jpg 45w, https:\/\/cungtenhanoi.com\/wp-content\/uploads\/2025\/08\/Untitled-6-4-300x300.jpg 300w, https:\/\/cungtenhanoi.com\/wp-content\/uploads\/2025\/08\/Untitled-6-4-600x600.jpg 600w, https:\/\/cungtenhanoi.com\/wp-content\/uploads\/2025\/08\/Untitled-6-4-100x100.jpg 100w, https:\/\/cungtenhanoi.com\/wp-content\/uploads\/2025\/08\/Untitled-6-4-64x64.jpg 64w, https:\/\/cungtenhanoi.com\/wp-content\/uploads\/2025\/08\/Untitled-6-4.jpg 800w\" sizes=\"(max-width: 400px) 100vw, 400px\" \/> <img loading=\"lazy\" class=\"size-medium wp-image-16355 aligncenter\" src=\"https:\/\/cungtenhanoi.com\/wp-content\/uploads\/2025\/08\/Untitled-7-4-519x400.jpg\" alt=\"\" width=\"519\" height=\"400\" srcset=\"https:\/\/cungtenhanoi.com\/wp-content\/uploads\/2025\/08\/Untitled-7-4-519x400.jpg 519w, https:\/\/cungtenhanoi.com\/wp-content\/uploads\/2025\/08\/Untitled-7-4-768x592.jpg 768w, https:\/\/cungtenhanoi.com\/wp-content\/uploads\/2025\/08\/Untitled-7-4-600x463.jpg 600w, https:\/\/cungtenhanoi.com\/wp-content\/uploads\/2025\/08\/Untitled-7-4-64x49.jpg 64w, https:\/\/cungtenhanoi.com\/wp-content\/uploads\/2025\/08\/Untitled-7-4.jpg 774w\" sizes=\"(max-width: 519px) 100vw, 519px\" \/> <img loading=\"lazy\" class=\"size-medium wp-image-16356 aligncenter\" src=\"https:\/\/cungtenhanoi.com\/wp-content\/uploads\/2025\/08\/Untitled-8-3-400x400.jpg\" alt=\"\" width=\"400\" height=\"400\" srcset=\"https:\/\/cungtenhanoi.com\/wp-content\/uploads\/2025\/08\/Untitled-8-3-400x400.jpg 400w, https:\/\/cungtenhanoi.com\/wp-content\/uploads\/2025\/08\/Untitled-8-3-280x280.jpg 280w, https:\/\/cungtenhanoi.com\/wp-content\/uploads\/2025\/08\/Untitled-8-3-45x45.jpg 45w, https:\/\/cungtenhanoi.com\/wp-content\/uploads\/2025\/08\/Untitled-8-3-300x300.jpg 300w, https:\/\/cungtenhanoi.com\/wp-content\/uploads\/2025\/08\/Untitled-8-3-100x100.jpg 100w, https:\/\/cungtenhanoi.com\/wp-content\/uploads\/2025\/08\/Untitled-8-3-64x64.jpg 64w, https:\/\/cungtenhanoi.com\/wp-content\/uploads\/2025\/08\/Untitled-8-3.jpg 600w\" sizes=\"(max-width: 400px) 100vw, 400px\" \/> <img loading=\"lazy\" class=\"size-medium wp-image-16357 aligncenter\" src=\"https:\/\/cungtenhanoi.com\/wp-content\/uploads\/2025\/08\/Untitled-9-1-400x400.jpg\" alt=\"\" width=\"400\" height=\"400\" srcset=\"https:\/\/cungtenhanoi.com\/wp-content\/uploads\/2025\/08\/Untitled-9-1-400x400.jpg 400w, https:\/\/cungtenhanoi.com\/wp-content\/uploads\/2025\/08\/Untitled-9-1-280x280.jpg 280w, https:\/\/cungtenhanoi.com\/wp-content\/uploads\/2025\/08\/Untitled-9-1-45x45.jpg 45w, https:\/\/cungtenhanoi.com\/wp-content\/uploads\/2025\/08\/Untitled-9-1-300x300.jpg 300w, https:\/\/cungtenhanoi.com\/wp-content\/uploads\/2025\/08\/Untitled-9-1-600x600.jpg 600w, https:\/\/cungtenhanoi.com\/wp-content\/uploads\/2025\/08\/Untitled-9-1-100x100.jpg 100w, https:\/\/cungtenhanoi.com\/wp-content\/uploads\/2025\/08\/Untitled-9-1-64x64.jpg 64w, https:\/\/cungtenhanoi.com\/wp-content\/uploads\/2025\/08\/Untitled-9-1.jpg 750w\" sizes=\"(max-width: 400px) 100vw, 400px\" \/> <img loading=\"lazy\" class=\"size-medium wp-image-16358 aligncenter\" src=\"https:\/\/cungtenhanoi.com\/wp-content\/uploads\/2025\/08\/Untitled-10-1-400x400.jpg\" alt=\"\" width=\"400\" height=\"400\" srcset=\"https:\/\/cungtenhanoi.com\/wp-content\/uploads\/2025\/08\/Untitled-10-1-400x400.jpg 400w, https:\/\/cungtenhanoi.com\/wp-content\/uploads\/2025\/08\/Untitled-10-1-280x280.jpg 280w, https:\/\/cungtenhanoi.com\/wp-content\/uploads\/2025\/08\/Untitled-10-1-768x768.jpg 768w, https:\/\/cungtenhanoi.com\/wp-content\/uploads\/2025\/08\/Untitled-10-1-45x45.jpg 45w, https:\/\/cungtenhanoi.com\/wp-content\/uploads\/2025\/08\/Untitled-10-1-300x300.jpg 300w, https:\/\/cungtenhanoi.com\/wp-content\/uploads\/2025\/08\/Untitled-10-1-600x600.jpg 600w, https:\/\/cungtenhanoi.com\/wp-content\/uploads\/2025\/08\/Untitled-10-1-100x100.jpg 100w, https:\/\/cungtenhanoi.com\/wp-content\/uploads\/2025\/08\/Untitled-10-1-64x64.jpg 64w, https:\/\/cungtenhanoi.com\/wp-content\/uploads\/2025\/08\/Untitled-10-1.jpg 800w\" sizes=\"(max-width: 400px) 100vw, 400px\" \/> <img loading=\"lazy\" class=\"size-medium wp-image-16359 aligncenter\" src=\"https:\/\/cungtenhanoi.com\/wp-content\/uploads\/2025\/08\/Untitled-11-400x400.jpg\" alt=\"\" width=\"400\" height=\"400\" srcset=\"https:\/\/cungtenhanoi.com\/wp-content\/uploads\/2025\/08\/Untitled-11-400x400.jpg 400w, https:\/\/cungtenhanoi.com\/wp-content\/uploads\/2025\/08\/Untitled-11-280x280.jpg 280w, https:\/\/cungtenhanoi.com\/wp-content\/uploads\/2025\/08\/Untitled-11-768x768.jpg 768w, https:\/\/cungtenhanoi.com\/wp-content\/uploads\/2025\/08\/Untitled-11-45x45.jpg 45w, https:\/\/cungtenhanoi.com\/wp-content\/uploads\/2025\/08\/Untitled-11-300x300.jpg 300w, https:\/\/cungtenhanoi.com\/wp-content\/uploads\/2025\/08\/Untitled-11-600x600.jpg 600w, https:\/\/cungtenhanoi.com\/wp-content\/uploads\/2025\/08\/Untitled-11-100x100.jpg 100w, https:\/\/cungtenhanoi.com\/wp-content\/uploads\/2025\/08\/Untitled-11-64x64.jpg 64w, https:\/\/cungtenhanoi.com\/wp-content\/uploads\/2025\/08\/Untitled-11.jpg 800w\" sizes=\"(max-width: 400px) 100vw, 400px\" \/> <img loading=\"lazy\" class=\"size-medium wp-image-16360 aligncenter\" src=\"https:\/\/cungtenhanoi.com\/wp-content\/uploads\/2025\/08\/Untitled-12-400x400.jpg\" alt=\"\" width=\"400\" height=\"400\" srcset=\"https:\/\/cungtenhanoi.com\/wp-content\/uploads\/2025\/08\/Untitled-12-400x400.jpg 400w, https:\/\/cungtenhanoi.com\/wp-content\/uploads\/2025\/08\/Untitled-12-800x800.jpg 800w, https:\/\/cungtenhanoi.com\/wp-content\/uploads\/2025\/08\/Untitled-12-280x280.jpg 280w, https:\/\/cungtenhanoi.com\/wp-content\/uploads\/2025\/08\/Untitled-12-768x768.jpg 768w, https:\/\/cungtenhanoi.com\/wp-content\/uploads\/2025\/08\/Untitled-12-45x45.jpg 45w, https:\/\/cungtenhanoi.com\/wp-content\/uploads\/2025\/08\/Untitled-12-300x300.jpg 300w, https:\/\/cungtenhanoi.com\/wp-content\/uploads\/2025\/08\/Untitled-12-600x600.jpg 600w, https:\/\/cungtenhanoi.com\/wp-content\/uploads\/2025\/08\/Untitled-12-100x100.jpg 100w, https:\/\/cungtenhanoi.com\/wp-content\/uploads\/2025\/08\/Untitled-12-64x64.jpg 64w, https:\/\/cungtenhanoi.com\/wp-content\/uploads\/2025\/08\/Untitled-12.jpg 1303w\" sizes=\"(max-width: 400px) 100vw, 400px\" \/> <img loading=\"lazy\" class=\"size-medium wp-image-16361 aligncenter\" src=\"https:\/\/cungtenhanoi.com\/wp-content\/uploads\/2025\/08\/Untitled-13-400x400.jpg\" alt=\"\" width=\"400\" height=\"400\" srcset=\"https:\/\/cungtenhanoi.com\/wp-content\/uploads\/2025\/08\/Untitled-13-400x400.jpg 400w, https:\/\/cungtenhanoi.com\/wp-content\/uploads\/2025\/08\/Untitled-13-280x280.jpg 280w, https:\/\/cungtenhanoi.com\/wp-content\/uploads\/2025\/08\/Untitled-13-45x45.jpg 45w, https:\/\/cungtenhanoi.com\/wp-content\/uploads\/2025\/08\/Untitled-13-300x300.jpg 300w, https:\/\/cungtenhanoi.com\/wp-content\/uploads\/2025\/08\/Untitled-13-600x600.jpg 600w, https:\/\/cungtenhanoi.com\/wp-content\/uploads\/2025\/08\/Untitled-13-100x100.jpg 100w, https:\/\/cungtenhanoi.com\/wp-content\/uploads\/2025\/08\/Untitled-13-64x64.jpg 64w, https:\/\/cungtenhanoi.com\/wp-content\/uploads\/2025\/08\/Untitled-13.jpg 750w\" sizes=\"(max-width: 400px) 100vw, 400px\" \/><\/h3>\n<p>&nbsp;<\/p>\n<ul style=\"text-align: center;\" data-start=\"1462\" data-end=\"1811\">\n<li data-start=\"1462\" data-end=\"1573\">\n<p data-start=\"1464\" data-end=\"1573\">\u0110\u00e2y l\u00e0 d\u00f2ng <strong data-start=\"1476\" data-end=\"1506\">th\u00e2n cung th\u1ec3 thao cao c\u1ea5p<\/strong> ph\u00f9 h\u1ee3p cho c\u1ea3 <strong data-start=\"1522\" data-end=\"1570\">t\u1eadp luy\u1ec7n, gi\u1ea3i tr\u00ed v\u00e0 thi \u0111\u1ea5u chuy\u00ean nghi\u1ec7p<\/strong>.<\/p>\n<\/li>\n<li data-start=\"1574\" data-end=\"1672\">\n<p data-start=\"1576\" data-end=\"1672\">Thi\u1ebft k\u1ebf t\u1ed1i \u01b0u cho t\u1ed1c \u0111\u1ed9 v\u00e0 s\u1ef1 \u1ed5n \u0111\u1ecbnh, mang \u0111\u1ebfn l\u1ee3i th\u1ebf l\u1edbn trong nh\u1eefng lo\u1ea1t b\u1eafn \u0111\u01b0\u1eddng d\u00e0i.<\/p>\n<\/li>\n<li data-start=\"1673\" data-end=\"1811\">\n<p data-start=\"1675\" data-end=\"1811\">H\u1ee3p t\u00e1c ph\u00e2n ph\u1ed1i <strong data-start=\"1693\" data-end=\"1743\">ch\u00ednh h\u00e3ng gi\u1eefa Cung T\u00ean H\u00e0 N\u1ed9i &amp; Nika Archery<\/strong> \u0111\u1ea3m b\u1ea3o h\u00e0ng chu\u1ea9n qu\u1ed1c t\u1ebf, <strong data-start=\"1772\" data-end=\"1808\">gi\u00e1 t\u1eadn g\u1ed1c \u01b0u \u0111\u00e3i nh\u1ea5t Vi\u1ec7t Nam<\/strong>.<\/p>\n<\/li>\n<\/ul>\n<p style=\"text-align: center;\" data-start=\"1813\" data-end=\"1945\">???? N\u1ebfu b\u1ea1n \u0111ang t\u00ecm ki\u1ebfm m\u1ed9t <strong data-start=\"1842\" data-end=\"1874\">th\u00e2n cung carbon ILF cao c\u1ea5p<\/strong>, nh\u1eb9, b\u1ec1n v\u00e0 ch\u00ednh x\u00e1c, th\u00ec <strong data-start=\"1903\" data-end=\"1915\">NiKa ET9<\/strong> ch\u00ednh l\u00e0 l\u1ef1a ch\u1ecdn ho\u00e0n h\u1ea3o!<\/p>\n","protected":false},"excerpt":{"rendered":"<h3 data-start=\"447\" data-end=\"469\">Th\u00f4ng s\u1ed1 k\u1ef9 thu\u1eadt:<\/h3>\n<ul data-start=\"470\" data-end=\"936\">\n<li data-start=\"470\" data-end=\"513\">\n<p data-start=\"472\" data-end=\"513\">Chi\u1ec1u d\u00e0i: <strong data-start=\"483\" data-end=\"511\">25 inch (RH) \u2013 chu\u1ea9n ILF<\/strong><\/p>\n<\/li>\n<li data-start=\"514\" data-end=\"554\">\n<p data-start=\"516\" data-end=\"554\">Tr\u1ecdng l\u01b0\u1ee3ng: <strong data-start=\"529\" data-end=\"541\">830 gram<\/strong> (si\u00eau nh\u1eb9)<\/p>\n<\/li>\n<li data-start=\"555\" data-end=\"667\">\n<p data-start=\"557\" data-end=\"667\">Ch\u1ea5t li\u1ec7u: <strong data-start=\"568\" data-end=\"592\">Carbon Fiber cao c\u1ea5p<\/strong>, k\u1ebft h\u1ee3p <strong data-start=\"602\" data-end=\"622\">3K Grain Prepreg<\/strong> v\u00e0 <strong data-start=\"626\" data-end=\"665\">Unidirectional Prepreg Carbon Fiber<\/strong><\/p>\n<\/li>\n<li data-start=\"668\" data-end=\"731\">\n<p data-start=\"670\" data-end=\"731\">C\u00f4ng ngh\u1ec7: <strong data-start=\"681\" data-end=\"707\">Gia c\u00f4ng CNC ch\u00ednh x\u00e1c<\/strong>, \u00e9p nhi\u1ec7t \u00e1p su\u1ea5t cao<\/p>\n<\/li>\n<li data-start=\"732\" data-end=\"881\">\n<p data-start=\"734\" data-end=\"744\">B\u1ed9 ph\u1eadn:<\/p>\n<ul data-start=\"747\" data-end=\"881\">\n<li data-start=\"747\" data-end=\"794\">\n<p data-start=\"749\" data-end=\"794\">Bul\u00f4ng g\u1eafn c\u00e1nh cung b\u1eb1ng th\u00e9p kh\u00f4ng g\u1ec9 M12<\/p>\n<\/li>\n<li data-start=\"797\" data-end=\"835\">\n<p data-start=\"799\" data-end=\"835\">T\u1ea5m c\u0103n ch\u1ec9nh <strong data-start=\"813\" data-end=\"824\">7075-T6<\/strong> si\u00eau b\u1ec1n<\/p>\n<\/li>\n<li data-start=\"838\" data-end=\"881\">\n<p data-start=\"840\" data-end=\"881\">Tay c\u1ea7m g\u1ed7 c\u00f4ng ngh\u1ec7 cao, c\u1ea7m tho\u1ea3i m\u00e1i<\/p>\n<\/li>\n<\/ul>\n<\/li>\n<li data-start=\"882\" data-end=\"936\">\n<p data-start=\"884\" data-end=\"936\">Chi\u1ec1u cao d\u00e2y cung khuy\u1ebfn ngh\u1ecb: <strong data-start=\"916\" data-end=\"934\">8.5 \u2013 9 inches<\/strong><\/p>\n<\/li>\n<\/ul>\n","protected":false},"featured_media":16353,"comment_status":"open","ping_status":"closed","template":"","meta":[],"product_cat":[1424,17],"product_tag":[200,60,94,1417,168,197,1431,1359,118],"acf":[],"yoast_head":"<!-- This site is optimized with the Yoast SEO plugin v19.8 - https:\/\/yoast.com\/wordpress\/plugins\/seo\/ -->\n<title>Th\u00e2n Cung NiKa ET-9 Cacbon riser - Cung T\u00ean H\u00e0 N\u1ed9i<\/title>\n<meta name=\"description\" content=\"Kh\u00e1m ph\u00e1 th\u00e2n cung NiKa ET9 Carbon Fiber ILF 25\u201d si\u00eau nh\u1eb9, b\u1ec1n, \u1ed5n \u0111\u1ecbnh. Ph\u00e2n ph\u1ed1i ch\u00ednh h\u00e3ng t\u1ea1i Cung T\u00ean H\u00e0 N\u1ed9i \u2013 Gi\u00e1 \u01b0u \u0111\u00e3i ch\u01b0a t\u1eebng c\u00f3!\" \/>\n<meta name=\"robots\" content=\"index, follow, max-snippet:-1, max-image-preview:large, max-video-preview:-1\" \/>\n<link rel=\"canonical\" href=\"https:\/\/cungtenhanoi.com\/?product=than-cung-nika-et-9-cacbon-riser\" \/>\n<meta property=\"og:locale\" content=\"vi_VN\" \/>\n<meta property=\"og:type\" content=\"article\" \/>\n<meta property=\"og:title\" content=\"Th\u00e2n Cung NiKa ET-9 Cacbon riser - Cung T\u00ean H\u00e0 N\u1ed9i\" \/>\n<meta property=\"og:description\" content=\"Kh\u00e1m ph\u00e1 th\u00e2n cung NiKa ET9 Carbon Fiber ILF 25\u201d si\u00eau nh\u1eb9, b\u1ec1n, \u1ed5n \u0111\u1ecbnh. Ph\u00e2n ph\u1ed1i ch\u00ednh h\u00e3ng t\u1ea1i Cung T\u00ean H\u00e0 N\u1ed9i \u2013 Gi\u00e1 \u01b0u \u0111\u00e3i ch\u01b0a t\u1eebng c\u00f3!\" \/>\n<meta property=\"og:url\" content=\"https:\/\/cungtenhanoi.com\/?product=than-cung-nika-et-9-cacbon-riser\" \/>\n<meta property=\"og:site_name\" content=\"Cung T\u00ean H\u00e0 N\u1ed9i\" \/>\n<meta property=\"article:modified_time\" content=\"2026-04-14T03:26:22+00:00\" \/>\n<meta property=\"og:image\" content=\"https:\/\/cungtenhanoi.com\/wp-content\/uploads\/2025\/08\/et9.jpg\" \/>\n\t<meta property=\"og:image:width\" content=\"800\" \/>\n\t<meta property=\"og:image:height\" content=\"800\" \/>\n\t<meta property=\"og:image:type\" content=\"image\/jpeg\" \/>\n<meta name=\"twitter:card\" content=\"summary_large_image\" \/>\n<meta name=\"twitter:label1\" content=\"\u01af\u1edbc t\u00ednh th\u1eddi gian \u0111\u1ecdc\" \/>\n\t<meta name=\"twitter:data1\" content=\"4 ph\u00fat\" \/>\n<script type=\"application\/ld+json\" class=\"yoast-schema-graph\">{\"@context\":\"https:\/\/schema.org\",\"@graph\":[{\"@type\":\"WebPage\",\"@id\":\"https:\/\/cungtenhanoi.com\/?product=than-cung-nika-et-9-cacbon-riser\",\"url\":\"https:\/\/cungtenhanoi.com\/?product=than-cung-nika-et-9-cacbon-riser\",\"name\":\"Th\u00e2n Cung NiKa ET-9 Cacbon riser - Cung T\u00ean H\u00e0 N\u1ed9i\",\"isPartOf\":{\"@id\":\"https:\/\/cungtenhanoi.com\/#website\"},\"datePublished\":\"2025-08-28T03:11:06+00:00\",\"dateModified\":\"2026-04-14T03:26:22+00:00\",\"description\":\"Kh\u00e1m ph\u00e1 th\u00e2n cung NiKa ET9 Carbon Fiber ILF 25\u201d si\u00eau nh\u1eb9, b\u1ec1n, \u1ed5n \u0111\u1ecbnh. Ph\u00e2n ph\u1ed1i ch\u00ednh h\u00e3ng t\u1ea1i Cung T\u00ean H\u00e0 N\u1ed9i \u2013 Gi\u00e1 \u01b0u \u0111\u00e3i ch\u01b0a t\u1eebng c\u00f3!\",\"breadcrumb\":{\"@id\":\"https:\/\/cungtenhanoi.com\/?product=than-cung-nika-et-9-cacbon-riser#breadcrumb\"},\"inLanguage\":\"vi\",\"potentialAction\":[{\"@type\":\"ReadAction\",\"target\":[\"https:\/\/cungtenhanoi.com\/?product=than-cung-nika-et-9-cacbon-riser\"]}]},{\"@type\":\"BreadcrumbList\",\"@id\":\"https:\/\/cungtenhanoi.com\/?product=than-cung-nika-et-9-cacbon-riser#breadcrumb\",\"itemListElement\":[{\"@type\":\"ListItem\",\"position\":1,\"name\":\"Trang ch\u1ee7\",\"item\":\"https:\/\/cungtenhanoi.com\/\"},{\"@type\":\"ListItem\",\"position\":2,\"name\":\"Shop\",\"item\":\"https:\/\/cungtenhanoi.com\/?page_id=6\"},{\"@type\":\"ListItem\",\"position\":3,\"name\":\"NiKa\",\"item\":\"https:\/\/cungtenhanoi.com\/?product_cat=nika\"},{\"@type\":\"ListItem\",\"position\":4,\"name\":\"Th\u00e2n Cung NiKa ET-9 Cacbon riser\"}]},{\"@type\":\"WebSite\",\"@id\":\"https:\/\/cungtenhanoi.com\/#website\",\"url\":\"https:\/\/cungtenhanoi.com\/\",\"name\":\"Cung T\u00ean H\u00e0 N\u1ed9i\",\"description\":\"Cung c\u1ea5p c\u00e1c lo\u1ea1i cung t\u00ean th\u1ec3 thao s\u1ed1 1 Vi\u1ec7t Nam\",\"publisher\":{\"@id\":\"https:\/\/cungtenhanoi.com\/#organization\"},\"potentialAction\":[{\"@type\":\"SearchAction\",\"target\":{\"@type\":\"EntryPoint\",\"urlTemplate\":\"https:\/\/cungtenhanoi.com\/?s={search_term_string}\"},\"query-input\":\"required name=search_term_string\"}],\"inLanguage\":\"vi\"},{\"@type\":\"Organization\",\"@id\":\"https:\/\/cungtenhanoi.com\/#organization\",\"name\":\"Cung T\u00ean H\u00e0 N\u1ed9i\",\"url\":\"https:\/\/cungtenhanoi.com\/\",\"sameAs\":[],\"logo\":{\"@type\":\"ImageObject\",\"inLanguage\":\"vi\",\"@id\":\"https:\/\/cungtenhanoi.com\/#\/schema\/logo\/image\/\",\"url\":\"https:\/\/cungtenhanoi.com\/wp-content\/uploads\/2025\/05\/logo-den-trang.jpg\",\"contentUrl\":\"https:\/\/cungtenhanoi.com\/wp-content\/uploads\/2025\/05\/logo-den-trang.jpg\",\"width\":450,\"height\":450,\"caption\":\"Cung T\u00ean H\u00e0 N\u1ed9i\"},\"image\":{\"@id\":\"https:\/\/cungtenhanoi.com\/#\/schema\/logo\/image\/\"}}]}<\/script>\n<!-- \/ Yoast SEO plugin. -->","yoast_head_json":{"title":"Th\u00e2n Cung NiKa ET-9 Cacbon riser - Cung T\u00ean H\u00e0 N\u1ed9i","description":"Kh\u00e1m ph\u00e1 th\u00e2n cung NiKa ET9 Carbon Fiber ILF 25\u201d si\u00eau nh\u1eb9, b\u1ec1n, \u1ed5n \u0111\u1ecbnh. Ph\u00e2n ph\u1ed1i ch\u00ednh h\u00e3ng t\u1ea1i Cung T\u00ean H\u00e0 N\u1ed9i \u2013 Gi\u00e1 \u01b0u \u0111\u00e3i ch\u01b0a t\u1eebng c\u00f3!","robots":{"index":"index","follow":"follow","max-snippet":"max-snippet:-1","max-image-preview":"max-image-preview:large","max-video-preview":"max-video-preview:-1"},"canonical":"https:\/\/cungtenhanoi.com\/?product=than-cung-nika-et-9-cacbon-riser","og_locale":"vi_VN","og_type":"article","og_title":"Th\u00e2n Cung NiKa ET-9 Cacbon riser - Cung T\u00ean H\u00e0 N\u1ed9i","og_description":"Kh\u00e1m ph\u00e1 th\u00e2n cung NiKa ET9 Carbon Fiber ILF 25\u201d si\u00eau nh\u1eb9, b\u1ec1n, \u1ed5n \u0111\u1ecbnh. Ph\u00e2n ph\u1ed1i ch\u00ednh h\u00e3ng t\u1ea1i Cung T\u00ean H\u00e0 N\u1ed9i \u2013 Gi\u00e1 \u01b0u \u0111\u00e3i ch\u01b0a t\u1eebng c\u00f3!","og_url":"https:\/\/cungtenhanoi.com\/?product=than-cung-nika-et-9-cacbon-riser","og_site_name":"Cung T\u00ean H\u00e0 N\u1ed9i","article_modified_time":"2026-04-14T03:26:22+00:00","og_image":[{"width":800,"height":800,"url":"https:\/\/cungtenhanoi.com\/wp-content\/uploads\/2025\/08\/et9.jpg","type":"image\/jpeg"}],"twitter_card":"summary_large_image","twitter_misc":{"\u01af\u1edbc t\u00ednh th\u1eddi gian \u0111\u1ecdc":"4 ph\u00fat"},"schema":{"@context":"https:\/\/schema.org","@graph":[{"@type":"WebPage","@id":"https:\/\/cungtenhanoi.com\/?product=than-cung-nika-et-9-cacbon-riser","url":"https:\/\/cungtenhanoi.com\/?product=than-cung-nika-et-9-cacbon-riser","name":"Th\u00e2n Cung NiKa ET-9 Cacbon riser - Cung T\u00ean H\u00e0 N\u1ed9i","isPartOf":{"@id":"https:\/\/cungtenhanoi.com\/#website"},"datePublished":"2025-08-28T03:11:06+00:00","dateModified":"2026-04-14T03:26:22+00:00","description":"Kh\u00e1m ph\u00e1 th\u00e2n cung NiKa ET9 Carbon Fiber ILF 25\u201d si\u00eau nh\u1eb9, b\u1ec1n, \u1ed5n \u0111\u1ecbnh. Ph\u00e2n ph\u1ed1i ch\u00ednh h\u00e3ng t\u1ea1i Cung T\u00ean H\u00e0 N\u1ed9i \u2013 Gi\u00e1 \u01b0u \u0111\u00e3i ch\u01b0a t\u1eebng c\u00f3!","breadcrumb":{"@id":"https:\/\/cungtenhanoi.com\/?product=than-cung-nika-et-9-cacbon-riser#breadcrumb"},"inLanguage":"vi","potentialAction":[{"@type":"ReadAction","target":["https:\/\/cungtenhanoi.com\/?product=than-cung-nika-et-9-cacbon-riser"]}]},{"@type":"BreadcrumbList","@id":"https:\/\/cungtenhanoi.com\/?product=than-cung-nika-et-9-cacbon-riser#breadcrumb","itemListElement":[{"@type":"ListItem","position":1,"name":"Trang ch\u1ee7","item":"https:\/\/cungtenhanoi.com\/"},{"@type":"ListItem","position":2,"name":"Shop","item":"https:\/\/cungtenhanoi.com\/?page_id=6"},{"@type":"ListItem","position":3,"name":"NiKa","item":"https:\/\/cungtenhanoi.com\/?product_cat=nika"},{"@type":"ListItem","position":4,"name":"Th\u00e2n Cung NiKa ET-9 Cacbon riser"}]},{"@type":"WebSite","@id":"https:\/\/cungtenhanoi.com\/#website","url":"https:\/\/cungtenhanoi.com\/","name":"Cung T\u00ean H\u00e0 N\u1ed9i","description":"Cung c\u1ea5p c\u00e1c lo\u1ea1i cung t\u00ean th\u1ec3 thao s\u1ed1 1 Vi\u1ec7t Nam","publisher":{"@id":"https:\/\/cungtenhanoi.com\/#organization"},"potentialAction":[{"@type":"SearchAction","target":{"@type":"EntryPoint","urlTemplate":"https:\/\/cungtenhanoi.com\/?s={search_term_string}"},"query-input":"required name=search_term_string"}],"inLanguage":"vi"},{"@type":"Organization","@id":"https:\/\/cungtenhanoi.com\/#organization","name":"Cung T\u00ean H\u00e0 N\u1ed9i","url":"https:\/\/cungtenhanoi.com\/","sameAs":[],"logo":{"@type":"ImageObject","inLanguage":"vi","@id":"https:\/\/cungtenhanoi.com\/#\/schema\/logo\/image\/","url":"https:\/\/cungtenhanoi.com\/wp-content\/uploads\/2025\/05\/logo-den-trang.jpg","contentUrl":"https:\/\/cungtenhanoi.com\/wp-content\/uploads\/2025\/05\/logo-den-trang.jpg","width":450,"height":450,"caption":"Cung T\u00ean H\u00e0 N\u1ed9i"},"image":{"@id":"https:\/\/cungtenhanoi.com\/#\/schema\/logo\/image\/"}}]}},"_links":{"self":[{"href":"https:\/\/cungtenhanoi.com\/index.php?rest_route=\/wp\/v2\/product\/16352"}],"collection":[{"href":"https:\/\/cungtenhanoi.com\/index.php?rest_route=\/wp\/v2\/product"}],"about":[{"href":"https:\/\/cungtenhanoi.com\/index.php?rest_route=\/wp\/v2\/types\/product"}],"replies":[{"embeddable":true,"href":"https:\/\/cungtenhanoi.com\/index.php?rest_route=%2Fwp%2Fv2%2Fcomments&post=16352"}],"wp:featuredmedia":[{"embeddable":true,"href":"https:\/\/cungtenhanoi.com\/index.php?rest_route=\/wp\/v2\/media\/16353"}],"wp:attachment":[{"href":"https:\/\/cungtenhanoi.com\/index.php?rest_route=%2Fwp%2Fv2%2Fmedia&parent=16352"}],"wp:term":[{"taxonomy":"product_cat","embeddable":true,"href":"https:\/\/cungtenhanoi.com\/index.php?rest_route=%2Fwp%2Fv2%2Fproduct_cat&post=16352"},{"taxonomy":"product_tag","embeddable":true,"href":"https:\/\/cungtenhanoi.com\/index.php?rest_route=%2Fwp%2Fv2%2Fproduct_tag&post=16352"}],"curies":[{"name":"wp","href":"https:\/\/api.w.org\/{rel}","templated":true}]}}