{"id":16380,"date":"2026-01-13T20:05:34","date_gmt":"2026-01-13T13:05:34","guid":{"rendered":"https:\/\/cungtenhanoi.com\/?post_type=product&#038;p=16380"},"modified":"2026-04-14T10:22:08","modified_gmt":"2026-04-14T03:22:08","slug":"cung-compound-tro-luc-tbow-k3","status":"publish","type":"product","link":"https:\/\/cungtenhanoi.com\/?product=cung-compound-tro-luc-tbow-k3","title":{"rendered":"Cung Compound tr\u1ee3 l\u1ef1c TBow- K3"},"content":{"rendered":"<p><iframe loading=\"lazy\" title=\"M\u1eabu cung m\u1edbi K3 b\u1eafn #cungtenhanoi #archery #bancung #cungten #bowhunting #cungtenthethao\" width=\"563\" height=\"1000\" src=\"https:\/\/www.youtube.com\/embed\/em1XQB5bFv4?feature=oembed\" frameborder=\"0\" allow=\"accelerometer; autoplay; clipboard-write; encrypted-media; gyroscope; picture-in-picture; web-share\" referrerpolicy=\"strict-origin-when-cross-origin\" allowfullscreen><\/iframe><\/p>\n<p><img loading=\"lazy\" class=\"size-medium wp-image-16383 aligncenter\" src=\"https:\/\/cungtenhanoi.com\/wp-content\/uploads\/2026\/01\/407fd30043d0f88cb25e5c390856ff43-400x400.jpeg\" alt=\"\" width=\"400\" height=\"400\" srcset=\"https:\/\/cungtenhanoi.com\/wp-content\/uploads\/2026\/01\/407fd30043d0f88cb25e5c390856ff43-400x400.jpeg 400w, https:\/\/cungtenhanoi.com\/wp-content\/uploads\/2026\/01\/407fd30043d0f88cb25e5c390856ff43-280x280.jpeg 280w, https:\/\/cungtenhanoi.com\/wp-content\/uploads\/2026\/01\/407fd30043d0f88cb25e5c390856ff43-768x768.jpeg 768w, https:\/\/cungtenhanoi.com\/wp-content\/uploads\/2026\/01\/407fd30043d0f88cb25e5c390856ff43-45x45.jpeg 45w, https:\/\/cungtenhanoi.com\/wp-content\/uploads\/2026\/01\/407fd30043d0f88cb25e5c390856ff43-300x300.jpeg 300w, https:\/\/cungtenhanoi.com\/wp-content\/uploads\/2026\/01\/407fd30043d0f88cb25e5c390856ff43-600x600.jpeg 600w, https:\/\/cungtenhanoi.com\/wp-content\/uploads\/2026\/01\/407fd30043d0f88cb25e5c390856ff43-100x100.jpeg 100w, https:\/\/cungtenhanoi.com\/wp-content\/uploads\/2026\/01\/407fd30043d0f88cb25e5c390856ff43-64x64.jpeg 64w, https:\/\/cungtenhanoi.com\/wp-content\/uploads\/2026\/01\/407fd30043d0f88cb25e5c390856ff43.jpeg 800w\" sizes=\"(max-width: 400px) 100vw, 400px\" \/> <img loading=\"lazy\" class=\"size-medium wp-image-16382 aligncenter\" src=\"https:\/\/cungtenhanoi.com\/wp-content\/uploads\/2026\/01\/IMG_1831-739x400.jpeg\" alt=\"\" width=\"739\" height=\"400\" srcset=\"https:\/\/cungtenhanoi.com\/wp-content\/uploads\/2026\/01\/IMG_1831-739x400.jpeg 739w, https:\/\/cungtenhanoi.com\/wp-content\/uploads\/2026\/01\/IMG_1831-768x416.jpeg 768w, https:\/\/cungtenhanoi.com\/wp-content\/uploads\/2026\/01\/IMG_1831-600x325.jpeg 600w, https:\/\/cungtenhanoi.com\/wp-content\/uploads\/2026\/01\/IMG_1831-64x35.jpeg 64w, https:\/\/cungtenhanoi.com\/wp-content\/uploads\/2026\/01\/IMG_1831.jpeg 1284w\" sizes=\"(max-width: 739px) 100vw, 739px\" \/> <img loading=\"lazy\" class=\"size-medium wp-image-16381 aligncenter\" src=\"https:\/\/cungtenhanoi.com\/wp-content\/uploads\/2026\/01\/IMG_1834-417x400.jpeg\" alt=\"\" width=\"417\" height=\"400\" srcset=\"https:\/\/cungtenhanoi.com\/wp-content\/uploads\/2026\/01\/IMG_1834-417x400.jpeg 417w, https:\/\/cungtenhanoi.com\/wp-content\/uploads\/2026\/01\/IMG_1834-768x737.jpeg 768w, https:\/\/cungtenhanoi.com\/wp-content\/uploads\/2026\/01\/IMG_1834-600x575.jpeg 600w, https:\/\/cungtenhanoi.com\/wp-content\/uploads\/2026\/01\/IMG_1834-64x61.jpeg 64w, https:\/\/cungtenhanoi.com\/wp-content\/uploads\/2026\/01\/IMG_1834.jpeg 830w\" sizes=\"(max-width: 417px) 100vw, 417px\" \/><\/p>\n","protected":false},"excerpt":{"rendered":"<p>Cung tr\u1ee3 l\u1ef1c Tbow K3 b\u1eafn c\u1ea3 bi s\u1eaft v\u00e0 t\u00ean<br \/>\nM\u1eabu : K3 m\u1edbi<br \/>\nL\u1ef1c b\u1eafn: 20-70lbs<br \/>\nChi\u1ec1u d\u00e0i: 65cm<br \/>\nTr\u1ee3 l\u1ef1c: 80%<br \/>\nT\u1ed1c \u0111\u1ed9 : 430fps\/s<br \/>\nChi\u1ec1u cao: 17cm<\/p>\n","protected":false},"featured_media":16381,"comment_status":"open","ping_status":"closed","template":"","meta":[],"product_cat":[17],"product_tag":[198,86,257,264,1432,1433],"acf":[],"yoast_head":"<!-- This site is optimized with the Yoast SEO plugin v19.8 - https:\/\/yoast.com\/wordpress\/plugins\/seo\/ -->\n<title>Cung Compound tr\u1ee3 l\u1ef1c TBow- K3 - Cung T\u00ean H\u00e0 N\u1ed9i<\/title>\n<meta name=\"description\" content=\"mua cung t\u00ean th\u1ec3 thao, mua cung t\u00ean t\u1ea1i h\u00e0 n\u1ed9i, cung tr\u1ee3 l\u1ef1c, cung compound, cung t\u00ean ch\u00ednh h\u00e3ng, cung t\u00ean m\u1ea1nh,cung t\u00ean h\u00e0 n\u1ed9i, cung t\u00ean , mua cung t\u00ean S\u00e0i g\u00f2n , mua m\u0169i t\u00ean b\u1eafn cung , cung b\u1eafn bi s\u1eaft , cung t\u00ean mini\" \/>\n<meta name=\"robots\" content=\"index, follow, max-snippet:-1, max-image-preview:large, max-video-preview:-1\" \/>\n<link rel=\"canonical\" href=\"https:\/\/cungtenhanoi.com\/?product=cung-compound-tro-luc-tbow-k3\" \/>\n<meta property=\"og:locale\" content=\"vi_VN\" \/>\n<meta property=\"og:type\" content=\"article\" \/>\n<meta property=\"og:title\" content=\"Cung Compound tr\u1ee3 l\u1ef1c TBow- K3 - Cung T\u00ean H\u00e0 N\u1ed9i\" \/>\n<meta property=\"og:description\" content=\"mua cung t\u00ean th\u1ec3 thao, mua cung t\u00ean t\u1ea1i h\u00e0 n\u1ed9i, cung tr\u1ee3 l\u1ef1c, cung compound, cung t\u00ean ch\u00ednh h\u00e3ng, cung t\u00ean m\u1ea1nh,cung t\u00ean h\u00e0 n\u1ed9i, cung t\u00ean , mua cung t\u00ean S\u00e0i g\u00f2n , mua m\u0169i t\u00ean b\u1eafn cung , cung b\u1eafn bi s\u1eaft , cung t\u00ean mini\" \/>\n<meta property=\"og:url\" content=\"https:\/\/cungtenhanoi.com\/?product=cung-compound-tro-luc-tbow-k3\" \/>\n<meta property=\"og:site_name\" content=\"Cung T\u00ean H\u00e0 N\u1ed9i\" \/>\n<meta property=\"article:modified_time\" content=\"2026-04-14T03:22:08+00:00\" \/>\n<meta property=\"og:image\" content=\"https:\/\/cungtenhanoi.com\/wp-content\/uploads\/2026\/01\/IMG_1834.jpeg\" \/>\n\t<meta property=\"og:image:width\" content=\"830\" \/>\n\t<meta property=\"og:image:height\" content=\"796\" \/>\n\t<meta property=\"og:image:type\" content=\"image\/jpeg\" \/>\n<meta name=\"twitter:card\" content=\"summary_large_image\" \/>\n<meta name=\"twitter:label1\" content=\"\u01af\u1edbc t\u00ednh th\u1eddi gian \u0111\u1ecdc\" \/>\n\t<meta name=\"twitter:data1\" content=\"1 ph\u00fat\" \/>\n<script type=\"application\/ld+json\" class=\"yoast-schema-graph\">{\"@context\":\"https:\/\/schema.org\",\"@graph\":[{\"@type\":\"WebPage\",\"@id\":\"https:\/\/cungtenhanoi.com\/?product=cung-compound-tro-luc-tbow-k3\",\"url\":\"https:\/\/cungtenhanoi.com\/?product=cung-compound-tro-luc-tbow-k3\",\"name\":\"Cung Compound tr\u1ee3 l\u1ef1c TBow- K3 - Cung T\u00ean H\u00e0 N\u1ed9i\",\"isPartOf\":{\"@id\":\"https:\/\/cungtenhanoi.com\/#website\"},\"datePublished\":\"2026-01-13T13:05:34+00:00\",\"dateModified\":\"2026-04-14T03:22:08+00:00\",\"description\":\"mua cung t\u00ean th\u1ec3 thao, mua cung t\u00ean t\u1ea1i h\u00e0 n\u1ed9i, cung tr\u1ee3 l\u1ef1c, cung compound, cung t\u00ean ch\u00ednh h\u00e3ng, cung t\u00ean m\u1ea1nh,cung t\u00ean h\u00e0 n\u1ed9i, cung t\u00ean , mua cung t\u00ean S\u00e0i g\u00f2n , mua m\u0169i t\u00ean b\u1eafn cung , cung b\u1eafn bi s\u1eaft , cung t\u00ean mini\",\"breadcrumb\":{\"@id\":\"https:\/\/cungtenhanoi.com\/?product=cung-compound-tro-luc-tbow-k3#breadcrumb\"},\"inLanguage\":\"vi\",\"potentialAction\":[{\"@type\":\"ReadAction\",\"target\":[\"https:\/\/cungtenhanoi.com\/?product=cung-compound-tro-luc-tbow-k3\"]}]},{\"@type\":\"BreadcrumbList\",\"@id\":\"https:\/\/cungtenhanoi.com\/?product=cung-compound-tro-luc-tbow-k3#breadcrumb\",\"itemListElement\":[{\"@type\":\"ListItem\",\"position\":1,\"name\":\"Trang ch\u1ee7\",\"item\":\"https:\/\/cungtenhanoi.com\/\"},{\"@type\":\"ListItem\",\"position\":2,\"name\":\"Shop\",\"item\":\"https:\/\/cungtenhanoi.com\/?page_id=6\"},{\"@type\":\"ListItem\",\"position\":3,\"name\":\"Cung\",\"item\":\"https:\/\/cungtenhanoi.com\/danh-muc\/cung\/\"},{\"@type\":\"ListItem\",\"position\":4,\"name\":\"Cung Compound tr\u1ee3 l\u1ef1c TBow- K3\"}]},{\"@type\":\"WebSite\",\"@id\":\"https:\/\/cungtenhanoi.com\/#website\",\"url\":\"https:\/\/cungtenhanoi.com\/\",\"name\":\"Cung T\u00ean H\u00e0 N\u1ed9i\",\"description\":\"Cung c\u1ea5p c\u00e1c lo\u1ea1i cung t\u00ean th\u1ec3 thao s\u1ed1 1 Vi\u1ec7t Nam\",\"publisher\":{\"@id\":\"https:\/\/cungtenhanoi.com\/#organization\"},\"potentialAction\":[{\"@type\":\"SearchAction\",\"target\":{\"@type\":\"EntryPoint\",\"urlTemplate\":\"https:\/\/cungtenhanoi.com\/?s={search_term_string}\"},\"query-input\":\"required name=search_term_string\"}],\"inLanguage\":\"vi\"},{\"@type\":\"Organization\",\"@id\":\"https:\/\/cungtenhanoi.com\/#organization\",\"name\":\"Cung T\u00ean H\u00e0 N\u1ed9i\",\"url\":\"https:\/\/cungtenhanoi.com\/\",\"sameAs\":[],\"logo\":{\"@type\":\"ImageObject\",\"inLanguage\":\"vi\",\"@id\":\"https:\/\/cungtenhanoi.com\/#\/schema\/logo\/image\/\",\"url\":\"https:\/\/cungtenhanoi.com\/wp-content\/uploads\/2025\/05\/logo-den-trang.jpg\",\"contentUrl\":\"https:\/\/cungtenhanoi.com\/wp-content\/uploads\/2025\/05\/logo-den-trang.jpg\",\"width\":450,\"height\":450,\"caption\":\"Cung T\u00ean H\u00e0 N\u1ed9i\"},\"image\":{\"@id\":\"https:\/\/cungtenhanoi.com\/#\/schema\/logo\/image\/\"}}]}<\/script>\n<!-- \/ Yoast SEO plugin. -->","yoast_head_json":{"title":"Cung Compound tr\u1ee3 l\u1ef1c TBow- K3 - Cung T\u00ean H\u00e0 N\u1ed9i","description":"mua cung t\u00ean th\u1ec3 thao, mua cung t\u00ean t\u1ea1i h\u00e0 n\u1ed9i, cung tr\u1ee3 l\u1ef1c, cung compound, cung t\u00ean ch\u00ednh h\u00e3ng, cung t\u00ean m\u1ea1nh,cung t\u00ean h\u00e0 n\u1ed9i, cung t\u00ean , mua cung t\u00ean S\u00e0i g\u00f2n , mua m\u0169i t\u00ean b\u1eafn cung , cung b\u1eafn bi s\u1eaft , cung t\u00ean mini","robots":{"index":"index","follow":"follow","max-snippet":"max-snippet:-1","max-image-preview":"max-image-preview:large","max-video-preview":"max-video-preview:-1"},"canonical":"https:\/\/cungtenhanoi.com\/?product=cung-compound-tro-luc-tbow-k3","og_locale":"vi_VN","og_type":"article","og_title":"Cung Compound tr\u1ee3 l\u1ef1c TBow- K3 - Cung T\u00ean H\u00e0 N\u1ed9i","og_description":"mua cung t\u00ean th\u1ec3 thao, mua cung t\u00ean t\u1ea1i h\u00e0 n\u1ed9i, cung tr\u1ee3 l\u1ef1c, cung compound, cung t\u00ean ch\u00ednh h\u00e3ng, cung t\u00ean m\u1ea1nh,cung t\u00ean h\u00e0 n\u1ed9i, cung t\u00ean , mua cung t\u00ean S\u00e0i g\u00f2n , mua m\u0169i t\u00ean b\u1eafn cung , cung b\u1eafn bi s\u1eaft , cung t\u00ean mini","og_url":"https:\/\/cungtenhanoi.com\/?product=cung-compound-tro-luc-tbow-k3","og_site_name":"Cung T\u00ean H\u00e0 N\u1ed9i","article_modified_time":"2026-04-14T03:22:08+00:00","og_image":[{"width":830,"height":796,"url":"https:\/\/cungtenhanoi.com\/wp-content\/uploads\/2026\/01\/IMG_1834.jpeg","type":"image\/jpeg"}],"twitter_card":"summary_large_image","twitter_misc":{"\u01af\u1edbc t\u00ednh th\u1eddi gian \u0111\u1ecdc":"1 ph\u00fat"},"schema":{"@context":"https:\/\/schema.org","@graph":[{"@type":"WebPage","@id":"https:\/\/cungtenhanoi.com\/?product=cung-compound-tro-luc-tbow-k3","url":"https:\/\/cungtenhanoi.com\/?product=cung-compound-tro-luc-tbow-k3","name":"Cung Compound tr\u1ee3 l\u1ef1c TBow- K3 - Cung T\u00ean H\u00e0 N\u1ed9i","isPartOf":{"@id":"https:\/\/cungtenhanoi.com\/#website"},"datePublished":"2026-01-13T13:05:34+00:00","dateModified":"2026-04-14T03:22:08+00:00","description":"mua cung t\u00ean th\u1ec3 thao, mua cung t\u00ean t\u1ea1i h\u00e0 n\u1ed9i, cung tr\u1ee3 l\u1ef1c, cung compound, cung t\u00ean ch\u00ednh h\u00e3ng, cung t\u00ean m\u1ea1nh,cung t\u00ean h\u00e0 n\u1ed9i, cung t\u00ean , mua cung t\u00ean S\u00e0i g\u00f2n , mua m\u0169i t\u00ean b\u1eafn cung , cung b\u1eafn bi s\u1eaft , cung t\u00ean mini","breadcrumb":{"@id":"https:\/\/cungtenhanoi.com\/?product=cung-compound-tro-luc-tbow-k3#breadcrumb"},"inLanguage":"vi","potentialAction":[{"@type":"ReadAction","target":["https:\/\/cungtenhanoi.com\/?product=cung-compound-tro-luc-tbow-k3"]}]},{"@type":"BreadcrumbList","@id":"https:\/\/cungtenhanoi.com\/?product=cung-compound-tro-luc-tbow-k3#breadcrumb","itemListElement":[{"@type":"ListItem","position":1,"name":"Trang ch\u1ee7","item":"https:\/\/cungtenhanoi.com\/"},{"@type":"ListItem","position":2,"name":"Shop","item":"https:\/\/cungtenhanoi.com\/?page_id=6"},{"@type":"ListItem","position":3,"name":"Cung","item":"https:\/\/cungtenhanoi.com\/danh-muc\/cung\/"},{"@type":"ListItem","position":4,"name":"Cung Compound tr\u1ee3 l\u1ef1c TBow- K3"}]},{"@type":"WebSite","@id":"https:\/\/cungtenhanoi.com\/#website","url":"https:\/\/cungtenhanoi.com\/","name":"Cung T\u00ean H\u00e0 N\u1ed9i","description":"Cung c\u1ea5p c\u00e1c lo\u1ea1i cung t\u00ean th\u1ec3 thao s\u1ed1 1 Vi\u1ec7t Nam","publisher":{"@id":"https:\/\/cungtenhanoi.com\/#organization"},"potentialAction":[{"@type":"SearchAction","target":{"@type":"EntryPoint","urlTemplate":"https:\/\/cungtenhanoi.com\/?s={search_term_string}"},"query-input":"required name=search_term_string"}],"inLanguage":"vi"},{"@type":"Organization","@id":"https:\/\/cungtenhanoi.com\/#organization","name":"Cung T\u00ean H\u00e0 N\u1ed9i","url":"https:\/\/cungtenhanoi.com\/","sameAs":[],"logo":{"@type":"ImageObject","inLanguage":"vi","@id":"https:\/\/cungtenhanoi.com\/#\/schema\/logo\/image\/","url":"https:\/\/cungtenhanoi.com\/wp-content\/uploads\/2025\/05\/logo-den-trang.jpg","contentUrl":"https:\/\/cungtenhanoi.com\/wp-content\/uploads\/2025\/05\/logo-den-trang.jpg","width":450,"height":450,"caption":"Cung T\u00ean H\u00e0 N\u1ed9i"},"image":{"@id":"https:\/\/cungtenhanoi.com\/#\/schema\/logo\/image\/"}}]}},"_links":{"self":[{"href":"https:\/\/cungtenhanoi.com\/index.php?rest_route=\/wp\/v2\/product\/16380"}],"collection":[{"href":"https:\/\/cungtenhanoi.com\/index.php?rest_route=\/wp\/v2\/product"}],"about":[{"href":"https:\/\/cungtenhanoi.com\/index.php?rest_route=\/wp\/v2\/types\/product"}],"replies":[{"embeddable":true,"href":"https:\/\/cungtenhanoi.com\/index.php?rest_route=%2Fwp%2Fv2%2Fcomments&post=16380"}],"wp:featuredmedia":[{"embeddable":true,"href":"https:\/\/cungtenhanoi.com\/index.php?rest_route=\/wp\/v2\/media\/16381"}],"wp:attachment":[{"href":"https:\/\/cungtenhanoi.com\/index.php?rest_route=%2Fwp%2Fv2%2Fmedia&parent=16380"}],"wp:term":[{"taxonomy":"product_cat","embeddable":true,"href":"https:\/\/cungtenhanoi.com\/index.php?rest_route=%2Fwp%2Fv2%2Fproduct_cat&post=16380"},{"taxonomy":"product_tag","embeddable":true,"href":"https:\/\/cungtenhanoi.com\/index.php?rest_route=%2Fwp%2Fv2%2Fproduct_tag&post=16380"}],"curies":[{"name":"wp","href":"https:\/\/api.w.org\/{rel}","templated":true}]}}