{"id":16390,"date":"2026-02-24T22:33:30","date_gmt":"2026-02-24T15:33:30","guid":{"rendered":"https:\/\/cungtenhanoi.com\/?post_type=product&#038;p=16390"},"modified":"2026-03-30T22:26:13","modified_gmt":"2026-03-30T15:26:13","slug":"mui-ten-dragon-x10-carbon-arrows-12pcs","status":"publish","type":"product","link":"https:\/\/cungtenhanoi.com\/?product=mui-ten-dragon-x10-carbon-arrows-12pcs","title":{"rendered":"M\u0169i T\u00ean Dragon X10 Carbon Arrows 12pcs"},"content":{"rendered":"<p style=\"text-align: center;\">M\u0169i t\u00ean Sanlida Dragon X10 &#8211; set 12 m\u0169i<br \/>\n<img loading=\"lazy\" class=\"size-medium wp-image-16391 aligncenter\" src=\"https:\/\/cungtenhanoi.com\/wp-content\/uploads\/2026\/02\/17029533236581016c091c0-399x400.jpg\" alt=\"\" width=\"399\" height=\"400\" srcset=\"https:\/\/cungtenhanoi.com\/wp-content\/uploads\/2026\/02\/17029533236581016c091c0-399x400.jpg 399w, https:\/\/cungtenhanoi.com\/wp-content\/uploads\/2026\/02\/17029533236581016c091c0-798x800.jpg 798w, https:\/\/cungtenhanoi.com\/wp-content\/uploads\/2026\/02\/17029533236581016c091c0-280x280.jpg 280w, https:\/\/cungtenhanoi.com\/wp-content\/uploads\/2026\/02\/17029533236581016c091c0-768x770.jpg 768w, https:\/\/cungtenhanoi.com\/wp-content\/uploads\/2026\/02\/17029533236581016c091c0-45x45.jpg 45w, https:\/\/cungtenhanoi.com\/wp-content\/uploads\/2026\/02\/17029533236581016c091c0-300x300.jpg 300w, https:\/\/cungtenhanoi.com\/wp-content\/uploads\/2026\/02\/17029533236581016c091c0-600x602.jpg 600w, https:\/\/cungtenhanoi.com\/wp-content\/uploads\/2026\/02\/17029533236581016c091c0-100x100.jpg 100w, https:\/\/cungtenhanoi.com\/wp-content\/uploads\/2026\/02\/17029533236581016c091c0-64x64.jpg 64w, https:\/\/cungtenhanoi.com\/wp-content\/uploads\/2026\/02\/17029533236581016c091c0.jpg 1176w\" sizes=\"(max-width: 399px) 100vw, 399px\" \/> <img loading=\"lazy\" class=\"size-medium wp-image-16392 aligncenter\" src=\"https:\/\/cungtenhanoi.com\/wp-content\/uploads\/2026\/02\/17029533246581016c66849-372x400.jpg\" alt=\"\" width=\"372\" height=\"400\" srcset=\"https:\/\/cungtenhanoi.com\/wp-content\/uploads\/2026\/02\/17029533246581016c66849-372x400.jpg 372w, https:\/\/cungtenhanoi.com\/wp-content\/uploads\/2026\/02\/17029533246581016c66849-743x800.jpg 743w, https:\/\/cungtenhanoi.com\/wp-content\/uploads\/2026\/02\/17029533246581016c66849-768x827.jpg 768w, https:\/\/cungtenhanoi.com\/wp-content\/uploads\/2026\/02\/17029533246581016c66849-600x646.jpg 600w, https:\/\/cungtenhanoi.com\/wp-content\/uploads\/2026\/02\/17029533246581016c66849-64x69.jpg 64w, https:\/\/cungtenhanoi.com\/wp-content\/uploads\/2026\/02\/17029533246581016c66849.jpg 1176w\" sizes=\"(max-width: 372px) 100vw, 372px\" \/> <img loading=\"lazy\" class=\"size-medium wp-image-16393 aligncenter\" src=\"https:\/\/cungtenhanoi.com\/wp-content\/uploads\/2026\/02\/17029533246581016ca5966-468x400.jpg\" alt=\"\" width=\"468\" height=\"400\" srcset=\"https:\/\/cungtenhanoi.com\/wp-content\/uploads\/2026\/02\/17029533246581016ca5966-468x400.jpg 468w, https:\/\/cungtenhanoi.com\/wp-content\/uploads\/2026\/02\/17029533246581016ca5966-936x800.jpg 936w, https:\/\/cungtenhanoi.com\/wp-content\/uploads\/2026\/02\/17029533246581016ca5966-768x656.jpg 768w, https:\/\/cungtenhanoi.com\/wp-content\/uploads\/2026\/02\/17029533246581016ca5966-600x513.jpg 600w, https:\/\/cungtenhanoi.com\/wp-content\/uploads\/2026\/02\/17029533246581016ca5966-64x55.jpg 64w, https:\/\/cungtenhanoi.com\/wp-content\/uploads\/2026\/02\/17029533246581016ca5966.jpg 1176w\" sizes=\"(max-width: 468px) 100vw, 468px\" \/> <img loading=\"lazy\" class=\"size-medium wp-image-16394 aligncenter\" src=\"https:\/\/cungtenhanoi.com\/wp-content\/uploads\/2026\/02\/170295333565810177a97a0-373x400.jpg\" alt=\"\" width=\"373\" height=\"400\" srcset=\"https:\/\/cungtenhanoi.com\/wp-content\/uploads\/2026\/02\/170295333565810177a97a0-373x400.jpg 373w, https:\/\/cungtenhanoi.com\/wp-content\/uploads\/2026\/02\/170295333565810177a97a0-745x800.jpg 745w, https:\/\/cungtenhanoi.com\/wp-content\/uploads\/2026\/02\/170295333565810177a97a0-768x824.jpg 768w, https:\/\/cungtenhanoi.com\/wp-content\/uploads\/2026\/02\/170295333565810177a97a0-600x644.jpg 600w, https:\/\/cungtenhanoi.com\/wp-content\/uploads\/2026\/02\/170295333565810177a97a0-64x69.jpg 64w, https:\/\/cungtenhanoi.com\/wp-content\/uploads\/2026\/02\/170295333565810177a97a0.jpg 1176w\" sizes=\"(max-width: 373px) 100vw, 373px\" \/> <img loading=\"lazy\" class=\"size-medium wp-image-16396 aligncenter\" src=\"https:\/\/cungtenhanoi.com\/wp-content\/uploads\/2026\/02\/170295333565810177eaabb-460x400.jpg\" alt=\"\" width=\"460\" height=\"400\" srcset=\"https:\/\/cungtenhanoi.com\/wp-content\/uploads\/2026\/02\/170295333565810177eaabb-460x400.jpg 460w, https:\/\/cungtenhanoi.com\/wp-content\/uploads\/2026\/02\/170295333565810177eaabb-920x800.jpg 920w, https:\/\/cungtenhanoi.com\/wp-content\/uploads\/2026\/02\/170295333565810177eaabb-768x668.jpg 768w, https:\/\/cungtenhanoi.com\/wp-content\/uploads\/2026\/02\/170295333565810177eaabb-600x522.jpg 600w, https:\/\/cungtenhanoi.com\/wp-content\/uploads\/2026\/02\/170295333565810177eaabb-64x56.jpg 64w, https:\/\/cungtenhanoi.com\/wp-content\/uploads\/2026\/02\/170295333565810177eaabb.jpg 1176w\" sizes=\"(max-width: 460px) 100vw, 460px\" \/> <img loading=\"lazy\" class=\"size-medium wp-image-16397 aligncenter\" src=\"https:\/\/cungtenhanoi.com\/wp-content\/uploads\/2026\/02\/173795851967972477ddc1e-800x328.jpg\" alt=\"\" width=\"800\" height=\"328\" srcset=\"https:\/\/cungtenhanoi.com\/wp-content\/uploads\/2026\/02\/173795851967972477ddc1e-800x328.jpg 800w, https:\/\/cungtenhanoi.com\/wp-content\/uploads\/2026\/02\/173795851967972477ddc1e-1400x574.jpg 1400w, https:\/\/cungtenhanoi.com\/wp-content\/uploads\/2026\/02\/173795851967972477ddc1e-768x315.jpg 768w, https:\/\/cungtenhanoi.com\/wp-content\/uploads\/2026\/02\/173795851967972477ddc1e-600x246.jpg 600w, https:\/\/cungtenhanoi.com\/wp-content\/uploads\/2026\/02\/173795851967972477ddc1e-64x26.jpg 64w, https:\/\/cungtenhanoi.com\/wp-content\/uploads\/2026\/02\/173795851967972477ddc1e.jpg 1464w\" sizes=\"(max-width: 800px) 100vw, 800px\" \/><\/p>\n<p><img loading=\"lazy\" class=\"size-medium wp-image-16395 aligncenter\" style=\"color: #555555;\" src=\"https:\/\/cungtenhanoi.com\/wp-content\/uploads\/2026\/02\/170295333565810177ba774-673x400.jpg\" alt=\"\" width=\"673\" height=\"400\" srcset=\"https:\/\/cungtenhanoi.com\/wp-content\/uploads\/2026\/02\/170295333565810177ba774-673x400.jpg 673w, https:\/\/cungtenhanoi.com\/wp-content\/uploads\/2026\/02\/170295333565810177ba774-768x456.jpg 768w, https:\/\/cungtenhanoi.com\/wp-content\/uploads\/2026\/02\/170295333565810177ba774-600x357.jpg 600w, https:\/\/cungtenhanoi.com\/wp-content\/uploads\/2026\/02\/170295333565810177ba774-64x38.jpg 64w, https:\/\/cungtenhanoi.com\/wp-content\/uploads\/2026\/02\/170295333565810177ba774.jpg 1176w\" sizes=\"(max-width: 673px) 100vw, 673px\" \/><\/p>\n<p><img loading=\"lazy\" class=\"size-medium wp-image-16398 aligncenter\" src=\"https:\/\/cungtenhanoi.com\/wp-content\/uploads\/2026\/02\/1702953336658101784a969-638x400.jpg\" alt=\"\" width=\"638\" height=\"400\" srcset=\"https:\/\/cungtenhanoi.com\/wp-content\/uploads\/2026\/02\/1702953336658101784a969-638x400.jpg 638w, https:\/\/cungtenhanoi.com\/wp-content\/uploads\/2026\/02\/1702953336658101784a969-768x481.jpg 768w, https:\/\/cungtenhanoi.com\/wp-content\/uploads\/2026\/02\/1702953336658101784a969-600x376.jpg 600w, https:\/\/cungtenhanoi.com\/wp-content\/uploads\/2026\/02\/1702953336658101784a969-64x40.jpg 64w, https:\/\/cungtenhanoi.com\/wp-content\/uploads\/2026\/02\/1702953336658101784a969.jpg 1176w\" sizes=\"(max-width: 638px) 100vw, 638px\" \/><\/p>\n","protected":false},"excerpt":{"rendered":"<p>M\u0169i t\u00ean Sanlida Dragon X10 &#8211; set 12 m\u0169i<\/p>\n","protected":false},"featured_media":16393,"comment_status":"open","ping_status":"closed","template":"","meta":[],"product_cat":[24],"product_tag":[58,132,198,200,34,86,1394,1392,168,197],"acf":[],"yoast_head":"<!-- This site is optimized with the Yoast SEO plugin v19.8 - https:\/\/yoast.com\/wordpress\/plugins\/seo\/ -->\n<title>M\u0169i T\u00ean Dragon X10 Carbon Arrows 12pcs - Cung T\u00ean H\u00e0 N\u1ed9i<\/title>\n<meta name=\"description\" content=\"mua cung t\u00ean th\u1ec3 thao, mua cung t\u00ean t\u1ea1i h\u00e0 n\u1ed9i, cung tr\u1ee3 l\u1ef1c, cung compound, cung t\u00ean ch\u00ednh h\u00e3ng, cung t\u00ean m\u1ea1nh,cung t\u00ean h\u00e0 n\u1ed9i, cung t\u00ean , mua cung t\u00ean S\u00e0i g\u00f2n , mua m\u0169i t\u00ean b\u1eafn cung , cung b\u1eafn bi s\u1eaft , cung t\u00ean mini\" \/>\n<meta name=\"robots\" content=\"index, follow, max-snippet:-1, max-image-preview:large, max-video-preview:-1\" \/>\n<link rel=\"canonical\" href=\"https:\/\/cungtenhanoi.com\/?product=mui-ten-dragon-x10-carbon-arrows-12pcs\" \/>\n<meta property=\"og:locale\" content=\"vi_VN\" \/>\n<meta property=\"og:type\" content=\"article\" \/>\n<meta property=\"og:title\" content=\"M\u0169i T\u00ean Dragon X10 Carbon Arrows 12pcs - Cung T\u00ean H\u00e0 N\u1ed9i\" \/>\n<meta property=\"og:description\" content=\"mua cung t\u00ean th\u1ec3 thao, mua cung t\u00ean t\u1ea1i h\u00e0 n\u1ed9i, cung tr\u1ee3 l\u1ef1c, cung compound, cung t\u00ean ch\u00ednh h\u00e3ng, cung t\u00ean m\u1ea1nh,cung t\u00ean h\u00e0 n\u1ed9i, cung t\u00ean , mua cung t\u00ean S\u00e0i g\u00f2n , mua m\u0169i t\u00ean b\u1eafn cung , cung b\u1eafn bi s\u1eaft , cung t\u00ean mini\" \/>\n<meta property=\"og:url\" content=\"https:\/\/cungtenhanoi.com\/?product=mui-ten-dragon-x10-carbon-arrows-12pcs\" \/>\n<meta property=\"og:site_name\" content=\"Cung T\u00ean H\u00e0 N\u1ed9i\" \/>\n<meta property=\"article:modified_time\" content=\"2026-03-30T15:26:13+00:00\" \/>\n<meta property=\"og:image\" content=\"https:\/\/cungtenhanoi.com\/wp-content\/uploads\/2026\/02\/17029533246581016ca5966.jpg\" \/>\n\t<meta property=\"og:image:width\" content=\"1176\" \/>\n\t<meta property=\"og:image:height\" content=\"1005\" \/>\n\t<meta property=\"og:image:type\" content=\"image\/jpeg\" \/>\n<meta name=\"twitter:card\" content=\"summary_large_image\" \/>\n<meta name=\"twitter:label1\" content=\"\u01af\u1edbc t\u00ednh th\u1eddi gian \u0111\u1ecdc\" \/>\n\t<meta name=\"twitter:data1\" content=\"2 ph\u00fat\" \/>\n<script type=\"application\/ld+json\" class=\"yoast-schema-graph\">{\"@context\":\"https:\/\/schema.org\",\"@graph\":[{\"@type\":\"WebPage\",\"@id\":\"https:\/\/cungtenhanoi.com\/?product=mui-ten-dragon-x10-carbon-arrows-12pcs\",\"url\":\"https:\/\/cungtenhanoi.com\/?product=mui-ten-dragon-x10-carbon-arrows-12pcs\",\"name\":\"M\u0169i T\u00ean Dragon X10 Carbon Arrows 12pcs - Cung T\u00ean H\u00e0 N\u1ed9i\",\"isPartOf\":{\"@id\":\"https:\/\/cungtenhanoi.com\/#website\"},\"datePublished\":\"2026-02-24T15:33:30+00:00\",\"dateModified\":\"2026-03-30T15:26:13+00:00\",\"description\":\"mua cung t\u00ean th\u1ec3 thao, mua cung t\u00ean t\u1ea1i h\u00e0 n\u1ed9i, cung tr\u1ee3 l\u1ef1c, cung compound, cung t\u00ean ch\u00ednh h\u00e3ng, cung t\u00ean m\u1ea1nh,cung t\u00ean h\u00e0 n\u1ed9i, cung t\u00ean , mua cung t\u00ean S\u00e0i g\u00f2n , mua m\u0169i t\u00ean b\u1eafn cung , cung b\u1eafn bi s\u1eaft , cung t\u00ean mini\",\"breadcrumb\":{\"@id\":\"https:\/\/cungtenhanoi.com\/?product=mui-ten-dragon-x10-carbon-arrows-12pcs#breadcrumb\"},\"inLanguage\":\"vi\",\"potentialAction\":[{\"@type\":\"ReadAction\",\"target\":[\"https:\/\/cungtenhanoi.com\/?product=mui-ten-dragon-x10-carbon-arrows-12pcs\"]}]},{\"@type\":\"BreadcrumbList\",\"@id\":\"https:\/\/cungtenhanoi.com\/?product=mui-ten-dragon-x10-carbon-arrows-12pcs#breadcrumb\",\"itemListElement\":[{\"@type\":\"ListItem\",\"position\":1,\"name\":\"Trang ch\u1ee7\",\"item\":\"https:\/\/cungtenhanoi.com\/\"},{\"@type\":\"ListItem\",\"position\":2,\"name\":\"Shop\",\"item\":\"https:\/\/cungtenhanoi.com\/?page_id=6\"},{\"@type\":\"ListItem\",\"position\":3,\"name\":\"T\u00ean\",\"item\":\"https:\/\/cungtenhanoi.com\/danh-muc\/ten\/\"},{\"@type\":\"ListItem\",\"position\":4,\"name\":\"M\u0169i T\u00ean Dragon X10 Carbon Arrows 12pcs\"}]},{\"@type\":\"WebSite\",\"@id\":\"https:\/\/cungtenhanoi.com\/#website\",\"url\":\"https:\/\/cungtenhanoi.com\/\",\"name\":\"Cung T\u00ean H\u00e0 N\u1ed9i\",\"description\":\"Cung c\u1ea5p c\u00e1c lo\u1ea1i cung t\u00ean th\u1ec3 thao s\u1ed1 1 Vi\u1ec7t Nam\",\"publisher\":{\"@id\":\"https:\/\/cungtenhanoi.com\/#organization\"},\"potentialAction\":[{\"@type\":\"SearchAction\",\"target\":{\"@type\":\"EntryPoint\",\"urlTemplate\":\"https:\/\/cungtenhanoi.com\/?s={search_term_string}\"},\"query-input\":\"required name=search_term_string\"}],\"inLanguage\":\"vi\"},{\"@type\":\"Organization\",\"@id\":\"https:\/\/cungtenhanoi.com\/#organization\",\"name\":\"Cung T\u00ean H\u00e0 N\u1ed9i\",\"url\":\"https:\/\/cungtenhanoi.com\/\",\"sameAs\":[],\"logo\":{\"@type\":\"ImageObject\",\"inLanguage\":\"vi\",\"@id\":\"https:\/\/cungtenhanoi.com\/#\/schema\/logo\/image\/\",\"url\":\"https:\/\/cungtenhanoi.com\/wp-content\/uploads\/2025\/05\/logo-den-trang.jpg\",\"contentUrl\":\"https:\/\/cungtenhanoi.com\/wp-content\/uploads\/2025\/05\/logo-den-trang.jpg\",\"width\":450,\"height\":450,\"caption\":\"Cung T\u00ean H\u00e0 N\u1ed9i\"},\"image\":{\"@id\":\"https:\/\/cungtenhanoi.com\/#\/schema\/logo\/image\/\"}}]}<\/script>\n<!-- \/ Yoast SEO plugin. -->","yoast_head_json":{"title":"M\u0169i T\u00ean Dragon X10 Carbon Arrows 12pcs - Cung T\u00ean H\u00e0 N\u1ed9i","description":"mua cung t\u00ean th\u1ec3 thao, mua cung t\u00ean t\u1ea1i h\u00e0 n\u1ed9i, cung tr\u1ee3 l\u1ef1c, cung compound, cung t\u00ean ch\u00ednh h\u00e3ng, cung t\u00ean m\u1ea1nh,cung t\u00ean h\u00e0 n\u1ed9i, cung t\u00ean , mua cung t\u00ean S\u00e0i g\u00f2n , mua m\u0169i t\u00ean b\u1eafn cung , cung b\u1eafn bi s\u1eaft , cung t\u00ean mini","robots":{"index":"index","follow":"follow","max-snippet":"max-snippet:-1","max-image-preview":"max-image-preview:large","max-video-preview":"max-video-preview:-1"},"canonical":"https:\/\/cungtenhanoi.com\/?product=mui-ten-dragon-x10-carbon-arrows-12pcs","og_locale":"vi_VN","og_type":"article","og_title":"M\u0169i T\u00ean Dragon X10 Carbon Arrows 12pcs - Cung T\u00ean H\u00e0 N\u1ed9i","og_description":"mua cung t\u00ean th\u1ec3 thao, mua cung t\u00ean t\u1ea1i h\u00e0 n\u1ed9i, cung tr\u1ee3 l\u1ef1c, cung compound, cung t\u00ean ch\u00ednh h\u00e3ng, cung t\u00ean m\u1ea1nh,cung t\u00ean h\u00e0 n\u1ed9i, cung t\u00ean , mua cung t\u00ean S\u00e0i g\u00f2n , mua m\u0169i t\u00ean b\u1eafn cung , cung b\u1eafn bi s\u1eaft , cung t\u00ean mini","og_url":"https:\/\/cungtenhanoi.com\/?product=mui-ten-dragon-x10-carbon-arrows-12pcs","og_site_name":"Cung T\u00ean H\u00e0 N\u1ed9i","article_modified_time":"2026-03-30T15:26:13+00:00","og_image":[{"width":1176,"height":1005,"url":"https:\/\/cungtenhanoi.com\/wp-content\/uploads\/2026\/02\/17029533246581016ca5966.jpg","type":"image\/jpeg"}],"twitter_card":"summary_large_image","twitter_misc":{"\u01af\u1edbc t\u00ednh th\u1eddi gian \u0111\u1ecdc":"2 ph\u00fat"},"schema":{"@context":"https:\/\/schema.org","@graph":[{"@type":"WebPage","@id":"https:\/\/cungtenhanoi.com\/?product=mui-ten-dragon-x10-carbon-arrows-12pcs","url":"https:\/\/cungtenhanoi.com\/?product=mui-ten-dragon-x10-carbon-arrows-12pcs","name":"M\u0169i T\u00ean Dragon X10 Carbon Arrows 12pcs - Cung T\u00ean H\u00e0 N\u1ed9i","isPartOf":{"@id":"https:\/\/cungtenhanoi.com\/#website"},"datePublished":"2026-02-24T15:33:30+00:00","dateModified":"2026-03-30T15:26:13+00:00","description":"mua cung t\u00ean th\u1ec3 thao, mua cung t\u00ean t\u1ea1i h\u00e0 n\u1ed9i, cung tr\u1ee3 l\u1ef1c, cung compound, cung t\u00ean ch\u00ednh h\u00e3ng, cung t\u00ean m\u1ea1nh,cung t\u00ean h\u00e0 n\u1ed9i, cung t\u00ean , mua cung t\u00ean S\u00e0i g\u00f2n , mua m\u0169i t\u00ean b\u1eafn cung , cung b\u1eafn bi s\u1eaft , cung t\u00ean mini","breadcrumb":{"@id":"https:\/\/cungtenhanoi.com\/?product=mui-ten-dragon-x10-carbon-arrows-12pcs#breadcrumb"},"inLanguage":"vi","potentialAction":[{"@type":"ReadAction","target":["https:\/\/cungtenhanoi.com\/?product=mui-ten-dragon-x10-carbon-arrows-12pcs"]}]},{"@type":"BreadcrumbList","@id":"https:\/\/cungtenhanoi.com\/?product=mui-ten-dragon-x10-carbon-arrows-12pcs#breadcrumb","itemListElement":[{"@type":"ListItem","position":1,"name":"Trang ch\u1ee7","item":"https:\/\/cungtenhanoi.com\/"},{"@type":"ListItem","position":2,"name":"Shop","item":"https:\/\/cungtenhanoi.com\/?page_id=6"},{"@type":"ListItem","position":3,"name":"T\u00ean","item":"https:\/\/cungtenhanoi.com\/danh-muc\/ten\/"},{"@type":"ListItem","position":4,"name":"M\u0169i T\u00ean Dragon X10 Carbon Arrows 12pcs"}]},{"@type":"WebSite","@id":"https:\/\/cungtenhanoi.com\/#website","url":"https:\/\/cungtenhanoi.com\/","name":"Cung T\u00ean H\u00e0 N\u1ed9i","description":"Cung c\u1ea5p c\u00e1c lo\u1ea1i cung t\u00ean th\u1ec3 thao s\u1ed1 1 Vi\u1ec7t Nam","publisher":{"@id":"https:\/\/cungtenhanoi.com\/#organization"},"potentialAction":[{"@type":"SearchAction","target":{"@type":"EntryPoint","urlTemplate":"https:\/\/cungtenhanoi.com\/?s={search_term_string}"},"query-input":"required name=search_term_string"}],"inLanguage":"vi"},{"@type":"Organization","@id":"https:\/\/cungtenhanoi.com\/#organization","name":"Cung T\u00ean H\u00e0 N\u1ed9i","url":"https:\/\/cungtenhanoi.com\/","sameAs":[],"logo":{"@type":"ImageObject","inLanguage":"vi","@id":"https:\/\/cungtenhanoi.com\/#\/schema\/logo\/image\/","url":"https:\/\/cungtenhanoi.com\/wp-content\/uploads\/2025\/05\/logo-den-trang.jpg","contentUrl":"https:\/\/cungtenhanoi.com\/wp-content\/uploads\/2025\/05\/logo-den-trang.jpg","width":450,"height":450,"caption":"Cung T\u00ean H\u00e0 N\u1ed9i"},"image":{"@id":"https:\/\/cungtenhanoi.com\/#\/schema\/logo\/image\/"}}]}},"_links":{"self":[{"href":"https:\/\/cungtenhanoi.com\/index.php?rest_route=\/wp\/v2\/product\/16390"}],"collection":[{"href":"https:\/\/cungtenhanoi.com\/index.php?rest_route=\/wp\/v2\/product"}],"about":[{"href":"https:\/\/cungtenhanoi.com\/index.php?rest_route=\/wp\/v2\/types\/product"}],"replies":[{"embeddable":true,"href":"https:\/\/cungtenhanoi.com\/index.php?rest_route=%2Fwp%2Fv2%2Fcomments&post=16390"}],"wp:featuredmedia":[{"embeddable":true,"href":"https:\/\/cungtenhanoi.com\/index.php?rest_route=\/wp\/v2\/media\/16393"}],"wp:attachment":[{"href":"https:\/\/cungtenhanoi.com\/index.php?rest_route=%2Fwp%2Fv2%2Fmedia&parent=16390"}],"wp:term":[{"taxonomy":"product_cat","embeddable":true,"href":"https:\/\/cungtenhanoi.com\/index.php?rest_route=%2Fwp%2Fv2%2Fproduct_cat&post=16390"},{"taxonomy":"product_tag","embeddable":true,"href":"https:\/\/cungtenhanoi.com\/index.php?rest_route=%2Fwp%2Fv2%2Fproduct_tag&post=16390"}],"curies":[{"name":"wp","href":"https:\/\/api.w.org\/{rel}","templated":true}]}}