{"id":16399,"date":"2026-02-24T22:42:11","date_gmt":"2026-02-24T15:42:11","guid":{"rendered":"https:\/\/cungtenhanoi.com\/?post_type=product&#038;p=16399"},"modified":"2026-03-30T22:27:06","modified_gmt":"2026-03-30T15:27:06","slug":"mui-ten-hero-x10-target-compound-carbon-arrows-12pcs","status":"publish","type":"product","link":"https:\/\/cungtenhanoi.com\/?product=mui-ten-hero-x10-target-compound-carbon-arrows-12pcs","title":{"rendered":"M\u0169i T\u00ean Hero X10 Target Compound Carbon Arrows 12pcs"},"content":{"rendered":"<p><img loading=\"lazy\" class=\"aligncenter wp-image-16403 \" src=\"https:\/\/cungtenhanoi.com\/wp-content\/uploads\/2026\/02\/1748574628683921a40b9fb-904x800.jpg\" alt=\"\" width=\"794\" height=\"703\" srcset=\"https:\/\/cungtenhanoi.com\/wp-content\/uploads\/2026\/02\/1748574628683921a40b9fb-904x800.jpg 904w, https:\/\/cungtenhanoi.com\/wp-content\/uploads\/2026\/02\/1748574628683921a40b9fb-452x400.jpg 452w, https:\/\/cungtenhanoi.com\/wp-content\/uploads\/2026\/02\/1748574628683921a40b9fb-768x680.jpg 768w, https:\/\/cungtenhanoi.com\/wp-content\/uploads\/2026\/02\/1748574628683921a40b9fb-600x531.jpg 600w, https:\/\/cungtenhanoi.com\/wp-content\/uploads\/2026\/02\/1748574628683921a40b9fb-64x57.jpg 64w, https:\/\/cungtenhanoi.com\/wp-content\/uploads\/2026\/02\/1748574628683921a40b9fb.jpg 1176w\" sizes=\"(max-width: 794px) 100vw, 794px\" \/> <img loading=\"lazy\" class=\"size-medium wp-image-16402 aligncenter\" src=\"https:\/\/cungtenhanoi.com\/wp-content\/uploads\/2026\/02\/1748574445683920ed73a96-800x350.jpg\" alt=\"\" width=\"800\" height=\"350\" srcset=\"https:\/\/cungtenhanoi.com\/wp-content\/uploads\/2026\/02\/1748574445683920ed73a96-800x350.jpg 800w, https:\/\/cungtenhanoi.com\/wp-content\/uploads\/2026\/02\/1748574445683920ed73a96-768x336.jpg 768w, https:\/\/cungtenhanoi.com\/wp-content\/uploads\/2026\/02\/1748574445683920ed73a96-600x262.jpg 600w, https:\/\/cungtenhanoi.com\/wp-content\/uploads\/2026\/02\/1748574445683920ed73a96-64x28.jpg 64w, https:\/\/cungtenhanoi.com\/wp-content\/uploads\/2026\/02\/1748574445683920ed73a96.jpg 1176w\" sizes=\"(max-width: 800px) 100vw, 800px\" \/> \u00a0\u00a0<img loading=\"lazy\" class=\"size-medium wp-image-16405 aligncenter\" src=\"https:\/\/cungtenhanoi.com\/wp-content\/uploads\/2026\/02\/1748574628683921a439821-800x328.jpg\" alt=\"\" width=\"800\" height=\"328\" srcset=\"https:\/\/cungtenhanoi.com\/wp-content\/uploads\/2026\/02\/1748574628683921a439821-800x328.jpg 800w, https:\/\/cungtenhanoi.com\/wp-content\/uploads\/2026\/02\/1748574628683921a439821-768x315.jpg 768w, https:\/\/cungtenhanoi.com\/wp-content\/uploads\/2026\/02\/1748574628683921a439821-600x246.jpg 600w, https:\/\/cungtenhanoi.com\/wp-content\/uploads\/2026\/02\/1748574628683921a439821-64x26.jpg 64w, https:\/\/cungtenhanoi.com\/wp-content\/uploads\/2026\/02\/1748574628683921a439821.jpg 1176w\" sizes=\"(max-width: 800px) 100vw, 800px\" \/> <img loading=\"lazy\" class=\"size-medium wp-image-16406 aligncenter\" src=\"https:\/\/cungtenhanoi.com\/wp-content\/uploads\/2026\/02\/174798083368301221e5f6a-400x400.jpg\" alt=\"\" width=\"400\" height=\"400\" srcset=\"https:\/\/cungtenhanoi.com\/wp-content\/uploads\/2026\/02\/174798083368301221e5f6a-400x400.jpg 400w, https:\/\/cungtenhanoi.com\/wp-content\/uploads\/2026\/02\/174798083368301221e5f6a-280x280.jpg 280w, https:\/\/cungtenhanoi.com\/wp-content\/uploads\/2026\/02\/174798083368301221e5f6a-768x768.jpg 768w, https:\/\/cungtenhanoi.com\/wp-content\/uploads\/2026\/02\/174798083368301221e5f6a-45x45.jpg 45w, https:\/\/cungtenhanoi.com\/wp-content\/uploads\/2026\/02\/174798083368301221e5f6a-300x300.jpg 300w, https:\/\/cungtenhanoi.com\/wp-content\/uploads\/2026\/02\/174798083368301221e5f6a-600x600.jpg 600w, https:\/\/cungtenhanoi.com\/wp-content\/uploads\/2026\/02\/174798083368301221e5f6a-100x100.jpg 100w, https:\/\/cungtenhanoi.com\/wp-content\/uploads\/2026\/02\/174798083368301221e5f6a-64x64.jpg 64w, https:\/\/cungtenhanoi.com\/wp-content\/uploads\/2026\/02\/174798083368301221e5f6a.jpg 790w\" sizes=\"(max-width: 400px) 100vw, 400px\" \/><img loading=\"lazy\" class=\"size-medium wp-image-16401 aligncenter\" src=\"https:\/\/cungtenhanoi.com\/wp-content\/uploads\/2026\/02\/1747797242682d44fa3250c-90x400.jpg\" alt=\"\" width=\"90\" height=\"400\" srcset=\"https:\/\/cungtenhanoi.com\/wp-content\/uploads\/2026\/02\/1747797242682d44fa3250c-90x400.jpg 90w, https:\/\/cungtenhanoi.com\/wp-content\/uploads\/2026\/02\/1747797242682d44fa3250c-180x800.jpg 180w, https:\/\/cungtenhanoi.com\/wp-content\/uploads\/2026\/02\/1747797242682d44fa3250c-768x3413.jpg 768w, https:\/\/cungtenhanoi.com\/wp-content\/uploads\/2026\/02\/1747797242682d44fa3250c-346x1536.jpg 346w, https:\/\/cungtenhanoi.com\/wp-content\/uploads\/2026\/02\/1747797242682d44fa3250c-461x2048.jpg 461w, https:\/\/cungtenhanoi.com\/wp-content\/uploads\/2026\/02\/1747797242682d44fa3250c-600x2667.jpg 600w, https:\/\/cungtenhanoi.com\/wp-content\/uploads\/2026\/02\/1747797242682d44fa3250c-64x284.jpg 64w, https:\/\/cungtenhanoi.com\/wp-content\/uploads\/2026\/02\/1747797242682d44fa3250c-scaled.jpg 576w\" sizes=\"(max-width: 90px) 100vw, 90px\" \/><img loading=\"lazy\" class=\"size-medium wp-image-16400 aligncenter\" src=\"https:\/\/cungtenhanoi.com\/wp-content\/uploads\/2026\/02\/1747797242682d44fa51bbe-90x400.jpg\" alt=\"\" width=\"90\" height=\"400\" srcset=\"https:\/\/cungtenhanoi.com\/wp-content\/uploads\/2026\/02\/1747797242682d44fa51bbe-90x400.jpg 90w, https:\/\/cungtenhanoi.com\/wp-content\/uploads\/2026\/02\/1747797242682d44fa51bbe-180x800.jpg 180w, https:\/\/cungtenhanoi.com\/wp-content\/uploads\/2026\/02\/1747797242682d44fa51bbe-768x3413.jpg 768w, https:\/\/cungtenhanoi.com\/wp-content\/uploads\/2026\/02\/1747797242682d44fa51bbe-346x1536.jpg 346w, https:\/\/cungtenhanoi.com\/wp-content\/uploads\/2026\/02\/1747797242682d44fa51bbe-461x2048.jpg 461w, https:\/\/cungtenhanoi.com\/wp-content\/uploads\/2026\/02\/1747797242682d44fa51bbe-600x2667.jpg 600w, https:\/\/cungtenhanoi.com\/wp-content\/uploads\/2026\/02\/1747797242682d44fa51bbe-64x284.jpg 64w, https:\/\/cungtenhanoi.com\/wp-content\/uploads\/2026\/02\/1747797242682d44fa51bbe-scaled.jpg 576w\" sizes=\"(max-width: 90px) 100vw, 90px\" \/>&#8211;<\/p>\n","protected":false},"excerpt":{"rendered":"<h3 data-v-f73de646=\"\">H\u00e0ng Oder<br \/>\nProduct Specification<\/h3>\n<div class=\"params-content\" data-v-f73de646=\"\">Material\uff1a100% Pure Carbon<\/div>\n<div class=\"params-content\" data-v-f73de646=\"\">Straightness\uff1a+\/-0.001<\/div>\n<div class=\"params-content\" data-v-f73de646=\"\">Shaft Length\uff1a32\u201d\/30&#8243;\/28&#8243;<\/div>\n<div class=\"params-content\" data-v-f73de646=\"\">Spine\uff1a300-1000 (in each 10 spine increaments)<\/div>\n<div class=\"params-content\" data-v-f73de646=\"\">Shaft Inner Diameter\uff1a3.2mm<\/div>\n<div class=\"params-content\" data-v-f73de646=\"\">QTY\uff1a12pcs per pack<\/div>\n","protected":false},"featured_media":16402,"comment_status":"open","ping_status":"closed","template":"","meta":[],"product_cat":[24],"product_tag":[58,198,200,34,413,94,1434,59,520,218],"acf":[],"yoast_head":"<!-- This site is optimized with the Yoast SEO plugin v19.8 - https:\/\/yoast.com\/wordpress\/plugins\/seo\/ -->\n<title>M\u0169i T\u00ean Hero X10 Target Compound Carbon Arrows 12pcs - Cung T\u00ean H\u00e0 N\u1ed9i<\/title>\n<meta name=\"description\" content=\"mua cung t\u00ean th\u1ec3 thao, mua cung t\u00ean t\u1ea1i h\u00e0 n\u1ed9i, cung tr\u1ee3 l\u1ef1c, cung compound, cung t\u00ean ch\u00ednh h\u00e3ng, cung t\u00ean m\u1ea1nh,cung t\u00ean h\u00e0 n\u1ed9i, cung t\u00ean , mua cung t\u00ean S\u00e0i g\u00f2n , mua m\u0169i t\u00ean b\u1eafn cung , cung b\u1eafn bi s\u1eaft , cung t\u00ean mini\" \/>\n<meta name=\"robots\" content=\"index, follow, max-snippet:-1, max-image-preview:large, max-video-preview:-1\" \/>\n<link rel=\"canonical\" href=\"https:\/\/cungtenhanoi.com\/?product=mui-ten-hero-x10-target-compound-carbon-arrows-12pcs\" \/>\n<meta property=\"og:locale\" content=\"vi_VN\" \/>\n<meta property=\"og:type\" content=\"article\" \/>\n<meta property=\"og:title\" content=\"M\u0169i T\u00ean Hero X10 Target Compound Carbon Arrows 12pcs - Cung T\u00ean H\u00e0 N\u1ed9i\" \/>\n<meta property=\"og:description\" content=\"mua cung t\u00ean th\u1ec3 thao, mua cung t\u00ean t\u1ea1i h\u00e0 n\u1ed9i, cung tr\u1ee3 l\u1ef1c, cung compound, cung t\u00ean ch\u00ednh h\u00e3ng, cung t\u00ean m\u1ea1nh,cung t\u00ean h\u00e0 n\u1ed9i, cung t\u00ean , mua cung t\u00ean S\u00e0i g\u00f2n , mua m\u0169i t\u00ean b\u1eafn cung , cung b\u1eafn bi s\u1eaft , cung t\u00ean mini\" \/>\n<meta property=\"og:url\" content=\"https:\/\/cungtenhanoi.com\/?product=mui-ten-hero-x10-target-compound-carbon-arrows-12pcs\" \/>\n<meta property=\"og:site_name\" content=\"Cung T\u00ean H\u00e0 N\u1ed9i\" \/>\n<meta property=\"article:modified_time\" content=\"2026-03-30T15:27:06+00:00\" \/>\n<meta property=\"og:image\" content=\"https:\/\/cungtenhanoi.com\/wp-content\/uploads\/2026\/02\/1748574445683920ed73a96.jpg\" \/>\n\t<meta property=\"og:image:width\" content=\"1176\" \/>\n\t<meta property=\"og:image:height\" content=\"514\" \/>\n\t<meta property=\"og:image:type\" content=\"image\/jpeg\" \/>\n<meta name=\"twitter:card\" content=\"summary_large_image\" \/>\n<meta name=\"twitter:label1\" content=\"\u01af\u1edbc t\u00ednh th\u1eddi gian \u0111\u1ecdc\" \/>\n\t<meta name=\"twitter:data1\" content=\"2 ph\u00fat\" \/>\n<script type=\"application\/ld+json\" class=\"yoast-schema-graph\">{\"@context\":\"https:\/\/schema.org\",\"@graph\":[{\"@type\":\"WebPage\",\"@id\":\"https:\/\/cungtenhanoi.com\/?product=mui-ten-hero-x10-target-compound-carbon-arrows-12pcs\",\"url\":\"https:\/\/cungtenhanoi.com\/?product=mui-ten-hero-x10-target-compound-carbon-arrows-12pcs\",\"name\":\"M\u0169i T\u00ean Hero X10 Target Compound Carbon Arrows 12pcs - Cung T\u00ean H\u00e0 N\u1ed9i\",\"isPartOf\":{\"@id\":\"https:\/\/cungtenhanoi.com\/#website\"},\"datePublished\":\"2026-02-24T15:42:11+00:00\",\"dateModified\":\"2026-03-30T15:27:06+00:00\",\"description\":\"mua cung t\u00ean th\u1ec3 thao, mua cung t\u00ean t\u1ea1i h\u00e0 n\u1ed9i, cung tr\u1ee3 l\u1ef1c, cung compound, cung t\u00ean ch\u00ednh h\u00e3ng, cung t\u00ean m\u1ea1nh,cung t\u00ean h\u00e0 n\u1ed9i, cung t\u00ean , mua cung t\u00ean S\u00e0i g\u00f2n , mua m\u0169i t\u00ean b\u1eafn cung , cung b\u1eafn bi s\u1eaft , cung t\u00ean mini\",\"breadcrumb\":{\"@id\":\"https:\/\/cungtenhanoi.com\/?product=mui-ten-hero-x10-target-compound-carbon-arrows-12pcs#breadcrumb\"},\"inLanguage\":\"vi\",\"potentialAction\":[{\"@type\":\"ReadAction\",\"target\":[\"https:\/\/cungtenhanoi.com\/?product=mui-ten-hero-x10-target-compound-carbon-arrows-12pcs\"]}]},{\"@type\":\"BreadcrumbList\",\"@id\":\"https:\/\/cungtenhanoi.com\/?product=mui-ten-hero-x10-target-compound-carbon-arrows-12pcs#breadcrumb\",\"itemListElement\":[{\"@type\":\"ListItem\",\"position\":1,\"name\":\"Trang ch\u1ee7\",\"item\":\"https:\/\/cungtenhanoi.com\/\"},{\"@type\":\"ListItem\",\"position\":2,\"name\":\"Shop\",\"item\":\"https:\/\/cungtenhanoi.com\/?page_id=6\"},{\"@type\":\"ListItem\",\"position\":3,\"name\":\"T\u00ean\",\"item\":\"https:\/\/cungtenhanoi.com\/danh-muc\/ten\/\"},{\"@type\":\"ListItem\",\"position\":4,\"name\":\"M\u0169i T\u00ean Hero X10 Target Compound Carbon Arrows 12pcs\"}]},{\"@type\":\"WebSite\",\"@id\":\"https:\/\/cungtenhanoi.com\/#website\",\"url\":\"https:\/\/cungtenhanoi.com\/\",\"name\":\"Cung T\u00ean H\u00e0 N\u1ed9i\",\"description\":\"Cung c\u1ea5p c\u00e1c lo\u1ea1i cung t\u00ean th\u1ec3 thao s\u1ed1 1 Vi\u1ec7t Nam\",\"publisher\":{\"@id\":\"https:\/\/cungtenhanoi.com\/#organization\"},\"potentialAction\":[{\"@type\":\"SearchAction\",\"target\":{\"@type\":\"EntryPoint\",\"urlTemplate\":\"https:\/\/cungtenhanoi.com\/?s={search_term_string}\"},\"query-input\":\"required name=search_term_string\"}],\"inLanguage\":\"vi\"},{\"@type\":\"Organization\",\"@id\":\"https:\/\/cungtenhanoi.com\/#organization\",\"name\":\"Cung T\u00ean H\u00e0 N\u1ed9i\",\"url\":\"https:\/\/cungtenhanoi.com\/\",\"sameAs\":[],\"logo\":{\"@type\":\"ImageObject\",\"inLanguage\":\"vi\",\"@id\":\"https:\/\/cungtenhanoi.com\/#\/schema\/logo\/image\/\",\"url\":\"https:\/\/cungtenhanoi.com\/wp-content\/uploads\/2025\/05\/logo-den-trang.jpg\",\"contentUrl\":\"https:\/\/cungtenhanoi.com\/wp-content\/uploads\/2025\/05\/logo-den-trang.jpg\",\"width\":450,\"height\":450,\"caption\":\"Cung T\u00ean H\u00e0 N\u1ed9i\"},\"image\":{\"@id\":\"https:\/\/cungtenhanoi.com\/#\/schema\/logo\/image\/\"}}]}<\/script>\n<!-- \/ Yoast SEO plugin. -->","yoast_head_json":{"title":"M\u0169i T\u00ean Hero X10 Target Compound Carbon Arrows 12pcs - Cung T\u00ean H\u00e0 N\u1ed9i","description":"mua cung t\u00ean th\u1ec3 thao, mua cung t\u00ean t\u1ea1i h\u00e0 n\u1ed9i, cung tr\u1ee3 l\u1ef1c, cung compound, cung t\u00ean ch\u00ednh h\u00e3ng, cung t\u00ean m\u1ea1nh,cung t\u00ean h\u00e0 n\u1ed9i, cung t\u00ean , mua cung t\u00ean S\u00e0i g\u00f2n , mua m\u0169i t\u00ean b\u1eafn cung , cung b\u1eafn bi s\u1eaft , cung t\u00ean mini","robots":{"index":"index","follow":"follow","max-snippet":"max-snippet:-1","max-image-preview":"max-image-preview:large","max-video-preview":"max-video-preview:-1"},"canonical":"https:\/\/cungtenhanoi.com\/?product=mui-ten-hero-x10-target-compound-carbon-arrows-12pcs","og_locale":"vi_VN","og_type":"article","og_title":"M\u0169i T\u00ean Hero X10 Target Compound Carbon Arrows 12pcs - Cung T\u00ean H\u00e0 N\u1ed9i","og_description":"mua cung t\u00ean th\u1ec3 thao, mua cung t\u00ean t\u1ea1i h\u00e0 n\u1ed9i, cung tr\u1ee3 l\u1ef1c, cung compound, cung t\u00ean ch\u00ednh h\u00e3ng, cung t\u00ean m\u1ea1nh,cung t\u00ean h\u00e0 n\u1ed9i, cung t\u00ean , mua cung t\u00ean S\u00e0i g\u00f2n , mua m\u0169i t\u00ean b\u1eafn cung , cung b\u1eafn bi s\u1eaft , cung t\u00ean mini","og_url":"https:\/\/cungtenhanoi.com\/?product=mui-ten-hero-x10-target-compound-carbon-arrows-12pcs","og_site_name":"Cung T\u00ean H\u00e0 N\u1ed9i","article_modified_time":"2026-03-30T15:27:06+00:00","og_image":[{"width":1176,"height":514,"url":"https:\/\/cungtenhanoi.com\/wp-content\/uploads\/2026\/02\/1748574445683920ed73a96.jpg","type":"image\/jpeg"}],"twitter_card":"summary_large_image","twitter_misc":{"\u01af\u1edbc t\u00ednh th\u1eddi gian \u0111\u1ecdc":"2 ph\u00fat"},"schema":{"@context":"https:\/\/schema.org","@graph":[{"@type":"WebPage","@id":"https:\/\/cungtenhanoi.com\/?product=mui-ten-hero-x10-target-compound-carbon-arrows-12pcs","url":"https:\/\/cungtenhanoi.com\/?product=mui-ten-hero-x10-target-compound-carbon-arrows-12pcs","name":"M\u0169i T\u00ean Hero X10 Target Compound Carbon Arrows 12pcs - Cung T\u00ean H\u00e0 N\u1ed9i","isPartOf":{"@id":"https:\/\/cungtenhanoi.com\/#website"},"datePublished":"2026-02-24T15:42:11+00:00","dateModified":"2026-03-30T15:27:06+00:00","description":"mua cung t\u00ean th\u1ec3 thao, mua cung t\u00ean t\u1ea1i h\u00e0 n\u1ed9i, cung tr\u1ee3 l\u1ef1c, cung compound, cung t\u00ean ch\u00ednh h\u00e3ng, cung t\u00ean m\u1ea1nh,cung t\u00ean h\u00e0 n\u1ed9i, cung t\u00ean , mua cung t\u00ean S\u00e0i g\u00f2n , mua m\u0169i t\u00ean b\u1eafn cung , cung b\u1eafn bi s\u1eaft , cung t\u00ean mini","breadcrumb":{"@id":"https:\/\/cungtenhanoi.com\/?product=mui-ten-hero-x10-target-compound-carbon-arrows-12pcs#breadcrumb"},"inLanguage":"vi","potentialAction":[{"@type":"ReadAction","target":["https:\/\/cungtenhanoi.com\/?product=mui-ten-hero-x10-target-compound-carbon-arrows-12pcs"]}]},{"@type":"BreadcrumbList","@id":"https:\/\/cungtenhanoi.com\/?product=mui-ten-hero-x10-target-compound-carbon-arrows-12pcs#breadcrumb","itemListElement":[{"@type":"ListItem","position":1,"name":"Trang ch\u1ee7","item":"https:\/\/cungtenhanoi.com\/"},{"@type":"ListItem","position":2,"name":"Shop","item":"https:\/\/cungtenhanoi.com\/?page_id=6"},{"@type":"ListItem","position":3,"name":"T\u00ean","item":"https:\/\/cungtenhanoi.com\/danh-muc\/ten\/"},{"@type":"ListItem","position":4,"name":"M\u0169i T\u00ean Hero X10 Target Compound Carbon Arrows 12pcs"}]},{"@type":"WebSite","@id":"https:\/\/cungtenhanoi.com\/#website","url":"https:\/\/cungtenhanoi.com\/","name":"Cung T\u00ean H\u00e0 N\u1ed9i","description":"Cung c\u1ea5p c\u00e1c lo\u1ea1i cung t\u00ean th\u1ec3 thao s\u1ed1 1 Vi\u1ec7t Nam","publisher":{"@id":"https:\/\/cungtenhanoi.com\/#organization"},"potentialAction":[{"@type":"SearchAction","target":{"@type":"EntryPoint","urlTemplate":"https:\/\/cungtenhanoi.com\/?s={search_term_string}"},"query-input":"required name=search_term_string"}],"inLanguage":"vi"},{"@type":"Organization","@id":"https:\/\/cungtenhanoi.com\/#organization","name":"Cung T\u00ean H\u00e0 N\u1ed9i","url":"https:\/\/cungtenhanoi.com\/","sameAs":[],"logo":{"@type":"ImageObject","inLanguage":"vi","@id":"https:\/\/cungtenhanoi.com\/#\/schema\/logo\/image\/","url":"https:\/\/cungtenhanoi.com\/wp-content\/uploads\/2025\/05\/logo-den-trang.jpg","contentUrl":"https:\/\/cungtenhanoi.com\/wp-content\/uploads\/2025\/05\/logo-den-trang.jpg","width":450,"height":450,"caption":"Cung T\u00ean H\u00e0 N\u1ed9i"},"image":{"@id":"https:\/\/cungtenhanoi.com\/#\/schema\/logo\/image\/"}}]}},"_links":{"self":[{"href":"https:\/\/cungtenhanoi.com\/index.php?rest_route=\/wp\/v2\/product\/16399"}],"collection":[{"href":"https:\/\/cungtenhanoi.com\/index.php?rest_route=\/wp\/v2\/product"}],"about":[{"href":"https:\/\/cungtenhanoi.com\/index.php?rest_route=\/wp\/v2\/types\/product"}],"replies":[{"embeddable":true,"href":"https:\/\/cungtenhanoi.com\/index.php?rest_route=%2Fwp%2Fv2%2Fcomments&post=16399"}],"wp:featuredmedia":[{"embeddable":true,"href":"https:\/\/cungtenhanoi.com\/index.php?rest_route=\/wp\/v2\/media\/16402"}],"wp:attachment":[{"href":"https:\/\/cungtenhanoi.com\/index.php?rest_route=%2Fwp%2Fv2%2Fmedia&parent=16399"}],"wp:term":[{"taxonomy":"product_cat","embeddable":true,"href":"https:\/\/cungtenhanoi.com\/index.php?rest_route=%2Fwp%2Fv2%2Fproduct_cat&post=16399"},{"taxonomy":"product_tag","embeddable":true,"href":"https:\/\/cungtenhanoi.com\/index.php?rest_route=%2Fwp%2Fv2%2Fproduct_tag&post=16399"}],"curies":[{"name":"wp","href":"https:\/\/api.w.org\/{rel}","templated":true}]}}