{"id":16415,"date":"2026-03-07T13:52:43","date_gmt":"2026-03-07T06:52:43","guid":{"rendered":"https:\/\/cungtenhanoi.com\/?post_type=product&#038;p=16415"},"modified":"2026-04-22T08:48:01","modified_gmt":"2026-04-22T01:48:01","slug":"cungtenhanoi-com","status":"publish","type":"product","link":"https:\/\/cungtenhanoi.com\/?product=cungtenhanoi-com","title":{"rendered":"Cung th\u1ec3 thao tr\u1ee3 l\u1ef1c M133 &#8211; New Gi\u00e1 c\u1ef1c t\u1ed1t"},"content":{"rendered":"<p style=\"text-align: center;\" data-start=\"0\" data-end=\"64\"><strong data-start=\"0\" data-end=\"64\">GI\u1edaI THI\u1ec6U M\u1eaaU CUNG TR\u1ee2 L\u1ef0C M\u1edaI \u2013 HI\u1ec6U N\u0102NG CAO, GI\u00c1 C\u1ef0C T\u1ed0T<\/strong><\/p>\n<p style=\"text-align: center;\" data-start=\"66\" data-end=\"332\">Cung T\u00ean H\u00e0 N\u1ed9i ti\u1ebfp t\u1ee5c mang \u0111\u1ebfn cho anh em \u0111am m\u00ea b\u1eafn cung m\u1ed9t <strong data-start=\"131\" data-end=\"216\">m\u1eabu cung tr\u1ee3 l\u1ef1c m\u1edbi v\u1edbi thi\u1ebft k\u1ebf hi\u1ec7n \u0111\u1ea1i, m\u1ea1nh m\u1ebd v\u00e0 m\u1ee9c gi\u00e1 c\u1ef1c k\u1ef3 d\u1ec5 ti\u1ebfp c\u1eadn<\/strong>. \u0110\u00e2y l\u00e0 l\u1ef1a ch\u1ecdn l\u00fd t\u01b0\u1edfng cho c\u1ea3 <strong data-start=\"250\" data-end=\"331\">ng\u01b0\u1eddi m\u1edbi b\u1eaft \u0111\u1ea7u, ng\u01b0\u1eddi t\u1eadp luy\u1ec7n th\u1ec3 thao b\u1eafn cung ho\u1eb7c gi\u1ea3i tr\u00ed ngo\u00e0i tr\u1eddi<\/strong><\/p>\n<p style=\"text-align: center;\" data-start=\"66\" data-end=\"332\"><img loading=\"lazy\" class=\"alignnone size-medium wp-image-16431\" src=\"https:\/\/cungtenhanoi.com\/wp-content\/uploads\/2026\/03\/IMG_2445-300x400.jpeg\" alt=\"\" width=\"300\" height=\"400\" srcset=\"https:\/\/cungtenhanoi.com\/wp-content\/uploads\/2026\/03\/IMG_2445-300x400.jpeg 300w, https:\/\/cungtenhanoi.com\/wp-content\/uploads\/2026\/03\/IMG_2445-600x800.jpeg 600w, https:\/\/cungtenhanoi.com\/wp-content\/uploads\/2026\/03\/IMG_2445-768x1024.jpeg 768w, https:\/\/cungtenhanoi.com\/wp-content\/uploads\/2026\/03\/IMG_2445-1152x1536.jpeg 1152w, https:\/\/cungtenhanoi.com\/wp-content\/uploads\/2026\/03\/IMG_2445-1536x2048.jpeg 1536w, https:\/\/cungtenhanoi.com\/wp-content\/uploads\/2026\/03\/IMG_2445-64x85.jpeg 64w, https:\/\/cungtenhanoi.com\/wp-content\/uploads\/2026\/03\/IMG_2445-scaled.jpeg 1920w\" sizes=\"(max-width: 300px) 100vw, 300px\" \/> <img loading=\"lazy\" class=\"alignnone size-medium wp-image-16432\" src=\"https:\/\/cungtenhanoi.com\/wp-content\/uploads\/2026\/03\/IMG_2446-300x400.jpeg\" alt=\"\" width=\"300\" height=\"400\" srcset=\"https:\/\/cungtenhanoi.com\/wp-content\/uploads\/2026\/03\/IMG_2446-300x400.jpeg 300w, https:\/\/cungtenhanoi.com\/wp-content\/uploads\/2026\/03\/IMG_2446-600x800.jpeg 600w, https:\/\/cungtenhanoi.com\/wp-content\/uploads\/2026\/03\/IMG_2446-768x1024.jpeg 768w, https:\/\/cungtenhanoi.com\/wp-content\/uploads\/2026\/03\/IMG_2446-1152x1536.jpeg 1152w, https:\/\/cungtenhanoi.com\/wp-content\/uploads\/2026\/03\/IMG_2446-1536x2048.jpeg 1536w, https:\/\/cungtenhanoi.com\/wp-content\/uploads\/2026\/03\/IMG_2446-64x85.jpeg 64w, https:\/\/cungtenhanoi.com\/wp-content\/uploads\/2026\/03\/IMG_2446.jpeg 1636w\" sizes=\"(max-width: 300px) 100vw, 300px\" \/>.<img loading=\"lazy\" class=\"size-medium wp-image-16416 aligncenter\" src=\"https:\/\/cungtenhanoi.com\/wp-content\/uploads\/2026\/03\/Untitled-1-345x400.jpg\" alt=\"\" width=\"345\" height=\"400\" srcset=\"https:\/\/cungtenhanoi.com\/wp-content\/uploads\/2026\/03\/Untitled-1-345x400.jpg 345w, https:\/\/cungtenhanoi.com\/wp-content\/uploads\/2026\/03\/Untitled-1-690x800.jpg 690w, https:\/\/cungtenhanoi.com\/wp-content\/uploads\/2026\/03\/Untitled-1-768x890.jpg 768w, https:\/\/cungtenhanoi.com\/wp-content\/uploads\/2026\/03\/Untitled-1-600x696.jpg 600w, https:\/\/cungtenhanoi.com\/wp-content\/uploads\/2026\/03\/Untitled-1-64x74.jpg 64w, https:\/\/cungtenhanoi.com\/wp-content\/uploads\/2026\/03\/Untitled-1.jpg 859w\" sizes=\"(max-width: 345px) 100vw, 345px\" \/><\/p>\n<p style=\"text-align: center;\" data-start=\"66\" data-end=\"332\"><img loading=\"lazy\" class=\"size-medium wp-image-16417 aligncenter\" src=\"https:\/\/cungtenhanoi.com\/wp-content\/uploads\/2026\/03\/Untitled-2-400x400.jpg\" alt=\"\" width=\"400\" height=\"400\" srcset=\"https:\/\/cungtenhanoi.com\/wp-content\/uploads\/2026\/03\/Untitled-2-400x400.jpg 400w, https:\/\/cungtenhanoi.com\/wp-content\/uploads\/2026\/03\/Untitled-2-800x800.jpg 800w, https:\/\/cungtenhanoi.com\/wp-content\/uploads\/2026\/03\/Untitled-2-280x280.jpg 280w, https:\/\/cungtenhanoi.com\/wp-content\/uploads\/2026\/03\/Untitled-2-768x768.jpg 768w, https:\/\/cungtenhanoi.com\/wp-content\/uploads\/2026\/03\/Untitled-2-45x45.jpg 45w, https:\/\/cungtenhanoi.com\/wp-content\/uploads\/2026\/03\/Untitled-2-300x300.jpg 300w, https:\/\/cungtenhanoi.com\/wp-content\/uploads\/2026\/03\/Untitled-2-600x600.jpg 600w, https:\/\/cungtenhanoi.com\/wp-content\/uploads\/2026\/03\/Untitled-2-100x100.jpg 100w, https:\/\/cungtenhanoi.com\/wp-content\/uploads\/2026\/03\/Untitled-2-64x64.jpg 64w, https:\/\/cungtenhanoi.com\/wp-content\/uploads\/2026\/03\/Untitled-2.jpg 1000w\" sizes=\"(max-width: 400px) 100vw, 400px\" \/><\/p>\n<h2 style=\"text-align: center;\" data-section-id=\"8iyvjm\" data-start=\"493\" data-end=\"533\">Thi\u1ebft k\u1ebf ch\u1eafc ch\u1eafn \u2013 V\u1eadt li\u1ec7u cao c\u1ea5p<\/h2>\n<p style=\"text-align: center;\" data-start=\"535\" data-end=\"705\">Th\u00e2n cung \u0111\u01b0\u1ee3c ch\u1ebf t\u1ea1o t\u1eeb <strong data-start=\"561\" data-end=\"619\">h\u1ee3p kim nh\u00f4m \u0111\u00fac nguy\u00ean kh\u1ed1i (Die-cast aluminum alloy)<\/strong> gi\u00fap t\u0103ng \u0111\u1ed9 c\u1ee9ng v\u00e0 \u0111\u1ed9 b\u1ec1n trong qu\u00e1 tr\u00ecnh s\u1eed d\u1ee5ng. Thi\u1ebft k\u1ebf khung cung t\u1ed1i \u01b0u gi\u00fap:<\/p>\n<ul style=\"text-align: center;\" data-start=\"707\" data-end=\"783\">\n<li data-section-id=\"7nmzyn\" data-start=\"707\" data-end=\"728\">\n<p data-start=\"709\" data-end=\"728\">Gi\u1ea3m rung khi b\u1eafn<\/p>\n<\/li>\n<li data-section-id=\"1mzik7s\" data-start=\"729\" data-end=\"757\">\n<p data-start=\"731\" data-end=\"757\">T\u0103ng \u0111\u1ed9 \u1ed5n \u0111\u1ecbnh khi ng\u1eafm<\/p>\n<\/li>\n<li data-section-id=\"1u2fzfv\" data-start=\"758\" data-end=\"783\">\n<p data-start=\"760\" data-end=\"783\">C\u1ea3m gi\u00e1c c\u1ea7m ch\u1eafc tay<\/p>\n<\/li>\n<\/ul>\n<p style=\"text-align: center;\" data-start=\"785\" data-end=\"862\">Ki\u1ec3u d\u00e1ng th\u1ec3 thao m\u1ea1nh m\u1ebd, ph\u00f9 h\u1ee3p cho t\u1eadp luy\u1ec7n th\u1ec3 thao, gi\u1ea3i tr\u00ed, s\u01b0u t\u1ea7m<\/p>\n<p style=\"text-align: center;\" data-start=\"66\" data-end=\"332\"><img loading=\"lazy\" class=\"size-medium wp-image-16418 aligncenter\" src=\"https:\/\/cungtenhanoi.com\/wp-content\/uploads\/2026\/03\/Untitled-3-400x400.jpg\" alt=\"\" width=\"400\" height=\"400\" srcset=\"https:\/\/cungtenhanoi.com\/wp-content\/uploads\/2026\/03\/Untitled-3-400x400.jpg 400w, https:\/\/cungtenhanoi.com\/wp-content\/uploads\/2026\/03\/Untitled-3-800x800.jpg 800w, https:\/\/cungtenhanoi.com\/wp-content\/uploads\/2026\/03\/Untitled-3-280x280.jpg 280w, https:\/\/cungtenhanoi.com\/wp-content\/uploads\/2026\/03\/Untitled-3-768x768.jpg 768w, https:\/\/cungtenhanoi.com\/wp-content\/uploads\/2026\/03\/Untitled-3-45x45.jpg 45w, https:\/\/cungtenhanoi.com\/wp-content\/uploads\/2026\/03\/Untitled-3-300x300.jpg 300w, https:\/\/cungtenhanoi.com\/wp-content\/uploads\/2026\/03\/Untitled-3-600x600.jpg 600w, https:\/\/cungtenhanoi.com\/wp-content\/uploads\/2026\/03\/Untitled-3-100x100.jpg 100w, https:\/\/cungtenhanoi.com\/wp-content\/uploads\/2026\/03\/Untitled-3-64x64.jpg 64w, https:\/\/cungtenhanoi.com\/wp-content\/uploads\/2026\/03\/Untitled-3.jpg 1445w\" sizes=\"(max-width: 400px) 100vw, 400px\" \/><\/p>\n<h2 style=\"text-align: center;\" data-section-id=\"1ullj2f\" data-start=\"1288\" data-end=\"1318\">Ph\u00f9 h\u1ee3p cho nhi\u1ec1u \u0111\u1ed1i t\u01b0\u1ee3ng<\/h2>\n<p style=\"text-align: center;\" data-start=\"1320\" data-end=\"1390\">M\u1eabu cung n\u00e0y \u0111\u01b0\u1ee3c thi\u1ebft k\u1ebf \u0111\u1ec3 <strong data-start=\"1350\" data-end=\"1389\">ph\u00f9 h\u1ee3p v\u1edbi nhi\u1ec1u c\u1ea5p \u0111\u1ed9 ng\u01b0\u1eddi ch\u01a1i<\/strong>:<\/p>\n<p style=\"text-align: center;\" data-start=\"1392\" data-end=\"1546\">\u2714 Ng\u01b0\u1eddi m\u1edbi t\u1eadp b\u1eafn cung<br data-start=\"1416\" data-end=\"1419\" \/>\u2714 Ng\u01b0\u1eddi ch\u01a1i th\u1ec3 thao ngo\u00e0i tr\u1eddi<br data-start=\"1451\" data-end=\"1454\" \/>\u2714 Ng\u01b0\u1eddi mu\u1ed1n s\u1edf h\u1eefu cung tr\u1ee3 l\u1ef1c gi\u00e1 t\u1ed1t<br data-start=\"1494\" data-end=\"1497\" \/>\u2714 Ng\u01b0\u1eddi c\u1ea7n cung c\u00f3 l\u1ef1c m\u1ea1nh nh\u01b0ng d\u1ec5 ki\u1ec3m so\u00e1t<\/p>\n<p style=\"text-align: center;\" data-start=\"1548\" data-end=\"1644\">Nh\u1edd kh\u1ea3 n\u0103ng <strong data-start=\"1561\" data-end=\"1588\">\u0111i\u1ec1u ch\u1ec9nh l\u1ef1c k\u00e9o r\u1ed9ng<\/strong>, ng\u01b0\u1eddi d\u00f9ng c\u00f3 th\u1ec3 d\u1ec5 d\u00e0ng t\u00f9y ch\u1ec9nh theo s\u1ee9c c\u1ee7a m\u00ecnh.<\/p>\n<hr data-start=\"1646\" data-end=\"1649\" \/>\n<h2 style=\"text-align: center;\" data-section-id=\"1lwawc0\" data-start=\"1651\" data-end=\"1695\">L\u1ef1a ch\u1ecdn tuy\u1ec7t v\u1eddi trong ph\u00e2n kh\u00fac gi\u00e1 r\u1ebb<\/h2>\n<p style=\"text-align: center;\" data-start=\"1697\" data-end=\"1970\">Tr\u00ean th\u1ecb tr\u01b0\u1eddng hi\u1ec7n nay, r\u1ea5t kh\u00f3 \u0111\u1ec3 t\u00ecm \u0111\u01b0\u1ee3c m\u1ed9t m\u1eabu <strong data-start=\"1751\" data-end=\"1834\">cung tr\u1ee3 l\u1ef1c c\u00f3 t\u1ed1c \u0111\u1ed9 cao, c\u1ea5u tr\u00fac ch\u1eafc ch\u1eafn v\u00e0 kh\u1ea3 n\u0103ng \u0111i\u1ec1u ch\u1ec9nh linh ho\u1ea1t<\/strong> trong t\u1ea7m gi\u00e1 ph\u1ed5 th\u00f4ng. \u0110\u00e2y ch\u00ednh l\u00e0 m\u1eabu cung \u0111\u01b0\u1ee3c nhi\u1ec1u ng\u01b0\u1eddi ch\u01a1i l\u1ef1a ch\u1ecdn khi mu\u1ed1n <strong data-start=\"1922\" data-end=\"1969\">b\u1eaft \u0111\u1ea7u b\u1ed9 m\u00f4n b\u1eafn cung m\u1ed9t c\u00e1ch nghi\u00eam t\u00fac<\/strong>.<\/p>\n<hr data-start=\"1972\" data-end=\"1975\" \/>\n<p style=\"text-align: center;\" data-start=\"1977\" data-end=\"2162\">\u2b50 <strong data-start=\"1979\" data-end=\"2045\">Cung T\u00ean H\u00e0 N\u1ed9i \u2013 Chuy\u00ean cung c\u1ea5p cung t\u00ean th\u1ec3 thao ch\u1ea5t l\u01b0\u1ee3ng<\/strong><br data-start=\"2045\" data-end=\"2048\" \/>\u2714 H\u1ed7 tr\u1ee3 t\u01b0 v\u1ea5n ch\u1ecdn cung ph\u00f9 h\u1ee3p<br data-start=\"2081\" data-end=\"2084\" \/>\u2714 Ph\u1ee5 ki\u1ec7n \u0111\u1ea7y \u0111\u1ee7: t\u00ean, bia, d\u00e2y, \u1ed1ng ng\u1eafm<br data-start=\"2126\" data-end=\"2129\" \/>\u2714 H\u01b0\u1edbng d\u1eabn s\u1eed d\u1ee5ng cho ng\u01b0\u1eddi m\u1edbi<\/p>\n<p style=\"text-align: center;\" data-start=\"2164\" data-end=\"2231\">???? Li\u00ean h\u1ec7 ngay \u0111\u1ec3 \u0111\u01b0\u1ee3c <strong data-start=\"2188\" data-end=\"2228\">t\u01b0 v\u1ea5n chi ti\u1ebft v\u00e0 nh\u1eadn gi\u00e1 t\u1ed1t nh\u1ea5t<\/strong>.<\/p>\n<p style=\"text-align: center;\" data-start=\"66\" data-end=\"332\"><img loading=\"lazy\" class=\"size-medium wp-image-16419 aligncenter\" src=\"https:\/\/cungtenhanoi.com\/wp-content\/uploads\/2026\/03\/Untitled-4-400x400.jpg\" alt=\"\" width=\"400\" height=\"400\" srcset=\"https:\/\/cungtenhanoi.com\/wp-content\/uploads\/2026\/03\/Untitled-4-400x400.jpg 400w, https:\/\/cungtenhanoi.com\/wp-content\/uploads\/2026\/03\/Untitled-4-800x800.jpg 800w, https:\/\/cungtenhanoi.com\/wp-content\/uploads\/2026\/03\/Untitled-4-280x280.jpg 280w, https:\/\/cungtenhanoi.com\/wp-content\/uploads\/2026\/03\/Untitled-4-768x768.jpg 768w, https:\/\/cungtenhanoi.com\/wp-content\/uploads\/2026\/03\/Untitled-4-45x45.jpg 45w, https:\/\/cungtenhanoi.com\/wp-content\/uploads\/2026\/03\/Untitled-4-300x300.jpg 300w, https:\/\/cungtenhanoi.com\/wp-content\/uploads\/2026\/03\/Untitled-4-600x600.jpg 600w, https:\/\/cungtenhanoi.com\/wp-content\/uploads\/2026\/03\/Untitled-4-100x100.jpg 100w, https:\/\/cungtenhanoi.com\/wp-content\/uploads\/2026\/03\/Untitled-4-64x64.jpg 64w, https:\/\/cungtenhanoi.com\/wp-content\/uploads\/2026\/03\/Untitled-4.jpg 1445w\" sizes=\"(max-width: 400px) 100vw, 400px\" \/> <img loading=\"lazy\" class=\"alignnone size-medium wp-image-16420\" src=\"https:\/\/cungtenhanoi.com\/wp-content\/uploads\/2026\/03\/Untitled-5-400x400.jpg\" alt=\"\" width=\"400\" height=\"400\" srcset=\"https:\/\/cungtenhanoi.com\/wp-content\/uploads\/2026\/03\/Untitled-5-400x400.jpg 400w, https:\/\/cungtenhanoi.com\/wp-content\/uploads\/2026\/03\/Untitled-5-800x800.jpg 800w, https:\/\/cungtenhanoi.com\/wp-content\/uploads\/2026\/03\/Untitled-5-280x280.jpg 280w, https:\/\/cungtenhanoi.com\/wp-content\/uploads\/2026\/03\/Untitled-5-768x768.jpg 768w, https:\/\/cungtenhanoi.com\/wp-content\/uploads\/2026\/03\/Untitled-5-45x45.jpg 45w, https:\/\/cungtenhanoi.com\/wp-content\/uploads\/2026\/03\/Untitled-5-300x300.jpg 300w, https:\/\/cungtenhanoi.com\/wp-content\/uploads\/2026\/03\/Untitled-5-600x600.jpg 600w, https:\/\/cungtenhanoi.com\/wp-content\/uploads\/2026\/03\/Untitled-5-100x100.jpg 100w, https:\/\/cungtenhanoi.com\/wp-content\/uploads\/2026\/03\/Untitled-5-64x64.jpg 64w, https:\/\/cungtenhanoi.com\/wp-content\/uploads\/2026\/03\/Untitled-5.jpg 1500w\" sizes=\"(max-width: 400px) 100vw, 400px\" \/><\/p>\n<p style=\"text-align: center;\" data-start=\"334\" data-end=\"486\">V\u1edbi c\u1ea5u tr\u00fac ch\u1eafc ch\u1eafn, t\u1ed1c \u0111\u1ed9 m\u0169i t\u00ean cao v\u00e0 kh\u1ea3 n\u0103ng \u0111i\u1ec1u ch\u1ec9nh linh ho\u1ea1t, m\u1eabu cung n\u00e0y mang l\u1ea1i tr\u1ea3i nghi\u1ec7m b\u1eafn \u1ed5n \u0111\u1ecbnh, ch\u00ednh x\u00e1c v\u00e0 r\u1ea5t d\u1ec5 s\u1eed d\u1ee5ng.<\/p>\n<p style=\"text-align: center;\" data-start=\"334\" data-end=\"486\">\n","protected":false},"excerpt":{"rendered":"<h2 data-section-id=\"144fuzx\" data-start=\"869\" data-end=\"897\">Th\u00f4ng s\u1ed1 k\u1ef9 thu\u1eadt n\u1ed5i b\u1eadt<\/h2>\n<ul data-start=\"899\" data-end=\"1025\">\n<li data-section-id=\"nx4ebq\" data-start=\"899\" data-end=\"928\">\n<p data-start=\"901\" data-end=\"928\"><strong data-start=\"901\" data-end=\"918\">Axle to Axle:<\/strong> 30 inch<\/p>\n<\/li>\n<li data-section-id=\"1crcydp\" data-start=\"929\" data-end=\"967\">\n<p data-start=\"931\" data-end=\"967\"><strong data-start=\"931\" data-end=\"950\">Chi\u1ec1u d\u00e0i cung:<\/strong> kho\u1ea3ng 86.3 cm<\/p>\n<\/li>\n<li data-section-id=\"1ss0oq7\" data-start=\"968\" data-end=\"993\">\n<p data-start=\"970\" data-end=\"993\"><strong data-start=\"970\" data-end=\"985\">Chi\u1ec1u r\u1ed9ng:<\/strong> 34 cm<\/p>\n<\/li>\n<li data-section-id=\"5cwiwi\" data-start=\"994\" data-end=\"1025\">\n<p data-start=\"996\" data-end=\"1025\"><strong data-start=\"996\" data-end=\"1016\">\u0110\u1ed9 r\u1ed9ng tay c\u1ea7m:<\/strong> 6.8 cm<\/p>\n<\/li>\n<\/ul>\n<p data-start=\"1027\" data-end=\"1061\"><strong data-start=\"1027\" data-end=\"1061\">Kh\u1ea3 n\u0103ng \u0111i\u1ec1u ch\u1ec9nh linh ho\u1ea1t:<\/strong><\/p>\n<ul data-start=\"1063\" data-end=\"1181\">\n<li data-section-id=\"12111ug\" data-start=\"1063\" data-end=\"1090\">\n<p data-start=\"1065\" data-end=\"1090\"><strong data-start=\"1065\" data-end=\"1077\">L\u1ef1c k\u00e9o:<\/strong> 0 \u2013 70 lbs<\/p>\n<\/li>\n<li data-section-id=\"deqx6t\" data-start=\"1091\" data-end=\"1128\">\n<p data-start=\"1093\" data-end=\"1128\"><strong data-start=\"1093\" data-end=\"1111\">Chi\u1ec1u d\u00e0i k\u00e9o:<\/strong> 16.4 \u2013 30 inch<\/p>\n<\/li>\n<li data-section-id=\"84f8l\" data-start=\"1129\" data-end=\"1181\">\n<p data-start=\"1131\" data-end=\"1181\"><strong data-start=\"1131\" data-end=\"1143\">Let-off:<\/strong> 80% (gi\u1ea3m l\u1ef1c gi\u1eef khi k\u00e9o h\u1ebft cung)<\/p>\n<\/li>\n<\/ul>\n<p data-start=\"1183\" data-end=\"1281\">\u0110\u1eb7c bi\u1ec7t, cung \u0111\u1ea1t <strong data-start=\"1202\" data-end=\"1236\">t\u1ed1c \u0111\u1ed9 m\u0169i t\u00ean l\u00ean \u0111\u1ebfn 325 fps<\/strong>, mang l\u1ea1i l\u1ef1c b\u1eafn m\u1ea1nh v\u00e0 \u0111\u01b0\u1eddng t\u00ean \u1ed5n \u0111\u1ecbnh.<\/p>\n","protected":false},"featured_media":16416,"comment_status":"open","ping_status":"closed","template":"","meta":[],"product_cat":[627,17],"product_tag":[1396,1436,86,1394,267,264,1392,168,61,1435],"acf":[],"yoast_head":"<!-- This site is optimized with the Yoast SEO plugin v19.8 - https:\/\/yoast.com\/wordpress\/plugins\/seo\/ -->\n<title>Cung th\u1ec3 thao tr\u1ee3 l\u1ef1c M133 - New Gi\u00e1 c\u1ef1c t\u1ed1t - Cung T\u00ean H\u00e0 N\u1ed9i<\/title>\n<meta name=\"description\" content=\"mua cung t\u00ean th\u1ec3 thao, mua cung t\u00ean t\u1ea1i h\u00e0 n\u1ed9i, cung tr\u1ee3 l\u1ef1c, cung compound, cung t\u00ean ch\u00ednh h\u00e3ng, cung t\u00ean m\u1ea1nh,cung t\u00ean h\u00e0 n\u1ed9i, cung t\u00ean , mua cung t\u00ean S\u00e0i g\u00f2n , mua m\u0169i t\u00ean b\u1eafn cung , cung b\u1eafn bi s\u1eaft , cung t\u00ean mini\" \/>\n<meta name=\"robots\" content=\"index, follow, max-snippet:-1, max-image-preview:large, max-video-preview:-1\" \/>\n<link rel=\"canonical\" href=\"https:\/\/cungtenhanoi.com\/?product=cungtenhanoi-com\" \/>\n<meta property=\"og:locale\" content=\"vi_VN\" \/>\n<meta property=\"og:type\" content=\"article\" \/>\n<meta property=\"og:title\" content=\"Cung th\u1ec3 thao tr\u1ee3 l\u1ef1c M133 - New Gi\u00e1 c\u1ef1c t\u1ed1t - Cung T\u00ean H\u00e0 N\u1ed9i\" \/>\n<meta property=\"og:description\" content=\"mua cung t\u00ean th\u1ec3 thao, mua cung t\u00ean t\u1ea1i h\u00e0 n\u1ed9i, cung tr\u1ee3 l\u1ef1c, cung compound, cung t\u00ean ch\u00ednh h\u00e3ng, cung t\u00ean m\u1ea1nh,cung t\u00ean h\u00e0 n\u1ed9i, cung t\u00ean , mua cung t\u00ean S\u00e0i g\u00f2n , mua m\u0169i t\u00ean b\u1eafn cung , cung b\u1eafn bi s\u1eaft , cung t\u00ean mini\" \/>\n<meta property=\"og:url\" content=\"https:\/\/cungtenhanoi.com\/?product=cungtenhanoi-com\" \/>\n<meta property=\"og:site_name\" content=\"Cung T\u00ean H\u00e0 N\u1ed9i\" \/>\n<meta property=\"article:modified_time\" content=\"2026-04-22T01:48:01+00:00\" \/>\n<meta property=\"og:image\" content=\"https:\/\/cungtenhanoi.com\/wp-content\/uploads\/2026\/03\/Untitled-1.jpg\" \/>\n\t<meta property=\"og:image:width\" content=\"859\" \/>\n\t<meta property=\"og:image:height\" content=\"996\" \/>\n\t<meta property=\"og:image:type\" content=\"image\/jpeg\" \/>\n<meta name=\"twitter:card\" content=\"summary_large_image\" \/>\n<meta name=\"twitter:label1\" content=\"\u01af\u1edbc t\u00ednh th\u1eddi gian \u0111\u1ecdc\" \/>\n\t<meta name=\"twitter:data1\" content=\"4 ph\u00fat\" \/>\n<script type=\"application\/ld+json\" class=\"yoast-schema-graph\">{\"@context\":\"https:\/\/schema.org\",\"@graph\":[{\"@type\":\"WebPage\",\"@id\":\"https:\/\/cungtenhanoi.com\/?product=cungtenhanoi-com\",\"url\":\"https:\/\/cungtenhanoi.com\/?product=cungtenhanoi-com\",\"name\":\"Cung th\u1ec3 thao tr\u1ee3 l\u1ef1c M133 - New Gi\u00e1 c\u1ef1c t\u1ed1t - Cung T\u00ean H\u00e0 N\u1ed9i\",\"isPartOf\":{\"@id\":\"https:\/\/cungtenhanoi.com\/#website\"},\"datePublished\":\"2026-03-07T06:52:43+00:00\",\"dateModified\":\"2026-04-22T01:48:01+00:00\",\"description\":\"mua cung t\u00ean th\u1ec3 thao, mua cung t\u00ean t\u1ea1i h\u00e0 n\u1ed9i, cung tr\u1ee3 l\u1ef1c, cung compound, cung t\u00ean ch\u00ednh h\u00e3ng, cung t\u00ean m\u1ea1nh,cung t\u00ean h\u00e0 n\u1ed9i, cung t\u00ean , mua cung t\u00ean S\u00e0i g\u00f2n , mua m\u0169i t\u00ean b\u1eafn cung , cung b\u1eafn bi s\u1eaft , cung t\u00ean mini\",\"breadcrumb\":{\"@id\":\"https:\/\/cungtenhanoi.com\/?product=cungtenhanoi-com#breadcrumb\"},\"inLanguage\":\"vi\",\"potentialAction\":[{\"@type\":\"ReadAction\",\"target\":[\"https:\/\/cungtenhanoi.com\/?product=cungtenhanoi-com\"]}]},{\"@type\":\"BreadcrumbList\",\"@id\":\"https:\/\/cungtenhanoi.com\/?product=cungtenhanoi-com#breadcrumb\",\"itemListElement\":[{\"@type\":\"ListItem\",\"position\":1,\"name\":\"Trang ch\u1ee7\",\"item\":\"https:\/\/cungtenhanoi.com\/\"},{\"@type\":\"ListItem\",\"position\":2,\"name\":\"Shop\",\"item\":\"https:\/\/cungtenhanoi.com\/?page_id=6\"},{\"@type\":\"ListItem\",\"position\":3,\"name\":\"Uncategorized\",\"item\":\"https:\/\/cungtenhanoi.com\/danh-muc\/uncategorized\/\"},{\"@type\":\"ListItem\",\"position\":4,\"name\":\"Cung th\u1ec3 thao tr\u1ee3 l\u1ef1c M133 &#8211; New Gi\u00e1 c\u1ef1c t\u1ed1t\"}]},{\"@type\":\"WebSite\",\"@id\":\"https:\/\/cungtenhanoi.com\/#website\",\"url\":\"https:\/\/cungtenhanoi.com\/\",\"name\":\"Cung T\u00ean H\u00e0 N\u1ed9i\",\"description\":\"Cung c\u1ea5p c\u00e1c lo\u1ea1i cung t\u00ean th\u1ec3 thao s\u1ed1 1 Vi\u1ec7t Nam\",\"publisher\":{\"@id\":\"https:\/\/cungtenhanoi.com\/#organization\"},\"potentialAction\":[{\"@type\":\"SearchAction\",\"target\":{\"@type\":\"EntryPoint\",\"urlTemplate\":\"https:\/\/cungtenhanoi.com\/?s={search_term_string}\"},\"query-input\":\"required name=search_term_string\"}],\"inLanguage\":\"vi\"},{\"@type\":\"Organization\",\"@id\":\"https:\/\/cungtenhanoi.com\/#organization\",\"name\":\"Cung T\u00ean H\u00e0 N\u1ed9i\",\"url\":\"https:\/\/cungtenhanoi.com\/\",\"sameAs\":[],\"logo\":{\"@type\":\"ImageObject\",\"inLanguage\":\"vi\",\"@id\":\"https:\/\/cungtenhanoi.com\/#\/schema\/logo\/image\/\",\"url\":\"https:\/\/cungtenhanoi.com\/wp-content\/uploads\/2025\/05\/logo-den-trang.jpg\",\"contentUrl\":\"https:\/\/cungtenhanoi.com\/wp-content\/uploads\/2025\/05\/logo-den-trang.jpg\",\"width\":450,\"height\":450,\"caption\":\"Cung T\u00ean H\u00e0 N\u1ed9i\"},\"image\":{\"@id\":\"https:\/\/cungtenhanoi.com\/#\/schema\/logo\/image\/\"}}]}<\/script>\n<!-- \/ Yoast SEO plugin. -->","yoast_head_json":{"title":"Cung th\u1ec3 thao tr\u1ee3 l\u1ef1c M133 - New Gi\u00e1 c\u1ef1c t\u1ed1t - Cung T\u00ean H\u00e0 N\u1ed9i","description":"mua cung t\u00ean th\u1ec3 thao, mua cung t\u00ean t\u1ea1i h\u00e0 n\u1ed9i, cung tr\u1ee3 l\u1ef1c, cung compound, cung t\u00ean ch\u00ednh h\u00e3ng, cung t\u00ean m\u1ea1nh,cung t\u00ean h\u00e0 n\u1ed9i, cung t\u00ean , mua cung t\u00ean S\u00e0i g\u00f2n , mua m\u0169i t\u00ean b\u1eafn cung , cung b\u1eafn bi s\u1eaft , cung t\u00ean mini","robots":{"index":"index","follow":"follow","max-snippet":"max-snippet:-1","max-image-preview":"max-image-preview:large","max-video-preview":"max-video-preview:-1"},"canonical":"https:\/\/cungtenhanoi.com\/?product=cungtenhanoi-com","og_locale":"vi_VN","og_type":"article","og_title":"Cung th\u1ec3 thao tr\u1ee3 l\u1ef1c M133 - New Gi\u00e1 c\u1ef1c t\u1ed1t - Cung T\u00ean H\u00e0 N\u1ed9i","og_description":"mua cung t\u00ean th\u1ec3 thao, mua cung t\u00ean t\u1ea1i h\u00e0 n\u1ed9i, cung tr\u1ee3 l\u1ef1c, cung compound, cung t\u00ean ch\u00ednh h\u00e3ng, cung t\u00ean m\u1ea1nh,cung t\u00ean h\u00e0 n\u1ed9i, cung t\u00ean , mua cung t\u00ean S\u00e0i g\u00f2n , mua m\u0169i t\u00ean b\u1eafn cung , cung b\u1eafn bi s\u1eaft , cung t\u00ean mini","og_url":"https:\/\/cungtenhanoi.com\/?product=cungtenhanoi-com","og_site_name":"Cung T\u00ean H\u00e0 N\u1ed9i","article_modified_time":"2026-04-22T01:48:01+00:00","og_image":[{"width":859,"height":996,"url":"https:\/\/cungtenhanoi.com\/wp-content\/uploads\/2026\/03\/Untitled-1.jpg","type":"image\/jpeg"}],"twitter_card":"summary_large_image","twitter_misc":{"\u01af\u1edbc t\u00ednh th\u1eddi gian \u0111\u1ecdc":"4 ph\u00fat"},"schema":{"@context":"https:\/\/schema.org","@graph":[{"@type":"WebPage","@id":"https:\/\/cungtenhanoi.com\/?product=cungtenhanoi-com","url":"https:\/\/cungtenhanoi.com\/?product=cungtenhanoi-com","name":"Cung th\u1ec3 thao tr\u1ee3 l\u1ef1c M133 - New Gi\u00e1 c\u1ef1c t\u1ed1t - Cung T\u00ean H\u00e0 N\u1ed9i","isPartOf":{"@id":"https:\/\/cungtenhanoi.com\/#website"},"datePublished":"2026-03-07T06:52:43+00:00","dateModified":"2026-04-22T01:48:01+00:00","description":"mua cung t\u00ean th\u1ec3 thao, mua cung t\u00ean t\u1ea1i h\u00e0 n\u1ed9i, cung tr\u1ee3 l\u1ef1c, cung compound, cung t\u00ean ch\u00ednh h\u00e3ng, cung t\u00ean m\u1ea1nh,cung t\u00ean h\u00e0 n\u1ed9i, cung t\u00ean , mua cung t\u00ean S\u00e0i g\u00f2n , mua m\u0169i t\u00ean b\u1eafn cung , cung b\u1eafn bi s\u1eaft , cung t\u00ean mini","breadcrumb":{"@id":"https:\/\/cungtenhanoi.com\/?product=cungtenhanoi-com#breadcrumb"},"inLanguage":"vi","potentialAction":[{"@type":"ReadAction","target":["https:\/\/cungtenhanoi.com\/?product=cungtenhanoi-com"]}]},{"@type":"BreadcrumbList","@id":"https:\/\/cungtenhanoi.com\/?product=cungtenhanoi-com#breadcrumb","itemListElement":[{"@type":"ListItem","position":1,"name":"Trang ch\u1ee7","item":"https:\/\/cungtenhanoi.com\/"},{"@type":"ListItem","position":2,"name":"Shop","item":"https:\/\/cungtenhanoi.com\/?page_id=6"},{"@type":"ListItem","position":3,"name":"Uncategorized","item":"https:\/\/cungtenhanoi.com\/danh-muc\/uncategorized\/"},{"@type":"ListItem","position":4,"name":"Cung th\u1ec3 thao tr\u1ee3 l\u1ef1c M133 &#8211; New Gi\u00e1 c\u1ef1c t\u1ed1t"}]},{"@type":"WebSite","@id":"https:\/\/cungtenhanoi.com\/#website","url":"https:\/\/cungtenhanoi.com\/","name":"Cung T\u00ean H\u00e0 N\u1ed9i","description":"Cung c\u1ea5p c\u00e1c lo\u1ea1i cung t\u00ean th\u1ec3 thao s\u1ed1 1 Vi\u1ec7t Nam","publisher":{"@id":"https:\/\/cungtenhanoi.com\/#organization"},"potentialAction":[{"@type":"SearchAction","target":{"@type":"EntryPoint","urlTemplate":"https:\/\/cungtenhanoi.com\/?s={search_term_string}"},"query-input":"required name=search_term_string"}],"inLanguage":"vi"},{"@type":"Organization","@id":"https:\/\/cungtenhanoi.com\/#organization","name":"Cung T\u00ean H\u00e0 N\u1ed9i","url":"https:\/\/cungtenhanoi.com\/","sameAs":[],"logo":{"@type":"ImageObject","inLanguage":"vi","@id":"https:\/\/cungtenhanoi.com\/#\/schema\/logo\/image\/","url":"https:\/\/cungtenhanoi.com\/wp-content\/uploads\/2025\/05\/logo-den-trang.jpg","contentUrl":"https:\/\/cungtenhanoi.com\/wp-content\/uploads\/2025\/05\/logo-den-trang.jpg","width":450,"height":450,"caption":"Cung T\u00ean H\u00e0 N\u1ed9i"},"image":{"@id":"https:\/\/cungtenhanoi.com\/#\/schema\/logo\/image\/"}}]}},"_links":{"self":[{"href":"https:\/\/cungtenhanoi.com\/index.php?rest_route=\/wp\/v2\/product\/16415"}],"collection":[{"href":"https:\/\/cungtenhanoi.com\/index.php?rest_route=\/wp\/v2\/product"}],"about":[{"href":"https:\/\/cungtenhanoi.com\/index.php?rest_route=\/wp\/v2\/types\/product"}],"replies":[{"embeddable":true,"href":"https:\/\/cungtenhanoi.com\/index.php?rest_route=%2Fwp%2Fv2%2Fcomments&post=16415"}],"wp:featuredmedia":[{"embeddable":true,"href":"https:\/\/cungtenhanoi.com\/index.php?rest_route=\/wp\/v2\/media\/16416"}],"wp:attachment":[{"href":"https:\/\/cungtenhanoi.com\/index.php?rest_route=%2Fwp%2Fv2%2Fmedia&parent=16415"}],"wp:term":[{"taxonomy":"product_cat","embeddable":true,"href":"https:\/\/cungtenhanoi.com\/index.php?rest_route=%2Fwp%2Fv2%2Fproduct_cat&post=16415"},{"taxonomy":"product_tag","embeddable":true,"href":"https:\/\/cungtenhanoi.com\/index.php?rest_route=%2Fwp%2Fv2%2Fproduct_tag&post=16415"}],"curies":[{"name":"wp","href":"https:\/\/api.w.org\/{rel}","templated":true}]}}