{"id":1685,"date":"2021-06-04T10:58:59","date_gmt":"2021-06-04T03:58:59","guid":{"rendered":"https:\/\/cungtenhanoi.com\/?post_type=product&#038;p=1685"},"modified":"2022-03-23T21:21:34","modified_gmt":"2022-03-23T14:21:34","slug":"pse-madness-2020","status":"publish","type":"product","link":"https:\/\/cungtenhanoi.com\/?product=pse-madness-2020","title":{"rendered":"PSE Madness 2020"},"content":{"rendered":"<p><img loading=\"lazy\" class=\"aligncenter size-full wp-image-1692\" src=\"https:\/\/cungtenhanoi.com\/wp-content\/uploads\/2021\/06\/O1CN018mZgoF2J1qWHpBHJp_636909362-Copy-Copy.jpg\" alt=\"\" width=\"782\" height=\"798\" srcset=\"https:\/\/cungtenhanoi.com\/wp-content\/uploads\/2021\/06\/O1CN018mZgoF2J1qWHpBHJp_636909362-Copy-Copy.jpg 782w, https:\/\/cungtenhanoi.com\/wp-content\/uploads\/2021\/06\/O1CN018mZgoF2J1qWHpBHJp_636909362-Copy-Copy-600x612.jpg 600w, https:\/\/cungtenhanoi.com\/wp-content\/uploads\/2021\/06\/O1CN018mZgoF2J1qWHpBHJp_636909362-Copy-Copy-64x65.jpg 64w\" sizes=\"(max-width: 782px) 100vw, 782px\" \/><img loading=\"lazy\" class=\"aligncenter size-full wp-image-1696\" src=\"https:\/\/cungtenhanoi.com\/wp-content\/uploads\/2021\/06\/O1CN01C1QigK2J1qYUYiZlk_636909362.jpg\" alt=\"\" width=\"800\" height=\"652\" srcset=\"https:\/\/cungtenhanoi.com\/wp-content\/uploads\/2021\/06\/O1CN01C1QigK2J1qYUYiZlk_636909362.jpg 800w, https:\/\/cungtenhanoi.com\/wp-content\/uploads\/2021\/06\/O1CN01C1QigK2J1qYUYiZlk_636909362-600x489.jpg 600w, https:\/\/cungtenhanoi.com\/wp-content\/uploads\/2021\/06\/O1CN01C1QigK2J1qYUYiZlk_636909362-64x52.jpg 64w, https:\/\/cungtenhanoi.com\/wp-content\/uploads\/2021\/06\/O1CN01C1QigK2J1qYUYiZlk_636909362-300x245.jpg 300w, https:\/\/cungtenhanoi.com\/wp-content\/uploads\/2021\/06\/O1CN01C1QigK2J1qYUYiZlk_636909362-768x626.jpg 768w\" sizes=\"(max-width: 800px) 100vw, 800px\" \/><img loading=\"lazy\" class=\"aligncenter size-full wp-image-1687\" src=\"https:\/\/cungtenhanoi.com\/wp-content\/uploads\/2021\/06\/904DED20-D818-4A4A-9B9E-CEA1E3F62F79.jpeg\" alt=\"\" width=\"800\" height=\"800\" srcset=\"https:\/\/cungtenhanoi.com\/wp-content\/uploads\/2021\/06\/904DED20-D818-4A4A-9B9E-CEA1E3F62F79.jpeg 800w, https:\/\/cungtenhanoi.com\/wp-content\/uploads\/2021\/06\/904DED20-D818-4A4A-9B9E-CEA1E3F62F79-300x300.jpeg 300w, https:\/\/cungtenhanoi.com\/wp-content\/uploads\/2021\/06\/904DED20-D818-4A4A-9B9E-CEA1E3F62F79-100x100.jpeg 100w, https:\/\/cungtenhanoi.com\/wp-content\/uploads\/2021\/06\/904DED20-D818-4A4A-9B9E-CEA1E3F62F79-600x600.jpeg 600w, https:\/\/cungtenhanoi.com\/wp-content\/uploads\/2021\/06\/904DED20-D818-4A4A-9B9E-CEA1E3F62F79-64x64.jpeg 64w, https:\/\/cungtenhanoi.com\/wp-content\/uploads\/2021\/06\/904DED20-D818-4A4A-9B9E-CEA1E3F62F79-150x150.jpeg 150w, https:\/\/cungtenhanoi.com\/wp-content\/uploads\/2021\/06\/904DED20-D818-4A4A-9B9E-CEA1E3F62F79-768x768.jpeg 768w, https:\/\/cungtenhanoi.com\/wp-content\/uploads\/2021\/06\/904DED20-D818-4A4A-9B9E-CEA1E3F62F79-180x180.jpeg 180w, https:\/\/cungtenhanoi.com\/wp-content\/uploads\/2021\/06\/904DED20-D818-4A4A-9B9E-CEA1E3F62F79-45x45.jpeg 45w\" sizes=\"(max-width: 800px) 100vw, 800px\" \/><img loading=\"lazy\" class=\"aligncenter size-full wp-image-1688\" src=\"https:\/\/cungtenhanoi.com\/wp-content\/uploads\/2021\/06\/O1CN01FdDE5G2J1qWpYFz55_636909362.jpg\" alt=\"\" width=\"368\" height=\"514\" srcset=\"https:\/\/cungtenhanoi.com\/wp-content\/uploads\/2021\/06\/O1CN01FdDE5G2J1qWpYFz55_636909362.jpg 368w, https:\/\/cungtenhanoi.com\/wp-content\/uploads\/2021\/06\/O1CN01FdDE5G2J1qWpYFz55_636909362-64x89.jpg 64w, https:\/\/cungtenhanoi.com\/wp-content\/uploads\/2021\/06\/O1CN01FdDE5G2J1qWpYFz55_636909362-215x300.jpg 215w\" sizes=\"(max-width: 368px) 100vw, 368px\" \/><img loading=\"lazy\" class=\"aligncenter size-full wp-image-1689\" src=\"https:\/\/cungtenhanoi.com\/wp-content\/uploads\/2021\/06\/O1CN01kSHwLU1uHXkdmMdwJ_2819006012.jpg_400x400.jpg\" alt=\"\" width=\"397\" height=\"358\" srcset=\"https:\/\/cungtenhanoi.com\/wp-content\/uploads\/2021\/06\/O1CN01kSHwLU1uHXkdmMdwJ_2819006012.jpg_400x400.jpg 397w, https:\/\/cungtenhanoi.com\/wp-content\/uploads\/2021\/06\/O1CN01kSHwLU1uHXkdmMdwJ_2819006012.jpg_400x400-64x58.jpg 64w, https:\/\/cungtenhanoi.com\/wp-content\/uploads\/2021\/06\/O1CN01kSHwLU1uHXkdmMdwJ_2819006012.jpg_400x400-300x271.jpg 300w\" sizes=\"(max-width: 397px) 100vw, 397px\" \/><img loading=\"lazy\" class=\"aligncenter size-full wp-image-1690\" src=\"https:\/\/cungtenhanoi.com\/wp-content\/uploads\/2021\/06\/O1CN01oedA8m1uHXkgpRT1j_2819006012.jpg\" alt=\"\" width=\"734\" height=\"482\" srcset=\"https:\/\/cungtenhanoi.com\/wp-content\/uploads\/2021\/06\/O1CN01oedA8m1uHXkgpRT1j_2819006012.jpg 734w, https:\/\/cungtenhanoi.com\/wp-content\/uploads\/2021\/06\/O1CN01oedA8m1uHXkgpRT1j_2819006012-600x394.jpg 600w, https:\/\/cungtenhanoi.com\/wp-content\/uploads\/2021\/06\/O1CN01oedA8m1uHXkgpRT1j_2819006012-64x42.jpg 64w, https:\/\/cungtenhanoi.com\/wp-content\/uploads\/2021\/06\/O1CN01oedA8m1uHXkgpRT1j_2819006012-300x197.jpg 300w\" sizes=\"(max-width: 734px) 100vw, 734px\" \/><img loading=\"lazy\" class=\"aligncenter size-full wp-image-1691\" src=\"https:\/\/cungtenhanoi.com\/wp-content\/uploads\/2021\/06\/O1CN01SMIDZs1uHXkikqFwD_2819006012.jpg\" alt=\"\" width=\"744\" height=\"587\" srcset=\"https:\/\/cungtenhanoi.com\/wp-content\/uploads\/2021\/06\/O1CN01SMIDZs1uHXkikqFwD_2819006012.jpg 744w, https:\/\/cungtenhanoi.com\/wp-content\/uploads\/2021\/06\/O1CN01SMIDZs1uHXkikqFwD_2819006012-600x473.jpg 600w, https:\/\/cungtenhanoi.com\/wp-content\/uploads\/2021\/06\/O1CN01SMIDZs1uHXkikqFwD_2819006012-64x50.jpg 64w, https:\/\/cungtenhanoi.com\/wp-content\/uploads\/2021\/06\/O1CN01SMIDZs1uHXkikqFwD_2819006012-300x237.jpg 300w\" sizes=\"(max-width: 744px) 100vw, 744px\" \/><img loading=\"lazy\" class=\"aligncenter size-full wp-image-1693\" src=\"https:\/\/cungtenhanoi.com\/wp-content\/uploads\/2021\/06\/O1CN018mZgoF2J1qWHpBHJp_636909362.jpg\" alt=\"\" width=\"800\" height=\"800\" srcset=\"https:\/\/cungtenhanoi.com\/wp-content\/uploads\/2021\/06\/O1CN018mZgoF2J1qWHpBHJp_636909362.jpg 800w, https:\/\/cungtenhanoi.com\/wp-content\/uploads\/2021\/06\/O1CN018mZgoF2J1qWHpBHJp_636909362-300x300.jpg 300w, https:\/\/cungtenhanoi.com\/wp-content\/uploads\/2021\/06\/O1CN018mZgoF2J1qWHpBHJp_636909362-100x100.jpg 100w, https:\/\/cungtenhanoi.com\/wp-content\/uploads\/2021\/06\/O1CN018mZgoF2J1qWHpBHJp_636909362-600x600.jpg 600w, https:\/\/cungtenhanoi.com\/wp-content\/uploads\/2021\/06\/O1CN018mZgoF2J1qWHpBHJp_636909362-64x64.jpg 64w, https:\/\/cungtenhanoi.com\/wp-content\/uploads\/2021\/06\/O1CN018mZgoF2J1qWHpBHJp_636909362-150x150.jpg 150w, https:\/\/cungtenhanoi.com\/wp-content\/uploads\/2021\/06\/O1CN018mZgoF2J1qWHpBHJp_636909362-768x768.jpg 768w, https:\/\/cungtenhanoi.com\/wp-content\/uploads\/2021\/06\/O1CN018mZgoF2J1qWHpBHJp_636909362-180x180.jpg 180w, https:\/\/cungtenhanoi.com\/wp-content\/uploads\/2021\/06\/O1CN018mZgoF2J1qWHpBHJp_636909362-45x45.jpg 45w\" sizes=\"(max-width: 800px) 100vw, 800px\" \/><img loading=\"lazy\" class=\"aligncenter size-full wp-image-1694\" src=\"https:\/\/cungtenhanoi.com\/wp-content\/uploads\/2021\/06\/39826L.png\" alt=\"\" width=\"300\" height=\"300\" srcset=\"https:\/\/cungtenhanoi.com\/wp-content\/uploads\/2021\/06\/39826L.png 300w, https:\/\/cungtenhanoi.com\/wp-content\/uploads\/2021\/06\/39826L-100x100.png 100w, https:\/\/cungtenhanoi.com\/wp-content\/uploads\/2021\/06\/39826L-64x64.png 64w, https:\/\/cungtenhanoi.com\/wp-content\/uploads\/2021\/06\/39826L-150x150.png 150w, https:\/\/cungtenhanoi.com\/wp-content\/uploads\/2021\/06\/39826L-180x180.png 180w, https:\/\/cungtenhanoi.com\/wp-content\/uploads\/2021\/06\/39826L-45x45.png 45w\" sizes=\"(max-width: 300px) 100vw, 300px\" \/><img loading=\"lazy\" class=\"aligncenter size-full wp-image-1695\" src=\"https:\/\/cungtenhanoi.com\/wp-content\/uploads\/2021\/06\/e57cdd292a7b84f45594ea054d7428b6.jpg\" alt=\"\" width=\"1152\" height=\"1536\" srcset=\"https:\/\/cungtenhanoi.com\/wp-content\/uploads\/2021\/06\/e57cdd292a7b84f45594ea054d7428b6.jpg 1152w, https:\/\/cungtenhanoi.com\/wp-content\/uploads\/2021\/06\/e57cdd292a7b84f45594ea054d7428b6-600x800.jpg 600w, https:\/\/cungtenhanoi.com\/wp-content\/uploads\/2021\/06\/e57cdd292a7b84f45594ea054d7428b6-64x85.jpg 64w\" sizes=\"(max-width: 1152px) 100vw, 1152px\" \/><\/p>\n<p>&nbsp;<\/p>\n","protected":false},"excerpt":{"rendered":"<p>H\u00e0ng oder theo option 7-15 ng\u00e0y<br \/>\nLi\u00ean h\u1ec7 hotline ch\u1ecdn option ph\u00f9 h\u01a1p<\/p>\n","protected":false},"featured_media":1692,"comment_status":"open","ping_status":"closed","template":"","meta":[],"product_cat":[35,17],"product_tag":[198,392,86,257,264,56,391,33,222],"acf":[],"yoast_head":"<!-- This site is optimized with the Yoast SEO plugin v19.8 - https:\/\/yoast.com\/wordpress\/plugins\/seo\/ -->\n<title>PSE Madness 2020 - Cung T\u00ean H\u00e0 N\u1ed9i<\/title>\n<meta name=\"description\" content=\"mua cung t\u00ean th\u1ec3 thao, mua cung t\u00ean t\u1ea1i h\u00e0 n\u1ed9i, cung tr\u1ee3 l\u1ef1c, cung compound, cung t\u00ean ch\u00ednh h\u00e3ng, cung t\u00ean m\u1ea1nh,cung t\u00ean h\u00e0 n\u1ed9i, cung t\u00ean , mua cung t\u00ean S\u00e0i g\u00f2n , mua m\u0169i t\u00ean b\u1eafn cung , cung b\u1eafn bi s\u1eaft , cung t\u00ean mini\" \/>\n<meta name=\"robots\" content=\"index, follow, max-snippet:-1, max-image-preview:large, max-video-preview:-1\" \/>\n<link rel=\"canonical\" href=\"https:\/\/cungtenhanoi.com\/?product=pse-madness-2020\" \/>\n<meta property=\"og:locale\" content=\"vi_VN\" \/>\n<meta property=\"og:type\" content=\"article\" \/>\n<meta property=\"og:title\" content=\"PSE Madness 2020 - Cung T\u00ean H\u00e0 N\u1ed9i\" \/>\n<meta property=\"og:description\" content=\"mua cung t\u00ean th\u1ec3 thao, mua cung t\u00ean t\u1ea1i h\u00e0 n\u1ed9i, cung tr\u1ee3 l\u1ef1c, cung compound, cung t\u00ean ch\u00ednh h\u00e3ng, cung t\u00ean m\u1ea1nh,cung t\u00ean h\u00e0 n\u1ed9i, cung t\u00ean , mua cung t\u00ean S\u00e0i g\u00f2n , mua m\u0169i t\u00ean b\u1eafn cung , cung b\u1eafn bi s\u1eaft , cung t\u00ean mini\" \/>\n<meta property=\"og:url\" content=\"https:\/\/cungtenhanoi.com\/?product=pse-madness-2020\" \/>\n<meta property=\"og:site_name\" content=\"Cung T\u00ean H\u00e0 N\u1ed9i\" \/>\n<meta property=\"article:modified_time\" content=\"2022-03-23T14:21:34+00:00\" \/>\n<meta property=\"og:image\" content=\"https:\/\/cungtenhanoi.com\/wp-content\/uploads\/2021\/06\/O1CN018mZgoF2J1qWHpBHJp_636909362-Copy-Copy.jpg\" \/>\n\t<meta property=\"og:image:width\" content=\"782\" \/>\n\t<meta property=\"og:image:height\" content=\"798\" \/>\n\t<meta property=\"og:image:type\" content=\"image\/jpeg\" \/>\n<meta name=\"twitter:card\" content=\"summary_large_image\" \/>\n<script type=\"application\/ld+json\" class=\"yoast-schema-graph\">{\"@context\":\"https:\/\/schema.org\",\"@graph\":[{\"@type\":\"WebPage\",\"@id\":\"https:\/\/cungtenhanoi.com\/?product=pse-madness-2020\",\"url\":\"https:\/\/cungtenhanoi.com\/?product=pse-madness-2020\",\"name\":\"PSE Madness 2020 - Cung T\u00ean H\u00e0 N\u1ed9i\",\"isPartOf\":{\"@id\":\"https:\/\/cungtenhanoi.com\/#website\"},\"datePublished\":\"2021-06-04T03:58:59+00:00\",\"dateModified\":\"2022-03-23T14:21:34+00:00\",\"description\":\"mua cung t\u00ean th\u1ec3 thao, mua cung t\u00ean t\u1ea1i h\u00e0 n\u1ed9i, cung tr\u1ee3 l\u1ef1c, cung compound, cung t\u00ean ch\u00ednh h\u00e3ng, cung t\u00ean m\u1ea1nh,cung t\u00ean h\u00e0 n\u1ed9i, cung t\u00ean , mua cung t\u00ean S\u00e0i g\u00f2n , mua m\u0169i t\u00ean b\u1eafn cung , cung b\u1eafn bi s\u1eaft , cung t\u00ean mini\",\"breadcrumb\":{\"@id\":\"https:\/\/cungtenhanoi.com\/?product=pse-madness-2020#breadcrumb\"},\"inLanguage\":\"vi\",\"potentialAction\":[{\"@type\":\"ReadAction\",\"target\":[\"https:\/\/cungtenhanoi.com\/?product=pse-madness-2020\"]}]},{\"@type\":\"BreadcrumbList\",\"@id\":\"https:\/\/cungtenhanoi.com\/?product=pse-madness-2020#breadcrumb\",\"itemListElement\":[{\"@type\":\"ListItem\",\"position\":1,\"name\":\"Trang ch\u1ee7\",\"item\":\"https:\/\/cungtenhanoi.com\/\"},{\"@type\":\"ListItem\",\"position\":2,\"name\":\"Shop\",\"item\":\"https:\/\/cungtenhanoi.com\/?page_id=6\"},{\"@type\":\"ListItem\",\"position\":3,\"name\":\"Cung\",\"item\":\"https:\/\/cungtenhanoi.com\/danh-muc\/cung\/\"},{\"@type\":\"ListItem\",\"position\":4,\"name\":\"PSE Madness 2020\"}]},{\"@type\":\"WebSite\",\"@id\":\"https:\/\/cungtenhanoi.com\/#website\",\"url\":\"https:\/\/cungtenhanoi.com\/\",\"name\":\"Cung T\u00ean H\u00e0 N\u1ed9i\",\"description\":\"Cung c\u1ea5p c\u00e1c lo\u1ea1i cung t\u00ean th\u1ec3 thao s\u1ed1 1 Vi\u1ec7t Nam\",\"publisher\":{\"@id\":\"https:\/\/cungtenhanoi.com\/#organization\"},\"potentialAction\":[{\"@type\":\"SearchAction\",\"target\":{\"@type\":\"EntryPoint\",\"urlTemplate\":\"https:\/\/cungtenhanoi.com\/?s={search_term_string}\"},\"query-input\":\"required name=search_term_string\"}],\"inLanguage\":\"vi\"},{\"@type\":\"Organization\",\"@id\":\"https:\/\/cungtenhanoi.com\/#organization\",\"name\":\"Cung T\u00ean H\u00e0 N\u1ed9i\",\"url\":\"https:\/\/cungtenhanoi.com\/\",\"sameAs\":[],\"logo\":{\"@type\":\"ImageObject\",\"inLanguage\":\"vi\",\"@id\":\"https:\/\/cungtenhanoi.com\/#\/schema\/logo\/image\/\",\"url\":\"https:\/\/cungtenhanoi.com\/wp-content\/uploads\/2025\/05\/logo-den-trang.jpg\",\"contentUrl\":\"https:\/\/cungtenhanoi.com\/wp-content\/uploads\/2025\/05\/logo-den-trang.jpg\",\"width\":450,\"height\":450,\"caption\":\"Cung T\u00ean H\u00e0 N\u1ed9i\"},\"image\":{\"@id\":\"https:\/\/cungtenhanoi.com\/#\/schema\/logo\/image\/\"}}]}<\/script>\n<!-- \/ Yoast SEO plugin. -->","yoast_head_json":{"title":"PSE Madness 2020 - Cung T\u00ean H\u00e0 N\u1ed9i","description":"mua cung t\u00ean th\u1ec3 thao, mua cung t\u00ean t\u1ea1i h\u00e0 n\u1ed9i, cung tr\u1ee3 l\u1ef1c, cung compound, cung t\u00ean ch\u00ednh h\u00e3ng, cung t\u00ean m\u1ea1nh,cung t\u00ean h\u00e0 n\u1ed9i, cung t\u00ean , mua cung t\u00ean S\u00e0i g\u00f2n , mua m\u0169i t\u00ean b\u1eafn cung , cung b\u1eafn bi s\u1eaft , cung t\u00ean mini","robots":{"index":"index","follow":"follow","max-snippet":"max-snippet:-1","max-image-preview":"max-image-preview:large","max-video-preview":"max-video-preview:-1"},"canonical":"https:\/\/cungtenhanoi.com\/?product=pse-madness-2020","og_locale":"vi_VN","og_type":"article","og_title":"PSE Madness 2020 - Cung T\u00ean H\u00e0 N\u1ed9i","og_description":"mua cung t\u00ean th\u1ec3 thao, mua cung t\u00ean t\u1ea1i h\u00e0 n\u1ed9i, cung tr\u1ee3 l\u1ef1c, cung compound, cung t\u00ean ch\u00ednh h\u00e3ng, cung t\u00ean m\u1ea1nh,cung t\u00ean h\u00e0 n\u1ed9i, cung t\u00ean , mua cung t\u00ean S\u00e0i g\u00f2n , mua m\u0169i t\u00ean b\u1eafn cung , cung b\u1eafn bi s\u1eaft , cung t\u00ean mini","og_url":"https:\/\/cungtenhanoi.com\/?product=pse-madness-2020","og_site_name":"Cung T\u00ean H\u00e0 N\u1ed9i","article_modified_time":"2022-03-23T14:21:34+00:00","og_image":[{"width":782,"height":798,"url":"https:\/\/cungtenhanoi.com\/wp-content\/uploads\/2021\/06\/O1CN018mZgoF2J1qWHpBHJp_636909362-Copy-Copy.jpg","type":"image\/jpeg"}],"twitter_card":"summary_large_image","schema":{"@context":"https:\/\/schema.org","@graph":[{"@type":"WebPage","@id":"https:\/\/cungtenhanoi.com\/?product=pse-madness-2020","url":"https:\/\/cungtenhanoi.com\/?product=pse-madness-2020","name":"PSE Madness 2020 - Cung T\u00ean H\u00e0 N\u1ed9i","isPartOf":{"@id":"https:\/\/cungtenhanoi.com\/#website"},"datePublished":"2021-06-04T03:58:59+00:00","dateModified":"2022-03-23T14:21:34+00:00","description":"mua cung t\u00ean th\u1ec3 thao, mua cung t\u00ean t\u1ea1i h\u00e0 n\u1ed9i, cung tr\u1ee3 l\u1ef1c, cung compound, cung t\u00ean ch\u00ednh h\u00e3ng, cung t\u00ean m\u1ea1nh,cung t\u00ean h\u00e0 n\u1ed9i, cung t\u00ean , mua cung t\u00ean S\u00e0i g\u00f2n , mua m\u0169i t\u00ean b\u1eafn cung , cung b\u1eafn bi s\u1eaft , cung t\u00ean mini","breadcrumb":{"@id":"https:\/\/cungtenhanoi.com\/?product=pse-madness-2020#breadcrumb"},"inLanguage":"vi","potentialAction":[{"@type":"ReadAction","target":["https:\/\/cungtenhanoi.com\/?product=pse-madness-2020"]}]},{"@type":"BreadcrumbList","@id":"https:\/\/cungtenhanoi.com\/?product=pse-madness-2020#breadcrumb","itemListElement":[{"@type":"ListItem","position":1,"name":"Trang ch\u1ee7","item":"https:\/\/cungtenhanoi.com\/"},{"@type":"ListItem","position":2,"name":"Shop","item":"https:\/\/cungtenhanoi.com\/?page_id=6"},{"@type":"ListItem","position":3,"name":"Cung","item":"https:\/\/cungtenhanoi.com\/danh-muc\/cung\/"},{"@type":"ListItem","position":4,"name":"PSE Madness 2020"}]},{"@type":"WebSite","@id":"https:\/\/cungtenhanoi.com\/#website","url":"https:\/\/cungtenhanoi.com\/","name":"Cung T\u00ean H\u00e0 N\u1ed9i","description":"Cung c\u1ea5p c\u00e1c lo\u1ea1i cung t\u00ean th\u1ec3 thao s\u1ed1 1 Vi\u1ec7t Nam","publisher":{"@id":"https:\/\/cungtenhanoi.com\/#organization"},"potentialAction":[{"@type":"SearchAction","target":{"@type":"EntryPoint","urlTemplate":"https:\/\/cungtenhanoi.com\/?s={search_term_string}"},"query-input":"required name=search_term_string"}],"inLanguage":"vi"},{"@type":"Organization","@id":"https:\/\/cungtenhanoi.com\/#organization","name":"Cung T\u00ean H\u00e0 N\u1ed9i","url":"https:\/\/cungtenhanoi.com\/","sameAs":[],"logo":{"@type":"ImageObject","inLanguage":"vi","@id":"https:\/\/cungtenhanoi.com\/#\/schema\/logo\/image\/","url":"https:\/\/cungtenhanoi.com\/wp-content\/uploads\/2025\/05\/logo-den-trang.jpg","contentUrl":"https:\/\/cungtenhanoi.com\/wp-content\/uploads\/2025\/05\/logo-den-trang.jpg","width":450,"height":450,"caption":"Cung T\u00ean H\u00e0 N\u1ed9i"},"image":{"@id":"https:\/\/cungtenhanoi.com\/#\/schema\/logo\/image\/"}}]}},"_links":{"self":[{"href":"https:\/\/cungtenhanoi.com\/index.php?rest_route=\/wp\/v2\/product\/1685"}],"collection":[{"href":"https:\/\/cungtenhanoi.com\/index.php?rest_route=\/wp\/v2\/product"}],"about":[{"href":"https:\/\/cungtenhanoi.com\/index.php?rest_route=\/wp\/v2\/types\/product"}],"replies":[{"embeddable":true,"href":"https:\/\/cungtenhanoi.com\/index.php?rest_route=%2Fwp%2Fv2%2Fcomments&post=1685"}],"wp:featuredmedia":[{"embeddable":true,"href":"https:\/\/cungtenhanoi.com\/index.php?rest_route=\/wp\/v2\/media\/1692"}],"wp:attachment":[{"href":"https:\/\/cungtenhanoi.com\/index.php?rest_route=%2Fwp%2Fv2%2Fmedia&parent=1685"}],"wp:term":[{"taxonomy":"product_cat","embeddable":true,"href":"https:\/\/cungtenhanoi.com\/index.php?rest_route=%2Fwp%2Fv2%2Fproduct_cat&post=1685"},{"taxonomy":"product_tag","embeddable":true,"href":"https:\/\/cungtenhanoi.com\/index.php?rest_route=%2Fwp%2Fv2%2Fproduct_tag&post=1685"}],"curies":[{"name":"wp","href":"https:\/\/api.w.org\/{rel}","templated":true}]}}