{"id":1697,"date":"2021-06-04T23:15:41","date_gmt":"2021-06-04T16:15:41","guid":{"rendered":"https:\/\/cungtenhanoi.com\/?post_type=product&#038;p=1697"},"modified":"2022-03-23T21:21:20","modified_gmt":"2022-03-23T14:21:20","slug":"pse-stringer-max","status":"publish","type":"product","link":"https:\/\/cungtenhanoi.com\/?product=pse-stringer-max","title":{"rendered":"PSE Stringer Max"},"content":{"rendered":"<div style=\"text-align: center;\">\u0110\u00e2y l\u00e0 c\u00e2y cung ho\u00e0n h\u1ea3o cho c\u00e1c cung th\u1ee7 m\u1edbi b\u1eaft \u0111\u1ea7u, nh\u1eefng ng\u01b0\u1eddi mu\u1ed1n c\u00f3 s\u1ef1 \u0111i\u1ec1u ch\u1ec9nh c\u00e1c th\u00f4ng s\u1ed1 v\u1ec1 \u0111\u1ed9 d\u00e0i cung v\u00e0 l\u1ef1c b\u1eafn 1 c\u00e1ch d\u1ec5 d\u00e0ng.\u00a0C\u00e1c t\u00ednh n\u0103ng &#8220;Grow With You&#8221; l\u00e0m cho c\u00e2y cung n\u00e0y n\u1ed5i b\u1eadt so v\u1edbi nh\u1eefng c\u00e2y cung kh\u00e1c tr\u00ean th\u1ecb tr\u01b0\u1eddng.Phi\u00ean b\u1ea3n m\u1edbi nh\u1ea5t c\u1ee7a seri Stinger c\u1ef1c k\u1ef3 n\u1ed5i ti\u1ebfng c\u1ee7a PSE. 1 th\u01b0\u01a1ng hi\u1ec7u h\u00e0ng \u0111\u1ea7u v\u1ec1 cung t\u00ean \u0111\u1ebfn t\u1eeb M\u1ef9<\/div>\n<ul style=\"text-align: center;\">\n<li>C\u00f4ng ngh\u1ec7 cam \u0111\u01a1n gi\u00fap s\u1ef1 c\u00e2n b\u1eb1ng v\u00e0 \u1ed5n \u0111\u1ecbnh sau m\u1ed7i l\u01b0\u1ee3t b\u1eafn<\/li>\n<li>V\u1edbi c\u00f4ng ngh\u1ec7 cam c\u00f3 th\u1ec3 \u0111i\u1ec1u ch\u1ec9nh, mordum xoay c\u1ee7a n\u00f3 ph\u00f9 h\u1ee3p v\u1edbi t\u1ea5t c\u1ea3 c\u00e1c cung th\u1ee7 c\u00f3 c\u00e1c ch\u1ec9 s\u1ed1 c\u01a1 th\u1ec3 kh\u00e1c nhau<\/li>\n<li style=\"text-align: center;\">Ph\u00f9 h\u1ee3p ho\u00e0n h\u1ea3o cho b\u1ea5t k\u1ef3 ai b\u1eaft \u0111\u1ea7u v\u1edbi b\u1ed9 m\u00f4n b\u1eafn cung<\/li>\n<\/ul>\n<ul style=\"text-align: center;\">\n<li>Brace height: 7&#8243;<\/li>\n<li>Axle to axle: 30&#8243;<\/li>\n<li>Speed: 312-304 fps<\/li>\n<li>Let-off: 80%<\/li>\n<li>Draw length: 21 1\/2&#8243;-30&#8243;<\/li>\n<li>Mass weight: 3.8 lbs<\/li>\n<li>Draw weight: 30 &#8211; 70lbs<\/li>\n<li>Max tiller adjustment: 15 turns out ( V\u00f2ng l\u1ef1c \u0111i\u1ec1u ch\u1ec9nh t\u1ed1i \u0111a )<\/li>\n<\/ul>\n<p style=\"text-align: center;\"><strong>Cung kh\u00f4ng : 9.950.000<\/strong><br \/>\nOption c\u01a1 b\u1ea3n : 11.800.000 (cung + 6 t\u00ean + sight+ stabilizer + rest + reasle + ch\u00e2n cung + bia m\u1ee5c ti\u00eau + guarm )<br \/>\n<strong>Option cao c\u1ea5p: 17.350.000 ( cung + 12 t\u00ean cacbon deercrosing spiner 400+ sight 8510+ stabilizer 617-11+ rest apacher + reasle 425 + ch\u00e2n cung + bia m\u1ee5c ti\u00eau + guarm )<\/strong><br \/>\n<img loading=\"lazy\" class=\"aligncenter size-full wp-image-1699\" src=\"https:\/\/cungtenhanoi.com\/wp-content\/uploads\/2021\/06\/7c26d35f-3132-47e7-9ff2-85ea3b44a67c_1.09f1084e1aa54f83766275483865153e.jpeg\" alt=\"\" width=\"2000\" height=\"2000\" srcset=\"https:\/\/cungtenhanoi.com\/wp-content\/uploads\/2021\/06\/7c26d35f-3132-47e7-9ff2-85ea3b44a67c_1.09f1084e1aa54f83766275483865153e.jpeg 2000w, https:\/\/cungtenhanoi.com\/wp-content\/uploads\/2021\/06\/7c26d35f-3132-47e7-9ff2-85ea3b44a67c_1.09f1084e1aa54f83766275483865153e-300x300.jpeg 300w, https:\/\/cungtenhanoi.com\/wp-content\/uploads\/2021\/06\/7c26d35f-3132-47e7-9ff2-85ea3b44a67c_1.09f1084e1aa54f83766275483865153e-100x100.jpeg 100w, https:\/\/cungtenhanoi.com\/wp-content\/uploads\/2021\/06\/7c26d35f-3132-47e7-9ff2-85ea3b44a67c_1.09f1084e1aa54f83766275483865153e-600x600.jpeg 600w, https:\/\/cungtenhanoi.com\/wp-content\/uploads\/2021\/06\/7c26d35f-3132-47e7-9ff2-85ea3b44a67c_1.09f1084e1aa54f83766275483865153e-64x64.jpeg 64w, https:\/\/cungtenhanoi.com\/wp-content\/uploads\/2021\/06\/7c26d35f-3132-47e7-9ff2-85ea3b44a67c_1.09f1084e1aa54f83766275483865153e-150x150.jpeg 150w, https:\/\/cungtenhanoi.com\/wp-content\/uploads\/2021\/06\/7c26d35f-3132-47e7-9ff2-85ea3b44a67c_1.09f1084e1aa54f83766275483865153e-768x768.jpeg 768w, https:\/\/cungtenhanoi.com\/wp-content\/uploads\/2021\/06\/7c26d35f-3132-47e7-9ff2-85ea3b44a67c_1.09f1084e1aa54f83766275483865153e-1024x1024.jpeg 1024w, https:\/\/cungtenhanoi.com\/wp-content\/uploads\/2021\/06\/7c26d35f-3132-47e7-9ff2-85ea3b44a67c_1.09f1084e1aa54f83766275483865153e-180x180.jpeg 180w, https:\/\/cungtenhanoi.com\/wp-content\/uploads\/2021\/06\/7c26d35f-3132-47e7-9ff2-85ea3b44a67c_1.09f1084e1aa54f83766275483865153e-45x45.jpeg 45w\" sizes=\"(max-width: 2000px) 100vw, 2000px\" \/> <img loading=\"lazy\" class=\"aligncenter size-full wp-image-1700\" src=\"https:\/\/cungtenhanoi.com\/wp-content\/uploads\/2021\/06\/2020_STINGER_CY.png\" alt=\"\" width=\"627\" height=\"2000\" srcset=\"https:\/\/cungtenhanoi.com\/wp-content\/uploads\/2021\/06\/2020_STINGER_CY.png 627w, https:\/\/cungtenhanoi.com\/wp-content\/uploads\/2021\/06\/2020_STINGER_CY-600x1914.png 600w, https:\/\/cungtenhanoi.com\/wp-content\/uploads\/2021\/06\/2020_STINGER_CY-64x204.png 64w, https:\/\/cungtenhanoi.com\/wp-content\/uploads\/2021\/06\/2020_STINGER_CY-94x300.png 94w, https:\/\/cungtenhanoi.com\/wp-content\/uploads\/2021\/06\/2020_STINGER_CY-321x1024.png 321w\" sizes=\"(max-width: 627px) 100vw, 627px\" \/> <img loading=\"lazy\" class=\"aligncenter size-full wp-image-1703\" src=\"https:\/\/cungtenhanoi.com\/wp-content\/uploads\/2021\/06\/pse_stinger_max_bk-1.jpg\" alt=\"\" width=\"2000\" height=\"2000\" srcset=\"https:\/\/cungtenhanoi.com\/wp-content\/uploads\/2021\/06\/pse_stinger_max_bk-1.jpg 2000w, https:\/\/cungtenhanoi.com\/wp-content\/uploads\/2021\/06\/pse_stinger_max_bk-1-300x300.jpg 300w, https:\/\/cungtenhanoi.com\/wp-content\/uploads\/2021\/06\/pse_stinger_max_bk-1-100x100.jpg 100w, https:\/\/cungtenhanoi.com\/wp-content\/uploads\/2021\/06\/pse_stinger_max_bk-1-600x600.jpg 600w, https:\/\/cungtenhanoi.com\/wp-content\/uploads\/2021\/06\/pse_stinger_max_bk-1-64x64.jpg 64w, https:\/\/cungtenhanoi.com\/wp-content\/uploads\/2021\/06\/pse_stinger_max_bk-1-150x150.jpg 150w, https:\/\/cungtenhanoi.com\/wp-content\/uploads\/2021\/06\/pse_stinger_max_bk-1-768x768.jpg 768w, https:\/\/cungtenhanoi.com\/wp-content\/uploads\/2021\/06\/pse_stinger_max_bk-1-1024x1024.jpg 1024w, https:\/\/cungtenhanoi.com\/wp-content\/uploads\/2021\/06\/pse_stinger_max_bk-1-180x180.jpg 180w, https:\/\/cungtenhanoi.com\/wp-content\/uploads\/2021\/06\/pse_stinger_max_bk-1-45x45.jpg 45w\" sizes=\"(max-width: 2000px) 100vw, 2000px\" \/> <img loading=\"lazy\" class=\"aligncenter size-full wp-image-1704\" src=\"https:\/\/cungtenhanoi.com\/wp-content\/uploads\/2021\/06\/pse_stinger_max_ch.jpg\" alt=\"\" width=\"2000\" height=\"2000\" srcset=\"https:\/\/cungtenhanoi.com\/wp-content\/uploads\/2021\/06\/pse_stinger_max_ch.jpg 2000w, https:\/\/cungtenhanoi.com\/wp-content\/uploads\/2021\/06\/pse_stinger_max_ch-300x300.jpg 300w, https:\/\/cungtenhanoi.com\/wp-content\/uploads\/2021\/06\/pse_stinger_max_ch-100x100.jpg 100w, https:\/\/cungtenhanoi.com\/wp-content\/uploads\/2021\/06\/pse_stinger_max_ch-600x600.jpg 600w, https:\/\/cungtenhanoi.com\/wp-content\/uploads\/2021\/06\/pse_stinger_max_ch-64x64.jpg 64w, https:\/\/cungtenhanoi.com\/wp-content\/uploads\/2021\/06\/pse_stinger_max_ch-150x150.jpg 150w, https:\/\/cungtenhanoi.com\/wp-content\/uploads\/2021\/06\/pse_stinger_max_ch-768x768.jpg 768w, https:\/\/cungtenhanoi.com\/wp-content\/uploads\/2021\/06\/pse_stinger_max_ch-1024x1024.jpg 1024w, https:\/\/cungtenhanoi.com\/wp-content\/uploads\/2021\/06\/pse_stinger_max_ch-180x180.jpg 180w, https:\/\/cungtenhanoi.com\/wp-content\/uploads\/2021\/06\/pse_stinger_max_ch-45x45.jpg 45w\" sizes=\"(max-width: 2000px) 100vw, 2000px\" \/> <img loading=\"lazy\" class=\"aligncenter size-full wp-image-1705\" src=\"https:\/\/cungtenhanoi.com\/wp-content\/uploads\/2021\/06\/pse_stinger_max_mg.jpg\" alt=\"\" width=\"2000\" height=\"2000\" srcset=\"https:\/\/cungtenhanoi.com\/wp-content\/uploads\/2021\/06\/pse_stinger_max_mg.jpg 2000w, https:\/\/cungtenhanoi.com\/wp-content\/uploads\/2021\/06\/pse_stinger_max_mg-300x300.jpg 300w, https:\/\/cungtenhanoi.com\/wp-content\/uploads\/2021\/06\/pse_stinger_max_mg-100x100.jpg 100w, https:\/\/cungtenhanoi.com\/wp-content\/uploads\/2021\/06\/pse_stinger_max_mg-600x600.jpg 600w, https:\/\/cungtenhanoi.com\/wp-content\/uploads\/2021\/06\/pse_stinger_max_mg-64x64.jpg 64w, https:\/\/cungtenhanoi.com\/wp-content\/uploads\/2021\/06\/pse_stinger_max_mg-150x150.jpg 150w, https:\/\/cungtenhanoi.com\/wp-content\/uploads\/2021\/06\/pse_stinger_max_mg-768x768.jpg 768w, https:\/\/cungtenhanoi.com\/wp-content\/uploads\/2021\/06\/pse_stinger_max_mg-1024x1024.jpg 1024w, https:\/\/cungtenhanoi.com\/wp-content\/uploads\/2021\/06\/pse_stinger_max_mg-180x180.jpg 180w, https:\/\/cungtenhanoi.com\/wp-content\/uploads\/2021\/06\/pse_stinger_max_mg-45x45.jpg 45w\" sizes=\"(max-width: 2000px) 100vw, 2000px\" \/> <img loading=\"lazy\" class=\"aligncenter size-full wp-image-1706\" src=\"https:\/\/cungtenhanoi.com\/wp-content\/uploads\/2021\/06\/pse_stinger_pr.jpg\" alt=\"\" width=\"2000\" height=\"2000\" srcset=\"https:\/\/cungtenhanoi.com\/wp-content\/uploads\/2021\/06\/pse_stinger_pr.jpg 2000w, https:\/\/cungtenhanoi.com\/wp-content\/uploads\/2021\/06\/pse_stinger_pr-300x300.jpg 300w, https:\/\/cungtenhanoi.com\/wp-content\/uploads\/2021\/06\/pse_stinger_pr-100x100.jpg 100w, https:\/\/cungtenhanoi.com\/wp-content\/uploads\/2021\/06\/pse_stinger_pr-600x600.jpg 600w, https:\/\/cungtenhanoi.com\/wp-content\/uploads\/2021\/06\/pse_stinger_pr-64x64.jpg 64w, https:\/\/cungtenhanoi.com\/wp-content\/uploads\/2021\/06\/pse_stinger_pr-150x150.jpg 150w, https:\/\/cungtenhanoi.com\/wp-content\/uploads\/2021\/06\/pse_stinger_pr-768x768.jpg 768w, https:\/\/cungtenhanoi.com\/wp-content\/uploads\/2021\/06\/pse_stinger_pr-1024x1024.jpg 1024w, https:\/\/cungtenhanoi.com\/wp-content\/uploads\/2021\/06\/pse_stinger_pr-180x180.jpg 180w, https:\/\/cungtenhanoi.com\/wp-content\/uploads\/2021\/06\/pse_stinger_pr-45x45.jpg 45w\" sizes=\"(max-width: 2000px) 100vw, 2000px\" \/><img loading=\"lazy\" class=\"aligncenter size-full wp-image-1702\" src=\"https:\/\/cungtenhanoi.com\/wp-content\/uploads\/2021\/06\/MG.jpg\" alt=\"\" width=\"810\" height=\"1080\" srcset=\"https:\/\/cungtenhanoi.com\/wp-content\/uploads\/2021\/06\/MG.jpg 810w, https:\/\/cungtenhanoi.com\/wp-content\/uploads\/2021\/06\/MG-600x800.jpg 600w, https:\/\/cungtenhanoi.com\/wp-content\/uploads\/2021\/06\/MG-64x85.jpg 64w, https:\/\/cungtenhanoi.com\/wp-content\/uploads\/2021\/06\/MG-225x300.jpg 225w, https:\/\/cungtenhanoi.com\/wp-content\/uploads\/2021\/06\/MG-768x1024.jpg 768w\" sizes=\"(max-width: 810px) 100vw, 810px\" \/><img loading=\"lazy\" class=\"aligncenter size-full wp-image-1701\" src=\"https:\/\/cungtenhanoi.com\/wp-content\/uploads\/2021\/06\/87547213.jpg\" alt=\"\" width=\"2615\" height=\"3737\" \/><img loading=\"lazy\" class=\"aligncenter size-full wp-image-1707\" src=\"https:\/\/cungtenhanoi.com\/wp-content\/uploads\/2021\/06\/s-l1600-1.jpg\" alt=\"\" width=\"1200\" height=\"1600\" srcset=\"https:\/\/cungtenhanoi.com\/wp-content\/uploads\/2021\/06\/s-l1600-1.jpg 1200w, https:\/\/cungtenhanoi.com\/wp-content\/uploads\/2021\/06\/s-l1600-1-600x800.jpg 600w, https:\/\/cungtenhanoi.com\/wp-content\/uploads\/2021\/06\/s-l1600-1-64x85.jpg 64w, https:\/\/cungtenhanoi.com\/wp-content\/uploads\/2021\/06\/s-l1600-1-225x300.jpg 225w, https:\/\/cungtenhanoi.com\/wp-content\/uploads\/2021\/06\/s-l1600-1-768x1024.jpg 768w\" sizes=\"(max-width: 1200px) 100vw, 1200px\" \/><img loading=\"lazy\" class=\"aligncenter size-full wp-image-1708\" src=\"https:\/\/cungtenhanoi.com\/wp-content\/uploads\/2021\/06\/s-l1600.jpg\" alt=\"\" width=\"1200\" height=\"1600\" srcset=\"https:\/\/cungtenhanoi.com\/wp-content\/uploads\/2021\/06\/s-l1600.jpg 1200w, https:\/\/cungtenhanoi.com\/wp-content\/uploads\/2021\/06\/s-l1600-600x800.jpg 600w, https:\/\/cungtenhanoi.com\/wp-content\/uploads\/2021\/06\/s-l1600-64x85.jpg 64w\" sizes=\"(max-width: 1200px) 100vw, 1200px\" \/><\/p>\n","protected":false},"excerpt":{"rendered":"<p>\u0110\u00e2y l\u00e0 c\u00e2y cung ho\u00e0n h\u1ea3o cho c\u00e1c cung th\u1ee7 m\u1edbi b\u1eaft \u0111\u1ea7u, nh\u1eefng ng\u01b0\u1eddi mu\u1ed1n c\u00f3 s\u1ef1 \u0111i\u1ec1u ch\u1ec9nh c\u00e1c th\u00f4ng s\u1ed1 v\u1ec1 \u0111\u1ed9 d\u00e0i cung v\u00e0 l\u1ef1c b\u1eafn 1 c\u00e1ch d\u1ec5 d\u00e0ng.\u00a0C\u00e1c t\u00ednh n\u0103ng &#8220;Grow With You&#8221; l\u00e0m cho c\u00e2y cung n\u00e0y n\u1ed5i b\u1eadt so v\u1edbi nh\u1eefng c\u00e2y cung kh\u00e1c tr\u00ean th\u1ecb tr\u01b0\u1eddng.Phi\u00ean<\/p>\n","protected":false},"featured_media":1698,"comment_status":"open","ping_status":"closed","template":"","meta":[],"product_cat":[35,17],"product_tag":[198,394,392,86,257,264,33,222,393],"acf":[],"yoast_head":"<!-- This site is optimized with the Yoast SEO plugin v19.8 - https:\/\/yoast.com\/wordpress\/plugins\/seo\/ -->\n<title>PSE Stringer Max - Cung T\u00ean H\u00e0 N\u1ed9i<\/title>\n<meta name=\"description\" content=\"mua cung t\u00ean th\u1ec3 thao, mua cung t\u00ean t\u1ea1i h\u00e0 n\u1ed9i, cung tr\u1ee3 l\u1ef1c, cung compound, cung t\u00ean ch\u00ednh h\u00e3ng, cung t\u00ean m\u1ea1nh,cung t\u00ean h\u00e0 n\u1ed9i, cung t\u00ean , mua cung t\u00ean S\u00e0i g\u00f2n , mua m\u0169i t\u00ean b\u1eafn cung , cung b\u1eafn bi s\u1eaft , cung t\u00ean mini\" \/>\n<meta name=\"robots\" content=\"index, follow, max-snippet:-1, max-image-preview:large, max-video-preview:-1\" \/>\n<link rel=\"canonical\" href=\"https:\/\/cungtenhanoi.com\/?product=pse-stringer-max\" \/>\n<meta property=\"og:locale\" content=\"vi_VN\" \/>\n<meta property=\"og:type\" content=\"article\" \/>\n<meta property=\"og:title\" content=\"PSE Stringer Max - Cung T\u00ean H\u00e0 N\u1ed9i\" \/>\n<meta property=\"og:description\" content=\"mua cung t\u00ean th\u1ec3 thao, mua cung t\u00ean t\u1ea1i h\u00e0 n\u1ed9i, cung tr\u1ee3 l\u1ef1c, cung compound, cung t\u00ean ch\u00ednh h\u00e3ng, cung t\u00ean m\u1ea1nh,cung t\u00ean h\u00e0 n\u1ed9i, cung t\u00ean , mua cung t\u00ean S\u00e0i g\u00f2n , mua m\u0169i t\u00ean b\u1eafn cung , cung b\u1eafn bi s\u1eaft , cung t\u00ean mini\" \/>\n<meta property=\"og:url\" content=\"https:\/\/cungtenhanoi.com\/?product=pse-stringer-max\" \/>\n<meta property=\"og:site_name\" content=\"Cung T\u00ean H\u00e0 N\u1ed9i\" \/>\n<meta property=\"article:modified_time\" content=\"2022-03-23T14:21:20+00:00\" \/>\n<meta property=\"og:image\" content=\"https:\/\/cungtenhanoi.com\/wp-content\/uploads\/2021\/06\/pse_stinger_max_bk.jpg\" \/>\n\t<meta property=\"og:image:width\" content=\"2000\" \/>\n\t<meta property=\"og:image:height\" content=\"2000\" \/>\n\t<meta property=\"og:image:type\" content=\"image\/jpeg\" \/>\n<meta name=\"twitter:card\" content=\"summary_large_image\" \/>\n<meta name=\"twitter:label1\" content=\"\u01af\u1edbc t\u00ednh th\u1eddi gian \u0111\u1ecdc\" \/>\n\t<meta name=\"twitter:data1\" content=\"1 ph\u00fat\" \/>\n<script type=\"application\/ld+json\" class=\"yoast-schema-graph\">{\"@context\":\"https:\/\/schema.org\",\"@graph\":[{\"@type\":\"WebPage\",\"@id\":\"https:\/\/cungtenhanoi.com\/?product=pse-stringer-max\",\"url\":\"https:\/\/cungtenhanoi.com\/?product=pse-stringer-max\",\"name\":\"PSE Stringer Max - Cung T\u00ean H\u00e0 N\u1ed9i\",\"isPartOf\":{\"@id\":\"https:\/\/cungtenhanoi.com\/#website\"},\"datePublished\":\"2021-06-04T16:15:41+00:00\",\"dateModified\":\"2022-03-23T14:21:20+00:00\",\"description\":\"mua cung t\u00ean th\u1ec3 thao, mua cung t\u00ean t\u1ea1i h\u00e0 n\u1ed9i, cung tr\u1ee3 l\u1ef1c, cung compound, cung t\u00ean ch\u00ednh h\u00e3ng, cung t\u00ean m\u1ea1nh,cung t\u00ean h\u00e0 n\u1ed9i, cung t\u00ean , mua cung t\u00ean S\u00e0i g\u00f2n , mua m\u0169i t\u00ean b\u1eafn cung , cung b\u1eafn bi s\u1eaft , cung t\u00ean mini\",\"breadcrumb\":{\"@id\":\"https:\/\/cungtenhanoi.com\/?product=pse-stringer-max#breadcrumb\"},\"inLanguage\":\"vi\",\"potentialAction\":[{\"@type\":\"ReadAction\",\"target\":[\"https:\/\/cungtenhanoi.com\/?product=pse-stringer-max\"]}]},{\"@type\":\"BreadcrumbList\",\"@id\":\"https:\/\/cungtenhanoi.com\/?product=pse-stringer-max#breadcrumb\",\"itemListElement\":[{\"@type\":\"ListItem\",\"position\":1,\"name\":\"Trang ch\u1ee7\",\"item\":\"https:\/\/cungtenhanoi.com\/\"},{\"@type\":\"ListItem\",\"position\":2,\"name\":\"Shop\",\"item\":\"https:\/\/cungtenhanoi.com\/?page_id=6\"},{\"@type\":\"ListItem\",\"position\":3,\"name\":\"Cung\",\"item\":\"https:\/\/cungtenhanoi.com\/danh-muc\/cung\/\"},{\"@type\":\"ListItem\",\"position\":4,\"name\":\"PSE Stringer Max\"}]},{\"@type\":\"WebSite\",\"@id\":\"https:\/\/cungtenhanoi.com\/#website\",\"url\":\"https:\/\/cungtenhanoi.com\/\",\"name\":\"Cung T\u00ean H\u00e0 N\u1ed9i\",\"description\":\"Cung c\u1ea5p c\u00e1c lo\u1ea1i cung t\u00ean th\u1ec3 thao s\u1ed1 1 Vi\u1ec7t Nam\",\"publisher\":{\"@id\":\"https:\/\/cungtenhanoi.com\/#organization\"},\"potentialAction\":[{\"@type\":\"SearchAction\",\"target\":{\"@type\":\"EntryPoint\",\"urlTemplate\":\"https:\/\/cungtenhanoi.com\/?s={search_term_string}\"},\"query-input\":\"required name=search_term_string\"}],\"inLanguage\":\"vi\"},{\"@type\":\"Organization\",\"@id\":\"https:\/\/cungtenhanoi.com\/#organization\",\"name\":\"Cung T\u00ean H\u00e0 N\u1ed9i\",\"url\":\"https:\/\/cungtenhanoi.com\/\",\"sameAs\":[],\"logo\":{\"@type\":\"ImageObject\",\"inLanguage\":\"vi\",\"@id\":\"https:\/\/cungtenhanoi.com\/#\/schema\/logo\/image\/\",\"url\":\"https:\/\/cungtenhanoi.com\/wp-content\/uploads\/2025\/05\/logo-den-trang.jpg\",\"contentUrl\":\"https:\/\/cungtenhanoi.com\/wp-content\/uploads\/2025\/05\/logo-den-trang.jpg\",\"width\":450,\"height\":450,\"caption\":\"Cung T\u00ean H\u00e0 N\u1ed9i\"},\"image\":{\"@id\":\"https:\/\/cungtenhanoi.com\/#\/schema\/logo\/image\/\"}}]}<\/script>\n<!-- \/ Yoast SEO plugin. -->","yoast_head_json":{"title":"PSE Stringer Max - Cung T\u00ean H\u00e0 N\u1ed9i","description":"mua cung t\u00ean th\u1ec3 thao, mua cung t\u00ean t\u1ea1i h\u00e0 n\u1ed9i, cung tr\u1ee3 l\u1ef1c, cung compound, cung t\u00ean ch\u00ednh h\u00e3ng, cung t\u00ean m\u1ea1nh,cung t\u00ean h\u00e0 n\u1ed9i, cung t\u00ean , mua cung t\u00ean S\u00e0i g\u00f2n , mua m\u0169i t\u00ean b\u1eafn cung , cung b\u1eafn bi s\u1eaft , cung t\u00ean mini","robots":{"index":"index","follow":"follow","max-snippet":"max-snippet:-1","max-image-preview":"max-image-preview:large","max-video-preview":"max-video-preview:-1"},"canonical":"https:\/\/cungtenhanoi.com\/?product=pse-stringer-max","og_locale":"vi_VN","og_type":"article","og_title":"PSE Stringer Max - Cung T\u00ean H\u00e0 N\u1ed9i","og_description":"mua cung t\u00ean th\u1ec3 thao, mua cung t\u00ean t\u1ea1i h\u00e0 n\u1ed9i, cung tr\u1ee3 l\u1ef1c, cung compound, cung t\u00ean ch\u00ednh h\u00e3ng, cung t\u00ean m\u1ea1nh,cung t\u00ean h\u00e0 n\u1ed9i, cung t\u00ean , mua cung t\u00ean S\u00e0i g\u00f2n , mua m\u0169i t\u00ean b\u1eafn cung , cung b\u1eafn bi s\u1eaft , cung t\u00ean mini","og_url":"https:\/\/cungtenhanoi.com\/?product=pse-stringer-max","og_site_name":"Cung T\u00ean H\u00e0 N\u1ed9i","article_modified_time":"2022-03-23T14:21:20+00:00","og_image":[{"width":2000,"height":2000,"url":"https:\/\/cungtenhanoi.com\/wp-content\/uploads\/2021\/06\/pse_stinger_max_bk.jpg","type":"image\/jpeg"}],"twitter_card":"summary_large_image","twitter_misc":{"\u01af\u1edbc t\u00ednh th\u1eddi gian \u0111\u1ecdc":"1 ph\u00fat"},"schema":{"@context":"https:\/\/schema.org","@graph":[{"@type":"WebPage","@id":"https:\/\/cungtenhanoi.com\/?product=pse-stringer-max","url":"https:\/\/cungtenhanoi.com\/?product=pse-stringer-max","name":"PSE Stringer Max - Cung T\u00ean H\u00e0 N\u1ed9i","isPartOf":{"@id":"https:\/\/cungtenhanoi.com\/#website"},"datePublished":"2021-06-04T16:15:41+00:00","dateModified":"2022-03-23T14:21:20+00:00","description":"mua cung t\u00ean th\u1ec3 thao, mua cung t\u00ean t\u1ea1i h\u00e0 n\u1ed9i, cung tr\u1ee3 l\u1ef1c, cung compound, cung t\u00ean ch\u00ednh h\u00e3ng, cung t\u00ean m\u1ea1nh,cung t\u00ean h\u00e0 n\u1ed9i, cung t\u00ean , mua cung t\u00ean S\u00e0i g\u00f2n , mua m\u0169i t\u00ean b\u1eafn cung , cung b\u1eafn bi s\u1eaft , cung t\u00ean mini","breadcrumb":{"@id":"https:\/\/cungtenhanoi.com\/?product=pse-stringer-max#breadcrumb"},"inLanguage":"vi","potentialAction":[{"@type":"ReadAction","target":["https:\/\/cungtenhanoi.com\/?product=pse-stringer-max"]}]},{"@type":"BreadcrumbList","@id":"https:\/\/cungtenhanoi.com\/?product=pse-stringer-max#breadcrumb","itemListElement":[{"@type":"ListItem","position":1,"name":"Trang ch\u1ee7","item":"https:\/\/cungtenhanoi.com\/"},{"@type":"ListItem","position":2,"name":"Shop","item":"https:\/\/cungtenhanoi.com\/?page_id=6"},{"@type":"ListItem","position":3,"name":"Cung","item":"https:\/\/cungtenhanoi.com\/danh-muc\/cung\/"},{"@type":"ListItem","position":4,"name":"PSE Stringer Max"}]},{"@type":"WebSite","@id":"https:\/\/cungtenhanoi.com\/#website","url":"https:\/\/cungtenhanoi.com\/","name":"Cung T\u00ean H\u00e0 N\u1ed9i","description":"Cung c\u1ea5p c\u00e1c lo\u1ea1i cung t\u00ean th\u1ec3 thao s\u1ed1 1 Vi\u1ec7t Nam","publisher":{"@id":"https:\/\/cungtenhanoi.com\/#organization"},"potentialAction":[{"@type":"SearchAction","target":{"@type":"EntryPoint","urlTemplate":"https:\/\/cungtenhanoi.com\/?s={search_term_string}"},"query-input":"required name=search_term_string"}],"inLanguage":"vi"},{"@type":"Organization","@id":"https:\/\/cungtenhanoi.com\/#organization","name":"Cung T\u00ean H\u00e0 N\u1ed9i","url":"https:\/\/cungtenhanoi.com\/","sameAs":[],"logo":{"@type":"ImageObject","inLanguage":"vi","@id":"https:\/\/cungtenhanoi.com\/#\/schema\/logo\/image\/","url":"https:\/\/cungtenhanoi.com\/wp-content\/uploads\/2025\/05\/logo-den-trang.jpg","contentUrl":"https:\/\/cungtenhanoi.com\/wp-content\/uploads\/2025\/05\/logo-den-trang.jpg","width":450,"height":450,"caption":"Cung T\u00ean H\u00e0 N\u1ed9i"},"image":{"@id":"https:\/\/cungtenhanoi.com\/#\/schema\/logo\/image\/"}}]}},"_links":{"self":[{"href":"https:\/\/cungtenhanoi.com\/index.php?rest_route=\/wp\/v2\/product\/1697"}],"collection":[{"href":"https:\/\/cungtenhanoi.com\/index.php?rest_route=\/wp\/v2\/product"}],"about":[{"href":"https:\/\/cungtenhanoi.com\/index.php?rest_route=\/wp\/v2\/types\/product"}],"replies":[{"embeddable":true,"href":"https:\/\/cungtenhanoi.com\/index.php?rest_route=%2Fwp%2Fv2%2Fcomments&post=1697"}],"wp:featuredmedia":[{"embeddable":true,"href":"https:\/\/cungtenhanoi.com\/index.php?rest_route=\/wp\/v2\/media\/1698"}],"wp:attachment":[{"href":"https:\/\/cungtenhanoi.com\/index.php?rest_route=%2Fwp%2Fv2%2Fmedia&parent=1697"}],"wp:term":[{"taxonomy":"product_cat","embeddable":true,"href":"https:\/\/cungtenhanoi.com\/index.php?rest_route=%2Fwp%2Fv2%2Fproduct_cat&post=1697"},{"taxonomy":"product_tag","embeddable":true,"href":"https:\/\/cungtenhanoi.com\/index.php?rest_route=%2Fwp%2Fv2%2Fproduct_tag&post=1697"}],"curies":[{"name":"wp","href":"https:\/\/api.w.org\/{rel}","templated":true}]}}