{"id":1710,"date":"2021-06-05T10:31:00","date_gmt":"2021-06-05T03:31:00","guid":{"rendered":"https:\/\/cungtenhanoi.com\/?post_type=product&#038;p=1710"},"modified":"2021-06-09T21:34:17","modified_gmt":"2021-06-09T14:34:17","slug":"topoint-reliance-36-38","status":"publish","type":"product","link":"https:\/\/cungtenhanoi.com\/?product=topoint-reliance-36-38","title":{"rendered":"Topoint Reliance 36-38"},"content":{"rendered":"<p style=\"text-align: center;\">Brace Height 7.5&#8243;<br \/>\nIBO Rate up to 330 fps<br \/>\nAxle-to-axle 38&#8243;<br \/>\nDraw Weight 45-60#<br \/>\nDraw Length 24.5 &#8211; 27.5&#8243;<br \/>\nPhysical weight 4.7 lbs<br \/>\nLet-off 75%<br \/>\n\u0110\u1ed1i th\u1ee7 c\u1ea1nh tranh tr\u1ef1c ti\u1ebfp v\u1edbi Sanlida X10 compound target<br \/>\nCung kh\u00f4ng: 15.600.000<br \/>\nFull option target pro: 34.900.000<br \/>\n<img loading=\"lazy\" class=\"detail-desc-decorate-image\" src=\"https:\/\/ae01.alicdn.com\/kf\/H387cff6a4dcd4d1d8752a43f1129d3d4T.jpg\" width=\"751\" height=\"726\" data-spm-anchor-id=\"0.0.0.i21.537d2ce55AxNjk\" \/><img class=\"detail-desc-decorate-image\" src=\"https:\/\/ae01.alicdn.com\/kf\/H6ccbfdd433684898b3f2537e0de17841s.jpg\" data-spm-anchor-id=\"0.0.0.i23.537d2ce55AxNjk\" \/><img loading=\"lazy\" class=\"aligncenter size-full wp-image-1758\" src=\"https:\/\/cungtenhanoi.com\/wp-content\/uploads\/2021\/06\/BE198C9E-BC1F-4B6F-B663-00C58A11769B.jpeg\" alt=\"\" width=\"1000\" height=\"1000\" srcset=\"https:\/\/cungtenhanoi.com\/wp-content\/uploads\/2021\/06\/BE198C9E-BC1F-4B6F-B663-00C58A11769B.jpeg 1000w, https:\/\/cungtenhanoi.com\/wp-content\/uploads\/2021\/06\/BE198C9E-BC1F-4B6F-B663-00C58A11769B-300x300.jpeg 300w, https:\/\/cungtenhanoi.com\/wp-content\/uploads\/2021\/06\/BE198C9E-BC1F-4B6F-B663-00C58A11769B-100x100.jpeg 100w, https:\/\/cungtenhanoi.com\/wp-content\/uploads\/2021\/06\/BE198C9E-BC1F-4B6F-B663-00C58A11769B-600x600.jpeg 600w, https:\/\/cungtenhanoi.com\/wp-content\/uploads\/2021\/06\/BE198C9E-BC1F-4B6F-B663-00C58A11769B-64x64.jpeg 64w, https:\/\/cungtenhanoi.com\/wp-content\/uploads\/2021\/06\/BE198C9E-BC1F-4B6F-B663-00C58A11769B-150x150.jpeg 150w, https:\/\/cungtenhanoi.com\/wp-content\/uploads\/2021\/06\/BE198C9E-BC1F-4B6F-B663-00C58A11769B-768x768.jpeg 768w, https:\/\/cungtenhanoi.com\/wp-content\/uploads\/2021\/06\/BE198C9E-BC1F-4B6F-B663-00C58A11769B-180x180.jpeg 180w, https:\/\/cungtenhanoi.com\/wp-content\/uploads\/2021\/06\/BE198C9E-BC1F-4B6F-B663-00C58A11769B-45x45.jpeg 45w\" sizes=\"(max-width: 1000px) 100vw, 1000px\" \/> <img loading=\"lazy\" class=\"aligncenter size-full wp-image-1759\" src=\"https:\/\/cungtenhanoi.com\/wp-content\/uploads\/2021\/06\/B53A7519-50FC-4E91-A2A2-24E6DD4AD450.jpeg\" alt=\"\" width=\"1000\" height=\"1000\" srcset=\"https:\/\/cungtenhanoi.com\/wp-content\/uploads\/2021\/06\/B53A7519-50FC-4E91-A2A2-24E6DD4AD450.jpeg 1000w, https:\/\/cungtenhanoi.com\/wp-content\/uploads\/2021\/06\/B53A7519-50FC-4E91-A2A2-24E6DD4AD450-300x300.jpeg 300w, https:\/\/cungtenhanoi.com\/wp-content\/uploads\/2021\/06\/B53A7519-50FC-4E91-A2A2-24E6DD4AD450-100x100.jpeg 100w, https:\/\/cungtenhanoi.com\/wp-content\/uploads\/2021\/06\/B53A7519-50FC-4E91-A2A2-24E6DD4AD450-600x600.jpeg 600w, https:\/\/cungtenhanoi.com\/wp-content\/uploads\/2021\/06\/B53A7519-50FC-4E91-A2A2-24E6DD4AD450-64x64.jpeg 64w, https:\/\/cungtenhanoi.com\/wp-content\/uploads\/2021\/06\/B53A7519-50FC-4E91-A2A2-24E6DD4AD450-150x150.jpeg 150w, https:\/\/cungtenhanoi.com\/wp-content\/uploads\/2021\/06\/B53A7519-50FC-4E91-A2A2-24E6DD4AD450-768x768.jpeg 768w, https:\/\/cungtenhanoi.com\/wp-content\/uploads\/2021\/06\/B53A7519-50FC-4E91-A2A2-24E6DD4AD450-180x180.jpeg 180w, https:\/\/cungtenhanoi.com\/wp-content\/uploads\/2021\/06\/B53A7519-50FC-4E91-A2A2-24E6DD4AD450-45x45.jpeg 45w\" sizes=\"(max-width: 1000px) 100vw, 1000px\" \/><\/p>\n<p><img class=\"detail-desc-decorate-image aligncenter\" src=\"https:\/\/ae01.alicdn.com\/kf\/H27903762b9934585b8f75eb3fc36abbbs.jpg\" data-spm-anchor-id=\"0.0.0.i22.537d2ce55AxNjk\" \/><img loading=\"lazy\" class=\"size-full wp-image-1716 aligncenter\" src=\"https:\/\/cungtenhanoi.com\/wp-content\/uploads\/2021\/06\/O1CN01JyOQk11fOfhjAT5tp_4066233997.jpg_400x400.jpg\" alt=\"\" width=\"400\" height=\"400\" srcset=\"https:\/\/cungtenhanoi.com\/wp-content\/uploads\/2021\/06\/O1CN01JyOQk11fOfhjAT5tp_4066233997.jpg_400x400.jpg 400w, https:\/\/cungtenhanoi.com\/wp-content\/uploads\/2021\/06\/O1CN01JyOQk11fOfhjAT5tp_4066233997.jpg_400x400-300x300.jpg 300w, https:\/\/cungtenhanoi.com\/wp-content\/uploads\/2021\/06\/O1CN01JyOQk11fOfhjAT5tp_4066233997.jpg_400x400-100x100.jpg 100w, https:\/\/cungtenhanoi.com\/wp-content\/uploads\/2021\/06\/O1CN01JyOQk11fOfhjAT5tp_4066233997.jpg_400x400-64x64.jpg 64w, https:\/\/cungtenhanoi.com\/wp-content\/uploads\/2021\/06\/O1CN01JyOQk11fOfhjAT5tp_4066233997.jpg_400x400-150x150.jpg 150w, https:\/\/cungtenhanoi.com\/wp-content\/uploads\/2021\/06\/O1CN01JyOQk11fOfhjAT5tp_4066233997.jpg_400x400-180x180.jpg 180w, https:\/\/cungtenhanoi.com\/wp-content\/uploads\/2021\/06\/O1CN01JyOQk11fOfhjAT5tp_4066233997.jpg_400x400-45x45.jpg 45w\" sizes=\"(max-width: 400px) 100vw, 400px\" \/><img loading=\"lazy\" class=\"size-full wp-image-1714 aligncenter\" src=\"https:\/\/cungtenhanoi.com\/wp-content\/uploads\/2021\/06\/O1CN01icF05y1fOfheYwjoW_4066233997.jpg_400x400.jpg\" alt=\"\" width=\"400\" height=\"400\" srcset=\"https:\/\/cungtenhanoi.com\/wp-content\/uploads\/2021\/06\/O1CN01icF05y1fOfheYwjoW_4066233997.jpg_400x400.jpg 400w, https:\/\/cungtenhanoi.com\/wp-content\/uploads\/2021\/06\/O1CN01icF05y1fOfheYwjoW_4066233997.jpg_400x400-300x300.jpg 300w, https:\/\/cungtenhanoi.com\/wp-content\/uploads\/2021\/06\/O1CN01icF05y1fOfheYwjoW_4066233997.jpg_400x400-100x100.jpg 100w, https:\/\/cungtenhanoi.com\/wp-content\/uploads\/2021\/06\/O1CN01icF05y1fOfheYwjoW_4066233997.jpg_400x400-64x64.jpg 64w, https:\/\/cungtenhanoi.com\/wp-content\/uploads\/2021\/06\/O1CN01icF05y1fOfheYwjoW_4066233997.jpg_400x400-150x150.jpg 150w, https:\/\/cungtenhanoi.com\/wp-content\/uploads\/2021\/06\/O1CN01icF05y1fOfheYwjoW_4066233997.jpg_400x400-180x180.jpg 180w, https:\/\/cungtenhanoi.com\/wp-content\/uploads\/2021\/06\/O1CN01icF05y1fOfheYwjoW_4066233997.jpg_400x400-45x45.jpg 45w\" sizes=\"(max-width: 400px) 100vw, 400px\" \/> <img loading=\"lazy\" class=\"size-full wp-image-1713 aligncenter\" src=\"https:\/\/cungtenhanoi.com\/wp-content\/uploads\/2021\/06\/O1CN01gZ3ymZ1fOfhjTrsSS_4066233997.jpg_400x400.jpg\" alt=\"\" width=\"400\" height=\"400\" srcset=\"https:\/\/cungtenhanoi.com\/wp-content\/uploads\/2021\/06\/O1CN01gZ3ymZ1fOfhjTrsSS_4066233997.jpg_400x400.jpg 400w, https:\/\/cungtenhanoi.com\/wp-content\/uploads\/2021\/06\/O1CN01gZ3ymZ1fOfhjTrsSS_4066233997.jpg_400x400-300x300.jpg 300w, https:\/\/cungtenhanoi.com\/wp-content\/uploads\/2021\/06\/O1CN01gZ3ymZ1fOfhjTrsSS_4066233997.jpg_400x400-100x100.jpg 100w, https:\/\/cungtenhanoi.com\/wp-content\/uploads\/2021\/06\/O1CN01gZ3ymZ1fOfhjTrsSS_4066233997.jpg_400x400-64x64.jpg 64w, https:\/\/cungtenhanoi.com\/wp-content\/uploads\/2021\/06\/O1CN01gZ3ymZ1fOfhjTrsSS_4066233997.jpg_400x400-150x150.jpg 150w, https:\/\/cungtenhanoi.com\/wp-content\/uploads\/2021\/06\/O1CN01gZ3ymZ1fOfhjTrsSS_4066233997.jpg_400x400-180x180.jpg 180w, https:\/\/cungtenhanoi.com\/wp-content\/uploads\/2021\/06\/O1CN01gZ3ymZ1fOfhjTrsSS_4066233997.jpg_400x400-45x45.jpg 45w\" sizes=\"(max-width: 400px) 100vw, 400px\" \/> <img loading=\"lazy\" class=\"size-full wp-image-1712 aligncenter\" src=\"https:\/\/cungtenhanoi.com\/wp-content\/uploads\/2021\/06\/O1CN01cua8kU1fOfhhPWIBx_4066233997.jpg_400x400.jpg\" alt=\"\" width=\"400\" height=\"400\" srcset=\"https:\/\/cungtenhanoi.com\/wp-content\/uploads\/2021\/06\/O1CN01cua8kU1fOfhhPWIBx_4066233997.jpg_400x400.jpg 400w, https:\/\/cungtenhanoi.com\/wp-content\/uploads\/2021\/06\/O1CN01cua8kU1fOfhhPWIBx_4066233997.jpg_400x400-300x300.jpg 300w, https:\/\/cungtenhanoi.com\/wp-content\/uploads\/2021\/06\/O1CN01cua8kU1fOfhhPWIBx_4066233997.jpg_400x400-100x100.jpg 100w, https:\/\/cungtenhanoi.com\/wp-content\/uploads\/2021\/06\/O1CN01cua8kU1fOfhhPWIBx_4066233997.jpg_400x400-64x64.jpg 64w, https:\/\/cungtenhanoi.com\/wp-content\/uploads\/2021\/06\/O1CN01cua8kU1fOfhhPWIBx_4066233997.jpg_400x400-150x150.jpg 150w, https:\/\/cungtenhanoi.com\/wp-content\/uploads\/2021\/06\/O1CN01cua8kU1fOfhhPWIBx_4066233997.jpg_400x400-180x180.jpg 180w, https:\/\/cungtenhanoi.com\/wp-content\/uploads\/2021\/06\/O1CN01cua8kU1fOfhhPWIBx_4066233997.jpg_400x400-45x45.jpg 45w\" sizes=\"(max-width: 400px) 100vw, 400px\" \/> <img loading=\"lazy\" class=\"size-full wp-image-1711 aligncenter\" src=\"https:\/\/cungtenhanoi.com\/wp-content\/uploads\/2021\/06\/O1CN01C4hPF41fOfheYxTNi_4066233997.jpg_400x400.jpg\" alt=\"\" width=\"400\" height=\"400\" srcset=\"https:\/\/cungtenhanoi.com\/wp-content\/uploads\/2021\/06\/O1CN01C4hPF41fOfheYxTNi_4066233997.jpg_400x400.jpg 400w, https:\/\/cungtenhanoi.com\/wp-content\/uploads\/2021\/06\/O1CN01C4hPF41fOfheYxTNi_4066233997.jpg_400x400-300x300.jpg 300w, https:\/\/cungtenhanoi.com\/wp-content\/uploads\/2021\/06\/O1CN01C4hPF41fOfheYxTNi_4066233997.jpg_400x400-100x100.jpg 100w, https:\/\/cungtenhanoi.com\/wp-content\/uploads\/2021\/06\/O1CN01C4hPF41fOfheYxTNi_4066233997.jpg_400x400-64x64.jpg 64w, https:\/\/cungtenhanoi.com\/wp-content\/uploads\/2021\/06\/O1CN01C4hPF41fOfheYxTNi_4066233997.jpg_400x400-150x150.jpg 150w, https:\/\/cungtenhanoi.com\/wp-content\/uploads\/2021\/06\/O1CN01C4hPF41fOfheYxTNi_4066233997.jpg_400x400-180x180.jpg 180w, https:\/\/cungtenhanoi.com\/wp-content\/uploads\/2021\/06\/O1CN01C4hPF41fOfheYxTNi_4066233997.jpg_400x400-45x45.jpg 45w\" sizes=\"(max-width: 400px) 100vw, 400px\" \/> <img loading=\"lazy\" class=\"size-full wp-image-1723 aligncenter\" src=\"https:\/\/cungtenhanoi.com\/wp-content\/uploads\/2021\/06\/O1CN010KOpHQ1fOfhmBqunw_4066233997.jpg_400x400.jpg\" alt=\"\" width=\"400\" height=\"400\" srcset=\"https:\/\/cungtenhanoi.com\/wp-content\/uploads\/2021\/06\/O1CN010KOpHQ1fOfhmBqunw_4066233997.jpg_400x400.jpg 400w, https:\/\/cungtenhanoi.com\/wp-content\/uploads\/2021\/06\/O1CN010KOpHQ1fOfhmBqunw_4066233997.jpg_400x400-300x300.jpg 300w, https:\/\/cungtenhanoi.com\/wp-content\/uploads\/2021\/06\/O1CN010KOpHQ1fOfhmBqunw_4066233997.jpg_400x400-100x100.jpg 100w, https:\/\/cungtenhanoi.com\/wp-content\/uploads\/2021\/06\/O1CN010KOpHQ1fOfhmBqunw_4066233997.jpg_400x400-64x64.jpg 64w\" sizes=\"(max-width: 400px) 100vw, 400px\" \/> <img loading=\"lazy\" class=\"size-full wp-image-1719 aligncenter\" src=\"https:\/\/cungtenhanoi.com\/wp-content\/uploads\/2021\/06\/O1CN01s6B1ch1fOfhhPb3bL_4066233997.jpg_400x400.jpg\" alt=\"\" width=\"400\" height=\"400\" srcset=\"https:\/\/cungtenhanoi.com\/wp-content\/uploads\/2021\/06\/O1CN01s6B1ch1fOfhhPb3bL_4066233997.jpg_400x400.jpg 400w, https:\/\/cungtenhanoi.com\/wp-content\/uploads\/2021\/06\/O1CN01s6B1ch1fOfhhPb3bL_4066233997.jpg_400x400-300x300.jpg 300w, https:\/\/cungtenhanoi.com\/wp-content\/uploads\/2021\/06\/O1CN01s6B1ch1fOfhhPb3bL_4066233997.jpg_400x400-100x100.jpg 100w, https:\/\/cungtenhanoi.com\/wp-content\/uploads\/2021\/06\/O1CN01s6B1ch1fOfhhPb3bL_4066233997.jpg_400x400-64x64.jpg 64w, https:\/\/cungtenhanoi.com\/wp-content\/uploads\/2021\/06\/O1CN01s6B1ch1fOfhhPb3bL_4066233997.jpg_400x400-150x150.jpg 150w, https:\/\/cungtenhanoi.com\/wp-content\/uploads\/2021\/06\/O1CN01s6B1ch1fOfhhPb3bL_4066233997.jpg_400x400-180x180.jpg 180w, https:\/\/cungtenhanoi.com\/wp-content\/uploads\/2021\/06\/O1CN01s6B1ch1fOfhhPb3bL_4066233997.jpg_400x400-45x45.jpg 45w\" sizes=\"(max-width: 400px) 100vw, 400px\" \/><\/p>\n","protected":false},"excerpt":{"rendered":"<p>H\u00e0ng oder theo m\u00e0u s\u1eafc v\u00e0 option 7-15 ng\u00e0y<\/p>\n","protected":false},"featured_media":1721,"comment_status":"open","ping_status":"closed","template":"","meta":[],"product_cat":[17],"product_tag":[198,34,397,86,257,396,395],"acf":[],"yoast_head":"<!-- This site is optimized with the Yoast SEO plugin v19.8 - https:\/\/yoast.com\/wordpress\/plugins\/seo\/ -->\n<title>Topoint Reliance 36-38 - Cung T\u00ean H\u00e0 N\u1ed9i<\/title>\n<meta name=\"description\" content=\"mua cung t\u00ean th\u1ec3 thao, mua cung t\u00ean t\u1ea1i h\u00e0 n\u1ed9i, cung tr\u1ee3 l\u1ef1c, cung compound, cung t\u00ean ch\u00ednh h\u00e3ng, cung t\u00ean m\u1ea1nh,cung t\u00ean h\u00e0 n\u1ed9i, cung t\u00ean , mua cung t\u00ean S\u00e0i g\u00f2n , mua m\u0169i t\u00ean b\u1eafn cung , cung b\u1eafn bi s\u1eaft , cung t\u00ean mini\" \/>\n<meta name=\"robots\" content=\"index, follow, max-snippet:-1, max-image-preview:large, max-video-preview:-1\" \/>\n<link rel=\"canonical\" href=\"https:\/\/cungtenhanoi.com\/?product=topoint-reliance-36-38\" \/>\n<meta property=\"og:locale\" content=\"vi_VN\" \/>\n<meta property=\"og:type\" content=\"article\" \/>\n<meta property=\"og:title\" content=\"Topoint Reliance 36-38 - Cung T\u00ean H\u00e0 N\u1ed9i\" \/>\n<meta property=\"og:description\" content=\"mua cung t\u00ean th\u1ec3 thao, mua cung t\u00ean t\u1ea1i h\u00e0 n\u1ed9i, cung tr\u1ee3 l\u1ef1c, cung compound, cung t\u00ean ch\u00ednh h\u00e3ng, cung t\u00ean m\u1ea1nh,cung t\u00ean h\u00e0 n\u1ed9i, cung t\u00ean , mua cung t\u00ean S\u00e0i g\u00f2n , mua m\u0169i t\u00ean b\u1eafn cung , cung b\u1eafn bi s\u1eaft , cung t\u00ean mini\" \/>\n<meta property=\"og:url\" content=\"https:\/\/cungtenhanoi.com\/?product=topoint-reliance-36-38\" \/>\n<meta property=\"og:site_name\" content=\"Cung T\u00ean H\u00e0 N\u1ed9i\" \/>\n<meta property=\"article:modified_time\" content=\"2021-06-09T14:34:17+00:00\" \/>\n<meta property=\"og:image\" content=\"https:\/\/cungtenhanoi.com\/wp-content\/uploads\/2021\/06\/O1CN01woA1do1fOfhgkZGsM_4066233997.jpg_400x400.jpg\" \/>\n\t<meta property=\"og:image:width\" content=\"400\" \/>\n\t<meta property=\"og:image:height\" content=\"400\" \/>\n\t<meta property=\"og:image:type\" content=\"image\/jpeg\" \/>\n<meta name=\"twitter:card\" content=\"summary_large_image\" \/>\n<script type=\"application\/ld+json\" class=\"yoast-schema-graph\">{\"@context\":\"https:\/\/schema.org\",\"@graph\":[{\"@type\":\"WebPage\",\"@id\":\"https:\/\/cungtenhanoi.com\/?product=topoint-reliance-36-38\",\"url\":\"https:\/\/cungtenhanoi.com\/?product=topoint-reliance-36-38\",\"name\":\"Topoint Reliance 36-38 - Cung T\u00ean H\u00e0 N\u1ed9i\",\"isPartOf\":{\"@id\":\"https:\/\/cungtenhanoi.com\/#website\"},\"datePublished\":\"2021-06-05T03:31:00+00:00\",\"dateModified\":\"2021-06-09T14:34:17+00:00\",\"description\":\"mua cung t\u00ean th\u1ec3 thao, mua cung t\u00ean t\u1ea1i h\u00e0 n\u1ed9i, cung tr\u1ee3 l\u1ef1c, cung compound, cung t\u00ean ch\u00ednh h\u00e3ng, cung t\u00ean m\u1ea1nh,cung t\u00ean h\u00e0 n\u1ed9i, cung t\u00ean , mua cung t\u00ean S\u00e0i g\u00f2n , mua m\u0169i t\u00ean b\u1eafn cung , cung b\u1eafn bi s\u1eaft , cung t\u00ean mini\",\"breadcrumb\":{\"@id\":\"https:\/\/cungtenhanoi.com\/?product=topoint-reliance-36-38#breadcrumb\"},\"inLanguage\":\"vi\",\"potentialAction\":[{\"@type\":\"ReadAction\",\"target\":[\"https:\/\/cungtenhanoi.com\/?product=topoint-reliance-36-38\"]}]},{\"@type\":\"BreadcrumbList\",\"@id\":\"https:\/\/cungtenhanoi.com\/?product=topoint-reliance-36-38#breadcrumb\",\"itemListElement\":[{\"@type\":\"ListItem\",\"position\":1,\"name\":\"Trang ch\u1ee7\",\"item\":\"https:\/\/cungtenhanoi.com\/\"},{\"@type\":\"ListItem\",\"position\":2,\"name\":\"Shop\",\"item\":\"https:\/\/cungtenhanoi.com\/?page_id=6\"},{\"@type\":\"ListItem\",\"position\":3,\"name\":\"Cung\",\"item\":\"https:\/\/cungtenhanoi.com\/danh-muc\/cung\/\"},{\"@type\":\"ListItem\",\"position\":4,\"name\":\"Topoint Reliance 36-38\"}]},{\"@type\":\"WebSite\",\"@id\":\"https:\/\/cungtenhanoi.com\/#website\",\"url\":\"https:\/\/cungtenhanoi.com\/\",\"name\":\"Cung T\u00ean H\u00e0 N\u1ed9i\",\"description\":\"Cung c\u1ea5p c\u00e1c lo\u1ea1i cung t\u00ean th\u1ec3 thao s\u1ed1 1 Vi\u1ec7t Nam\",\"publisher\":{\"@id\":\"https:\/\/cungtenhanoi.com\/#organization\"},\"potentialAction\":[{\"@type\":\"SearchAction\",\"target\":{\"@type\":\"EntryPoint\",\"urlTemplate\":\"https:\/\/cungtenhanoi.com\/?s={search_term_string}\"},\"query-input\":\"required name=search_term_string\"}],\"inLanguage\":\"vi\"},{\"@type\":\"Organization\",\"@id\":\"https:\/\/cungtenhanoi.com\/#organization\",\"name\":\"Cung T\u00ean H\u00e0 N\u1ed9i\",\"url\":\"https:\/\/cungtenhanoi.com\/\",\"sameAs\":[],\"logo\":{\"@type\":\"ImageObject\",\"inLanguage\":\"vi\",\"@id\":\"https:\/\/cungtenhanoi.com\/#\/schema\/logo\/image\/\",\"url\":\"https:\/\/cungtenhanoi.com\/wp-content\/uploads\/2025\/05\/logo-den-trang.jpg\",\"contentUrl\":\"https:\/\/cungtenhanoi.com\/wp-content\/uploads\/2025\/05\/logo-den-trang.jpg\",\"width\":450,\"height\":450,\"caption\":\"Cung T\u00ean H\u00e0 N\u1ed9i\"},\"image\":{\"@id\":\"https:\/\/cungtenhanoi.com\/#\/schema\/logo\/image\/\"}}]}<\/script>\n<!-- \/ Yoast SEO plugin. -->","yoast_head_json":{"title":"Topoint Reliance 36-38 - Cung T\u00ean H\u00e0 N\u1ed9i","description":"mua cung t\u00ean th\u1ec3 thao, mua cung t\u00ean t\u1ea1i h\u00e0 n\u1ed9i, cung tr\u1ee3 l\u1ef1c, cung compound, cung t\u00ean ch\u00ednh h\u00e3ng, cung t\u00ean m\u1ea1nh,cung t\u00ean h\u00e0 n\u1ed9i, cung t\u00ean , mua cung t\u00ean S\u00e0i g\u00f2n , mua m\u0169i t\u00ean b\u1eafn cung , cung b\u1eafn bi s\u1eaft , cung t\u00ean mini","robots":{"index":"index","follow":"follow","max-snippet":"max-snippet:-1","max-image-preview":"max-image-preview:large","max-video-preview":"max-video-preview:-1"},"canonical":"https:\/\/cungtenhanoi.com\/?product=topoint-reliance-36-38","og_locale":"vi_VN","og_type":"article","og_title":"Topoint Reliance 36-38 - Cung T\u00ean H\u00e0 N\u1ed9i","og_description":"mua cung t\u00ean th\u1ec3 thao, mua cung t\u00ean t\u1ea1i h\u00e0 n\u1ed9i, cung tr\u1ee3 l\u1ef1c, cung compound, cung t\u00ean ch\u00ednh h\u00e3ng, cung t\u00ean m\u1ea1nh,cung t\u00ean h\u00e0 n\u1ed9i, cung t\u00ean , mua cung t\u00ean S\u00e0i g\u00f2n , mua m\u0169i t\u00ean b\u1eafn cung , cung b\u1eafn bi s\u1eaft , cung t\u00ean mini","og_url":"https:\/\/cungtenhanoi.com\/?product=topoint-reliance-36-38","og_site_name":"Cung T\u00ean H\u00e0 N\u1ed9i","article_modified_time":"2021-06-09T14:34:17+00:00","og_image":[{"width":400,"height":400,"url":"https:\/\/cungtenhanoi.com\/wp-content\/uploads\/2021\/06\/O1CN01woA1do1fOfhgkZGsM_4066233997.jpg_400x400.jpg","type":"image\/jpeg"}],"twitter_card":"summary_large_image","schema":{"@context":"https:\/\/schema.org","@graph":[{"@type":"WebPage","@id":"https:\/\/cungtenhanoi.com\/?product=topoint-reliance-36-38","url":"https:\/\/cungtenhanoi.com\/?product=topoint-reliance-36-38","name":"Topoint Reliance 36-38 - Cung T\u00ean H\u00e0 N\u1ed9i","isPartOf":{"@id":"https:\/\/cungtenhanoi.com\/#website"},"datePublished":"2021-06-05T03:31:00+00:00","dateModified":"2021-06-09T14:34:17+00:00","description":"mua cung t\u00ean th\u1ec3 thao, mua cung t\u00ean t\u1ea1i h\u00e0 n\u1ed9i, cung tr\u1ee3 l\u1ef1c, cung compound, cung t\u00ean ch\u00ednh h\u00e3ng, cung t\u00ean m\u1ea1nh,cung t\u00ean h\u00e0 n\u1ed9i, cung t\u00ean , mua cung t\u00ean S\u00e0i g\u00f2n , mua m\u0169i t\u00ean b\u1eafn cung , cung b\u1eafn bi s\u1eaft , cung t\u00ean mini","breadcrumb":{"@id":"https:\/\/cungtenhanoi.com\/?product=topoint-reliance-36-38#breadcrumb"},"inLanguage":"vi","potentialAction":[{"@type":"ReadAction","target":["https:\/\/cungtenhanoi.com\/?product=topoint-reliance-36-38"]}]},{"@type":"BreadcrumbList","@id":"https:\/\/cungtenhanoi.com\/?product=topoint-reliance-36-38#breadcrumb","itemListElement":[{"@type":"ListItem","position":1,"name":"Trang ch\u1ee7","item":"https:\/\/cungtenhanoi.com\/"},{"@type":"ListItem","position":2,"name":"Shop","item":"https:\/\/cungtenhanoi.com\/?page_id=6"},{"@type":"ListItem","position":3,"name":"Cung","item":"https:\/\/cungtenhanoi.com\/danh-muc\/cung\/"},{"@type":"ListItem","position":4,"name":"Topoint Reliance 36-38"}]},{"@type":"WebSite","@id":"https:\/\/cungtenhanoi.com\/#website","url":"https:\/\/cungtenhanoi.com\/","name":"Cung T\u00ean H\u00e0 N\u1ed9i","description":"Cung c\u1ea5p c\u00e1c lo\u1ea1i cung t\u00ean th\u1ec3 thao s\u1ed1 1 Vi\u1ec7t Nam","publisher":{"@id":"https:\/\/cungtenhanoi.com\/#organization"},"potentialAction":[{"@type":"SearchAction","target":{"@type":"EntryPoint","urlTemplate":"https:\/\/cungtenhanoi.com\/?s={search_term_string}"},"query-input":"required name=search_term_string"}],"inLanguage":"vi"},{"@type":"Organization","@id":"https:\/\/cungtenhanoi.com\/#organization","name":"Cung T\u00ean H\u00e0 N\u1ed9i","url":"https:\/\/cungtenhanoi.com\/","sameAs":[],"logo":{"@type":"ImageObject","inLanguage":"vi","@id":"https:\/\/cungtenhanoi.com\/#\/schema\/logo\/image\/","url":"https:\/\/cungtenhanoi.com\/wp-content\/uploads\/2025\/05\/logo-den-trang.jpg","contentUrl":"https:\/\/cungtenhanoi.com\/wp-content\/uploads\/2025\/05\/logo-den-trang.jpg","width":450,"height":450,"caption":"Cung T\u00ean H\u00e0 N\u1ed9i"},"image":{"@id":"https:\/\/cungtenhanoi.com\/#\/schema\/logo\/image\/"}}]}},"_links":{"self":[{"href":"https:\/\/cungtenhanoi.com\/index.php?rest_route=\/wp\/v2\/product\/1710"}],"collection":[{"href":"https:\/\/cungtenhanoi.com\/index.php?rest_route=\/wp\/v2\/product"}],"about":[{"href":"https:\/\/cungtenhanoi.com\/index.php?rest_route=\/wp\/v2\/types\/product"}],"replies":[{"embeddable":true,"href":"https:\/\/cungtenhanoi.com\/index.php?rest_route=%2Fwp%2Fv2%2Fcomments&post=1710"}],"wp:featuredmedia":[{"embeddable":true,"href":"https:\/\/cungtenhanoi.com\/index.php?rest_route=\/wp\/v2\/media\/1721"}],"wp:attachment":[{"href":"https:\/\/cungtenhanoi.com\/index.php?rest_route=%2Fwp%2Fv2%2Fmedia&parent=1710"}],"wp:term":[{"taxonomy":"product_cat","embeddable":true,"href":"https:\/\/cungtenhanoi.com\/index.php?rest_route=%2Fwp%2Fv2%2Fproduct_cat&post=1710"},{"taxonomy":"product_tag","embeddable":true,"href":"https:\/\/cungtenhanoi.com\/index.php?rest_route=%2Fwp%2Fv2%2Fproduct_tag&post=1710"}],"curies":[{"name":"wp","href":"https:\/\/api.w.org\/{rel}","templated":true}]}}