{"id":1725,"date":"2021-06-05T10:51:50","date_gmt":"2021-06-05T03:51:50","guid":{"rendered":"https:\/\/cungtenhanoi.com\/?post_type=product&#038;p=1725"},"modified":"2021-06-05T10:51:50","modified_gmt":"2021-06-05T03:51:50","slug":"thuoc-ngam-axcel-rxpcxp","status":"publish","type":"product","link":"https:\/\/cungtenhanoi.com\/?product=thuoc-ngam-axcel-rxpcxp","title":{"rendered":"Th\u01b0\u1edbc ng\u1eafm Axcel RXP\/CXP"},"content":{"rendered":"<ul class=\"attributes-list\">\n<li style=\"text-align: center;\" title=\"Qu\u1ea3 c\u1ea7u l\u1eeda\" data-spm-anchor-id=\"2013.1.0.i5.47d63a05cUzOVD\">Th\u01b0\u01a1ng hi\u1ec7u: Fireball<\/li>\n<li style=\"text-align: center;\" title=\"RXP\">M\u00f4 h\u00ecnh: RXP<\/li>\n<li style=\"text-align: center;\" title=\"Hoa K\u1ef3\">Xu\u1ea5t x\u1ee9: Hoa K\u1ef3<br \/>\nCh\u01b0a bao g\u1ed3m m\u1eaft ng\u1eafm<\/li>\n<\/ul>\n<p><img loading=\"lazy\" class=\"size-full wp-image-1726 aligncenter\" src=\"https:\/\/cungtenhanoi.com\/wp-content\/uploads\/2021\/06\/O1CN01aRpldc27HAUem3A8f_2264407771.jpg\" alt=\"\" width=\"400\" height=\"400\" srcset=\"https:\/\/cungtenhanoi.com\/wp-content\/uploads\/2021\/06\/O1CN01aRpldc27HAUem3A8f_2264407771.jpg 400w, https:\/\/cungtenhanoi.com\/wp-content\/uploads\/2021\/06\/O1CN01aRpldc27HAUem3A8f_2264407771-300x300.jpg 300w, https:\/\/cungtenhanoi.com\/wp-content\/uploads\/2021\/06\/O1CN01aRpldc27HAUem3A8f_2264407771-100x100.jpg 100w, https:\/\/cungtenhanoi.com\/wp-content\/uploads\/2021\/06\/O1CN01aRpldc27HAUem3A8f_2264407771-64x64.jpg 64w\" sizes=\"(max-width: 400px) 100vw, 400px\" \/> <img loading=\"lazy\" class=\"size-full wp-image-1727 aligncenter\" src=\"https:\/\/cungtenhanoi.com\/wp-content\/uploads\/2021\/06\/O1CN01eRhXhx27HAUcKqMcB_2264407771.jpg\" alt=\"\" width=\"1440\" height=\"1080\" srcset=\"https:\/\/cungtenhanoi.com\/wp-content\/uploads\/2021\/06\/O1CN01eRhXhx27HAUcKqMcB_2264407771.jpg 1440w, https:\/\/cungtenhanoi.com\/wp-content\/uploads\/2021\/06\/O1CN01eRhXhx27HAUcKqMcB_2264407771-600x450.jpg 600w, https:\/\/cungtenhanoi.com\/wp-content\/uploads\/2021\/06\/O1CN01eRhXhx27HAUcKqMcB_2264407771-64x48.jpg 64w, https:\/\/cungtenhanoi.com\/wp-content\/uploads\/2021\/06\/O1CN01eRhXhx27HAUcKqMcB_2264407771-300x225.jpg 300w, https:\/\/cungtenhanoi.com\/wp-content\/uploads\/2021\/06\/O1CN01eRhXhx27HAUcKqMcB_2264407771-768x576.jpg 768w, https:\/\/cungtenhanoi.com\/wp-content\/uploads\/2021\/06\/O1CN01eRhXhx27HAUcKqMcB_2264407771-1024x768.jpg 1024w, https:\/\/cungtenhanoi.com\/wp-content\/uploads\/2021\/06\/O1CN01eRhXhx27HAUcKqMcB_2264407771-480x360.jpg 480w\" sizes=\"(max-width: 1440px) 100vw, 1440px\" \/> <img loading=\"lazy\" class=\"size-full wp-image-1728 aligncenter\" src=\"https:\/\/cungtenhanoi.com\/wp-content\/uploads\/2021\/06\/O1CN01JtUk7a27HAUzE8fiH_2264407771.jpg\" alt=\"\" width=\"1080\" height=\"1440\" srcset=\"https:\/\/cungtenhanoi.com\/wp-content\/uploads\/2021\/06\/O1CN01JtUk7a27HAUzE8fiH_2264407771.jpg 1080w, https:\/\/cungtenhanoi.com\/wp-content\/uploads\/2021\/06\/O1CN01JtUk7a27HAUzE8fiH_2264407771-600x800.jpg 600w, https:\/\/cungtenhanoi.com\/wp-content\/uploads\/2021\/06\/O1CN01JtUk7a27HAUzE8fiH_2264407771-64x85.jpg 64w, https:\/\/cungtenhanoi.com\/wp-content\/uploads\/2021\/06\/O1CN01JtUk7a27HAUzE8fiH_2264407771-225x300.jpg 225w, https:\/\/cungtenhanoi.com\/wp-content\/uploads\/2021\/06\/O1CN01JtUk7a27HAUzE8fiH_2264407771-768x1024.jpg 768w\" sizes=\"(max-width: 1080px) 100vw, 1080px\" \/> <img loading=\"lazy\" class=\"size-full wp-image-1729 aligncenter\" src=\"https:\/\/cungtenhanoi.com\/wp-content\/uploads\/2021\/06\/O1CN01KtJNA927HAV31phoU_2264407771.jpg\" alt=\"\" width=\"1080\" height=\"1440\" srcset=\"https:\/\/cungtenhanoi.com\/wp-content\/uploads\/2021\/06\/O1CN01KtJNA927HAV31phoU_2264407771.jpg 1080w, https:\/\/cungtenhanoi.com\/wp-content\/uploads\/2021\/06\/O1CN01KtJNA927HAV31phoU_2264407771-600x800.jpg 600w, https:\/\/cungtenhanoi.com\/wp-content\/uploads\/2021\/06\/O1CN01KtJNA927HAV31phoU_2264407771-64x85.jpg 64w\" sizes=\"(max-width: 1080px) 100vw, 1080px\" \/><\/p>\n","protected":false},"excerpt":{"rendered":"<p>Th\u01b0\u01a1ng hi\u1ec7u: Fireball M\u00f4 h\u00ecnh: RXP Xu\u1ea5t x\u1ee9: Hoa K\u1ef3 Ch\u01b0a bao g\u1ed3m m\u1eaft ng\u1eafm<\/p>\n","protected":false},"featured_media":1726,"comment_status":"open","ping_status":"closed","template":"","meta":[],"product_cat":[20],"product_tag":[398,198,254,383,399],"acf":[],"yoast_head":"<!-- This site is optimized with the Yoast SEO plugin v19.8 - https:\/\/yoast.com\/wordpress\/plugins\/seo\/ -->\n<title>Th\u01b0\u1edbc ng\u1eafm Axcel RXP\/CXP - Cung T\u00ean H\u00e0 N\u1ed9i<\/title>\n<meta name=\"description\" content=\"mua cung t\u00ean th\u1ec3 thao, mua cung t\u00ean t\u1ea1i h\u00e0 n\u1ed9i, cung tr\u1ee3 l\u1ef1c, cung compound, cung t\u00ean ch\u00ednh h\u00e3ng, cung t\u00ean m\u1ea1nh,cung t\u00ean h\u00e0 n\u1ed9i, cung t\u00ean , mua cung t\u00ean S\u00e0i g\u00f2n , mua m\u0169i t\u00ean b\u1eafn cung , cung b\u1eafn bi s\u1eaft , cung t\u00ean mini\" \/>\n<meta name=\"robots\" content=\"index, follow, max-snippet:-1, max-image-preview:large, max-video-preview:-1\" \/>\n<link rel=\"canonical\" href=\"https:\/\/cungtenhanoi.com\/?product=thuoc-ngam-axcel-rxpcxp\" \/>\n<meta property=\"og:locale\" content=\"vi_VN\" \/>\n<meta property=\"og:type\" content=\"article\" \/>\n<meta property=\"og:title\" content=\"Th\u01b0\u1edbc ng\u1eafm Axcel RXP\/CXP - Cung T\u00ean H\u00e0 N\u1ed9i\" \/>\n<meta property=\"og:description\" content=\"mua cung t\u00ean th\u1ec3 thao, mua cung t\u00ean t\u1ea1i h\u00e0 n\u1ed9i, cung tr\u1ee3 l\u1ef1c, cung compound, cung t\u00ean ch\u00ednh h\u00e3ng, cung t\u00ean m\u1ea1nh,cung t\u00ean h\u00e0 n\u1ed9i, cung t\u00ean , mua cung t\u00ean S\u00e0i g\u00f2n , mua m\u0169i t\u00ean b\u1eafn cung , cung b\u1eafn bi s\u1eaft , cung t\u00ean mini\" \/>\n<meta property=\"og:url\" content=\"https:\/\/cungtenhanoi.com\/?product=thuoc-ngam-axcel-rxpcxp\" \/>\n<meta property=\"og:site_name\" content=\"Cung T\u00ean H\u00e0 N\u1ed9i\" \/>\n<meta property=\"og:image\" content=\"https:\/\/cungtenhanoi.com\/wp-content\/uploads\/2021\/06\/O1CN01aRpldc27HAUem3A8f_2264407771.jpg\" \/>\n\t<meta property=\"og:image:width\" content=\"400\" \/>\n\t<meta property=\"og:image:height\" content=\"400\" \/>\n\t<meta property=\"og:image:type\" content=\"image\/jpeg\" \/>\n<meta name=\"twitter:card\" content=\"summary_large_image\" \/>\n<script type=\"application\/ld+json\" class=\"yoast-schema-graph\">{\"@context\":\"https:\/\/schema.org\",\"@graph\":[{\"@type\":\"WebPage\",\"@id\":\"https:\/\/cungtenhanoi.com\/?product=thuoc-ngam-axcel-rxpcxp\",\"url\":\"https:\/\/cungtenhanoi.com\/?product=thuoc-ngam-axcel-rxpcxp\",\"name\":\"Th\u01b0\u1edbc ng\u1eafm Axcel RXP\/CXP - Cung T\u00ean H\u00e0 N\u1ed9i\",\"isPartOf\":{\"@id\":\"https:\/\/cungtenhanoi.com\/#website\"},\"datePublished\":\"2021-06-05T03:51:50+00:00\",\"dateModified\":\"2021-06-05T03:51:50+00:00\",\"description\":\"mua cung t\u00ean th\u1ec3 thao, mua cung t\u00ean t\u1ea1i h\u00e0 n\u1ed9i, cung tr\u1ee3 l\u1ef1c, cung compound, cung t\u00ean ch\u00ednh h\u00e3ng, cung t\u00ean m\u1ea1nh,cung t\u00ean h\u00e0 n\u1ed9i, cung t\u00ean , mua cung t\u00ean S\u00e0i g\u00f2n , mua m\u0169i t\u00ean b\u1eafn cung , cung b\u1eafn bi s\u1eaft , cung t\u00ean mini\",\"breadcrumb\":{\"@id\":\"https:\/\/cungtenhanoi.com\/?product=thuoc-ngam-axcel-rxpcxp#breadcrumb\"},\"inLanguage\":\"vi\",\"potentialAction\":[{\"@type\":\"ReadAction\",\"target\":[\"https:\/\/cungtenhanoi.com\/?product=thuoc-ngam-axcel-rxpcxp\"]}]},{\"@type\":\"BreadcrumbList\",\"@id\":\"https:\/\/cungtenhanoi.com\/?product=thuoc-ngam-axcel-rxpcxp#breadcrumb\",\"itemListElement\":[{\"@type\":\"ListItem\",\"position\":1,\"name\":\"Trang ch\u1ee7\",\"item\":\"https:\/\/cungtenhanoi.com\/\"},{\"@type\":\"ListItem\",\"position\":2,\"name\":\"Shop\",\"item\":\"https:\/\/cungtenhanoi.com\/?page_id=6\"},{\"@type\":\"ListItem\",\"position\":3,\"name\":\"Ph\u1ee5 ki\u1ec7n\",\"item\":\"https:\/\/cungtenhanoi.com\/danh-muc\/phu-kien\/\"},{\"@type\":\"ListItem\",\"position\":4,\"name\":\"Th\u01b0\u1edbc ng\u1eafm Axcel RXP\/CXP\"}]},{\"@type\":\"WebSite\",\"@id\":\"https:\/\/cungtenhanoi.com\/#website\",\"url\":\"https:\/\/cungtenhanoi.com\/\",\"name\":\"Cung T\u00ean H\u00e0 N\u1ed9i\",\"description\":\"Cung c\u1ea5p c\u00e1c lo\u1ea1i cung t\u00ean th\u1ec3 thao s\u1ed1 1 Vi\u1ec7t Nam\",\"publisher\":{\"@id\":\"https:\/\/cungtenhanoi.com\/#organization\"},\"potentialAction\":[{\"@type\":\"SearchAction\",\"target\":{\"@type\":\"EntryPoint\",\"urlTemplate\":\"https:\/\/cungtenhanoi.com\/?s={search_term_string}\"},\"query-input\":\"required name=search_term_string\"}],\"inLanguage\":\"vi\"},{\"@type\":\"Organization\",\"@id\":\"https:\/\/cungtenhanoi.com\/#organization\",\"name\":\"Cung T\u00ean H\u00e0 N\u1ed9i\",\"url\":\"https:\/\/cungtenhanoi.com\/\",\"sameAs\":[],\"logo\":{\"@type\":\"ImageObject\",\"inLanguage\":\"vi\",\"@id\":\"https:\/\/cungtenhanoi.com\/#\/schema\/logo\/image\/\",\"url\":\"https:\/\/cungtenhanoi.com\/wp-content\/uploads\/2025\/05\/logo-den-trang.jpg\",\"contentUrl\":\"https:\/\/cungtenhanoi.com\/wp-content\/uploads\/2025\/05\/logo-den-trang.jpg\",\"width\":450,\"height\":450,\"caption\":\"Cung T\u00ean H\u00e0 N\u1ed9i\"},\"image\":{\"@id\":\"https:\/\/cungtenhanoi.com\/#\/schema\/logo\/image\/\"}}]}<\/script>\n<!-- \/ Yoast SEO plugin. -->","yoast_head_json":{"title":"Th\u01b0\u1edbc ng\u1eafm Axcel RXP\/CXP - Cung T\u00ean H\u00e0 N\u1ed9i","description":"mua cung t\u00ean th\u1ec3 thao, mua cung t\u00ean t\u1ea1i h\u00e0 n\u1ed9i, cung tr\u1ee3 l\u1ef1c, cung compound, cung t\u00ean ch\u00ednh h\u00e3ng, cung t\u00ean m\u1ea1nh,cung t\u00ean h\u00e0 n\u1ed9i, cung t\u00ean , mua cung t\u00ean S\u00e0i g\u00f2n , mua m\u0169i t\u00ean b\u1eafn cung , cung b\u1eafn bi s\u1eaft , cung t\u00ean mini","robots":{"index":"index","follow":"follow","max-snippet":"max-snippet:-1","max-image-preview":"max-image-preview:large","max-video-preview":"max-video-preview:-1"},"canonical":"https:\/\/cungtenhanoi.com\/?product=thuoc-ngam-axcel-rxpcxp","og_locale":"vi_VN","og_type":"article","og_title":"Th\u01b0\u1edbc ng\u1eafm Axcel RXP\/CXP - Cung T\u00ean H\u00e0 N\u1ed9i","og_description":"mua cung t\u00ean th\u1ec3 thao, mua cung t\u00ean t\u1ea1i h\u00e0 n\u1ed9i, cung tr\u1ee3 l\u1ef1c, cung compound, cung t\u00ean ch\u00ednh h\u00e3ng, cung t\u00ean m\u1ea1nh,cung t\u00ean h\u00e0 n\u1ed9i, cung t\u00ean , mua cung t\u00ean S\u00e0i g\u00f2n , mua m\u0169i t\u00ean b\u1eafn cung , cung b\u1eafn bi s\u1eaft , cung t\u00ean mini","og_url":"https:\/\/cungtenhanoi.com\/?product=thuoc-ngam-axcel-rxpcxp","og_site_name":"Cung T\u00ean H\u00e0 N\u1ed9i","og_image":[{"width":400,"height":400,"url":"https:\/\/cungtenhanoi.com\/wp-content\/uploads\/2021\/06\/O1CN01aRpldc27HAUem3A8f_2264407771.jpg","type":"image\/jpeg"}],"twitter_card":"summary_large_image","schema":{"@context":"https:\/\/schema.org","@graph":[{"@type":"WebPage","@id":"https:\/\/cungtenhanoi.com\/?product=thuoc-ngam-axcel-rxpcxp","url":"https:\/\/cungtenhanoi.com\/?product=thuoc-ngam-axcel-rxpcxp","name":"Th\u01b0\u1edbc ng\u1eafm Axcel RXP\/CXP - Cung T\u00ean H\u00e0 N\u1ed9i","isPartOf":{"@id":"https:\/\/cungtenhanoi.com\/#website"},"datePublished":"2021-06-05T03:51:50+00:00","dateModified":"2021-06-05T03:51:50+00:00","description":"mua cung t\u00ean th\u1ec3 thao, mua cung t\u00ean t\u1ea1i h\u00e0 n\u1ed9i, cung tr\u1ee3 l\u1ef1c, cung compound, cung t\u00ean ch\u00ednh h\u00e3ng, cung t\u00ean m\u1ea1nh,cung t\u00ean h\u00e0 n\u1ed9i, cung t\u00ean , mua cung t\u00ean S\u00e0i g\u00f2n , mua m\u0169i t\u00ean b\u1eafn cung , cung b\u1eafn bi s\u1eaft , cung t\u00ean mini","breadcrumb":{"@id":"https:\/\/cungtenhanoi.com\/?product=thuoc-ngam-axcel-rxpcxp#breadcrumb"},"inLanguage":"vi","potentialAction":[{"@type":"ReadAction","target":["https:\/\/cungtenhanoi.com\/?product=thuoc-ngam-axcel-rxpcxp"]}]},{"@type":"BreadcrumbList","@id":"https:\/\/cungtenhanoi.com\/?product=thuoc-ngam-axcel-rxpcxp#breadcrumb","itemListElement":[{"@type":"ListItem","position":1,"name":"Trang ch\u1ee7","item":"https:\/\/cungtenhanoi.com\/"},{"@type":"ListItem","position":2,"name":"Shop","item":"https:\/\/cungtenhanoi.com\/?page_id=6"},{"@type":"ListItem","position":3,"name":"Ph\u1ee5 ki\u1ec7n","item":"https:\/\/cungtenhanoi.com\/danh-muc\/phu-kien\/"},{"@type":"ListItem","position":4,"name":"Th\u01b0\u1edbc ng\u1eafm Axcel RXP\/CXP"}]},{"@type":"WebSite","@id":"https:\/\/cungtenhanoi.com\/#website","url":"https:\/\/cungtenhanoi.com\/","name":"Cung T\u00ean H\u00e0 N\u1ed9i","description":"Cung c\u1ea5p c\u00e1c lo\u1ea1i cung t\u00ean th\u1ec3 thao s\u1ed1 1 Vi\u1ec7t Nam","publisher":{"@id":"https:\/\/cungtenhanoi.com\/#organization"},"potentialAction":[{"@type":"SearchAction","target":{"@type":"EntryPoint","urlTemplate":"https:\/\/cungtenhanoi.com\/?s={search_term_string}"},"query-input":"required name=search_term_string"}],"inLanguage":"vi"},{"@type":"Organization","@id":"https:\/\/cungtenhanoi.com\/#organization","name":"Cung T\u00ean H\u00e0 N\u1ed9i","url":"https:\/\/cungtenhanoi.com\/","sameAs":[],"logo":{"@type":"ImageObject","inLanguage":"vi","@id":"https:\/\/cungtenhanoi.com\/#\/schema\/logo\/image\/","url":"https:\/\/cungtenhanoi.com\/wp-content\/uploads\/2025\/05\/logo-den-trang.jpg","contentUrl":"https:\/\/cungtenhanoi.com\/wp-content\/uploads\/2025\/05\/logo-den-trang.jpg","width":450,"height":450,"caption":"Cung T\u00ean H\u00e0 N\u1ed9i"},"image":{"@id":"https:\/\/cungtenhanoi.com\/#\/schema\/logo\/image\/"}}]}},"_links":{"self":[{"href":"https:\/\/cungtenhanoi.com\/index.php?rest_route=\/wp\/v2\/product\/1725"}],"collection":[{"href":"https:\/\/cungtenhanoi.com\/index.php?rest_route=\/wp\/v2\/product"}],"about":[{"href":"https:\/\/cungtenhanoi.com\/index.php?rest_route=\/wp\/v2\/types\/product"}],"replies":[{"embeddable":true,"href":"https:\/\/cungtenhanoi.com\/index.php?rest_route=%2Fwp%2Fv2%2Fcomments&post=1725"}],"wp:featuredmedia":[{"embeddable":true,"href":"https:\/\/cungtenhanoi.com\/index.php?rest_route=\/wp\/v2\/media\/1726"}],"wp:attachment":[{"href":"https:\/\/cungtenhanoi.com\/index.php?rest_route=%2Fwp%2Fv2%2Fmedia&parent=1725"}],"wp:term":[{"taxonomy":"product_cat","embeddable":true,"href":"https:\/\/cungtenhanoi.com\/index.php?rest_route=%2Fwp%2Fv2%2Fproduct_cat&post=1725"},{"taxonomy":"product_tag","embeddable":true,"href":"https:\/\/cungtenhanoi.com\/index.php?rest_route=%2Fwp%2Fv2%2Fproduct_tag&post=1725"}],"curies":[{"name":"wp","href":"https:\/\/api.w.org\/{rel}","templated":true}]}}