{"id":1760,"date":"2021-06-11T19:22:31","date_gmt":"2021-06-11T12:22:31","guid":{"rendered":"https:\/\/cungtenhanoi.com\/?post_type=product&#038;p=1760"},"modified":"2025-05-12T08:28:17","modified_gmt":"2025-05-12T01:28:17","slug":"gia-dat-bia-muc-tieu-har-100","status":"publish","type":"product","link":"https:\/\/cungtenhanoi.com\/?product=gia-dat-bia-muc-tieu-har-100","title":{"rendered":"Gi\u00e1 \u0111\u1eb7t bia m\u1ee5c ti\u00eau HAR-100"},"content":{"rendered":"<p style=\"text-align: center;\">Gi\u00e1 \u0111\u1eb7t bia m\u1ee5c ti\u00eau, ch\u1ea5t li\u1ec7u kim lo\u1ea1i d\u1ec5 d\u00e0ng th\u00e1o l\u1eafp di chuy\u1ec3n linh ho\u1ea1t, ti\u1ec7n l\u1ee3i mang \u0111i c\u1eafm tr\u1ea1i, d\u00e3 ngo\u1ea1i<\/p>\n<p style=\"text-align: center;\">\u1ed0ng th\u00e9p r\u1ea5t ch\u1eafc ch\u1eafn \u0111\u1ed9 b\u1ec1n cao v\u00e0 ch\u1ecbu l\u1ef1c l\u1edbn<\/p>\n<p style=\"text-align: center;\"><img loading=\"lazy\" class=\"aligncenter wp-image-1851 size-large\" src=\"https:\/\/cungtenhanoi.com\/wp-content\/uploads\/2021\/06\/29E2F127-82A0-4375-AFA6-F73C96FFBC53-768x1024.jpeg\" alt=\"\" width=\"600\" height=\"800\" srcset=\"https:\/\/cungtenhanoi.com\/wp-content\/uploads\/2021\/06\/29E2F127-82A0-4375-AFA6-F73C96FFBC53-768x1024.jpeg 768w, https:\/\/cungtenhanoi.com\/wp-content\/uploads\/2021\/06\/29E2F127-82A0-4375-AFA6-F73C96FFBC53-600x800.jpeg 600w, https:\/\/cungtenhanoi.com\/wp-content\/uploads\/2021\/06\/29E2F127-82A0-4375-AFA6-F73C96FFBC53-64x85.jpeg 64w, https:\/\/cungtenhanoi.com\/wp-content\/uploads\/2021\/06\/29E2F127-82A0-4375-AFA6-F73C96FFBC53-225x300.jpeg 225w, https:\/\/cungtenhanoi.com\/wp-content\/uploads\/2021\/06\/29E2F127-82A0-4375-AFA6-F73C96FFBC53-scaled.jpeg 1920w\" sizes=\"(max-width: 600px) 100vw, 600px\" \/> <img loading=\"lazy\" class=\"aligncenter wp-image-1852 \" src=\"https:\/\/cungtenhanoi.com\/wp-content\/uploads\/2021\/06\/E05C0D22-55B4-4FB7-867F-09B407E58265-1007x1024.jpeg\" alt=\"\" width=\"602\" height=\"612\" srcset=\"https:\/\/cungtenhanoi.com\/wp-content\/uploads\/2021\/06\/E05C0D22-55B4-4FB7-867F-09B407E58265-1007x1024.jpeg 1007w, https:\/\/cungtenhanoi.com\/wp-content\/uploads\/2021\/06\/E05C0D22-55B4-4FB7-867F-09B407E58265-600x610.jpeg 600w, https:\/\/cungtenhanoi.com\/wp-content\/uploads\/2021\/06\/E05C0D22-55B4-4FB7-867F-09B407E58265-64x65.jpeg 64w, https:\/\/cungtenhanoi.com\/wp-content\/uploads\/2021\/06\/E05C0D22-55B4-4FB7-867F-09B407E58265-295x300.jpeg 295w, https:\/\/cungtenhanoi.com\/wp-content\/uploads\/2021\/06\/E05C0D22-55B4-4FB7-867F-09B407E58265-768x781.jpeg 768w, https:\/\/cungtenhanoi.com\/wp-content\/uploads\/2021\/06\/E05C0D22-55B4-4FB7-867F-09B407E58265-45x45.jpeg 45w\" sizes=\"(max-width: 602px) 100vw, 602px\" \/> <img loading=\"lazy\" class=\"aligncenter wp-image-1853 \" src=\"https:\/\/cungtenhanoi.com\/wp-content\/uploads\/2021\/06\/3A7A7C3F-56F0-4961-ABF3-64F511EBC772-807x1024.jpeg\" alt=\"\" width=\"602\" height=\"763\" srcset=\"https:\/\/cungtenhanoi.com\/wp-content\/uploads\/2021\/06\/3A7A7C3F-56F0-4961-ABF3-64F511EBC772-807x1024.jpeg 807w, https:\/\/cungtenhanoi.com\/wp-content\/uploads\/2021\/06\/3A7A7C3F-56F0-4961-ABF3-64F511EBC772-64x81.jpeg 64w, https:\/\/cungtenhanoi.com\/wp-content\/uploads\/2021\/06\/3A7A7C3F-56F0-4961-ABF3-64F511EBC772-236x300.jpeg 236w, https:\/\/cungtenhanoi.com\/wp-content\/uploads\/2021\/06\/3A7A7C3F-56F0-4961-ABF3-64F511EBC772-768x975.jpeg 768w, https:\/\/cungtenhanoi.com\/wp-content\/uploads\/2021\/06\/3A7A7C3F-56F0-4961-ABF3-64F511EBC772-scaled.jpeg 2017w\" sizes=\"(max-width: 602px) 100vw, 602px\" \/> <img loading=\"lazy\" class=\"aligncenter wp-image-1854 size-large\" src=\"https:\/\/cungtenhanoi.com\/wp-content\/uploads\/2021\/06\/9ADB2DED-24D2-4CD4-8EE0-5AA5152C9792-768x1024.jpeg\" alt=\"\" width=\"600\" height=\"800\" srcset=\"https:\/\/cungtenhanoi.com\/wp-content\/uploads\/2021\/06\/9ADB2DED-24D2-4CD4-8EE0-5AA5152C9792-768x1024.jpeg 768w, https:\/\/cungtenhanoi.com\/wp-content\/uploads\/2021\/06\/9ADB2DED-24D2-4CD4-8EE0-5AA5152C9792-600x800.jpeg 600w, https:\/\/cungtenhanoi.com\/wp-content\/uploads\/2021\/06\/9ADB2DED-24D2-4CD4-8EE0-5AA5152C9792-64x85.jpeg 64w, https:\/\/cungtenhanoi.com\/wp-content\/uploads\/2021\/06\/9ADB2DED-24D2-4CD4-8EE0-5AA5152C9792-225x300.jpeg 225w, https:\/\/cungtenhanoi.com\/wp-content\/uploads\/2021\/06\/9ADB2DED-24D2-4CD4-8EE0-5AA5152C9792-scaled.jpeg 1920w\" sizes=\"(max-width: 600px) 100vw, 600px\" \/><img loading=\"lazy\" class=\"aligncenter size-full wp-image-1761\" src=\"https:\/\/cungtenhanoi.com\/wp-content\/uploads\/2021\/06\/O1CN01JrEy5j1GlhCD5kCiQ_1801750663.jpg_400x400.jpg\" alt=\"\" width=\"400\" height=\"400\" srcset=\"https:\/\/cungtenhanoi.com\/wp-content\/uploads\/2021\/06\/O1CN01JrEy5j1GlhCD5kCiQ_1801750663.jpg_400x400.jpg 400w, https:\/\/cungtenhanoi.com\/wp-content\/uploads\/2021\/06\/O1CN01JrEy5j1GlhCD5kCiQ_1801750663.jpg_400x400-300x300.jpg 300w, https:\/\/cungtenhanoi.com\/wp-content\/uploads\/2021\/06\/O1CN01JrEy5j1GlhCD5kCiQ_1801750663.jpg_400x400-100x100.jpg 100w, https:\/\/cungtenhanoi.com\/wp-content\/uploads\/2021\/06\/O1CN01JrEy5j1GlhCD5kCiQ_1801750663.jpg_400x400-64x64.jpg 64w\" sizes=\"(max-width: 400px) 100vw, 400px\" \/> <img loading=\"lazy\" class=\"aligncenter  wp-image-1762\" src=\"https:\/\/cungtenhanoi.com\/wp-content\/uploads\/2021\/06\/O1CN01vrDyg41GlhCKehVMx_1801750663.jpg\" alt=\"\" width=\"697\" height=\"1079\" srcset=\"https:\/\/cungtenhanoi.com\/wp-content\/uploads\/2021\/06\/O1CN01vrDyg41GlhCKehVMx_1801750663.jpg 800w, https:\/\/cungtenhanoi.com\/wp-content\/uploads\/2021\/06\/O1CN01vrDyg41GlhCKehVMx_1801750663-600x929.jpg 600w, https:\/\/cungtenhanoi.com\/wp-content\/uploads\/2021\/06\/O1CN01vrDyg41GlhCKehVMx_1801750663-64x99.jpg 64w, https:\/\/cungtenhanoi.com\/wp-content\/uploads\/2021\/06\/O1CN01vrDyg41GlhCKehVMx_1801750663-194x300.jpg 194w, https:\/\/cungtenhanoi.com\/wp-content\/uploads\/2021\/06\/O1CN01vrDyg41GlhCKehVMx_1801750663-768x1188.jpg 768w, https:\/\/cungtenhanoi.com\/wp-content\/uploads\/2021\/06\/O1CN01vrDyg41GlhCKehVMx_1801750663-662x1024.jpg 662w\" sizes=\"(max-width: 697px) 100vw, 697px\" \/> <img loading=\"lazy\" class=\"aligncenter  wp-image-1763\" src=\"https:\/\/cungtenhanoi.com\/wp-content\/uploads\/2021\/06\/O1CN016g0wui1GlhCP6i5Vw_1801750663.jpg\" alt=\"\" width=\"692\" height=\"1071\" srcset=\"https:\/\/cungtenhanoi.com\/wp-content\/uploads\/2021\/06\/O1CN016g0wui1GlhCP6i5Vw_1801750663.jpg 800w, https:\/\/cungtenhanoi.com\/wp-content\/uploads\/2021\/06\/O1CN016g0wui1GlhCP6i5Vw_1801750663-600x929.jpg 600w, https:\/\/cungtenhanoi.com\/wp-content\/uploads\/2021\/06\/O1CN016g0wui1GlhCP6i5Vw_1801750663-64x99.jpg 64w\" sizes=\"(max-width: 692px) 100vw, 692px\" \/><\/p>\n","protected":false},"excerpt":{"rendered":"<p>Gi\u00e1 \u0111\u1eb7t bia m\u1ee5c ti\u00eau, ch\u1ea5t li\u1ec7u kim lo\u1ea1i d\u1ec5 d\u00e0ng th\u00e1o l\u1eafp di chuy\u1ec3n linh ho\u1ea1t, ti\u1ec7n l\u1ee3i mang \u0111i c\u1eafm tr\u1ea1i, d\u00e3 ngo\u1ea1i \u1ed0ng th\u00e9p r\u1ea5t ch\u1eafc ch\u1eafn \u0111\u1ed9 b\u1ec1n cao v\u00e0 ch\u1ecbu l\u1ef1c l\u1edbn<\/p>\n","protected":false},"featured_media":1763,"comment_status":"open","ping_status":"closed","template":"","meta":[],"product_cat":[20],"product_tag":[198,405,404,254],"acf":[],"yoast_head":"<!-- This site is optimized with the Yoast SEO plugin v19.8 - https:\/\/yoast.com\/wordpress\/plugins\/seo\/ -->\n<title>Gi\u00e1 \u0111\u1eb7t bia m\u1ee5c ti\u00eau HAR-100 - Cung T\u00ean H\u00e0 N\u1ed9i<\/title>\n<meta name=\"description\" content=\"Mua cung t\u00ean th\u1ec3 thao, Mua cung t\u00ean t\u1ea1i h\u00e0 n\u1ed9i, Cung tr\u1ee3 l\u1ef1c, Cung compound, Cung t\u00ean ch\u00ednh h\u00e3ng, , Cung t\u00ean h\u00e0 n\u1ed9i, Cung t\u00ean , Mua cung t\u00ean S\u00e0i g\u00f2n , Mua m\u0169i t\u00ean b\u1eafn cung , Cung b\u1eafn bi s\u1eaft , cung t\u00ean mini, Cung truy\u1ec1n th\u1ed1ng, Cung c\u1ed5 \u0111i\u1ec3n, Cung trang tr\u00ed, Cung tr\u01b0ng b\u00e0y, cung t\u00ean m\u1ea1nh, mua ph\u1ee5 ki\u1ec7n b\u1eafn cung, m\u0169i t\u00ean, m\u0169i t\u00ean cacbon, eston x10, ch\u1ed1ng rung, th\u0103ng b\u1eb1ng, stabilizer, ch\u00e2n \u0111\u1eb7t bia b\u1eafn cung\" \/>\n<meta name=\"robots\" content=\"index, follow, max-snippet:-1, max-image-preview:large, max-video-preview:-1\" \/>\n<link rel=\"canonical\" href=\"https:\/\/cungtenhanoi.com\/?product=gia-dat-bia-muc-tieu-har-100\" \/>\n<meta property=\"og:locale\" content=\"vi_VN\" \/>\n<meta property=\"og:type\" content=\"article\" \/>\n<meta property=\"og:title\" content=\"Mua gi\u00e1 \u0111\u1eb7t bia b\u1eafn cung\" \/>\n<meta property=\"og:description\" content=\"Mua gi\u00e1 \u0111\u1eb7t bia b\u1eafn cung t\u1ea1i H\u00e0 N\u1ed9i #cungtenhanoi\" \/>\n<meta property=\"og:url\" content=\"https:\/\/cungtenhanoi.com\/?product=gia-dat-bia-muc-tieu-har-100\" \/>\n<meta property=\"og:site_name\" content=\"Cung T\u00ean H\u00e0 N\u1ed9i\" \/>\n<meta property=\"article:modified_time\" content=\"2025-05-12T01:28:17+00:00\" \/>\n<meta property=\"og:image\" content=\"https:\/\/cungtenhanoi.com\/wp-content\/uploads\/2021\/06\/29E2F127-82A0-4375-AFA6-F73C96FFBC53-scaled.jpg\" \/>\n\t<meta property=\"og:image:width\" content=\"1920\" \/>\n\t<meta property=\"og:image:height\" content=\"2560\" \/>\n\t<meta property=\"og:image:type\" content=\"image\/jpeg\" \/>\n<meta name=\"twitter:card\" content=\"summary_large_image\" \/>\n<meta name=\"twitter:label1\" content=\"\u01af\u1edbc t\u00ednh th\u1eddi gian \u0111\u1ecdc\" \/>\n\t<meta name=\"twitter:data1\" content=\"2 ph\u00fat\" \/>\n<script type=\"application\/ld+json\" class=\"yoast-schema-graph\">{\"@context\":\"https:\/\/schema.org\",\"@graph\":[{\"@type\":\"WebPage\",\"@id\":\"https:\/\/cungtenhanoi.com\/?product=gia-dat-bia-muc-tieu-har-100\",\"url\":\"https:\/\/cungtenhanoi.com\/?product=gia-dat-bia-muc-tieu-har-100\",\"name\":\"Gi\u00e1 \u0111\u1eb7t bia m\u1ee5c ti\u00eau HAR-100 - Cung T\u00ean H\u00e0 N\u1ed9i\",\"isPartOf\":{\"@id\":\"https:\/\/cungtenhanoi.com\/#website\"},\"datePublished\":\"2021-06-11T12:22:31+00:00\",\"dateModified\":\"2025-05-12T01:28:17+00:00\",\"description\":\"Mua cung t\u00ean th\u1ec3 thao, Mua cung t\u00ean t\u1ea1i h\u00e0 n\u1ed9i, Cung tr\u1ee3 l\u1ef1c, Cung compound, Cung t\u00ean ch\u00ednh h\u00e3ng, , Cung t\u00ean h\u00e0 n\u1ed9i, Cung t\u00ean , Mua cung t\u00ean S\u00e0i g\u00f2n , Mua m\u0169i t\u00ean b\u1eafn cung , Cung b\u1eafn bi s\u1eaft , cung t\u00ean mini, Cung truy\u1ec1n th\u1ed1ng, Cung c\u1ed5 \u0111i\u1ec3n, Cung trang tr\u00ed, Cung tr\u01b0ng b\u00e0y, cung t\u00ean m\u1ea1nh, mua ph\u1ee5 ki\u1ec7n b\u1eafn cung, m\u0169i t\u00ean, m\u0169i t\u00ean cacbon, eston x10, ch\u1ed1ng rung, th\u0103ng b\u1eb1ng, stabilizer, ch\u00e2n \u0111\u1eb7t bia b\u1eafn cung\",\"breadcrumb\":{\"@id\":\"https:\/\/cungtenhanoi.com\/?product=gia-dat-bia-muc-tieu-har-100#breadcrumb\"},\"inLanguage\":\"vi\",\"potentialAction\":[{\"@type\":\"ReadAction\",\"target\":[\"https:\/\/cungtenhanoi.com\/?product=gia-dat-bia-muc-tieu-har-100\"]}]},{\"@type\":\"BreadcrumbList\",\"@id\":\"https:\/\/cungtenhanoi.com\/?product=gia-dat-bia-muc-tieu-har-100#breadcrumb\",\"itemListElement\":[{\"@type\":\"ListItem\",\"position\":1,\"name\":\"Trang ch\u1ee7\",\"item\":\"https:\/\/cungtenhanoi.com\/\"},{\"@type\":\"ListItem\",\"position\":2,\"name\":\"Shop\",\"item\":\"https:\/\/cungtenhanoi.com\/?page_id=6\"},{\"@type\":\"ListItem\",\"position\":3,\"name\":\"Ph\u1ee5 ki\u1ec7n\",\"item\":\"https:\/\/cungtenhanoi.com\/danh-muc\/phu-kien\/\"},{\"@type\":\"ListItem\",\"position\":4,\"name\":\"Gi\u00e1 \u0111\u1eb7t bia m\u1ee5c ti\u00eau HAR-100\"}]},{\"@type\":\"WebSite\",\"@id\":\"https:\/\/cungtenhanoi.com\/#website\",\"url\":\"https:\/\/cungtenhanoi.com\/\",\"name\":\"Cung T\u00ean H\u00e0 N\u1ed9i\",\"description\":\"Cung c\u1ea5p c\u00e1c lo\u1ea1i cung t\u00ean th\u1ec3 thao s\u1ed1 1 Vi\u1ec7t Nam\",\"publisher\":{\"@id\":\"https:\/\/cungtenhanoi.com\/#organization\"},\"potentialAction\":[{\"@type\":\"SearchAction\",\"target\":{\"@type\":\"EntryPoint\",\"urlTemplate\":\"https:\/\/cungtenhanoi.com\/?s={search_term_string}\"},\"query-input\":\"required name=search_term_string\"}],\"inLanguage\":\"vi\"},{\"@type\":\"Organization\",\"@id\":\"https:\/\/cungtenhanoi.com\/#organization\",\"name\":\"Cung T\u00ean H\u00e0 N\u1ed9i\",\"url\":\"https:\/\/cungtenhanoi.com\/\",\"sameAs\":[],\"logo\":{\"@type\":\"ImageObject\",\"inLanguage\":\"vi\",\"@id\":\"https:\/\/cungtenhanoi.com\/#\/schema\/logo\/image\/\",\"url\":\"https:\/\/cungtenhanoi.com\/wp-content\/uploads\/2025\/05\/logo-den-trang.jpg\",\"contentUrl\":\"https:\/\/cungtenhanoi.com\/wp-content\/uploads\/2025\/05\/logo-den-trang.jpg\",\"width\":450,\"height\":450,\"caption\":\"Cung T\u00ean H\u00e0 N\u1ed9i\"},\"image\":{\"@id\":\"https:\/\/cungtenhanoi.com\/#\/schema\/logo\/image\/\"}}]}<\/script>\n<!-- \/ Yoast SEO plugin. -->","yoast_head_json":{"title":"Gi\u00e1 \u0111\u1eb7t bia m\u1ee5c ti\u00eau HAR-100 - Cung T\u00ean H\u00e0 N\u1ed9i","description":"Mua cung t\u00ean th\u1ec3 thao, Mua cung t\u00ean t\u1ea1i h\u00e0 n\u1ed9i, Cung tr\u1ee3 l\u1ef1c, Cung compound, Cung t\u00ean ch\u00ednh h\u00e3ng, , Cung t\u00ean h\u00e0 n\u1ed9i, Cung t\u00ean , Mua cung t\u00ean S\u00e0i g\u00f2n , Mua m\u0169i t\u00ean b\u1eafn cung , Cung b\u1eafn bi s\u1eaft , cung t\u00ean mini, Cung truy\u1ec1n th\u1ed1ng, Cung c\u1ed5 \u0111i\u1ec3n, Cung trang tr\u00ed, Cung tr\u01b0ng b\u00e0y, cung t\u00ean m\u1ea1nh, mua ph\u1ee5 ki\u1ec7n b\u1eafn cung, m\u0169i t\u00ean, m\u0169i t\u00ean cacbon, eston x10, ch\u1ed1ng rung, th\u0103ng b\u1eb1ng, stabilizer, ch\u00e2n \u0111\u1eb7t bia b\u1eafn cung","robots":{"index":"index","follow":"follow","max-snippet":"max-snippet:-1","max-image-preview":"max-image-preview:large","max-video-preview":"max-video-preview:-1"},"canonical":"https:\/\/cungtenhanoi.com\/?product=gia-dat-bia-muc-tieu-har-100","og_locale":"vi_VN","og_type":"article","og_title":"Mua gi\u00e1 \u0111\u1eb7t bia b\u1eafn cung","og_description":"Mua gi\u00e1 \u0111\u1eb7t bia b\u1eafn cung t\u1ea1i H\u00e0 N\u1ed9i #cungtenhanoi","og_url":"https:\/\/cungtenhanoi.com\/?product=gia-dat-bia-muc-tieu-har-100","og_site_name":"Cung T\u00ean H\u00e0 N\u1ed9i","article_modified_time":"2025-05-12T01:28:17+00:00","og_image":[{"width":1920,"height":2560,"url":"https:\/\/cungtenhanoi.com\/wp-content\/uploads\/2021\/06\/29E2F127-82A0-4375-AFA6-F73C96FFBC53-scaled.jpg","type":"image\/jpeg"}],"twitter_card":"summary_large_image","twitter_misc":{"\u01af\u1edbc t\u00ednh th\u1eddi gian \u0111\u1ecdc":"2 ph\u00fat"},"schema":{"@context":"https:\/\/schema.org","@graph":[{"@type":"WebPage","@id":"https:\/\/cungtenhanoi.com\/?product=gia-dat-bia-muc-tieu-har-100","url":"https:\/\/cungtenhanoi.com\/?product=gia-dat-bia-muc-tieu-har-100","name":"Gi\u00e1 \u0111\u1eb7t bia m\u1ee5c ti\u00eau HAR-100 - Cung T\u00ean H\u00e0 N\u1ed9i","isPartOf":{"@id":"https:\/\/cungtenhanoi.com\/#website"},"datePublished":"2021-06-11T12:22:31+00:00","dateModified":"2025-05-12T01:28:17+00:00","description":"Mua cung t\u00ean th\u1ec3 thao, Mua cung t\u00ean t\u1ea1i h\u00e0 n\u1ed9i, Cung tr\u1ee3 l\u1ef1c, Cung compound, Cung t\u00ean ch\u00ednh h\u00e3ng, , Cung t\u00ean h\u00e0 n\u1ed9i, Cung t\u00ean , Mua cung t\u00ean S\u00e0i g\u00f2n , Mua m\u0169i t\u00ean b\u1eafn cung , Cung b\u1eafn bi s\u1eaft , cung t\u00ean mini, Cung truy\u1ec1n th\u1ed1ng, Cung c\u1ed5 \u0111i\u1ec3n, Cung trang tr\u00ed, Cung tr\u01b0ng b\u00e0y, cung t\u00ean m\u1ea1nh, mua ph\u1ee5 ki\u1ec7n b\u1eafn cung, m\u0169i t\u00ean, m\u0169i t\u00ean cacbon, eston x10, ch\u1ed1ng rung, th\u0103ng b\u1eb1ng, stabilizer, ch\u00e2n \u0111\u1eb7t bia b\u1eafn cung","breadcrumb":{"@id":"https:\/\/cungtenhanoi.com\/?product=gia-dat-bia-muc-tieu-har-100#breadcrumb"},"inLanguage":"vi","potentialAction":[{"@type":"ReadAction","target":["https:\/\/cungtenhanoi.com\/?product=gia-dat-bia-muc-tieu-har-100"]}]},{"@type":"BreadcrumbList","@id":"https:\/\/cungtenhanoi.com\/?product=gia-dat-bia-muc-tieu-har-100#breadcrumb","itemListElement":[{"@type":"ListItem","position":1,"name":"Trang ch\u1ee7","item":"https:\/\/cungtenhanoi.com\/"},{"@type":"ListItem","position":2,"name":"Shop","item":"https:\/\/cungtenhanoi.com\/?page_id=6"},{"@type":"ListItem","position":3,"name":"Ph\u1ee5 ki\u1ec7n","item":"https:\/\/cungtenhanoi.com\/danh-muc\/phu-kien\/"},{"@type":"ListItem","position":4,"name":"Gi\u00e1 \u0111\u1eb7t bia m\u1ee5c ti\u00eau HAR-100"}]},{"@type":"WebSite","@id":"https:\/\/cungtenhanoi.com\/#website","url":"https:\/\/cungtenhanoi.com\/","name":"Cung T\u00ean H\u00e0 N\u1ed9i","description":"Cung c\u1ea5p c\u00e1c lo\u1ea1i cung t\u00ean th\u1ec3 thao s\u1ed1 1 Vi\u1ec7t Nam","publisher":{"@id":"https:\/\/cungtenhanoi.com\/#organization"},"potentialAction":[{"@type":"SearchAction","target":{"@type":"EntryPoint","urlTemplate":"https:\/\/cungtenhanoi.com\/?s={search_term_string}"},"query-input":"required name=search_term_string"}],"inLanguage":"vi"},{"@type":"Organization","@id":"https:\/\/cungtenhanoi.com\/#organization","name":"Cung T\u00ean H\u00e0 N\u1ed9i","url":"https:\/\/cungtenhanoi.com\/","sameAs":[],"logo":{"@type":"ImageObject","inLanguage":"vi","@id":"https:\/\/cungtenhanoi.com\/#\/schema\/logo\/image\/","url":"https:\/\/cungtenhanoi.com\/wp-content\/uploads\/2025\/05\/logo-den-trang.jpg","contentUrl":"https:\/\/cungtenhanoi.com\/wp-content\/uploads\/2025\/05\/logo-den-trang.jpg","width":450,"height":450,"caption":"Cung T\u00ean H\u00e0 N\u1ed9i"},"image":{"@id":"https:\/\/cungtenhanoi.com\/#\/schema\/logo\/image\/"}}]}},"_links":{"self":[{"href":"https:\/\/cungtenhanoi.com\/index.php?rest_route=\/wp\/v2\/product\/1760"}],"collection":[{"href":"https:\/\/cungtenhanoi.com\/index.php?rest_route=\/wp\/v2\/product"}],"about":[{"href":"https:\/\/cungtenhanoi.com\/index.php?rest_route=\/wp\/v2\/types\/product"}],"replies":[{"embeddable":true,"href":"https:\/\/cungtenhanoi.com\/index.php?rest_route=%2Fwp%2Fv2%2Fcomments&post=1760"}],"wp:featuredmedia":[{"embeddable":true,"href":"https:\/\/cungtenhanoi.com\/index.php?rest_route=\/wp\/v2\/media\/1763"}],"wp:attachment":[{"href":"https:\/\/cungtenhanoi.com\/index.php?rest_route=%2Fwp%2Fv2%2Fmedia&parent=1760"}],"wp:term":[{"taxonomy":"product_cat","embeddable":true,"href":"https:\/\/cungtenhanoi.com\/index.php?rest_route=%2Fwp%2Fv2%2Fproduct_cat&post=1760"},{"taxonomy":"product_tag","embeddable":true,"href":"https:\/\/cungtenhanoi.com\/index.php?rest_route=%2Fwp%2Fv2%2Fproduct_tag&post=1760"}],"curies":[{"name":"wp","href":"https:\/\/api.w.org\/{rel}","templated":true}]}}