{"id":1771,"date":"2021-06-16T19:03:06","date_gmt":"2021-06-16T12:03:06","guid":{"rendered":"https:\/\/cungtenhanoi.com\/?post_type=product&#038;p=1771"},"modified":"2025-05-12T08:25:31","modified_gmt":"2025-05-12T01:25:31","slug":"cung-ba-tu-crabbow","status":"publish","type":"product","link":"https:\/\/cungtenhanoi.com\/?product=cung-ba-tu-crabbow","title":{"rendered":"Cung Ba T\u01b0 CrabBow"},"content":{"rendered":"<p style=\"text-align: center;\"><strong>T\u00ean s\u1ea3n ph\u1ea9m:<\/strong>\u00a0Crab Bow<\/p>\n<p style=\"text-align: center;\"><strong>Chi\u1ec1u d\u00e0i d\u00e2y qu\u1ea5n:<\/strong>\u00a0123cm<br \/>\n<strong>Chi\u1ec1u d\u00e0i d\u00e2y:<\/strong>\u00a0122cm<br \/>\n<strong>Ch\u1ea5t li\u1ec7u: C<\/strong>ung b\u1eb1ng s\u1ee3i th\u1ee7y tinh k\u1ebft h\u1ee3p g\u1ed7 phong B\u1eafc M\u1ef9 b\u1ecdc da b\u00f2, \u0111i\u1ec3m \u0111\u1eb7t m\u0169i t\u00ean l\u00e0 da c\u00e1 ng\u1ecdc trai<br \/>\n<strong>Kho\u1ea3ng c\u00e1ch k\u00e9o t\u1ed1i \u0111a:<\/strong>\u00a030 inch<\/p>\n<p style=\"text-align: center;\">\u00a0 \u00a0 \u00a0 \u00a0Cung cua l\u00e0 t\u00ean g\u1ecdi kh\u00e1c c\u1ee7a cung Ba T\u01b0, \u0111\u01b0\u1ee3c \u0111\u1eb7t t\u00ean l\u00e0 cung cua v\u00ec v\u1ebb ngo\u00e0i c\u1ee7a n\u00f3.\u00a0Nguy\u00ean t\u1eafc c\u1ee7a n\u00f3 t\u01b0\u01a1ng t\u1ef1 nh\u01b0 cung Th\u1ed5 Nh\u0129 K\u1ef3, cung Tatar v\u00e0 cung \u0111\u1ea7u nh\u1ecf. Ch\u00fang thu\u1ed9c cung \u0111\u1ea7u nh\u1ecf. Ph\u1ea7n d\u01b0\u1edbi c\u1ee7a Crab bow \u0111\u01b0\u1ee3c thu l\u1ea1i nhi\u1ec1u h\u01a1n v\u00e0 g\u1ea7n v\u1edbi d\u00e2y. \u0110\u00e2y l\u00e0 s\u1ef1 kh\u00e1c bi\u1ec7t v\u1ec1 h\u00ecnh d\u1ea1ng cung l\u1edbn nh\u1ea5t so v\u1edbi cung nh\u1ecf v\u00e0 cung Th\u1ed5 Nh\u0129 K\u1ef3. N\u00f3 kh\u00e1c nhau trong c\u00e1c th\u1eddi k\u1ef3 kh\u00e1c nhau ho\u1eb7c kh\u00e1c nhau. Cung Ba T\u01b0 c\u1ee7a t\u1eebng cung th\u1ee7 c\u00f3 \u0111\u1ed9 d\u00e0i d\u00e2y h\u01a1i kh\u00e1c nhau.<\/p>\n<p><img loading=\"lazy\" class=\"aligncenter  wp-image-1774\" src=\"https:\/\/cungtenhanoi.com\/wp-content\/uploads\/2021\/06\/O1CN01LXTZZX2IDT2wWUSOp_2536909252-1.jpg\" alt=\"\" width=\"547\" height=\"547\" srcset=\"https:\/\/cungtenhanoi.com\/wp-content\/uploads\/2021\/06\/O1CN01LXTZZX2IDT2wWUSOp_2536909252-1.jpg 790w, https:\/\/cungtenhanoi.com\/wp-content\/uploads\/2021\/06\/O1CN01LXTZZX2IDT2wWUSOp_2536909252-1-300x300.jpg 300w, https:\/\/cungtenhanoi.com\/wp-content\/uploads\/2021\/06\/O1CN01LXTZZX2IDT2wWUSOp_2536909252-1-100x100.jpg 100w, https:\/\/cungtenhanoi.com\/wp-content\/uploads\/2021\/06\/O1CN01LXTZZX2IDT2wWUSOp_2536909252-1-600x600.jpg 600w, https:\/\/cungtenhanoi.com\/wp-content\/uploads\/2021\/06\/O1CN01LXTZZX2IDT2wWUSOp_2536909252-1-64x64.jpg 64w, https:\/\/cungtenhanoi.com\/wp-content\/uploads\/2021\/06\/O1CN01LXTZZX2IDT2wWUSOp_2536909252-1-150x150.jpg 150w, https:\/\/cungtenhanoi.com\/wp-content\/uploads\/2021\/06\/O1CN01LXTZZX2IDT2wWUSOp_2536909252-1-768x768.jpg 768w, https:\/\/cungtenhanoi.com\/wp-content\/uploads\/2021\/06\/O1CN01LXTZZX2IDT2wWUSOp_2536909252-1-180x180.jpg 180w, https:\/\/cungtenhanoi.com\/wp-content\/uploads\/2021\/06\/O1CN01LXTZZX2IDT2wWUSOp_2536909252-1-45x45.jpg 45w\" sizes=\"(max-width: 547px) 100vw, 547px\" \/> <img loading=\"lazy\" class=\"aligncenter  wp-image-1775\" src=\"https:\/\/cungtenhanoi.com\/wp-content\/uploads\/2021\/06\/O1CN01wQbm8l2IDT2pD3UV9_2536909252.jpg\" alt=\"\" width=\"558\" height=\"558\" srcset=\"https:\/\/cungtenhanoi.com\/wp-content\/uploads\/2021\/06\/O1CN01wQbm8l2IDT2pD3UV9_2536909252.jpg 790w, https:\/\/cungtenhanoi.com\/wp-content\/uploads\/2021\/06\/O1CN01wQbm8l2IDT2pD3UV9_2536909252-300x300.jpg 300w, https:\/\/cungtenhanoi.com\/wp-content\/uploads\/2021\/06\/O1CN01wQbm8l2IDT2pD3UV9_2536909252-100x100.jpg 100w, https:\/\/cungtenhanoi.com\/wp-content\/uploads\/2021\/06\/O1CN01wQbm8l2IDT2pD3UV9_2536909252-600x600.jpg 600w, https:\/\/cungtenhanoi.com\/wp-content\/uploads\/2021\/06\/O1CN01wQbm8l2IDT2pD3UV9_2536909252-64x64.jpg 64w, https:\/\/cungtenhanoi.com\/wp-content\/uploads\/2021\/06\/O1CN01wQbm8l2IDT2pD3UV9_2536909252-150x150.jpg 150w, https:\/\/cungtenhanoi.com\/wp-content\/uploads\/2021\/06\/O1CN01wQbm8l2IDT2pD3UV9_2536909252-768x768.jpg 768w, https:\/\/cungtenhanoi.com\/wp-content\/uploads\/2021\/06\/O1CN01wQbm8l2IDT2pD3UV9_2536909252-180x180.jpg 180w, https:\/\/cungtenhanoi.com\/wp-content\/uploads\/2021\/06\/O1CN01wQbm8l2IDT2pD3UV9_2536909252-45x45.jpg 45w\" sizes=\"(max-width: 558px) 100vw, 558px\" \/> <img loading=\"lazy\" class=\"aligncenter  wp-image-1772\" src=\"https:\/\/cungtenhanoi.com\/wp-content\/uploads\/2021\/06\/O1CN01AxgvL32IDT2xobXQ4_2536909252.jpg\" alt=\"\" width=\"562\" height=\"562\" srcset=\"https:\/\/cungtenhanoi.com\/wp-content\/uploads\/2021\/06\/O1CN01AxgvL32IDT2xobXQ4_2536909252.jpg 790w, https:\/\/cungtenhanoi.com\/wp-content\/uploads\/2021\/06\/O1CN01AxgvL32IDT2xobXQ4_2536909252-300x300.jpg 300w, https:\/\/cungtenhanoi.com\/wp-content\/uploads\/2021\/06\/O1CN01AxgvL32IDT2xobXQ4_2536909252-100x100.jpg 100w, https:\/\/cungtenhanoi.com\/wp-content\/uploads\/2021\/06\/O1CN01AxgvL32IDT2xobXQ4_2536909252-600x600.jpg 600w, https:\/\/cungtenhanoi.com\/wp-content\/uploads\/2021\/06\/O1CN01AxgvL32IDT2xobXQ4_2536909252-64x64.jpg 64w, https:\/\/cungtenhanoi.com\/wp-content\/uploads\/2021\/06\/O1CN01AxgvL32IDT2xobXQ4_2536909252-150x150.jpg 150w, https:\/\/cungtenhanoi.com\/wp-content\/uploads\/2021\/06\/O1CN01AxgvL32IDT2xobXQ4_2536909252-768x768.jpg 768w, https:\/\/cungtenhanoi.com\/wp-content\/uploads\/2021\/06\/O1CN01AxgvL32IDT2xobXQ4_2536909252-180x180.jpg 180w, https:\/\/cungtenhanoi.com\/wp-content\/uploads\/2021\/06\/O1CN01AxgvL32IDT2xobXQ4_2536909252-45x45.jpg 45w\" sizes=\"(max-width: 562px) 100vw, 562px\" \/><img loading=\"lazy\" class=\"aligncenter  wp-image-1773\" src=\"https:\/\/cungtenhanoi.com\/wp-content\/uploads\/2021\/06\/O1CN01iSu6HJ2IDT2rulDES_2536909252.jpg\" alt=\"\" width=\"562\" height=\"562\" srcset=\"https:\/\/cungtenhanoi.com\/wp-content\/uploads\/2021\/06\/O1CN01iSu6HJ2IDT2rulDES_2536909252.jpg 790w, https:\/\/cungtenhanoi.com\/wp-content\/uploads\/2021\/06\/O1CN01iSu6HJ2IDT2rulDES_2536909252-300x300.jpg 300w, https:\/\/cungtenhanoi.com\/wp-content\/uploads\/2021\/06\/O1CN01iSu6HJ2IDT2rulDES_2536909252-100x100.jpg 100w, https:\/\/cungtenhanoi.com\/wp-content\/uploads\/2021\/06\/O1CN01iSu6HJ2IDT2rulDES_2536909252-600x600.jpg 600w, https:\/\/cungtenhanoi.com\/wp-content\/uploads\/2021\/06\/O1CN01iSu6HJ2IDT2rulDES_2536909252-64x64.jpg 64w, https:\/\/cungtenhanoi.com\/wp-content\/uploads\/2021\/06\/O1CN01iSu6HJ2IDT2rulDES_2536909252-150x150.jpg 150w, https:\/\/cungtenhanoi.com\/wp-content\/uploads\/2021\/06\/O1CN01iSu6HJ2IDT2rulDES_2536909252-768x768.jpg 768w, https:\/\/cungtenhanoi.com\/wp-content\/uploads\/2021\/06\/O1CN01iSu6HJ2IDT2rulDES_2536909252-180x180.jpg 180w, https:\/\/cungtenhanoi.com\/wp-content\/uploads\/2021\/06\/O1CN01iSu6HJ2IDT2rulDES_2536909252-45x45.jpg 45w\" sizes=\"(max-width: 562px) 100vw, 562px\" \/><img loading=\"lazy\" class=\"aligncenter  wp-image-1776\" src=\"https:\/\/cungtenhanoi.com\/wp-content\/uploads\/2021\/06\/O1CN01yN03fT2IDT2wWUFvc_2536909252.jpg\" alt=\"\" width=\"577\" height=\"577\" srcset=\"https:\/\/cungtenhanoi.com\/wp-content\/uploads\/2021\/06\/O1CN01yN03fT2IDT2wWUFvc_2536909252.jpg 790w, https:\/\/cungtenhanoi.com\/wp-content\/uploads\/2021\/06\/O1CN01yN03fT2IDT2wWUFvc_2536909252-300x300.jpg 300w, https:\/\/cungtenhanoi.com\/wp-content\/uploads\/2021\/06\/O1CN01yN03fT2IDT2wWUFvc_2536909252-100x100.jpg 100w, https:\/\/cungtenhanoi.com\/wp-content\/uploads\/2021\/06\/O1CN01yN03fT2IDT2wWUFvc_2536909252-600x600.jpg 600w, https:\/\/cungtenhanoi.com\/wp-content\/uploads\/2021\/06\/O1CN01yN03fT2IDT2wWUFvc_2536909252-64x64.jpg 64w, https:\/\/cungtenhanoi.com\/wp-content\/uploads\/2021\/06\/O1CN01yN03fT2IDT2wWUFvc_2536909252-150x150.jpg 150w, https:\/\/cungtenhanoi.com\/wp-content\/uploads\/2021\/06\/O1CN01yN03fT2IDT2wWUFvc_2536909252-768x768.jpg 768w, https:\/\/cungtenhanoi.com\/wp-content\/uploads\/2021\/06\/O1CN01yN03fT2IDT2wWUFvc_2536909252-180x180.jpg 180w, https:\/\/cungtenhanoi.com\/wp-content\/uploads\/2021\/06\/O1CN01yN03fT2IDT2wWUFvc_2536909252-45x45.jpg 45w\" sizes=\"(max-width: 577px) 100vw, 577px\" \/> <img loading=\"lazy\" class=\"aligncenter  wp-image-1777\" src=\"https:\/\/cungtenhanoi.com\/wp-content\/uploads\/2021\/06\/O1CN01ZYu9Kj2IDT2tqOprL_2536909252.jpg\" alt=\"\" width=\"568\" height=\"568\" srcset=\"https:\/\/cungtenhanoi.com\/wp-content\/uploads\/2021\/06\/O1CN01ZYu9Kj2IDT2tqOprL_2536909252.jpg 790w, https:\/\/cungtenhanoi.com\/wp-content\/uploads\/2021\/06\/O1CN01ZYu9Kj2IDT2tqOprL_2536909252-300x300.jpg 300w, https:\/\/cungtenhanoi.com\/wp-content\/uploads\/2021\/06\/O1CN01ZYu9Kj2IDT2tqOprL_2536909252-100x100.jpg 100w, https:\/\/cungtenhanoi.com\/wp-content\/uploads\/2021\/06\/O1CN01ZYu9Kj2IDT2tqOprL_2536909252-600x600.jpg 600w, https:\/\/cungtenhanoi.com\/wp-content\/uploads\/2021\/06\/O1CN01ZYu9Kj2IDT2tqOprL_2536909252-64x64.jpg 64w, https:\/\/cungtenhanoi.com\/wp-content\/uploads\/2021\/06\/O1CN01ZYu9Kj2IDT2tqOprL_2536909252-150x150.jpg 150w, https:\/\/cungtenhanoi.com\/wp-content\/uploads\/2021\/06\/O1CN01ZYu9Kj2IDT2tqOprL_2536909252-768x768.jpg 768w, https:\/\/cungtenhanoi.com\/wp-content\/uploads\/2021\/06\/O1CN01ZYu9Kj2IDT2tqOprL_2536909252-180x180.jpg 180w, https:\/\/cungtenhanoi.com\/wp-content\/uploads\/2021\/06\/O1CN01ZYu9Kj2IDT2tqOprL_2536909252-45x45.jpg 45w\" sizes=\"(max-width: 568px) 100vw, 568px\" \/> <img loading=\"lazy\" class=\"aligncenter  wp-image-1778\" src=\"https:\/\/cungtenhanoi.com\/wp-content\/uploads\/2021\/06\/O1CN014BmIDL2IDT2riHPmk_2536909252.jpg\" alt=\"\" width=\"572\" height=\"572\" srcset=\"https:\/\/cungtenhanoi.com\/wp-content\/uploads\/2021\/06\/O1CN014BmIDL2IDT2riHPmk_2536909252.jpg 790w, https:\/\/cungtenhanoi.com\/wp-content\/uploads\/2021\/06\/O1CN014BmIDL2IDT2riHPmk_2536909252-300x300.jpg 300w, https:\/\/cungtenhanoi.com\/wp-content\/uploads\/2021\/06\/O1CN014BmIDL2IDT2riHPmk_2536909252-100x100.jpg 100w, https:\/\/cungtenhanoi.com\/wp-content\/uploads\/2021\/06\/O1CN014BmIDL2IDT2riHPmk_2536909252-600x600.jpg 600w, https:\/\/cungtenhanoi.com\/wp-content\/uploads\/2021\/06\/O1CN014BmIDL2IDT2riHPmk_2536909252-64x64.jpg 64w, https:\/\/cungtenhanoi.com\/wp-content\/uploads\/2021\/06\/O1CN014BmIDL2IDT2riHPmk_2536909252-150x150.jpg 150w, https:\/\/cungtenhanoi.com\/wp-content\/uploads\/2021\/06\/O1CN014BmIDL2IDT2riHPmk_2536909252-768x768.jpg 768w, https:\/\/cungtenhanoi.com\/wp-content\/uploads\/2021\/06\/O1CN014BmIDL2IDT2riHPmk_2536909252-180x180.jpg 180w, https:\/\/cungtenhanoi.com\/wp-content\/uploads\/2021\/06\/O1CN014BmIDL2IDT2riHPmk_2536909252-45x45.jpg 45w\" sizes=\"(max-width: 572px) 100vw, 572px\" \/> <img loading=\"lazy\" class=\"aligncenter  wp-image-1779\" src=\"https:\/\/cungtenhanoi.com\/wp-content\/uploads\/2021\/06\/O1CN0149a9tm2IDT2slxfTe_2536909252.jpg\" alt=\"\" width=\"555\" height=\"555\" srcset=\"https:\/\/cungtenhanoi.com\/wp-content\/uploads\/2021\/06\/O1CN0149a9tm2IDT2slxfTe_2536909252.jpg 790w, https:\/\/cungtenhanoi.com\/wp-content\/uploads\/2021\/06\/O1CN0149a9tm2IDT2slxfTe_2536909252-300x300.jpg 300w, https:\/\/cungtenhanoi.com\/wp-content\/uploads\/2021\/06\/O1CN0149a9tm2IDT2slxfTe_2536909252-100x100.jpg 100w, https:\/\/cungtenhanoi.com\/wp-content\/uploads\/2021\/06\/O1CN0149a9tm2IDT2slxfTe_2536909252-600x600.jpg 600w, https:\/\/cungtenhanoi.com\/wp-content\/uploads\/2021\/06\/O1CN0149a9tm2IDT2slxfTe_2536909252-64x64.jpg 64w, https:\/\/cungtenhanoi.com\/wp-content\/uploads\/2021\/06\/O1CN0149a9tm2IDT2slxfTe_2536909252-150x150.jpg 150w, https:\/\/cungtenhanoi.com\/wp-content\/uploads\/2021\/06\/O1CN0149a9tm2IDT2slxfTe_2536909252-768x768.jpg 768w, https:\/\/cungtenhanoi.com\/wp-content\/uploads\/2021\/06\/O1CN0149a9tm2IDT2slxfTe_2536909252-180x180.jpg 180w, https:\/\/cungtenhanoi.com\/wp-content\/uploads\/2021\/06\/O1CN0149a9tm2IDT2slxfTe_2536909252-45x45.jpg 45w\" sizes=\"(max-width: 555px) 100vw, 555px\" \/><\/p>\n","protected":false},"excerpt":{"rendered":"<p>T\u00ean s\u1ea3n ph\u1ea9m:\u00a0Crab Bow Chi\u1ec1u d\u00e0i d\u00e2y qu\u1ea5n:\u00a0123cm Chi\u1ec1u d\u00e0i d\u00e2y:\u00a0122cm Ch\u1ea5t li\u1ec7u: Cung b\u1eb1ng s\u1ee3i th\u1ee7y tinh k\u1ebft h\u1ee3p g\u1ed7 phong B\u1eafc M\u1ef9 b\u1ecdc da b\u00f2, \u0111i\u1ec3m \u0111\u1eb7t m\u0169i t\u00ean l\u00e0 da c\u00e1 ng\u1ecdc trai Kho\u1ea3ng c\u00e1ch k\u00e9o t\u1ed1i \u0111a:\u00a030 inch \u00a0 \u00a0 \u00a0 \u00a0Cung cua l\u00e0 t\u00ean g\u1ecdi kh\u00e1c c\u1ee7a cung Ba T\u01b0,<\/p>\n","protected":false},"featured_media":1774,"comment_status":"open","ping_status":"closed","template":"","meta":[],"product_cat":[17],"product_tag":[198,407,406,257,264,315],"acf":[],"yoast_head":"<!-- This site is optimized with the Yoast SEO plugin v19.8 - https:\/\/yoast.com\/wordpress\/plugins\/seo\/ -->\n<title>Cung Ba T\u01b0 CrabBow - Cung T\u00ean H\u00e0 N\u1ed9i<\/title>\n<meta name=\"description\" content=\"Mua cung t\u00ean th\u1ec3 thao, Mua cung t\u00ean t\u1ea1i h\u00e0 n\u1ed9i, Cung tr\u1ee3 l\u1ef1c, Cung compound, Cung t\u00ean ch\u00ednh h\u00e3ng, , Cung t\u00ean h\u00e0 n\u1ed9i, Cung t\u00ean , Mua cung t\u00ean S\u00e0i g\u00f2n , Mua m\u0169i t\u00ean b\u1eafn cung , Cung b\u1eafn bi s\u1eaft , cung t\u00ean mini, Cung truy\u1ec1n th\u1ed1ng, Cung c\u1ed5 \u0111i\u1ec3n, Cung trang tr\u00ed, Cung tr\u01b0ng b\u00e0y, cung t\u00ean m\u1ea1nh, mua ph\u1ee5 ki\u1ec7n b\u1eafn cung, m\u0169i t\u00ean, m\u0169i t\u00ean cacbon, eston x10, ch\u1ed1ng rung, th\u0103ng b\u1eb1ng, stabilizer, cung t\u00ean c\u1ed5 \u0111i\u1ec3n, classic, traditional bow, cung ba t\u01b0, cung t\u00ean ba t\u01b0\" \/>\n<meta name=\"robots\" content=\"index, follow, max-snippet:-1, max-image-preview:large, max-video-preview:-1\" \/>\n<link rel=\"canonical\" href=\"https:\/\/cungtenhanoi.com\/?product=cung-ba-tu-crabbow\" \/>\n<meta property=\"og:locale\" content=\"vi_VN\" \/>\n<meta property=\"og:type\" content=\"article\" \/>\n<meta property=\"og:title\" content=\"Mua cung t\u00ean truy\u1ec1n th\u1ed1ng t\u1ea1i H\u00e0 N\u1ed9i\" \/>\n<meta property=\"og:description\" content=\"cung truy\u1ec1n th\u1ed1ng Ba t\u01b0 #cungtenhanoi\" \/>\n<meta property=\"og:url\" content=\"https:\/\/cungtenhanoi.com\/?product=cung-ba-tu-crabbow\" \/>\n<meta property=\"og:site_name\" content=\"Cung T\u00ean H\u00e0 N\u1ed9i\" \/>\n<meta property=\"article:modified_time\" content=\"2025-05-12T01:25:31+00:00\" \/>\n<meta property=\"og:image\" content=\"https:\/\/cungtenhanoi.com\/wp-content\/uploads\/2021\/06\/O1CN01LXTZZX2IDT2wWUSOp_2536909252-1-1.jpg\" \/>\n\t<meta property=\"og:image:width\" content=\"790\" \/>\n\t<meta property=\"og:image:height\" content=\"790\" \/>\n\t<meta property=\"og:image:type\" content=\"image\/jpeg\" \/>\n<meta name=\"twitter:card\" content=\"summary_large_image\" \/>\n<meta name=\"twitter:label1\" content=\"\u01af\u1edbc t\u00ednh th\u1eddi gian \u0111\u1ecdc\" \/>\n\t<meta name=\"twitter:data1\" content=\"3 ph\u00fat\" \/>\n<script type=\"application\/ld+json\" class=\"yoast-schema-graph\">{\"@context\":\"https:\/\/schema.org\",\"@graph\":[{\"@type\":\"WebPage\",\"@id\":\"https:\/\/cungtenhanoi.com\/?product=cung-ba-tu-crabbow\",\"url\":\"https:\/\/cungtenhanoi.com\/?product=cung-ba-tu-crabbow\",\"name\":\"Cung Ba T\u01b0 CrabBow - Cung T\u00ean H\u00e0 N\u1ed9i\",\"isPartOf\":{\"@id\":\"https:\/\/cungtenhanoi.com\/#website\"},\"datePublished\":\"2021-06-16T12:03:06+00:00\",\"dateModified\":\"2025-05-12T01:25:31+00:00\",\"description\":\"Mua cung t\u00ean th\u1ec3 thao, Mua cung t\u00ean t\u1ea1i h\u00e0 n\u1ed9i, Cung tr\u1ee3 l\u1ef1c, Cung compound, Cung t\u00ean ch\u00ednh h\u00e3ng, , Cung t\u00ean h\u00e0 n\u1ed9i, Cung t\u00ean , Mua cung t\u00ean S\u00e0i g\u00f2n , Mua m\u0169i t\u00ean b\u1eafn cung , Cung b\u1eafn bi s\u1eaft , cung t\u00ean mini, Cung truy\u1ec1n th\u1ed1ng, Cung c\u1ed5 \u0111i\u1ec3n, Cung trang tr\u00ed, Cung tr\u01b0ng b\u00e0y, cung t\u00ean m\u1ea1nh, mua ph\u1ee5 ki\u1ec7n b\u1eafn cung, m\u0169i t\u00ean, m\u0169i t\u00ean cacbon, eston x10, ch\u1ed1ng rung, th\u0103ng b\u1eb1ng, stabilizer, cung t\u00ean c\u1ed5 \u0111i\u1ec3n, classic, traditional bow, cung ba t\u01b0, cung t\u00ean ba t\u01b0\",\"breadcrumb\":{\"@id\":\"https:\/\/cungtenhanoi.com\/?product=cung-ba-tu-crabbow#breadcrumb\"},\"inLanguage\":\"vi\",\"potentialAction\":[{\"@type\":\"ReadAction\",\"target\":[\"https:\/\/cungtenhanoi.com\/?product=cung-ba-tu-crabbow\"]}]},{\"@type\":\"BreadcrumbList\",\"@id\":\"https:\/\/cungtenhanoi.com\/?product=cung-ba-tu-crabbow#breadcrumb\",\"itemListElement\":[{\"@type\":\"ListItem\",\"position\":1,\"name\":\"Trang ch\u1ee7\",\"item\":\"https:\/\/cungtenhanoi.com\/\"},{\"@type\":\"ListItem\",\"position\":2,\"name\":\"Shop\",\"item\":\"https:\/\/cungtenhanoi.com\/?page_id=6\"},{\"@type\":\"ListItem\",\"position\":3,\"name\":\"Cung\",\"item\":\"https:\/\/cungtenhanoi.com\/danh-muc\/cung\/\"},{\"@type\":\"ListItem\",\"position\":4,\"name\":\"Cung Ba T\u01b0 CrabBow\"}]},{\"@type\":\"WebSite\",\"@id\":\"https:\/\/cungtenhanoi.com\/#website\",\"url\":\"https:\/\/cungtenhanoi.com\/\",\"name\":\"Cung T\u00ean H\u00e0 N\u1ed9i\",\"description\":\"Cung c\u1ea5p c\u00e1c lo\u1ea1i cung t\u00ean th\u1ec3 thao s\u1ed1 1 Vi\u1ec7t Nam\",\"publisher\":{\"@id\":\"https:\/\/cungtenhanoi.com\/#organization\"},\"potentialAction\":[{\"@type\":\"SearchAction\",\"target\":{\"@type\":\"EntryPoint\",\"urlTemplate\":\"https:\/\/cungtenhanoi.com\/?s={search_term_string}\"},\"query-input\":\"required name=search_term_string\"}],\"inLanguage\":\"vi\"},{\"@type\":\"Organization\",\"@id\":\"https:\/\/cungtenhanoi.com\/#organization\",\"name\":\"Cung T\u00ean H\u00e0 N\u1ed9i\",\"url\":\"https:\/\/cungtenhanoi.com\/\",\"sameAs\":[],\"logo\":{\"@type\":\"ImageObject\",\"inLanguage\":\"vi\",\"@id\":\"https:\/\/cungtenhanoi.com\/#\/schema\/logo\/image\/\",\"url\":\"https:\/\/cungtenhanoi.com\/wp-content\/uploads\/2025\/05\/logo-den-trang.jpg\",\"contentUrl\":\"https:\/\/cungtenhanoi.com\/wp-content\/uploads\/2025\/05\/logo-den-trang.jpg\",\"width\":450,\"height\":450,\"caption\":\"Cung T\u00ean H\u00e0 N\u1ed9i\"},\"image\":{\"@id\":\"https:\/\/cungtenhanoi.com\/#\/schema\/logo\/image\/\"}}]}<\/script>\n<!-- \/ Yoast SEO plugin. -->","yoast_head_json":{"title":"Cung Ba T\u01b0 CrabBow - Cung T\u00ean H\u00e0 N\u1ed9i","description":"Mua cung t\u00ean th\u1ec3 thao, Mua cung t\u00ean t\u1ea1i h\u00e0 n\u1ed9i, Cung tr\u1ee3 l\u1ef1c, Cung compound, Cung t\u00ean ch\u00ednh h\u00e3ng, , Cung t\u00ean h\u00e0 n\u1ed9i, Cung t\u00ean , Mua cung t\u00ean S\u00e0i g\u00f2n , Mua m\u0169i t\u00ean b\u1eafn cung , Cung b\u1eafn bi s\u1eaft , cung t\u00ean mini, Cung truy\u1ec1n th\u1ed1ng, Cung c\u1ed5 \u0111i\u1ec3n, Cung trang tr\u00ed, Cung tr\u01b0ng b\u00e0y, cung t\u00ean m\u1ea1nh, mua ph\u1ee5 ki\u1ec7n b\u1eafn cung, m\u0169i t\u00ean, m\u0169i t\u00ean cacbon, eston x10, ch\u1ed1ng rung, th\u0103ng b\u1eb1ng, stabilizer, cung t\u00ean c\u1ed5 \u0111i\u1ec3n, classic, traditional bow, cung ba t\u01b0, cung t\u00ean ba t\u01b0","robots":{"index":"index","follow":"follow","max-snippet":"max-snippet:-1","max-image-preview":"max-image-preview:large","max-video-preview":"max-video-preview:-1"},"canonical":"https:\/\/cungtenhanoi.com\/?product=cung-ba-tu-crabbow","og_locale":"vi_VN","og_type":"article","og_title":"Mua cung t\u00ean truy\u1ec1n th\u1ed1ng t\u1ea1i H\u00e0 N\u1ed9i","og_description":"cung truy\u1ec1n th\u1ed1ng Ba t\u01b0 #cungtenhanoi","og_url":"https:\/\/cungtenhanoi.com\/?product=cung-ba-tu-crabbow","og_site_name":"Cung T\u00ean H\u00e0 N\u1ed9i","article_modified_time":"2025-05-12T01:25:31+00:00","og_image":[{"width":790,"height":790,"url":"https:\/\/cungtenhanoi.com\/wp-content\/uploads\/2021\/06\/O1CN01LXTZZX2IDT2wWUSOp_2536909252-1-1.jpg","type":"image\/jpeg"}],"twitter_card":"summary_large_image","twitter_misc":{"\u01af\u1edbc t\u00ednh th\u1eddi gian \u0111\u1ecdc":"3 ph\u00fat"},"schema":{"@context":"https:\/\/schema.org","@graph":[{"@type":"WebPage","@id":"https:\/\/cungtenhanoi.com\/?product=cung-ba-tu-crabbow","url":"https:\/\/cungtenhanoi.com\/?product=cung-ba-tu-crabbow","name":"Cung Ba T\u01b0 CrabBow - Cung T\u00ean H\u00e0 N\u1ed9i","isPartOf":{"@id":"https:\/\/cungtenhanoi.com\/#website"},"datePublished":"2021-06-16T12:03:06+00:00","dateModified":"2025-05-12T01:25:31+00:00","description":"Mua cung t\u00ean th\u1ec3 thao, Mua cung t\u00ean t\u1ea1i h\u00e0 n\u1ed9i, Cung tr\u1ee3 l\u1ef1c, Cung compound, Cung t\u00ean ch\u00ednh h\u00e3ng, , Cung t\u00ean h\u00e0 n\u1ed9i, Cung t\u00ean , Mua cung t\u00ean S\u00e0i g\u00f2n , Mua m\u0169i t\u00ean b\u1eafn cung , Cung b\u1eafn bi s\u1eaft , cung t\u00ean mini, Cung truy\u1ec1n th\u1ed1ng, Cung c\u1ed5 \u0111i\u1ec3n, Cung trang tr\u00ed, Cung tr\u01b0ng b\u00e0y, cung t\u00ean m\u1ea1nh, mua ph\u1ee5 ki\u1ec7n b\u1eafn cung, m\u0169i t\u00ean, m\u0169i t\u00ean cacbon, eston x10, ch\u1ed1ng rung, th\u0103ng b\u1eb1ng, stabilizer, cung t\u00ean c\u1ed5 \u0111i\u1ec3n, classic, traditional bow, cung ba t\u01b0, cung t\u00ean ba t\u01b0","breadcrumb":{"@id":"https:\/\/cungtenhanoi.com\/?product=cung-ba-tu-crabbow#breadcrumb"},"inLanguage":"vi","potentialAction":[{"@type":"ReadAction","target":["https:\/\/cungtenhanoi.com\/?product=cung-ba-tu-crabbow"]}]},{"@type":"BreadcrumbList","@id":"https:\/\/cungtenhanoi.com\/?product=cung-ba-tu-crabbow#breadcrumb","itemListElement":[{"@type":"ListItem","position":1,"name":"Trang ch\u1ee7","item":"https:\/\/cungtenhanoi.com\/"},{"@type":"ListItem","position":2,"name":"Shop","item":"https:\/\/cungtenhanoi.com\/?page_id=6"},{"@type":"ListItem","position":3,"name":"Cung","item":"https:\/\/cungtenhanoi.com\/danh-muc\/cung\/"},{"@type":"ListItem","position":4,"name":"Cung Ba T\u01b0 CrabBow"}]},{"@type":"WebSite","@id":"https:\/\/cungtenhanoi.com\/#website","url":"https:\/\/cungtenhanoi.com\/","name":"Cung T\u00ean H\u00e0 N\u1ed9i","description":"Cung c\u1ea5p c\u00e1c lo\u1ea1i cung t\u00ean th\u1ec3 thao s\u1ed1 1 Vi\u1ec7t Nam","publisher":{"@id":"https:\/\/cungtenhanoi.com\/#organization"},"potentialAction":[{"@type":"SearchAction","target":{"@type":"EntryPoint","urlTemplate":"https:\/\/cungtenhanoi.com\/?s={search_term_string}"},"query-input":"required name=search_term_string"}],"inLanguage":"vi"},{"@type":"Organization","@id":"https:\/\/cungtenhanoi.com\/#organization","name":"Cung T\u00ean H\u00e0 N\u1ed9i","url":"https:\/\/cungtenhanoi.com\/","sameAs":[],"logo":{"@type":"ImageObject","inLanguage":"vi","@id":"https:\/\/cungtenhanoi.com\/#\/schema\/logo\/image\/","url":"https:\/\/cungtenhanoi.com\/wp-content\/uploads\/2025\/05\/logo-den-trang.jpg","contentUrl":"https:\/\/cungtenhanoi.com\/wp-content\/uploads\/2025\/05\/logo-den-trang.jpg","width":450,"height":450,"caption":"Cung T\u00ean H\u00e0 N\u1ed9i"},"image":{"@id":"https:\/\/cungtenhanoi.com\/#\/schema\/logo\/image\/"}}]}},"_links":{"self":[{"href":"https:\/\/cungtenhanoi.com\/index.php?rest_route=\/wp\/v2\/product\/1771"}],"collection":[{"href":"https:\/\/cungtenhanoi.com\/index.php?rest_route=\/wp\/v2\/product"}],"about":[{"href":"https:\/\/cungtenhanoi.com\/index.php?rest_route=\/wp\/v2\/types\/product"}],"replies":[{"embeddable":true,"href":"https:\/\/cungtenhanoi.com\/index.php?rest_route=%2Fwp%2Fv2%2Fcomments&post=1771"}],"wp:featuredmedia":[{"embeddable":true,"href":"https:\/\/cungtenhanoi.com\/index.php?rest_route=\/wp\/v2\/media\/1774"}],"wp:attachment":[{"href":"https:\/\/cungtenhanoi.com\/index.php?rest_route=%2Fwp%2Fv2%2Fmedia&parent=1771"}],"wp:term":[{"taxonomy":"product_cat","embeddable":true,"href":"https:\/\/cungtenhanoi.com\/index.php?rest_route=%2Fwp%2Fv2%2Fproduct_cat&post=1771"},{"taxonomy":"product_tag","embeddable":true,"href":"https:\/\/cungtenhanoi.com\/index.php?rest_route=%2Fwp%2Fv2%2Fproduct_tag&post=1771"}],"curies":[{"name":"wp","href":"https:\/\/api.w.org\/{rel}","templated":true}]}}