{"id":1790,"date":"2021-06-18T15:27:11","date_gmt":"2021-06-18T08:27:11","guid":{"rendered":"https:\/\/cungtenhanoi.com\/?post_type=product&#038;p=1790"},"modified":"2025-05-12T08:20:19","modified_gmt":"2025-05-12T01:20:19","slug":"tab-bicaster","status":"publish","type":"product","link":"https:\/\/cungtenhanoi.com\/?product=tab-bicaster","title":{"rendered":"Tab b\u1eafn cung Bicaster"},"content":{"rendered":"<p><img loading=\"lazy\" class=\"aligncenter size-full wp-image-1791\" src=\"https:\/\/cungtenhanoi.com\/wp-content\/uploads\/2021\/06\/O1CN01cH9aCi24XFWI10abx_2206814357400.jpg\" alt=\"\" width=\"750\" height=\"818\" srcset=\"https:\/\/cungtenhanoi.com\/wp-content\/uploads\/2021\/06\/O1CN01cH9aCi24XFWI10abx_2206814357400.jpg 750w, https:\/\/cungtenhanoi.com\/wp-content\/uploads\/2021\/06\/O1CN01cH9aCi24XFWI10abx_2206814357400-600x654.jpg 600w, https:\/\/cungtenhanoi.com\/wp-content\/uploads\/2021\/06\/O1CN01cH9aCi24XFWI10abx_2206814357400-64x70.jpg 64w, https:\/\/cungtenhanoi.com\/wp-content\/uploads\/2021\/06\/O1CN01cH9aCi24XFWI10abx_2206814357400-275x300.jpg 275w\" sizes=\"(max-width: 750px) 100vw, 750px\" \/> <img loading=\"lazy\" class=\"aligncenter size-full wp-image-1792\" src=\"https:\/\/cungtenhanoi.com\/wp-content\/uploads\/2021\/06\/O1CN01LFHXsb24XFWMtHBL1_2206814357400.jpg\" alt=\"\" width=\"745\" height=\"555\" srcset=\"https:\/\/cungtenhanoi.com\/wp-content\/uploads\/2021\/06\/O1CN01LFHXsb24XFWMtHBL1_2206814357400.jpg 745w, https:\/\/cungtenhanoi.com\/wp-content\/uploads\/2021\/06\/O1CN01LFHXsb24XFWMtHBL1_2206814357400-600x447.jpg 600w, https:\/\/cungtenhanoi.com\/wp-content\/uploads\/2021\/06\/O1CN01LFHXsb24XFWMtHBL1_2206814357400-64x48.jpg 64w\" sizes=\"(max-width: 745px) 100vw, 745px\" \/> <img loading=\"lazy\" class=\"aligncenter size-full wp-image-1793\" src=\"https:\/\/cungtenhanoi.com\/wp-content\/uploads\/2021\/06\/O1CN01XX6bSv24XFWK7jjgX_2206814357400.jpg\" alt=\"\" width=\"702\" height=\"446\" srcset=\"https:\/\/cungtenhanoi.com\/wp-content\/uploads\/2021\/06\/O1CN01XX6bSv24XFWK7jjgX_2206814357400.jpg 702w, https:\/\/cungtenhanoi.com\/wp-content\/uploads\/2021\/06\/O1CN01XX6bSv24XFWK7jjgX_2206814357400-600x381.jpg 600w, https:\/\/cungtenhanoi.com\/wp-content\/uploads\/2021\/06\/O1CN01XX6bSv24XFWK7jjgX_2206814357400-64x41.jpg 64w\" sizes=\"(max-width: 702px) 100vw, 702px\" \/> <img loading=\"lazy\" class=\"aligncenter size-full wp-image-1794\" src=\"https:\/\/cungtenhanoi.com\/wp-content\/uploads\/2021\/06\/O1CN019n753n24XFW8rrn5g_2206814357400.jpg\" alt=\"\" width=\"750\" height=\"679\" srcset=\"https:\/\/cungtenhanoi.com\/wp-content\/uploads\/2021\/06\/O1CN019n753n24XFW8rrn5g_2206814357400.jpg 750w, https:\/\/cungtenhanoi.com\/wp-content\/uploads\/2021\/06\/O1CN019n753n24XFW8rrn5g_2206814357400-600x543.jpg 600w, https:\/\/cungtenhanoi.com\/wp-content\/uploads\/2021\/06\/O1CN019n753n24XFW8rrn5g_2206814357400-64x58.jpg 64w, https:\/\/cungtenhanoi.com\/wp-content\/uploads\/2021\/06\/O1CN019n753n24XFW8rrn5g_2206814357400-300x272.jpg 300w\" sizes=\"(max-width: 750px) 100vw, 750px\" \/> <img loading=\"lazy\" class=\"aligncenter size-full wp-image-1795\" src=\"https:\/\/cungtenhanoi.com\/wp-content\/uploads\/2021\/06\/O1CN0116LMdg24XFWJ69bFR_2206814357400.jpg\" alt=\"\" width=\"747\" height=\"416\" srcset=\"https:\/\/cungtenhanoi.com\/wp-content\/uploads\/2021\/06\/O1CN0116LMdg24XFWJ69bFR_2206814357400.jpg 747w, https:\/\/cungtenhanoi.com\/wp-content\/uploads\/2021\/06\/O1CN0116LMdg24XFWJ69bFR_2206814357400-600x334.jpg 600w, https:\/\/cungtenhanoi.com\/wp-content\/uploads\/2021\/06\/O1CN0116LMdg24XFWJ69bFR_2206814357400-64x36.jpg 64w, https:\/\/cungtenhanoi.com\/wp-content\/uploads\/2021\/06\/O1CN0116LMdg24XFWJ69bFR_2206814357400-300x167.jpg 300w\" sizes=\"(max-width: 747px) 100vw, 747px\" \/><\/p>\n","protected":false},"excerpt":{"rendered":"","protected":false},"featured_media":1792,"comment_status":"open","ping_status":"closed","template":"","meta":[],"product_cat":[20],"product_tag":[198,384,86,257,170,254,95],"acf":[],"yoast_head":"<!-- This site is optimized with the Yoast SEO plugin v19.8 - https:\/\/yoast.com\/wordpress\/plugins\/seo\/ -->\n<title>Tab b\u1eafn cung Bicaster - Cung T\u00ean H\u00e0 N\u1ed9i<\/title>\n<meta name=\"description\" content=\"Mua cung t\u00ean th\u1ec3 thao, Mua cung t\u00ean t\u1ea1i h\u00e0 n\u1ed9i, Cung tr\u1ee3 l\u1ef1c, Cung compound, Cung t\u00ean ch\u00ednh h\u00e3ng, , Cung t\u00ean h\u00e0 n\u1ed9i, Cung t\u00ean , Mua cung t\u00ean S\u00e0i g\u00f2n , Mua m\u0169i t\u00ean b\u1eafn cung , Cung b\u1eafn bi s\u1eaft , cung t\u00ean mini, Cung truy\u1ec1n th\u1ed1ng, Cung c\u1ed5 \u0111i\u1ec3n, Cung trang tr\u00ed, Cung tr\u01b0ng b\u00e0y, cung t\u00ean m\u1ea1nh, mua ph\u1ee5 ki\u1ec7n b\u1eafn cung, m\u0169i t\u00ean, m\u0169i t\u00ean cacbon, eston x10, ch\u1ed1ng rung, th\u0103ng b\u1eb1ng, stabilizer, cung t\u00ean c\u1ed5 \u0111i\u1ec3n, classic, traditional bow, ab2280, bearpaw\" \/>\n<meta name=\"robots\" content=\"index, follow, max-snippet:-1, max-image-preview:large, max-video-preview:-1\" \/>\n<link rel=\"canonical\" href=\"https:\/\/cungtenhanoi.com\/?product=tab-bicaster\" \/>\n<meta property=\"og:locale\" content=\"vi_VN\" \/>\n<meta property=\"og:type\" content=\"article\" \/>\n<meta property=\"og:title\" content=\"Mua tab b\u1eafn cung\" \/>\n<meta property=\"og:description\" content=\"mua tab b\u1eafn cung Bicaster\" \/>\n<meta property=\"og:url\" content=\"https:\/\/cungtenhanoi.com\/?product=tab-bicaster\" \/>\n<meta property=\"og:site_name\" content=\"Cung T\u00ean H\u00e0 N\u1ed9i\" \/>\n<meta property=\"article:modified_time\" content=\"2025-05-12T01:20:19+00:00\" \/>\n<meta property=\"og:image\" content=\"https:\/\/cungtenhanoi.com\/wp-content\/uploads\/2021\/06\/O1CN01XX6bSv24XFWK7jjgX_2206814357400-1.jpg\" \/>\n\t<meta property=\"og:image:width\" content=\"702\" \/>\n\t<meta property=\"og:image:height\" content=\"446\" \/>\n\t<meta property=\"og:image:type\" content=\"image\/jpeg\" \/>\n<meta name=\"twitter:card\" content=\"summary_large_image\" \/>\n<meta name=\"twitter:label1\" content=\"\u01af\u1edbc t\u00ednh th\u1eddi gian \u0111\u1ecdc\" \/>\n\t<meta name=\"twitter:data1\" content=\"1 ph\u00fat\" \/>\n<script type=\"application\/ld+json\" class=\"yoast-schema-graph\">{\"@context\":\"https:\/\/schema.org\",\"@graph\":[{\"@type\":\"WebPage\",\"@id\":\"https:\/\/cungtenhanoi.com\/?product=tab-bicaster\",\"url\":\"https:\/\/cungtenhanoi.com\/?product=tab-bicaster\",\"name\":\"Tab b\u1eafn cung Bicaster - Cung T\u00ean H\u00e0 N\u1ed9i\",\"isPartOf\":{\"@id\":\"https:\/\/cungtenhanoi.com\/#website\"},\"datePublished\":\"2021-06-18T08:27:11+00:00\",\"dateModified\":\"2025-05-12T01:20:19+00:00\",\"description\":\"Mua cung t\u00ean th\u1ec3 thao, Mua cung t\u00ean t\u1ea1i h\u00e0 n\u1ed9i, Cung tr\u1ee3 l\u1ef1c, Cung compound, Cung t\u00ean ch\u00ednh h\u00e3ng, , Cung t\u00ean h\u00e0 n\u1ed9i, Cung t\u00ean , Mua cung t\u00ean S\u00e0i g\u00f2n , Mua m\u0169i t\u00ean b\u1eafn cung , Cung b\u1eafn bi s\u1eaft , cung t\u00ean mini, Cung truy\u1ec1n th\u1ed1ng, Cung c\u1ed5 \u0111i\u1ec3n, Cung trang tr\u00ed, Cung tr\u01b0ng b\u00e0y, cung t\u00ean m\u1ea1nh, mua ph\u1ee5 ki\u1ec7n b\u1eafn cung, m\u0169i t\u00ean, m\u0169i t\u00ean cacbon, eston x10, ch\u1ed1ng rung, th\u0103ng b\u1eb1ng, stabilizer, cung t\u00ean c\u1ed5 \u0111i\u1ec3n, classic, traditional bow, ab2280, bearpaw\",\"breadcrumb\":{\"@id\":\"https:\/\/cungtenhanoi.com\/?product=tab-bicaster#breadcrumb\"},\"inLanguage\":\"vi\",\"potentialAction\":[{\"@type\":\"ReadAction\",\"target\":[\"https:\/\/cungtenhanoi.com\/?product=tab-bicaster\"]}]},{\"@type\":\"BreadcrumbList\",\"@id\":\"https:\/\/cungtenhanoi.com\/?product=tab-bicaster#breadcrumb\",\"itemListElement\":[{\"@type\":\"ListItem\",\"position\":1,\"name\":\"Trang ch\u1ee7\",\"item\":\"https:\/\/cungtenhanoi.com\/\"},{\"@type\":\"ListItem\",\"position\":2,\"name\":\"Shop\",\"item\":\"https:\/\/cungtenhanoi.com\/?page_id=6\"},{\"@type\":\"ListItem\",\"position\":3,\"name\":\"Ph\u1ee5 ki\u1ec7n\",\"item\":\"https:\/\/cungtenhanoi.com\/danh-muc\/phu-kien\/\"},{\"@type\":\"ListItem\",\"position\":4,\"name\":\"Tab b\u1eafn cung Bicaster\"}]},{\"@type\":\"WebSite\",\"@id\":\"https:\/\/cungtenhanoi.com\/#website\",\"url\":\"https:\/\/cungtenhanoi.com\/\",\"name\":\"Cung T\u00ean H\u00e0 N\u1ed9i\",\"description\":\"Cung c\u1ea5p c\u00e1c lo\u1ea1i cung t\u00ean th\u1ec3 thao s\u1ed1 1 Vi\u1ec7t Nam\",\"publisher\":{\"@id\":\"https:\/\/cungtenhanoi.com\/#organization\"},\"potentialAction\":[{\"@type\":\"SearchAction\",\"target\":{\"@type\":\"EntryPoint\",\"urlTemplate\":\"https:\/\/cungtenhanoi.com\/?s={search_term_string}\"},\"query-input\":\"required name=search_term_string\"}],\"inLanguage\":\"vi\"},{\"@type\":\"Organization\",\"@id\":\"https:\/\/cungtenhanoi.com\/#organization\",\"name\":\"Cung T\u00ean H\u00e0 N\u1ed9i\",\"url\":\"https:\/\/cungtenhanoi.com\/\",\"sameAs\":[],\"logo\":{\"@type\":\"ImageObject\",\"inLanguage\":\"vi\",\"@id\":\"https:\/\/cungtenhanoi.com\/#\/schema\/logo\/image\/\",\"url\":\"https:\/\/cungtenhanoi.com\/wp-content\/uploads\/2025\/05\/logo-den-trang.jpg\",\"contentUrl\":\"https:\/\/cungtenhanoi.com\/wp-content\/uploads\/2025\/05\/logo-den-trang.jpg\",\"width\":450,\"height\":450,\"caption\":\"Cung T\u00ean H\u00e0 N\u1ed9i\"},\"image\":{\"@id\":\"https:\/\/cungtenhanoi.com\/#\/schema\/logo\/image\/\"}}]}<\/script>\n<!-- \/ Yoast SEO plugin. -->","yoast_head_json":{"title":"Tab b\u1eafn cung Bicaster - Cung T\u00ean H\u00e0 N\u1ed9i","description":"Mua cung t\u00ean th\u1ec3 thao, Mua cung t\u00ean t\u1ea1i h\u00e0 n\u1ed9i, Cung tr\u1ee3 l\u1ef1c, Cung compound, Cung t\u00ean ch\u00ednh h\u00e3ng, , Cung t\u00ean h\u00e0 n\u1ed9i, Cung t\u00ean , Mua cung t\u00ean S\u00e0i g\u00f2n , Mua m\u0169i t\u00ean b\u1eafn cung , Cung b\u1eafn bi s\u1eaft , cung t\u00ean mini, Cung truy\u1ec1n th\u1ed1ng, Cung c\u1ed5 \u0111i\u1ec3n, Cung trang tr\u00ed, Cung tr\u01b0ng b\u00e0y, cung t\u00ean m\u1ea1nh, mua ph\u1ee5 ki\u1ec7n b\u1eafn cung, m\u0169i t\u00ean, m\u0169i t\u00ean cacbon, eston x10, ch\u1ed1ng rung, th\u0103ng b\u1eb1ng, stabilizer, cung t\u00ean c\u1ed5 \u0111i\u1ec3n, classic, traditional bow, ab2280, bearpaw","robots":{"index":"index","follow":"follow","max-snippet":"max-snippet:-1","max-image-preview":"max-image-preview:large","max-video-preview":"max-video-preview:-1"},"canonical":"https:\/\/cungtenhanoi.com\/?product=tab-bicaster","og_locale":"vi_VN","og_type":"article","og_title":"Mua tab b\u1eafn cung","og_description":"mua tab b\u1eafn cung Bicaster","og_url":"https:\/\/cungtenhanoi.com\/?product=tab-bicaster","og_site_name":"Cung T\u00ean H\u00e0 N\u1ed9i","article_modified_time":"2025-05-12T01:20:19+00:00","og_image":[{"width":702,"height":446,"url":"https:\/\/cungtenhanoi.com\/wp-content\/uploads\/2021\/06\/O1CN01XX6bSv24XFWK7jjgX_2206814357400-1.jpg","type":"image\/jpeg"}],"twitter_card":"summary_large_image","twitter_misc":{"\u01af\u1edbc t\u00ednh th\u1eddi gian \u0111\u1ecdc":"1 ph\u00fat"},"schema":{"@context":"https:\/\/schema.org","@graph":[{"@type":"WebPage","@id":"https:\/\/cungtenhanoi.com\/?product=tab-bicaster","url":"https:\/\/cungtenhanoi.com\/?product=tab-bicaster","name":"Tab b\u1eafn cung Bicaster - Cung T\u00ean H\u00e0 N\u1ed9i","isPartOf":{"@id":"https:\/\/cungtenhanoi.com\/#website"},"datePublished":"2021-06-18T08:27:11+00:00","dateModified":"2025-05-12T01:20:19+00:00","description":"Mua cung t\u00ean th\u1ec3 thao, Mua cung t\u00ean t\u1ea1i h\u00e0 n\u1ed9i, Cung tr\u1ee3 l\u1ef1c, Cung compound, Cung t\u00ean ch\u00ednh h\u00e3ng, , Cung t\u00ean h\u00e0 n\u1ed9i, Cung t\u00ean , Mua cung t\u00ean S\u00e0i g\u00f2n , Mua m\u0169i t\u00ean b\u1eafn cung , Cung b\u1eafn bi s\u1eaft , cung t\u00ean mini, Cung truy\u1ec1n th\u1ed1ng, Cung c\u1ed5 \u0111i\u1ec3n, Cung trang tr\u00ed, Cung tr\u01b0ng b\u00e0y, cung t\u00ean m\u1ea1nh, mua ph\u1ee5 ki\u1ec7n b\u1eafn cung, m\u0169i t\u00ean, m\u0169i t\u00ean cacbon, eston x10, ch\u1ed1ng rung, th\u0103ng b\u1eb1ng, stabilizer, cung t\u00ean c\u1ed5 \u0111i\u1ec3n, classic, traditional bow, ab2280, bearpaw","breadcrumb":{"@id":"https:\/\/cungtenhanoi.com\/?product=tab-bicaster#breadcrumb"},"inLanguage":"vi","potentialAction":[{"@type":"ReadAction","target":["https:\/\/cungtenhanoi.com\/?product=tab-bicaster"]}]},{"@type":"BreadcrumbList","@id":"https:\/\/cungtenhanoi.com\/?product=tab-bicaster#breadcrumb","itemListElement":[{"@type":"ListItem","position":1,"name":"Trang ch\u1ee7","item":"https:\/\/cungtenhanoi.com\/"},{"@type":"ListItem","position":2,"name":"Shop","item":"https:\/\/cungtenhanoi.com\/?page_id=6"},{"@type":"ListItem","position":3,"name":"Ph\u1ee5 ki\u1ec7n","item":"https:\/\/cungtenhanoi.com\/danh-muc\/phu-kien\/"},{"@type":"ListItem","position":4,"name":"Tab b\u1eafn cung Bicaster"}]},{"@type":"WebSite","@id":"https:\/\/cungtenhanoi.com\/#website","url":"https:\/\/cungtenhanoi.com\/","name":"Cung T\u00ean H\u00e0 N\u1ed9i","description":"Cung c\u1ea5p c\u00e1c lo\u1ea1i cung t\u00ean th\u1ec3 thao s\u1ed1 1 Vi\u1ec7t Nam","publisher":{"@id":"https:\/\/cungtenhanoi.com\/#organization"},"potentialAction":[{"@type":"SearchAction","target":{"@type":"EntryPoint","urlTemplate":"https:\/\/cungtenhanoi.com\/?s={search_term_string}"},"query-input":"required name=search_term_string"}],"inLanguage":"vi"},{"@type":"Organization","@id":"https:\/\/cungtenhanoi.com\/#organization","name":"Cung T\u00ean H\u00e0 N\u1ed9i","url":"https:\/\/cungtenhanoi.com\/","sameAs":[],"logo":{"@type":"ImageObject","inLanguage":"vi","@id":"https:\/\/cungtenhanoi.com\/#\/schema\/logo\/image\/","url":"https:\/\/cungtenhanoi.com\/wp-content\/uploads\/2025\/05\/logo-den-trang.jpg","contentUrl":"https:\/\/cungtenhanoi.com\/wp-content\/uploads\/2025\/05\/logo-den-trang.jpg","width":450,"height":450,"caption":"Cung T\u00ean H\u00e0 N\u1ed9i"},"image":{"@id":"https:\/\/cungtenhanoi.com\/#\/schema\/logo\/image\/"}}]}},"_links":{"self":[{"href":"https:\/\/cungtenhanoi.com\/index.php?rest_route=\/wp\/v2\/product\/1790"}],"collection":[{"href":"https:\/\/cungtenhanoi.com\/index.php?rest_route=\/wp\/v2\/product"}],"about":[{"href":"https:\/\/cungtenhanoi.com\/index.php?rest_route=\/wp\/v2\/types\/product"}],"replies":[{"embeddable":true,"href":"https:\/\/cungtenhanoi.com\/index.php?rest_route=%2Fwp%2Fv2%2Fcomments&post=1790"}],"wp:featuredmedia":[{"embeddable":true,"href":"https:\/\/cungtenhanoi.com\/index.php?rest_route=\/wp\/v2\/media\/1792"}],"wp:attachment":[{"href":"https:\/\/cungtenhanoi.com\/index.php?rest_route=%2Fwp%2Fv2%2Fmedia&parent=1790"}],"wp:term":[{"taxonomy":"product_cat","embeddable":true,"href":"https:\/\/cungtenhanoi.com\/index.php?rest_route=%2Fwp%2Fv2%2Fproduct_cat&post=1790"},{"taxonomy":"product_tag","embeddable":true,"href":"https:\/\/cungtenhanoi.com\/index.php?rest_route=%2Fwp%2Fv2%2Fproduct_tag&post=1790"}],"curies":[{"name":"wp","href":"https:\/\/api.w.org\/{rel}","templated":true}]}}