{"id":1857,"date":"2021-07-12T22:25:03","date_gmt":"2021-07-12T15:25:03","guid":{"rendered":"https:\/\/cungtenhanoi.com\/?post_type=product&#038;p=1857"},"modified":"2025-05-11T23:23:04","modified_gmt":"2025-05-11T16:23:04","slug":"sanlida-x9-recurve","status":"publish","type":"product","link":"https:\/\/cungtenhanoi.com\/?product=sanlida-x9-recurve","title":{"rendered":"Cung t\u00ean th\u1ec3 thao Sanlida X9 Recurve target"},"content":{"rendered":"<p style=\"text-align: center;\">Cung t\u00ean recurve target ph\u00f9 h\u1ee3p v\u1edbi ng\u01b0\u1eddi m\u1edbi b\u1eafn \u0111\u1ea7u t\u1eadp luy\u1ec7n chuy\u00ean target h\u01b0\u1edbng \u0111\u1ebfn b\u00e1n chuy\u00ean v\u00e0 chuy\u00ean nghi\u1ec7p, d\u00f2ng cung m\u1ea1nh m\u1ebd c\u00f3 \u0111\u1ed9 \u1ed5n \u0111\u1ecbnh v\u00e0 ch\u00ednh x\u00e1c c\u1ef1c cao<br \/>\n1 trong nh\u1eefng s\u1ea3n ph\u1ea9m ch\u1ee7 \u0111\u1ea1o c\u1ee7a Sanlida mang \u0111\u1ebfn cho ng\u01b0\u1eddi d\u00f9ng tr\u1ea3i nghi\u1ec7m t\u1ed1t nh\u1ea5t v\u1ec1 recurve, ch\u1ec9 \u0111\u1ee9ng sau ng\u01b0\u1eddi \u0111\u00e0n anh X10, Sanlida X9 l\u00e0 s\u1ef1 l\u1ef1a ch\u1ecdn ho\u00e0n h\u1ea3o v\u1edbi ph\u00e2n kh\u00fac trong t\u1ea7m gi\u00e1<\/p>\n<p style=\"text-align: center;\">66\/68\/70&#8242; &#8211; 28-48lbs<\/p>\n<p style=\"text-align: center;\"><strong>Th\u00e2n + C\u00e1nh + D\u00e2y : 4389k<br \/>\nOption c\u01a1 b\u1ea3n : 4890k<br \/>\nX9 Bowkid:8490k<\/strong><\/p>\n<p style=\"text-align: center;\"><strong>Full option: Li\u00ean h\u1ec7 0911 682 663<\/strong><\/p>\n<p><img loading=\"lazy\" class=\"aligncenter wp-image-1864\" src=\"https:\/\/cungtenhanoi.com\/wp-content\/uploads\/2021\/07\/O1CN01braxWn1w1dDpg65dh_2759166248.jpg\" alt=\"\" width=\"641\" height=\"626\" srcset=\"https:\/\/cungtenhanoi.com\/wp-content\/uploads\/2021\/07\/O1CN01braxWn1w1dDpg65dh_2759166248.jpg 746w, https:\/\/cungtenhanoi.com\/wp-content\/uploads\/2021\/07\/O1CN01braxWn1w1dDpg65dh_2759166248-600x586.jpg 600w, https:\/\/cungtenhanoi.com\/wp-content\/uploads\/2021\/07\/O1CN01braxWn1w1dDpg65dh_2759166248-64x63.jpg 64w\" sizes=\"(max-width: 641px) 100vw, 641px\" \/><\/p>\n<p style=\"font-size: 14.4px;\"><img loading=\"lazy\" class=\"aligncenter wp-image-2319\" style=\"font-size: 14.4px;\" src=\"https:\/\/cungtenhanoi.com\/wp-content\/uploads\/2021\/07\/Screenshot-2022-04-04-19.22.58.png\" alt=\"\" width=\"646\" height=\"451\" srcset=\"https:\/\/cungtenhanoi.com\/wp-content\/uploads\/2021\/07\/Screenshot-2022-04-04-19.22.58.png 1073w, https:\/\/cungtenhanoi.com\/wp-content\/uploads\/2021\/07\/Screenshot-2022-04-04-19.22.58-600x419.png 600w, https:\/\/cungtenhanoi.com\/wp-content\/uploads\/2021\/07\/Screenshot-2022-04-04-19.22.58-64x45.png 64w, https:\/\/cungtenhanoi.com\/wp-content\/uploads\/2021\/07\/Screenshot-2022-04-04-19.22.58-300x209.png 300w, https:\/\/cungtenhanoi.com\/wp-content\/uploads\/2021\/07\/Screenshot-2022-04-04-19.22.58-768x536.png 768w, https:\/\/cungtenhanoi.com\/wp-content\/uploads\/2021\/07\/Screenshot-2022-04-04-19.22.58-1024x715.png 1024w\" sizes=\"(max-width: 646px) 100vw, 646px\" \/><img loading=\"lazy\" class=\"alignnone wp-image-16210 aligncenter\" src=\"https:\/\/cungtenhanoi.com\/wp-content\/uploads\/2021\/07\/1721274614669890f6e3c1a-598x400.jpg\" alt=\"\" width=\"646\" height=\"432\" srcset=\"https:\/\/cungtenhanoi.com\/wp-content\/uploads\/2021\/07\/1721274614669890f6e3c1a-598x400.jpg 598w, https:\/\/cungtenhanoi.com\/wp-content\/uploads\/2021\/07\/1721274614669890f6e3c1a-768x514.jpg 768w, https:\/\/cungtenhanoi.com\/wp-content\/uploads\/2021\/07\/1721274614669890f6e3c1a-600x401.jpg 600w, https:\/\/cungtenhanoi.com\/wp-content\/uploads\/2021\/07\/1721274614669890f6e3c1a-64x43.jpg 64w, https:\/\/cungtenhanoi.com\/wp-content\/uploads\/2021\/07\/1721274614669890f6e3c1a.jpg 1006w\" sizes=\"(max-width: 646px) 100vw, 646px\" \/><br \/>\n<img loading=\"lazy\" class=\"aligncenter wp-image-2320\" style=\"font-size: 14.4px;\" src=\"https:\/\/cungtenhanoi.com\/wp-content\/uploads\/2021\/07\/Screenshot-2022-04-04-19.25.48.png\" alt=\"\" width=\"642\" height=\"442\" srcset=\"https:\/\/cungtenhanoi.com\/wp-content\/uploads\/2021\/07\/Screenshot-2022-04-04-19.25.48.png 1191w, https:\/\/cungtenhanoi.com\/wp-content\/uploads\/2021\/07\/Screenshot-2022-04-04-19.25.48-600x413.png 600w, https:\/\/cungtenhanoi.com\/wp-content\/uploads\/2021\/07\/Screenshot-2022-04-04-19.25.48-64x44.png 64w, https:\/\/cungtenhanoi.com\/wp-content\/uploads\/2021\/07\/Screenshot-2022-04-04-19.25.48-300x206.png 300w, https:\/\/cungtenhanoi.com\/wp-content\/uploads\/2021\/07\/Screenshot-2022-04-04-19.25.48-768x528.png 768w, https:\/\/cungtenhanoi.com\/wp-content\/uploads\/2021\/07\/Screenshot-2022-04-04-19.25.48-1024x704.png 1024w\" sizes=\"(max-width: 642px) 100vw, 642px\" \/><\/p>\n<p style=\"font-size: 14.4px;\"><br style=\"font-size: 14.4px;\" \/><img loading=\"lazy\" class=\"aligncenter wp-image-1863\" style=\"font-size: 14.4px;\" src=\"https:\/\/cungtenhanoi.com\/wp-content\/uploads\/2021\/07\/Sanlida-B-n-Cung-Th-n-K-X9-Trung-Gian-ILF-Con-Quay-Quy-H-i.jpg\" alt=\"\" width=\"652\" height=\"652\" srcset=\"https:\/\/cungtenhanoi.com\/wp-content\/uploads\/2021\/07\/Sanlida-B-n-Cung-Th-n-K-X9-Trung-Gian-ILF-Con-Quay-Quy-H-i.jpg 800w, https:\/\/cungtenhanoi.com\/wp-content\/uploads\/2021\/07\/Sanlida-B-n-Cung-Th-n-K-X9-Trung-Gian-ILF-Con-Quay-Quy-H-i-300x300.jpg 300w, https:\/\/cungtenhanoi.com\/wp-content\/uploads\/2021\/07\/Sanlida-B-n-Cung-Th-n-K-X9-Trung-Gian-ILF-Con-Quay-Quy-H-i-100x100.jpg 100w, https:\/\/cungtenhanoi.com\/wp-content\/uploads\/2021\/07\/Sanlida-B-n-Cung-Th-n-K-X9-Trung-Gian-ILF-Con-Quay-Quy-H-i-600x600.jpg 600w, https:\/\/cungtenhanoi.com\/wp-content\/uploads\/2021\/07\/Sanlida-B-n-Cung-Th-n-K-X9-Trung-Gian-ILF-Con-Quay-Quy-H-i-64x64.jpg 64w, https:\/\/cungtenhanoi.com\/wp-content\/uploads\/2021\/07\/Sanlida-B-n-Cung-Th-n-K-X9-Trung-Gian-ILF-Con-Quay-Quy-H-i-150x150.jpg 150w, https:\/\/cungtenhanoi.com\/wp-content\/uploads\/2021\/07\/Sanlida-B-n-Cung-Th-n-K-X9-Trung-Gian-ILF-Con-Quay-Quy-H-i-768x768.jpg 768w, https:\/\/cungtenhanoi.com\/wp-content\/uploads\/2021\/07\/Sanlida-B-n-Cung-Th-n-K-X9-Trung-Gian-ILF-Con-Quay-Quy-H-i-180x180.jpg 180w, https:\/\/cungtenhanoi.com\/wp-content\/uploads\/2021\/07\/Sanlida-B-n-Cung-Th-n-K-X9-Trung-Gian-ILF-Con-Quay-Quy-H-i-45x45.jpg 45w\" sizes=\"(max-width: 652px) 100vw, 652px\" \/><img loading=\"lazy\" class=\"aligncenter wp-image-1862\" style=\"font-size: 14.4px;\" src=\"https:\/\/cungtenhanoi.com\/wp-content\/uploads\/2021\/07\/sanlida_archery_sanlida_archery_miracle_x9_ilf_recurve_bow_limb_jandao_peralatan_memanah_full04_b7llwctv.jpg\" alt=\"\" width=\"665\" height=\"665\" srcset=\"https:\/\/cungtenhanoi.com\/wp-content\/uploads\/2021\/07\/sanlida_archery_sanlida_archery_miracle_x9_ilf_recurve_bow_limb_jandao_peralatan_memanah_full04_b7llwctv.jpg 800w, https:\/\/cungtenhanoi.com\/wp-content\/uploads\/2021\/07\/sanlida_archery_sanlida_archery_miracle_x9_ilf_recurve_bow_limb_jandao_peralatan_memanah_full04_b7llwctv-300x300.jpg 300w, https:\/\/cungtenhanoi.com\/wp-content\/uploads\/2021\/07\/sanlida_archery_sanlida_archery_miracle_x9_ilf_recurve_bow_limb_jandao_peralatan_memanah_full04_b7llwctv-100x100.jpg 100w, https:\/\/cungtenhanoi.com\/wp-content\/uploads\/2021\/07\/sanlida_archery_sanlida_archery_miracle_x9_ilf_recurve_bow_limb_jandao_peralatan_memanah_full04_b7llwctv-600x600.jpg 600w, https:\/\/cungtenhanoi.com\/wp-content\/uploads\/2021\/07\/sanlida_archery_sanlida_archery_miracle_x9_ilf_recurve_bow_limb_jandao_peralatan_memanah_full04_b7llwctv-64x64.jpg 64w, https:\/\/cungtenhanoi.com\/wp-content\/uploads\/2021\/07\/sanlida_archery_sanlida_archery_miracle_x9_ilf_recurve_bow_limb_jandao_peralatan_memanah_full04_b7llwctv-150x150.jpg 150w, https:\/\/cungtenhanoi.com\/wp-content\/uploads\/2021\/07\/sanlida_archery_sanlida_archery_miracle_x9_ilf_recurve_bow_limb_jandao_peralatan_memanah_full04_b7llwctv-768x768.jpg 768w, https:\/\/cungtenhanoi.com\/wp-content\/uploads\/2021\/07\/sanlida_archery_sanlida_archery_miracle_x9_ilf_recurve_bow_limb_jandao_peralatan_memanah_full04_b7llwctv-180x180.jpg 180w, https:\/\/cungtenhanoi.com\/wp-content\/uploads\/2021\/07\/sanlida_archery_sanlida_archery_miracle_x9_ilf_recurve_bow_limb_jandao_peralatan_memanah_full04_b7llwctv-45x45.jpg 45w\" sizes=\"(max-width: 665px) 100vw, 665px\" \/><img loading=\"lazy\" class=\"aligncenter wp-image-1859\" style=\"font-size: 14.4px;\" src=\"https:\/\/cungtenhanoi.com\/wp-content\/uploads\/2021\/07\/O1CN01M6WdiK1w1dDkX0MTp_2759166248.jpg\" alt=\"\" width=\"671\" height=\"1074\" srcset=\"https:\/\/cungtenhanoi.com\/wp-content\/uploads\/2021\/07\/O1CN01M6WdiK1w1dDkX0MTp_2759166248.jpg 750w, https:\/\/cungtenhanoi.com\/wp-content\/uploads\/2021\/07\/O1CN01M6WdiK1w1dDkX0MTp_2759166248-600x960.jpg 600w, https:\/\/cungtenhanoi.com\/wp-content\/uploads\/2021\/07\/O1CN01M6WdiK1w1dDkX0MTp_2759166248-64x102.jpg 64w, https:\/\/cungtenhanoi.com\/wp-content\/uploads\/2021\/07\/O1CN01M6WdiK1w1dDkX0MTp_2759166248-188x300.jpg 188w, https:\/\/cungtenhanoi.com\/wp-content\/uploads\/2021\/07\/O1CN01M6WdiK1w1dDkX0MTp_2759166248-640x1024.jpg 640w\" sizes=\"(max-width: 671px) 100vw, 671px\" \/><\/p>\n<p><img loading=\"lazy\" class=\"aligncenter wp-image-1860\" src=\"https:\/\/cungtenhanoi.com\/wp-content\/uploads\/2021\/07\/O1CN01na8Ry61w1dDn3XzyG_2759166248.jpg\" alt=\"\" width=\"673\" height=\"951\" srcset=\"https:\/\/cungtenhanoi.com\/wp-content\/uploads\/2021\/07\/O1CN01na8Ry61w1dDn3XzyG_2759166248.jpg 750w, https:\/\/cungtenhanoi.com\/wp-content\/uploads\/2021\/07\/O1CN01na8Ry61w1dDn3XzyG_2759166248-600x848.jpg 600w, https:\/\/cungtenhanoi.com\/wp-content\/uploads\/2021\/07\/O1CN01na8Ry61w1dDn3XzyG_2759166248-64x90.jpg 64w, https:\/\/cungtenhanoi.com\/wp-content\/uploads\/2021\/07\/O1CN01na8Ry61w1dDn3XzyG_2759166248-212x300.jpg 212w, https:\/\/cungtenhanoi.com\/wp-content\/uploads\/2021\/07\/O1CN01na8Ry61w1dDn3XzyG_2759166248-725x1024.jpg 725w\" sizes=\"(max-width: 673px) 100vw, 673px\" \/><img loading=\"lazy\" class=\"size-medium wp-image-16037 aligncenter\" style=\"font-size: 14.4px; text-align: center;\" src=\"https:\/\/cungtenhanoi.com\/wp-content\/uploads\/2021\/07\/IMG_9980-300x400.jpeg\" alt=\"\" width=\"300\" height=\"400\" srcset=\"https:\/\/cungtenhanoi.com\/wp-content\/uploads\/2021\/07\/IMG_9980-300x400.jpeg 300w, https:\/\/cungtenhanoi.com\/wp-content\/uploads\/2021\/07\/IMG_9980-600x800.jpeg 600w, https:\/\/cungtenhanoi.com\/wp-content\/uploads\/2021\/07\/IMG_9980-768x1024.jpeg 768w, https:\/\/cungtenhanoi.com\/wp-content\/uploads\/2021\/07\/IMG_9980-1152x1536.jpeg 1152w, https:\/\/cungtenhanoi.com\/wp-content\/uploads\/2021\/07\/IMG_9980-1536x2048.jpeg 1536w, https:\/\/cungtenhanoi.com\/wp-content\/uploads\/2021\/07\/IMG_9980-64x85.jpeg 64w, https:\/\/cungtenhanoi.com\/wp-content\/uploads\/2021\/07\/IMG_9980-scaled.jpeg 1920w\" sizes=\"(max-width: 300px) 100vw, 300px\" \/><img loading=\"lazy\" class=\"size-medium wp-image-16036 aligncenter\" style=\"font-size: 14.4px; text-align: center;\" src=\"https:\/\/cungtenhanoi.com\/wp-content\/uploads\/2021\/07\/IMG_9979-300x400.jpeg\" alt=\"\" width=\"300\" height=\"400\" srcset=\"https:\/\/cungtenhanoi.com\/wp-content\/uploads\/2021\/07\/IMG_9979-300x400.jpeg 300w, https:\/\/cungtenhanoi.com\/wp-content\/uploads\/2021\/07\/IMG_9979-600x800.jpeg 600w, https:\/\/cungtenhanoi.com\/wp-content\/uploads\/2021\/07\/IMG_9979-768x1024.jpeg 768w, https:\/\/cungtenhanoi.com\/wp-content\/uploads\/2021\/07\/IMG_9979-1152x1536.jpeg 1152w, https:\/\/cungtenhanoi.com\/wp-content\/uploads\/2021\/07\/IMG_9979-1536x2048.jpeg 1536w, https:\/\/cungtenhanoi.com\/wp-content\/uploads\/2021\/07\/IMG_9979-64x85.jpeg 64w, https:\/\/cungtenhanoi.com\/wp-content\/uploads\/2021\/07\/IMG_9979-scaled.jpeg 1920w\" sizes=\"(max-width: 300px) 100vw, 300px\" \/><\/p>\n<p><img loading=\"lazy\" class=\"size-medium wp-image-16035 aligncenter\" style=\"font-size: 14.4px; text-align: center;\" src=\"https:\/\/cungtenhanoi.com\/wp-content\/uploads\/2021\/07\/IMG_9978-300x400.jpeg\" alt=\"\" width=\"300\" height=\"400\" srcset=\"https:\/\/cungtenhanoi.com\/wp-content\/uploads\/2021\/07\/IMG_9978-300x400.jpeg 300w, https:\/\/cungtenhanoi.com\/wp-content\/uploads\/2021\/07\/IMG_9978-600x800.jpeg 600w, https:\/\/cungtenhanoi.com\/wp-content\/uploads\/2021\/07\/IMG_9978-768x1024.jpeg 768w, https:\/\/cungtenhanoi.com\/wp-content\/uploads\/2021\/07\/IMG_9978-1152x1536.jpeg 1152w, https:\/\/cungtenhanoi.com\/wp-content\/uploads\/2021\/07\/IMG_9978-1536x2048.jpeg 1536w, https:\/\/cungtenhanoi.com\/wp-content\/uploads\/2021\/07\/IMG_9978-64x85.jpeg 64w, https:\/\/cungtenhanoi.com\/wp-content\/uploads\/2021\/07\/IMG_9978-scaled.jpeg 1920w\" sizes=\"(max-width: 300px) 100vw, 300px\" \/><\/p>\n<p>&nbsp;<\/p>\n<p>&nbsp;<\/p>\n<p><img loading=\"lazy\" class=\"size-medium wp-image-16034 aligncenter\" style=\"font-size: 14.4px; text-align: center;\" src=\"https:\/\/cungtenhanoi.com\/wp-content\/uploads\/2021\/07\/IMG_9977-300x400.jpeg\" alt=\"\" width=\"300\" height=\"400\" srcset=\"https:\/\/cungtenhanoi.com\/wp-content\/uploads\/2021\/07\/IMG_9977-300x400.jpeg 300w, https:\/\/cungtenhanoi.com\/wp-content\/uploads\/2021\/07\/IMG_9977-600x800.jpeg 600w, https:\/\/cungtenhanoi.com\/wp-content\/uploads\/2021\/07\/IMG_9977-768x1024.jpeg 768w, https:\/\/cungtenhanoi.com\/wp-content\/uploads\/2021\/07\/IMG_9977-1152x1536.jpeg 1152w, https:\/\/cungtenhanoi.com\/wp-content\/uploads\/2021\/07\/IMG_9977-1536x2048.jpeg 1536w, https:\/\/cungtenhanoi.com\/wp-content\/uploads\/2021\/07\/IMG_9977-64x85.jpeg 64w, https:\/\/cungtenhanoi.com\/wp-content\/uploads\/2021\/07\/IMG_9977-scaled.jpeg 1920w\" sizes=\"(max-width: 300px) 100vw, 300px\" \/><\/p>\n<p>&nbsp;<\/p>\n<p>&nbsp;<\/p>\n","protected":false},"excerpt":{"rendered":"<p>Cung tr\u1ea7n: 4689k<\/p>\n<p>Full option : li\u00ean h\u1ec7<\/p>\n<p>C\u00f3 th\u1ec3 build option theo y\u00eau c\u1ea7u, chi ti\u1ebft li\u00ean h\u1ec7 zalo 0911 682 663<\/p>\n","protected":false},"featured_media":1864,"comment_status":"open","ping_status":"closed","template":"","meta":[],"product_cat":[39,17],"product_tag":[198,420,257,264,42,424,41,245,423],"acf":[],"yoast_head":"<!-- This site is optimized with the Yoast SEO plugin v19.8 - https:\/\/yoast.com\/wordpress\/plugins\/seo\/ -->\n<title>Cung t\u00ean th\u1ec3 thao Sanlida X9 Recurve target - Cung T\u00ean H\u00e0 N\u1ed9i<\/title>\n<meta name=\"description\" content=\"Mua cung t\u00ean th\u1ec3 thao, Mua cung t\u00ean t\u1ea1i h\u00e0 n\u1ed9i, Cung tr\u1ee3 l\u1ef1c, Cung compound, Cung t\u00ean ch\u00ednh h\u00e3ng, , Cung t\u00ean h\u00e0 n\u1ed9i, Cung t\u00ean , Mua cung t\u00ean S\u00e0i g\u00f2n , Mua m\u0169i t\u00ean b\u1eafn cung , Cung b\u1eafn bi s\u1eaft , cung t\u00ean mini, Cung truy\u1ec1n th\u1ed1ng, Cung c\u1ed5 \u0111i\u1ec3n, Cung trang tr\u00ed, Cung tr\u01b0ng b\u00e0y, cung t\u00ean m\u1ea1nh, mua ph\u1ee5 ki\u1ec7n b\u1eafn cung, m\u0169i t\u00ean, m\u0169i t\u00ean cacbon, eston x10, ch\u1ed1ng rung, th\u0103ng b\u1eb1ng, stabilizer, sanlida, sanlida x9, recuvrebow\" \/>\n<meta name=\"robots\" content=\"index, follow, max-snippet:-1, max-image-preview:large, max-video-preview:-1\" \/>\n<link rel=\"canonical\" href=\"https:\/\/cungtenhanoi.com\/?product=sanlida-x9-recurve\" \/>\n<meta property=\"og:locale\" content=\"vi_VN\" \/>\n<meta property=\"og:type\" content=\"article\" \/>\n<meta property=\"og:title\" content=\"Cung t\u00ean th\u1ec3 thao Sanlida X9 recurve bow\" \/>\n<meta property=\"og:description\" content=\"Mua cung t\u00ean th\u1ec3 thao ch\u00ednh h\u00e3ng Sanlida recrurve X9 t\u1ea1i cung t\u00ean H\u00e0 N\u1ed9i\" \/>\n<meta property=\"og:url\" content=\"https:\/\/cungtenhanoi.com\/?product=sanlida-x9-recurve\" \/>\n<meta property=\"og:site_name\" content=\"Cung T\u00ean H\u00e0 N\u1ed9i\" \/>\n<meta property=\"article:modified_time\" content=\"2025-05-11T16:23:04+00:00\" \/>\n<meta property=\"og:image\" content=\"https:\/\/cungtenhanoi.com\/wp-content\/uploads\/2021\/07\/O1CN01braxWn1w1dDpg65dh_2759166248-1.jpg\" \/>\n\t<meta property=\"og:image:width\" content=\"746\" \/>\n\t<meta property=\"og:image:height\" content=\"729\" \/>\n\t<meta property=\"og:image:type\" content=\"image\/jpeg\" \/>\n<meta name=\"twitter:card\" content=\"summary_large_image\" \/>\n<meta name=\"twitter:label1\" content=\"\u01af\u1edbc t\u00ednh th\u1eddi gian \u0111\u1ecdc\" \/>\n\t<meta name=\"twitter:data1\" content=\"3 ph\u00fat\" \/>\n<script type=\"application\/ld+json\" class=\"yoast-schema-graph\">{\"@context\":\"https:\/\/schema.org\",\"@graph\":[{\"@type\":\"WebPage\",\"@id\":\"https:\/\/cungtenhanoi.com\/?product=sanlida-x9-recurve\",\"url\":\"https:\/\/cungtenhanoi.com\/?product=sanlida-x9-recurve\",\"name\":\"Cung t\u00ean th\u1ec3 thao Sanlida X9 Recurve target - Cung T\u00ean H\u00e0 N\u1ed9i\",\"isPartOf\":{\"@id\":\"https:\/\/cungtenhanoi.com\/#website\"},\"datePublished\":\"2021-07-12T15:25:03+00:00\",\"dateModified\":\"2025-05-11T16:23:04+00:00\",\"description\":\"Mua cung t\u00ean th\u1ec3 thao, Mua cung t\u00ean t\u1ea1i h\u00e0 n\u1ed9i, Cung tr\u1ee3 l\u1ef1c, Cung compound, Cung t\u00ean ch\u00ednh h\u00e3ng, , Cung t\u00ean h\u00e0 n\u1ed9i, Cung t\u00ean , Mua cung t\u00ean S\u00e0i g\u00f2n , Mua m\u0169i t\u00ean b\u1eafn cung , Cung b\u1eafn bi s\u1eaft , cung t\u00ean mini, Cung truy\u1ec1n th\u1ed1ng, Cung c\u1ed5 \u0111i\u1ec3n, Cung trang tr\u00ed, Cung tr\u01b0ng b\u00e0y, cung t\u00ean m\u1ea1nh, mua ph\u1ee5 ki\u1ec7n b\u1eafn cung, m\u0169i t\u00ean, m\u0169i t\u00ean cacbon, eston x10, ch\u1ed1ng rung, th\u0103ng b\u1eb1ng, stabilizer, sanlida, sanlida x9, recuvrebow\",\"breadcrumb\":{\"@id\":\"https:\/\/cungtenhanoi.com\/?product=sanlida-x9-recurve#breadcrumb\"},\"inLanguage\":\"vi\",\"potentialAction\":[{\"@type\":\"ReadAction\",\"target\":[\"https:\/\/cungtenhanoi.com\/?product=sanlida-x9-recurve\"]}]},{\"@type\":\"BreadcrumbList\",\"@id\":\"https:\/\/cungtenhanoi.com\/?product=sanlida-x9-recurve#breadcrumb\",\"itemListElement\":[{\"@type\":\"ListItem\",\"position\":1,\"name\":\"Trang ch\u1ee7\",\"item\":\"https:\/\/cungtenhanoi.com\/\"},{\"@type\":\"ListItem\",\"position\":2,\"name\":\"Shop\",\"item\":\"https:\/\/cungtenhanoi.com\/?page_id=6\"},{\"@type\":\"ListItem\",\"position\":3,\"name\":\"Cung\",\"item\":\"https:\/\/cungtenhanoi.com\/danh-muc\/cung\/\"},{\"@type\":\"ListItem\",\"position\":4,\"name\":\"Cung t\u00ean th\u1ec3 thao Sanlida X9 Recurve target\"}]},{\"@type\":\"WebSite\",\"@id\":\"https:\/\/cungtenhanoi.com\/#website\",\"url\":\"https:\/\/cungtenhanoi.com\/\",\"name\":\"Cung T\u00ean H\u00e0 N\u1ed9i\",\"description\":\"Cung c\u1ea5p c\u00e1c lo\u1ea1i cung t\u00ean th\u1ec3 thao s\u1ed1 1 Vi\u1ec7t Nam\",\"publisher\":{\"@id\":\"https:\/\/cungtenhanoi.com\/#organization\"},\"potentialAction\":[{\"@type\":\"SearchAction\",\"target\":{\"@type\":\"EntryPoint\",\"urlTemplate\":\"https:\/\/cungtenhanoi.com\/?s={search_term_string}\"},\"query-input\":\"required name=search_term_string\"}],\"inLanguage\":\"vi\"},{\"@type\":\"Organization\",\"@id\":\"https:\/\/cungtenhanoi.com\/#organization\",\"name\":\"Cung T\u00ean H\u00e0 N\u1ed9i\",\"url\":\"https:\/\/cungtenhanoi.com\/\",\"sameAs\":[],\"logo\":{\"@type\":\"ImageObject\",\"inLanguage\":\"vi\",\"@id\":\"https:\/\/cungtenhanoi.com\/#\/schema\/logo\/image\/\",\"url\":\"https:\/\/cungtenhanoi.com\/wp-content\/uploads\/2025\/05\/logo-den-trang.jpg\",\"contentUrl\":\"https:\/\/cungtenhanoi.com\/wp-content\/uploads\/2025\/05\/logo-den-trang.jpg\",\"width\":450,\"height\":450,\"caption\":\"Cung T\u00ean H\u00e0 N\u1ed9i\"},\"image\":{\"@id\":\"https:\/\/cungtenhanoi.com\/#\/schema\/logo\/image\/\"}}]}<\/script>\n<!-- \/ Yoast SEO plugin. -->","yoast_head_json":{"title":"Cung t\u00ean th\u1ec3 thao Sanlida X9 Recurve target - Cung T\u00ean H\u00e0 N\u1ed9i","description":"Mua cung t\u00ean th\u1ec3 thao, Mua cung t\u00ean t\u1ea1i h\u00e0 n\u1ed9i, Cung tr\u1ee3 l\u1ef1c, Cung compound, Cung t\u00ean ch\u00ednh h\u00e3ng, , Cung t\u00ean h\u00e0 n\u1ed9i, Cung t\u00ean , Mua cung t\u00ean S\u00e0i g\u00f2n , Mua m\u0169i t\u00ean b\u1eafn cung , Cung b\u1eafn bi s\u1eaft , cung t\u00ean mini, Cung truy\u1ec1n th\u1ed1ng, Cung c\u1ed5 \u0111i\u1ec3n, Cung trang tr\u00ed, Cung tr\u01b0ng b\u00e0y, cung t\u00ean m\u1ea1nh, mua ph\u1ee5 ki\u1ec7n b\u1eafn cung, m\u0169i t\u00ean, m\u0169i t\u00ean cacbon, eston x10, ch\u1ed1ng rung, th\u0103ng b\u1eb1ng, stabilizer, sanlida, sanlida x9, recuvrebow","robots":{"index":"index","follow":"follow","max-snippet":"max-snippet:-1","max-image-preview":"max-image-preview:large","max-video-preview":"max-video-preview:-1"},"canonical":"https:\/\/cungtenhanoi.com\/?product=sanlida-x9-recurve","og_locale":"vi_VN","og_type":"article","og_title":"Cung t\u00ean th\u1ec3 thao Sanlida X9 recurve bow","og_description":"Mua cung t\u00ean th\u1ec3 thao ch\u00ednh h\u00e3ng Sanlida recrurve X9 t\u1ea1i cung t\u00ean H\u00e0 N\u1ed9i","og_url":"https:\/\/cungtenhanoi.com\/?product=sanlida-x9-recurve","og_site_name":"Cung T\u00ean H\u00e0 N\u1ed9i","article_modified_time":"2025-05-11T16:23:04+00:00","og_image":[{"width":746,"height":729,"url":"https:\/\/cungtenhanoi.com\/wp-content\/uploads\/2021\/07\/O1CN01braxWn1w1dDpg65dh_2759166248-1.jpg","type":"image\/jpeg"}],"twitter_card":"summary_large_image","twitter_misc":{"\u01af\u1edbc t\u00ednh th\u1eddi gian \u0111\u1ecdc":"3 ph\u00fat"},"schema":{"@context":"https:\/\/schema.org","@graph":[{"@type":"WebPage","@id":"https:\/\/cungtenhanoi.com\/?product=sanlida-x9-recurve","url":"https:\/\/cungtenhanoi.com\/?product=sanlida-x9-recurve","name":"Cung t\u00ean th\u1ec3 thao Sanlida X9 Recurve target - Cung T\u00ean H\u00e0 N\u1ed9i","isPartOf":{"@id":"https:\/\/cungtenhanoi.com\/#website"},"datePublished":"2021-07-12T15:25:03+00:00","dateModified":"2025-05-11T16:23:04+00:00","description":"Mua cung t\u00ean th\u1ec3 thao, Mua cung t\u00ean t\u1ea1i h\u00e0 n\u1ed9i, Cung tr\u1ee3 l\u1ef1c, Cung compound, Cung t\u00ean ch\u00ednh h\u00e3ng, , Cung t\u00ean h\u00e0 n\u1ed9i, Cung t\u00ean , Mua cung t\u00ean S\u00e0i g\u00f2n , Mua m\u0169i t\u00ean b\u1eafn cung , Cung b\u1eafn bi s\u1eaft , cung t\u00ean mini, Cung truy\u1ec1n th\u1ed1ng, Cung c\u1ed5 \u0111i\u1ec3n, Cung trang tr\u00ed, Cung tr\u01b0ng b\u00e0y, cung t\u00ean m\u1ea1nh, mua ph\u1ee5 ki\u1ec7n b\u1eafn cung, m\u0169i t\u00ean, m\u0169i t\u00ean cacbon, eston x10, ch\u1ed1ng rung, th\u0103ng b\u1eb1ng, stabilizer, sanlida, sanlida x9, recuvrebow","breadcrumb":{"@id":"https:\/\/cungtenhanoi.com\/?product=sanlida-x9-recurve#breadcrumb"},"inLanguage":"vi","potentialAction":[{"@type":"ReadAction","target":["https:\/\/cungtenhanoi.com\/?product=sanlida-x9-recurve"]}]},{"@type":"BreadcrumbList","@id":"https:\/\/cungtenhanoi.com\/?product=sanlida-x9-recurve#breadcrumb","itemListElement":[{"@type":"ListItem","position":1,"name":"Trang ch\u1ee7","item":"https:\/\/cungtenhanoi.com\/"},{"@type":"ListItem","position":2,"name":"Shop","item":"https:\/\/cungtenhanoi.com\/?page_id=6"},{"@type":"ListItem","position":3,"name":"Cung","item":"https:\/\/cungtenhanoi.com\/danh-muc\/cung\/"},{"@type":"ListItem","position":4,"name":"Cung t\u00ean th\u1ec3 thao Sanlida X9 Recurve target"}]},{"@type":"WebSite","@id":"https:\/\/cungtenhanoi.com\/#website","url":"https:\/\/cungtenhanoi.com\/","name":"Cung T\u00ean H\u00e0 N\u1ed9i","description":"Cung c\u1ea5p c\u00e1c lo\u1ea1i cung t\u00ean th\u1ec3 thao s\u1ed1 1 Vi\u1ec7t Nam","publisher":{"@id":"https:\/\/cungtenhanoi.com\/#organization"},"potentialAction":[{"@type":"SearchAction","target":{"@type":"EntryPoint","urlTemplate":"https:\/\/cungtenhanoi.com\/?s={search_term_string}"},"query-input":"required name=search_term_string"}],"inLanguage":"vi"},{"@type":"Organization","@id":"https:\/\/cungtenhanoi.com\/#organization","name":"Cung T\u00ean H\u00e0 N\u1ed9i","url":"https:\/\/cungtenhanoi.com\/","sameAs":[],"logo":{"@type":"ImageObject","inLanguage":"vi","@id":"https:\/\/cungtenhanoi.com\/#\/schema\/logo\/image\/","url":"https:\/\/cungtenhanoi.com\/wp-content\/uploads\/2025\/05\/logo-den-trang.jpg","contentUrl":"https:\/\/cungtenhanoi.com\/wp-content\/uploads\/2025\/05\/logo-den-trang.jpg","width":450,"height":450,"caption":"Cung T\u00ean H\u00e0 N\u1ed9i"},"image":{"@id":"https:\/\/cungtenhanoi.com\/#\/schema\/logo\/image\/"}}]}},"_links":{"self":[{"href":"https:\/\/cungtenhanoi.com\/index.php?rest_route=\/wp\/v2\/product\/1857"}],"collection":[{"href":"https:\/\/cungtenhanoi.com\/index.php?rest_route=\/wp\/v2\/product"}],"about":[{"href":"https:\/\/cungtenhanoi.com\/index.php?rest_route=\/wp\/v2\/types\/product"}],"replies":[{"embeddable":true,"href":"https:\/\/cungtenhanoi.com\/index.php?rest_route=%2Fwp%2Fv2%2Fcomments&post=1857"}],"wp:featuredmedia":[{"embeddable":true,"href":"https:\/\/cungtenhanoi.com\/index.php?rest_route=\/wp\/v2\/media\/1864"}],"wp:attachment":[{"href":"https:\/\/cungtenhanoi.com\/index.php?rest_route=%2Fwp%2Fv2%2Fmedia&parent=1857"}],"wp:term":[{"taxonomy":"product_cat","embeddable":true,"href":"https:\/\/cungtenhanoi.com\/index.php?rest_route=%2Fwp%2Fv2%2Fproduct_cat&post=1857"},{"taxonomy":"product_tag","embeddable":true,"href":"https:\/\/cungtenhanoi.com\/index.php?rest_route=%2Fwp%2Fv2%2Fproduct_tag&post=1857"}],"curies":[{"name":"wp","href":"https:\/\/api.w.org\/{rel}","templated":true}]}}