{"id":1866,"date":"2021-07-14T19:08:50","date_gmt":"2021-07-14T12:08:50","guid":{"rendered":"https:\/\/cungtenhanoi.com\/?post_type=product&#038;p=1866"},"modified":"2025-05-11T23:10:38","modified_gmt":"2025-05-11T16:10:38","slug":"thuoc-ngam-cbe-engage-hybri","status":"publish","type":"product","link":"https:\/\/cungtenhanoi.com\/?product=thuoc-ngam-cbe-engage-hybri","title":{"rendered":"Th\u01b0\u1edbc ng\u1eafm CBE Engage Hybri"},"content":{"rendered":"<p style=\"text-align: center;\">\u00a0CBE l\u00e0 m\u1ed9t th\u01b0\u01a1ng hi\u1ec7u c\u1ee7a M\u1ef9 \u0111\u00e3 \u0111\u01b0\u1ee3c th\u1ecb tr\u01b0\u1eddng n\u01b0\u1edbc ngo\u00e0i v\u00e0 gi\u1edbi b\u1eafn cung c\u00f4ng nh\u1eadn ch\u1ec9 trong m\u1ed9t n\u0103m sau khi ra m\u1eaft v\u00e0 nhanh ch\u00f3ng tr\u1edf n\u00ean ph\u1ed5 bi\u1ebfn. S\u1ea3n ph\u1ea9m ch\u00ednh c\u1ee7a CBE l\u00e0 nghi\u00ean c\u1ee9u v\u00e0 ph\u00e1t tri\u1ec3n c\u00e1c s\u1ea3n ph\u1ea9m thanh c\u00e2n b\u1eb1ng v\u00e0 d\u00f2ng s\u1ea3n ph\u1ea9m gi\u00e1 \u0111\u1ee1 m\u0169i t\u00ean .<\/p>\n<p style=\"text-align: center;\">CBE Engage Hybrid (Oath-Hybrid)<\/p>\n<p style=\"text-align: center;\">\u00b7 H\u1ec7 th\u1ed1ng c\u00e0i \u0111\u1eb7t Dovetail<\/p>\n<p style=\"text-align: center;\">\u00b7 \u0110i\u1ec1u ch\u1ec9nh chi\u1ec1u cao th\u1ea5p k\u1ebft h\u1ee3p<\/p>\n<p style=\"text-align: center;\">\u00b7 H\u1ed7 tr\u1ee3 \u0111i\u1ec1u ch\u1ec9nh tr\u1ee5c th\u1ee9 2 v\u00e0 th\u1ee9 3, h\u1ed7 tr\u1ee3 c\u00e0i \u0111\u1eb7t h\u1ed9p m\u0169i t\u00ean<\/p>\n<p style=\"text-align: center;\">\u00b7 Thi\u1ebft k\u1ebf Quad Track (TM) b\u1eb1ng c\u00e1ch s\u1eed d\u1ee5ng Delrin track<\/p>\n<p style=\"text-align: center;\">\u00b7 N\u00fam xoay \u0111i\u1ec1u ch\u1ec9nh nhanh<\/p>\n<p style=\"text-align: center;\">\u00b7 M\u00e0n h\u00ecnh c\u00e2n b\u1eb1ng nh\u00f4m kh\u1eafc laser<\/p>\n<p style=\"text-align: center;\">\u00b7 Tinh ch\u1ec9nh gi\u00f3<\/p>\n<p style=\"text-align: center;\">\u00b7 S\u1eed d\u1ee5ng n\u00fam xoay \u0111\u1ec3 tinh ch\u1ec9nh t\u1ea7m nh\u00ecn<\/p>\n<p style=\"text-align: center;\">\u00b7 Cung c\u1ea5p c\u00e1c \u0111i\u1ec3m ng\u1eafm .010 &#8220;v\u00e0 .019&#8221;<\/p>\n<p style=\"text-align: center;\">\u00b7 V\u00f2ng \u0111i\u1ec1u ch\u1ec9nh l\u1ed7 nh\u1ecf hu\u1ef3nh quang<\/p>\n<p style=\"text-align: center;\">\u00b7Tr\u1ecdng l\u01b0\u1ee3ng nh\u1eb9 326,6g<\/p>\n<p><img loading=\"lazy\" class=\" wp-image-1871 aligncenter\" src=\"https:\/\/cungtenhanoi.com\/wp-content\/uploads\/2021\/07\/CBE_engagehybrid_3pin-1.png\" alt=\"\" width=\"464\" height=\"213\" srcset=\"https:\/\/cungtenhanoi.com\/wp-content\/uploads\/2021\/07\/CBE_engagehybrid_3pin-1.png 1500w, https:\/\/cungtenhanoi.com\/wp-content\/uploads\/2021\/07\/CBE_engagehybrid_3pin-1-600x275.png 600w, https:\/\/cungtenhanoi.com\/wp-content\/uploads\/2021\/07\/CBE_engagehybrid_3pin-1-64x29.png 64w, https:\/\/cungtenhanoi.com\/wp-content\/uploads\/2021\/07\/CBE_engagehybrid_3pin-1-300x138.png 300w, https:\/\/cungtenhanoi.com\/wp-content\/uploads\/2021\/07\/CBE_engagehybrid_3pin-1-768x352.png 768w, https:\/\/cungtenhanoi.com\/wp-content\/uploads\/2021\/07\/CBE_engagehybrid_3pin-1-1024x470.png 1024w\" sizes=\"(max-width: 464px) 100vw, 464px\" \/> <img loading=\"lazy\" class=\"size-full wp-image-1868 aligncenter\" src=\"https:\/\/cungtenhanoi.com\/wp-content\/uploads\/2021\/07\/69cfd249-f011-476c-8100-8caf917000d9.__CR00600600_PT0_SX300_V1___.jpg\" alt=\"\" width=\"300\" height=\"300\" srcset=\"https:\/\/cungtenhanoi.com\/wp-content\/uploads\/2021\/07\/69cfd249-f011-476c-8100-8caf917000d9.__CR00600600_PT0_SX300_V1___.jpg 300w, https:\/\/cungtenhanoi.com\/wp-content\/uploads\/2021\/07\/69cfd249-f011-476c-8100-8caf917000d9.__CR00600600_PT0_SX300_V1___-100x100.jpg 100w, https:\/\/cungtenhanoi.com\/wp-content\/uploads\/2021\/07\/69cfd249-f011-476c-8100-8caf917000d9.__CR00600600_PT0_SX300_V1___-64x64.jpg 64w, https:\/\/cungtenhanoi.com\/wp-content\/uploads\/2021\/07\/69cfd249-f011-476c-8100-8caf917000d9.__CR00600600_PT0_SX300_V1___-150x150.jpg 150w, https:\/\/cungtenhanoi.com\/wp-content\/uploads\/2021\/07\/69cfd249-f011-476c-8100-8caf917000d9.__CR00600600_PT0_SX300_V1___-180x180.jpg 180w, https:\/\/cungtenhanoi.com\/wp-content\/uploads\/2021\/07\/69cfd249-f011-476c-8100-8caf917000d9.__CR00600600_PT0_SX300_V1___-45x45.jpg 45w\" sizes=\"(max-width: 300px) 100vw, 300px\" \/><img loading=\"lazy\" class=\"size-full wp-image-1869 aligncenter\" src=\"https:\/\/cungtenhanoi.com\/wp-content\/uploads\/2021\/07\/93d16ce6-268e-44b5-9a83-620951e87fd2.__CR00600600_PT0_SX220_V1___.jpg\" alt=\"\" width=\"220\" height=\"220\" srcset=\"https:\/\/cungtenhanoi.com\/wp-content\/uploads\/2021\/07\/93d16ce6-268e-44b5-9a83-620951e87fd2.__CR00600600_PT0_SX220_V1___.jpg 220w, https:\/\/cungtenhanoi.com\/wp-content\/uploads\/2021\/07\/93d16ce6-268e-44b5-9a83-620951e87fd2.__CR00600600_PT0_SX220_V1___-100x100.jpg 100w, https:\/\/cungtenhanoi.com\/wp-content\/uploads\/2021\/07\/93d16ce6-268e-44b5-9a83-620951e87fd2.__CR00600600_PT0_SX220_V1___-64x64.jpg 64w, https:\/\/cungtenhanoi.com\/wp-content\/uploads\/2021\/07\/93d16ce6-268e-44b5-9a83-620951e87fd2.__CR00600600_PT0_SX220_V1___-150x150.jpg 150w, https:\/\/cungtenhanoi.com\/wp-content\/uploads\/2021\/07\/93d16ce6-268e-44b5-9a83-620951e87fd2.__CR00600600_PT0_SX220_V1___-180x180.jpg 180w, https:\/\/cungtenhanoi.com\/wp-content\/uploads\/2021\/07\/93d16ce6-268e-44b5-9a83-620951e87fd2.__CR00600600_PT0_SX220_V1___-45x45.jpg 45w\" sizes=\"(max-width: 220px) 100vw, 220px\" \/><img loading=\"lazy\" class=\"size-full wp-image-1870 aligncenter\" src=\"https:\/\/cungtenhanoi.com\/wp-content\/uploads\/2021\/07\/419s-cf9ejL._AC_.jpg\" alt=\"\" width=\"500\" height=\"333\" srcset=\"https:\/\/cungtenhanoi.com\/wp-content\/uploads\/2021\/07\/419s-cf9ejL._AC_.jpg 500w, https:\/\/cungtenhanoi.com\/wp-content\/uploads\/2021\/07\/419s-cf9ejL._AC_-64x43.jpg 64w\" sizes=\"(max-width: 500px) 100vw, 500px\" \/><img loading=\"lazy\" class=\" wp-image-1873 aligncenter\" src=\"https:\/\/cungtenhanoi.com\/wp-content\/uploads\/2021\/07\/O1CN01FXrOB123Spzk1TnRf_2099847255.jpg\" alt=\"\" width=\"499\" height=\"499\" srcset=\"https:\/\/cungtenhanoi.com\/wp-content\/uploads\/2021\/07\/O1CN01FXrOB123Spzk1TnRf_2099847255.jpg 800w, https:\/\/cungtenhanoi.com\/wp-content\/uploads\/2021\/07\/O1CN01FXrOB123Spzk1TnRf_2099847255-300x300.jpg 300w, https:\/\/cungtenhanoi.com\/wp-content\/uploads\/2021\/07\/O1CN01FXrOB123Spzk1TnRf_2099847255-100x100.jpg 100w, https:\/\/cungtenhanoi.com\/wp-content\/uploads\/2021\/07\/O1CN01FXrOB123Spzk1TnRf_2099847255-600x600.jpg 600w, https:\/\/cungtenhanoi.com\/wp-content\/uploads\/2021\/07\/O1CN01FXrOB123Spzk1TnRf_2099847255-64x64.jpg 64w\" sizes=\"(max-width: 499px) 100vw, 499px\" \/> <img loading=\"lazy\" class=\" wp-image-1874 aligncenter\" src=\"https:\/\/cungtenhanoi.com\/wp-content\/uploads\/2021\/07\/O1CN013zn7rG23SpzmVxwqj_2099847255.jpg\" alt=\"\" width=\"497\" height=\"497\" srcset=\"https:\/\/cungtenhanoi.com\/wp-content\/uploads\/2021\/07\/O1CN013zn7rG23SpzmVxwqj_2099847255.jpg 800w, https:\/\/cungtenhanoi.com\/wp-content\/uploads\/2021\/07\/O1CN013zn7rG23SpzmVxwqj_2099847255-300x300.jpg 300w, https:\/\/cungtenhanoi.com\/wp-content\/uploads\/2021\/07\/O1CN013zn7rG23SpzmVxwqj_2099847255-100x100.jpg 100w, https:\/\/cungtenhanoi.com\/wp-content\/uploads\/2021\/07\/O1CN013zn7rG23SpzmVxwqj_2099847255-600x600.jpg 600w, https:\/\/cungtenhanoi.com\/wp-content\/uploads\/2021\/07\/O1CN013zn7rG23SpzmVxwqj_2099847255-64x64.jpg 64w, https:\/\/cungtenhanoi.com\/wp-content\/uploads\/2021\/07\/O1CN013zn7rG23SpzmVxwqj_2099847255-150x150.jpg 150w, https:\/\/cungtenhanoi.com\/wp-content\/uploads\/2021\/07\/O1CN013zn7rG23SpzmVxwqj_2099847255-768x768.jpg 768w, https:\/\/cungtenhanoi.com\/wp-content\/uploads\/2021\/07\/O1CN013zn7rG23SpzmVxwqj_2099847255-180x180.jpg 180w, https:\/\/cungtenhanoi.com\/wp-content\/uploads\/2021\/07\/O1CN013zn7rG23SpzmVxwqj_2099847255-45x45.jpg 45w\" sizes=\"(max-width: 497px) 100vw, 497px\" \/><\/p>\n","protected":false},"excerpt":{"rendered":"<p>\u00a0CBE l\u00e0 m\u1ed9t th\u01b0\u01a1ng hi\u1ec7u c\u1ee7a M\u1ef9 \u0111\u00e3 \u0111\u01b0\u1ee3c th\u1ecb tr\u01b0\u1eddng n\u01b0\u1edbc ngo\u00e0i v\u00e0 gi\u1edbi b\u1eafn cung c\u00f4ng nh\u1eadn ch\u1ec9 trong m\u1ed9t n\u0103m sau khi ra m\u1eaft v\u00e0 nhanh ch\u00f3ng tr\u1edf n\u00ean ph\u1ed5 bi\u1ebfn. S\u1ea3n ph\u1ea9m ch\u00ednh c\u1ee7a CBE l\u00e0 nghi\u00ean c\u1ee9u v\u00e0 ph\u00e1t tri\u1ec3n c\u00e1c s\u1ea3n ph\u1ea9m thanh c\u00e2n b\u1eb1ng v\u00e0 d\u00f2ng s\u1ea3n ph\u1ea9m<\/p>\n","protected":false},"featured_media":1870,"comment_status":"open","ping_status":"closed","template":"","meta":[],"product_cat":[20],"product_tag":[198,426,413,86,257,425,383,224],"acf":[],"yoast_head":"<!-- This site is optimized with the Yoast SEO plugin v19.8 - https:\/\/yoast.com\/wordpress\/plugins\/seo\/ -->\n<title>Th\u01b0\u1edbc ng\u1eafm CBE Engage Hybri - Cung T\u00ean H\u00e0 N\u1ed9i<\/title>\n<meta name=\"description\" content=\"Mua cung t\u00ean th\u1ec3 thao, Mua cung t\u00ean t\u1ea1i h\u00e0 n\u1ed9i, Cung tr\u1ee3 l\u1ef1c, Cung compound, Cung t\u00ean ch\u00ednh h\u00e3ng, , Cung t\u00ean h\u00e0 n\u1ed9i, Cung t\u00ean , Mua cung t\u00ean S\u00e0i g\u00f2n , Mua m\u0169i t\u00ean b\u1eafn cung , Cung b\u1eafn bi s\u1eaft , cung t\u00ean mini, Cung truy\u1ec1n th\u1ed1ng, Cung c\u1ed5 \u0111i\u1ec3n, Cung trang tr\u00ed, Cung tr\u01b0ng b\u00e0y, cung t\u00ean m\u1ea1nh, mua ph\u1ee5 ki\u1ec7n b\u1eafn cung, m\u0169i t\u00ean, m\u0169i t\u00ean cacbon, eston x10, ch\u1ed1ng rung, th\u0103ng b\u1eb1ng, stabilizer, sight, th\u01b0\u1edbc ng\u1eafm\" \/>\n<meta name=\"robots\" content=\"index, follow, max-snippet:-1, max-image-preview:large, max-video-preview:-1\" \/>\n<link rel=\"canonical\" href=\"https:\/\/cungtenhanoi.com\/?product=thuoc-ngam-cbe-engage-hybri\" \/>\n<meta property=\"og:locale\" content=\"vi_VN\" \/>\n<meta property=\"og:type\" content=\"article\" \/>\n<meta property=\"og:title\" content=\"Th\u01b0\u1edbc ng\u1eafm CBE\" \/>\n<meta property=\"og:description\" content=\"Th\u01b0\u1edbc ng\u1eafm b\u1eafn cung - cung t\u00ean H\u00e0 N\u1ed9i\" \/>\n<meta property=\"og:url\" content=\"https:\/\/cungtenhanoi.com\/?product=thuoc-ngam-cbe-engage-hybri\" \/>\n<meta property=\"og:site_name\" content=\"Cung T\u00ean H\u00e0 N\u1ed9i\" \/>\n<meta property=\"article:modified_time\" content=\"2025-05-11T16:10:38+00:00\" \/>\n<meta property=\"og:image\" content=\"https:\/\/cungtenhanoi.com\/wp-content\/uploads\/2022\/03\/axcel-sight-scaled.jpg\" \/>\n\t<meta property=\"og:image:width\" content=\"2560\" \/>\n\t<meta property=\"og:image:height\" content=\"2180\" \/>\n\t<meta property=\"og:image:type\" content=\"image\/jpeg\" \/>\n<meta name=\"twitter:card\" content=\"summary_large_image\" \/>\n<meta name=\"twitter:label1\" content=\"\u01af\u1edbc t\u00ednh th\u1eddi gian \u0111\u1ecdc\" \/>\n\t<meta name=\"twitter:data1\" content=\"3 ph\u00fat\" \/>\n<script type=\"application\/ld+json\" class=\"yoast-schema-graph\">{\"@context\":\"https:\/\/schema.org\",\"@graph\":[{\"@type\":\"WebPage\",\"@id\":\"https:\/\/cungtenhanoi.com\/?product=thuoc-ngam-cbe-engage-hybri\",\"url\":\"https:\/\/cungtenhanoi.com\/?product=thuoc-ngam-cbe-engage-hybri\",\"name\":\"Th\u01b0\u1edbc ng\u1eafm CBE Engage Hybri - Cung T\u00ean H\u00e0 N\u1ed9i\",\"isPartOf\":{\"@id\":\"https:\/\/cungtenhanoi.com\/#website\"},\"datePublished\":\"2021-07-14T12:08:50+00:00\",\"dateModified\":\"2025-05-11T16:10:38+00:00\",\"description\":\"Mua cung t\u00ean th\u1ec3 thao, Mua cung t\u00ean t\u1ea1i h\u00e0 n\u1ed9i, Cung tr\u1ee3 l\u1ef1c, Cung compound, Cung t\u00ean ch\u00ednh h\u00e3ng, , Cung t\u00ean h\u00e0 n\u1ed9i, Cung t\u00ean , Mua cung t\u00ean S\u00e0i g\u00f2n , Mua m\u0169i t\u00ean b\u1eafn cung , Cung b\u1eafn bi s\u1eaft , cung t\u00ean mini, Cung truy\u1ec1n th\u1ed1ng, Cung c\u1ed5 \u0111i\u1ec3n, Cung trang tr\u00ed, Cung tr\u01b0ng b\u00e0y, cung t\u00ean m\u1ea1nh, mua ph\u1ee5 ki\u1ec7n b\u1eafn cung, m\u0169i t\u00ean, m\u0169i t\u00ean cacbon, eston x10, ch\u1ed1ng rung, th\u0103ng b\u1eb1ng, stabilizer, sight, th\u01b0\u1edbc ng\u1eafm\",\"breadcrumb\":{\"@id\":\"https:\/\/cungtenhanoi.com\/?product=thuoc-ngam-cbe-engage-hybri#breadcrumb\"},\"inLanguage\":\"vi\",\"potentialAction\":[{\"@type\":\"ReadAction\",\"target\":[\"https:\/\/cungtenhanoi.com\/?product=thuoc-ngam-cbe-engage-hybri\"]}]},{\"@type\":\"BreadcrumbList\",\"@id\":\"https:\/\/cungtenhanoi.com\/?product=thuoc-ngam-cbe-engage-hybri#breadcrumb\",\"itemListElement\":[{\"@type\":\"ListItem\",\"position\":1,\"name\":\"Trang ch\u1ee7\",\"item\":\"https:\/\/cungtenhanoi.com\/\"},{\"@type\":\"ListItem\",\"position\":2,\"name\":\"Shop\",\"item\":\"https:\/\/cungtenhanoi.com\/?page_id=6\"},{\"@type\":\"ListItem\",\"position\":3,\"name\":\"Ph\u1ee5 ki\u1ec7n\",\"item\":\"https:\/\/cungtenhanoi.com\/danh-muc\/phu-kien\/\"},{\"@type\":\"ListItem\",\"position\":4,\"name\":\"Th\u01b0\u1edbc ng\u1eafm CBE Engage Hybri\"}]},{\"@type\":\"WebSite\",\"@id\":\"https:\/\/cungtenhanoi.com\/#website\",\"url\":\"https:\/\/cungtenhanoi.com\/\",\"name\":\"Cung T\u00ean H\u00e0 N\u1ed9i\",\"description\":\"Cung c\u1ea5p c\u00e1c lo\u1ea1i cung t\u00ean th\u1ec3 thao s\u1ed1 1 Vi\u1ec7t Nam\",\"publisher\":{\"@id\":\"https:\/\/cungtenhanoi.com\/#organization\"},\"potentialAction\":[{\"@type\":\"SearchAction\",\"target\":{\"@type\":\"EntryPoint\",\"urlTemplate\":\"https:\/\/cungtenhanoi.com\/?s={search_term_string}\"},\"query-input\":\"required name=search_term_string\"}],\"inLanguage\":\"vi\"},{\"@type\":\"Organization\",\"@id\":\"https:\/\/cungtenhanoi.com\/#organization\",\"name\":\"Cung T\u00ean H\u00e0 N\u1ed9i\",\"url\":\"https:\/\/cungtenhanoi.com\/\",\"sameAs\":[],\"logo\":{\"@type\":\"ImageObject\",\"inLanguage\":\"vi\",\"@id\":\"https:\/\/cungtenhanoi.com\/#\/schema\/logo\/image\/\",\"url\":\"https:\/\/cungtenhanoi.com\/wp-content\/uploads\/2025\/05\/logo-den-trang.jpg\",\"contentUrl\":\"https:\/\/cungtenhanoi.com\/wp-content\/uploads\/2025\/05\/logo-den-trang.jpg\",\"width\":450,\"height\":450,\"caption\":\"Cung T\u00ean H\u00e0 N\u1ed9i\"},\"image\":{\"@id\":\"https:\/\/cungtenhanoi.com\/#\/schema\/logo\/image\/\"}}]}<\/script>\n<!-- \/ Yoast SEO plugin. -->","yoast_head_json":{"title":"Th\u01b0\u1edbc ng\u1eafm CBE Engage Hybri - Cung T\u00ean H\u00e0 N\u1ed9i","description":"Mua cung t\u00ean th\u1ec3 thao, Mua cung t\u00ean t\u1ea1i h\u00e0 n\u1ed9i, Cung tr\u1ee3 l\u1ef1c, Cung compound, Cung t\u00ean ch\u00ednh h\u00e3ng, , Cung t\u00ean h\u00e0 n\u1ed9i, Cung t\u00ean , Mua cung t\u00ean S\u00e0i g\u00f2n , Mua m\u0169i t\u00ean b\u1eafn cung , Cung b\u1eafn bi s\u1eaft , cung t\u00ean mini, Cung truy\u1ec1n th\u1ed1ng, Cung c\u1ed5 \u0111i\u1ec3n, Cung trang tr\u00ed, Cung tr\u01b0ng b\u00e0y, cung t\u00ean m\u1ea1nh, mua ph\u1ee5 ki\u1ec7n b\u1eafn cung, m\u0169i t\u00ean, m\u0169i t\u00ean cacbon, eston x10, ch\u1ed1ng rung, th\u0103ng b\u1eb1ng, stabilizer, sight, th\u01b0\u1edbc ng\u1eafm","robots":{"index":"index","follow":"follow","max-snippet":"max-snippet:-1","max-image-preview":"max-image-preview:large","max-video-preview":"max-video-preview:-1"},"canonical":"https:\/\/cungtenhanoi.com\/?product=thuoc-ngam-cbe-engage-hybri","og_locale":"vi_VN","og_type":"article","og_title":"Th\u01b0\u1edbc ng\u1eafm CBE","og_description":"Th\u01b0\u1edbc ng\u1eafm b\u1eafn cung - cung t\u00ean H\u00e0 N\u1ed9i","og_url":"https:\/\/cungtenhanoi.com\/?product=thuoc-ngam-cbe-engage-hybri","og_site_name":"Cung T\u00ean H\u00e0 N\u1ed9i","article_modified_time":"2025-05-11T16:10:38+00:00","og_image":[{"width":2560,"height":2180,"url":"https:\/\/cungtenhanoi.com\/wp-content\/uploads\/2022\/03\/axcel-sight-scaled.jpg","type":"image\/jpeg"}],"twitter_card":"summary_large_image","twitter_misc":{"\u01af\u1edbc t\u00ednh th\u1eddi gian \u0111\u1ecdc":"3 ph\u00fat"},"schema":{"@context":"https:\/\/schema.org","@graph":[{"@type":"WebPage","@id":"https:\/\/cungtenhanoi.com\/?product=thuoc-ngam-cbe-engage-hybri","url":"https:\/\/cungtenhanoi.com\/?product=thuoc-ngam-cbe-engage-hybri","name":"Th\u01b0\u1edbc ng\u1eafm CBE Engage Hybri - Cung T\u00ean H\u00e0 N\u1ed9i","isPartOf":{"@id":"https:\/\/cungtenhanoi.com\/#website"},"datePublished":"2021-07-14T12:08:50+00:00","dateModified":"2025-05-11T16:10:38+00:00","description":"Mua cung t\u00ean th\u1ec3 thao, Mua cung t\u00ean t\u1ea1i h\u00e0 n\u1ed9i, Cung tr\u1ee3 l\u1ef1c, Cung compound, Cung t\u00ean ch\u00ednh h\u00e3ng, , Cung t\u00ean h\u00e0 n\u1ed9i, Cung t\u00ean , Mua cung t\u00ean S\u00e0i g\u00f2n , Mua m\u0169i t\u00ean b\u1eafn cung , Cung b\u1eafn bi s\u1eaft , cung t\u00ean mini, Cung truy\u1ec1n th\u1ed1ng, Cung c\u1ed5 \u0111i\u1ec3n, Cung trang tr\u00ed, Cung tr\u01b0ng b\u00e0y, cung t\u00ean m\u1ea1nh, mua ph\u1ee5 ki\u1ec7n b\u1eafn cung, m\u0169i t\u00ean, m\u0169i t\u00ean cacbon, eston x10, ch\u1ed1ng rung, th\u0103ng b\u1eb1ng, stabilizer, sight, th\u01b0\u1edbc ng\u1eafm","breadcrumb":{"@id":"https:\/\/cungtenhanoi.com\/?product=thuoc-ngam-cbe-engage-hybri#breadcrumb"},"inLanguage":"vi","potentialAction":[{"@type":"ReadAction","target":["https:\/\/cungtenhanoi.com\/?product=thuoc-ngam-cbe-engage-hybri"]}]},{"@type":"BreadcrumbList","@id":"https:\/\/cungtenhanoi.com\/?product=thuoc-ngam-cbe-engage-hybri#breadcrumb","itemListElement":[{"@type":"ListItem","position":1,"name":"Trang ch\u1ee7","item":"https:\/\/cungtenhanoi.com\/"},{"@type":"ListItem","position":2,"name":"Shop","item":"https:\/\/cungtenhanoi.com\/?page_id=6"},{"@type":"ListItem","position":3,"name":"Ph\u1ee5 ki\u1ec7n","item":"https:\/\/cungtenhanoi.com\/danh-muc\/phu-kien\/"},{"@type":"ListItem","position":4,"name":"Th\u01b0\u1edbc ng\u1eafm CBE Engage Hybri"}]},{"@type":"WebSite","@id":"https:\/\/cungtenhanoi.com\/#website","url":"https:\/\/cungtenhanoi.com\/","name":"Cung T\u00ean H\u00e0 N\u1ed9i","description":"Cung c\u1ea5p c\u00e1c lo\u1ea1i cung t\u00ean th\u1ec3 thao s\u1ed1 1 Vi\u1ec7t Nam","publisher":{"@id":"https:\/\/cungtenhanoi.com\/#organization"},"potentialAction":[{"@type":"SearchAction","target":{"@type":"EntryPoint","urlTemplate":"https:\/\/cungtenhanoi.com\/?s={search_term_string}"},"query-input":"required name=search_term_string"}],"inLanguage":"vi"},{"@type":"Organization","@id":"https:\/\/cungtenhanoi.com\/#organization","name":"Cung T\u00ean H\u00e0 N\u1ed9i","url":"https:\/\/cungtenhanoi.com\/","sameAs":[],"logo":{"@type":"ImageObject","inLanguage":"vi","@id":"https:\/\/cungtenhanoi.com\/#\/schema\/logo\/image\/","url":"https:\/\/cungtenhanoi.com\/wp-content\/uploads\/2025\/05\/logo-den-trang.jpg","contentUrl":"https:\/\/cungtenhanoi.com\/wp-content\/uploads\/2025\/05\/logo-den-trang.jpg","width":450,"height":450,"caption":"Cung T\u00ean H\u00e0 N\u1ed9i"},"image":{"@id":"https:\/\/cungtenhanoi.com\/#\/schema\/logo\/image\/"}}]}},"_links":{"self":[{"href":"https:\/\/cungtenhanoi.com\/index.php?rest_route=\/wp\/v2\/product\/1866"}],"collection":[{"href":"https:\/\/cungtenhanoi.com\/index.php?rest_route=\/wp\/v2\/product"}],"about":[{"href":"https:\/\/cungtenhanoi.com\/index.php?rest_route=\/wp\/v2\/types\/product"}],"replies":[{"embeddable":true,"href":"https:\/\/cungtenhanoi.com\/index.php?rest_route=%2Fwp%2Fv2%2Fcomments&post=1866"}],"wp:featuredmedia":[{"embeddable":true,"href":"https:\/\/cungtenhanoi.com\/index.php?rest_route=\/wp\/v2\/media\/1870"}],"wp:attachment":[{"href":"https:\/\/cungtenhanoi.com\/index.php?rest_route=%2Fwp%2Fv2%2Fmedia&parent=1866"}],"wp:term":[{"taxonomy":"product_cat","embeddable":true,"href":"https:\/\/cungtenhanoi.com\/index.php?rest_route=%2Fwp%2Fv2%2Fproduct_cat&post=1866"},{"taxonomy":"product_tag","embeddable":true,"href":"https:\/\/cungtenhanoi.com\/index.php?rest_route=%2Fwp%2Fv2%2Fproduct_tag&post=1866"}],"curies":[{"name":"wp","href":"https:\/\/api.w.org\/{rel}","templated":true}]}}