{"id":1876,"date":"2021-07-14T20:11:11","date_gmt":"2021-07-14T13:11:11","guid":{"rendered":"https:\/\/cungtenhanoi.com\/?post_type=product&#038;p=1876"},"modified":"2025-05-11T22:20:19","modified_gmt":"2025-05-11T15:20:19","slug":"kim-bam-sanlida-x10","status":"publish","type":"product","link":"https:\/\/cungtenhanoi.com\/?product=kim-bam-sanlida-x10","title":{"rendered":"K\u00ecm b\u1ea5m Sanlida X10"},"content":{"rendered":"<p style=\"text-align: center;\">K\u00ecm b\u1ea5m Sanlida X10 n\u1eb1m trong t\u1ed5 h\u1ee3p cung t\u00ean v\u00e0 ph\u1ee5 ki\u1ec7n X10 c\u1ee7a Sanlida<br \/>\nT\u1eadp trung cho d\u00f2ng cung target mang l\u1ea1i \u0111\u1ed9 \u1ed5n \u0111\u1ecbnh c\u1ef1c cao, s\u1ebd kh\u00f4ng ph\u1ea3i b\u00e0n qu\u00e1 nhi\u1ec1u v\u1ec1 ch\u1ea5t l\u01b0\u1ee3ng<br \/>\nK\u00ecm c\u1eaft CNC r\u1ea5t ch\u1eafc ch\u1eafn v\u00e0 \u1ed5n \u0111\u1ecbnh<img loading=\"lazy\" class=\"aligncenter size-full wp-image-1886\" src=\"https:\/\/cungtenhanoi.com\/wp-content\/uploads\/2021\/07\/O1CN01M9QqCs1w1dF6ySROL_2759166248-2.jpg_430x430q90-2.jpg\" alt=\"\" width=\"430\" height=\"430\" srcset=\"https:\/\/cungtenhanoi.com\/wp-content\/uploads\/2021\/07\/O1CN01M9QqCs1w1dF6ySROL_2759166248-2.jpg_430x430q90-2.jpg 430w, https:\/\/cungtenhanoi.com\/wp-content\/uploads\/2021\/07\/O1CN01M9QqCs1w1dF6ySROL_2759166248-2.jpg_430x430q90-2-300x300.jpg 300w, https:\/\/cungtenhanoi.com\/wp-content\/uploads\/2021\/07\/O1CN01M9QqCs1w1dF6ySROL_2759166248-2.jpg_430x430q90-2-100x100.jpg 100w, https:\/\/cungtenhanoi.com\/wp-content\/uploads\/2021\/07\/O1CN01M9QqCs1w1dF6ySROL_2759166248-2.jpg_430x430q90-2-64x64.jpg 64w\" sizes=\"(max-width: 430px) 100vw, 430px\" \/><br \/>\n<img loading=\"lazy\" class=\"aligncenter  wp-image-1881\" src=\"https:\/\/cungtenhanoi.com\/wp-content\/uploads\/2021\/07\/O1CN01Ei6F3d1w1dEo2bhvb_2759166248.jpg\" alt=\"\" width=\"438\" height=\"528\" srcset=\"https:\/\/cungtenhanoi.com\/wp-content\/uploads\/2021\/07\/O1CN01Ei6F3d1w1dEo2bhvb_2759166248.jpg 579w, https:\/\/cungtenhanoi.com\/wp-content\/uploads\/2021\/07\/O1CN01Ei6F3d1w1dEo2bhvb_2759166248-64x77.jpg 64w, https:\/\/cungtenhanoi.com\/wp-content\/uploads\/2021\/07\/O1CN01Ei6F3d1w1dEo2bhvb_2759166248-249x300.jpg 249w\" sizes=\"(max-width: 438px) 100vw, 438px\" \/> <img loading=\"lazy\" class=\"aligncenter  wp-image-1882\" src=\"https:\/\/cungtenhanoi.com\/wp-content\/uploads\/2021\/07\/O1CN01FheOzZ1w1dEo4mFnX_2759166248.jpg\" alt=\"\" width=\"441\" height=\"313\" srcset=\"https:\/\/cungtenhanoi.com\/wp-content\/uploads\/2021\/07\/O1CN01FheOzZ1w1dEo4mFnX_2759166248.jpg 749w, https:\/\/cungtenhanoi.com\/wp-content\/uploads\/2021\/07\/O1CN01FheOzZ1w1dEo4mFnX_2759166248-600x425.jpg 600w, https:\/\/cungtenhanoi.com\/wp-content\/uploads\/2021\/07\/O1CN01FheOzZ1w1dEo4mFnX_2759166248-64x45.jpg 64w, https:\/\/cungtenhanoi.com\/wp-content\/uploads\/2021\/07\/O1CN01FheOzZ1w1dEo4mFnX_2759166248-300x213.jpg 300w\" sizes=\"(max-width: 441px) 100vw, 441px\" \/> <img loading=\"lazy\" class=\"aligncenter  wp-image-1883\" src=\"https:\/\/cungtenhanoi.com\/wp-content\/uploads\/2021\/07\/O1CN01q3d4tl1w1dEkXKB06_2759166248.jpg\" alt=\"\" width=\"447\" height=\"797\" srcset=\"https:\/\/cungtenhanoi.com\/wp-content\/uploads\/2021\/07\/O1CN01q3d4tl1w1dEkXKB06_2759166248.jpg 750w, https:\/\/cungtenhanoi.com\/wp-content\/uploads\/2021\/07\/O1CN01q3d4tl1w1dEkXKB06_2759166248-600x1069.jpg 600w, https:\/\/cungtenhanoi.com\/wp-content\/uploads\/2021\/07\/O1CN01q3d4tl1w1dEkXKB06_2759166248-64x114.jpg 64w, https:\/\/cungtenhanoi.com\/wp-content\/uploads\/2021\/07\/O1CN01q3d4tl1w1dEkXKB06_2759166248-168x300.jpg 168w, https:\/\/cungtenhanoi.com\/wp-content\/uploads\/2021\/07\/O1CN01q3d4tl1w1dEkXKB06_2759166248-575x1024.jpg 575w\" sizes=\"(max-width: 447px) 100vw, 447px\" \/> <img loading=\"lazy\" class=\"aligncenter  wp-image-1884\" src=\"https:\/\/cungtenhanoi.com\/wp-content\/uploads\/2021\/07\/O1CN01XYz42j1w1dEsDizvn_2759166248.jpg\" alt=\"\" width=\"447\" height=\"735\" srcset=\"https:\/\/cungtenhanoi.com\/wp-content\/uploads\/2021\/07\/O1CN01XYz42j1w1dEsDizvn_2759166248.jpg 750w, https:\/\/cungtenhanoi.com\/wp-content\/uploads\/2021\/07\/O1CN01XYz42j1w1dEsDizvn_2759166248-600x986.jpg 600w, https:\/\/cungtenhanoi.com\/wp-content\/uploads\/2021\/07\/O1CN01XYz42j1w1dEsDizvn_2759166248-64x105.jpg 64w\" sizes=\"(max-width: 447px) 100vw, 447px\" \/><\/p>\n","protected":false},"excerpt":{"rendered":"<p>K\u00ecm b\u1ea5m Sanlida X10 n\u1eb1m trong t\u1ed5 h\u1ee3p cung t\u00ean v\u00e0 ph\u1ee5 ki\u1ec7n X10 c\u1ee7a Sanlida T\u1eadp trung cho d\u00f2ng cung target mang l\u1ea1i \u0111\u1ed9 \u1ed5n \u0111\u1ecbnh c\u1ef1c cao, s\u1ebd kh\u00f4ng ph\u1ea3i b\u00e0n qu\u00e1 nhi\u1ec1u v\u1ec1 ch\u1ea5t l\u01b0\u1ee3ng K\u00ecm c\u1eaft CNC r\u1ea5t ch\u1eafc ch\u1eafn v\u00e0 \u1ed5n \u0111\u1ecbnh<\/p>\n","protected":false},"featured_media":1886,"comment_status":"open","ping_status":"closed","template":"","meta":[],"product_cat":[20],"product_tag":[413,257,264,123,414,254,415],"acf":[],"yoast_head":"<!-- This site is optimized with the Yoast SEO plugin v19.8 - https:\/\/yoast.com\/wordpress\/plugins\/seo\/ -->\n<title>K\u00ecm b\u1ea5m Sanlida X10 - Cung T\u00ean H\u00e0 N\u1ed9i<\/title>\n<meta name=\"description\" content=\"Mua cung t\u00ean th\u1ec3 thao, Mua cung t\u00ean t\u1ea1i h\u00e0 n\u1ed9i, Cung tr\u1ee3 l\u1ef1c, Cung compound, Cung t\u00ean ch\u00ednh h\u00e3ng, , Cung t\u00ean h\u00e0 n\u1ed9i, Cung t\u00ean , Mua cung t\u00ean S\u00e0i g\u00f2n , Mua m\u0169i t\u00ean b\u1eafn cung , Cung b\u1eafn bi s\u1eaft , cung t\u00ean mini, Cung truy\u1ec1n th\u1ed1ng, Cung c\u1ed5 \u0111i\u1ec3n, Cung trang tr\u00ed, Cung tr\u01b0ng b\u00e0y, cung t\u00ean m\u1ea1nh, mua ph\u1ee5 ki\u1ec7n b\u1eafn cung, m\u0169i t\u00ean, m\u0169i t\u00ean cacbon, eston x10, ch\u1ed1ng rung, th\u0103ng b\u1eb1ng, stabilizer, k\u00ecm b\u1ea5m , c\u00f2 b\u1eafn cung, X10 ,\" \/>\n<meta name=\"robots\" content=\"index, follow, max-snippet:-1, max-image-preview:large, max-video-preview:-1\" \/>\n<link rel=\"canonical\" href=\"https:\/\/cungtenhanoi.com\/?product=kim-bam-sanlida-x10\" \/>\n<meta property=\"og:locale\" content=\"vi_VN\" \/>\n<meta property=\"og:type\" content=\"article\" \/>\n<meta property=\"og:title\" content=\"K\u00ecm b\u1ea5m Sanlida x10\" \/>\n<meta property=\"og:description\" content=\"K\u00ecm b\u1eafn cung compound Sanlida X10 mua h\u00e0ng ch\u00ednh h\u00e3ng t\u1ea1i Cung t\u00ean H\u00e0 N\u1ed9i\" \/>\n<meta property=\"og:url\" content=\"https:\/\/cungtenhanoi.com\/?product=kim-bam-sanlida-x10\" \/>\n<meta property=\"og:site_name\" content=\"Cung T\u00ean H\u00e0 N\u1ed9i\" \/>\n<meta property=\"article:modified_time\" content=\"2025-05-11T15:20:19+00:00\" \/>\n<meta property=\"og:image\" content=\"https:\/\/cungtenhanoi.com\/wp-content\/uploads\/2021\/07\/O1CN01M9QqCs1w1dF6ySROL_2759166248-2-1.jpg_430x430q90-2-1.jpg\" \/>\n\t<meta property=\"og:image:width\" content=\"430\" \/>\n\t<meta property=\"og:image:height\" content=\"430\" \/>\n\t<meta property=\"og:image:type\" content=\"image\/jpeg\" \/>\n<meta name=\"twitter:card\" content=\"summary_large_image\" \/>\n<meta name=\"twitter:label1\" content=\"\u01af\u1edbc t\u00ednh th\u1eddi gian \u0111\u1ecdc\" \/>\n\t<meta name=\"twitter:data1\" content=\"2 ph\u00fat\" \/>\n<script type=\"application\/ld+json\" class=\"yoast-schema-graph\">{\"@context\":\"https:\/\/schema.org\",\"@graph\":[{\"@type\":\"WebPage\",\"@id\":\"https:\/\/cungtenhanoi.com\/?product=kim-bam-sanlida-x10\",\"url\":\"https:\/\/cungtenhanoi.com\/?product=kim-bam-sanlida-x10\",\"name\":\"K\u00ecm b\u1ea5m Sanlida X10 - Cung T\u00ean H\u00e0 N\u1ed9i\",\"isPartOf\":{\"@id\":\"https:\/\/cungtenhanoi.com\/#website\"},\"datePublished\":\"2021-07-14T13:11:11+00:00\",\"dateModified\":\"2025-05-11T15:20:19+00:00\",\"description\":\"Mua cung t\u00ean th\u1ec3 thao, Mua cung t\u00ean t\u1ea1i h\u00e0 n\u1ed9i, Cung tr\u1ee3 l\u1ef1c, Cung compound, Cung t\u00ean ch\u00ednh h\u00e3ng, , Cung t\u00ean h\u00e0 n\u1ed9i, Cung t\u00ean , Mua cung t\u00ean S\u00e0i g\u00f2n , Mua m\u0169i t\u00ean b\u1eafn cung , Cung b\u1eafn bi s\u1eaft , cung t\u00ean mini, Cung truy\u1ec1n th\u1ed1ng, Cung c\u1ed5 \u0111i\u1ec3n, Cung trang tr\u00ed, Cung tr\u01b0ng b\u00e0y, cung t\u00ean m\u1ea1nh, mua ph\u1ee5 ki\u1ec7n b\u1eafn cung, m\u0169i t\u00ean, m\u0169i t\u00ean cacbon, eston x10, ch\u1ed1ng rung, th\u0103ng b\u1eb1ng, stabilizer, k\u00ecm b\u1ea5m , c\u00f2 b\u1eafn cung, X10 ,\",\"breadcrumb\":{\"@id\":\"https:\/\/cungtenhanoi.com\/?product=kim-bam-sanlida-x10#breadcrumb\"},\"inLanguage\":\"vi\",\"potentialAction\":[{\"@type\":\"ReadAction\",\"target\":[\"https:\/\/cungtenhanoi.com\/?product=kim-bam-sanlida-x10\"]}]},{\"@type\":\"BreadcrumbList\",\"@id\":\"https:\/\/cungtenhanoi.com\/?product=kim-bam-sanlida-x10#breadcrumb\",\"itemListElement\":[{\"@type\":\"ListItem\",\"position\":1,\"name\":\"Trang ch\u1ee7\",\"item\":\"https:\/\/cungtenhanoi.com\/\"},{\"@type\":\"ListItem\",\"position\":2,\"name\":\"Shop\",\"item\":\"https:\/\/cungtenhanoi.com\/?page_id=6\"},{\"@type\":\"ListItem\",\"position\":3,\"name\":\"Ph\u1ee5 ki\u1ec7n\",\"item\":\"https:\/\/cungtenhanoi.com\/danh-muc\/phu-kien\/\"},{\"@type\":\"ListItem\",\"position\":4,\"name\":\"K\u00ecm b\u1ea5m Sanlida X10\"}]},{\"@type\":\"WebSite\",\"@id\":\"https:\/\/cungtenhanoi.com\/#website\",\"url\":\"https:\/\/cungtenhanoi.com\/\",\"name\":\"Cung T\u00ean H\u00e0 N\u1ed9i\",\"description\":\"Cung c\u1ea5p c\u00e1c lo\u1ea1i cung t\u00ean th\u1ec3 thao s\u1ed1 1 Vi\u1ec7t Nam\",\"publisher\":{\"@id\":\"https:\/\/cungtenhanoi.com\/#organization\"},\"potentialAction\":[{\"@type\":\"SearchAction\",\"target\":{\"@type\":\"EntryPoint\",\"urlTemplate\":\"https:\/\/cungtenhanoi.com\/?s={search_term_string}\"},\"query-input\":\"required name=search_term_string\"}],\"inLanguage\":\"vi\"},{\"@type\":\"Organization\",\"@id\":\"https:\/\/cungtenhanoi.com\/#organization\",\"name\":\"Cung T\u00ean H\u00e0 N\u1ed9i\",\"url\":\"https:\/\/cungtenhanoi.com\/\",\"sameAs\":[],\"logo\":{\"@type\":\"ImageObject\",\"inLanguage\":\"vi\",\"@id\":\"https:\/\/cungtenhanoi.com\/#\/schema\/logo\/image\/\",\"url\":\"https:\/\/cungtenhanoi.com\/wp-content\/uploads\/2025\/05\/logo-den-trang.jpg\",\"contentUrl\":\"https:\/\/cungtenhanoi.com\/wp-content\/uploads\/2025\/05\/logo-den-trang.jpg\",\"width\":450,\"height\":450,\"caption\":\"Cung T\u00ean H\u00e0 N\u1ed9i\"},\"image\":{\"@id\":\"https:\/\/cungtenhanoi.com\/#\/schema\/logo\/image\/\"}}]}<\/script>\n<!-- \/ Yoast SEO plugin. -->","yoast_head_json":{"title":"K\u00ecm b\u1ea5m Sanlida X10 - Cung T\u00ean H\u00e0 N\u1ed9i","description":"Mua cung t\u00ean th\u1ec3 thao, Mua cung t\u00ean t\u1ea1i h\u00e0 n\u1ed9i, Cung tr\u1ee3 l\u1ef1c, Cung compound, Cung t\u00ean ch\u00ednh h\u00e3ng, , Cung t\u00ean h\u00e0 n\u1ed9i, Cung t\u00ean , Mua cung t\u00ean S\u00e0i g\u00f2n , Mua m\u0169i t\u00ean b\u1eafn cung , Cung b\u1eafn bi s\u1eaft , cung t\u00ean mini, Cung truy\u1ec1n th\u1ed1ng, Cung c\u1ed5 \u0111i\u1ec3n, Cung trang tr\u00ed, Cung tr\u01b0ng b\u00e0y, cung t\u00ean m\u1ea1nh, mua ph\u1ee5 ki\u1ec7n b\u1eafn cung, m\u0169i t\u00ean, m\u0169i t\u00ean cacbon, eston x10, ch\u1ed1ng rung, th\u0103ng b\u1eb1ng, stabilizer, k\u00ecm b\u1ea5m , c\u00f2 b\u1eafn cung, X10 ,","robots":{"index":"index","follow":"follow","max-snippet":"max-snippet:-1","max-image-preview":"max-image-preview:large","max-video-preview":"max-video-preview:-1"},"canonical":"https:\/\/cungtenhanoi.com\/?product=kim-bam-sanlida-x10","og_locale":"vi_VN","og_type":"article","og_title":"K\u00ecm b\u1ea5m Sanlida x10","og_description":"K\u00ecm b\u1eafn cung compound Sanlida X10 mua h\u00e0ng ch\u00ednh h\u00e3ng t\u1ea1i Cung t\u00ean H\u00e0 N\u1ed9i","og_url":"https:\/\/cungtenhanoi.com\/?product=kim-bam-sanlida-x10","og_site_name":"Cung T\u00ean H\u00e0 N\u1ed9i","article_modified_time":"2025-05-11T15:20:19+00:00","og_image":[{"width":430,"height":430,"url":"https:\/\/cungtenhanoi.com\/wp-content\/uploads\/2021\/07\/O1CN01M9QqCs1w1dF6ySROL_2759166248-2-1.jpg_430x430q90-2-1.jpg","type":"image\/jpeg"}],"twitter_card":"summary_large_image","twitter_misc":{"\u01af\u1edbc t\u00ednh th\u1eddi gian \u0111\u1ecdc":"2 ph\u00fat"},"schema":{"@context":"https:\/\/schema.org","@graph":[{"@type":"WebPage","@id":"https:\/\/cungtenhanoi.com\/?product=kim-bam-sanlida-x10","url":"https:\/\/cungtenhanoi.com\/?product=kim-bam-sanlida-x10","name":"K\u00ecm b\u1ea5m Sanlida X10 - Cung T\u00ean H\u00e0 N\u1ed9i","isPartOf":{"@id":"https:\/\/cungtenhanoi.com\/#website"},"datePublished":"2021-07-14T13:11:11+00:00","dateModified":"2025-05-11T15:20:19+00:00","description":"Mua cung t\u00ean th\u1ec3 thao, Mua cung t\u00ean t\u1ea1i h\u00e0 n\u1ed9i, Cung tr\u1ee3 l\u1ef1c, Cung compound, Cung t\u00ean ch\u00ednh h\u00e3ng, , Cung t\u00ean h\u00e0 n\u1ed9i, Cung t\u00ean , Mua cung t\u00ean S\u00e0i g\u00f2n , Mua m\u0169i t\u00ean b\u1eafn cung , Cung b\u1eafn bi s\u1eaft , cung t\u00ean mini, Cung truy\u1ec1n th\u1ed1ng, Cung c\u1ed5 \u0111i\u1ec3n, Cung trang tr\u00ed, Cung tr\u01b0ng b\u00e0y, cung t\u00ean m\u1ea1nh, mua ph\u1ee5 ki\u1ec7n b\u1eafn cung, m\u0169i t\u00ean, m\u0169i t\u00ean cacbon, eston x10, ch\u1ed1ng rung, th\u0103ng b\u1eb1ng, stabilizer, k\u00ecm b\u1ea5m , c\u00f2 b\u1eafn cung, X10 ,","breadcrumb":{"@id":"https:\/\/cungtenhanoi.com\/?product=kim-bam-sanlida-x10#breadcrumb"},"inLanguage":"vi","potentialAction":[{"@type":"ReadAction","target":["https:\/\/cungtenhanoi.com\/?product=kim-bam-sanlida-x10"]}]},{"@type":"BreadcrumbList","@id":"https:\/\/cungtenhanoi.com\/?product=kim-bam-sanlida-x10#breadcrumb","itemListElement":[{"@type":"ListItem","position":1,"name":"Trang ch\u1ee7","item":"https:\/\/cungtenhanoi.com\/"},{"@type":"ListItem","position":2,"name":"Shop","item":"https:\/\/cungtenhanoi.com\/?page_id=6"},{"@type":"ListItem","position":3,"name":"Ph\u1ee5 ki\u1ec7n","item":"https:\/\/cungtenhanoi.com\/danh-muc\/phu-kien\/"},{"@type":"ListItem","position":4,"name":"K\u00ecm b\u1ea5m Sanlida X10"}]},{"@type":"WebSite","@id":"https:\/\/cungtenhanoi.com\/#website","url":"https:\/\/cungtenhanoi.com\/","name":"Cung T\u00ean H\u00e0 N\u1ed9i","description":"Cung c\u1ea5p c\u00e1c lo\u1ea1i cung t\u00ean th\u1ec3 thao s\u1ed1 1 Vi\u1ec7t Nam","publisher":{"@id":"https:\/\/cungtenhanoi.com\/#organization"},"potentialAction":[{"@type":"SearchAction","target":{"@type":"EntryPoint","urlTemplate":"https:\/\/cungtenhanoi.com\/?s={search_term_string}"},"query-input":"required name=search_term_string"}],"inLanguage":"vi"},{"@type":"Organization","@id":"https:\/\/cungtenhanoi.com\/#organization","name":"Cung T\u00ean H\u00e0 N\u1ed9i","url":"https:\/\/cungtenhanoi.com\/","sameAs":[],"logo":{"@type":"ImageObject","inLanguage":"vi","@id":"https:\/\/cungtenhanoi.com\/#\/schema\/logo\/image\/","url":"https:\/\/cungtenhanoi.com\/wp-content\/uploads\/2025\/05\/logo-den-trang.jpg","contentUrl":"https:\/\/cungtenhanoi.com\/wp-content\/uploads\/2025\/05\/logo-den-trang.jpg","width":450,"height":450,"caption":"Cung T\u00ean H\u00e0 N\u1ed9i"},"image":{"@id":"https:\/\/cungtenhanoi.com\/#\/schema\/logo\/image\/"}}]}},"_links":{"self":[{"href":"https:\/\/cungtenhanoi.com\/index.php?rest_route=\/wp\/v2\/product\/1876"}],"collection":[{"href":"https:\/\/cungtenhanoi.com\/index.php?rest_route=\/wp\/v2\/product"}],"about":[{"href":"https:\/\/cungtenhanoi.com\/index.php?rest_route=\/wp\/v2\/types\/product"}],"replies":[{"embeddable":true,"href":"https:\/\/cungtenhanoi.com\/index.php?rest_route=%2Fwp%2Fv2%2Fcomments&post=1876"}],"wp:featuredmedia":[{"embeddable":true,"href":"https:\/\/cungtenhanoi.com\/index.php?rest_route=\/wp\/v2\/media\/1886"}],"wp:attachment":[{"href":"https:\/\/cungtenhanoi.com\/index.php?rest_route=%2Fwp%2Fv2%2Fmedia&parent=1876"}],"wp:term":[{"taxonomy":"product_cat","embeddable":true,"href":"https:\/\/cungtenhanoi.com\/index.php?rest_route=%2Fwp%2Fv2%2Fproduct_cat&post=1876"},{"taxonomy":"product_tag","embeddable":true,"href":"https:\/\/cungtenhanoi.com\/index.php?rest_route=%2Fwp%2Fv2%2Fproduct_tag&post=1876"}],"curies":[{"name":"wp","href":"https:\/\/api.w.org\/{rel}","templated":true}]}}